{"id":7521,"date":"2023-03-26T17:20:14","date_gmt":"2023-03-26T17:20:14","guid":{"rendered":"https:\/\/gpdstore.net\/ukategorisert\/gpd-win-max-2-handholdt-spill-pc\/"},"modified":"2026-04-02T03:46:49","modified_gmt":"2026-04-02T03:46:49","slug":"gpd-win-max-2","status":"publish","type":"product","link":"https:\/\/gpdstore.net\/no\/product\/gpd-win-max-2\/","title":{"rendered":"GPD WIN MAX 2 h\u00e5ndholdt spill-PC"},"content":{"rendered":"\n<p>GPD WIN MAX 2, som er tilgjengelig i GPD Store, er en imponerende Ultrabook som kombinerer arbeid og lek i \u00e9n og samme enhet. Denne h\u00e5ndholdte spill-PC-en har en h\u00f8ytytende AMD Ryzen 7 6800U-prosessor med \u00e5tte kjerner og seksten tr\u00e5der, som kan n\u00e5 opp til 4,7 GHz mellom en konfigurerbar 15W-28W TDP. AMD Radeon 680M leverer opptil 2,2 GHz kraft, noe som sikrer jevn grafikk p\u00e5 den 10,1&#8243; IPS-ber\u00f8ringsskjermen.  <\/p>\n\n<p>GPD WIN MAX 2 m\u00e5ler 22,7 \u00d7 16,0 \u00d7 2,3 cm (8,9 x 6,2 x 0,9 tommer) og veier litt over en kilo, og er sv\u00e6rt portabel og f\u00e5r lett plass i en veske eller koffert. Denne h\u00e5ndholdte spill-PC-en st\u00f8tter opptil 32 GB LPDDR5-6400 MT\/s RAM og opptil 2 TB SSD, med et ekstra spor p\u00e5 baksiden for opptil 2 TB m.2 PCIe 3.0 SSD.  <\/p>\n\n<p>GPD WIN MAX 2 er ogs\u00e5 utstyrt med fullstendige spillkontroller, inkludert doble analoge pinner med hall-effektsensor, en gaming D-Pad og hall-effekttriggere. Det er til og med to ekstra knapper p\u00e5 baksiden som kan konfigureres etter eget \u00f8nske. Denne Ultrabook-enheten har ogs\u00e5 rask WiFi 6 og Bluetooth 5.2, med valgfri 4G LTE-st\u00f8tte for mobildata.  <\/p>\n\n<p>GPD WIN MAX 2 drives av et 67Wh Li-polymer-batteri, som gir opptil 14 timer med lett bruk, 6-8 timer med moderat bruk og 3 timer med tung bruk. I tillegg kan du koble til et eksternt grafikkort (eGPU) for enda raskere ytelse, takket v\u00e6re en Thunderbolt 4-port. Det er til og med innebygd HDMI 2.1 for visning p\u00e5 to skjermer.  <\/p>\n\n<p>Alt i alt er GPD WIN MAX 2 en eksepsjonell h\u00e5ndholdt spill-PC som s\u00f8ml\u00f8st veksler mellom arbeid og spill, med en fantastisk batterilevetid. Enten du jobber med krevende kontordokumenter eller koser deg med AAA-favorittspillene dine, har denne ultrabooken det du trenger. <\/p>\n\n<p><\/p>\n","protected":false},"excerpt":{"rendered":"<ul>\n<li>AMD <strong>Ryzen 7 6800U<\/strong> @ 2,7 GHz TDP 15-28 W<\/li>\n<li>AMD Radeon 680M <strong>12 CUs @2200 MHz<\/strong><\/li>\n<li><strong>opptil 32 GB LPDDR5-6400 MT\/s<\/strong><\/li>\n<li><strong>opptil 2 TB<\/strong> h\u00f8yhastighets PCI-E <strong>NVMe<\/strong> SSD<\/li>\n<li>St\u00f8tte for WiFi 6 og Bluetooth <strong>5.2<\/strong>  <\/li>\n<\/ul>\n[cg_accordion title=\"BETALINGSINFORMASJON\"]<\/p>\n<p>Vi bruker den nyeste teknologien innen betalingsbehandling, noe som gj\u00f8r at du kan betale via debet- \/ kredittkort eller PayPal for en rask og sikker opplevelse.[\/cg_accordion]\n[cg_accordion title=\"GARANTI\"]<\/p>\n<p>2 \u00e5rs garanti fra <a href=\"https:\/\/droix.net\/\" target=\"_blank\" rel=\"nofollow noopener\">DROIX Global<\/a> for din sjelefred[\/cg_accordion]\n[cg_accordion title=\"PRISER, AVGIFTER OG FRAKT\"]<\/p>\n<p><strong><u>Merk:<\/u><\/strong><\/p>\n<ul>\n<li>Kunder i USA: Den viste prisen inkluderer IKKE SKATT eller avgifter. Ansvaret for \u00e5 fortolle og betale eventuelle tilknyttede skatter\/avgifter ligger p\u00e5 kunden. <\/li>\n<li>EU-kunder: Den viste prisen inkluderer gjeldende SKATT, som kan v\u00e6re opptil 25 % avhengig av hvilket land du bor i.<\/li>\n<li>Kunder i Canada: Den viste prisen inkluderer gjeldende avgifter, som kan inkludere 5 % GST og ytterligere provinsiell omsetningsavgift (PST), harmonisert omsetningsavgift (HST) eller Quebec Sales Tax (QST), avhengig av provinsen din.<\/li>\n<\/ul>\n<p><strong>KUN for EU-kunder:<\/strong> Express DDP (Delivered Duty Paid). Dette betyr: <\/p>\n<ul>\n<li>Alle tollavgifter og skatter er inkludert i prisen som vises p\u00e5 produktsiden.<\/li>\n<li>Du trenger ikke \u00e5 betale noen ekstra kostnader ved levering.<\/li>\n<li>I sjeldne tilfeller av tollrelaterte problemer vil v\u00e5rt team h\u00e5ndtere fortollingsprosessen p\u00e5 dine vegne for \u00e5 sikre en problemfri leveringsopplevelse.<\/li>\n<p>Viktig informasjon om retur:<\/p>\n<li>Hvis du bestemmer deg for \u00e5 returnere bestillingen eller be om refusjon, m\u00e5 du v\u00e6re oppmerksom p\u00e5 at skatter og avgifter som er betalt p\u00e5 dine vegne i henhold til DDP-vilk\u00e5rene, ikke kan refunderes.<\/li>\n<p>Se v\u00e5re <a href=\"https:\/\/droix.net\/terms-and-conditions\/\" target=\"_blank\" rel=\"nofollow noopener\">vilk\u00e5r og betingelser<\/a> for detaljert informasjon.\n<\/ul>\n<p>[\/cg_accordion]\n[cg_accordion title=\"KUNDEST\u00d8TTE\"]<\/p>\n<p>Har du et sp\u00f8rsm\u00e5l? Vi er bare en kort tekstmelding unna \u00e5 l\u00f8se problemet ditt! <\/p>\n<p>Se v\u00e5re <a href=\"https:\/\/gpdstore.net\/no\/terms-of-service\/\" target=\"_blank\" rel=\"nofollow noopener\">vilk\u00e5r og betingelser<\/a> for detaljert informasjon.\n<\/ul>\n<p>[\/cg_accordion]\n[cg_accordion title=\"HVA SOM ER INKLUDERT\"]<\/p>\n<ul>\n<li>1x GPD WIN MAX 2<\/li>\n<li>1x str\u00f8madapter<\/li>\n<li>1x USB Type-C-kabel<\/li>\n<li>1x brukerh\u00e5ndbok<\/li>\n<\/ul>\n<p>[\/cg_accordion]\n","protected":false},"featured_media":7523,"template":"","meta":{"_acf_changed":false},"product_brand":[],"product_cat":[816],"product_tag":[2217],"woo-feed-brand":[820],"class_list":{"0":"post-7521","1":"product","2":"type-product","3":"status-publish","4":"has-post-thumbnail","6":"product_cat-gpd-handholdt-pc-for-spilling","7":"product_tag-gpd-win-max-2-no","8":"product_shipping_class-premium","9":"pa_bluetooth-5-2-no","10":"pa_display-type-h-ips-no","11":"pa_graphics-gpu-model-radeon-680m-no","12":"pa_i-o-video-1x-hdmi-2-1-no","13":"pa_i-o-video-via-1x-usb-4-0-type-c-40-gb-s","14":"pa_memory-ram-capacity-16-gb-no","15":"pa_memory-ram-capacity-32-gb-no","16":"pa_memory-ram-technology-lpddr5-no","17":"pa_processor-cpu-model-ryzen-7-6800u","18":"pa_storage-capacity-1-tb-no","19":"pa_storage-capacity-2-tb","20":"pa_wi-fi-wi-fi-6-no","21":"woo-feed-brand-gpd-no","23":"first","24":"outofstock","25":"taxable","26":"shipping-taxable","27":"purchasable","28":"product-type-variable","29":"has-default-attributes"},"acf":[],"aioseo_notices":[],"_links":{"self":[{"href":"https:\/\/gpdstore.net\/no\/wp-json\/wp\/v2\/product\/7521","targetHints":{"allow":["GET"]}}],"collection":[{"href":"https:\/\/gpdstore.net\/no\/wp-json\/wp\/v2\/product"}],"about":[{"href":"https:\/\/gpdstore.net\/no\/wp-json\/wp\/v2\/types\/product"}],"wp:featuredmedia":[{"embeddable":true,"href":"https:\/\/gpdstore.net\/no\/wp-json\/wp\/v2\/media\/7523"}],"wp:attachment":[{"href":"https:\/\/gpdstore.net\/no\/wp-json\/wp\/v2\/media?parent=7521"}],"wp:term":[{"taxonomy":"product_brand","embeddable":true,"href":"https:\/\/gpdstore.net\/no\/wp-json\/wp\/v2\/product_brand?post=7521"},{"taxonomy":"product_cat","embeddable":true,"href":"https:\/\/gpdstore.net\/no\/wp-json\/wp\/v2\/product_cat?post=7521"},{"taxonomy":"product_tag","embeddable":true,"href":"https:\/\/gpdstore.net\/no\/wp-json\/wp\/v2\/product_tag?post=7521"},{"taxonomy":"woo-feed-brand","embeddable":true,"href":"https:\/\/gpdstore.net\/no\/wp-json\/wp\/v2\/woo-feed-brand?post=7521"}],"curies":[{"name":"wp","href":"https:\/\/api.w.org\/{rel}","templated":true}]}}