{"id":7433,"date":"2023-03-24T18:26:18","date_gmt":"2023-03-24T18:26:18","guid":{"rendered":"https:\/\/gpdstore.net\/ukategorisert\/gpd-micro-pc-baereveske\/"},"modified":"2025-12-23T10:33:00","modified_gmt":"2025-12-23T10:33:00","slug":"gpd-micro-pc-carry-case","status":"publish","type":"product","link":"https:\/\/gpdstore.net\/no\/product\/gpd-micro-pc-carry-case\/","title":{"rendered":"GPD Micro PC-b\u00e6reveske"},"content":{"rendered":"\n<p>Leter du etter en praktisk og stilig m\u00e5te \u00e5 b\u00e6re GPD-enhetene dine p\u00e5? Du trenger ikke \u00e5 lete lenger enn til GPD Micro PC Carry Case! Dette romslige etuiet er spesialdesignet for \u00e5 passe til GPD XD Plus, GPD WIN 2 eller GPD Micro PC, med god plass til alt tilbeh\u00f8ret ditt.  Den medf\u00f8lgende stroppen gj\u00f8r det enkelt \u00e5 ta med GPD-enhetene dine p\u00e5 farten, mens den uformelle, men stilige designen s\u00f8rger for at du kan bruke den hver dag. Dette etuiet er laget av materialer av h\u00f8y kvalitet og gir overlegen beskyttelse mot riper, st\u00f8t og andre ytre skader. Hold GPD-enhetene dine trygge og sikre med GPD Micro PC-b\u00e6revesken.<\/p>\n","protected":false},"excerpt":{"rendered":"<ul>\n<li>Offisielt GPD-produkt<\/li>\n<li>Perfekt for GPD XD Plus, GPD WIN 2 og GPD Micro PC<\/li>\n<li>Designet med fokus p\u00e5 b\u00e6rbarhet<\/li>\n<li>Stilig utseende<\/li>\n<\/ul>\n[cg_accordion title=\"BETALINGSINFORMASJON\"]<\/p>\n<p>Vi bruker den nyeste teknologien innen betalingsbehandling, som lar deg betale via Apple Pay, Google Pay, debet- \/ kredittkortet ditt, PayPal eller BNPL-metoder som Klarna, Affirm eller AfterPay for en rask og sikker opplevelse.[\/cg_accordion]\n[cg_accordion title=\"GARANTI\"]<\/p>\n<p>2 \u00e5rs garanti fra <a href=\"https:\/\/droix.net\/\" target=\"_blank\" rel=\"nofollow noopener\">DROIX Global<\/a> for din sjelefred[\/cg_accordion]\n[cg_accordion title=\"PRISER, AVGIFTER OG FRAKT\"]<\/p>\n<p><strong><u>Merk:<\/u><\/strong><\/p>\n<ul>\n<li>Kunder i USA: Den viste prisen inkluderer IKKE SKATT eller avgifter. Ansvaret for \u00e5 fortolle og betale eventuelle tilknyttede skatter\/avgifter ligger p\u00e5 kunden. <\/li>\n<li>EU-kunder: Den viste prisen inkluderer gjeldende SKATT, som kan v\u00e6re opptil 25 % avhengig av hvilket land du bor i.<\/li>\n<li>Kunder i Canada: Den viste prisen inkluderer gjeldende avgifter, som kan inkludere 5 % GST og ytterligere provinsiell omsetningsavgift (PST), harmonisert omsetningsavgift (HST) eller Quebec Sales Tax (QST), avhengig av provinsen din.<\/li>\n<\/ul>\n<p><strong>KUN for EU-kunder:<\/strong> Express DDP (Delivered Duty Paid). Dette betyr: <\/p>\n<ul>\n<li>Alle tollavgifter og skatter er inkludert i prisen som vises p\u00e5 produktsiden.<\/li>\n<li>Du trenger ikke \u00e5 betale noen ekstra kostnader ved levering.<\/li>\n<li>I sjeldne tilfeller av tollrelaterte problemer vil v\u00e5rt team h\u00e5ndtere fortollingsprosessen p\u00e5 dine vegne for \u00e5 sikre en problemfri leveringsopplevelse.<\/li>\n<p>Viktig informasjon om retur:<\/p>\n<li>Hvis du bestemmer deg for \u00e5 returnere bestillingen eller be om refusjon, m\u00e5 du v\u00e6re oppmerksom p\u00e5 at skatter og avgifter som er betalt p\u00e5 dine vegne i henhold til DDP-vilk\u00e5rene, ikke kan refunderes.<\/li>\n<p>Se v\u00e5re <a href=\"https:\/\/gpdstore.net\/no\/terms-of-service\/\" target=\"_blank\" rel=\"nofollow noopener\">vilk\u00e5r og betingelser<\/a> for detaljert informasjon.\n<\/ul>\n<p>[\/cg_accordion]\n[cg_accordion title=\"KUNDEST\u00d8TTE\"]<\/p>\n<p>Har du et sp\u00f8rsm\u00e5l? Vi er bare en kort tekstmelding unna \u00e5 l\u00f8se problemet ditt!<br \/>\n[\/cg_accordion]\n[cg_accordion title=\"HVA SOM ER INKLUDERT\"]<\/p>\n<ul>\n<li>1x GPD Micro PC-etui<\/li>\n<\/ul>\n<p>[\/cg_accordion]\n","protected":false},"featured_media":7435,"template":"","meta":{"_acf_changed":false},"product_brand":[],"product_cat":[1187],"product_tag":[3872],"woo-feed-brand":[820],"class_list":{"0":"post-7433","1":"product","2":"type-product","3":"status-publish","4":"has-post-thumbnail","6":"product_cat-tilbehor","7":"product_tag-gpd-micro-pc-accessory-no","8":"product_shipping_class-low-end","9":"pa_accessory-type-beskyttende-etui","10":"pa_brand-gpd","11":"woo-feed-brand-gpd-no","13":"first","14":"outofstock","15":"sale","16":"taxable","17":"shipping-taxable","18":"purchasable","19":"product-type-simple"},"acf":[],"aioseo_notices":[],"_links":{"self":[{"href":"https:\/\/gpdstore.net\/no\/wp-json\/wp\/v2\/product\/7433","targetHints":{"allow":["GET"]}}],"collection":[{"href":"https:\/\/gpdstore.net\/no\/wp-json\/wp\/v2\/product"}],"about":[{"href":"https:\/\/gpdstore.net\/no\/wp-json\/wp\/v2\/types\/product"}],"wp:featuredmedia":[{"embeddable":true,"href":"https:\/\/gpdstore.net\/no\/wp-json\/wp\/v2\/media\/7435"}],"wp:attachment":[{"href":"https:\/\/gpdstore.net\/no\/wp-json\/wp\/v2\/media?parent=7433"}],"wp:term":[{"taxonomy":"product_brand","embeddable":true,"href":"https:\/\/gpdstore.net\/no\/wp-json\/wp\/v2\/product_brand?post=7433"},{"taxonomy":"product_cat","embeddable":true,"href":"https:\/\/gpdstore.net\/no\/wp-json\/wp\/v2\/product_cat?post=7433"},{"taxonomy":"product_tag","embeddable":true,"href":"https:\/\/gpdstore.net\/no\/wp-json\/wp\/v2\/product_tag?post=7433"},{"taxonomy":"woo-feed-brand","embeddable":true,"href":"https:\/\/gpdstore.net\/no\/wp-json\/wp\/v2\/woo-feed-brand?post=7433"}],"curies":[{"name":"wp","href":"https:\/\/api.w.org\/{rel}","templated":true}]}}