{"id":7350,"date":"2024-01-23T12:16:16","date_gmt":"2024-01-23T12:16:16","guid":{"rendered":"https:\/\/gpdstore.net\/ukategorisert\/gpd-micro-pc\/"},"modified":"2025-12-23T10:25:09","modified_gmt":"2025-12-23T10:25:09","slug":"gpd-micro-pc","status":"publish","type":"product","link":"https:\/\/gpdstore.net\/no\/product\/gpd-micro-pc\/","title":{"rendered":"GPD Micro PC UMPC"},"content":{"rendered":"\n<figure class=\"wp-block-video\"><video controls=\"\" muted=\"\" poster=\"https:\/\/gpdstore.net\/wp-content\/uploads\/2024\/01\/gpd-hero.jpg\" src=\"https:\/\/gpdstore.net\/wp-content\/uploads\/2024\/01\/Video-Project-22.mp4\"><\/video><\/figure>\n\n<div class=\"wp-block-columns is-layout-flex wp-container-core-columns-is-layout-28f84493 wp-block-columns-is-layout-flex\">\n<div class=\"wp-block-column is-layout-flow wp-block-column-is-layout-flow\" style=\"flex-basis:33.33%\">\n<figure class=\"wp-block-image size-full\"><img fetchpriority=\"high\" decoding=\"async\" width=\"1200\" height=\"929\" src=\"https:\/\/gpdstore.net\/wp-content\/uploads\/2024\/05\/1271643.jpg\" alt=\"GPD Micro PC, en kompakt og allsidig mini-PC som er utviklet for databehandling og produktivitet p&#xE5; farten.\" class=\"wp-image-1670\" srcset=\"https:\/\/gpdstore.net\/wp-content\/uploads\/2024\/05\/1271643.jpg 1200w, https:\/\/gpdstore.net\/wp-content\/uploads\/2024\/05\/1271643-150x116.jpg 150w, https:\/\/gpdstore.net\/wp-content\/uploads\/2024\/05\/1271643-600x465.jpg 600w, https:\/\/gpdstore.net\/wp-content\/uploads\/2024\/05\/1271643-768x595.jpg 768w, https:\/\/gpdstore.net\/wp-content\/uploads\/2024\/05\/1271643-990x766.jpg 990w, https:\/\/gpdstore.net\/wp-content\/uploads\/2024\/05\/1271643-441x341.jpg 441w\" sizes=\"(max-width: 1200px) 100vw, 1200px\" \/><\/figure>\n<\/div>\n\n\n\n<div class=\"wp-block-column is-layout-flow wp-block-column-is-layout-flow\" style=\"flex-basis:66.66%\">\n<h2 class=\"wp-block-heading\">Mobilt produktivitetsverkt\u00f8y med flere grensesnitt: 6&#8243; MicroPC!<\/h2>\n\n\n\n<p>Microsoft Surface Go har blitt hyllet som et kompakt, lett og rimelig kraftverk, men den 6&#8243; store MicroPC-en tar det til neste niv\u00e5. Ikke bare er den mindre enn Surface Go, men den har ogs\u00e5 flere grensesnitt, noe som gj\u00f8r den til en utrolig allsidig enhet. Dette vidunderet i h\u00e5ndflatest\u00f8rrelse, som m\u00e5ler bare 15 mm p\u00e5 det tynneste punktet og veier bare 440 g, er designet for \u00e5 v\u00e6re ultrab\u00e6rbar uten at det g\u00e5r p\u00e5 bekostning av ytelsen. Med et termisk designstr\u00f8mforbruk p\u00e5 bare 10 W leverer MicroPC-en ytelse p\u00e5 niv\u00e5 med Surface Go, og det til en mer budsjettvennlig pris. MicroPC er det perfekte mobile produktivitetsverkt\u00f8yet for fagfolk i alle bransjer!<\/p>\n<\/div>\n<\/div>\n\n<h2 class=\"wp-block-heading has-text-align-center\">Ekstrem b\u00e6rbarhet m\u00f8ter praktisk design: GPD Micro PC spesifikasjoner og formfaktor<\/h2>\n\n<div class=\"wp-block-columns is-layout-flex wp-container-core-columns-is-layout-28f84493 wp-block-columns-is-layout-flex\">\n<div class=\"wp-block-column is-layout-flow wp-block-column-is-layout-flow\">\n<figure class=\"wp-block-image size-full is-resized\"><img decoding=\"async\" width=\"1000\" height=\"899\" src=\"https:\/\/gpdstore.net\/wp-content\/uploads\/2024\/05\/714PPtewL._AC_UF10001000_QL80_.jpg\" alt=\"GPD Micro PC med en 6-tommers IPS-skjerm, ideell for b&#xE6;rbar databehandling og multimedieoppgaver.\" class=\"wp-image-1675\" style=\"width:299px;height:auto\" srcset=\"https:\/\/gpdstore.net\/wp-content\/uploads\/2024\/05\/714PPtewL._AC_UF10001000_QL80_.jpg 1000w, https:\/\/gpdstore.net\/wp-content\/uploads\/2024\/05\/714PPtewL._AC_UF10001000_QL80_-150x135.jpg 150w, https:\/\/gpdstore.net\/wp-content\/uploads\/2024\/05\/714PPtewL._AC_UF10001000_QL80_-600x539.jpg 600w, https:\/\/gpdstore.net\/wp-content\/uploads\/2024\/05\/714PPtewL._AC_UF10001000_QL80_-768x690.jpg 768w, https:\/\/gpdstore.net\/wp-content\/uploads\/2024\/05\/714PPtewL._AC_UF10001000_QL80_-990x890.jpg 990w, https:\/\/gpdstore.net\/wp-content\/uploads\/2024\/05\/714PPtewL._AC_UF10001000_QL80_-441x396.jpg 441w\" sizes=\"(max-width: 1000px) 100vw, 1000px\" \/><\/figure>\n\n\n\n<h3 class=\"wp-block-heading\">Den ultimate lomme-PC-en: Hvorfor 6-tommers formfaktor er perfekt for digitale nomader<\/h3>\n\n\n\n<p>Denne mini-PC-en m\u00e5ler bare 6 x 4 tommer og veier bare 440 gram, og er perfekt for profesjonelle, studenter og digitale nomader som alltid er p\u00e5 farten. Med en firekjerners Intel-prosessor, <a href=\"https:\/\/gpdstore.net\/no\/product-attribute\/memory-ram-capacity\/8-gb-no\/\" target=\"_blank\" rel=\"noreferrer noopener\">8 GB<\/a> RAM og <a href=\"https:\/\/gpdstore.net\/no\/product-attribute\/storage-capacity\/256-gb-no\/\" target=\"_blank\" data-type=\"link\" data-id=\"https:\/\/gpdstore.net\/product-attribute\/storage-capacity\/256gb\/\" rel=\"noreferrer noopener\">256 GB<\/a>, <a href=\"https:\/\/gpdstore.net\/no\/product-attribute\/storage-capacity\/512-gb-no\/\" target=\"_blank\" rel=\"noreferrer noopener\">512 GB<\/a> eller <a href=\"https:\/\/gpdstore.net\/no\/product-attribute\/storage-capacity\/1-tb-no\/\" target=\"_blank\" rel=\"noreferrer noopener\">1 TB<\/a> lagringsplass leverer den rask ytelse for multitasking og underholdning p\u00e5 den h\u00f8yoppl\u00f8selige skjermen.<\/p>\n<\/div>\n\n\n\n<div class=\"wp-block-column is-layout-flow wp-block-column-is-layout-flow\">\n<figure class=\"wp-block-image size-full\"><img decoding=\"async\" width=\"300\" height=\"300\" src=\"https:\/\/gpdstore.net\/wp-content\/uploads\/2024\/05\/078e6b89-8d78-4318-bf09-8caf8fecef63.__CR1800840840_PT0_SX300_V1___.jpg\" alt=\"GPD Micro PC, utformet for &#xE5; v&#xE6;re slagfast for holdbarhet i ulike milj&#xF8;er\" class=\"wp-image-1672\" srcset=\"https:\/\/gpdstore.net\/wp-content\/uploads\/2024\/05\/078e6b89-8d78-4318-bf09-8caf8fecef63.__CR1800840840_PT0_SX300_V1___.jpg 300w, https:\/\/gpdstore.net\/wp-content\/uploads\/2024\/05\/078e6b89-8d78-4318-bf09-8caf8fecef63.__CR1800840840_PT0_SX300_V1___-150x150.jpg 150w, https:\/\/gpdstore.net\/wp-content\/uploads\/2024\/05\/078e6b89-8d78-4318-bf09-8caf8fecef63.__CR1800840840_PT0_SX300_V1___-100x100.jpg 100w\" sizes=\"(max-width: 300px) 100vw, 300px\" \/><\/figure>\n\n\n\n<h3 class=\"wp-block-heading\"><strong>ABS-skall i flykvalitet: Gjennomgang av GPD Micro PCs holdbarhet og beskyttelse<\/strong><\/h3>\n\n\n\n<p>Materialet LG-DOW 121H er laget av f\u00f8rsteklasses ABS-syntetisk harpiks av luftfartskvalitet, importert fra S\u00f8r-Korea, og gir eksepsjonell holdbarhet og beskyttelse. Med en tykkelse p\u00e5 hele 1 mm kan den skilte med flammehemmende egenskaper, h\u00f8y varmebestandighet og V-0 brannsikker sertifisering. Den imponerende Rockwell-hardheten p\u00e5 opptil 109 R og b\u00f8yestyrken p\u00e5 26000 kg\/cm\u00b2<\/p>\n<\/div>\n\n\n\n<div class=\"wp-block-column is-layout-flow wp-block-column-is-layout-flow\">\n<figure class=\"wp-block-image size-full\"><img loading=\"lazy\" decoding=\"async\" width=\"300\" height=\"300\" src=\"https:\/\/gpdstore.net\/wp-content\/uploads\/2024\/05\/84908091-c530-4179-9369-d0a566b13ce8.__CR1260949949_PT0_SX300_V1___.jpg\" alt=\"GPD Micro PC med st&#xF8;tte for utvidet periferiutstyr, noe som gir allsidige tilkoblingsmuligheter og funksjonalitet i et kompakt format\" class=\"wp-image-1674\" srcset=\"https:\/\/gpdstore.net\/wp-content\/uploads\/2024\/05\/84908091-c530-4179-9369-d0a566b13ce8.__CR1260949949_PT0_SX300_V1___.jpg 300w, https:\/\/gpdstore.net\/wp-content\/uploads\/2024\/05\/84908091-c530-4179-9369-d0a566b13ce8.__CR1260949949_PT0_SX300_V1___-150x150.jpg 150w, https:\/\/gpdstore.net\/wp-content\/uploads\/2024\/05\/84908091-c530-4179-9369-d0a566b13ce8.__CR1260949949_PT0_SX300_V1___-100x100.jpg 100w\" sizes=\"(max-width: 300px) 100vw, 300px\" \/><\/figure>\n\n\n\n<h3 class=\"wp-block-heading\"><strong>Utvide lagringsplass og funksjonalitet: Ved hjelp av USB 3.0 og Micro SD-kortplass<\/strong><\/h3>\n\n\n\n<p>Denne enheten er utstyrt med tre USB 3.0-grensesnitt og et Micro SD-spor, og har plass til opptil fire eksterne lagringsenheter, noe som gir praktisk talt ubegrenset lagringskapasitet. Men allsidigheten stopper ikke der. Med muligheten til \u00e5 koble til ekstra periferiutstyr via huben kan du tilpasse oppsettet etter dine behov, enten det gjelder \u00e5 \u00f8ke produktiviteten eller utvide funksjonaliteten.<\/p>\n<\/div>\n<\/div>\n\n<figure class=\"wp-block-image size-large\"><img loading=\"lazy\" decoding=\"async\" width=\"1200\" height=\"563\" src=\"https:\/\/gpdstore.net\/wp-content\/uploads\/2024\/05\/1068053-1200x563.jpg\" alt=\"GPD Micro PC, en kompakt og kraftig minidatamaskin som er ideell for mobil databehandling og produktivitet p&#xE5; farten\" class=\"wp-image-1678\" srcset=\"https:\/\/gpdstore.net\/wp-content\/uploads\/2024\/05\/1068053-1200x563.jpg 1200w, https:\/\/gpdstore.net\/wp-content\/uploads\/2024\/05\/1068053-150x70.jpg 150w, https:\/\/gpdstore.net\/wp-content\/uploads\/2024\/05\/1068053-600x281.jpg 600w, https:\/\/gpdstore.net\/wp-content\/uploads\/2024\/05\/1068053-768x360.jpg 768w, https:\/\/gpdstore.net\/wp-content\/uploads\/2024\/05\/1068053-1536x720.jpg 1536w, https:\/\/gpdstore.net\/wp-content\/uploads\/2024\/05\/1068053-990x464.jpg 990w, https:\/\/gpdstore.net\/wp-content\/uploads\/2024\/05\/1068053-441x207.jpg 441w, https:\/\/gpdstore.net\/wp-content\/uploads\/2024\/05\/1068053.jpg 1920w\" sizes=\"(max-width: 1200px) 100vw, 1200px\" \/><\/figure>\n\n<p><br\/>Opplev f\u00f8rsteklasses ytelse i en kompakt pakke med GPD Micro PC. Denne b\u00e6rbare Windows 10 PRO-minib\u00e6rbare PC-en er skreddersydd for deg som \u00f8nsker en rask og effektiv industri-PC med robuste kommunikasjonsporter.<\/p>\n\n<figure class=\"wp-block-image size-large\"><img loading=\"lazy\" decoding=\"async\" width=\"1200\" height=\"600\" src=\"https:\/\/gpdstore.net\/wp-content\/uploads\/2024\/05\/MicroPC-1200x600.jpg\" alt=\"GPD Micro PC, en liten, men kraftig b&#xE6;rbar datamaskin utviklet for allsidige databehandlingsoppgaver\" class=\"wp-image-1677\" srcset=\"https:\/\/gpdstore.net\/wp-content\/uploads\/2024\/05\/MicroPC-1200x600.jpg 1200w, https:\/\/gpdstore.net\/wp-content\/uploads\/2024\/05\/MicroPC-150x75.jpg 150w, https:\/\/gpdstore.net\/wp-content\/uploads\/2024\/05\/MicroPC-600x300.jpg 600w, https:\/\/gpdstore.net\/wp-content\/uploads\/2024\/05\/MicroPC-768x384.jpg 768w, https:\/\/gpdstore.net\/wp-content\/uploads\/2024\/05\/MicroPC-1536x768.jpg 1536w, https:\/\/gpdstore.net\/wp-content\/uploads\/2024\/05\/MicroPC-990x495.jpg 990w, https:\/\/gpdstore.net\/wp-content\/uploads\/2024\/05\/MicroPC-441x221.jpg 441w, https:\/\/gpdstore.net\/wp-content\/uploads\/2024\/05\/MicroPC.jpg 1920w\" sizes=\"(max-width: 1200px) 100vw, 1200px\" \/><\/figure>\n\n<p>Micro PC-en kj\u00f8rer p\u00e5 en h\u00f8yhastighets Intel\u00ae Celeron\u00ae N4120 Quad Core-prosessor, med en turbofrekvens p\u00e5 opptil 2,6 GHz, og st\u00f8ttes av <a href=\"https:\/\/gpdstore.net\/no\/product-attribute\/memory-ram-capacity\/8-gb-no\/\" target=\"_blank\" rel=\"noreferrer noopener\">8 GB<\/a> <a href=\"https:\/\/gpdstore.net\/no\/product-attribute\/memory-ram-technology\/lpddr4-no\/\" target=\"_blank\" rel=\"noreferrer noopener\">LPDDR4<\/a> RAM, og leverer imponerende ytelse. Velg mellom tre lagringsalternativer: <a href=\"https:\/\/gpdstore.net\/no\/product-attribute\/storage-capacity\/256-gb-no\/\" target=\"_blank\" rel=\"noreferrer noopener\">256 GB<\/a>, <a href=\"https:\/\/gpdstore.net\/no\/product-attribute\/storage-capacity\/512-gb-no\/\" target=\"_blank\" rel=\"noreferrer noopener\">512 GB<\/a> eller <a href=\"https:\/\/gpdstore.net\/no\/product-attribute\/storage-capacity\/1-tb-no\/\" target=\"_blank\" rel=\"noreferrer noopener\">1 TB<\/a> NGFF M.2 SATA SSD, med fleksibilitet til \u00e5 oppgradere senere.<\/p>\n\n<p>Tilkoblingsmulighetene er et h\u00f8ydepunkt, og kan til og med konkurrere med industri-PC-er i full st\u00f8rrelse, med tre USB 3.0 Type A-porter, \u00e9n USB Type C-port, en RS232 seriell port, RJ45 1 GB\/s Ethernet-port, HDMI-port og en MicroSD-kortleser. Tr\u00e5dl\u00f8se alternativer inkluderer 802.11b\/g\/n\/ac, 2.4G\/5G Dual-band Wi-Fi og <a href=\"https:\/\/gpdstore.net\/no\/product-attribute\/bluetooth\/4-2-no\/\" target=\"_blank\" rel=\"noreferrer noopener\">Bluetooth 4.2<\/a>.<\/p>\n\n<p>Den 6 tommer store skjermen p\u00e5 Micro PC-en har en oppl\u00f8sning p\u00e5 1280&#215;720, beskyttet av ripebestandig Corning Gorilla Glass 4. Til tross for den kraftige maskinvaren er denne enheten kompakt, og m\u00e5ler bare 6&#8243; x 4,4&#8243; x 0,9&#8243; n\u00e5r den er lukket &#8211; liten nok til \u00e5 f\u00e5 plass i en lomme eller en liten veske.<\/p>\n\n<p>For den ultimate mikro-PC-opplevelsen tilbyr GPD Micro PC eksepsjonell b\u00e6rbarhet, omfattende tilkoblingsmuligheter og h\u00f8y ytelse, noe som gj\u00f8r den til det ideelle valget for Windows 10 mikro-PC-entusiaster&#8230;<\/p>\n\n<figure class=\"wp-block-image size-large\"><img loading=\"lazy\" decoding=\"async\" width=\"1200\" height=\"500\" src=\"https:\/\/gpdstore.net\/wp-content\/uploads\/2024\/05\/1068559-1200x500.jpg\" alt=\"GPD Micro PC, en kompakt og robust minidatamaskin som er perfekt for mobil databehandling og produktivitet.\" class=\"wp-image-1676\" srcset=\"https:\/\/gpdstore.net\/wp-content\/uploads\/2024\/05\/1068559-1200x500.jpg 1200w, https:\/\/gpdstore.net\/wp-content\/uploads\/2024\/05\/1068559-150x63.jpg 150w, https:\/\/gpdstore.net\/wp-content\/uploads\/2024\/05\/1068559-600x250.jpg 600w, https:\/\/gpdstore.net\/wp-content\/uploads\/2024\/05\/1068559-768x320.jpg 768w, https:\/\/gpdstore.net\/wp-content\/uploads\/2024\/05\/1068559-1536x640.jpg 1536w, https:\/\/gpdstore.net\/wp-content\/uploads\/2024\/05\/1068559-990x413.jpg 990w, https:\/\/gpdstore.net\/wp-content\/uploads\/2024\/05\/1068559-441x184.jpg 441w, https:\/\/gpdstore.net\/wp-content\/uploads\/2024\/05\/1068559.jpg 1920w\" sizes=\"(max-width: 1200px) 100vw, 1200px\" \/><\/figure>\n","protected":false},"excerpt":{"rendered":"<ul>\n<li>Skreddersydd for IT-profesjonelle<\/li>\n<li>Intel-brikkesett N4120<\/li>\n<li>Windows 10 <strong>Pro<\/strong><\/li>\n<li>RS-232 seriell port<\/li>\n<li>Dual-Band Wi-Fi og 1 Gigabit RJ45-port<\/li>\n<\/ul>\n<p>[cg_accordion title=\"BETALINGSINFORMASJON\"]  Vi bruker den nyeste teknologien innen betalingsbehandling, noe som gj\u00f8r at du kan betale via debet- \/ kredittkort eller PayPal for en rask og sikker opplevelse.[\/cg_accordion] [cg_accordion title=\"GARANTI\"]  2 \u00e5rs garanti fra <a href=\"https:\/\/droix.net\/\" target=\"_blank\" rel=\"nofollow noopener\">DROIX Global<\/a> for din sjelefred[\/cg_accordion] [cg_accordion title=\"KVALITETSSIKRING OG TESTING F\u00d8R UTSENDELSE\"]  Sikrer kundetilfredshet p\u00e5 h\u00f8yeste standard: Hver enhet gjennomg\u00e5r strenge tester og en flerpunkts kvalitetssikringskontroll f\u00f8r den sendes ut. V\u00e5rt dedikerte team verifiserer ytelse, funksjonalitet og komponentintegritet for \u00e5 garantere at GPD-enheten din er i perfekt stand ved ankomst, slik at du kan f\u00f8le deg trygg og sikker. [\/cg_accordion] [cg_accordion title=\"PRICING, TAXES AND SHIPPING\"] <strong><u>Merk:<\/u><\/strong><\/p>\n<ul>\n<li>Kunder i USA: Den viste prisen inkluderer IKKE SKATT eller avgifter. Ansvaret for \u00e5 fortolle og betale eventuelle tilknyttede skatter\/avgifter ligger p\u00e5 kunden. <\/li>\n<li>EU-kunder: Den viste prisen inkluderer gjeldende SKATT, som kan v\u00e6re opptil 25 % avhengig av hvilket land du bor i.<\/li>\n<li>Kunder i Canada: Den viste prisen inkluderer gjeldende avgifter, som kan inkludere 5 % GST og ytterligere provinsiell omsetningsavgift (PST), harmonisert omsetningsavgift (HST) eller Quebec Sales Tax (QST), avhengig av provinsen din.<\/li>\n<\/ul>\n<p><strong>KUN for EU-kunder:<\/strong> Express DDP (Delivered Duty Paid). Dette betyr: <\/p>\n<ul>\n<li style=\"list-style-type: none;\">\n<ul>\n<li>Alle tollavgifter og skatter er inkludert i prisen som vises p\u00e5 produktsiden.<\/li>\n<li>Du trenger ikke \u00e5 betale noen ekstra kostnader ved levering.<\/li>\n<li>I sjeldne tilfeller av tollrelaterte problemer vil v\u00e5rt team h\u00e5ndtere fortollingsprosessen p\u00e5 dine vegne for \u00e5 sikre en problemfri leveringsopplevelse.<\/li>\n<p>Viktig informasjon om retur:<\/p>\n<li>Hvis du bestemmer deg for \u00e5 returnere bestillingen eller be om refusjon, m\u00e5 du v\u00e6re oppmerksom p\u00e5 at skatter og avgifter som er betalt p\u00e5 dine vegne i henhold til DDP-vilk\u00e5rene, ikke kan refunderes.<\/li>\n<p>Vennligst se v\u00e5r<\/ul>\n<\/li>\n<\/ul>\n<p><a href=\"https:\/\/droix.net\/terms-and-conditions\/\" target=\"_blank\" rel=\"nofollow noopener\">Vilk\u00e5r og betingelser<\/a><\/p>\n<ul>for detaljert informasjon.<\/ul>\n<p>[\/cg_accordion] [cg_accordion title=\"KUNDEST\u00d8TTE\"]  Har du et sp\u00f8rsm\u00e5l? Vi er bare en kort tekstmelding unna \u00e5 l\u00f8se problemet ditt!  Se v\u00e5re <a href=\"https:\/\/gpdstore.net\/no\/terms-of-service\/\" target=\"_blank\" rel=\"nofollow noopener\">vilk\u00e5r og betingelser<\/a> for detaljert informasjon.  [\/cg_accordion] [cg_accordion title=\"WHAT'S INCLUDED\"]<\/p>\n<ul>\n<li>1x GPD Micro PC<\/li>\n<li>1x str\u00f8madapter<\/li>\n<li>1x USB Type-C-kabel<\/li>\n<li>1x brukerh\u00e5ndbok<\/li>\n<\/ul>\n<p>[\/cg_accordion]<\/p>\n","protected":false},"featured_media":10852,"template":"","meta":{"_acf_changed":false},"product_brand":[],"product_cat":[1305],"product_tag":[16887,3771],"woo-feed-brand":[820],"class_list":{"0":"post-7350","1":"product","2":"type-product","3":"status-publish","4":"has-post-thumbnail","6":"product_cat-gpd-mini-baerbare-datamaskiner","7":"product_tag-10xmsale-no","8":"product_tag-gpd-micro-pc-no","9":"product_shipping_class-standard","10":"pa_bluetooth-4-2-no","11":"pa_brand-gpd","12":"pa_graphics-gpu-model-uhd-graphics-600-no","13":"pa_i-o-video-1x-hdmi-2-0-type-a-no","14":"pa_memory-ram-capacity-8-gb-no","15":"pa_memory-ram-technology-lpddr4-no","16":"pa_processor-cpu-model-celeron-n4120-processor","17":"pa_storage-capacity-1-tb-no","18":"pa_storage-capacity-1tb","19":"pa_storage-capacity-256-gb-no","20":"pa_storage-capacity-256gb","21":"pa_storage-capacity-512-gb-no","22":"pa_storage-capacity-512gb","23":"pa_storage-technology-m-2-2242-ssd-no","24":"pa_wi-fi-24g-5g-dual-band","25":"woo-feed-brand-gpd-no","27":"first","28":"outofstock","29":"sale","30":"taxable","31":"shipping-taxable","32":"purchasable","33":"product-type-variable","34":"has-default-attributes"},"acf":[],"aioseo_notices":[],"_links":{"self":[{"href":"https:\/\/gpdstore.net\/no\/wp-json\/wp\/v2\/product\/7350","targetHints":{"allow":["GET"]}}],"collection":[{"href":"https:\/\/gpdstore.net\/no\/wp-json\/wp\/v2\/product"}],"about":[{"href":"https:\/\/gpdstore.net\/no\/wp-json\/wp\/v2\/types\/product"}],"wp:featuredmedia":[{"embeddable":true,"href":"https:\/\/gpdstore.net\/no\/wp-json\/wp\/v2\/media\/10852"}],"wp:attachment":[{"href":"https:\/\/gpdstore.net\/no\/wp-json\/wp\/v2\/media?parent=7350"}],"wp:term":[{"taxonomy":"product_brand","embeddable":true,"href":"https:\/\/gpdstore.net\/no\/wp-json\/wp\/v2\/product_brand?post=7350"},{"taxonomy":"product_cat","embeddable":true,"href":"https:\/\/gpdstore.net\/no\/wp-json\/wp\/v2\/product_cat?post=7350"},{"taxonomy":"product_tag","embeddable":true,"href":"https:\/\/gpdstore.net\/no\/wp-json\/wp\/v2\/product_tag?post=7350"},{"taxonomy":"woo-feed-brand","embeddable":true,"href":"https:\/\/gpdstore.net\/no\/wp-json\/wp\/v2\/woo-feed-brand?post=7350"}],"curies":[{"name":"wp","href":"https:\/\/api.w.org\/{rel}","templated":true}]}}