{"id":7335,"date":"2023-11-29T11:23:37","date_gmt":"2023-11-29T11:23:37","guid":{"rendered":"https:\/\/gpdstore.net\/ukategorisert\/gpd-g1-2024-egpu-dokkingsstasjon\/"},"modified":"2026-03-27T11:14:11","modified_gmt":"2026-03-27T11:14:11","slug":"gpd-g1","status":"publish","type":"product","link":"https:\/\/gpdstore.net\/no\/product\/gpd-g1\/","title":{"rendered":"GPD G1 (2024) dokkingstasjon for eGPU"},"content":{"rendered":"\n<figure class=\"wp-block-image aligncenter size-full\"><img decoding=\"async\" src=\"https:\/\/gpdstore.net\/wp-content\/uploads\/\" alt=\"Bilde av GPD G1 2024 eGPU-dokkstasjonen, med AMD Radeon RX 7600M XT GPU, TGP-vippebryter og allsidige tilkoblingsmuligheter. Perfekt for gamere og profesjonelle. Forh&#xE5;ndsbestill n&#xE5; for revolusjonerende funksjoner\" class=\"wp-image-1471\"\/><\/figure>\n\n<h2 class=\"wp-block-heading\"><strong>GPD G1 2024 eGPU-dokkstasjon: Et revolusjonerende sprang<\/strong><\/h2>\n\n<p>GPD G1 2024 eGPU Docking Station representerer et betydelig sprang fremover i en verden av eksterne grafikkprosessorenheter. Denne dokkingstasjonen er utviklet for brukere som krever b\u00e5de mobilitet og h\u00f8y ytelse, og den setter nye standarder i eGPU-bransjen. Med banebrytende teknologi, inkludert AMD Radeon RX 7600M XT-grafikkortet, og innovative funksjoner som TGP Toggle Switch, henvender GPD G1 eGPU-dokkingstasjonen seg til b\u00e5de spillere og profesjonelle. Den elegante og b\u00e6rbare designen forbedrer ikke bare arbeidsomr\u00e5det ditt, men gir ogs\u00e5 kraftig ytelse uansett hvor du er. Med GPD G1 kan du omfavne fremtidens underholdning og produktivitet uten kompromisser.<\/p>\n\n<figure class=\"wp-block-gallery has-nested-images columns-default is-cropped wp-block-gallery-1 is-layout-flex wp-block-gallery-is-layout-flex\">\n<figure class=\"wp-block-image size-large\"><img decoding=\"async\" data-id=\"1494\" src=\"https:\/\/gpdstore.net\/wp-content\/uploads\/\" alt=\"Bildet viser en GPD G1 h&#xE5;ndholdt enhet koblet til en b&#xE6;rbar WIN MAX 2, med begge enhetene koblet til eksterne skjermer for utvidet skjermoppsett\" class=\"wp-image-1494\"\/><\/figure>\n\n\n\n<figure class=\"wp-block-image size-large\"><img decoding=\"async\" data-id=\"1493\" src=\"https:\/\/gpdstore.net\/wp-content\/uploads\/\" alt=\"Bildet viser en GPD G1 h&#xE5;ndholdt enhet som er koblet til en WIN 4 b&#xE6;rbar PC, sammen med eksterne skjermer, noe som muliggj&#xF8;r et oppsett med flere skjermer\" class=\"wp-image-1493\"\/><\/figure>\n\n\n\n<figure class=\"wp-block-image size-large\"><img decoding=\"async\" data-id=\"1467\" src=\"https:\/\/gpdstore.net\/wp-content\/uploads\/\" alt=\"Bildet viser en GPD G1 h&#xE5;ndholdt enhet koblet til en GPD Pocket 3, med begge enhetene koblet til eksterne skjermer for en konfigurasjon med flere skjermer\" class=\"wp-image-1467\"\/><\/figure>\n\n\n\n<figure class=\"wp-block-image size-large\"><img decoding=\"async\" data-id=\"1464\" src=\"https:\/\/gpdstore.net\/wp-content\/uploads\/\" alt=\"GPD G1 2024, en elegant h&#xE5;ndholdt spillenhet med en levende skjerm, ergonomiske kontroller og et moderne design.\" class=\"wp-image-1464\"\/><\/figure>\n\n\n\n<figure class=\"wp-block-image size-large\"><img fetchpriority=\"high\" decoding=\"async\" width=\"1000\" height=\"1000\" data-id=\"1465\" src=\"https:\/\/gpdstore.net\/wp-content\/uploads\/2024\/05\/GPD-G1_2024-USAGE-IMAGE-5.jpg\" alt=\"Bilde av en GPD G1 h&#xE5;ndholdt enhet koblet til en b&#xE6;rbar datamaskin.\" class=\"wp-image-1465\" srcset=\"https:\/\/gpdstore.net\/wp-content\/uploads\/2024\/05\/GPD-G1_2024-USAGE-IMAGE-5.jpg 1000w, https:\/\/gpdstore.net\/wp-content\/uploads\/2024\/05\/GPD-G1_2024-USAGE-IMAGE-5-600x600.jpg 600w, https:\/\/gpdstore.net\/wp-content\/uploads\/2024\/05\/GPD-G1_2024-USAGE-IMAGE-5-150x150.jpg 150w, https:\/\/gpdstore.net\/wp-content\/uploads\/2024\/05\/GPD-G1_2024-USAGE-IMAGE-5-768x768.jpg 768w, https:\/\/gpdstore.net\/wp-content\/uploads\/2024\/05\/GPD-G1_2024-USAGE-IMAGE-5-990x990.jpg 990w, https:\/\/gpdstore.net\/wp-content\/uploads\/2024\/05\/GPD-G1_2024-USAGE-IMAGE-5-441x441.jpg 441w, https:\/\/gpdstore.net\/wp-content\/uploads\/2024\/05\/GPD-G1_2024-USAGE-IMAGE-5-100x100.jpg 100w\" sizes=\"(max-width: 1000px) 100vw, 1000px\" \/><\/figure>\n\n\n\n<figure class=\"wp-block-image size-large\"><img decoding=\"async\" data-id=\"1466\" src=\"https:\/\/gpdstore.net\/wp-content\/uploads\/\" alt=\"GPD G1 2024 eGPU-dokkstasjon: AMD Radeon RX 7600M XT GPU, TGP-bryter og allsidige tilkoblingsmuligheter. Ideell for gamere og profesjonelle.\" class=\"wp-image-1466\"\/><\/figure>\n<\/figure>\n\n<div class=\"wp-block-columns is-layout-flex wp-container-core-columns-is-layout-28f84493 wp-block-columns-is-layout-flex\">\n<div class=\"wp-block-column is-layout-flow wp-block-column-is-layout-flow\" style=\"flex-basis:66.66%\">\n<figure class=\"wp-block-image size-full\"><img decoding=\"async\" src=\"https:\/\/gpdstore.net\/wp-content\/uploads\/\" alt=\"Bilde som viser GPD G1 2024 eGPU Docking Station, med AMD Radeon RX 7600M XT GPU, TGP-bryter og allsidige tilkoblingsmuligheter. Perfekt for spillere og profesjonelle som &#xF8;nsker enest&#xE5;ende ytelse og elegant design.\" class=\"wp-image-995\"\/><\/figure>\n<\/div>\n\n\n\n<div class=\"wp-block-column is-layout-flow wp-block-column-is-layout-flow\" style=\"flex-basis:33.33%\">\n<h2 class=\"wp-block-heading has-text-align-left\"><strong>GPD G1 2024<\/strong> &#8211; DEN MINSTE <strong><strong>Den minste dokkingstasjonen for grafikkortutvidelser <\/strong><\/strong> <\/h2>\n\n\n\n<p>Dockingstasjonen for eGPU setter nye standarder for teknologi og tilbyr uovertruffen ytelse, design og funksjonalitet. Med sin kraftige AMD Radeon RX 7600M XT GPU, innovative TGP Toggle Switch og allsidige tilkoblingsmuligheter er det den ultimate l\u00f8sningen for spillere og profesjonelle. Forh\u00e5ndsbestill GPD G1 2024 eGPU Docking Station i dag, og v\u00e6r blant de f\u00f8rste som f\u00e5r oppleve de banebrytende funksjonene. Ta steget inn i fremtiden med GPD G1 &#8211; der ytelse m\u00f8ter b\u00e6rbarhet. <\/p>\n<\/div>\n<\/div>\n\n<h2 class=\"wp-block-heading has-text-align-center\">Neste generasjons ytelseskontroll: TGP og tilkoblingsmuligheter for avanserte brukere<\/h2>\n\n<div class=\"wp-block-columns is-layout-flex wp-container-core-columns-is-layout-28f84493 wp-block-columns-is-layout-flex\">\n<div class=\"wp-block-column is-layout-flow wp-block-column-is-layout-flow\">\n<figure class=\"wp-block-image size-full is-resized\"><img decoding=\"async\" src=\"https:\/\/gpdstore.net\/wp-content\/uploads\/\" alt=\"Bilde av GPD G1 2024 eGPU Docking Station, med AMD Radeon RX 7600M XT GPU, TGP-vippebryter for forbedret ytelseskontroll og allsidige tilkoblingsmuligheter. Perfekt for gamere og profesjonelle. Forh&#xE5;ndsbestill n&#xE5; for &#xE5; f&#xE5; revolusjonerende funksjoner.\" class=\"wp-image-1510\" style=\"width:281px;height:auto\"\/><\/figure>\n\n\n\n<h3 class=\"wp-block-heading\"><strong>Lydl\u00f8s modus vs. forbedret ytelse: Slik optimaliserer TGP-vippebryteren (60W\/100W) opplevelsen din<\/strong><\/h3>\n\n\n\n<p>Med den eksklusive &#8220;TGP Toggle Key&#8221; kan du fritt veksle mellom lydl\u00f8s modus og ytelsesmodus under spilling.<br\/>Med TGP Toggle Switch kan brukerne velge mellom stille modus (60 W TGP) for mindre st\u00f8y og normal modus (100 W TGP) for bedre ytelse, noe som gir fleksibilitet basert p\u00e5 brukernes behov.<\/p>\n<\/div>\n\n\n\n<div class=\"wp-block-column is-layout-flow wp-block-column-is-layout-flow\">\n<figure class=\"wp-block-image size-full is-resized\"><img decoding=\"async\" src=\"https:\/\/gpdstore.net\/wp-content\/uploads\/\" alt=\"Bilde av GPD G1 2024 M.2 NVMe Protocol to Oculink SFF-8612 Interface Adapter Card, som tilbyr kompakt utvidelse for grafikkort\" class=\"wp-image-1507\" style=\"width:284px;height:auto\"\/><\/figure>\n\n\n\n<h3 class=\"wp-block-heading\"><strong>Oculink-fordelen: Hvorfor SFF-8612-grensesnittet gir overlegen b\u00e5ndbredde for eGPU-er<\/strong><\/h3>\n\n\n\n<p>ITX-hovedkort som Z690I har vanligvis tre M.2-grensesnitt, hvorav ett kan brukes til \u00e5 koble til adapterkortet. En Oculink SF-8611 dual-port-kabel kan deretter brukes til \u00e5 koble adapterkortets Oculink SFF-8612-grensesnitt til GPD G1s Oculink SFF-8612-grensesnitt<\/p>\n<\/div>\n\n\n\n<div class=\"wp-block-column is-layout-flow wp-block-column-is-layout-flow\">\n<figure class=\"wp-block-image size-full is-resized\"><img decoding=\"async\" src=\"https:\/\/gpdstore.net\/wp-content\/uploads\/\" alt=\"Bilde av GPD G1 2024 SFF-8612 Interface Adapter Card, den minste grafikkortutvidelsesdokken.\" class=\"wp-image-1508\" style=\"width:227px;height:auto\"\/><\/figure>\n\n\n\n<h3 class=\"wp-block-heading\"><strong>L\u00f8sning p\u00e5 problemet med halv h\u00f8yde: Bruk av lang og kort brakett for montering av grafikkort<\/strong><\/h3>\n\n\n\n<p>Det finnes f\u00e5 grafikkort i halv h\u00f8yde som passer i ITX-kabinetter, og det finnes nesten ingen grafikkort med h\u00f8y ytelse i halv h\u00f8yde. Derfor kan du installere et PCIe 3.0 x4 til Oculink SFF-8612-grensesnittadapterkort for \u00e5 koble til GPD G1. Den lange braketten og den korte braketten kan enkelt byttes ut.<\/p>\n\n\n\n<h3 class=\"wp-block-heading\"><strong><br\/><\/strong><\/h3>\n<\/div>\n<\/div>\n\n<h2 class=\"wp-block-heading\"><strong>Produktoversikt<\/strong><\/h2>\n\n<p>GPD G1 2024 eGPU-dokkingsstasjonen er et eksempel p\u00e5 teknologisk fremgang og ergonomisk design. Med AMD Radeon RX 7600M XT GPU og RDNA 3.0-arkitektur gir den enest\u00e5ende grafikkytelse som egner seg for AAA-spill med opptil 4K-oppl\u00f8sning. Denne enheten henvender seg til et bredt spekter av brukere, fra spillentusiaster som \u00f8nsker avansert ytelse til profesjonelle som trenger datakraft n\u00e5r de er p\u00e5 farten.<\/p>\n\n<figure class=\"wp-block-image size-full\"><img decoding=\"async\" src=\"https:\/\/gpdstore.net\/wp-content\/uploads\/\" alt=\"Bilde av GPD G1 2024 eGPU-dokkstasjon med AMD Radeon RX 7600M XT GPU, TGP-vippebryter og  \" class=\"wp-image-1511\"\/><\/figure>\n\n<p>GPD G1 2024 eGPU-dokkingstasjonen tilbyr eksepsjonell allsidighet med sine OcuLink- og USB 4-tilkoblingsmuligheter, og st\u00f8tter et bredt spekter av h\u00e5ndholdte spill-PC-er og enheter. Den kompakte og lette designen, som bare m\u00e5ler 22,5 \u00d7 11,1 \u00d7 3,0 cm og veier 920 g, sikrer b\u00e6rbarhet uten at det g\u00e5r p\u00e5 bekostning av ytelsen. Enten du er hjemme eller p\u00e5 farten, forbedrer GPD G1 eGPU-dokkingstasjonen b\u00e5de spill\u00f8kter og produktivitetsoppgaver p\u00e5 en enkel m\u00e5te. I tillegg er den kompatibel med ROG ALLY X, noe som gj\u00f8r den anvendelig p\u00e5 flere spillsystemer.<\/p>\n\n<figure class=\"wp-block-image aligncenter size-full\"><img decoding=\"async\" width=\"900\" height=\"559\" src=\"https:\/\/gpdstore.net\/wp-content\/uploads\/2024\/05\/3-1.png\" alt=\"Dimensjoner p&#xE5; GPD G1 eGPU: Kompakt og plassbesparende for s&#xF8;ml&#xF8;s integrering.\" class=\"wp-image-1512\" srcset=\"https:\/\/gpdstore.net\/wp-content\/uploads\/2024\/05\/3-1.png 900w, https:\/\/gpdstore.net\/wp-content\/uploads\/2024\/05\/3-1-600x373.png 600w, https:\/\/gpdstore.net\/wp-content\/uploads\/2024\/05\/3-1-768x477.png 768w, https:\/\/gpdstore.net\/wp-content\/uploads\/2024\/05\/3-1-320x200.png 320w, https:\/\/gpdstore.net\/wp-content\/uploads\/2024\/05\/3-1-360x224.png 360w, https:\/\/gpdstore.net\/wp-content\/uploads\/2024\/05\/3-1-441x274.png 441w, https:\/\/gpdstore.net\/wp-content\/uploads\/2024\/05\/3-1-150x93.png 150w\" sizes=\"(max-width: 900px) 100vw, 900px\" \/><\/figure>\n\n<h2 class=\"wp-block-heading\"><strong>Detaljerte funksjoner<\/strong><\/h2>\n\n<p><strong>Ytelse:<\/strong> GPD G1 2024-dokkingstasjonen er bygget for \u00e5 oppfylle kravene til de mest krevende spill- og kreative applikasjonene, og er utstyrt med AMD Radeon RX 7600M XT GPU, med 32 beregningsenheter klokket opp til 2300 MHz og 8 GB GDDR6-minne. Enhetens innebygde GaN-lader p\u00e5 240 W gir rikelig med str\u00f8m for vedvarende ytelse. <\/p>\n\n<p><strong>Grafisk ytelse:<\/strong> Hjertet i GPD G1 sin eksepsjonelle ytelse ligger i GPU-en. Den er i stand til \u00e5 kj\u00f8re spill og applikasjoner med opptil 4K-oppl\u00f8sning, og leverer levende bilder og flytende spill, perfekt for AAA-titler. <\/p>\n\n<figure class=\"wp-block-image aligncenter size-full\"><img decoding=\"async\" src=\"https:\/\/gpdstore.net\/wp-content\/uploads\/\" alt=\"Bilde av GPD G1 2024 eGPU-dokkstasjonen med AMD Radeon RX 7600M XT GPU, TGP-vippebryter og allsidige tilkoblingsmuligheter. Ideell for gamere og profesjonelle. Forh&#xE5;ndsbestill n&#xE5; for &#xE5; f&#xE5; revolusjonerende funksjoner.\" class=\"wp-image-1505\"\/><\/figure>\n\n<h2 class=\"wp-block-heading\"><strong>Oppdaterte HDMI- og USB-porter<\/strong><\/h2>\n\n<p>GPD G1 2024 eGPU-modellen har en oppdatert HDMI 2.1-port med st\u00f8tte for 4K 120 Hz-utgang og en USB 4-port med 65 W utgangseffekt, noe som forbedrer den visuelle kvaliteten og enhetskompatibiliteten.<\/p>\n\n<h2 class=\"wp-block-heading\"><strong>Brukeropplevelse<\/strong><\/h2>\n\n<p>GPD G1 omdefinerer brukeropplevelsen ved \u00e5 tilby spillytelse p\u00e5 skrivebordsniv\u00e5 i et b\u00e6rbart format. Med flere USB-porter og HDMI- og doble DisplayPort-utganger kan brukerne skape oppslukende spilloppsett eller produktive multitasking-milj\u00f8er. Enhetens ergonomiske design og enkle oppsett sikrer at brukerne kan begynne \u00e5 spille eller jobbe i l\u00f8pet av f\u00e5 minutter.<\/p>\n\n<div class=\"wp-block-columns is-layout-flex wp-container-core-columns-is-layout-28f84493 wp-block-columns-is-layout-flex\">\n<div class=\"wp-block-column is-layout-flow wp-block-column-is-layout-flow\" style=\"flex-basis:100%\">\n<h2 class=\"wp-block-heading\"><strong>Konklusjon<\/strong><\/h2>\n<\/div>\n<\/div>\n\n<p>GPD G1 2024 eGPU-dokkstasjonen er ledende innen teknologisk innovasjon, og kombinerer overlegen ytelse, elegant design og eksepsjonell funksjonalitet. Den er utstyrt med den formidable AMD Radeon RX 7600M XT GPD-enheten og en banebrytende TGP-bryter, gir allsidige tilkoblingsmuligheter og er kompatibel med ROG Ally X. GPD G1 eGPU-dokkingstasjonen er det definitive valget for de som sikter mot de h\u00f8yeste niv\u00e5ene av spilling og produktivitet.  Ta steget inn i fremtidens underholdning med en enhet som bryter med begrensningene ved konvensjonell databehandling.<\/p>\n\n<h2 class=\"wp-block-heading has-text-align-center\">Beste PC-spillh\u00e5ndholdte enheter for GPD G1<\/h2>\n\n<p>GPD G1 2024 er en toppmoderne eGPU som dramatisk \u00f8ker spillytelsen til ulike PC-h\u00e5ndholdte enheter, noe som gj\u00f8r den til et ideelt tilbeh\u00f8r for GPD Win Max 2 2024, Win 4 2024 og Win Mini 2024. GPD Win Max 2 2024 har en stor 10,1-tommers skjerm, en kraftig Intel 12. generasjons prosessor og et tastatur i full st\u00f8rrelse, noe som gir en allsidig l\u00f8sning for b\u00e5de spilling og produktivitet. GPD Win 4 2024 har en kompakt design med et uttrekkbart tastatur og drives av en AMD Ryzen 7 7840U-prosessor, noe som gir en perfekt balanse mellom b\u00e6rbarhet og kraft. GPD Win Mini 2024, den nyeste og minste i serien, leverer imponerende ytelse med sin effektive design og avanserte innvendige komponenter, noe som gj\u00f8r den til et ideelt valg for spillere p\u00e5 farten. Sammen med GPD G1 2024 forvandles disse enhetene til b\u00e6rbare spillkraftverk som enkelt kan h\u00e5ndtere de nyeste AAA-titlene og gi en s\u00f8ml\u00f8s, oppslukende spillopplevelse&#8230;    <\/p>\n","protected":false},"excerpt":{"rendered":"<ul>\n<li>GPU: AMD Radeon\u2122<strong> RX 7600M XT<\/strong> eGPU  <\/li>\n<li>KOMPATIBILITET:<strong> OCuLink, USB 4, Thunderbolt 3 og 4<\/strong><\/li>\n<li>OCULINK:<strong> PCI Express-tilkobling<\/strong><\/li>\n<li>USB 4:<strong> opptil 40 Gbps<\/strong><\/li>\n<li>Designet for: <strong>GPD<\/strong> WIN MAX MAX 2, WIN 4, WIN Mini, ROG Ally X  <\/li>\n<\/ul>\n[cg_accordion title=\"BETALINGSINFORMASJON\"]<\/p>\n<p>Vi bruker den nyeste teknologien innen betalingsbehandling, noe som gj\u00f8r at du kan betale via debet- \/ kredittkort eller PayPal for en rask og sikker opplevelse.[\/cg_accordion]\n[cg_accordion title=\"GARANTI\"]<\/p>\n<p>2 \u00e5rs garanti fra <a href=\"https:\/\/droix.net\/\" target=\"_blank\" rel=\"nofollow noopener\">DROIX Global<\/a> for din sjelefred[\/cg_accordion]\n[cg_accordion title=\"KVALITETSSIKRING OG TESTING F\u00d8R UTSENDELSE\"]<\/p>\n<p>Sikrer kundetilfredshet p\u00e5 h\u00f8yeste standard: Hver enhet gjennomg\u00e5r strenge tester og en flerpunkts kvalitetssikringskontroll f\u00f8r den sendes ut. V\u00e5rt dedikerte team verifiserer ytelse, funksjonalitet og komponentintegritet for \u00e5 garantere at GPD-enheten din er i perfekt stand ved ankomst, slik at du kan f\u00f8le deg trygg og sikker. [\/cg_accordion]\n[cg_accordion title=\"PRISER, AVGIFTER OG FRAKT\"]<\/p>\n<p><strong><u>Merk:<\/u><\/strong><\/p>\n<ul>\n<li>Kunder i USA: Den viste prisen inkluderer IKKE SKATT eller avgifter. Ansvaret for \u00e5 fortolle og betale eventuelle tilknyttede skatter\/avgifter ligger p\u00e5 kunden. <\/li>\n<li>EU-kunder: Den viste prisen inkluderer gjeldende SKATT, som kan v\u00e6re opptil 25 % avhengig av hvilket land du bor i.<\/li>\n<li>Kunder i Canada: Den viste prisen inkluderer gjeldende avgifter, som kan inkludere 5 % GST og ytterligere provinsiell omsetningsavgift (PST), harmonisert omsetningsavgift (HST) eller Quebec Sales Tax (QST), avhengig av provinsen din.<\/li>\n<\/ul>\n<p><strong>KUN for EU-kunder:<\/strong> Express DDP (Delivered Duty Paid). Dette betyr: <\/p>\n<ul>\n<li>Alle tollavgifter og skatter er inkludert i prisen som vises p\u00e5 produktsiden.<\/li>\n<li>Du trenger ikke \u00e5 betale noen ekstra kostnader ved levering.<\/li>\n<li>I sjeldne tilfeller av tollrelaterte problemer vil v\u00e5rt team h\u00e5ndtere fortollingsprosessen p\u00e5 dine vegne for \u00e5 sikre en problemfri leveringsopplevelse.<\/li>\n<p>Viktig informasjon om retur:<\/p>\n<li>Hvis du bestemmer deg for \u00e5 returnere bestillingen eller be om refusjon, m\u00e5 du v\u00e6re oppmerksom p\u00e5 at skatter og avgifter som er betalt p\u00e5 dine vegne i henhold til DDP-vilk\u00e5rene, ikke kan refunderes.<\/li>\n<p>Se v\u00e5re <a href=\"https:\/\/droix.net\/terms-and-conditions\/\" target=\"_blank\" rel=\"nofollow noopener\">vilk\u00e5r og betingelser<\/a> for detaljert informasjon.\n<\/ul>\n<p>[\/cg_accordion]\n[cg_accordion title=\"KUNDEST\u00d8TTE\"]<\/p>\n<p>Har du et sp\u00f8rsm\u00e5l? Vi er bare en kort tekstmelding unna \u00e5 l\u00f8se problemet ditt! <\/p>\n<p>Se v\u00e5re <a href=\"https:\/\/gpdstore.net\/no\/terms-of-service\/\" target=\"_blank\" rel=\"nofollow noopener\">vilk\u00e5r og betingelser<\/a> for detaljert informasjon.\n<\/ul>\n<p>[\/cg_accordion]\n[cg_accordion title=\"HVA SOM ER INKLUDERT\"]<\/p>\n<ul>\n<li>1x GPD G1 2024<\/li>\n<li>1x str\u00f8madapter<\/li>\n<li>1x USB Type-C-kabel<\/li>\n<li>1x brukerh\u00e5ndbok<\/li>\n<\/ul>\n<p>[\/cg_accordion]\n","protected":false},"featured_media":15378,"template":"","meta":{"_acf_changed":false},"product_brand":[],"product_cat":[1187],"product_tag":[16887,2115],"woo-feed-brand":[820],"class_list":{"0":"post-7335","1":"product","2":"type-product","3":"status-publish","4":"has-post-thumbnail","6":"product_cat-tilbehor","7":"product_tag-10xmsale-no","8":"product_tag-gpd-g1-no","9":"product_shipping_class-premium","10":"pa_brand-gpd","11":"pa_graphics-gpu-model-radeon-rx-7600m-xt-no","12":"pa_i-o-video-1x-oculink-no","13":"pa_i-o-video-via-1x-usb-4-0-type-c-40-gb-s","14":"woo-feed-brand-gpd-no","16":"first","17":"outofstock","18":"taxable","19":"shipping-taxable","20":"purchasable","21":"product-type-variable","22":"has-default-attributes"},"acf":[],"aioseo_notices":[],"_links":{"self":[{"href":"https:\/\/gpdstore.net\/no\/wp-json\/wp\/v2\/product\/7335","targetHints":{"allow":["GET"]}}],"collection":[{"href":"https:\/\/gpdstore.net\/no\/wp-json\/wp\/v2\/product"}],"about":[{"href":"https:\/\/gpdstore.net\/no\/wp-json\/wp\/v2\/types\/product"}],"wp:featuredmedia":[{"embeddable":true,"href":"https:\/\/gpdstore.net\/no\/wp-json\/wp\/v2\/media\/15378"}],"wp:attachment":[{"href":"https:\/\/gpdstore.net\/no\/wp-json\/wp\/v2\/media?parent=7335"}],"wp:term":[{"taxonomy":"product_brand","embeddable":true,"href":"https:\/\/gpdstore.net\/no\/wp-json\/wp\/v2\/product_brand?post=7335"},{"taxonomy":"product_cat","embeddable":true,"href":"https:\/\/gpdstore.net\/no\/wp-json\/wp\/v2\/product_cat?post=7335"},{"taxonomy":"product_tag","embeddable":true,"href":"https:\/\/gpdstore.net\/no\/wp-json\/wp\/v2\/product_tag?post=7335"},{"taxonomy":"woo-feed-brand","embeddable":true,"href":"https:\/\/gpdstore.net\/no\/wp-json\/wp\/v2\/woo-feed-brand?post=7335"}],"curies":[{"name":"wp","href":"https:\/\/api.w.org\/{rel}","templated":true}]}}