{"id":6909,"date":"2024-08-22T08:22:33","date_gmt":"2024-08-22T08:22:33","guid":{"rendered":"https:\/\/gpdstore.net\/ukategorisert\/gpd-p2-max-2022-mini-laptop\/"},"modified":"2025-12-23T10:07:29","modified_gmt":"2025-12-23T10:07:29","slug":"gpd-p2-max-2022-mini-laptop","status":"publish","type":"product","link":"https:\/\/gpdstore.net\/no\/product\/gpd-p2-max-2022-mini-laptop\/","title":{"rendered":"GPD P2 Max 2022 Mini Laptop"},"content":{"rendered":"\n<figure class=\"wp-block-image aligncenter\"><a href=\"https:\/\/droix.net\/wp-content\/uploads\/2022\/01\/GPD-P2-MAX-2022-MARKETING-IMAGE-1.png\"><img decoding=\"async\" src=\"https:\/\/droix.net\/wp-content\/uploads\/2022\/01\/GPD-P2-MAX-2022-MARKETING-IMAGE-1.png\" alt=\"GPD P2 Max 2022 Ultrabook med stylus\" class=\"wp-image-10581\"\/><\/a><\/figure>\n\n<figure class=\"wp-block-image aligncenter\"><a href=\"https:\/\/droix.net\/wp-content\/uploads\/2022\/01\/GPD-P2-MAX-2022-MARKETING-IMAGE-2.png\"><img decoding=\"async\" src=\"https:\/\/droix.net\/wp-content\/uploads\/2022\/01\/GPD-P2-MAX-2022-MARKETING-IMAGE-2.png\" alt=\"GPD P2 Max 2022 Ultrabook med tastatur\" class=\"wp-image-10582\"\/><\/a><\/figure>\n\n<figure class=\"wp-block-image aligncenter\"><a href=\"https:\/\/droix.net\/wp-content\/uploads\/2022\/01\/GPD-P2-MAX-2022-MARKETING-IMAGE-3.png\"><img decoding=\"async\" src=\"https:\/\/droix.net\/wp-content\/uploads\/2022\/01\/GPD-P2-MAX-2022-MARKETING-IMAGE-3.png\" alt=\"GPD P2 Max 2022 Ultrabook med fingeravtrykkssensor\" class=\"wp-image-10583\"\/><\/a><\/figure>\n\n<figure class=\"wp-block-image aligncenter\"><a href=\"https:\/\/droix.net\/wp-content\/uploads\/2022\/01\/GPD-P2-MAX-2022-MARKETING-IMAGE-4.png\"><img decoding=\"async\" src=\"https:\/\/droix.net\/wp-content\/uploads\/2022\/01\/GPD-P2-MAX-2022-MARKETING-IMAGE-4.png\" alt=\"GPD P2 Max 2022 Ultrabook med prosessor\" class=\"wp-image-10584\"\/><\/a><\/figure>\n\n<figure class=\"wp-block-image aligncenter\"><a href=\"https:\/\/droix.net\/wp-content\/uploads\/2022\/01\/GPD-P2-MAX-2022-MARKETING-IMAGE-5.png\"><img decoding=\"async\" src=\"https:\/\/droix.net\/wp-content\/uploads\/2022\/01\/GPD-P2-MAX-2022-MARKETING-IMAGE-5.png\" alt=\"GPD P2 Max 2022 Ultrabook som viser usb c\" class=\"wp-image-10585\"\/><\/a><\/figure>\n\n<p><span data-contrast=\"none\">En oppdatering av en popul\u00e6r ultrabook er her! <strong>GPD P2 Max 2022<\/strong> inntar scenen med en rekke oppgraderinger for \u00e5 holde den oppdatert og relevant i v\u00e5r tid! Den er den perfekte f\u00f8lgesvenn for lange pendlerreiser, skribenter p\u00e5 reise og alle andre typer situasjoner.  <\/span><\/p>\n\n<p><span data-contrast=\"none\">Hjertet i <strong>P2 Max 2022<\/strong> er Intel Pentium N6000. Denne firekjerners prosessoren kombinerer energieffektivitet med respektabel ytelse. Den h\u00e5ndterer komfortabelt alle daglige oppgaver.  <\/span><\/p>\n\n<p><span data-contrast=\"none\"><strong>16 GB LPDDR4x RAM gir<\/strong> stabil og p\u00e5litelig ytelse n\u00e5r du multitasker og produserer\/redigerer innhold. Kombiner dette med <strong>1 TB rask NVMe-lagring<\/strong>, og du har en fantastisk fleksibel og samtidig sv\u00e6rt b\u00e6rbar arbeidsstasjon. <\/span><\/p>\n\n<p><span data-contrast=\"none\">Den store <strong>8,9-tommers skjermen<\/strong> har en oppl\u00f8sning p\u00e5 hele 2560x1600p, noe som gir deg skarpe og klare bilder for alle dine serier, bilder, videoer og mer. Skjermen er ogs\u00e5 <strong>ber\u00f8ringsf\u00f8lsom<\/strong> og kan til og med brukes med stylus! <\/span><\/p>\n\n<p><span data-contrast=\"none\">N\u00e5r det gjelder tilkoblingsmuligheter, har denne <strong>minib\u00e6rbare<\/strong> PC-en akkurat nok uten \u00e5 bli for klumpete. Med to USB type A-porter, en USB type C-port, en 3,5 mm lydkontakt   <\/span><strong><span data-contrast=\"none\">og<\/span><\/strong><span data-contrast=\"none\">  en Micro HDMI-port, er P2 Max 2022 like komfortabel p\u00e5 fanget som den er festet til en dokkingstasjon! For de som foretrekker tr\u00e5dl\u00f8s tilkobling, har <strong>GPD P2 Max 2022<\/strong> Wi-Fi 6 for maksimal nettverkshastighet og stabilitet. <\/span>.<\/p>\n\n<p><\/p>\n","protected":false},"excerpt":{"rendered":"<ul>\n<li>Intel\u00ae Pentium\u00ae Silver N6000-prosessor<\/li>\n<li><strong>16 GB LPDDR4x RAM<\/strong> @ 2933 MHz<\/li>\n<li><strong>8,9&#8243; ber\u00f8ringsskjerm \/ fingeravtrykksleser<\/strong><\/li>\n<li><strong>1 TB<\/strong> med PCI-E NVMe SSD<\/li>\n<li>Kompatibel med <strong>Windows 11<\/strong><\/li>\n<\/ul>\n<p> [cg_accordion title=\"BETALINGSINFORMASJON\"] Vi bruker den nyeste teknologien innen betalingsbehandling, som lar deg betale via Apple Pay, Google Pay, debet- \/ kredittkortet ditt, PayPal eller BNPL-metoder som Klarna, Affirm eller AfterPay for en rask og sikker opplevelse.[\/cg_accordion] [cg_accordion title=\"GARANTI\"] 2 \u00e5rs garanti fra <a href=\"https:\/\/droix.net\/\" target=\"_blank\" rel=\"nofollow noopener\">DROIX Global<\/a> for din trygghet[\/cg_accordion] [cg_accordion title=\"PRICING, TAXES AND SHIPPING\"] <strong><u>Merk deg dette:<\/u><\/strong><\/p>\n<ul>\n<li>Kunder i USA: Den viste prisen inkluderer IKKE SKATT eller avgifter. Ansvaret for \u00e5 fortolle og betale eventuelle tilknyttede skatter\/avgifter ligger p\u00e5 kunden. <\/li>\n<li>EU-kunder: Den viste prisen inkluderer gjeldende SKATT, som kan v\u00e6re opptil 25 % avhengig av hvilket land du bor i.<\/li>\n<li>Kunder i Canada: Den viste prisen inkluderer gjeldende avgifter, som kan inkludere 5 % GST og ytterligere provinsiell omsetningsavgift (PST), harmonisert omsetningsavgift (HST) eller Quebec Sales Tax (QST), avhengig av provinsen din.<\/li>\n<\/ul>\n<p><strong>KUN for EU-kunder:<\/strong> Express DDP (Delivered Duty Paid). Dette betyr: <\/p>\n<ul>\n<li style=\"list-style-type: none;\">\n<ul>\n<li>Alle tollavgifter og skatter er inkludert i prisen som vises p\u00e5 produktsiden.<\/li>\n<li>Du trenger ikke \u00e5 betale noen ekstra kostnader ved levering.<\/li>\n<li>I sjeldne tilfeller av tollrelaterte problemer vil v\u00e5rt team h\u00e5ndtere fortollingsprosessen p\u00e5 dine vegne for \u00e5 sikre en problemfri leveringsopplevelse.<\/li>\n<p>Viktig informasjon om retur:<\/p>\n<li>Hvis du bestemmer deg for \u00e5 returnere bestillingen eller be om refusjon, m\u00e5 du v\u00e6re oppmerksom p\u00e5 at skatter og avgifter som er betalt p\u00e5 dine vegne i henhold til DDP-vilk\u00e5rene, ikke kan refunderes.<\/li>\n<p>Vennligst se v\u00e5r<\/ul>\n<\/li>\n<\/ul>\n<p><a href=\"https:\/\/gpdstore.net\/no\/terms-of-service\/\" target=\"_blank\" rel=\"nofollow noopener\">Vilk\u00e5r og betingelser<\/a><\/p>\n<ul>for detaljert informasjon.<\/ul>\n<p>[\/cg_accordion] [cg_accordion title=\"KUNDEST\u00d8TTE\"]  Har du et sp\u00f8rsm\u00e5l? Vi er bare en kort tekstmelding unna \u00e5 l\u00f8se problemet ditt!   [\/cg_accordion] [cg_accordion title=\"WHAT'S INCLUDED\"]<\/p>\n<ul>\n<li>1x USB Type-C-kabel<\/li>\n<li>1x str\u00f8madapter<\/li>\n<li>1x brukerh\u00e5ndbok<\/li>\n<\/ul>\n<p>[\/cg_accordion]<\/p>\n","protected":false},"featured_media":6911,"template":"","meta":{"_acf_changed":false},"product_brand":[],"product_cat":[1477,1305],"product_tag":[3493],"woo-feed-brand":[820],"class_list":{"0":"post-6909","1":"product","2":"type-product","3":"status-publish","4":"has-post-thumbnail","6":"product_cat-baerbare-datamaskiner","7":"product_cat-gpd-mini-baerbare-datamaskiner","8":"product_tag-gpd-p2-max-no-2","9":"product_shipping_class-premium","10":"pa_bluetooth-5-no","11":"pa_brand-gpd","12":"pa_display-type-h-ips-no","13":"pa_graphics-gpu-model-intel-uhd-grafikk","14":"pa_i-o-video-via-1x-usb-3-2-gen-2-type-c-no","15":"pa_memory-ram-capacity-16-gb-no","16":"pa_memory-ram-technology-lpddr4x-no","17":"pa_storage-capacity-1-tb-no","18":"pa_wi-fi-wi-fi-6-no","19":"woo-feed-brand-gpd-no","21":"first","22":"outofstock","23":"sale","24":"taxable","25":"shipping-taxable","26":"purchasable","27":"product-type-variable","28":"has-default-attributes"},"acf":[],"aioseo_notices":[],"_links":{"self":[{"href":"https:\/\/gpdstore.net\/no\/wp-json\/wp\/v2\/product\/6909","targetHints":{"allow":["GET"]}}],"collection":[{"href":"https:\/\/gpdstore.net\/no\/wp-json\/wp\/v2\/product"}],"about":[{"href":"https:\/\/gpdstore.net\/no\/wp-json\/wp\/v2\/types\/product"}],"wp:featuredmedia":[{"embeddable":true,"href":"https:\/\/gpdstore.net\/no\/wp-json\/wp\/v2\/media\/6911"}],"wp:attachment":[{"href":"https:\/\/gpdstore.net\/no\/wp-json\/wp\/v2\/media?parent=6909"}],"wp:term":[{"taxonomy":"product_brand","embeddable":true,"href":"https:\/\/gpdstore.net\/no\/wp-json\/wp\/v2\/product_brand?post=6909"},{"taxonomy":"product_cat","embeddable":true,"href":"https:\/\/gpdstore.net\/no\/wp-json\/wp\/v2\/product_cat?post=6909"},{"taxonomy":"product_tag","embeddable":true,"href":"https:\/\/gpdstore.net\/no\/wp-json\/wp\/v2\/product_tag?post=6909"},{"taxonomy":"woo-feed-brand","embeddable":true,"href":"https:\/\/gpdstore.net\/no\/wp-json\/wp\/v2\/woo-feed-brand?post=6909"}],"curies":[{"name":"wp","href":"https:\/\/api.w.org\/{rel}","templated":true}]}}