{"id":6719,"date":"2024-07-12T13:07:42","date_gmt":"2024-07-12T13:07:42","guid":{"rendered":"https:\/\/gpdstore.net\/ukategorisert\/156-4k-baerbar-skjerm-med-beroringsskjerm\/"},"modified":"2025-12-23T10:14:09","modified_gmt":"2025-12-23T10:14:09","slug":"15-6-4k-portable-monitor-with-touchscreen","status":"publish","type":"product","link":"https:\/\/gpdstore.net\/no\/product\/15-6-4k-portable-monitor-with-touchscreen\/","title":{"rendered":"15,6&#8243; 4K b\u00e6rbar skjerm med ber\u00f8ringsskjerm"},"content":{"rendered":"\n<p>Vi presenterer S23b-1 4K b\u00e6rbar skjerm: L\u00f8ft den visuelle opplevelsen din hvor som helst<\/p>\n\n<p>Opplev uovertruffen visuell klarhet og briljans med S23b-1 4K Portable Monitor. Denne skjermen er designet for dem som krever det beste innen b\u00e6rbare skjermer, og leverer fantastisk 4K UHD-oppl\u00f8sning p\u00e5 en kompakt 15,6-tommers skjerm. Enten du redigerer h\u00f8yoppl\u00f8selige bilder, designer komplisert grafikk eller dykker ned i oppslukende spillverdener, s\u00f8rger S23b-1 for at alle detaljer kommer til live med eksepsjonell presisjon og levende farger.  <\/p>\n\n<p>TFT-panelet IPS LCD er designet med overlegen fargen\u00f8yaktighet og brede visningsvinkler, perfekt for \u00e5 dele innhold med venner eller samarbeide med kolleger. Den kapasitive ber\u00f8ringsskjermen med G+G forbedrer interaksjonen og gir deg presis kontroll med s\u00f8ml\u00f8s navigering gjennom menyer og dokumenter. <\/p>\n\n<p>Tilkoblingsmulighetene er enkle med HDMI Mini-port og doble Type-C-porter, som st\u00f8tter str\u00f8mtilf\u00f8rsel og h\u00f8yhastighets dataoverf\u00f8ring mellom flere enheter. For ekstra bekvemmelighet finnes det en hodetelefonport for privat lytting og en Micro-USB-port for eksterne enheter som tastaturer og mus. <\/p>\n\n<p>S23b-1 er laget av en slitesterk aluminiumslegering og kombinerer en elegant, utrolig slank profil med lett b\u00e6rbarhet, noe som gj\u00f8r den til den ideelle f\u00f8lgesvennen p\u00e5 reise eller n\u00e5r du skal forflytte deg mellom arbeidsomr\u00e5der. Det sammenleggbare etuiet kan ogs\u00e5 brukes som stativ for stabil plassering p\u00e5 en hvilken som helst flat overflate, noe som sikrer allsidighet uansett hvor du g\u00e5r. <\/p>\n\n<p>Fordeler:<\/p>\n\n<ul class=\"wp-block-list\">\n<li>Fantastisk 4K UHD-skjerm for oppslukende bilder<\/li>\n\n\n\n<li>Allsidige tilkoblingsmuligheter, inkludert HDMI Mini- og Type-C-porter<\/li>\n\n\n\n<li>Elegant, lett design laget av aluminiumslegering av h\u00f8y kvalitet<\/li>\n\n\n\n<li>Responsiv kapasitiv G+G-ber\u00f8ringsskjerm for intuitiv interaksjon<\/li>\n<\/ul>\n\n<p>Ulemper:<\/p>\n\n<ul class=\"wp-block-list\">\n<li>Begrenset til 15,6-tommers skjermst\u00f8rrelse<\/li>\n\n\n\n<li>De innebygde h\u00f8yttalerne har kanskje ikke samme lydkvalitet som eksterne h\u00f8yttalere<\/li>\n<\/ul>\n\n<p>Enten du er en kreativ profesjonell, ivrig spiller eller entusiast p\u00e5 farten, omdefinerer S23b-1 4K Portable Monitor b\u00e6rbar skjerm med eksepsjonell ytelse i en kompakt innpakning.<\/p>\n","protected":false},"excerpt":{"rendered":"<ul>\n<li><strong>15,6&#8243;<\/strong> b\u00e6rbar <strong>4K-skjerm<\/strong> med ber\u00f8ringsskjerm for h\u00f8y oppl\u00f8sning<\/li>\n<li>Kompakt st\u00f8rrelse p\u00e5 14,17 x 8,4 x 0,43 tommer og en vekt p\u00e5 <strong>920 g<\/strong><\/li>\n<li>Ber\u00f8ringsskjerm kompatibel med <strong>MacOS<\/strong><\/li>\n<li>Ber\u00f8ringsskjermen <strong>st\u00f8tter ber\u00f8ringsinndata<\/strong> p\u00e5 kompatible enheter<\/li>\n<li><strong>Drives av USB<\/strong>, st\u00f8tter mini-HDMI, USB Type-C<\/li>\n<\/ul>\n[cg_accordion title=\"BETALINGSINFORMASJON\"]<\/p>\n<p>Vi bruker den nyeste teknologien innen betalingsbehandling, noe som gj\u00f8r at du kan betale via debet- \/ kredittkort eller PayPal for en rask og sikker opplevelse.[\/cg_accordion]\n[cg_accordion title=\"GARANTI\"]<\/p>\n<p>2 \u00e5rs garanti fra <a href=\"https:\/\/droix.net\/\" target=\"_blank\" rel=\"nofollow noopener\">DROIX Global<\/a> for din sjelefred[\/cg_accordion]\n[cg_accordion title=\"PRISER, AVGIFTER OG FRAKT\"]<\/p>\n<p><strong><u>Merk:<\/u><\/strong><\/p>\n<ul>\n<li>Kunder i USA: Den viste prisen inkluderer IKKE SKATT eller avgifter. Ansvaret for \u00e5 fortolle og betale eventuelle tilknyttede skatter\/avgifter ligger p\u00e5 kunden. <\/li>\n<li>EU-kunder: Den viste prisen inkluderer gjeldende SKATT, som kan v\u00e6re opptil 25 % avhengig av hvilket land du bor i.<\/li>\n<li>Kunder i Canada: Den viste prisen inkluderer gjeldende avgifter, som kan inkludere 5 % GST og ytterligere provinsiell omsetningsavgift (PST), harmonisert omsetningsavgift (HST) eller Quebec Sales Tax (QST), avhengig av provinsen din.<\/li>\n<\/ul>\n<p><strong>KUN for EU-kunder:<\/strong> Express DDP (Delivered Duty Paid). Dette betyr: <\/p>\n<ul>\n<li>Alle tollavgifter og skatter er inkludert i prisen som vises p\u00e5 produktsiden.<\/li>\n<li>Du trenger ikke \u00e5 betale noen ekstra kostnader ved levering.<\/li>\n<li>I sjeldne tilfeller av tollrelaterte problemer vil v\u00e5rt team h\u00e5ndtere fortollingsprosessen p\u00e5 dine vegne for \u00e5 sikre en problemfri leveringsopplevelse.<\/li>\n<p>Viktig informasjon om retur:<\/p>\n<li>Hvis du bestemmer deg for \u00e5 returnere bestillingen eller be om refusjon, m\u00e5 du v\u00e6re oppmerksom p\u00e5 at skatter og avgifter som er betalt p\u00e5 dine vegne i henhold til DDP-vilk\u00e5rene, ikke kan refunderes.<\/li>\n<p>Se v\u00e5re <a href=\"https:\/\/droix.net\/terms-and-conditions\/\" target=\"_blank\" rel=\"nofollow noopener\">vilk\u00e5r og betingelser<\/a> for detaljert informasjon.\n<\/ul>\n<p>[\/cg_accordion]\n[cg_accordion title=\"KUNDEST\u00d8TTE\"]<\/p>\n<p>Har du et sp\u00f8rsm\u00e5l? Vi er bare en kort tekstmelding unna \u00e5 l\u00f8se problemet ditt! <\/p>\n<p>Se v\u00e5re <a href=\"https:\/\/gpdstore.net\/no\/terms-of-service\/\" target=\"_blank\" rel=\"nofollow noopener\">vilk\u00e5r og betingelser<\/a> for detaljert informasjon.\n<\/ul>\n<p>[\/cg_accordion]\n[cg_accordion title=\"HVA SOM ER INKLUDERT\"]<\/p>\n<ul>\n<li>1x str\u00f8mkontakt (EU\/USA)<\/li>\n<li>1x brukerh\u00e5ndbok<\/li>\n<\/ul>\n<p>[\/cg_accordion]\n","protected":false},"featured_media":15927,"template":"","meta":{"_acf_changed":false},"product_brand":[],"product_cat":[2436],"product_tag":[2498,2438],"woo-feed-brand":[2439],"class_list":{"0":"post-6719","1":"product","2":"type-product","3":"status-publish","4":"has-post-thumbnail","6":"product_cat-baerbare-skjermer","7":"product_tag-30gpdsale-no","8":"product_tag-droix-baerbar-monitor","9":"product_shipping_class-standard","10":"pa_brand-droix","11":"woo-feed-brand-droix-no","13":"first","14":"outofstock","15":"sale","16":"taxable","17":"shipping-taxable","18":"purchasable","19":"product-type-variable","20":"has-default-attributes"},"acf":[],"aioseo_notices":[],"_links":{"self":[{"href":"https:\/\/gpdstore.net\/no\/wp-json\/wp\/v2\/product\/6719","targetHints":{"allow":["GET"]}}],"collection":[{"href":"https:\/\/gpdstore.net\/no\/wp-json\/wp\/v2\/product"}],"about":[{"href":"https:\/\/gpdstore.net\/no\/wp-json\/wp\/v2\/types\/product"}],"wp:featuredmedia":[{"embeddable":true,"href":"https:\/\/gpdstore.net\/no\/wp-json\/wp\/v2\/media\/15927"}],"wp:attachment":[{"href":"https:\/\/gpdstore.net\/no\/wp-json\/wp\/v2\/media?parent=6719"}],"wp:term":[{"taxonomy":"product_brand","embeddable":true,"href":"https:\/\/gpdstore.net\/no\/wp-json\/wp\/v2\/product_brand?post=6719"},{"taxonomy":"product_cat","embeddable":true,"href":"https:\/\/gpdstore.net\/no\/wp-json\/wp\/v2\/product_cat?post=6719"},{"taxonomy":"product_tag","embeddable":true,"href":"https:\/\/gpdstore.net\/no\/wp-json\/wp\/v2\/product_tag?post=6719"},{"taxonomy":"woo-feed-brand","embeddable":true,"href":"https:\/\/gpdstore.net\/no\/wp-json\/wp\/v2\/woo-feed-brand?post=6719"}],"curies":[{"name":"wp","href":"https:\/\/api.w.org\/{rel}","templated":true}]}}