{"id":5651,"date":"2024-07-12T08:46:50","date_gmt":"2024-07-12T08:46:50","guid":{"rendered":"https:\/\/gpdstore.net\/ukategorisert\/droix-pm13-2k-baerbar-skjerm\/"},"modified":"2025-09-15T21:32:27","modified_gmt":"2025-09-15T21:32:27","slug":"droix-pm13-2k-portable-monitor","status":"publish","type":"product","link":"https:\/\/gpdstore.net\/no\/product\/droix-pm13-2k-portable-monitor\/","title":{"rendered":"DroiX PM13 2K b\u00e6rbar skjerm"},"content":{"rendered":"\n<figure class=\"wp-block-video\"><video controls=\"\" muted=\"\" poster=\"https:\/\/droix.net\/wp-content\/uploads\/2024\/03\/1.jpg\" src=\"https:\/\/droix.net\/wp-content\/uploads\/2024\/06\/pm131.mp4\"><\/video><\/figure>\n\n<div class=\"wp-block-columns is-layout-flex wp-container-core-columns-is-layout-28f84493 wp-block-columns-is-layout-flex\">\n<div class=\"wp-block-column is-layout-flow wp-block-column-is-layout-flow\" style=\"flex-basis:33.33%\">\n<figure class=\"wp-block-image size-large\"><a href=\"https:\/\/droix.net\/wp-content\/uploads\/2024\/03\/DROIX-S13-GENERIC-DONE-LISTING-IMAGE-1-1.png\"><img decoding=\"async\" src=\"https:\/\/droix.net\/wp-content\/uploads\/2024\/03\/DROIX-S13-GENERIC-DONE-LISTING-IMAGE-1-1-1024x1024.png\" alt=\"Bilde av DroiX b&#xE6;rbar skjerm, 13-tommers, 2K, ultratynn, lett og b&#xE6;rbar\" class=\"wp-image-175965\"\/><\/a><\/figure>\n<\/div>\n\n\n\n<div class=\"wp-block-column is-layout-flow wp-block-column-is-layout-flow\" style=\"flex-basis:66.66%\">\n<h3 class=\"wp-block-heading\"><strong>DroiX PM13 &#8211; 13,0 tommers 4K ultratynn b\u00e6rbar skjerm<\/strong><\/h3>\n\n\n\n<p>DroiX PM13 er en elegant og fj\u00e6rlett b\u00e6rbar 13&#8243; 2K-skjerm som veier bare 494 gram. Den er innkapslet i en slank aluminiumsramme og har ultratynne rammer p\u00e5 0,11&#8243;, og kombinerer stil og bekvemmelighet p\u00e5 en mesterlig m\u00e5te. Den livlige IPS-skjermen byr p\u00e5 rike farger og en ekspansiv 170-graders betraktningsvinkel, noe som gir en fengslende visuell opplevelse. PM13 er kompatibel med en rekke enheter via HDMI og USB-C, og er den ultimate allsidige skjermen for \u00e5 oppgradere oppsettet ditt uansett hvor du er.  <\/p>\n<\/div>\n<\/div>\n\n<div class=\"wp-block-columns is-layout-flex wp-container-core-columns-is-layout-28f84493 wp-block-columns-is-layout-flex\">\n<div class=\"wp-block-column is-layout-flow wp-block-column-is-layout-flow\">\n<h3 class=\"wp-block-heading\">Den ideelle b\u00e6rbare skjermen for b\u00e6rbare datamaskiner<br\/><em>Ingen kompromisser<\/em><\/h3>\n\n\n\n<p>Den b\u00e6rbare DroiX PM13-skjermen tilbyr en eksepsjonell skjermopplevelse med sine enest\u00e5ende funksjoner. Med h\u00f8y lysstyrke og HDR-st\u00f8tte sikrer den klar sikt i alle lysforhold. 100 % sRGB-dekning og 16,7 millioner farger gir den presise fargen\u00f8yaktigheten som er avgj\u00f8rende for fotoredigering og grafisk design. 2K-oppl\u00f8sningen p\u00e5 en 13-tommers skjerm garanterer h\u00f8y pikseltetthet, noe som gir skarpe og levende bilder for b\u00e5de tekst og multimedia. Dette gj\u00f8r PM13 til et f\u00f8rsteklasses valg for b\u00e5de profesjonelle og entusiaster.    <\/p>\n<\/div>\n\n\n\n<div class=\"wp-block-column is-layout-flow wp-block-column-is-layout-flow\">\n<figure class=\"wp-block-image size-full\"><a href=\"https:\/\/droix.net\/wp-content\/uploads\/2024\/03\/2.jpg\"><img decoding=\"async\" src=\"https:\/\/droix.net\/wp-content\/uploads\/2024\/03\/2.jpg\" alt=\"DroiX PM13 b&#xE6;rbar skjerm av h&#xF8;y kvalitet med HDR400-st&#xF8;tte, QHD 2160x1350-oppl&#xF8;sning og 100 % sRGB-dekning\" class=\"wp-image-182193\"\/><\/a><\/figure>\n<\/div>\n<\/div>\n\n<div class=\"wp-block-columns is-layout-flex wp-container-core-columns-is-layout-28f84493 wp-block-columns-is-layout-flex\">\n<div class=\"wp-block-column is-layout-flow wp-block-column-is-layout-flow\">\n<figure class=\"wp-block-image size-full\"><a href=\"https:\/\/droix.net\/wp-content\/uploads\/2024\/07\/3-1.jpg\"><img decoding=\"async\" src=\"https:\/\/droix.net\/wp-content\/uploads\/2024\/07\/3-1.jpg\" alt=\"DroiX PM13 er en b&#xE6;rbar skjerm som er laget for &#xE5; omdefinere kompatibilitet og tilkoblingsmuligheter med et bredt spekter av enheter. Med robust st&#xF8;tte for USB- og ActiveDP-teknologi kan denne skjermen s&#xF8;ml&#xF8;st integreres med en rekke moderne dingser, fra b&#xE6;rbare datamaskiner til smarttelefoner og mer. PM13 er designet for uanstrengt interaksjon og fungerer med enheter som st&#xF8;tter DisplayPort over USB, har Thunderbolt USB-porter eller f&#xF8;lger USB 4-protokollen for videoutgang. Enten du spiller p&#xE5; farten, &#xF8;ker produktiviteten eller nyter multimediainnhold, er PM13 den ultimate f&#xF8;lgesvennen din, med uovertruffen fleksibilitet og ytelse uansett hvor du trenger den   \" class=\"wp-image-182203\"\/><\/a><\/figure>\n<\/div>\n\n\n\n<div class=\"wp-block-column is-layout-flow wp-block-column-is-layout-flow\">\n<h3 class=\"wp-block-heading\">B\u00e6rbarhet og str\u00f8m<br\/><em>Kompatibilitet<\/em><\/h3>\n\n\n\n<p>Opplev den banebrytende allsidigheten til den b\u00e6rbare DroiX PM13-skjermen, som er utviklet for \u00e5 omdefinere kompatibilitet og tilkoblingsmuligheter med et bredt spekter av enheter. Med robust st\u00f8tte for USB- og ActiveDP-teknologi kan denne skjermen s\u00f8ml\u00f8st integreres med en rekke moderne dingser, fra b\u00e6rbare datamaskiner til smarttelefoner og mer. <\/p>\n\n\n\n<p>PM13 er designet for uanstrengt interaksjon og fungerer med enheter som st\u00f8tter DisplayPort over USB, har Thunderbolt USB-porter eller f\u00f8lger USB 4-protokollen for videoutgang. Enten du spiller p\u00e5 farten, \u00f8ker produktiviteten eller nyter multimedieinnhold, er PM13 din ultimate f\u00f8lgesvenn, med uovertruffen fleksibilitet og ytelse uansett hvor du trenger det. <\/p>\n<\/div>\n<\/div>\n\n<div class=\"wp-block-columns is-layout-flex wp-container-core-columns-is-layout-28f84493 wp-block-columns-is-layout-flex\">\n<div class=\"wp-block-column is-layout-flow wp-block-column-is-layout-flow\">\n<h3 class=\"wp-block-heading\">Mer enn en b\u00e6rbar skjerm<br\/><em>Funksjonsrik<\/em><\/h3>\n\n\n\n<p>Den b\u00e6rbare DroiX PM13-skjermen har en allsidig design med et 180\u00b0 justerbart stativ, slik at brukerne kan plassere skjermen i ulike vinkler for optimal visningskomfort. I tillegg har den integrert 75&#215;75 mm VESA-st\u00f8tte, noe som gir mulighet for fleksibel montering p\u00e5 kompatible armer eller stativer. PM13 har innebygde stereoh\u00f8yttalere med en effekt p\u00e5 1,0 W hver for lyd. Selv om disse h\u00f8yttalerne ikke er spesielt kraftige, tilbyr de en praktisk lydl\u00f8sning uten behov for eksterne enheter.   <\/p>\n\n\n\n<h3 class=\"wp-block-heading\"><br\/><\/h3>\n<\/div>\n\n\n\n<div class=\"wp-block-column is-layout-flow wp-block-column-is-layout-flow\">\n<figure class=\"wp-block-image size-full\"><a href=\"https:\/\/droix.net\/wp-content\/uploads\/2024\/07\/4.jpg\"><img decoding=\"async\" src=\"https:\/\/droix.net\/wp-content\/uploads\/2024\/07\/4.jpg\" alt=\"DroiX PM13 b&#xE6;rbar skjerm med 180&#xB0; justerbar st&#xF8;ttefot, slik at brukerne kan plassere skjermen i ulike vinkler for optimal visningskomfort. Den har integrert 75x75 mm VESA-feste for fleksibel montering p&#xE5; kompatible armer eller stativer. PM13 leveres ogs&#xE5; med innebygde stereoh&#xF8;yttalere p&#xE5; 1,0 W hver, noe som gir en praktisk lydl&#xF8;sning uten behov for eksterne enheter.  \" class=\"wp-image-182205\"\/><\/a><\/figure>\n<\/div>\n<\/div>\n\n<div class=\"wp-block-columns is-layout-flex wp-container-core-columns-is-layout-28f84493 wp-block-columns-is-layout-flex\">\n<div class=\"wp-block-column is-layout-flow wp-block-column-is-layout-flow\">\n<figure class=\"wp-block-image size-full\"><a href=\"https:\/\/droix.net\/wp-content\/uploads\/2024\/07\/5.jpg\"><img decoding=\"async\" src=\"https:\/\/droix.net\/wp-content\/uploads\/2024\/07\/5.jpg\" alt=\"DroiX PM13 b&#xE6;rbar skjerm er et eksempel p&#xE5; allsidighet med omfattende kompatibilitet og tilkoblingsmuligheter. Den har fire moduser: Duplisert modus for speiling av innhold, utvidelsesmodus for &#xE5; utvide arbeidsomr&#xE5;det, Second Screen for spillkonsoller og portrettmodus for vertikal orientering. Ideell for profesjonelle, gamere og digitale nomader, og bidrar til &#xF8;kt produktivitet og underholdning i ulike milj&#xF8;er  \" class=\"wp-image-182206\"\/><\/a><\/figure>\n<\/div>\n\n\n\n<div class=\"wp-block-column is-layout-flow wp-block-column-is-layout-flow\">\n<h3 class=\"wp-block-heading\">Forlengelse, duplisering, portrett og mer<br\/><em>Ekte allsidighet<br\/><\/em><\/h3>\n\n\n\n<p>Den b\u00e6rbare DroiX PM13-skjermen er et eksempel p\u00e5 allsidighet med sine omfattende kompatibilitets- og tilkoblingsmuligheter. Den tilbyr fire allsidige moduser: Duplisert modus for speiling av innhold, utvidelsesmodus for \u00e5 utvide arbeidsomr\u00e5det, Second Screen for spillkonsoller og portrettmodus for vertikal orientering. Denne tilpasningsdyktigheten gj\u00f8r den til en ideell f\u00f8lgesvenn for profesjonelle, gamere og digitale nomader, noe som forbedrer produktiviteten og underholdningen i ulike milj\u00f8er.  <\/p>\n\n\n\n<p>4o<\/p>\n<\/div>\n<\/div>\n\n<figure class=\"wp-block-image aligncenter size-large\"><a href=\"https:\/\/droix.net\/wp-content\/uploads\/2024\/07\/7.jpg\"><img decoding=\"async\" src=\"https:\/\/droix.net\/wp-content\/uploads\/2024\/07\/7-1024x420.jpg\" alt=\"Koble din Thunderbolt 3- eller 4-aktiverte MacBook s&#xF8;ml&#xF8;st til den b&#xE6;rbare DroiX PM13-skjermen via Type-C-porten med st&#xF8;tte for DP ALT-MODE. Denne avanserte tilkoblingen sikrer b&#xE5;de videooverf&#xF8;ring og str&#xF8;mtilf&#xF8;rsel gjennom &#xE9;n enkelt Type-C-kabel, noe som maksimerer brukervennlighet og effektivitet. \" class=\"wp-image-182195\"\/><\/a><\/figure>\n\n<p>Koble din Thunderbolt 3- eller 4-aktiverte MacBook s\u00f8ml\u00f8st til den b\u00e6rbare DroiX PM13-skjermen via Type-C-porten med st\u00f8tte for DP ALT-MODE. Denne avanserte tilkoblingen sikrer b\u00e5de videooverf\u00f8ring og str\u00f8mtilf\u00f8rsel gjennom \u00e9n enkelt Type-C-kabel, noe som maksimerer brukervennlighet og effektivitet. <\/p>\n\n<figure class=\"wp-block-image aligncenter size-large is-resized\"><a href=\"https:\/\/droix.net\/wp-content\/uploads\/2024\/03\/8.jpg\"><img decoding=\"async\" src=\"https:\/\/droix.net\/wp-content\/uploads\/2024\/03\/8-1024x420.jpg\" alt=\"Utnytt de avanserte funksjonene til Thunderbolt 3, 4 eller USB 3.1 DP ALT-MODE p&#xE5; smarttelefonen din for s&#xF8;ml&#xF8;s tilkobling til den b&#xE6;rbare DroiX PM13-skjermen for b&#xE5;de videoutgang og str&#xF8;mforsyning. Bruk Type-C-porten med st&#xF8;tte for DP ALT-MODE p&#xE5; smarttelefonen for en str&#xF8;mlinjeformet opplevelse med &#xE9;n enkelt kabel som h&#xE5;ndterer videooverf&#xF8;ring og str&#xF8;mforsyning \" class=\"wp-image-182197\" style=\"width:900px;height:auto\"\/><\/a><\/figure>\n\n<p>Koble enkelt den b\u00e6rbare Windows-maskinen din til den b\u00e6rbare DroiX PM13-skjermen ved hjelp av HDMI- og Type-C-portene for s\u00f8ml\u00f8s videooverf\u00f8ring og str\u00f8mforsyning. Type-C-porten st\u00f8tter str\u00f8mforsyning (PD), mens HDMI-porten s\u00f8rger for HD-videoutgang, slik at du kan nyte forbedret produktivitet og underholdning uten problemer. <\/p>\n\n<figure class=\"wp-block-image aligncenter size-large\"><a href=\"https:\/\/droix.net\/wp-content\/uploads\/2024\/03\/9.jpg\"><img decoding=\"async\" src=\"https:\/\/droix.net\/wp-content\/uploads\/2024\/03\/9-1024x420.jpg\" alt=\"Utnytt de avanserte funksjonene til Thunderbolt 3, 4 eller USB 3.1 DP ALT-MODE p&#xE5; smarttelefonen din for s&#xF8;ml&#xF8;s tilkobling til den b&#xE6;rbare DroiX PM13-skjermen for b&#xE5;de videoutgang og str&#xF8;mforsyning. Bruk Type-C-porten med st&#xF8;tte for DP ALT-MODE p&#xE5; smarttelefonen for en str&#xF8;mlinjeformet opplevelse med &#xE9;n enkelt kabel som h&#xE5;ndterer videooverf&#xF8;ring og str&#xF8;mforsyning \" class=\"wp-image-182198\"\/><\/a><\/figure>\n\n<p>Utnytt de avanserte funksjonene til Thunderbolt 3, 4 eller USB 3.1 DP ALT-MODE p\u00e5 smarttelefonen din for s\u00f8ml\u00f8s tilkobling til den b\u00e6rbare DroiX PM13-skjermen for b\u00e5de videoutgang og str\u00f8mtilf\u00f8rsel. Ved \u00e5 bruke Type-C-porten med DP ALT-MODE-st\u00f8tte p\u00e5 smarttelefonen kan du f\u00e5 en str\u00f8mlinjeformet opplevelse med \u00e9n enkelt kabel som h\u00e5ndterer b\u00e5de videooverf\u00f8ring og str\u00f8mforsyning. <\/p>\n\n<figure class=\"wp-block-image aligncenter size-large\"><a href=\"https:\/\/droix.net\/wp-content\/uploads\/2024\/03\/11.jpg\"><img decoding=\"async\" src=\"https:\/\/droix.net\/wp-content\/uploads\/2024\/03\/11-1024x420.jpg\" alt=\"Den b&#xE6;rbare DroiX PM13-skjermen kan kobles til p&#xE5; ulike m&#xE5;ter, blant annet via USB, ActiveDP, DisplayPort over USB, Thunderbolt USB-porter og USB 4-protokoll for videoutgang, noe som sikrer allsidige tilkoblingsmuligheter.\" class=\"wp-image-182199\"\/><\/a><\/figure>\n\n<figure class=\"wp-block-image aligncenter size-large\"><a href=\"https:\/\/droix.net\/wp-content\/uploads\/2024\/03\/12.jpg\"><img decoding=\"async\" src=\"https:\/\/droix.net\/wp-content\/uploads\/2024\/03\/12-1024x420.jpg\" alt=\"Vanlige sp&#xF8;rsm&#xE5;l om den b&#xE6;rbare DroiX PM13-skjermen\" class=\"wp-image-182200\"\/><\/a><\/figure>\n\n<h3 class=\"wp-block-heading\"><strong>Konklusjon<\/strong><\/h3>\n\n<p>DroiX PM13 omdefinerer essensen av b\u00e6rbare skjermer ved \u00e5 kombinere h\u00f8y oppl\u00f8sning, overlegen b\u00e6rbarhet og omfattende kompatibilitet i en elegant, brukervennlig design. Den er laget for deg som nekter \u00e5 g\u00e5 p\u00e5 kompromiss med kvalitet og funksjonalitet, selv n\u00e5r du er p\u00e5 farten. Omfavn fremtiden for b\u00e6rbare skjermer med DroiX PM13, og opplev den perfekte blandingen av innovasjon og bekvemmelighet med egne \u00f8yne.  <\/p>\n\n<p>Ikke g\u00e5 glipp av muligheten til \u00e5 forbedre opplevelsen av en b\u00e6rbar skjerm med DroiX PM13. Forh\u00e5ndsbestill n\u00e5 for \u00e5 sikre deg en plass blant de f\u00f8rste som f\u00e5r glede av denne banebrytende enheten. Med begrenset tilgjengelighet er dette din sjanse til \u00e5 ta et skritt foran og oppleve det ypperste innen b\u00e6rbar skjermteknologi. Bestill din b\u00e6rbare DroiX PM13-skjerm i dag!   <\/p>\n\n<p>4o<\/p>\n","protected":false},"excerpt":{"rendered":"<ul>\n<li>2K 13&#8243;<strong> IPS-skjerm<\/strong> <\/li>\n<li>100 %<strong> sRGB-dekning<\/strong> <\/li>\n<li>450 <strong>Nits<\/strong> lysstyrke<\/li>\n<li>75&#215;75 mm<strong> VESA-feste<\/strong> <\/li>\n<li> <strong> Innebygde<\/strong> h\u00f8yttalere<\/li>\n<\/ul>\n<p> [cg_accordion title=\"BETALINGSINFORMASJON\"] Vi bruker den nyeste teknologien innen betalingsbehandling, som lar deg betale via debet- \/ kredittkort eller PayPal for en rask og sikker opplevelse.[\/cg_accordion] [cg_accordion title=\"GARANTI\"] 1 eller 2 \u00e5rs* garanti fra <a href=\"https:\/\/droix.net\/\" target=\"_blank\" rel=\"nofollow noopener\">DroiX Global<\/a> for din trygghet[\/cg_accordion] [cg_accordion title=\"FRAKT OG AVGIFTER\"] <strong><u>Merk:<\/u><\/strong> Kunder i USA: Den viste prisen inkluderer alle gjeldende avgifter. EU-kunder: Den viste prisen inkluderer gjeldende SKATT, som kan v\u00e6re opptil 25 % avhengig av hvilket land du bor i. Kunder i Canada: Den viste prisen inkluderer 5 % GST. Frakt og retur h\u00e5ndteres av <a href=\"\" target=\"\" rel=\"\">DroiX<\/a>, en offisiell GPD-distribut\u00f8r. Vi tilbyr rask DHL Express DDP-frakt (Delivered Duty Paid). Alle tollavgifter og skatter er inkludert i den viste prisen &#8211; ingen ekstra betalinger vil bli krevd ved levering. Hvis det oppst\u00e5r tollproblemer, vil v\u00e5rt team h\u00e5ndtere fortollingsprosedyrene p\u00e5 dine vegne. Viktig: Ved retur og ombestemmelse kan ikke skatter og avgifter som er betalt p\u00e5 dine vegne, refunderes p\u00e5 grunn av DDP-fraktvilk\u00e5r. Se v\u00e5re <a href=\"\" target=\"\" rel=\"\">vilk\u00e5r og betingelser<\/a> for detaljert informasjon.        [\/cg_accordion] [cg_accordion title=\"WHAT'S INCLUDED\"]<\/p>\n<ul>\n<li>1x DroiX PM13 b\u00e6rbar skjerm<\/li>\n<li>1x str\u00f8mkontakt (EU\/USA)<\/li>\n<li>1x HDMI-kabel<\/li>\n<li>1x USB Type-C-kabel<\/li>\n<li>1x USB Type-A til Type-C-kabel<\/li>\n<li>1x beskyttelsesetui<\/li>\n<li>1x brukerh\u00e5ndbok<\/li>\n<\/ul>\n<p>[\/cg_accordion]<\/p>\n","protected":false},"featured_media":818496,"template":"","meta":{"_acf_changed":false},"product_brand":[],"product_cat":[2436],"product_tag":[12463,2438],"woo-feed-brand":[2439],"class_list":{"0":"post-5651","1":"product","2":"type-product","3":"status-publish","4":"has-post-thumbnail","6":"product_cat-baerbare-skjermer","7":"product_tag-25bfsale-no","8":"product_tag-droix-baerbar-monitor","9":"product_shipping_class-low-end","10":"pa_brand-droix","11":"woo-feed-brand-droix-no","13":"first","14":"instock","15":"sale","16":"taxable","17":"shipping-taxable","18":"purchasable","19":"product-type-variable","20":"has-default-attributes"},"acf":[],"aioseo_notices":[],"_links":{"self":[{"href":"https:\/\/gpdstore.net\/no\/wp-json\/wp\/v2\/product\/5651","targetHints":{"allow":["GET"]}}],"collection":[{"href":"https:\/\/gpdstore.net\/no\/wp-json\/wp\/v2\/product"}],"about":[{"href":"https:\/\/gpdstore.net\/no\/wp-json\/wp\/v2\/types\/product"}],"wp:featuredmedia":[{"embeddable":true,"href":"https:\/\/gpdstore.net\/no\/wp-json\/wp\/v2\/media\/818496"}],"wp:attachment":[{"href":"https:\/\/gpdstore.net\/no\/wp-json\/wp\/v2\/media?parent=5651"}],"wp:term":[{"taxonomy":"product_brand","embeddable":true,"href":"https:\/\/gpdstore.net\/no\/wp-json\/wp\/v2\/product_brand?post=5651"},{"taxonomy":"product_cat","embeddable":true,"href":"https:\/\/gpdstore.net\/no\/wp-json\/wp\/v2\/product_cat?post=5651"},{"taxonomy":"product_tag","embeddable":true,"href":"https:\/\/gpdstore.net\/no\/wp-json\/wp\/v2\/product_tag?post=5651"},{"taxonomy":"woo-feed-brand","embeddable":true,"href":"https:\/\/gpdstore.net\/no\/wp-json\/wp\/v2\/woo-feed-brand?post=5651"}],"curies":[{"name":"wp","href":"https:\/\/api.w.org\/{rel}","templated":true}]}}