{"id":5188,"date":"2024-05-08T15:41:24","date_gmt":"2024-05-08T15:41:24","guid":{"rendered":"https:\/\/gpdstore.net\/ukategorisert\/gpd-win-4-dokkingstasjon\/"},"modified":"2025-12-23T10:17:51","modified_gmt":"2025-12-23T10:17:51","slug":"gpd-win-4-docking-station","status":"publish","type":"product","link":"https:\/\/gpdstore.net\/no\/product\/gpd-win-4-docking-station\/","title":{"rendered":"GPD WIN 4 dokkingstasjon"},"content":{"rendered":"\n<h3 class=\"wp-block-heading\"><strong>Forvandle din GPD WIN 4 til et skrivebord med den offisielle dokkingstasjonen<\/strong><\/h3>\n\n<p>L\u00f8ft den h\u00e5ndholdte spillopplevelsen din til skrivebordsniv\u00e5 med GPD WIN 4-dokkingstasjonen. Dette viktige tilbeh\u00f8ret utvider ikke bare tilkoblingsmulighetene dine, men forbedrer ogs\u00e5 funksjonaliteten til enheten din og gj\u00f8r den om til en fullt utstyrt stasjon\u00e6r PC. <\/p>\n\n<h3 class=\"wp-block-heading\"><strong>Forbedrede USB-tilkoblingsmuligheter<\/strong><\/h3>\n\n<p>GPD WIN 4-dokkingstasjonen er utstyrt med tre USB 3.2 Gen 2 Type-A-porter, som gir hastigheter p\u00e5 opptil 10 Gbps for tilkobling av en rekke eksterne enheter som tastaturer, mus og eksterne lagringsenheter med h\u00f8y hastighet.<\/p>\n\n<p>Den har ogs\u00e5 en USB 3.2 Gen 2 Type-C-port for hurtiglading, som st\u00f8tter kraftige ladere slik at du raskt kan lade opp enheten din.<\/p>\n\n<h3 class=\"wp-block-heading\"><strong>Overlegne visningsalternativer<\/strong><\/h3>\n\n<p>Opplev h\u00f8yoppl\u00f8selige bilder ved \u00e5 koble GPD WIN 4 til en ekstern skjerm eller TV via HDMI 2.0-porten. Med dette oppsettet kan du bruke GPD WIN 4-skjermen som en sekund\u00e6r skjerm, noe som forbedrer produktiviteten og spillopplevelsen med to skjermfunksjoner. <\/p>\n\n<h3 class=\"wp-block-heading\"><strong>Rask og sikker Internett-tilkobling<\/strong><\/h3>\n\n<p>Dokkingstasjonen har en 1 Gbps RJ45 Ethernet-port som gir en rask og sikker tilkobling for str\u00f8mming, spilling og dataoverf\u00f8ringer, noe som overg\u00e5r tr\u00e5dl\u00f8se hastigheter og sikkerhet.<\/p>\n\n<h3 class=\"wp-block-heading\"><strong>Kompakt design for maksimal b\u00e6rbarhet<\/strong><\/h3>\n\n<p>GPD WIN 5 dokkingstasjon har en kompakt formfaktor, m\u00e5ler bare 3,4 x 5,6 x 3,2 tommer og veier bare 224 g. Dette gj\u00f8r den utrolig portabel og enkel \u00e5 integrere i ethvert arbeidsomr\u00e5de uten \u00e5 skape rot. Den har en avtakbar bakside som gj\u00f8r det enkelt \u00e5 koble til og transportere dokkingstasjonen og enheten.  <\/p>\n\n<p>Dessuten gj\u00f8r dokkingstasjonens design at den andre USB Type-C-porten p\u00e5 GPD WIN 4 er ledig, slik at du kan koble til eksterne enheter med h\u00f8y ytelse, for eksempel en ekstern GPU, noe som forbedrer oppsettet ditt ytterligere.<\/p>\n\n<h3 class=\"wp-block-heading\"><strong>Fordeler og ulemper med GPD WIN 4 dokkingstasjon<\/strong><\/h3>\n\n<h3 class=\"wp-block-heading\"><strong>Fordeler:<\/strong><\/h3>\n\n<ul class=\"wp-block-list\">\n<li>Flere USB 3.2 Gen 2 Type A-porter for ulike eksterne enheter<\/li>\n\n\n\n<li>HDMI 2.0-utgang for eksterne skjermer eller TV-er<\/li>\n\n\n\n<li>H\u00f8yhastighets 1 Gbps Ethernet for p\u00e5litelig Internett-tilkobling<\/li>\n\n\n\n<li>USB Type-C-port for rask lading av enheter<\/li>\n<\/ul>\n\n<h3 class=\"wp-block-heading\"><strong>Ulemper:<\/strong><\/h3>\n\n<ul class=\"wp-block-list\">\n<li>Mangler en ekstra USB Type-C-port for tilkobling av periferiutstyr<\/li>\n<\/ul>\n\n<h3 class=\"wp-block-heading\"><strong>Fordeler med \u00e5 bruke en dokkingstasjon<\/strong><\/h3>\n\n<p>En dokkingstasjon forenkler arbeidsflyten ved \u00e5 koble den b\u00e6rbare datamaskinen til flere eksterne enheter via \u00e9n enkelt kabel. Dette bidrar ikke bare til \u00e5 rydde opp p\u00e5 arbeidsomr\u00e5det, men \u00f8ker ogs\u00e5 produktiviteten ved \u00e5 muliggj\u00f8re oppsett med to skjermer. I tillegg minimerer den slitasjen p\u00e5 enhetens porter og forlenger levetiden til din GPD WIN 4, ettersom den reduserer behovet for \u00e5 koble til og fra flere kabler.  <\/p>\n\n<p>Invester i GPD WIN 4-dokkingstasjonen i dag for \u00e5 forvandle spilloppsettet ditt og effektivisere arbeidsomr\u00e5det ditt, slik at GPD WIN 4 ikke bare blir en spillgadget, men en omfattende arbeidsstasjon.<\/p>\n","protected":false},"excerpt":{"rendered":"<ul>\n<li>Oppbevar og lad din <strong>GPD WIN 4<\/strong><\/li>\n<li>Gj\u00f8r din h\u00e5ndholdte PC om til et <strong>skrivebord<\/strong><\/li>\n<li>Koble til alle eksterne enheter.<\/li>\n<li>Offisiell GPD Dock designet for <strong>GPD WIN 4<\/strong><\/li>\n<li>Liten, lett og reisevennlig<\/li>\n<\/ul>\n[cg_accordion title=\"BETALINGSINFORMASJON\"]<\/p>\n<p>Vi bruker den nyeste teknologien innen betalingsbehandling, noe som gj\u00f8r at du kan betale via debet- \/ kredittkort eller PayPal for en rask og sikker opplevelse.[\/cg_accordion]\n[cg_accordion title=\"GARANTI\"]<\/p>\n<p>2 \u00e5rs garanti fra <a href=\"https:\/\/droix.net\/\" target=\"_blank\" rel=\"nofollow noopener\">DROIX Global<\/a> for din sjelefred[\/cg_accordion]\n[cg_accordion title=\"PRISER, AVGIFTER OG FRAKT\"]<\/p>\n<p><strong><u>Merk:<\/u><\/strong><br \/>\n &#8211; Kunder i USA: Den viste prisen inkluderer alle gjeldende avgifter.<br \/>\n &#8211; EU-kunder: Den viste prisen inkluderer gjeldende SKATT, som kan v\u00e6re opptil 25 % avhengig av hvilket land du bor i.<br \/>\n &#8211; Kunder i Canada: Den viste prisen inkluderer gjeldende avgifter, som kan inkludere 5 % GST og ytterligere provinsielle salgsavgifter (PST), harmonisert salgsavgift (HST) eller Quebec Sales Tax (QST), avhengig av hvilken provins du bor i.[\/cg_accordion]\n[cg_accordion title=\"FRAKT OG RETUR\"]<\/p>\n<p>Organisert av <a href=\"https:\/\/droix.net\/\" target=\"_blank\" rel=\"nofollow noopener\">DroiX<\/a>, en offisiell GPD-distribut\u00f8r, sender vi med DHL Express DDP (Delivered Duty Paid). Dette betyr: <\/p>\n<p>Express DDP (Delivered Duty Paid). Dette betyr at<br \/>\n &#8211; Alle tollavgifter og skatter er inkludert i prisen som vises p\u00e5 produktsiden.<br \/>\n &#8211; Du trenger ikke \u00e5 betale noen ekstra kostnader ved levering.<br \/>\n &#8211; I sjeldne tilfeller av tollrelaterte problemer vil v\u00e5rt team h\u00e5ndtere fortollingsprosessen p\u00e5 dine vegne for \u00e5 sikre en smidig leveringsopplevelse. <\/p>\n<p>Viktig informasjon om retur:<br \/>\n &#8211; Hvis du bestemmer deg for \u00e5 returnere bestillingen din eller be om refusjon, m\u00e5 du v\u00e6re oppmerksom p\u00e5 at skatter og avgifter som er betalt p\u00e5 dine vegne i henhold til DDP-vilk\u00e5rene, ikke kan refunderes.<\/p>\n<p>Se v\u00e5re <a href=\"https:\/\/gpdstore.net\/no\/terms-of-service\/\" target=\"_blank\" rel=\"nofollow noopener\">vilk\u00e5r og betingelser<\/a> for detaljert informasjon.[\/cg_accordion]\n[cg_accordion title=\"HVA SOM ER INKLUDERT\"]<\/p>\n<ul>\n<li>1x GPD WIN 4-dokk<\/li>\n<\/ul>\n<p>[\/cg_accordion]\n","protected":false},"featured_media":12204,"template":"","meta":{"_acf_changed":false},"product_brand":[],"product_cat":[1187],"product_tag":[2135],"woo-feed-brand":[820],"class_list":{"0":"post-5188","1":"product","2":"type-product","3":"status-publish","4":"has-post-thumbnail","6":"product_cat-tilbehor","7":"product_tag-gpd-win-4-accessory-no","8":"product_shipping_class-standard","10":"pa_accessory-type-dokkingstasjon","11":"pa_brand-gpd","12":"woo-feed-brand-gpd-no","14":"first","15":"outofstock","16":"taxable","17":"shipping-taxable","18":"purchasable","19":"product-type-variable","20":"has-default-attributes"},"acf":[],"aioseo_notices":[],"_links":{"self":[{"href":"https:\/\/gpdstore.net\/no\/wp-json\/wp\/v2\/product\/5188","targetHints":{"allow":["GET"]}}],"collection":[{"href":"https:\/\/gpdstore.net\/no\/wp-json\/wp\/v2\/product"}],"about":[{"href":"https:\/\/gpdstore.net\/no\/wp-json\/wp\/v2\/types\/product"}],"wp:featuredmedia":[{"embeddable":true,"href":"https:\/\/gpdstore.net\/no\/wp-json\/wp\/v2\/media\/12204"}],"wp:attachment":[{"href":"https:\/\/gpdstore.net\/no\/wp-json\/wp\/v2\/media?parent=5188"}],"wp:term":[{"taxonomy":"product_brand","embeddable":true,"href":"https:\/\/gpdstore.net\/no\/wp-json\/wp\/v2\/product_brand?post=5188"},{"taxonomy":"product_cat","embeddable":true,"href":"https:\/\/gpdstore.net\/no\/wp-json\/wp\/v2\/product_cat?post=5188"},{"taxonomy":"product_tag","embeddable":true,"href":"https:\/\/gpdstore.net\/no\/wp-json\/wp\/v2\/product_tag?post=5188"},{"taxonomy":"woo-feed-brand","embeddable":true,"href":"https:\/\/gpdstore.net\/no\/wp-json\/wp\/v2\/woo-feed-brand?post=5188"}],"curies":[{"name":"wp","href":"https:\/\/api.w.org\/{rel}","templated":true}]}}