{"id":4836,"date":"2023-03-26T13:55:57","date_gmt":"2023-03-26T13:55:57","guid":{"rendered":"https:\/\/gpdstore.net\/ukategorisert\/gpd-lomme-3\/"},"modified":"2026-04-06T08:51:29","modified_gmt":"2026-04-06T08:51:29","slug":"gpd-pocket-3","status":"publish","type":"product","link":"https:\/\/gpdstore.net\/no\/product\/gpd-pocket-3\/","title":{"rendered":"GPD Pocket 3 Mini Laptop"},"content":{"rendered":"\n<figure class=\"wp-block-video\"><video controls=\"\" poster=\"https:\/\/gpdstore.net\/wp-content\/uploads\/2023\/03\/s-l1600-2025-11-11T121147209.webp\" src=\"https:\/\/gpdstore.net\/wp-content\/uploads\/2023\/03\/kaezXFcAdRaf7bFG0dm_1100204901809_mp4_265_hd-1.mp4\"><\/video><\/figure>\n\n<div class=\"wp-block-columns is-layout-flex wp-container-core-columns-is-layout-28f84493 wp-block-columns-is-layout-flex\">\n<div class=\"wp-block-column is-layout-flow wp-block-column-is-layout-flow\" style=\"flex-basis:33.33%\">\n<figure class=\"wp-block-image size-full\"><a href=\"https:\/\/gpdstore.net\/wp-content\/uploads\/2023\/03\/Wholesale-Price-GPD-Pocket-3-Mini-Laptop-16GB-1TB-i7-GPD-Pocket-3jpg_.webp\"><img fetchpriority=\"high\" decoding=\"async\" width=\"800\" height=\"800\" src=\"https:\/\/gpdstore.net\/wp-content\/uploads\/2023\/03\/Wholesale-Price-GPD-Pocket-3-Mini-Laptop-16GB-1TB-i7-GPD-Pocket-3jpg_.webp\" alt=\"GPD Pocket 3, en kompakt og kraftig minib&#xE6;rbar datamaskin som er designet for allsidig databehandling og b&#xE6;rbarhet.\" class=\"wp-image-1263941\" srcset=\"https:\/\/gpdstore.net\/wp-content\/uploads\/2023\/03\/Wholesale-Price-GPD-Pocket-3-Mini-Laptop-16GB-1TB-i7-GPD-Pocket-3jpg_.webp 800w, https:\/\/gpdstore.net\/wp-content\/uploads\/2023\/03\/Wholesale-Price-GPD-Pocket-3-Mini-Laptop-16GB-1TB-i7-GPD-Pocket-3jpg_-600x600.webp 600w, https:\/\/gpdstore.net\/wp-content\/uploads\/2023\/03\/Wholesale-Price-GPD-Pocket-3-Mini-Laptop-16GB-1TB-i7-GPD-Pocket-3jpg_-150x150.webp 150w, https:\/\/gpdstore.net\/wp-content\/uploads\/2023\/03\/Wholesale-Price-GPD-Pocket-3-Mini-Laptop-16GB-1TB-i7-GPD-Pocket-3jpg_-768x768.webp 768w, https:\/\/gpdstore.net\/wp-content\/uploads\/2023\/03\/Wholesale-Price-GPD-Pocket-3-Mini-Laptop-16GB-1TB-i7-GPD-Pocket-3jpg_-65x65.webp 65w, https:\/\/gpdstore.net\/wp-content\/uploads\/2023\/03\/Wholesale-Price-GPD-Pocket-3-Mini-Laptop-16GB-1TB-i7-GPD-Pocket-3jpg_-360x360.webp 360w, https:\/\/gpdstore.net\/wp-content\/uploads\/2023\/03\/Wholesale-Price-GPD-Pocket-3-Mini-Laptop-16GB-1TB-i7-GPD-Pocket-3jpg_-441x441.webp 441w, https:\/\/gpdstore.net\/wp-content\/uploads\/2023\/03\/Wholesale-Price-GPD-Pocket-3-Mini-Laptop-16GB-1TB-i7-GPD-Pocket-3jpg_-100x100.webp 100w\" sizes=\"(max-width: 800px) 100vw, 800px\" \/><\/a><\/figure>\n<\/div>\n\n\n\n<div class=\"wp-block-column is-layout-flow wp-block-column-is-layout-flow\" style=\"flex-basis:66.66%\">\n<h2 class=\"wp-block-heading\"><strong><br\/><\/strong><strong>GPD Pocket 3: Kompakt kraftpakke med<br\/>Intel Pentium Gold 7505-ytelse<\/strong><\/h2>\n\n\n\n<p><strong>GPD Pocket 3<\/strong> er n\u00e5 tilgjengelig i en str\u00f8mlinjeformet konfigurasjon med <a href=\"https:\/\/www.intel.com\/content\/www\/us\/en\/products\/sku\/208667\/intel-pentium-gold-7505-processor-4m-cache-up-to-3-50-ghz-with-ipu\/specifications.html\" target=\"_blank\" rel=\"noopener nofollow\" title=\"\">Intel Pentium Gold 7505-prosessor<\/a>. Med fire kjerner og \u00e5tte tr\u00e5der, og boost-hastigheter p\u00e5 opptil 3,5 GHz, leverer denne prosessoren solid ytelse for daglig produktivitet og multitasking. <\/p>\n\n\n\n<p>Sammen med 16 GB LPDDR4x RAM med en hastighet p\u00e5 3733 MHz og en rask M.2 <a href=\"https:\/\/droix.net\/product\/ayn-odin-2-super-dock\/\" target=\"_blank\" rel=\"noopener nofollow\" title=\"\">NVMe<\/a> SSD, gir Pocket 3 en smidig opplevelse for oppgaver som dokumentredigering, nettsurfing, videostr\u00f8mming og lett kreativt arbeid. Den kompakte designen og det modul\u00e6re portsystemet gj\u00f8r den ideell for profesjonelle og entusiaster som trenger en kraftig, men b\u00e6rbar Windows-enhet. <\/p>\n\n\n\n<p>Enten du jobber eksternt, er p\u00e5 reise eller trenger en allsidig, ultrab\u00e6rbar PC, har GPD Pocket 3 med Intel Pentium Gold den perfekte balansen mellom ytelse og b\u00e6rbarhet.<\/p>\n<\/div>\n<\/div>\n\n<h2 class=\"wp-block-heading has-text-align-center\">Utviklet for profesjonelle: Allsidighet, kontroll og fremragende design<\/h2>\n\n<div class=\"wp-block-columns is-layout-flex wp-container-core-columns-is-layout-28f84493 wp-block-columns-is-layout-flex\">\n<div class=\"wp-block-column is-layout-flow wp-block-column-is-layout-flow\">\n<figure class=\"wp-block-image size-full\"><img decoding=\"async\" width=\"300\" height=\"300\" src=\"https:\/\/gpdstore.net\/wp-content\/uploads\/2023\/03\/87affa8a-19ce-4c6d-891b-43840ae1d1f6__CR00300300_PT0_SX300_V1___.jpg\" alt=\"GPD Pocket 3 mini-b&#xE6;rbar PC med 180 graders rotasjonsskjerm og 180 graders vippefunksjon, noe som gir fleksible visnings- og bruksalternativer\" class=\"wp-image-1263942\" srcset=\"https:\/\/gpdstore.net\/wp-content\/uploads\/2023\/03\/87affa8a-19ce-4c6d-891b-43840ae1d1f6__CR00300300_PT0_SX300_V1___.jpg 300w, https:\/\/gpdstore.net\/wp-content\/uploads\/2023\/03\/87affa8a-19ce-4c6d-891b-43840ae1d1f6__CR00300300_PT0_SX300_V1___-150x150.jpg 150w, https:\/\/gpdstore.net\/wp-content\/uploads\/2023\/03\/87affa8a-19ce-4c6d-891b-43840ae1d1f6__CR00300300_PT0_SX300_V1___-65x65.jpg 65w, https:\/\/gpdstore.net\/wp-content\/uploads\/2023\/03\/87affa8a-19ce-4c6d-891b-43840ae1d1f6__CR00300300_PT0_SX300_V1___-100x100.jpg 100w\" sizes=\"(max-width: 300px) 100vw, 300px\" \/><\/figure>\n\n\n\n<h3 class=\"wp-block-heading\"><strong><strong>En skjerm som tilpasser seg:<\/strong> Den 180\u00b0 dreibare skjermen med holdbarhet i pulvermetallurgi.<\/strong><\/h3>\n\n\n\n<p>V\u00e5r innovativt konstruerte svingbare skjerm, som er laget ved hjelp av avansert pulvermetallurgiteknologi, muliggj\u00f8r jevn 180-graders \u00e9nh\u00e5ndsrotasjon rundt Y-aksen. Den har best\u00e5tt strenge holdbarhetstester, og har t\u00e5lt 100 000 kontinuerlige robotoperasjoner (inkludert rotasjon, \u00e5pning og lukking) med en imponerende servicegrad p\u00e5 99,3 %. <\/p>\n<\/div>\n\n\n\n<div class=\"wp-block-column is-layout-flow wp-block-column-is-layout-flow\">\n<figure class=\"wp-block-image size-full\"><img decoding=\"async\" width=\"300\" height=\"300\" src=\"https:\/\/gpdstore.net\/wp-content\/uploads\/2023\/03\/9728f488-7c9a-4702-8194-6d4228a0fa83__CR00300300_PT0_SX300_V1___.jpg\" alt=\"GPD Pocket 3 mini laptop med st&#xF8;tte for penn, noe som gir presis inndata og &#xF8;kt produktivitet.\" class=\"wp-image-1263943\" srcset=\"https:\/\/gpdstore.net\/wp-content\/uploads\/2023\/03\/9728f488-7c9a-4702-8194-6d4228a0fa83__CR00300300_PT0_SX300_V1___.jpg 300w, https:\/\/gpdstore.net\/wp-content\/uploads\/2023\/03\/9728f488-7c9a-4702-8194-6d4228a0fa83__CR00300300_PT0_SX300_V1___-150x150.jpg 150w, https:\/\/gpdstore.net\/wp-content\/uploads\/2023\/03\/9728f488-7c9a-4702-8194-6d4228a0fa83__CR00300300_PT0_SX300_V1___-65x65.jpg 65w, https:\/\/gpdstore.net\/wp-content\/uploads\/2023\/03\/9728f488-7c9a-4702-8194-6d4228a0fa83__CR00300300_PT0_SX300_V1___-100x100.jpg 100w\" sizes=\"(max-width: 300px) 100vw, 300px\" \/><\/figure>\n\n\n\n<h3 class=\"wp-block-heading\"><strong><strong><strong>Presisjonsinndata:<\/strong> Med det Red Dot-prisbel\u00f8nte QWERTY-tastaturet og en penn p\u00e5 4096 niv\u00e5er.<\/strong><\/strong><\/h3>\n\n\n\n<p>Pocket 3 har st\u00f8tte for aktiv penn med 4096 niv\u00e5er av trykkf\u00f8lsomhet, noe som gir original h\u00e5ndskriftspresisjon. Den er kompatibel med Surface Pen via Microsoft MPP 2.0-protokollen, og gj\u00f8r det mulig \u00e5 skrive notater, anmerkninger og signaturer p\u00e5 en s\u00f8ml\u00f8s m\u00e5te, noe som gir mulighet for presis og kreativ innholdsskaping n\u00e5r som helst. <\/p>\n<\/div>\n\n\n\n<div class=\"wp-block-column is-layout-flow wp-block-column-is-layout-flow\">\n<figure class=\"wp-block-image size-full\"><img loading=\"lazy\" decoding=\"async\" width=\"300\" height=\"300\" src=\"https:\/\/gpdstore.net\/wp-content\/uploads\/2023\/03\/a2d68f01-c1f4-4886-afb1-90dae8b01b16__CR00300300_PT0_SX300_V1___.jpg\" alt=\"GPD Pocket 3 mini-laptop med et ultratynt 1080P-kamera som gir HD-videokvalitet for klare og skarpe videosamtaler\" class=\"wp-image-1263944\" srcset=\"https:\/\/gpdstore.net\/wp-content\/uploads\/2023\/03\/a2d68f01-c1f4-4886-afb1-90dae8b01b16__CR00300300_PT0_SX300_V1___.jpg 300w, https:\/\/gpdstore.net\/wp-content\/uploads\/2023\/03\/a2d68f01-c1f4-4886-afb1-90dae8b01b16__CR00300300_PT0_SX300_V1___-150x150.jpg 150w, https:\/\/gpdstore.net\/wp-content\/uploads\/2023\/03\/a2d68f01-c1f4-4886-afb1-90dae8b01b16__CR00300300_PT0_SX300_V1___-65x65.jpg 65w, https:\/\/gpdstore.net\/wp-content\/uploads\/2023\/03\/a2d68f01-c1f4-4886-afb1-90dae8b01b16__CR00300300_PT0_SX300_V1___-100x100.jpg 100w\" sizes=\"(max-width: 300px) 100vw, 300px\" \/><\/figure>\n\n\n\n<h3 class=\"wp-block-heading\"><strong><strong><strong>Tydelig kommunikasjon:<\/strong> Koble til hvor som helst med det ultratynne vidvinkelkameraet p\u00e5 1080P.<\/strong><\/strong><\/h3>\n\n\n\n<p>1080P HD-ultratynt minikamera med 2 millioner piksler og et bredt synsfelt p\u00e5 77\u00b0. Dermed kan du kommunisere med familien via direkte webcast eller holde videokonferanser med kolleger n\u00e5r som helst og hvor som helst. <\/p>\n<\/div>\n<\/div>\n\n<div class=\"wp-block-columns is-layout-flex wp-container-core-columns-is-layout-28f84493 wp-block-columns-is-layout-flex\">\n<div class=\"wp-block-column is-layout-flow wp-block-column-is-layout-flow\">\n<figure class=\"wp-block-image size-full\"><img loading=\"lazy\" decoding=\"async\" width=\"300\" height=\"400\" src=\"https:\/\/gpdstore.net\/wp-content\/uploads\/2023\/03\/dfaad9ca-c981-4178-9f69-19a4a5cf5f38__CR00300400_PT0_SX300_V1___.jpg\" alt=\"GPD Pocket 3 mini-b&#xE6;rbar PC med KVM-kontroll, som gir s&#xF8;ml&#xF8;s integrering og styring av flere enheter fra ett enkelt grensesnitt\" class=\"wp-image-1263945\" srcset=\"https:\/\/gpdstore.net\/wp-content\/uploads\/2023\/03\/dfaad9ca-c981-4178-9f69-19a4a5cf5f38__CR00300400_PT0_SX300_V1___.jpg 300w, https:\/\/gpdstore.net\/wp-content\/uploads\/2023\/03\/dfaad9ca-c981-4178-9f69-19a4a5cf5f38__CR00300400_PT0_SX300_V1___-150x200.jpg 150w\" sizes=\"(max-width: 300px) 100vw, 300px\" \/><\/figure>\n<\/div>\n\n\n\n<div class=\"wp-block-column is-layout-flow wp-block-column-is-layout-flow\">\n<h3 class=\"wp-block-heading\"><strong>IT-administrasjonskraft:<\/strong> Servertilgang p\u00e5 maskinvareniv\u00e5 via den hurtigutskiftbare KVM-modulen.<\/h3>\n\n\n\n<p>I motsetning til &#8220;eksternt skrivebord&#8221; brukes KVM-kontrollmodulen til tilgangskontroll p\u00e5 maskinvareniv\u00e5 som dekker hele bruksprosessen til den aktuelle serveren, fra oppstart, BIOS-innstillinger til operasjoner i operativsystemet.<\/p>\n\n\n\n<p>Den kan byttes ut ved behov, men har ingen IP KVM, s\u00e5 den st\u00f8tter ikke fjernstyring og egner seg for styring av lokalt nettverksutstyr som ikke har tastatur, mus og skjerm.<\/p>\n\n\n\n<p>*KVVM-modul\/RS-232-modul\/stylus selges separat<\/p>\n<\/div>\n\n\n\n<div class=\"wp-block-column is-layout-flow wp-block-column-is-layout-flow\">\n<figure class=\"wp-block-image size-full\"><img loading=\"lazy\" decoding=\"async\" width=\"350\" height=\"175\" src=\"https:\/\/gpdstore.net\/wp-content\/uploads\/2023\/03\/c011901a-1c49-4ed6-b6e2-a74a6089bf57__CR00350175_PT0_SX350_V1___-1.jpg\" alt=\"GPD Pocket 3 mini-b&#xE6;rbar PC med QWERTY-tastatur, designet for komfortabel og effektiv skriving i en kompakt formfaktor\" class=\"wp-image-1263946\" srcset=\"https:\/\/gpdstore.net\/wp-content\/uploads\/2023\/03\/c011901a-1c49-4ed6-b6e2-a74a6089bf57__CR00350175_PT0_SX350_V1___-1.jpg 350w, https:\/\/gpdstore.net\/wp-content\/uploads\/2023\/03\/c011901a-1c49-4ed6-b6e2-a74a6089bf57__CR00350175_PT0_SX350_V1___-1-150x75.jpg 150w\" sizes=\"(max-width: 350px) 100vw, 350px\" \/><\/figure>\n\n\n\n<h3 class=\"wp-block-heading\"><strong>&#8220;QWERTY&#8221;-tastatur<\/strong><\/h3>\n\n\n\n<p>V\u00e5rt anerkjente &#8220;QWERTY&#8221;-tastatur i chiclet-sjokoladestil, som har vunnet den tyske Red Dot Award, er optimalisert for skriving med begge hender ved at de viktigste tastene er konsentrert i midten, noe som gj\u00f8r det sv\u00e6rt behagelig \u00e5 spille tastatur- og musestyrte spill p\u00e5 denne enheten!<\/p>\n<\/div>\n<\/div>\n\n<h2 class=\"wp-block-heading has-text-align-center\">Innganger av profesjonell kvalitet: Maskinvarekontroll og ergonomisk skriving<\/h2>\n\n<figure class=\"wp-block-image aligncenter size-full\"><img loading=\"lazy\" decoding=\"async\" width=\"1024\" height=\"678\" src=\"https:\/\/gpdstore.net\/wp-content\/uploads\/2023\/03\/GPD-POCKET-3-MARKETING-IMAGE-2-1024x678-1.jpg\" alt=\"GPD Pocket 3 mini-b&#xE6;rbar PC med mulighet for tilkobling av flere skjermer for &#xF8;kt produktivitet og multitasking\" class=\"wp-image-1263947\" srcset=\"https:\/\/gpdstore.net\/wp-content\/uploads\/2023\/03\/GPD-POCKET-3-MARKETING-IMAGE-2-1024x678-1.jpg 1024w, https:\/\/gpdstore.net\/wp-content\/uploads\/2023\/03\/GPD-POCKET-3-MARKETING-IMAGE-2-1024x678-1-600x397.jpg 600w, https:\/\/gpdstore.net\/wp-content\/uploads\/2023\/03\/GPD-POCKET-3-MARKETING-IMAGE-2-1024x678-1-768x509.jpg 768w, https:\/\/gpdstore.net\/wp-content\/uploads\/2023\/03\/GPD-POCKET-3-MARKETING-IMAGE-2-1024x678-1-360x238.jpg 360w, https:\/\/gpdstore.net\/wp-content\/uploads\/2023\/03\/GPD-POCKET-3-MARKETING-IMAGE-2-1024x678-1-990x655.jpg 990w, https:\/\/gpdstore.net\/wp-content\/uploads\/2023\/03\/GPD-POCKET-3-MARKETING-IMAGE-2-1024x678-1-441x292.jpg 441w, https:\/\/gpdstore.net\/wp-content\/uploads\/2023\/03\/GPD-POCKET-3-MARKETING-IMAGE-2-1024x678-1-150x99.jpg 150w\" sizes=\"(max-width: 1024px) 100vw, 1024px\" \/><\/figure>\n\n<p>GPD er tilbake med den tredje utgaven av sin popul\u00e6re serie med b\u00e6rbare minidatamaskiner, med det treffende navnet <strong>GPD Pocket 3<\/strong>! Denne funksjonsspekkede b\u00e6rbare datamaskinen med liten formfaktor er fullt utstyrt og fleksibel nok til \u00e5 dekke alle dine daglige databehov med letthet.<\/p>\n\n<p>I tillegg til de mange grensesnittene enheten allerede har (USB, Thunderbolt, RJ45 osv.), har GPD Pocket 3 ogs\u00e5 et &#8220;modul\u00e6rt tilkoblingsgrensesnitt&#8221;. Dette gj\u00f8r at du fritt kan justere portene p\u00e5 <strong>GPD Pocket 3<\/strong> etter dine behov. Vil du ha en ekstra USB-port til en annen enhet? Det er ikke noe problem. Trenger du et grensesnitt mot en server? Det er enkelt med den dedikerte KVM-modulen!     <\/p>\n\n<p><strong>GPD Pocket 3<\/strong> er fullpakket med nyttige funksjoner og egenskaper. Innebygd mikrofon? Den har du. 360-graders roterbar skjerm? Ja visst! HDMI-port? Den er der allerede!      <\/p>\n\n<p>Enten du er interessert i high-end- eller basismodellen, f\u00e5r du en b\u00e6rbar PC som er sv\u00e6rt portabel og kan tilpasses slik at den passer perfekt til deg.<\/p>\n\n<figure class=\"wp-block-image aligncenter size-full\"><img loading=\"lazy\" decoding=\"async\" width=\"970\" height=\"600\" src=\"https:\/\/gpdstore.net\/wp-content\/uploads\/2023\/03\/28ee65cf-aa50-4535-b107-c1d20069d506__CR00970600_PT0_SX970_V1___.jpg\" alt=\"GPD Pocket 3 mini laptop systemparametere, inkludert prosessor-, minne-, lagrings- og skjermspesifikasjoner for optimal ytelse.\" class=\"wp-image-1263948\" srcset=\"https:\/\/gpdstore.net\/wp-content\/uploads\/2023\/03\/28ee65cf-aa50-4535-b107-c1d20069d506__CR00970600_PT0_SX970_V1___.jpg 970w, https:\/\/gpdstore.net\/wp-content\/uploads\/2023\/03\/28ee65cf-aa50-4535-b107-c1d20069d506__CR00970600_PT0_SX970_V1___-600x371.jpg 600w, https:\/\/gpdstore.net\/wp-content\/uploads\/2023\/03\/28ee65cf-aa50-4535-b107-c1d20069d506__CR00970600_PT0_SX970_V1___-768x475.jpg 768w, https:\/\/gpdstore.net\/wp-content\/uploads\/2023\/03\/28ee65cf-aa50-4535-b107-c1d20069d506__CR00970600_PT0_SX970_V1___-360x223.jpg 360w, https:\/\/gpdstore.net\/wp-content\/uploads\/2023\/03\/28ee65cf-aa50-4535-b107-c1d20069d506__CR00970600_PT0_SX970_V1___-441x273.jpg 441w, https:\/\/gpdstore.net\/wp-content\/uploads\/2023\/03\/28ee65cf-aa50-4535-b107-c1d20069d506__CR00970600_PT0_SX970_V1___-150x93.jpg 150w\" sizes=\"(max-width: 970px) 100vw, 970px\" \/><\/figure>\n","protected":false},"excerpt":{"rendered":"<ul>\n<li>Intel\u00ae Pentium\u00ae Gold 7505 opptil 3,50 GHz; 4 kjerner\/8 tr\u00e5der<\/li>\n<li><strong>16 GB LPDDR4x RAM<\/strong> @ 3733 MHz<\/li>\n<li><strong>Thunderbolt 4 \/ 8&#8243; ber\u00f8ringsskjerm \/ fingeravtrykksskanner<\/strong><\/li>\n<li><strong>Opptil 4 TB<\/strong> PCI-E NVMe SSD<\/li>\n<li>Modul\u00e6r med <strong>KVM\/RS-232-porter <\/strong>(selges separat)<\/li>\n<\/ul>\n<p><img loading=\"lazy\" decoding=\"async\" src=\"https:\/\/gpdstore.net\/wp-content\/uploads\/2024\/08\/POCKET-4-FREEBIE-LONG.jpg\" alt=\"Reklamebanner for GPD Pocket 4 med tilbud om et gratis beskyttelsesetui. Teksten lyder \"GRATIS GAVER - BESKYTTELSESETui - LEGGES AUTOMATISK TIL HANDLETUREN\", ledsaget av et bilde av et elegant, svart beskyttelsesetui\" width=\"1000\" height=\"140\" class=\"alignnone size-full wp-image-973719\" srcset=\"https:\/\/gpdstore.net\/wp-content\/uploads\/2024\/08\/POCKET-4-FREEBIE-LONG.jpg 1000w, https:\/\/gpdstore.net\/wp-content\/uploads\/2024\/08\/POCKET-4-FREEBIE-LONG-600x84.jpg 600w, https:\/\/gpdstore.net\/wp-content\/uploads\/2024\/08\/POCKET-4-FREEBIE-LONG-768x108.jpg 768w, https:\/\/gpdstore.net\/wp-content\/uploads\/2024\/08\/POCKET-4-FREEBIE-LONG-360x50.jpg 360w, https:\/\/gpdstore.net\/wp-content\/uploads\/2024\/08\/POCKET-4-FREEBIE-LONG-990x139.jpg 990w, https:\/\/gpdstore.net\/wp-content\/uploads\/2024\/08\/POCKET-4-FREEBIE-LONG-441x62.jpg 441w, https:\/\/gpdstore.net\/wp-content\/uploads\/2024\/08\/POCKET-4-FREEBIE-LONG-150x21.jpg 150w\" sizes=\"(max-width: 1000px) 100vw, 1000px\" \/><\/p>\n<p> [cg_accordion title=\"BETALINGSINFORMASJON\"] Vi bruker den nyeste teknologien innen betalingsbehandling, som lar deg betale via debet- \/ kredittkort eller PayPal for en rask og sikker opplevelse.[\/cg_accordion] [cg_accordion title=\"GARANTI\"] 2 \u00e5rs garanti fra <a href=\"https:\/\/droix.net\/\" target=\"_blank\" rel=\"nofollow noopener\">DROIX Global<\/a> for din sjelefred[\/cg_accordion] [cg_accordion title=\"KVALITETSSIKRING OG TESTING F\u00d8R UTSENDELSE\"] Sikrer kundetilfredshet p\u00e5 h\u00f8yeste standard: Hver enhet gjennomg\u00e5r strenge tester og en flerpunkts kvalitetssikringskontroll f\u00f8r den sendes ut. V\u00e5rt dedikerte team verifiserer ytelse, funksjonalitet og komponentintegritet for \u00e5 garantere at GPD-enheten din er i perfekt stand ved ankomst, noe som gir deg tillit og trygghet.[\/cg_accordion] [cg_accordion title=\"PRISER, AVGIFTER OG FRAKT\"] <strong><u>Merk:<\/u><\/strong><\/p>\n<ul>\n<li>Kunder i USA: Den viste prisen inkluderer IKKE SKATT eller avgifter. Ansvaret for \u00e5 fortolle og betale eventuelle tilknyttede skatter\/avgifter ligger p\u00e5 kunden. <\/li>\n<li>EU-kunder: Den viste prisen inkluderer gjeldende SKATT, som kan v\u00e6re opptil 25 % avhengig av hvilket land du bor i.<\/li>\n<li>Kunder i Canada: Den viste prisen inkluderer gjeldende avgifter, som kan inkludere 5 % GST og ytterligere provinsiell omsetningsavgift (PST), harmonisert omsetningsavgift (HST) eller Quebec Sales Tax (QST), avhengig av provinsen din.<\/li>\n<\/ul>\n<p><strong>KUN for EU-kunder:<\/strong> Express DDP (Delivered Duty Paid). Dette betyr: <\/p>\n<ul>\n<li style=\"list-style-type: none;\">\n<ul>\n<li>Alle tollavgifter og skatter er inkludert i prisen som vises p\u00e5 produktsiden.<\/li>\n<li>Du trenger ikke \u00e5 betale noen ekstra kostnader ved levering.<\/li>\n<li>I sjeldne tilfeller av tollrelaterte problemer vil v\u00e5rt team h\u00e5ndtere fortollingsprosessen p\u00e5 dine vegne for \u00e5 sikre en problemfri leveringsopplevelse.<\/li>\n<p>Viktig informasjon om retur:<\/p>\n<li>Hvis du bestemmer deg for \u00e5 returnere bestillingen eller be om refusjon, m\u00e5 du v\u00e6re oppmerksom p\u00e5 at skatter og avgifter som er betalt p\u00e5 dine vegne i henhold til DDP-vilk\u00e5rene, ikke kan refunderes.<\/li>\n<p>Vennligst se v\u00e5r<\/ul>\n<\/li>\n<\/ul>\n<p><a href=\"https:\/\/droix.net\/terms-and-conditions\/\" target=\"_blank\" rel=\"nofollow noopener\">Vilk\u00e5r og betingelser<\/a><\/p>\n<ul>for detaljert informasjon.<\/ul>\n<p>[\/cg_accordion] [cg_accordion title=\"KUNDEST\u00d8TTE\"]  Har du et sp\u00f8rsm\u00e5l? Vi er bare en kort tekstmelding unna \u00e5 l\u00f8se problemet ditt!  Se v\u00e5re <a href=\"https:\/\/gpdstore.net\/en-gb\/terms-of-service\/\" target=\"_blank\" rel=\"nofollow noopener\">vilk\u00e5r og betingelser<\/a> for detaljert informasjon.  [\/cg_accordion] [cg_accordion title=\"HVA SOM ER INKLUDERT\"]<\/p>\n<ul>\n<li>1x GPD Pocket 3<\/li>\n<li>1x str\u00f8madapter<\/li>\n<li>1x USB Type-C-kabel<\/li>\n<li>1x brukerh\u00e5ndbok<\/li>\n<li>1x GPD Stylus<\/li>\n<\/ul>\n<p>[\/cg_accordion]<\/p>\n","protected":false},"featured_media":4837,"template":"","meta":{"_acf_changed":false},"product_brand":[],"product_cat":[1477,1478,1305],"product_tag":[14539,1480],"woo-feed-brand":[820],"class_list":{"0":"post-4836","1":"product","2":"type-product","3":"status-publish","4":"has-post-thumbnail","6":"product_cat-baerbare-datamaskiner","7":"product_cat-nettbrett-baerbar-pc","8":"product_cat-gpd-mini-baerbare-datamaskiner","9":"product_tag-8xmsale-no-2","10":"product_tag-gpd-lomme-3","11":"product_shipping_class-premium","12":"pa_bluetooth-5-no","13":"pa_brand-gpd","14":"pa_display-type-h-ips-no","15":"pa_graphics-gpu-model-core-i3-1125g4-uhd-grafikk","16":"pa_graphics-gpu-model-core-i7-1195g7-iris-xe-grafikk","17":"pa_graphics-gpu-model-pentium-gold-7505-uhd-grafikk","18":"pa_i-o-video-1x-hdmi-2-0b-no","19":"pa_i-o-video-via-1x-usb-4-0-type-c-40-gb-s","20":"pa_memory-ram-capacity-8-gb-no","21":"pa_memory-ram-capacity-16-gb-no","22":"pa_memory-ram-technology-lpddr4x-no","23":"pa_processor-cpu-model-intel-core-i3-1125g4","24":"pa_processor-cpu-model-intel-core-i7-1195g7","25":"pa_processor-cpu-model-intel-pentium-gold-7505","26":"pa_processor-cpu-model-pentium-silver-n6000","27":"pa_storage-capacity-512-gb-no","28":"pa_storage-capacity-1-tb-no","29":"pa_wi-fi-wi-fi-6-no","30":"woo-feed-brand-gpd-no","32":"first","33":"instock","34":"sale","35":"taxable","36":"shipping-taxable","37":"purchasable","38":"product-type-variable","39":"has-default-attributes"},"acf":[],"aioseo_notices":[],"_links":{"self":[{"href":"https:\/\/gpdstore.net\/no\/wp-json\/wp\/v2\/product\/4836","targetHints":{"allow":["GET"]}}],"collection":[{"href":"https:\/\/gpdstore.net\/no\/wp-json\/wp\/v2\/product"}],"about":[{"href":"https:\/\/gpdstore.net\/no\/wp-json\/wp\/v2\/types\/product"}],"wp:featuredmedia":[{"embeddable":true,"href":"https:\/\/gpdstore.net\/no\/wp-json\/wp\/v2\/media\/4837"}],"wp:attachment":[{"href":"https:\/\/gpdstore.net\/no\/wp-json\/wp\/v2\/media?parent=4836"}],"wp:term":[{"taxonomy":"product_brand","embeddable":true,"href":"https:\/\/gpdstore.net\/no\/wp-json\/wp\/v2\/product_brand?post=4836"},{"taxonomy":"product_cat","embeddable":true,"href":"https:\/\/gpdstore.net\/no\/wp-json\/wp\/v2\/product_cat?post=4836"},{"taxonomy":"product_tag","embeddable":true,"href":"https:\/\/gpdstore.net\/no\/wp-json\/wp\/v2\/product_tag?post=4836"},{"taxonomy":"woo-feed-brand","embeddable":true,"href":"https:\/\/gpdstore.net\/no\/wp-json\/wp\/v2\/woo-feed-brand?post=4836"}],"curies":[{"name":"wp","href":"https:\/\/api.w.org\/{rel}","templated":true}]}}