{"id":4703,"date":"2024-04-23T16:13:31","date_gmt":"2024-04-23T16:13:31","guid":{"rendered":"https:\/\/gpdstore.net\/ukategorisert\/gpd-stylus-for-gpd-pocket-3-og-win-max-2\/"},"modified":"2025-11-24T11:25:28","modified_gmt":"2025-11-24T11:25:28","slug":"gpd-stylus","status":"publish","type":"product","link":"https:\/\/gpdstore.net\/no\/product\/gpd-stylus\/","title":{"rendered":"GPD Stylus for GPD Pocket 3 &amp; WIN MAX 2"},"content":{"rendered":"\n<p><br\/>Vi presenterer GPD Stylus: ditt ultimate verkt\u00f8y for presisjon og komfort, designet for \u00e5 forbedre funksjonaliteten til GPD Pocket 3 og GPD Win Max 2, og kompatibel med en rekke andre b\u00e6rbare datamaskiner og nettbrettmodeller. Denne pennen er laget av en robust aluminiumslegering og er formet slik at den ligger godt i h\u00e5nden, noe som gj\u00f8r den ideell for langvarig bruk uten ubehag. Den har en h\u00f8ysensitiv, trykkf\u00f8lsom spiss p\u00e5 4096 niv\u00e5er laget av myk, fleksibel gummi, noe som sikrer at hvert str\u00f8k er like presist og responsivt som en penn p\u00e5 papir. Denne n\u00f8yaktigheten er perfekt for en lang rekke aktiviteter, fra skissering og bilderedigering til detaljert penselarbeid og skriving av raske notater.   <\/p>\n\n<p>GPD Stylus er utviklet for \u00e5 holde skjermen i perfekt stand, takket v\u00e6re gummispissen som beskytter mot riper og smuss. Den er ikke bare funksjonell, men ogs\u00e5 lett og praktisk b\u00e6rbar, komplett med en praktisk spenne som gj\u00f8r det enkelt \u00e5 feste den i lommen eller vesken &#8211; ideelt for travle profesjonelle eller kreative p\u00e5 farten. Med GPD Stylus kan du forbedre dine digitale interaksjoner, enten du navigerer gjennom apper, fanger opp ideer eller utforsker din kunstneriske side &#8211; den perfekte blandingen av praktisk funksjonalitet og innovativ design.  <\/p>\n","protected":false},"excerpt":{"rendered":"<ul>\n<li>Fungerer med<strong> GPD Pocket 3<\/strong> og GPD WIN MAX 2<\/li>\n<li>Trykkf\u00f8lsomhet p\u00e5 <strong>4096 niv\u00e5er<\/strong> <\/li>\n<li>Elegant og ergonomisk<\/li>\n<li><strong> Metallspenne<\/strong><\/li>\n<li>Notatskriving og tegninntasting<\/li>\n<\/ul>\n<p> [cg_accordion title=\"BETALINGSINFORMASJON\"] Vi bruker den nyeste teknologien innen betalingsbehandling, som lar deg betale via Apple Pay, Google Pay, debet- \/ kredittkortet ditt, PayPal eller BNPL-metoder som Klarna, Affirm eller AfterPay for en rask og sikker opplevelse.[\/cg_accordion] [cg_accordion title=\"GARANTI\"] 2 \u00e5rs garanti fra <a href=\"https:\/\/droix.net\/\" target=\"_blank\" rel=\"nofollow noopener\">DROIX Global<\/a> for din trygghet[\/cg_accordion] [cg_accordion title=\"PRICING, TAXES AND SHIPPING\"] <strong><u>Merk deg dette:<\/u><\/strong><\/p>\n<ul>\n<li>Kunder i USA: Den viste prisen inkluderer IKKE SKATT eller avgifter. Ansvaret for \u00e5 fortolle og betale eventuelle tilknyttede skatter\/avgifter ligger p\u00e5 kunden. <\/li>\n<li>EU-kunder: Den viste prisen inkluderer gjeldende SKATT, som kan v\u00e6re opptil 25 % avhengig av hvilket land du bor i.<\/li>\n<li>Kunder i Canada: Den viste prisen inkluderer gjeldende avgifter, som kan inkludere 5 % GST og ytterligere provinsiell omsetningsavgift (PST), harmonisert omsetningsavgift (HST) eller Quebec Sales Tax (QST), avhengig av provinsen din.<\/li>\n<\/ul>\n<p><strong>KUN for EU-kunder:<\/strong> Express DDP (Delivered Duty Paid). Dette betyr: <\/p>\n<ul>\n<li style=\"list-style-type: none;\">\n<ul>\n<li>Alle tollavgifter og skatter er inkludert i prisen som vises p\u00e5 produktsiden.<\/li>\n<li>Du trenger ikke \u00e5 betale noen ekstra kostnader ved levering.<\/li>\n<li>I sjeldne tilfeller av tollrelaterte problemer vil v\u00e5rt team h\u00e5ndtere fortollingsprosessen p\u00e5 dine vegne for \u00e5 sikre en problemfri leveringsopplevelse.<\/li>\n<p>Viktig informasjon om retur:<\/p>\n<li>Hvis du bestemmer deg for \u00e5 returnere bestillingen eller be om refusjon, m\u00e5 du v\u00e6re oppmerksom p\u00e5 at skatter og avgifter som er betalt p\u00e5 dine vegne i henhold til DDP-vilk\u00e5rene, ikke kan refunderes.<\/li>\n<p>Vennligst se v\u00e5r<\/ul>\n<\/li>\n<\/ul>\n<p><a href=\"https:\/\/gpdstore.net\/no\/terms-of-service\/\" target=\"_blank\" rel=\"nofollow noopener\">Vilk\u00e5r og betingelser<\/a><\/p>\n<ul>for detaljert informasjon.<\/ul>\n<p>[\/cg_accordion] [cg_accordion title=\"KUNDEST\u00d8TTE\"]  Har du et sp\u00f8rsm\u00e5l? Vi er bare en kort tekstmelding unna \u00e5 l\u00f8se problemet ditt!   [\/cg_accordion] [cg_accordion title=\"WHAT'S INCLUDED\"]<\/p>\n<ul>\n<li>1x GPD Stylus<\/li>\n<\/ul>\n<p>[\/cg_accordion]<\/p>\n","protected":false},"featured_media":11929,"template":"","meta":{"_acf_changed":false},"product_brand":[],"product_cat":[1187],"product_tag":[15935,1189],"woo-feed-brand":[820],"class_list":{"0":"post-4703","1":"product","2":"type-product","3":"status-publish","4":"has-post-thumbnail","6":"product_cat-tilbehor","7":"product_tag-15xmsale-no","8":"product_tag-gpd-wm2-tilbehor","9":"product_shipping_class-low-end","10":"pa_accessory-type-stylus-no","11":"pa_brand-gpd","12":"woo-feed-brand-gpd-no","14":"first","15":"instock","16":"sale","17":"taxable","18":"shipping-taxable","19":"purchasable","20":"product-type-variable","21":"has-default-attributes"},"acf":[],"aioseo_notices":[],"_links":{"self":[{"href":"https:\/\/gpdstore.net\/no\/wp-json\/wp\/v2\/product\/4703","targetHints":{"allow":["GET"]}}],"collection":[{"href":"https:\/\/gpdstore.net\/no\/wp-json\/wp\/v2\/product"}],"about":[{"href":"https:\/\/gpdstore.net\/no\/wp-json\/wp\/v2\/types\/product"}],"wp:featuredmedia":[{"embeddable":true,"href":"https:\/\/gpdstore.net\/no\/wp-json\/wp\/v2\/media\/11929"}],"wp:attachment":[{"href":"https:\/\/gpdstore.net\/no\/wp-json\/wp\/v2\/media?parent=4703"}],"wp:term":[{"taxonomy":"product_brand","embeddable":true,"href":"https:\/\/gpdstore.net\/no\/wp-json\/wp\/v2\/product_brand?post=4703"},{"taxonomy":"product_cat","embeddable":true,"href":"https:\/\/gpdstore.net\/no\/wp-json\/wp\/v2\/product_cat?post=4703"},{"taxonomy":"product_tag","embeddable":true,"href":"https:\/\/gpdstore.net\/no\/wp-json\/wp\/v2\/product_tag?post=4703"},{"taxonomy":"woo-feed-brand","embeddable":true,"href":"https:\/\/gpdstore.net\/no\/wp-json\/wp\/v2\/woo-feed-brand?post=4703"}],"curies":[{"name":"wp","href":"https:\/\/api.w.org\/{rel}","templated":true}]}}