{"id":4502,"date":"2023-03-24T18:47:23","date_gmt":"2023-03-24T18:47:23","guid":{"rendered":"https:\/\/gpdstore.net\/ukategorisert\/gpd-win-4-gaming-handholdt-pc\/"},"modified":"2025-12-23T10:36:35","modified_gmt":"2025-12-23T10:36:35","slug":"gpd-win-4","status":"publish","type":"product","link":"https:\/\/gpdstore.net\/no\/product\/gpd-win-4\/","title":{"rendered":"GPD WIN 4 h\u00e5ndholdt spill-PC"},"content":{"rendered":"\n<p>Hvis du er en ivrig gamer som elsker \u00e5 ta med deg spillingen p\u00e5 farten, vil du bli begeistret over \u00e5 h\u00f8re om den nyeste h\u00e5ndholdte spill-PC-en fra GPD, GPD WIN 4. Med sin kompakte st\u00f8rrelse og kraftige spesifikasjoner vil denne enheten garantert imponere selv de mest krevende gamerne. <\/p>\n\n<p>Med sine 22,0 \u00d7 9,2 \u00d7 2,8 cm (8,6 x 3,6 x 1,10 tommer) og en vekt p\u00e5 bare ca. 570 g er GPD WIN 4 utrolig portabel. Den er enda mindre enn forgjengeren GPD WIN 3, noe som gj\u00f8r den lett \u00e5 putte i en liten veske eller jakkelomme og ta med seg overalt. <\/p>\n\n<p>En av de fremtredende egenskapene til GPD WIN 4 er AMD Ryzen 7 6800U-prosessoren med \u00e5tte kjerner og seksten tr\u00e5der som kj\u00f8rer opptil 4,7 GHz ved 28 W TDP. Sammen med Radeon 680M p\u00e5 opptil 2,2 GHz gir dette jevn spilling av de nyeste AAA Windows-spillene p\u00e5 denne h\u00e5ndholdte spill-PC-en med spillbare innstillinger. Enten du liker f\u00f8rstepersons skytespill, rollespill eller sportssimuleringer, har GPD WIN 4 det du trenger.  <\/p>\n\n<p>N\u00e5r det gjelder minne og lagring, tilbyr GPD WIN 4 et utvalg av 16 GB eller 32 GB LPDDR5-6400 MT&#8217;s RAM og opptil 2 TB rask SSD med st\u00f8tte for opptil M.2 PCIe 4.0 NVMe 2280 SSD. Dette betyr at du har god plass til \u00e5 lagre spill og andre filer, og med de lynraske lese- og skrivehastighetene til SSD trenger du ikke vente lenge p\u00e5 at spillene dine skal lastes inn.  <\/p>\n\n<p>GPD WIN 4 har ogs\u00e5 rask tr\u00e5dl\u00f8s tilkobling med 802.11 a\/b\/g\/n\/ac\/ax WiFi 6 og Bluetooth 5.2. Og hvis du er p\u00e5 farten og trenger internettilgang, kan du kj\u00f8pe en separat modul som st\u00f8tter 4G LTE nano-simkort for mobildata. <\/p>\n\n<p>Enheten har en 6-tommers H-IPS ber\u00f8ringsskjerm med en opprinnelig oppl\u00f8sning p\u00e5 1920&#215;1080, med st\u00f8tte for b\u00e5de 40 Hz og 60 Hz for konfigurerbare bildefrekvenser. Dette sikrer at eldre spill kj\u00f8rer problemfritt p\u00e5 GPD WIN 4 uten problemer med skjermrotasjon som kan oppst\u00e5 med andre h\u00e5ndholdte enheter. <\/p>\n\n<p>GPD WIN 4 har ogs\u00e5 et imponerende kontroll- og designskjema som minner om Sony PSP, med doble hallsensor-joysticks, D-pad i klassisk stil og line\u00e6re analoge triggerknapper med LED-belysning. I tillegg finnes det to knapper p\u00e5 baksiden av enheten som kan tilpasses, slik at du kan sette opp kontrollene slik du vil. <\/p>\n\n<p>Hvis du \u00f8nsker \u00e5 presse ytelsen til GPD WIN 4 enda lenger, kan du koble til et eksternt grafikkort (eGPU) via h\u00f8yhastighets USB 4-porten, som st\u00f8tter opptil 40 Gbps. Enheten har ogs\u00e5 en USB 3.2 Gen 2-port for data og lading, samt en USB Type-A-port for ekstra periferiutstyr. <\/p>\n\n<p>Med et 45,62Wh li-polymer-batteri kan GPD WIN 4 vare i opptil 10 timer ved lett bruk, 3-6 timer ved moderat bruk og rundt 2 timer ved tung bruk. Dette betyr at du kan spille favorittspillene dine p\u00e5 farten uten \u00e5 bekymre deg for \u00e5 g\u00e5 tom for str\u00f8m. <\/p>\n\n<p>GPD WIN 4 er et sv\u00e6rt portabelt kraftverk som er perfekt for spilling p\u00e5 farten. Enten du pendler til jobben, er p\u00e5 reise eller bare slapper av hjemme, vil denne h\u00e5ndholdte spill-PC-en garantert gi deg timevis med underholdning. S\u00e5 hvorfor ikke kj\u00f8pe en i dag og oppleve high-end AAA  <\/p>\n","protected":false},"excerpt":{"rendered":"<ul>\n<li><strong>AMD Ryzen 7 6800U<\/strong> \/ AMD Radeon 680M<\/li>\n<li><strong>opptil 32 GB<\/strong> LPDDR5 ved 6400 MT\/s<\/li>\n<li><strong>opptil 2 TB<\/strong> h\u00f8yhastighets PCI-E <strong>M.2<\/strong> 2280 SSD<\/li>\n<li><strong>6&#8243;<\/strong> ber\u00f8ringsskjerm <strong>med H-IPS-teknologi<\/strong> <\/li>\n<li>St\u00f8tte for <strong>WiFi 6<\/strong> og <strong>Bluetooth 5.2<\/strong>  <\/li>\n<\/ul>\n<p><img fetchpriority=\"high\" decoding=\"async\" src=\"https:\/\/gpdstore.net\/wp-content\/uploads\/2024\/03\/WIN-4-FREE-GIFTS.jpg\" alt=\"\" width=\"2000\" height=\"500\" class=\"alignnone size-full wp-image-4175\" srcset=\"https:\/\/gpdstore.net\/wp-content\/uploads\/2024\/03\/WIN-4-FREE-GIFTS.jpg 2000w, https:\/\/gpdstore.net\/wp-content\/uploads\/2024\/03\/WIN-4-FREE-GIFTS-600x150.jpg 600w, https:\/\/gpdstore.net\/wp-content\/uploads\/2024\/03\/WIN-4-FREE-GIFTS-1200x300.jpg 1200w, https:\/\/gpdstore.net\/wp-content\/uploads\/2024\/03\/WIN-4-FREE-GIFTS-768x192.jpg 768w, https:\/\/gpdstore.net\/wp-content\/uploads\/2024\/03\/WIN-4-FREE-GIFTS-1536x384.jpg 1536w, https:\/\/gpdstore.net\/wp-content\/uploads\/2024\/03\/WIN-4-FREE-GIFTS-360x90.jpg 360w, https:\/\/gpdstore.net\/wp-content\/uploads\/2024\/03\/WIN-4-FREE-GIFTS-990x248.jpg 990w, https:\/\/gpdstore.net\/wp-content\/uploads\/2024\/03\/WIN-4-FREE-GIFTS-441x110.jpg 441w, https:\/\/gpdstore.net\/wp-content\/uploads\/2024\/03\/WIN-4-FREE-GIFTS-150x38.jpg 150w\" sizes=\"(max-width: 2000px) 100vw, 2000px\" \/><\/p>\n[cg_accordion title=\"BETALINGSINFORMASJON\"]<\/p>\n<p>Vi bruker den nyeste teknologien innen betalingsbehandling, noe som gj\u00f8r at du kan betale via debet- \/ kredittkort eller PayPal for en rask og sikker opplevelse.[\/cg_accordion]\n[cg_accordion title=\"GARANTI\"]<\/p>\n<p>2 \u00e5rs garanti fra <a href=\"https:\/\/droix.net\/\" target=\"_blank\" rel=\"nofollow noopener\">DROIX Global<\/a> for din sjelefred[\/cg_accordion]\n[cg_accordion title=\"KVALITETSSIKRING OG TESTING F\u00d8R UTSENDELSE\"]<\/p>\n<p>Sikrer kundetilfredshet p\u00e5 h\u00f8yeste standard: Hver enhet gjennomg\u00e5r strenge tester og en flerpunkts kvalitetssikringskontroll f\u00f8r den sendes ut. V\u00e5rt dedikerte team verifiserer ytelse, funksjonalitet og komponentintegritet for \u00e5 garantere at GPD-enheten din er i perfekt stand ved ankomst, slik at du kan f\u00f8le deg trygg og sikker. [\/cg_accordion]\n[cg_accordion title=\"PRISER, AVGIFTER OG FRAKT\"]<\/p>\n<p><strong><u>Merk:<\/u><\/strong><\/p>\n<ul>\n<li>Kunder i USA: Den viste prisen inkluderer IKKE SKATT eller avgifter. Ansvaret for \u00e5 fortolle og betale eventuelle tilknyttede skatter\/avgifter ligger p\u00e5 kunden. <\/li>\n<li>EU-kunder: Den viste prisen inkluderer gjeldende SKATT, som kan v\u00e6re opptil 25 % avhengig av hvilket land du bor i.<\/li>\n<li>Kunder i Canada: Den viste prisen inkluderer gjeldende avgifter, som kan inkludere 5 % GST og ytterligere provinsiell omsetningsavgift (PST), harmonisert omsetningsavgift (HST) eller Quebec Sales Tax (QST), avhengig av provinsen din.<\/li>\n<\/ul>\n<p><strong>KUN for EU-kunder:<\/strong> Express DDP (Delivered Duty Paid). Dette betyr: <\/p>\n<ul>\n<li>Alle tollavgifter og skatter er inkludert i prisen som vises p\u00e5 produktsiden.<\/li>\n<li>Du trenger ikke \u00e5 betale noen ekstra kostnader ved levering.<\/li>\n<li>I sjeldne tilfeller av tollrelaterte problemer vil v\u00e5rt team h\u00e5ndtere fortollingsprosessen p\u00e5 dine vegne for \u00e5 sikre en problemfri leveringsopplevelse.<\/li>\n<p>Viktig informasjon om retur:<\/p>\n<li>Hvis du bestemmer deg for \u00e5 returnere bestillingen eller be om refusjon, m\u00e5 du v\u00e6re oppmerksom p\u00e5 at skatter og avgifter som er betalt p\u00e5 dine vegne i henhold til DDP-vilk\u00e5rene, ikke kan refunderes.<\/li>\n<p>Se v\u00e5re <a href=\"https:\/\/droix.net\/terms-and-conditions\/\" target=\"_blank\" rel=\"nofollow noopener\">vilk\u00e5r og betingelser<\/a> for detaljert informasjon.\n<\/ul>\n<p>[\/cg_accordion]\n[cg_accordion title=\"KUNDEST\u00d8TTE\"]<\/p>\n<p>Har du et sp\u00f8rsm\u00e5l? Vi er bare en kort tekstmelding unna \u00e5 l\u00f8se problemet ditt! <\/p>\n<p>Se v\u00e5re <a href=\"https:\/\/gpdstore.net\/no\/terms-of-service\/\" target=\"_blank\" rel=\"nofollow noopener\">vilk\u00e5r og betingelser<\/a> for detaljert informasjon.\n<\/ul>\n<p>[\/cg_accordion]\n[cg_accordion title=\"HVA SOM ER INKLUDERT\"]<\/p>\n<ul>\n<li>1x GPD WIN 4<\/li>\n<li>1x str\u00f8madapter<\/li>\n<li>1x USB Type-C-kabel<\/li>\n<li>1x brukerh\u00e5ndbok<\/li>\n<\/ul>\n<p>[\/cg_accordion]\n","protected":false},"featured_media":4503,"template":"","meta":{"_acf_changed":false},"product_brand":[],"product_cat":[816],"product_tag":[818,819],"woo-feed-brand":[820],"class_list":{"0":"post-4502","1":"product","2":"type-product","3":"status-publish","4":"has-post-thumbnail","6":"product_cat-gpd-handholdt-pc-for-spilling","7":"product_tag-10gpdsale-no","8":"product_tag-gpd-win-4-no","9":"product_shipping_class-premium","10":"pa_bluetooth-5-2-no","11":"pa_display-type-h-ips-no","12":"pa_graphics-gpu-model-radeon-680m-no","13":"pa_i-o-video-via-1x-usb-4-0-type-c-40-gb-s","14":"pa_memory-ram-capacity-16-gb-no","15":"pa_memory-ram-capacity-32-gb-no","16":"pa_memory-ram-technology-lpddr5-no","17":"pa_processor-cpu-model-ryzen-7-6800u","18":"pa_storage-capacity-1-tb-no","19":"pa_storage-capacity-2-tb","20":"pa_storage-capacity-512-gb-no","21":"pa_wi-fi-wi-fi-6-no","22":"woo-feed-brand-gpd-no","24":"first","25":"outofstock","26":"sale","27":"taxable","28":"shipping-taxable","29":"purchasable","30":"product-type-variable","31":"has-default-attributes"},"acf":[],"aioseo_notices":[],"_links":{"self":[{"href":"https:\/\/gpdstore.net\/no\/wp-json\/wp\/v2\/product\/4502","targetHints":{"allow":["GET"]}}],"collection":[{"href":"https:\/\/gpdstore.net\/no\/wp-json\/wp\/v2\/product"}],"about":[{"href":"https:\/\/gpdstore.net\/no\/wp-json\/wp\/v2\/types\/product"}],"wp:featuredmedia":[{"embeddable":true,"href":"https:\/\/gpdstore.net\/no\/wp-json\/wp\/v2\/media\/4503"}],"wp:attachment":[{"href":"https:\/\/gpdstore.net\/no\/wp-json\/wp\/v2\/media?parent=4502"}],"wp:term":[{"taxonomy":"product_brand","embeddable":true,"href":"https:\/\/gpdstore.net\/no\/wp-json\/wp\/v2\/product_brand?post=4502"},{"taxonomy":"product_cat","embeddable":true,"href":"https:\/\/gpdstore.net\/no\/wp-json\/wp\/v2\/product_cat?post=4502"},{"taxonomy":"product_tag","embeddable":true,"href":"https:\/\/gpdstore.net\/no\/wp-json\/wp\/v2\/product_tag?post=4502"},{"taxonomy":"woo-feed-brand","embeddable":true,"href":"https:\/\/gpdstore.net\/no\/wp-json\/wp\/v2\/woo-feed-brand?post=4502"}],"curies":[{"name":"wp","href":"https:\/\/api.w.org\/{rel}","templated":true}]}}