{"id":1274635,"date":"2025-01-09T09:45:24","date_gmt":"2025-01-09T09:45:24","guid":{"rendered":"https:\/\/gpdstore.net\/product\/gpd-win-max-2025-4g-lte-tillegg\/"},"modified":"2026-03-29T00:40:26","modified_gmt":"2026-03-29T00:40:26","slug":"gpd-win-max-2-2025-4g-lte-add-on","status":"publish","type":"product","link":"https:\/\/gpdstore.net\/no\/product\/gpd-win-max-2-2025-4g-lte-add-on\/","title":{"rendered":"GPD WIN MAX 2025 4G LTE-tillegg"},"content":{"rendered":"\n<h2 class=\"wp-block-heading\">Opplev ekte b\u00e6rbarhet med 4G LTE-modultillegget for GPD WIN MAX 2 (2025)<\/h2>\n\n<p>Gj\u00f8r din <a href=\"https:\/\/gpdstore.net\/gpd-win-max-2-2025-review\/gpd-win-max-2-2025\/\" target=\"_blank\" rel=\"noreferrer noopener\">GPD WIN MAX 2 (2025)<\/a> til det ultimate b\u00e6rbare kraftverket for spill og produktivitet med den valgfrie 4G LTE-modulen. Modulen er utviklet eksklusivt for denne enheten og s\u00f8rger for s\u00f8ml\u00f8s tilkobling, slik at du kan v\u00e6re p\u00e5 nett n\u00e5r som helst og hvor som helst. <\/p>\n\n<p>Denne modulen er designet med tanke p\u00e5 presisjon og brukervennlighet, og st\u00f8tter et bredt spekter av nettverk, inkludert <strong>4G TD-LTE, FDD-LTE og 3G CDMA<\/strong>, noe som gir uovertruffen allsidighet og global kompatibilitet. Ingen demontering eller komplisert installasjon er n\u00f8dvendig &#8211; det bakovervendte 4G-modulsporet gj\u00f8r det raskt og enkelt \u00e5 sette den opp. <\/p>\n\n<p>Enten du spiller, jobber eller str\u00f8mmer, leverer 4G LTE-modulen stabil h\u00f8yhastighetsytelse som kan m\u00e5le seg med vanlige b\u00e6rbare datamaskiner. Med dette uunnv\u00e6rlige tilbeh\u00f8ret kan du nyte uavbrutt spilling og produktivitet, selv i komplekse scenarier eller n\u00e5r du er p\u00e5 farten.<\/p>\n\n<h4 class=\"wp-block-heading\">Funksjoner:<\/h4>\n\n<ul class=\"wp-block-list\">\n<li><strong>Spesialutviklet design<\/strong>: Laget eksklusivt for GPD WIN MAX 2 (2025) for \u00e5 sikre perfekt passform og s\u00f8ml\u00f8s funksjonalitet.<\/li>\n\n\n\n<li><strong>P\u00e5litelig tilkobling<\/strong>: Gir h\u00f8yhastighets 4G LTE-tilgang, noe som gj\u00f8r den ideell for spill, str\u00f8mming og arbeid.<\/li>\n\n\n\n<li><strong>St\u00f8tte for globale nettverk<\/strong>: Kompatibel med 4G TD-LTE, FDD-LTE og 3G CDMA for bruk over hele verden.<\/li>\n\n\n\n<li><strong>Uanstrengt installasjon<\/strong>: Rask og sikker installasjon via det bakovervendte 4G-modulsporet.<\/li>\n<\/ul>\n\n<h4 class=\"wp-block-heading\">Varsler:<\/h4>\n\n<ol class=\"wp-block-list\">\n<li>Dette tilbeh\u00f8ret er <strong>ikke kompatibelt<\/strong> med tidligere modeller i GPD WIN Max-serien, inkludert <strong>versjonene 2024, 2023 og 2021.<\/strong> Det er utelukkende utviklet for <strong>GPD WIN Max 2 (2025).<\/strong> <\/li>\n\n\n\n<li>Kontroller enhetens modell\u00e5r for \u00e5 sikre kompatibilitet f\u00f8r du kj\u00f8per.<\/li>\n<\/ol>\n","protected":false},"excerpt":{"rendered":"<ul>\n<li>Utviklet spesielt for GPD WIN MAX 2 (2025)<\/li>\n<li>St\u00f8tter &#8211; 4G TD-LTE, FDD-LTE, 3G CDMA.<\/li>\n<li>St\u00f8tte for 4G TD-LTE, FDD-LTE og 3G CDMA<\/li>\n<li>Nano-SIM-spor for enkel bruk<\/li>\n<li>Quectel EG25-G Modell<\/li>\n<\/ul>\n<pre><b>VIKTIG<\/b>\nINSTALLASJON KREVER \u00c5PNINGSENHET\nKOMPONENTENE ER SM\u00c5 OG \u00d8MFINTLIGE\nVI ER IKKE ANSVARLIGE FOR EVENTUELLE SKADER P\u00c5 KUNDEN<\/pre>\n[cg_accordion title=\"BETALINGSINFORMASJON\"]<\/p>\n<p>Vi bruker den nyeste teknologien innen betalingsbehandling, noe som gj\u00f8r at du kan betale via debet- \/ kredittkort eller PayPal for en rask og sikker opplevelse.[\/cg_accordion]\n[cg_accordion title=\"GARANTI\"]<\/p>\n<p>2 \u00e5rs garanti fra <a href=\"https:\/\/droix.net\/\" target=\"_blank\" rel=\"nofollow noopener\">DROIX Global<\/a> for din sjelefred[\/cg_accordion]\n[cg_accordion title=\"KVALITETSSIKRING OG TESTING F\u00d8R UTSENDELSE\"]<\/p>\n<p>Sikrer kundetilfredshet p\u00e5 h\u00f8yeste standard: Hver enhet gjennomg\u00e5r strenge tester og en flerpunkts kvalitetssikringskontroll f\u00f8r den sendes ut. V\u00e5rt dedikerte team verifiserer ytelse, funksjonalitet og komponentintegritet for \u00e5 garantere at GPD-enheten din er i perfekt stand ved ankomst, slik at du kan f\u00f8le deg trygg og sikker. [\/cg_accordion]\n[cg_accordion title=\"PRISER, AVGIFTER OG FRAKT\"]<\/p>\n<p><strong><u>Merk:<\/u><\/strong><\/p>\n<ul>\n<li>Kunder i USA: Den viste prisen inkluderer IKKE SKATT eller avgifter. Ansvaret for \u00e5 fortolle og betale eventuelle tilknyttede skatter\/avgifter ligger p\u00e5 kunden. <\/li>\n<li>EU-kunder: Den viste prisen inkluderer gjeldende SKATT, som kan v\u00e6re opptil 25 % avhengig av hvilket land du bor i.<\/li>\n<li>Kunder i Canada: Den viste prisen inkluderer gjeldende avgifter, som kan inkludere 5 % GST og ytterligere provinsiell omsetningsavgift (PST), harmonisert omsetningsavgift (HST) eller Quebec Sales Tax (QST), avhengig av provinsen din.<\/li>\n<\/ul>\n<p>For v\u00e5re kunder i USA: Bestillinger sendes DAP (Delivered At Place). Kundene er ansvarlige for \u00e5 betale eventuelle avgifter, men vi benytter oss av v\u00e5r omfattende erfaring med frakt fra Storbritannia for \u00e5 sikre at du betaler minst mulig. Basert p\u00e5 v\u00e5re registreringer overstiger disse avgiftene vanligvis ikke 10 % av varens verdi.  <\/p>\n<p><strong>KUN for EU-kunder:<\/strong> Express DDP (Delivered Duty Paid). Dette betyr: <\/p>\n<ul>\n<li>Alle tollavgifter og skatter er inkludert i prisen som vises p\u00e5 produktsiden.<\/li>\n<li>Du trenger ikke \u00e5 betale noen ekstra kostnader ved levering.<\/li>\n<li>I sjeldne tilfeller av tollrelaterte problemer vil v\u00e5rt team h\u00e5ndtere fortollingsprosessen p\u00e5 dine vegne for \u00e5 sikre en problemfri leveringsopplevelse.<\/li>\n<p>Viktig informasjon om retur:<\/p>\n<li>Hvis du bestemmer deg for \u00e5 returnere bestillingen eller be om refusjon, m\u00e5 du v\u00e6re oppmerksom p\u00e5 at skatter og avgifter som er betalt p\u00e5 dine vegne i henhold til DDP-vilk\u00e5rene, ikke kan refunderes.<\/li>\n<p>Se v\u00e5re <a href=\"https:\/\/droix.net\/terms-and-conditions\/\" target=\"_blank\" rel=\"nofollow noopener\">vilk\u00e5r og betingelser<\/a> for detaljert informasjon.\n<\/ul>\n<p>[\/cg_accordion]\n[cg_accordion title=\"KUNDEST\u00d8TTE\"]<\/p>\n<p>Har du et sp\u00f8rsm\u00e5l? Vi er bare en kort tekstmelding unna \u00e5 l\u00f8se problemet ditt! <\/p>\n<p>Se v\u00e5re <a href=\"https:\/\/gpdstore.net\/terms-of-service\/\" target=\"_blank\" rel=\"nofollow noopener\">vilk\u00e5r og betingelser<\/a> for detaljert informasjon.\n<\/ul>\n<p>[\/cg_accordion]\n[cg_accordion title=\"HVA SOM ER INKLUDERT\"]<\/p>\n<ul>\n<li>1x GPD WIN MAX 2 2025 LTE-modul<\/li>\n<\/ul>\n<p>[\/cg_accordion]\n","protected":false},"featured_media":1015,"template":"","meta":{"_acf_changed":false},"product_brand":[],"product_cat":[1187],"product_tag":[15802,1189],"woo-feed-brand":[],"class_list":{"0":"post-1274635","1":"product","2":"type-product","3":"status-publish","4":"has-post-thumbnail","6":"product_cat-tilbehor","7":"product_tag-20xmsale-no-2","8":"product_tag-gpd-wm2-tilbehor","9":"product_shipping_class-low-end","10":"pa_accessory-type-tillegg","11":"pa_brand-gpd","13":"first","14":"instock","15":"sale","16":"taxable","17":"shipping-taxable","18":"purchasable","19":"product-type-simple"},"acf":[],"aioseo_notices":[],"_links":{"self":[{"href":"https:\/\/gpdstore.net\/no\/wp-json\/wp\/v2\/product\/1274635","targetHints":{"allow":["GET"]}}],"collection":[{"href":"https:\/\/gpdstore.net\/no\/wp-json\/wp\/v2\/product"}],"about":[{"href":"https:\/\/gpdstore.net\/no\/wp-json\/wp\/v2\/types\/product"}],"wp:featuredmedia":[{"embeddable":true,"href":"https:\/\/gpdstore.net\/no\/wp-json\/wp\/v2\/media\/1015"}],"wp:attachment":[{"href":"https:\/\/gpdstore.net\/no\/wp-json\/wp\/v2\/media?parent=1274635"}],"wp:term":[{"taxonomy":"product_brand","embeddable":true,"href":"https:\/\/gpdstore.net\/no\/wp-json\/wp\/v2\/product_brand?post=1274635"},{"taxonomy":"product_cat","embeddable":true,"href":"https:\/\/gpdstore.net\/no\/wp-json\/wp\/v2\/product_cat?post=1274635"},{"taxonomy":"product_tag","embeddable":true,"href":"https:\/\/gpdstore.net\/no\/wp-json\/wp\/v2\/product_tag?post=1274635"},{"taxonomy":"woo-feed-brand","embeddable":true,"href":"https:\/\/gpdstore.net\/no\/wp-json\/wp\/v2\/woo-feed-brand?post=1274635"}],"curies":[{"name":"wp","href":"https:\/\/api.w.org\/{rel}","templated":true}]}}