{"id":1258312,"date":"2025-10-21T14:46:01","date_gmt":"2025-10-21T14:46:01","guid":{"rendered":"https:\/\/gpdstore.net\/product\/gpd-win-5-dokkingstasjon\/"},"modified":"2026-01-19T15:12:40","modified_gmt":"2026-01-19T15:12:40","slug":"gpd-win-5-docking-station","status":"publish","type":"product","link":"https:\/\/gpdstore.net\/no\/product\/gpd-win-5-docking-station\/","title":{"rendered":"GPD WIN 5 dokkingstasjon"},"content":{"rendered":"\n<p><strong>GPD WIN 5 Docking Station<\/strong> (ofte referert til som Smart Dock) er det essensielle navet p\u00e5 skrivebordet som er utviklet for \u00e5 frigj\u00f8re det fulle potensialet til din <a href=\"https:\/\/gpdstore.net\/no\/product\/gpd-win-5\/\" target=\"_blank\" rel=\"noopener\" title=\"\">GPD WIN 5 h\u00e5ndholdte spill-PC<\/a>. Forvandle det b\u00e6rbare kraftverket ditt til et komplett stasjon\u00e6rt spill- og produktivitetsoppsett med \u00e9n enkel tilkobling, noe som sikrer maksimal str\u00f8mtilf\u00f8rsel og s\u00f8ml\u00f8s integrering av periferiutstyr.<\/p>\n\n<hr class=\"wp-block-separator has-alpha-channel-opacity\"\/>\n\n<h2 class=\"wp-block-heading\">N\u00f8kkelfunksjoner:<\/h2>\n\n<p>\u26a1 <strong>Maksimal str\u00f8mtilf\u00f8rsel for topp ytelse<\/strong> Dokkingstasjonen er utformet for \u00e5 kobles til den dedikerte str\u00f8mporten til GPD WIN 5, slik at enheten kan kj\u00f8re p\u00e5 hele <strong>100 W<\/strong> fra laderen. Dette gj\u00f8r at den h\u00f8ytytende Strix Halo APU-enheten kan opprettholde sin maksimale TDP for bildefrekvenser i skrivebordsklassen uten termisk struping. <\/p>\n\n<p>\ud83d\udcbb Umiddelbar <strong>transformasjon<\/strong> til en stasjon\u00e6r PC Du kan enkelt dokke GPD WIN 5 for \u00e5 koble til alle dine eksterne enheter p\u00e5 skrivebordet.<sup><\/sup> Forvandle din h\u00e5ndholdte konsoll til en fullverdig Windows 11-PC, klar for konkurransespill, arbeid eller mediekonsum.<sup><\/sup><\/p>\n\n<p>\ud83d\udda5\ufe0f <strong>H\u00f8yhastighets 4K-skjermutgang<\/strong> Utstyrt med en dedikert <strong>HDMI 2.1-port<\/strong>, kan Smart Dock overf\u00f8re opptil <strong>4K-oppl\u00f8sning ved <sup><\/sup>144 Hz<\/strong> til en ekstern spillmonitor eller TV, noe som gir en myk, naturtro opplevelse som kan m\u00e5le seg med tradisjonelle stasjon\u00e6re PC-er.<sup><\/sup><\/p>\n\n<p>\ud83d\udd0c <strong>Omfattende I\/O-utvidelse<\/strong> Utvid tilkoblingsmulighetene dine betraktelig for \u00e5 f\u00e5 plass til alt spill- og arbeidsutstyret ditt:<\/p>\n\n<ul class=\"wp-block-list\">\n<li><strong>1x HDMI 2.1-port:<\/strong> For h\u00f8yoppl\u00f8selig skjermutgang med h\u00f8y oppdateringshastighet.<\/li>\n\n\n\n<li><strong>3 x USB Type-A-porter:<\/strong> Koble til eksterne tastaturer, mus, minnepinner og andre eksterne enheter.<\/li>\n\n\n\n<li><strong>1x Ethernet-port (RJ45):<\/strong> Sikrer en stabil kablet tilkobling med lav latens for konkurransedyktige nettspill.<\/li>\n\n\n\n<li><strong>1x USB Type-C-port:<\/strong> For data eller ekstra periferitilkoblinger.<\/li>\n<\/ul>\n\n<p>\ud83d\udd0b <strong>Alt-i-ett smart holder<\/strong> Den unike designen fungerer b\u00e5de som et sikkert stativ og et str\u00f8mnav. Den gir en stabil, oppreist hvileplass for din GPD WIN 5, samtidig som den aktivt lader systemet og gir den n\u00f8dvendige kraften for vedvarende spilling med h\u00f8y ytelse. <\/p>\n\n<h2 class=\"wp-block-heading\">Hvorfor velge GPD WIN 5 dokkingstasjon?<\/h2>\n\n<p>GPD WIN 5 er bygget for \u00e5 v\u00e6re en erstatning for skrivebordet, og denne Smart Dock er broen. Den eliminerer kabelrotet samtidig som den s\u00f8rger for at den kraftige Strix Halo-brikken f\u00e5r hele 100 W str\u00f8m for \u00e5 levere ytelse i RTX 4060-klassen p\u00e5 den store skjermen. Det er det uunnv\u00e6rlige tilbeh\u00f8ret for den ultimate plug-and-play-spillopplevelsen p\u00e5 skrivebordet. <\/p>\n\n<hr class=\"wp-block-separator has-alpha-channel-opacity\"\/>\n\n<h3 class=\"wp-block-heading\">Spesifikasjoner:<\/h3>\n\n<figure class=\"wp-block-table\"><table class=\"has-fixed-layout\"><thead><tr><td>Detaljer<\/td><td>Spesifikasjon<\/td><\/tr><\/thead><tbody><tr><td><strong>Kompatibilitet<\/strong><\/td><td>GPD WIN 5 h\u00e5ndholdt spill-PC<\/td><\/tr><tr><td><strong>Videoutgang<\/strong><\/td><td>1\u00d7HDMI 2.1 (opptil 4K ved 144 Hz)<\/td><\/tr><tr><td><strong>USB-porter<\/strong><\/td><td>3\u00d7USB Type-A, 1\u00d7USB Type-C<\/td><\/tr><tr><td><strong>Nettverk<\/strong><\/td><td>1\u00d7Ethernet-port (RJ45)<\/td><\/tr><tr><td><strong>Str\u00f8mtilf\u00f8rsel<\/strong><\/td><td>Barrel Jack (designet for 100 W GPD WIN 5 Charger)<\/td><\/tr><tr><td><strong>Funksjon<\/strong><\/td><td>Docking, lading, skjerm ut, stativ<\/td><\/tr><\/tbody><\/table><\/figure>\n\n<p><\/p>\n","protected":false},"excerpt":{"rendered":"<ul>\n<li><strong>180 W gjennomstr\u00f8mningseffekt:<\/strong> Leverer maksimal effekt for topp ytelse.<\/li>\n<li><strong>Skrivebordsmodus:<\/strong> Forvandler h\u00e5ndholdt PC til en fullverdig stasjon\u00e6r PC.<\/li>\n<li><strong>4K-skjermutgang:<\/strong> Har HDMI 2.1 for eksterne skjermer med h\u00f8y oppl\u00f8sning.<\/li>\n<li><strong>Kablet spilling:<\/strong> Inkluderer en Ethernet-port for stabilt, forsinkelsesfritt nettspill.<\/li>\n<li><strong>Offisiell passform:<\/strong> Spesialdesignet GPD-tilbeh\u00f8r for GPD WIN 5.<\/li>\n<\/ul>\n[cg_accordion title=\"BETALINGSINFORMASJON\"]<\/p>\n<p>Vi bruker den nyeste teknologien innen betalingsbehandling, noe som gj\u00f8r at du kan betale via debet- \/ kredittkort eller PayPal for en rask og sikker opplevelse.[\/cg_accordion]\n[cg_accordion title=\"GARANTI\"]<\/p>\n<p>2 \u00e5rs garanti fra <a href=\"https:\/\/droix.net\/\" target=\"_blank\" rel=\"nofollow noopener\">DROIX Global<\/a> for din sjelefred[\/cg_accordion]\n[cg_accordion title=\"KVALITETSSIKRING OG TESTING F\u00d8R UTSENDELSE\"]<\/p>\n<p>Sikrer kundetilfredshet p\u00e5 h\u00f8yeste standard: Hver enhet gjennomg\u00e5r strenge tester og en flerpunkts kvalitetssikringskontroll f\u00f8r den sendes ut. V\u00e5rt dedikerte team verifiserer ytelse, funksjonalitet og komponentintegritet for \u00e5 garantere at GPD-enheten din er i perfekt stand ved ankomst, slik at du kan f\u00f8le deg trygg og sikker. [\/cg_accordion]\n[cg_accordion title=\"PRISER, AVGIFTER OG FRAKT\"]<\/p>\n<p><strong><u>Merk:<\/u><\/strong><\/p>\n<ul>\n<li>Kunder i USA: Den viste prisen inkluderer IKKE SKATT eller avgifter. Ansvaret for \u00e5 fortolle og betale eventuelle tilknyttede skatter\/avgifter ligger p\u00e5 kunden. <\/li>\n<li>EU-kunder: Den viste prisen inkluderer gjeldende SKATT, som kan v\u00e6re opptil 25 % avhengig av hvilket land du bor i.<\/li>\n<li>Kunder i Canada: Den viste prisen inkluderer gjeldende avgifter, som kan inkludere 5 % GST og ytterligere provinsiell omsetningsavgift (PST), harmonisert omsetningsavgift (HST) eller Quebec Sales Tax (QST), avhengig av provinsen din.<\/li>\n<\/ul>\n<p>For v\u00e5re kunder i USA: Bestillinger sendes DAP (Delivered At Place). Kundene er ansvarlige for \u00e5 betale eventuelle avgifter, men vi benytter oss av v\u00e5r omfattende erfaring med frakt fra Storbritannia for \u00e5 sikre at du betaler minst mulig. Basert p\u00e5 v\u00e5re registreringer overstiger disse avgiftene vanligvis ikke 10 % av varens verdi.  <\/p>\n<p><strong>KUN for EU-kunder:<\/strong> Express DDP (Delivered Duty Paid). Dette betyr: <\/p>\n<ul>\n<li>Alle tollavgifter og skatter er inkludert i prisen som vises p\u00e5 produktsiden.<\/li>\n<li>Du trenger ikke \u00e5 betale noen ekstra kostnader ved levering.<\/li>\n<li>I sjeldne tilfeller av tollrelaterte problemer vil v\u00e5rt team h\u00e5ndtere fortollingsprosessen p\u00e5 dine vegne for \u00e5 sikre en problemfri leveringsopplevelse.<\/li>\n<p>Viktig informasjon om retur:<\/p>\n<li>Hvis du bestemmer deg for \u00e5 returnere bestillingen eller be om refusjon, m\u00e5 du v\u00e6re oppmerksom p\u00e5 at skatter og avgifter som er betalt p\u00e5 dine vegne i henhold til DDP-vilk\u00e5rene, ikke kan refunderes.<\/li>\n<p>Se v\u00e5re <a href=\"https:\/\/droix.net\/terms-and-conditions\/\" target=\"_blank\" rel=\"nofollow noopener\">vilk\u00e5r og betingelser<\/a> for detaljert informasjon.\n<\/ul>\n<p>[\/cg_accordion]\n[cg_accordion title=\"KUNDEST\u00d8TTE\"]<\/p>\n<p>Har du et sp\u00f8rsm\u00e5l? Vi er bare en kort tekstmelding unna \u00e5 l\u00f8se problemet ditt! <\/p>\n<p>Se v\u00e5re <a href=\"https:\/\/gpdstore.net\/no\/terms-of-service\/\" target=\"_blank\" rel=\"nofollow noopener\">vilk\u00e5r og betingelser<\/a> for detaljert informasjon.\n<\/ul>\n<p>[\/cg_accordion]\n[cg_accordion title=\"HVA SOM ER INKLUDERT\"]<\/p>\n<ul>\n<li>1x offisiell GPD WIN 5 dokkingstasjon<\/li>\n<\/ul>\n<p>[\/cg_accordion]\n","protected":false},"featured_media":1261029,"template":"","meta":{"_acf_changed":false},"product_brand":[],"product_cat":[1187],"product_tag":[],"woo-feed-brand":[],"class_list":{"0":"post-1258312","1":"product","2":"type-product","3":"status-publish","4":"has-post-thumbnail","6":"product_cat-tilbehor","7":"product_shipping_class-low-end","8":"product_shipping_class-premium","9":"pa_accessory-type-dokkingstasjon","10":"pa_brand-gpd","12":"first","13":"instock","14":"taxable","15":"shipping-taxable","16":"purchasable","17":"product-type-variable","18":"has-default-attributes"},"acf":[],"aioseo_notices":[],"_links":{"self":[{"href":"https:\/\/gpdstore.net\/no\/wp-json\/wp\/v2\/product\/1258312","targetHints":{"allow":["GET"]}}],"collection":[{"href":"https:\/\/gpdstore.net\/no\/wp-json\/wp\/v2\/product"}],"about":[{"href":"https:\/\/gpdstore.net\/no\/wp-json\/wp\/v2\/types\/product"}],"wp:featuredmedia":[{"embeddable":true,"href":"https:\/\/gpdstore.net\/no\/wp-json\/wp\/v2\/media\/1261029"}],"wp:attachment":[{"href":"https:\/\/gpdstore.net\/no\/wp-json\/wp\/v2\/media?parent=1258312"}],"wp:term":[{"taxonomy":"product_brand","embeddable":true,"href":"https:\/\/gpdstore.net\/no\/wp-json\/wp\/v2\/product_brand?post=1258312"},{"taxonomy":"product_cat","embeddable":true,"href":"https:\/\/gpdstore.net\/no\/wp-json\/wp\/v2\/product_cat?post=1258312"},{"taxonomy":"product_tag","embeddable":true,"href":"https:\/\/gpdstore.net\/no\/wp-json\/wp\/v2\/product_tag?post=1258312"},{"taxonomy":"woo-feed-brand","embeddable":true,"href":"https:\/\/gpdstore.net\/no\/wp-json\/wp\/v2\/woo-feed-brand?post=1258312"}],"curies":[{"name":"wp","href":"https:\/\/api.w.org\/{rel}","templated":true}]}}