{"id":4410,"date":"2023-03-23T16:49:44","date_gmt":"2023-03-23T16:49:44","guid":{"rendered":"https:\/\/gpdstore.net\/retningslinjer-for-informasjonskapsler\/"},"modified":"2024-12-11T13:39:33","modified_gmt":"2024-12-11T13:39:33","slug":"retningslinjer-for-informasjonskapsler","status":"publish","type":"page","link":"https:\/\/gpdstore.net\/no\/retningslinjer-for-informasjonskapsler\/","title":{"rendered":"Retningslinjer for informasjonskapsler"},"content":{"rendered":"\n<p>F\u00f8lgende retningslinjer for informasjonskapsler skal ses i sammenheng med (sammen med), &#8220;som ett&#8221; med <a href=\"https:\/\/gpdstore.net\/no\/tjenestevilkar\/\" target=\"_blank\" data-type=\"URL\" data-id=\"\/terms-of-service\/\" rel=\"noreferrer noopener\">vilk\u00e5rene og betingelsene<\/a>, <a href=\"https:\/\/gpdstore.net\/no\/retningslinjer-for-refusjon-og-retur\/\" target=\"_blank\" data-type=\"URL\" data-id=\"\/refund-and-returns-policy\/\" rel=\"noreferrer noopener\">retningslinjene for retur og refusjon<\/a> og <a href=\"https:\/\/gpdstore.net\/no\/personvernpolicy\/\" target=\"_blank\" data-type=\"URL\" data-id=\"\/privacy-policy\/\" rel=\"noreferrer noopener\">personvernerkl\u00e6ringen<\/a><\/p>\n\n<ol class=\"wp-block-list\">\n<li>Disse salgsbetingelsene gjelder for alle varer som leveres av DroiX US Corp (leverand\u00f8ren).\n<ol class=\"wp-block-list\">\n<li>I den angitte kontrakten er referanser til: Vi (DroiX US Corp) er leverand\u00f8ren, og du (kunden)<\/li>\n<\/ol>\n<\/li>\n<\/ol>\n\n<ol class=\"wp-block-list\">\n<li>Leverand\u00f8rens nettsted bruker informasjonskapsler for \u00e5 skille kunden, dvs. deg, fra andre brukere av nettstedet. Dette hjelper Leverand\u00f8ren med \u00e5 gi deg en god opplevelse n\u00e5r du surfer p\u00e5 Leverand\u00f8rens nettsted, og gj\u00f8r det ogs\u00e5 mulig for Leverand\u00f8ren \u00e5 forbedre nettstedet v\u00e5rt. Ved \u00e5 fortsette \u00e5 surfe p\u00e5 nettstedet godtar du leverand\u00f8rens bruk av informasjonskapsler.  <\/li>\n\n\n\n<li>En informasjonskapsel er en liten fil med bokstaver og tall som Leverand\u00f8ren lagrer i nettleseren din eller p\u00e5 harddisken p\u00e5 datamaskinen eller mobiltelefonen din hvis du samtykker. Informasjonskapsler inneholder informasjon som overf\u00f8res til harddisken p\u00e5 datamaskinen din. <\/li>\n\n\n\n<li>Leverand\u00f8ren bruker f\u00f8lgende informasjonskapsler:\n<ol class=\"wp-block-list\">\n<li>Strengt n\u00f8dvendige informasjonskapsler. Dette er informasjonskapsler som er n\u00f8dvendige for driften av leverand\u00f8rens nettsted. De omfatter for eksempel informasjonskapsler som gj\u00f8r det mulig for deg \u00e5 logge inn p\u00e5 sikre omr\u00e5der p\u00e5 Leverand\u00f8rens nettsted og utf\u00f8re transaksjoner.  <\/li>\n\n\n\n<li>Analytiske\/ytelsesrelaterte informasjonskapsler. De gj\u00f8r det mulig for Leverand\u00f8ren \u00e5 gjenkjenne og telle antall bes\u00f8kende og se hvordan de bes\u00f8kende beveger seg rundt p\u00e5 Leverand\u00f8rens nettsted n\u00e5r de bruker det. Dette hjelper Leverand\u00f8ren med \u00e5 forbedre m\u00e5ten nettstedet fungerer p\u00e5, for eksempel ved \u00e5 sikre at brukerne finner det de leter etter enkelt og uten problemer.  <\/li>\n\n\n\n<li>Leverand\u00f8ren bruker informasjonskapsler fra Google Analytics. Google Analytics samler inn informasjon anonymt. Den rapporterer trender p\u00e5 nettstedet uten \u00e5 identifisere individuelle bes\u00f8kende. Du kan velge bort Google Analytics uten at det p\u00e5virker hvordan du bes\u00f8ker dette nettstedet. For mer informasjon om Google Analytics, vennligst klikk her.    <\/li>\n\n\n\n<li>M\u00e5lrettede informasjonskapsler. Disse informasjonskapslene registrerer bes\u00f8ket ditt p\u00e5 leverand\u00f8rens nettsted, hvilke sider du har bes\u00f8kt og hvilke lenker du har fulgt. Leverand\u00f8ren bruker denne informasjonen til \u00e5 gj\u00f8re nettstedet og reklamen som vises p\u00e5 det, mer relevant for dine interesser. Leverand\u00f8ren kan ogs\u00e5 dele denne informasjonen med tredjeparter for dette form\u00e5let.   <\/li>\n<\/ol>\n<\/li>\n\n\n\n<li>V\u00e6r oppmerksom p\u00e5 at tredjeparter (inkludert for eksempel annonsenettverk og leverand\u00f8rer av eksterne tjenester som nettrafikkanalysetjenester) ogs\u00e5 kan bruke informasjonskapsler, som Leverand\u00f8ren ikke har kontroll over. Disse informasjonskapslene vil sannsynligvis v\u00e6re analytiske\/ytelsesbaserte informasjonskapsler eller m\u00e5lrettede informasjonskapsler. <\/li>\n\n\n\n<li>Du kan blokkere informasjonskapsler ved \u00e5 aktivere innstillingen i nettleseren din som lar deg nekte innstillingen av alle eller noen informasjonskapsler. Hvis du bruker nettleserinnstillingene dine til \u00e5 blokkere alle informasjonskapsler (inkludert viktige informasjonskapsler), kan det imidlertid hende at du ikke f\u00e5r tilgang til hele eller deler av leverand\u00f8rens nettsted. <\/li>\n<\/ol>\n\n<p>Retningslinjer for informasjonskapsler sist oppdatert: 23. mars 2023 &#8211; 16:48.<\/p>\n","protected":false},"excerpt":{"rendered":"<p>F\u00f8lgende retningslinjer for informasjonskapsler skal ses i sammenheng med (sammen med), &#8220;som ett&#8221; med vilk\u00e5rene og betingelsene, retningslinjene for retur og refusjon og personvernerkl\u00e6ringen Retningslinjer for informasjonskapsler sist oppdatert: 23. mars 2023 &#8211; 16:48.<\/p>\n","protected":false},"author":1,"featured_media":0,"parent":0,"menu_order":0,"comment_status":"closed","ping_status":"closed","template":"template-fullwidth.php","meta":{"_acf_changed":false,"footnotes":""},"class_list":["post-4410","page","type-page","status-publish","hentry"],"acf":[],"aioseo_notices":[],"_links":{"self":[{"href":"https:\/\/gpdstore.net\/no\/wp-json\/wp\/v2\/pages\/4410","targetHints":{"allow":["GET"]}}],"collection":[{"href":"https:\/\/gpdstore.net\/no\/wp-json\/wp\/v2\/pages"}],"about":[{"href":"https:\/\/gpdstore.net\/no\/wp-json\/wp\/v2\/types\/page"}],"author":[{"embeddable":true,"href":"https:\/\/gpdstore.net\/no\/wp-json\/wp\/v2\/users\/1"}],"replies":[{"embeddable":true,"href":"https:\/\/gpdstore.net\/no\/wp-json\/wp\/v2\/comments?post=4410"}],"version-history":[{"count":0,"href":"https:\/\/gpdstore.net\/no\/wp-json\/wp\/v2\/pages\/4410\/revisions"}],"wp:attachment":[{"href":"https:\/\/gpdstore.net\/no\/wp-json\/wp\/v2\/media?parent=4410"}],"curies":[{"name":"wp","href":"https:\/\/api.w.org\/{rel}","templated":true}]}}