{"id":4385,"date":"2023-03-23T16:38:25","date_gmt":"2023-03-23T16:38:25","guid":{"rendered":"https:\/\/gpdstore.net\/om-oss\/"},"modified":"2024-12-11T13:38:39","modified_gmt":"2024-12-11T13:38:39","slug":"om-oss","status":"publish","type":"page","link":"https:\/\/gpdstore.net\/no\/om-oss\/","title":{"rendered":"Om oss"},"content":{"rendered":"\t\t<div data-elementor-type=\"wp-page\" data-elementor-id=\"4385\" class=\"elementor elementor-4385 elementor-10\" data-elementor-settings=\"{&quot;element_pack_global_tooltip_width&quot;:{&quot;unit&quot;:&quot;px&quot;,&quot;size&quot;:&quot;&quot;,&quot;sizes&quot;:[]},&quot;element_pack_global_tooltip_width_tablet&quot;:{&quot;unit&quot;:&quot;px&quot;,&quot;size&quot;:&quot;&quot;,&quot;sizes&quot;:[]},&quot;element_pack_global_tooltip_width_mobile&quot;:{&quot;unit&quot;:&quot;px&quot;,&quot;size&quot;:&quot;&quot;,&quot;sizes&quot;:[]},&quot;element_pack_global_tooltip_padding&quot;:{&quot;unit&quot;:&quot;px&quot;,&quot;top&quot;:&quot;&quot;,&quot;right&quot;:&quot;&quot;,&quot;bottom&quot;:&quot;&quot;,&quot;left&quot;:&quot;&quot;,&quot;isLinked&quot;:true},&quot;element_pack_global_tooltip_padding_tablet&quot;:{&quot;unit&quot;:&quot;px&quot;,&quot;top&quot;:&quot;&quot;,&quot;right&quot;:&quot;&quot;,&quot;bottom&quot;:&quot;&quot;,&quot;left&quot;:&quot;&quot;,&quot;isLinked&quot;:true},&quot;element_pack_global_tooltip_padding_mobile&quot;:{&quot;unit&quot;:&quot;px&quot;,&quot;top&quot;:&quot;&quot;,&quot;right&quot;:&quot;&quot;,&quot;bottom&quot;:&quot;&quot;,&quot;left&quot;:&quot;&quot;,&quot;isLinked&quot;:true},&quot;element_pack_global_tooltip_border_radius&quot;:{&quot;unit&quot;:&quot;px&quot;,&quot;top&quot;:&quot;&quot;,&quot;right&quot;:&quot;&quot;,&quot;bottom&quot;:&quot;&quot;,&quot;left&quot;:&quot;&quot;,&quot;isLinked&quot;:true},&quot;element_pack_global_tooltip_border_radius_tablet&quot;:{&quot;unit&quot;:&quot;px&quot;,&quot;top&quot;:&quot;&quot;,&quot;right&quot;:&quot;&quot;,&quot;bottom&quot;:&quot;&quot;,&quot;left&quot;:&quot;&quot;,&quot;isLinked&quot;:true},&quot;element_pack_global_tooltip_border_radius_mobile&quot;:{&quot;unit&quot;:&quot;px&quot;,&quot;top&quot;:&quot;&quot;,&quot;right&quot;:&quot;&quot;,&quot;bottom&quot;:&quot;&quot;,&quot;left&quot;:&quot;&quot;,&quot;isLinked&quot;:true}}\" data-elementor-post-type=\"page\">\n\t\t\t\t\t\t<section class=\"elementor-section elementor-top-section elementor-element elementor-element-9ee181d elementor-section-height-min-height elementor-section-content-middle elementor-reverse-mobile elementor-section-boxed elementor-section-height-default elementor-section-items-middle\" data-id=\"9ee181d\" data-element_type=\"section\" data-settings=\"{&quot;background_background&quot;:&quot;classic&quot;,&quot;background_motion_fx_motion_fx_scrolling&quot;:&quot;yes&quot;,&quot;background_motion_fx_blur_effect&quot;:&quot;yes&quot;,&quot;background_motion_fx_range&quot;:&quot;viewport&quot;,&quot;background_motion_fx_motion_fx_mouse&quot;:&quot;yes&quot;,&quot;background_motion_fx_mouseTrack_effect&quot;:&quot;yes&quot;,&quot;background_motion_fx_blur_direction&quot;:&quot;out-in&quot;,&quot;background_motion_fx_blur_level&quot;:{&quot;unit&quot;:&quot;px&quot;,&quot;size&quot;:7,&quot;sizes&quot;:[]},&quot;background_motion_fx_blur_range&quot;:{&quot;unit&quot;:&quot;%&quot;,&quot;size&quot;:&quot;&quot;,&quot;sizes&quot;:{&quot;start&quot;:20,&quot;end&quot;:80}},&quot;background_motion_fx_devices&quot;:[&quot;desktop&quot;,&quot;tablet&quot;,&quot;mobile&quot;],&quot;background_motion_fx_mouseTrack_speed&quot;:{&quot;unit&quot;:&quot;px&quot;,&quot;size&quot;:1,&quot;sizes&quot;:[]}}\">\n\t\t\t\t\t\t<div class=\"elementor-container elementor-column-gap-no\">\n\t\t\t\t\t<div class=\"elementor-column elementor-col-100 elementor-top-column elementor-element elementor-element-53c0e4e\" data-id=\"53c0e4e\" data-element_type=\"column\" data-settings=\"{&quot;background_background&quot;:&quot;classic&quot;}\">\n\t\t\t<div class=\"elementor-widget-wrap elementor-element-populated\">\n\t\t\t\t\t\t<div class=\"elementor-element elementor-element-d21bfa3 elementor-widget elementor-widget-heading\" data-id=\"d21bfa3\" data-element_type=\"widget\" data-widget_type=\"heading.default\">\n\t\t\t\t<div class=\"elementor-widget-container\">\n\t\t\t\t\t<h2 class=\"elementor-heading-title elementor-size-default\">GPD<br>x<br>DROIX<\/h2>\t\t\t\t<\/div>\n\t\t\t\t<\/div>\n\t\t\t\t<div class=\"elementor-element elementor-element-4bf96d9 elementor-widget elementor-widget-text-editor\" data-id=\"4bf96d9\" data-element_type=\"widget\" data-widget_type=\"text-editor.default\">\n\t\t\t\t<div class=\"elementor-widget-container\">\n\t\t\t\t\t\t\t\t\t<p>Velkommen til GPD Store, din one-stop-destinasjon for de mest banebrytende h\u00e5ndholdte spill-PC-ene p\u00e5 markedet.<\/p>\n<p>Vi er en stolt forhandler av GPD-produkter (GamePad Digital), og tilbyr deg de nyeste og mest innovative enhetene, inkludert GPD WIN 4, GPD Pocket 4, GPD Pocket 3 og mange flere GPD-dingser. V\u00e5rt engasjement for \u00e5 levere spillopplevelser av topp kvalitet gj\u00f8r oss til det beste valget for entusiaster som er p\u00e5 jakt etter b\u00e6rbare kraftpakker. <\/p>\n<p>Hos GPD Store forst\u00e5r vi at den perfekte spillopplevelsen g\u00e5r utover selve enheten. Derfor har vi inng\u00e5tt et samarbeid med DroiX, et betrodd navn innen logistikk og kundest\u00f8tte, for \u00e5 sikre at din shoppingreise hos oss er smidig og s\u00f8ml\u00f8s. DroiXs ekspertise garanterer en problemfri opplevelse, fra du legger inn bestillingen din til du mottar enheten din, slik at du kan fokusere p\u00e5 det som betyr mest &#8211; \u00e5 dykke ned i favorittspillene dine.  <\/p>\n<p>V\u00e5rt oppdrag i GPD Store er \u00e5 gi deg den ultimate h\u00e5ndholdte spillopplevelsen, st\u00f8ttet av v\u00e5rt urokkelige engasjement for kundetilfredshet. Vi er selv spillentusiaster, og vi vet hvor viktig det er \u00e5 ha den rette enheten i hendene. Derfor streber vi kontinuerlig etter \u00e5 tilby de beste GPD-produktene p\u00e5 markedet, sammen med f\u00f8rsteklasses kundeservice.  <\/p>\n<p>N\u00e5r du handler hos GPD Store, kj\u00f8per du ikke bare en enhet; du blir en del av et fellesskap av gamere som verdsetter den perfekte balansen mellom kraft og b\u00e6rbarhet. Vi inviterer deg til \u00e5 utforske produktutvalget v\u00e5rt og oppleve forskjellen som GPD Store har \u00e5 tilby. Gj\u00f8r deg klar til \u00e5 l\u00f8fte spillingen din med oss!  <\/p>\n\t\t\t\t\t\t\t\t<\/div>\n\t\t\t\t<\/div>\n\t\t\t\t\t<\/div>\n\t\t<\/div>\n\t\t\t\t\t<\/div>\n\t\t<\/section>\n\t\t\t\t<\/div>\n\t\t","protected":false},"excerpt":{"rendered":"<p>GPDxDROIX Velkommen til GPD Store, din one-stop-destinasjon for de mest banebrytende h\u00e5ndholdte spill-PC-ene p\u00e5 markedet. Vi er en stolt forhandler av GPD-produkter (GamePad Digital), og tilbyr deg de nyeste og mest innovative enhetene, inkludert GPD WIN 4, GPD Pocket 4, GPD Pocket 3 og mange flere GPD-dingser. V\u00e5rt engasjement for \u00e5 levere spillopplevelser av topp [&hellip;]<\/p>\n","protected":false},"author":1,"featured_media":0,"parent":0,"menu_order":0,"comment_status":"closed","ping_status":"closed","template":"template-fullwidth-no-heading.php","meta":{"_acf_changed":false,"footnotes":""},"class_list":["post-4385","page","type-page","status-publish","hentry"],"acf":[],"aioseo_notices":[],"_links":{"self":[{"href":"https:\/\/gpdstore.net\/no\/wp-json\/wp\/v2\/pages\/4385","targetHints":{"allow":["GET"]}}],"collection":[{"href":"https:\/\/gpdstore.net\/no\/wp-json\/wp\/v2\/pages"}],"about":[{"href":"https:\/\/gpdstore.net\/no\/wp-json\/wp\/v2\/types\/page"}],"author":[{"embeddable":true,"href":"https:\/\/gpdstore.net\/no\/wp-json\/wp\/v2\/users\/1"}],"replies":[{"embeddable":true,"href":"https:\/\/gpdstore.net\/no\/wp-json\/wp\/v2\/comments?post=4385"}],"version-history":[{"count":0,"href":"https:\/\/gpdstore.net\/no\/wp-json\/wp\/v2\/pages\/4385\/revisions"}],"wp:attachment":[{"href":"https:\/\/gpdstore.net\/no\/wp-json\/wp\/v2\/media?parent=4385"}],"curies":[{"name":"wp","href":"https:\/\/api.w.org\/{rel}","templated":true}]}}