{"id":4814,"date":"2023-03-24T16:08:28","date_gmt":"2023-03-24T16:08:28","guid":{"rendered":"https:\/\/gpdstore.net\/niet-gecategoriseerd\/gpd-pocket-3-kvm-en-rs-232-uitbreidingsmodule\/"},"modified":"2026-01-06T02:00:02","modified_gmt":"2026-01-06T02:00:02","slug":"gpd-pocket-3-kvm-and-rs-232-expansion-module","status":"publish","type":"product","link":"https:\/\/gpdstore.net\/nl\/product\/gpd-pocket-3-kvm-and-rs-232-expansion-module\/","title":{"rendered":"GPD Pocket 3 KVM- en RS-232-uitbreidingsmodule"},"content":{"rendered":"\n<p>Til je GPD Pocket 3 naar een hoger niveau met onze KVM- en RS-232-uitbreidingspoorten! Deze innovatieve accessoires bevestig je aan de achterkant van je apparaat en bieden nieuwe functionaliteit voor een reeks toepassingen. Kies tussen de KVM-switch om meerdere apparaten te bedienen met \u00e9\u00e9n toetsenbord en muis, of de RS-232 poort voor seri\u00eble communicatie. Houd er rekening mee dat slechts \u00e9\u00e9n poort tegelijk kan worden gebruikt. Upgrade je GPD Pocket 3 vandaag nog voor verbeterde productiviteit en veelzijdigheid!<\/p>\n","protected":false},"excerpt":{"rendered":"<ul>\n<li><strong>Officieel GPD accessoire<\/strong><\/li>\n<li>Combo Pack met <strong>twee<\/strong> uitbreidingsmodules<\/li>\n<li>Verbinding maken met en besturen van servers via <strong>KVM-module<\/strong> <\/li>\n<li>Interface met industri\u00eble machines via <strong>RS232<\/strong><\/li>\n<\/ul>\n[cg_accordion title=\"BETALINGS INFO\"]<\/p>\n<p>We gebruiken de nieuwste technologie op het gebied van betalingsverwerking, waardoor je kunt afrekenen via Apple Pay, Google Pay, je bankpas, PayPal of BNPL-methoden zoals Klarna, Affirm of AfterPay voor een snelle en veilige ervaring.[\/cg_accordion]\n[cg_accordion title=\"GARANTIE\"]<\/p>\n<p>2 jaar garantie van <a href=\"https:\/\/droix.net\/\" target=\"_blank\" rel=\"nofollow noopener\">DROIX Global<\/a> voor uw gemoedsrust[\/cg_accordion]\n[cg_accordion title=\"PRIJZEN, BELASTINGEN EN VERZENDING\"]<\/p>\n<p><strong><u>Opmerking:<\/u><\/strong><\/p>\n<ul>\n<li>Klanten in de Verenigde Staten: De getoonde prijs is exclusief BTW en invoerrechten. De klant is verantwoordelijk voor het inklaren en betalen van eventuele belastingen\/rechten. <\/li>\n<li>Klanten in de EU: De getoonde prijs is inclusief BTW, die kan oplopen tot 25%, afhankelijk van je land.<\/li>\n<li>Klanten in Canada: De getoonde prijs is inclusief toepasselijke belastingen, waaronder mogelijk 5% GST en aanvullende Provincial Sales Taxes (PST), Harmonized Sales Tax (HST) of Quebec Sales Tax (QST), afhankelijk van je provincie.<\/li>\n<\/ul>\n<p><strong>ALLEEN voor klanten in de EU:<\/strong> Express DDP (Delivered Duty Paid). Dit betekent: <\/p>\n<ul>\n<li>Alle douanerechten en belastingen zijn bij de prijs op de productpagina inbegrepen.<\/li>\n<li>Je hoeft geen extra kosten te betalen bij levering.<\/li>\n<li>In het zeldzame geval dat er douanegerelateerde problemen zijn, zal ons team het inklaringsproces namens jou afhandelen om een probleemloze levering te garanderen.<\/li>\n<p>Belangrijke informatie over retourneren:<\/p>\n<li>Als je besluit je bestelling te retourneren of een restitutie aanvraagt, houd er dan rekening mee dat belastingen en heffingen die onder DDP-voorwaarden namens jou zijn betaald, niet kunnen worden terugbetaald.<\/li>\n<p>Raadpleeg onze <a href=\"https:\/\/gpdstore.net\/nl\/terms-of-service\/\" target=\"_blank\" rel=\"nofollow noopener\">Algemene voorwaarden<\/a> voor gedetailleerde informatie.\n<\/ul>\n<p>[\/cg_accordion]\n[cg_accordion title=\"KLANTENONDERSTEUNING\"]<\/p>\n<p>Heb je een vraag? We zijn een sms&#8217;je van je probleem verwijderd!<br \/>\n[\/cg_accordion]\n[cg_accordion title=\"WAT IS INBEGREPEN\"]<\/p>\n<ul>\n<li>1x GPD Pocket 3 KVM &amp; RS-232 Module<\/li>\n<\/ul>\n<p>[\/cg_accordion]\n","protected":false},"featured_media":4815,"template":"","meta":{"_acf_changed":false},"product_brand":[],"product_cat":[1205],"product_tag":[15835,1362],"woo-feed-brand":[940],"class_list":{"0":"post-4814","1":"product","2":"type-product","3":"status-publish","4":"has-post-thumbnail","6":"product_cat-accessoires","7":"product_tag-20xmsale-nl-2","8":"product_tag-gpd-pocket-3-accessory-nl","9":"product_shipping_class-low-end","10":"pa_accessory-type-toevoegingen","11":"woo-feed-brand-gpd-nl","13":"first","14":"instock","15":"sale","16":"taxable","17":"shipping-taxable","18":"purchasable","19":"product-type-simple"},"acf":[],"aioseo_notices":[],"_links":{"self":[{"href":"https:\/\/gpdstore.net\/nl\/wp-json\/wp\/v2\/product\/4814","targetHints":{"allow":["GET"]}}],"collection":[{"href":"https:\/\/gpdstore.net\/nl\/wp-json\/wp\/v2\/product"}],"about":[{"href":"https:\/\/gpdstore.net\/nl\/wp-json\/wp\/v2\/types\/product"}],"wp:featuredmedia":[{"embeddable":true,"href":"https:\/\/gpdstore.net\/nl\/wp-json\/wp\/v2\/media\/4815"}],"wp:attachment":[{"href":"https:\/\/gpdstore.net\/nl\/wp-json\/wp\/v2\/media?parent=4814"}],"wp:term":[{"taxonomy":"product_brand","embeddable":true,"href":"https:\/\/gpdstore.net\/nl\/wp-json\/wp\/v2\/product_brand?post=4814"},{"taxonomy":"product_cat","embeddable":true,"href":"https:\/\/gpdstore.net\/nl\/wp-json\/wp\/v2\/product_cat?post=4814"},{"taxonomy":"product_tag","embeddable":true,"href":"https:\/\/gpdstore.net\/nl\/wp-json\/wp\/v2\/product_tag?post=4814"},{"taxonomy":"woo-feed-brand","embeddable":true,"href":"https:\/\/gpdstore.net\/nl\/wp-json\/wp\/v2\/woo-feed-brand?post=4814"}],"curies":[{"name":"wp","href":"https:\/\/api.w.org\/{rel}","templated":true}]}}