{"id":905615,"date":"2024-11-27T12:35:46","date_gmt":"2024-11-27T12:35:46","guid":{"rendered":"https:\/\/gpdstore.net\/?post_type=product&#038;p=905615"},"modified":"2025-12-23T10:03:11","modified_gmt":"2025-12-23T10:03:11","slug":"gpd-pocket-4-protective-case","status":"publish","type":"product","link":"https:\/\/gpdstore.net\/lv\/product\/gpd-pocket-4-protective-case\/","title":{"rendered":"GPD Pocket 4 aizsargv\u0101ci\u0146\u0161"},"content":{"rendered":"\n<p>Vai mekl\u0113jat aizsargv\u0101ci\u0146u savam GPD Pocket 4 ultrabook datoram? M\u016bsu m\u0101ksl\u012bg\u0101s \u0101das GPD Pocket 4 aizsargv\u0101ci\u0146\u0161 ir ide\u0101ls risin\u0101jums! Izgatavots no augstas kvalit\u0101tes materi\u0101liem, m\u016bsu futr\u0101lis nodro\u0161ina izcilu aizsardz\u012bbu pret skr\u0101p\u0113jumiem, kritieniem un citiem apdraud\u0113jumiem, kas var saboj\u0101t ier\u012bci. T\u0101 prec\u012bzie izgriezumi un perfekt\u0101 mont\u0101\u017ea nodro\u0161ina, ka j\u016bsu GPD Pocket 4 vienm\u0113r b\u016bs dro\u0161s un pieejams.     <\/p>\n","protected":false},"excerpt":{"rendered":"<ul>\n<li><strong>Ofici\u0101lais GPD<\/strong> produkts<\/li>\n<li>Paredz\u0113ts <strong>GPD Pocket 4<\/strong> Mini kl\u0113pjdatoram<\/li>\n<li><strong>M\u0101ksl\u012bg\u0101s \u0101das<\/strong> tekst\u016bra<\/li>\n<li><strong>Magn\u0113tiskais<\/strong> v\u0101ks<\/li>\n<\/ul>\n[cg_accordion title=\"INFORM\u0100CIJA PAR MAKS\u0100JUMU\"]<\/p>\n<p>M\u0113s izmantojam jaun\u0101k\u0101s tehnolo\u0123ijas maks\u0101jumu apstr\u0101d\u0113, kas \u013cauj jums \u0101tri un dro\u0161i izrakst\u012bties, izmantojot debetkarti\/kred\u012btkarti vai PayPal.[\/cg_accordion]\n[cg_accordion title=\"GARANTIJA\"]<\/p>\n<p>2 gadu garantija no <a href=\"https:\/\/droix.net\/\" target=\"_blank\" rel=\"nofollow noopener\">DROIX Global<\/a>, lai j\u016bs b\u016btu mier\u0101.[\/cg_accordion]\n[cg_accordion title=\"KVALIT\u0100TES NODRO\u0160IN\u0100\u0160ANA UN PIRMSNOS\u016aT\u012a\u0160ANAS TEST\u0112\u0160ANA\"]<\/p>\n<p>Klientu apmierin\u0101t\u012bbas nodro\u0161in\u0101\u0161ana augst\u0101kaj\u0101 l\u012bmen\u012b: Katra ier\u012bce pirms nos\u016bt\u012b\u0161anas tiek pak\u013cauta stingrai test\u0113\u0161anai un daudzpunktu kvalit\u0101tes nodro\u0161in\u0101\u0161anas p\u0101rbaudei. M\u016bsu komanda p\u0101rbauda veiktsp\u0113ju, funkcionalit\u0101ti un komponentu integrit\u0101ti, lai garant\u0113tu, ka j\u016bsu GPD ier\u012bce, to sa\u0146emot, ir ide\u0101l\u0101 darba k\u0101rt\u012bb\u0101, nodro\u0161inot jums p\u0101rliec\u012bbu un sirdsmieru. [\/cg_accordion]\n[cg_accordion title=\"CENAS, NODOK\u013bI UN PIEG\u0100DE\"]<\/p>\n<p><strong><u>Piez\u012bme:<\/u><\/strong><\/p>\n<ul>\n<li>Amerikas Savienot\u0101s Valstis Klienti: Klientiem, kas ieg\u0101d\u0101jas preces, nor\u0101d\u012bt\u0101 cena neietver ne nodokli, ne nodevas. Atbild\u012bba par muito\u0161anu un saist\u012bto nodok\u013cu\/muitas nodok\u013cu nomaksu gulstas uz klientu pleciem. <\/li>\n<li>ES klienti: Atkar\u012bb\u0101 no j\u016bsu valsts, nor\u0101d\u012bt\u0101 cena ietver piem\u0113rojamo nodokli, kas var b\u016bt l\u012bdz 25%.<\/li>\n<li>Kan\u0101das klienti: Atkar\u012bb\u0101 no j\u016bsu provinces nor\u0101d\u012btaj\u0101 cen\u0101 ir iek\u013cauti piem\u0113rojamie nodok\u013ci, kas var ietvert 5% GST un papildu provinces p\u0101rdo\u0161anas nodokli (PST), saska\u0146oto p\u0101rdo\u0161anas nodokli (HST) vai Kvebekas p\u0101rdo\u0161anas nodokli (QST).<\/li>\n<\/ul>\n<p><strong>Tikai ES klientiem:<\/strong> Express DDP (pieg\u0101de ar samaks\u0101tu muitas nodokli). Tas noz\u012bm\u0113: <\/p>\n<ul>\n<li>Visas muitas nodevas un nodok\u013ci ir iek\u013cauti produkta lap\u0101 nor\u0101d\u012btaj\u0101 cen\u0101.<\/li>\n<li>Pieg\u0101des br\u012bd\u012b jums neb\u016bs j\u0101maks\u0101 papildu maksa.<\/li>\n<li>Retos gad\u012bjumos, kad rodas ar muitu saist\u012btas probl\u0113mas, m\u016bsu komanda j\u016bsu v\u0101rd\u0101 veiks muito\u0161anas procesu, lai nodro\u0161in\u0101tu netrauc\u0113tu pieg\u0101di.<\/li>\n<p>Svar\u012bga inform\u0101cija par atgrie\u0161anu:<\/p>\n<li>Ja nolemjat atgriezt pas\u016bt\u012bjumu vai piepras\u012bt atmaksu, l\u016bdzu, \u0146emiet v\u0113r\u0101, ka nodok\u013ci un nodevas, kas samaks\u0101ti j\u016bsu v\u0101rd\u0101 saska\u0146\u0101 ar DDP noteikumiem, nevar tikt atmaks\u0101ti.<\/li>\n<p>S\u012bk\u0101ku inform\u0101ciju skatiet m\u016bsu <a href=\"https:\/\/droix.net\/terms-and-conditions\/\" target=\"_blank\" rel=\"nofollow noopener\">Noteikumos un nosac\u012bjumos<\/a>.\n<\/ul>\n<p>[\/cg_accordion]\n[cg_accordion title=\"KLIENTU ATBALSTS\"]<\/p>\n<p>Jums ir jaut\u0101jums? M\u0113s esam \u012bs\u0101 teksta att\u0101lum\u0101 no j\u016bsu jaut\u0101juma atrisin\u0101\u0161anas! <\/p>\n<p>S\u012bk\u0101ku inform\u0101ciju skatiet m\u016bsu <a href=\"https:\/\/gpdstore.net\/lv\/terms-of-service\/\" target=\"_blank\" rel=\"nofollow noopener\">Noteikumos un nosac\u012bjumos<\/a>.\n<\/ul>\n<p>[\/cg_accordion]\n[cg_accordion title=\"KAS IEK\u013bAUTS\"]<\/p>\n<ul>\n<li>1x GPD Pocket 4 futr\u0101lis<\/li>\n<\/ul>\n<p>[\/cg_accordion]\n","protected":false},"featured_media":188779,"template":"","meta":{"_acf_changed":false},"product_brand":[],"product_cat":[5400],"product_tag":[18479,18550],"woo-feed-brand":[],"class_list":{"0":"post-905615","1":"product","2":"type-product","3":"status-publish","4":"has-post-thumbnail","6":"product_cat-aksesuari","7":"product_tag-25xmsale-lv","8":"product_tag-gpd-pocket-3-accessory-lv","9":"product_shipping_class-low-end","10":"pa_accessory-type-aizsargvacins","11":"pa_brand-gpd","13":"first","14":"instock","15":"sale","16":"taxable","17":"shipping-taxable","18":"purchasable","19":"product-type-variable","20":"has-default-attributes"},"acf":[],"aioseo_notices":[],"_links":{"self":[{"href":"https:\/\/gpdstore.net\/lv\/wp-json\/wp\/v2\/product\/905615","targetHints":{"allow":["GET"]}}],"collection":[{"href":"https:\/\/gpdstore.net\/lv\/wp-json\/wp\/v2\/product"}],"about":[{"href":"https:\/\/gpdstore.net\/lv\/wp-json\/wp\/v2\/types\/product"}],"wp:featuredmedia":[{"embeddable":true,"href":"https:\/\/gpdstore.net\/lv\/wp-json\/wp\/v2\/media\/188779"}],"wp:attachment":[{"href":"https:\/\/gpdstore.net\/lv\/wp-json\/wp\/v2\/media?parent=905615"}],"wp:term":[{"taxonomy":"product_brand","embeddable":true,"href":"https:\/\/gpdstore.net\/lv\/wp-json\/wp\/v2\/product_brand?post=905615"},{"taxonomy":"product_cat","embeddable":true,"href":"https:\/\/gpdstore.net\/lv\/wp-json\/wp\/v2\/product_cat?post=905615"},{"taxonomy":"product_tag","embeddable":true,"href":"https:\/\/gpdstore.net\/lv\/wp-json\/wp\/v2\/product_tag?post=905615"},{"taxonomy":"woo-feed-brand","embeddable":true,"href":"https:\/\/gpdstore.net\/lv\/wp-json\/wp\/v2\/woo-feed-brand?post=905615"}],"curies":[{"name":"wp","href":"https:\/\/api.w.org\/{rel}","templated":true}]}}