{"id":83631,"date":"2024-05-08T15:41:24","date_gmt":"2024-05-08T15:41:24","guid":{"rendered":"https:\/\/gpdstore.net\/uncategorized\/gpd-win-4-dokstacija\/"},"modified":"2025-12-23T10:17:46","modified_gmt":"2025-12-23T10:17:46","slug":"gpd-win-4-docking-station","status":"publish","type":"product","link":"https:\/\/gpdstore.net\/lv\/product\/gpd-win-4-docking-station\/","title":{"rendered":"GPD WIN 4 dokstacija"},"content":{"rendered":"\n<h3 class=\"wp-block-heading\"><strong>P\u0101rveidojiet GPD WIN 4 par darbvirsmas ier\u012bci ar ofici\u0101lo dokstaciju<\/strong><\/h3>\n\n<p>Ar GPD WIN 4 dokstaciju paaugstiniet savu plaukstas sp\u0113\u013cu pieredzi l\u012bdz darbvirsmas l\u012bmenim. \u0160is b\u016btiskais piederums ne tikai papla\u0161ina savienojam\u012bbas iesp\u0113jas, bet ar\u012b uzlabo ier\u012bces funkcionalit\u0101ti, padarot to par piln\u012bb\u0101 apr\u012bkotu galddatoru.<\/p>\n\n<h3 class=\"wp-block-heading\"><strong>Uzlabota USB savienojam\u012bba<\/strong><\/h3>\n\n<p>GPD WIN 4 dokstacija ir apr\u012bkota ar trim USB 3.2 Gen 2 A tipa piesl\u0113gviet\u0101m, kas nodro\u0161ina \u0101trumu l\u012bdz 10 Gbps, lai piesl\u0113gtu da\u017e\u0101das perif\u0113rijas ier\u012bces, piem\u0113ram, tastat\u016bras, peles un \u0101trgaitas \u0101r\u0113j\u0101s atmi\u0146as ier\u012bces.<\/p>\n\n<p>Tam ir ar\u012b USB 3.2 Gen 2 Type-C ports, kas paredz\u0113ts \u0101trai uzl\u0101dei un atbalsta jaud\u012bgus l\u0101d\u0113t\u0101jus, lai \u0101tri uzl\u0101d\u0113tu ier\u012bci.<\/p>\n\n<h3 class=\"wp-block-heading\"><strong>Izcilas displeja opcijas<\/strong><\/h3>\n\n<p>Izbaudiet augstas iz\u0161\u0137irtsp\u0113jas att\u0113lus, pievienojot GPD WIN 4 \u0101r\u0113jam monitoram vai televizoram, izmantojot HDMI 2.0 portu. \u0160\u012b konfigur\u0101cija \u013cauj izmantot GPD WIN 4 displeju k\u0101 papildu ekr\u0101nu, uzlabojot produktivit\u0101ti un sp\u0113\u013cu pieredzi ar divu displeju iesp\u0113j\u0101m.<\/p>\n\n<h3 class=\"wp-block-heading\"><strong>\u0100trs un dro\u0161s interneta savienojums<\/strong><\/h3>\n\n<p>Dok\u0113\u0161anas stacij\u0101 ir 1 Gbps RJ45 Ethernet ports, kas nodro\u0161ina \u0101tru un dro\u0161u savienojumu straum\u0113\u0161anai, sp\u0113l\u0113m un datu p\u0101rs\u016bt\u012b\u0161anai, p\u0101rsp\u0113jot bezvadu \u0101trumu un dro\u0161\u012bbu.<\/p>\n\n<h3 class=\"wp-block-heading\"><strong>Kompakts dizains maksim\u0101lai p\u0101rn\u0113s\u0101jam\u012bbai<\/strong><\/h3>\n\n<p>GPD WIN 4 dokstacija ir kompakta &#8211; t\u0101s izm\u0113ri ir tikai 3,4 x 5,6 x 3,2 collas un svars ir tikai 224 g. Tas padara to neticami p\u0101rn\u0113s\u0101jamu un viegli integr\u0113jamu jebkur\u0101 darba telp\u0101, neveidojot nek\u0101rt\u012bbas. T\u0101 konstrukcija ietver no\u0146emamu aizmugur\u0113jo da\u013cu, kas nodro\u0161ina \u0113rtu dokstacijas un ier\u012bces piesl\u0113g\u0161anu un transport\u0113\u0161anu.  <\/p>\n\n<p>Turkl\u0101t, pateicoties dokstacijas konstrukcijai, GPD WIN 4 otrais C tipa USB ports ir br\u012bvs, un j\u016bs varat pievienot augstas veiktsp\u0113jas perif\u0113rijas ier\u012bces, piem\u0113ram, \u0101r\u0113jo GPU, t\u0101d\u0113j\u0101di v\u0113l vair\u0101k uzlabojot savu konfigur\u0101ciju.<\/p>\n\n<h3 class=\"wp-block-heading\"><strong>GPD WIN 4 dokstacijas GPD WIN 4 plusi un m\u012bnusi<\/strong><\/h3>\n\n<h3 class=\"wp-block-heading\"><strong>Priek\u0161roc\u012bbas:<\/strong><\/h3>\n\n<ul class=\"wp-block-list\">\n<li>Vair\u0101ki USB 3.2 Gen 2 Type-A porti da\u017e\u0101d\u0101m perif\u0113rijas ier\u012bc\u0113m<\/li>\n\n\n\n<li>HDMI 2.0 izeja \u0101r\u0113jiem monitoriem vai televizoriem<\/li>\n\n\n\n<li>\u0100trdarb\u012bgs 1 Gbps Ethernet uzticamam interneta savienojumam<\/li>\n\n\n\n<li>C tipa USB ports \u0101trai ier\u012bces uzl\u0101dei<\/li>\n<\/ul>\n\n<h3 class=\"wp-block-heading\"><strong>M\u012bnusi:<\/strong><\/h3>\n\n<ul class=\"wp-block-list\">\n<li>Tr\u016bkst papildu C tipa USB piesl\u0113gvietas perif\u0113ro ier\u012b\u010du savienojumiem<\/li>\n<\/ul>\n\n<h3 class=\"wp-block-heading\"><strong>Dok\u0113\u0161anas stacijas izmanto\u0161anas priek\u0161roc\u012bbas<\/strong><\/h3>\n\n<p>Dok\u0113\u0161anas stacija vienk\u0101r\u0161o j\u016bsu darba procesu, savienojot kl\u0113pjdatoru ar vair\u0101k\u0101m perif\u0113rijas ier\u012bc\u0113m, izmantojot vienu kabeli. Tas ne tikai pal\u012bdz atbr\u012bvot j\u016bsu darba vietu, bet ar\u012b palielina j\u016bsu produktivit\u0101ti, jo \u013cauj iestat\u012bt divus displejus. Turkl\u0101t tas samazina ier\u012bces piesl\u0113gvietu nodilumu un nolietojumu, pagarinot GPD WIN 4 kalpo\u0161anas laiku, jo tas samazina nepiecie\u0161am\u012bbu bie\u017ei savienot un atvienot vair\u0101kus kabe\u013cus.<\/p>\n\n<p>Ieguldiet GPD WIN 4 dokstacij\u0101 jau \u0161odien, lai p\u0101rveidotu savu sp\u0113\u013cu konfigur\u0101ciju un racionaliz\u0113tu savu darba vietu, padarot GPD WIN 4 ne tikai par sp\u0113\u013cu s\u012bkr\u012bku, bet ar\u012b par visaptvero\u0161u darbstaciju.<\/p>\n","protected":false},"excerpt":{"rendered":"<ul>\n<li><strong>GPD WIN 4<\/strong> glab\u0101\u0161ana un uzl\u0101de<\/li>\n<li>P\u0101rv\u0113rtiet savu rokas datoru par <strong>darbvirsmas ier\u012b<\/strong>ci<\/li>\n<li>Pievienojiet visus perif\u0113rijas ier\u012bces.<\/li>\n<li>Ofici\u0101l\u0101 GPD Dock, kas paredz\u0113ta <strong>GPD WIN 4<\/strong> ier\u012bc\u0113m<\/li>\n<li>Mazs, viegls un piem\u0113rots ce\u013co\u0161anai<\/li>\n<\/ul>\n[cg_accordion title=\"INFORM\u0100CIJA PAR MAKS\u0100JUMU\"]<\/p>\n<p>M\u0113s izmantojam jaun\u0101k\u0101s tehnolo\u0123ijas maks\u0101jumu apstr\u0101d\u0113, kas \u013cauj jums \u0101tri un dro\u0161i nor\u0113\u0137in\u0101ties, izmantojot debetkarti\/kred\u012btkarti vai PayPal.[\/cg_accordion]\n[cg_accordion title=\"GARANTIJA\"]<\/p>\n<p>2 gadu garantija no <a href=\"https:\/\/droix.net\/\" target=\"_blank\" rel=\"nofollow noopener\">DROIX Global, lai<\/a> j\u016bs b\u016btu mier\u0101.[\/cg_accordion]\n[cg_accordion title=\"CENAS, NODOK\u013bI UN PIEG\u0100DE\"]<\/p>\n<p><strong><u>Piez\u012bme:<\/u><\/strong><br \/>\n &#8211; Amerikas Savienoto Valstu klienti:<br \/>\n &#8211; ES klientiem: Atkar\u012bb\u0101 no j\u016bsu valsts nor\u0101d\u012btaj\u0101 cen\u0101 ir iek\u013cauts piem\u0113rojamais nodoklis, kas var b\u016bt l\u012bdz 25 %.<br \/>\n &#8211; Kan\u0101das klientiem: Atkar\u012bb\u0101 no j\u016bsu provinces nor\u0101d\u012btaj\u0101 cen\u0101 ir iek\u013cauti piem\u0113rojamie nodok\u013ci, kas var ietvert 5% GST un papildu provinces p\u0101rdo\u0161anas nodokli (PST), saska\u0146oto p\u0101rdo\u0161anas nodokli (HST) vai Kvebekas p\u0101rdo\u0161anas nodokli (QST).[\/cg_accordion]\n[cg_accordion title=\"PIEG\u0100DE UN ATGRIE\u0160ANA\"]<\/p>\n<p>Organiz\u0113 <a href=\"https:\/\/droix.net\/\" target=\"_blank\" rel=\"nofollow noopener\">DroiX,<\/a> ofici\u0101lais GPD izplat\u012bt\u0101js, m\u0113s s\u016bt\u0101m, izmantojot DHL Express DDP (Delivered Duty Paid). Tas noz\u012bm\u0113: <\/p>\n<p>Express DDP (Delivered Duty Paid). Tas noz\u012bm\u0113:<br \/>\n &#8211; Visi muitas nodok\u013ci un nodevas ir iek\u013cauti produkta lap\u0101 nor\u0101d\u012btaj\u0101 cen\u0101.<br \/>\n &#8211; Pieg\u0101des br\u012bd\u012b jums neb\u016bs j\u0101maks\u0101 nek\u0101di papildu maks\u0101jumi.<br \/>\n &#8211; Retos gad\u012bjumos, kad rodas ar muitu saist\u012btas probl\u0113mas, m\u016bsu komanda j\u016bsu v\u0101rd\u0101 veiks muito\u0161anas procesu, lai nodro\u0161in\u0101tu netrauc\u0113tu pieg\u0101di. <\/p>\n<p>Svar\u012bga inform\u0101cija par atgrie\u0161anu:<br \/>\n &#8211; Ja nolemjat atgriezt pas\u016bt\u012bjumu vai piepras\u012bt atmaksu, l\u016bdzu, \u0146emiet v\u0113r\u0101, ka nodok\u013ci un nodevas, kas samaks\u0101ti j\u016bsu v\u0101rd\u0101 saska\u0146\u0101 ar DDP noteikumiem, nevar tikt atmaks\u0101ti.<\/p>\n<p>S\u012bk\u0101ku inform\u0101ciju skatiet m\u016bsu <a href=\"https:\/\/gpdstore.net\/lv\/terms-of-service\/\" target=\"_blank\" rel=\"nofollow noopener\">Noteikumos un nosac\u012bjumos<\/a>.[\/cg_accordion]\n[cg_accordion title=\"KAS IEK\u013bAUTS\"]<\/p>\n<ul>\n<li>1x GPD WIN 4 doks<\/li>\n<\/ul>\n<p>[\/cg_accordion]\n","protected":false},"featured_media":83635,"template":"","meta":{"_acf_changed":false},"product_brand":[],"product_cat":[5400],"product_tag":[6126],"woo-feed-brand":[5825],"class_list":{"0":"post-83631","1":"product","2":"type-product","3":"status-publish","4":"has-post-thumbnail","6":"product_cat-aksesuari","7":"product_tag-gpd-win-4-accessory-lv-2","8":"product_shipping_class-low-end","9":"product_shipping_class-standard","11":"pa_accessory-type-dokesanas-stacija","12":"pa_brand-gpd","13":"woo-feed-brand-gpd-lv","15":"first","16":"outofstock","17":"taxable","18":"shipping-taxable","19":"purchasable","20":"product-type-variable","21":"has-default-attributes"},"acf":[],"aioseo_notices":[],"_links":{"self":[{"href":"https:\/\/gpdstore.net\/lv\/wp-json\/wp\/v2\/product\/83631","targetHints":{"allow":["GET"]}}],"collection":[{"href":"https:\/\/gpdstore.net\/lv\/wp-json\/wp\/v2\/product"}],"about":[{"href":"https:\/\/gpdstore.net\/lv\/wp-json\/wp\/v2\/types\/product"}],"wp:featuredmedia":[{"embeddable":true,"href":"https:\/\/gpdstore.net\/lv\/wp-json\/wp\/v2\/media\/83635"}],"wp:attachment":[{"href":"https:\/\/gpdstore.net\/lv\/wp-json\/wp\/v2\/media?parent=83631"}],"wp:term":[{"taxonomy":"product_brand","embeddable":true,"href":"https:\/\/gpdstore.net\/lv\/wp-json\/wp\/v2\/product_brand?post=83631"},{"taxonomy":"product_cat","embeddable":true,"href":"https:\/\/gpdstore.net\/lv\/wp-json\/wp\/v2\/product_cat?post=83631"},{"taxonomy":"product_tag","embeddable":true,"href":"https:\/\/gpdstore.net\/lv\/wp-json\/wp\/v2\/product_tag?post=83631"},{"taxonomy":"woo-feed-brand","embeddable":true,"href":"https:\/\/gpdstore.net\/lv\/wp-json\/wp\/v2\/woo-feed-brand?post=83631"}],"curies":[{"name":"wp","href":"https:\/\/api.w.org\/{rel}","templated":true}]}}