{"id":808714,"date":"2024-11-21T09:56:41","date_gmt":"2024-11-21T09:56:41","guid":{"rendered":"https:\/\/gpdstore.net\/?post_type=product&#038;p=808714"},"modified":"2025-12-23T10:03:47","modified_gmt":"2025-12-23T10:03:47","slug":"gpd-duo-protective-case","status":"publish","type":"product","link":"https:\/\/gpdstore.net\/lv\/product\/gpd-duo-protective-case\/","title":{"rendered":"GPD DUO aizsargv\u0101ci\u0146\u0161"},"content":{"rendered":"\n<p>Aizsarg\u0101jiet savu GPD DUO stil\u012bgi ar <strong>ofici\u0101lo GPD DUO aizsargv\u0101ci\u0146u<\/strong>. \u0160is gl\u012btais un iztur\u012bgais futr\u0101lis, kas izstr\u0101d\u0101ts tikai GPD DUO, pied\u0101v\u0101 perfektu funkcionalit\u0101tes un aizsardz\u012bbas kombin\u0101ciju. Neatkar\u012bgi no t\u0101, vai p\u0101rvietojaties uz darbu, ce\u013cojat vai vienk\u0101r\u0161i glab\u0101jat ier\u012bci, \u0161is futr\u0101lis nodro\u0161in\u0101s j\u016bsu GPD DUO dro\u0161\u012bbu un aizsardz\u012bbu.  <\/p>\n\n<p>Futr\u0101l\u012btim ir <strong>iztur\u012bga auduma \u0101rpuse<\/strong>, kas pasarg\u0101 ier\u012bci no \u0101r\u0113jiem boj\u0101jumiem, un <strong>m\u012bksta, polster\u0113ta iek\u0161puse<\/strong>, kas aizsarg\u0101 pret skr\u0101p\u0113jumiem un triecieniem. Pateicoties kompaktajam dizainam, tas viegli ietilpina GPD DUO, vienlaikus atst\u0101jot vietu svar\u012bg\u0101kajiem piederumiem. <\/p>\n\n<p>Futr\u0101lis ir apr\u012bkots ar <strong>dubultiem rokturiem<\/strong> \u0113rtai p\u0101rn\u0113s\u0101\u0161anai un <strong>regul\u0113jamu plecu siksnu<\/strong>, kas \u013cauj to n\u0113s\u0101t jums piem\u0113rot\u0101kaj\u0101 veid\u0101. T\u0101 viegl\u0101 konstrukcija padara to ide\u0101li piem\u0113rotu lietot\u0101jiem, kas ir ce\u013c\u0101 un v\u0113las uzticamu aizsardz\u012bbu bez liekas masas. <\/p>\n\n<h3 class=\"wp-block-heading\"><strong>Galven\u0101s funkcijas:<\/strong><\/h3>\n\n<ul class=\"wp-block-list\">\n<li>Ofici\u0101ls GPD produkts, kas \u012bpa\u0161i izstr\u0101d\u0101ts GPD DUO.<\/li>\n\n\n\n<li>Iztur\u012bga auduma \u0101rpuse uzlabotai aizsardz\u012bbai<\/li>\n\n\n\n<li>M\u012bksta, polster\u0113ta iek\u0161puse, lai pasarg\u0101tu ier\u012bci no skr\u0101p\u0113jumiem un triecieniem<\/li>\n\n\n\n<li>Divi rokturi un regul\u0113jama plecu siksna daudzpus\u012bg\u0101m n\u0113s\u0101\u0161anas iesp\u0113j\u0101m<\/li>\n\n\n\n<li>Kompakts un viegls dizains maksim\u0101lai p\u0101rn\u0113s\u0101jam\u012bbai<\/li>\n<\/ul>\n\n<p>Dro\u0161i pa\u0146emiet savu GPD DUO jebkur\u0101 viet\u0101, zinot, ka to aizsarg\u0101 futr\u0101lis, kas apvieno praktiskumu, iztur\u012bbu un stilu.<\/p>\n\n<p><\/p>\n","protected":false},"excerpt":{"rendered":"<ul>\n<li>Ofici\u0101lais <strong>GPD<\/strong> produkts<\/li>\n<li>Izstr\u0101d\u0101ts \u012bpa\u0161i <strong>GPD DUO<\/strong><\/li>\n<li>Iztur\u012bga auduma \u0101rpuse uzlabotai aizsardz\u012bbai<\/li>\n<li>M\u012bksta, polster\u0113ta iek\u0161puse, kas nov\u0113r\u0161 skr\u0101p\u0113jumus un triecienus<\/li>\n<li>Ietver gan dubultus rokturus, gan regul\u0113jamu plecu siksnu daudzpus\u012bgai n\u0113s\u0101\u0161anas iesp\u0113jai.<\/li>\n<\/ul>\n[cg_accordion title=\"INFORM\u0100CIJA PAR MAKS\u0100JUMU\"]<\/p>\n<p>M\u0113s izmantojam jaun\u0101k\u0101s tehnolo\u0123ijas maks\u0101jumu apstr\u0101d\u0113, kas \u013cauj \u0101tri un dro\u0161i nor\u0113\u0137in\u0101ties, izmantojot Apple Pay, Google Pay, debetkarti\/kred\u012btkarti, PayPal vai BNPL metodes, piem\u0113ram, Klarna, Affirm vai AfterPay.[\/cg_accordion]\n[cg_accordion title=\"GARANTIJA\"]<\/p>\n<p>2 gadu garantija no <a href=\"https:\/\/droix.net\/\" target=\"_blank\" rel=\"nofollow noopener\">DROIX Global<\/a>, lai j\u016bs b\u016btu mier\u0101.[\/cg_accordion]\n[cg_accordion title=\"CENAS, NODOK\u013bI UN PIEG\u0100DE\"]<\/p>\n<p><strong><u>Piez\u012bme:<\/u><\/strong><\/p>\n<ul>\n<li>Amerikas Savienot\u0101s Valstis Klienti: Klientiem, kas ieg\u0101d\u0101jas preces, nor\u0101d\u012bt\u0101 cena neietver ne nodokli, ne nodevas. Atbild\u012bba par muito\u0161anu un saist\u012bto nodok\u013cu\/muitas nodok\u013cu nomaksu gulstas uz klientu pleciem. <\/li>\n<li>ES klienti: Atkar\u012bb\u0101 no j\u016bsu valsts, nor\u0101d\u012bt\u0101 cena ietver piem\u0113rojamo nodokli, kas var b\u016bt l\u012bdz 25%.<\/li>\n<li>Kan\u0101das klienti: Atkar\u012bb\u0101 no j\u016bsu provinces nor\u0101d\u012btaj\u0101 cen\u0101 ir iek\u013cauti piem\u0113rojamie nodok\u013ci, kas var ietvert 5% GST un papildu provinces p\u0101rdo\u0161anas nodokli (PST), saska\u0146oto p\u0101rdo\u0161anas nodokli (HST) vai Kvebekas p\u0101rdo\u0161anas nodokli (QST).<\/li>\n<\/ul>\n<p><strong>Tikai ES klientiem:<\/strong> Express DDP (pieg\u0101de ar samaks\u0101tu muitas nodokli). Tas noz\u012bm\u0113: <\/p>\n<ul>\n<li>Visas muitas nodevas un nodok\u013ci ir iek\u013cauti produkta lap\u0101 nor\u0101d\u012btaj\u0101 cen\u0101.<\/li>\n<li>Pieg\u0101des br\u012bd\u012b jums neb\u016bs j\u0101maks\u0101 papildu maksa.<\/li>\n<li>Retos gad\u012bjumos, kad rodas ar muitu saist\u012btas probl\u0113mas, m\u016bsu komanda j\u016bsu v\u0101rd\u0101 veiks muito\u0161anas procesu, lai nodro\u0161in\u0101tu netrauc\u0113tu pieg\u0101di.<\/li>\n<p>Svar\u012bga inform\u0101cija par atgrie\u0161anu:<\/p>\n<li>Ja nolemjat atgriezt pas\u016bt\u012bjumu vai piepras\u012bt atmaksu, l\u016bdzu, \u0146emiet v\u0113r\u0101, ka nodok\u013ci un nodevas, kas samaks\u0101ti j\u016bsu v\u0101rd\u0101 saska\u0146\u0101 ar DDP noteikumiem, nevar tikt atmaks\u0101ti.<\/li>\n<p>S\u012bk\u0101ku inform\u0101ciju skatiet m\u016bsu <a href=\"https:\/\/gpdstore.net\/lv\/terms-of-service\/\" target=\"_blank\" rel=\"nofollow noopener\">Noteikumos un nosac\u012bjumos<\/a>.\n<\/ul>\n<p>[\/cg_accordion]\n[cg_accordion title=\"KLIENTU ATBALSTS\"]<\/p>\n<p>Jums ir jaut\u0101jums? M\u0113s esam \u012bs\u0101 teksta att\u0101lum\u0101 no j\u016bsu jaut\u0101juma atrisin\u0101\u0161anas!<br \/>\n[\/cg_accordion]\n[cg_accordion title=\"KAS IEK\u013bAUTS\"]<\/p>\n<ul>\n<li>1x GPD DUO korpuss<\/li>\n<\/ul>\n<p>[\/cg_accordion]\n","protected":false},"featured_media":818179,"template":"","meta":{"_acf_changed":false},"product_brand":[],"product_cat":[5400],"product_tag":[15819],"woo-feed-brand":[],"class_list":{"0":"post-808714","1":"product","2":"type-product","3":"status-publish","4":"has-post-thumbnail","6":"product_cat-aksesuari","7":"product_tag-20xmsale-lv-2","8":"product_shipping_class-low-end","9":"pa_accessory-type-aizsargvacins","10":"pa_brand-gpd","12":"first","13":"instock","14":"sale","15":"taxable","16":"shipping-taxable","17":"purchasable","18":"product-type-simple"},"acf":[],"aioseo_notices":[],"_links":{"self":[{"href":"https:\/\/gpdstore.net\/lv\/wp-json\/wp\/v2\/product\/808714","targetHints":{"allow":["GET"]}}],"collection":[{"href":"https:\/\/gpdstore.net\/lv\/wp-json\/wp\/v2\/product"}],"about":[{"href":"https:\/\/gpdstore.net\/lv\/wp-json\/wp\/v2\/types\/product"}],"wp:featuredmedia":[{"embeddable":true,"href":"https:\/\/gpdstore.net\/lv\/wp-json\/wp\/v2\/media\/818179"}],"wp:attachment":[{"href":"https:\/\/gpdstore.net\/lv\/wp-json\/wp\/v2\/media?parent=808714"}],"wp:term":[{"taxonomy":"product_brand","embeddable":true,"href":"https:\/\/gpdstore.net\/lv\/wp-json\/wp\/v2\/product_brand?post=808714"},{"taxonomy":"product_cat","embeddable":true,"href":"https:\/\/gpdstore.net\/lv\/wp-json\/wp\/v2\/product_cat?post=808714"},{"taxonomy":"product_tag","embeddable":true,"href":"https:\/\/gpdstore.net\/lv\/wp-json\/wp\/v2\/product_tag?post=808714"},{"taxonomy":"woo-feed-brand","embeddable":true,"href":"https:\/\/gpdstore.net\/lv\/wp-json\/wp\/v2\/woo-feed-brand?post=808714"}],"curies":[{"name":"wp","href":"https:\/\/api.w.org\/{rel}","templated":true}]}}