{"id":80326,"date":"2024-04-23T16:13:31","date_gmt":"2024-04-23T16:13:31","guid":{"rendered":"https:\/\/gpdstore.net\/uncategorized\/gpd-stylus-gpd-pocket-3-un-win-max-2-iericem\/"},"modified":"2025-11-24T11:25:11","modified_gmt":"2025-11-24T11:25:11","slug":"gpd-stylus","status":"publish","type":"product","link":"https:\/\/gpdstore.net\/lv\/product\/gpd-stylus\/","title":{"rendered":"GPD stylus GPD Pocket 3 un WIN MAX 2"},"content":{"rendered":"\n<p><br\/>Iepaz\u012bstin\u0101m ar GPD Stylus: j\u016bsu izcilais r\u012bks precizit\u0101tei un komfortam, kas izstr\u0101d\u0101ts, lai uzlabotu GPD Pocket 3 un GPD Win Max 2 funkcionalit\u0101ti, un ir sader\u012bgs ar daudziem citiem kl\u0113pjdatoru un plan\u0161etdatoru mode\u013ciem. Izgatavots no iztur\u012bga alum\u012bnija sakaus\u0113juma, \u0161is rakst\u0101mspalva ir veidots t\u0101, lai \u0113rti piegu\u013c j\u016bsu rokai, t\u0101p\u0113c tas ir ide\u0101li piem\u0113rots ilgsto\u0161ai lieto\u0161anai bez diskomforta. Tas var lepoties ar augstas jut\u012bbas, 4096 spiediena l\u012bme\u0146a spiedienjut\u012bgu uzgal\u012bti, kas izgatavots no m\u012bkstas, elast\u012bgas gumijas, nodro\u0161inot, ka katrs triepiens ir tikpat prec\u012bzs un atsauc\u012bgs k\u0101 pildspalva uz pap\u012bra. \u0160is precizit\u0101tes l\u012bmenis ir ide\u0101li piem\u0113rots da\u017e\u0101d\u0101m darb\u012bb\u0101m, s\u0101kot no skic\u0113\u0161anas un fotoatt\u0113lu redi\u0123\u0113\u0161anas l\u012bdz detaliz\u0113tam darbam ar otu un \u0101trai piez\u012bmju rakst\u012b\u0161anai.   <\/p>\n\n<p>GPD stylus ir ne tikai prec\u012bzs, bet ar\u012b izstr\u0101d\u0101ts t\u0101, lai saglab\u0101tu ekr\u0101nu nevainojam\u0101 st\u0101vokl\u012b, jo t\u0101 gumijas uzgalis aizsarg\u0101 ekr\u0101nu pret skr\u0101p\u0113jumiem un net\u012brumiem. Tas ir ne tikai funkcion\u0101ls, bet ar\u012b viegls un \u0113rti p\u0101rn\u0113s\u0101jams, apr\u012bkots ar \u0113rtu spr\u0101dzi \u0113rtai piestiprin\u0101\u0161anai pie kabatas vai somas &#8211; ide\u0101li piem\u0113rots aiz\u0146emtiem profesion\u0101\u013ciem vai rado\u0161iem cilv\u0113kiem, kas dodas ce\u013c\u0101. Ar GPD Stylus &#8211; ide\u0101lu praktiskuma un inovat\u012bva dizaina apvienojumu &#8211; uzlabojiet savu digit\u0101lo mijiedarb\u012bbu, neatkar\u012bgi no t\u0101, vai lietojat lietotnes, fiks\u0113jat idejas vai izce\u013cat savu m\u0101ksliniecisko pusi.<\/p>\n","protected":false},"excerpt":{"rendered":"<ul>\n<li>Darbojas ar<strong> GPD Pocket 3 un<\/strong> <strong> GPD WIN MAX 2<\/strong><\/li>\n<li><strong>4096 l\u012bme\u0146u<\/strong> spiediena jut\u012bba<\/li>\n<li>Elegants un ergonomisks<\/li>\n<li>Met\u0101la<strong> spr\u0101dze<\/strong><\/li>\n<li>Piez\u012bmju rakst\u012b\u0161ana un rakstz\u012bmju ievad\u012b\u0161ana<\/li>\n<\/ul>\n<p> [cg_accordion title=\"INFORM\u0100CIJA PAR MAKS\u0100JUMU\"] M\u0113s izmantojam jaun\u0101k\u0101s tehnolo\u0123ijas maks\u0101jumu apstr\u0101d\u0113, kas \u013cauj \u0101tri un dro\u0161i nor\u0113\u0137in\u0101ties, izmantojot Apple Pay, Google Pay, debetkarti\/kred\u012btkarti, PayPal vai BNPL metodes, piem\u0113ram, Klarna, Affirm vai AfterPay.[\/cg_accordion] [cg_accordion title=\"GARANTIJA\"] 2 gadu garantija no <a href=\"https:\/\/droix.net\/\" target=\"_blank\" rel=\"nofollow noopener\">DROIX Global<\/a> j\u016bsu sirdsmieram.[\/cg_accordion] [cg_accordion title=\"PRICING, TAXES AND SHIPPING\"] <strong><u>Piez\u012bme:<\/u><\/strong><\/p>\n<ul>\n<li>Amerikas Savienot\u0101s Valstis Klienti: Klientiem, kas ieg\u0101d\u0101jas preces, nor\u0101d\u012bt\u0101 cena neietver ne nodokli, ne nodevas. Atbild\u012bba par muito\u0161anu un saist\u012bto nodok\u013cu\/muitas nodok\u013cu nomaksu gulstas uz klientu pleciem. <\/li>\n<li>ES klienti: Atkar\u012bb\u0101 no j\u016bsu valsts, nor\u0101d\u012bt\u0101 cena ietver piem\u0113rojamo nodokli, kas var b\u016bt l\u012bdz 25%.<\/li>\n<li>Kan\u0101das klienti: Atkar\u012bb\u0101 no j\u016bsu provinces nor\u0101d\u012btaj\u0101 cen\u0101 ir iek\u013cauti piem\u0113rojamie nodok\u013ci, kas var ietvert 5% GST un papildu provinces p\u0101rdo\u0161anas nodokli (PST), saska\u0146oto p\u0101rdo\u0161anas nodokli (HST) vai Kvebekas p\u0101rdo\u0161anas nodokli (QST).<\/li>\n<\/ul>\n<p><strong>Tikai ES klientiem:<\/strong> Express DDP (pieg\u0101de ar samaks\u0101tu muitas nodokli). Tas noz\u012bm\u0113: <\/p>\n<ul>\n<li style=\"list-style-type: none;\">\n<ul>\n<li>Visas muitas nodevas un nodok\u013ci ir iek\u013cauti produkta lap\u0101 nor\u0101d\u012btaj\u0101 cen\u0101.<\/li>\n<li>Pieg\u0101des br\u012bd\u012b jums neb\u016bs j\u0101maks\u0101 papildu maksa.<\/li>\n<li>Retos gad\u012bjumos, kad rodas ar muitu saist\u012btas probl\u0113mas, m\u016bsu komanda j\u016bsu v\u0101rd\u0101 veiks muito\u0161anas procesu, lai nodro\u0161in\u0101tu netrauc\u0113tu pieg\u0101di.<\/li>\n<p>Svar\u012bga inform\u0101cija par atgrie\u0161anu:<\/p>\n<li>Ja nolemjat atgriezt pas\u016bt\u012bjumu vai piepras\u012bt atmaksu, l\u016bdzu, \u0146emiet v\u0113r\u0101, ka nodok\u013ci un nodevas, kas samaks\u0101ti j\u016bsu v\u0101rd\u0101 saska\u0146\u0101 ar DDP noteikumiem, nevar tikt atmaks\u0101ti.<\/li>\n<p>L\u016bdzu, skatiet m\u016bsu<\/ul>\n<\/li>\n<\/ul>\n<p><a href=\"https:\/\/gpdstore.net\/lv\/terms-of-service\/\" target=\"_blank\" rel=\"nofollow noopener\">Noteikumi un nosac\u012bjumi<\/a><\/p>\n<ul>s\u012bk\u0101ku inform\u0101ciju.<\/ul>\n<p>[\/cg_accordion] [cg_accordion title=\"KLIENTU ATBALSTS\"]  Jums ir jaut\u0101jums? M\u0113s esam \u012bs\u0101 teksta att\u0101lum\u0101 no j\u016bsu jaut\u0101juma atrisin\u0101\u0161anas!   [\/cg_accordion] [cg_accordion title=\"WHAT'S INCLUDED\"]<\/p>\n<ul>\n<li>1x GPD Stylus<\/li>\n<\/ul>\n<p>[\/cg_accordion]<\/p>\n","protected":false},"featured_media":80468,"template":"","meta":{"_acf_changed":false},"product_brand":[],"product_cat":[5400],"product_tag":[15876,6086],"woo-feed-brand":[5825],"class_list":{"0":"post-80326","1":"product","2":"type-product","3":"status-publish","4":"has-post-thumbnail","6":"product_cat-aksesuari","7":"product_tag-15xmsale-lv","8":"product_tag-gpd-wm2-piederums","9":"product_shipping_class-low-end","10":"pa_accessory-type-stylus-lv","11":"pa_brand-gpd","12":"woo-feed-brand-gpd-lv","14":"first","15":"instock","16":"sale","17":"taxable","18":"shipping-taxable","19":"purchasable","20":"product-type-variable","21":"has-default-attributes"},"acf":[],"aioseo_notices":[],"_links":{"self":[{"href":"https:\/\/gpdstore.net\/lv\/wp-json\/wp\/v2\/product\/80326","targetHints":{"allow":["GET"]}}],"collection":[{"href":"https:\/\/gpdstore.net\/lv\/wp-json\/wp\/v2\/product"}],"about":[{"href":"https:\/\/gpdstore.net\/lv\/wp-json\/wp\/v2\/types\/product"}],"wp:featuredmedia":[{"embeddable":true,"href":"https:\/\/gpdstore.net\/lv\/wp-json\/wp\/v2\/media\/80468"}],"wp:attachment":[{"href":"https:\/\/gpdstore.net\/lv\/wp-json\/wp\/v2\/media?parent=80326"}],"wp:term":[{"taxonomy":"product_brand","embeddable":true,"href":"https:\/\/gpdstore.net\/lv\/wp-json\/wp\/v2\/product_brand?post=80326"},{"taxonomy":"product_cat","embeddable":true,"href":"https:\/\/gpdstore.net\/lv\/wp-json\/wp\/v2\/product_cat?post=80326"},{"taxonomy":"product_tag","embeddable":true,"href":"https:\/\/gpdstore.net\/lv\/wp-json\/wp\/v2\/product_tag?post=80326"},{"taxonomy":"woo-feed-brand","embeddable":true,"href":"https:\/\/gpdstore.net\/lv\/wp-json\/wp\/v2\/woo-feed-brand?post=80326"}],"curies":[{"name":"wp","href":"https:\/\/api.w.org\/{rel}","templated":true}]}}