{"id":77146,"date":"2024-08-12T15:14:19","date_gmt":"2024-08-12T15:14:19","guid":{"rendered":"https:\/\/gpdstore.net\/uncategorized\/droix-nh8-usb-koncentrators-ar-nvme\/"},"modified":"2025-12-23T10:14:21","modified_gmt":"2025-12-23T10:14:21","slug":"droix-nh8-nvme-usb-hub","status":"publish","type":"product","link":"https:\/\/gpdstore.net\/lv\/product\/droix-nh8-nvme-usb-hub\/","title":{"rendered":"DroiX NH8 USB koncentrators ar NVMe"},"content":{"rendered":"\n<h3 class=\"wp-block-heading\">Iepaz\u012bstin\u0101m ar DroiX NH8 Hub ar NVMe ligzdu: j\u016bsu lab\u0101kais savienojam\u012bbas risin\u0101jums!<\/h3>\n\n<h3 class=\"wp-block-heading\">Zibens \u0101trgaitas gigabitu Ethernet<\/h3>\n\n<p>Speriet soli interneta savienojam\u012bbas n\u0101kotn\u0113 ar DroiX NH8 Hub! \u0160is centrmezgls ar iztur\u012bgu 10\/100\/1000M RJ45 Gigabit Ethernet portu nodro\u0161ina zibens \u0101tru, stabilu un \u012bpa\u0161i uzticamu interneta savienojumu. Neatkar\u012bgi no t\u0101, vai sp\u0113l\u0113jat sp\u0113les, straum\u0113jat vai veicat svar\u012bgu videozvanu, izbaudiet vienm\u0113r\u012bgu, bez kav\u0113\u0161an\u0101s nodro\u0161in\u0101mu veiktsp\u0113ju, ko sp\u0113j nodro\u0161in\u0101t tikai vadu savienojums. Atvadieties no Wi-Fi b\u0113d\u0101m un sasveicinieties ar past\u0101v\u012bgu \u0101trgaitas piek\u013cuvi!   <\/p>\n\n<h3 class=\"wp-block-heading\">Elpu aizraujo\u0161s video izvads<\/h3>\n\n<p>P\u0101rveidojiet savu vizu\u0101lo pieredzi ar DroiX NH8 Hub HDMI 2.0 atbalstu. Neatkar\u012bgi no t\u0101, vai skat\u0101ties 4K filmu, prezent\u0113jat klientam vai sp\u0113l\u0113jat augstas iz\u0161\u0137irtsp\u0113jas sp\u0113les, koncentrators nodro\u0161ina satrieco\u0161u vizu\u0101lo kvalit\u0101ti 4096&#215;2160 iz\u0161\u0137irtsp\u0113j\u0101 ar vienm\u0113r\u012bgu 60 Hz atsvaidzin\u0101\u0161anas frekvenci. Sagatavojieties, ka j\u016bs apburs spilgtas kr\u0101sas un skaidras deta\u013cas, kas j\u016bs iegremd\u0113s katr\u0101 kadr\u0101.  <\/p>\n\n<h3 class=\"wp-block-heading\">\u0112rta uzglab\u0101\u0161anas papla\u0161in\u0101\u0161ana<\/h3>\n\n<p>Jums pietr\u016bkst kr\u0101tuves? DroiX NH8 centrmezgls ir j\u016bsu r\u012bc\u012bb\u0101. Pateicoties ieb\u016bv\u0113tajam PCIe NVMe slot\u0101 ieb\u016bv\u0113tajam PCIe NVMe slots, v\u0113l nekad nav bijis viegl\u0101k papla\u0161in\u0101t kr\u0101tuvi. \u0160is slots ir ide\u0101li piem\u0113rots augstas veiktsp\u0113jas lietojumprogramm\u0101m vai lielu failu glab\u0101\u0161anai, un tas atbalsta \u0101rk\u0101rt\u012bgi \u0101tru datu p\u0101rs\u016bt\u012b\u0161anas \u0101trumu, nodro\u0161inot, ka j\u016bsu sist\u0113ma darbojas vienm\u0113r\u012bgi un efekt\u012bvi. Piel\u0101gojiet savu kr\u0101tuvi atbilsto\u0161i sav\u0101m vajadz\u012bb\u0101m un nodro\u0161iniet, lai j\u016bsu ier\u012bce darbotos p\u0113c iesp\u0113jas lab\u0101k.    <\/p>\n\n<h3 class=\"wp-block-heading\">\u0100trdarb\u012bga datu p\u0101rs\u016bt\u012b\u0161ana<\/h3>\n\n<p>Nepiecie\u0161ams \u0101tri p\u0101rs\u016bt\u012bt lielus failus? DroiX NH8 centrmezglam ir A tipa 3.0 USB ports, kas nodro\u0161ina \u0101tru datu p\u0101rs\u016bt\u012b\u0161anas \u0101trumu, lai failu p\u0101rvald\u012bba b\u016btu pavisam vienk\u0101r\u0161a. Neatkar\u012bgi no t\u0101, vai savienojat perif\u0113rijas ier\u012bces, uzl\u0101d\u0113jat ier\u012bces vai p\u0101rvietojat datus, \u0161is centrmezgls nodro\u0161ina, ka viss tiek veikts \u0101tri un efekt\u012bvi, ietaupot j\u016bsu v\u0113rt\u012bgo laiku.  <\/p>\n\n<h3 class=\"wp-block-heading\">Univers\u0101la USB tipa C savietojam\u012bba<\/h3>\n\n<p>DroiX NH8 centrmezglam ir univers\u0101ls USB Type-C kabelis, kas nodro\u0161ina univers\u0101lu savietojam\u012bbu ar da\u017e\u0101d\u0101m ier\u012bc\u0113m. \u0160is &#8220;viss vien\u0101&#8221; kabelis ne tikai nodro\u0161ina \u0101tru datu p\u0101rs\u016bt\u012b\u0161anu, bet ar\u012b efekt\u012bvu uzl\u0101di, padarot to par b\u016btisku pal\u012bgu j\u016bsu savienojam\u012bbas vajadz\u012bb\u0101m. Nevajag vairs \u0137\u0113p\u0101ties ar vair\u0101kiem kabe\u013ciem &#8211; saglab\u0101jiet savienojumu ar vieglumu.  <\/p>\n\n<h3 class=\"wp-block-heading\">Nevainojama multivides piek\u013cuve<\/h3>\n\n<p>Piek\u013c\u016bstiet un p\u0101rs\u016btiet multivides multividi bez piep\u016bles, izmantojot DroiX NH8 Hub integr\u0113to SD kar\u0161u las\u012bt\u0101ju. \u0160\u012b funkcija, kas atbalsta gan Micro SD, gan SD kartes, \u013cauj jums \u0101tri izveidot rezerves kopiju vai piek\u013c\u016bt saviem failiem, neatkar\u012bgi no t\u0101, vai tie ir fotoatt\u0113li, videoklipi vai svar\u012bgi dokumenti. \u0112rt\u012bbas v\u0113l nekad nav biju\u0161as tik pieejamas.  <\/p>\n\n<h3 class=\"wp-block-heading\">Nep\u0101rsp\u0113jama daudzpus\u012bba<\/h3>\n\n<p>DroiX NH8 centrmezglu patiesi at\u0161\u0137ir t\u0101 nep\u0101rsp\u0113jam\u0101 daudzpus\u012bba. Izstr\u0101d\u0101ts, lai nevainojami darbotos ar da\u017e\u0101d\u0101m USB Type-C ier\u012bc\u0113m &#8211; neatkar\u012bgi no t\u0101, vai tie ir person\u0101lie un mini person\u0101lie datori, kl\u0113pjdatori, portat\u012bvie sp\u0113\u013cu ier\u012bces vai citas ier\u012bces &#8211; \u0161is koncentrators piel\u0101gojas j\u016bsu vajadz\u012bb\u0101m, nodro\u0161inot visaugst\u0101k\u0101 l\u012bme\u0146a veiktsp\u0113ju. Tas nav tikai koncentrators, tas ir savienojam\u012bbas sp\u0113ks.  <\/p>\n\n<h3 class=\"wp-block-heading\">Secin\u0101jums: Uzlabojiet savu savienojam\u012bbas pieredzi<\/h3>\n\n<p>DroiX NH8 Hub ir kas vair\u0101k nek\u0101 tikai savienojam\u012bbas r\u012bks &#8211; tas ir visaptvero\u0161s risin\u0101jums, kas izstr\u0101d\u0101ts, lai apmierin\u0101tu m\u016bsdienu tehnolo\u0123iski zino\u0161o lietot\u0101ju daudzveid\u012bg\u0101s vajadz\u012bbas. Katra funkcija atspogu\u013co izcilu dizainu, izcilu veiktsp\u0113ju un t\u0101lredz\u012bgu pieeju savienojam\u012bbai. Uzlabojiet savu pieredzi un p\u0101rveidojiet veidu, k\u0101 j\u016bs savienojaties, izmantojot DroiX NH8 Hub!  <\/p>\n\n<p>Uzziniet vair\u0101k m\u016bsu rokasgr\u0101mat\u0101 &#8221; <strong>Darba s\u0101k\u0161ana ar Droix NH8 USB centrmezglu<\/strong> &#8220;.<\/p>\n\n<p><\/p>\n","protected":false},"excerpt":{"rendered":"<ul>\n<li>DroiX<strong> NH8 <\/strong>USB koncentrators ar NVMe<\/li>\n<li><strong>10\/100\/1000M<\/strong> Gigabit Ethernet<\/li>\n<li><strong>Ieb\u016bv\u0113ta PCIe NVMe ligzda<\/strong> datu glab\u0101\u0161anas papla\u0161in\u0101\u0161anai<\/li>\n<li><strong>4K displeja izeja,<\/strong> izmantojot HDMI<\/li>\n<li><strong>MicroSD \/ SD kar\u0161u slots<\/strong> &#8211; l\u012bdz 5 Gbps<\/li>\n<\/ul>\n[cg_accordion title=\"INFORM\u0100CIJA PAR MAKS\u0100JUMU\"]<\/p>\n<p>M\u0113s izmantojam jaun\u0101k\u0101s tehnolo\u0123ijas maks\u0101jumu apstr\u0101d\u0113, kas \u013cauj jums \u0101tri un dro\u0161i nor\u0113\u0137in\u0101ties, izmantojot debetkarti\/kred\u012btkarti vai PayPal.[\/cg_accordion]\n[cg_accordion title=\"GARANTIJA\"]<\/p>\n<p>2 gadu garantija no <a href=\"https:\/\/droix.net\/\" target=\"_blank\" rel=\"nofollow noopener\">DROIX Global, lai<\/a> j\u016bs b\u016btu mier\u0101.[\/cg_accordion]\n[cg_accordion title=\"KVALIT\u0100TES NODRO\u0160IN\u0100\u0160ANA UN PIRMSNOS\u016aT\u012a\u0160ANAS TEST\u0112\u0160ANA\"]<\/p>\n<p>Klientu apmierin\u0101t\u012bbas nodro\u0161in\u0101\u0161ana augst\u0101kaj\u0101 l\u012bmen\u012b: Katra ier\u012bce pirms nos\u016bt\u012b\u0161anas tiek r\u016bp\u012bgi test\u0113ta un p\u0101rbaud\u012bta vair\u0101kos kvalit\u0101tes nodro\u0161in\u0101\u0161anas punktos. M\u016bsu komanda p\u0101rbauda veiktsp\u0113ju, funkcionalit\u0101ti un komponentu integrit\u0101ti, lai garant\u0113tu, ka j\u016bsu GPD ier\u012bce ir ide\u0101l\u0101 darba k\u0101rt\u012bb\u0101, kad t\u0101 tiek pieg\u0101d\u0101ta, nodro\u0161inot jums p\u0101rliec\u012bbu un sirdsmieru. [\/cg_accordion]\n[cg_accordion title=\"CENAS, NODOK\u013bI UN PIEG\u0100DE\"]<\/p>\n<p><strong><u>Piez\u012bme:<\/u><\/strong><\/p>\n<ul>\n<li>Amerikas Savienot\u0101s Valstis Klienti: Klientiem, kas ieg\u0101d\u0101jas preces, nor\u0101d\u012bt\u0101 cena neietver ne nodokli, ne nodevas. Atbild\u012bba par muito\u0161anu un saist\u012bto nodok\u013cu\/muitas nodok\u013cu nomaksu gulstas uz klientu pleciem. <\/li>\n<li>ES klienti: Atkar\u012bb\u0101 no j\u016bsu valsts, nor\u0101d\u012bt\u0101 cena ietver piem\u0113rojamo nodokli, kas var b\u016bt l\u012bdz 25%.<\/li>\n<li>Kan\u0101das klienti: Atkar\u012bb\u0101 no j\u016bsu provinces nor\u0101d\u012btaj\u0101 cen\u0101 ir iek\u013cauti piem\u0113rojamie nodok\u013ci, kas var ietvert 5% GST un papildu provinces p\u0101rdo\u0161anas nodokli (PST), saska\u0146oto p\u0101rdo\u0161anas nodokli (HST) vai Kvebekas p\u0101rdo\u0161anas nodokli (QST).<\/li>\n<\/ul>\n<p><strong>Tikai ES klientiem:<\/strong> Express DDP (pieg\u0101de ar samaks\u0101tu muitas nodokli). Tas noz\u012bm\u0113: <\/p>\n<ul>\n<li>Visas muitas nodevas un nodok\u013ci ir iek\u013cauti produkta lap\u0101 nor\u0101d\u012btaj\u0101 cen\u0101.<\/li>\n<li>Pieg\u0101des br\u012bd\u012b jums neb\u016bs j\u0101maks\u0101 papildu maksa.<\/li>\n<li>Retos gad\u012bjumos, kad rodas ar muitu saist\u012btas probl\u0113mas, m\u016bsu komanda j\u016bsu v\u0101rd\u0101 veiks muito\u0161anas procesu, lai nodro\u0161in\u0101tu netrauc\u0113tu pieg\u0101di.<\/li>\n<p>Svar\u012bga inform\u0101cija par atgrie\u0161anu:<\/p>\n<li>Ja nolemjat atgriezt pas\u016bt\u012bjumu vai piepras\u012bt atmaksu, l\u016bdzu, \u0146emiet v\u0113r\u0101, ka nodok\u013ci un nodevas, kas samaks\u0101ti j\u016bsu v\u0101rd\u0101 saska\u0146\u0101 ar DDP noteikumiem, nevar tikt atmaks\u0101ti.<\/li>\n<p>S\u012bk\u0101ku inform\u0101ciju skatiet m\u016bsu <a href=\"https:\/\/droix.net\/terms-and-conditions\/\" target=\"_blank\" rel=\"nofollow noopener\">Noteikumos un nosac\u012bjumos<\/a>.\n<\/ul>\n<p>[\/cg_accordion]\n[cg_accordion title=\"KLIENTU ATBALSTS\"]<\/p>\n<p>Jums ir jaut\u0101jums? M\u0113s esam \u012bs\u0101 teksta att\u0101lum\u0101 no j\u016bsu jaut\u0101juma atrisin\u0101\u0161anas! <\/p>\n<p>S\u012bk\u0101ku inform\u0101ciju skatiet m\u016bsu <a href=\"https:\/\/gpdstore.net\/lv\/terms-of-service\/\" target=\"_blank\" rel=\"nofollow noopener\">Noteikumos un nosac\u012bjumos<\/a>.\n<\/ul>\n<p>[\/cg_accordion]\n[cg_accordion title=\"KAS IEK\u013bAUTS\"]<\/p>\n<ul>\n<li>1x DroiX NH8 USB koncentrators ar NVMe<\/li>\n<\/ul>\n<p>[\/cg_accordion]\n","protected":false},"featured_media":77148,"template":"","meta":{"_acf_changed":false},"product_brand":[],"product_cat":[5400],"product_tag":[14808,5994],"woo-feed-brand":[18164],"class_list":{"0":"post-77146","1":"product","2":"type-product","3":"status-publish","4":"has-post-thumbnail","6":"product_cat-aksesuari","7":"product_tag-40xmsale-lv","8":"product_tag-droix-hub-lv","9":"product_shipping_class-low-end","10":"pa_brand-droix","11":"pa_i-o-video-1x-hdmi-lv","12":"woo-feed-brand-droix-lv","14":"first","15":"outofstock","16":"sale","17":"taxable","18":"shipping-taxable","19":"purchasable","20":"product-type-variable","21":"has-default-attributes"},"acf":[],"aioseo_notices":[],"_links":{"self":[{"href":"https:\/\/gpdstore.net\/lv\/wp-json\/wp\/v2\/product\/77146","targetHints":{"allow":["GET"]}}],"collection":[{"href":"https:\/\/gpdstore.net\/lv\/wp-json\/wp\/v2\/product"}],"about":[{"href":"https:\/\/gpdstore.net\/lv\/wp-json\/wp\/v2\/types\/product"}],"wp:featuredmedia":[{"embeddable":true,"href":"https:\/\/gpdstore.net\/lv\/wp-json\/wp\/v2\/media\/77148"}],"wp:attachment":[{"href":"https:\/\/gpdstore.net\/lv\/wp-json\/wp\/v2\/media?parent=77146"}],"wp:term":[{"taxonomy":"product_brand","embeddable":true,"href":"https:\/\/gpdstore.net\/lv\/wp-json\/wp\/v2\/product_brand?post=77146"},{"taxonomy":"product_cat","embeddable":true,"href":"https:\/\/gpdstore.net\/lv\/wp-json\/wp\/v2\/product_cat?post=77146"},{"taxonomy":"product_tag","embeddable":true,"href":"https:\/\/gpdstore.net\/lv\/wp-json\/wp\/v2\/product_tag?post=77146"},{"taxonomy":"woo-feed-brand","embeddable":true,"href":"https:\/\/gpdstore.net\/lv\/wp-json\/wp\/v2\/woo-feed-brand?post=77146"}],"curies":[{"name":"wp","href":"https:\/\/api.w.org\/{rel}","templated":true}]}}