{"id":69146,"date":"2024-05-17T08:24:33","date_gmt":"2024-05-17T08:24:33","guid":{"rendered":"https:\/\/gpdstore.net\/uncategorized\/gpd-g1-2023-egpu-dokstacija\/"},"modified":"2025-12-23T10:18:26","modified_gmt":"2025-12-23T10:18:26","slug":"gpd-g1-2023-egpu-docking-station","status":"publish","type":"product","link":"https:\/\/gpdstore.net\/lv\/product\/gpd-g1-2023-egpu-docking-station\/","title":{"rendered":"GPD G1 (2023) eGPU dokstacija"},"content":{"rendered":"\n<h3 class=\"wp-block-heading\">Iepaz\u012bstin\u0101m ar GPD G1: dokstacija ar \u0101r\u0113jo GPU<\/h3>\n\n<p>Atblo\u0137\u0113jiet vislab\u0101ko sp\u0113\u013cu pieredzi ar revolucion\u0101ro GPD G1 dokstaciju. \u0160\u012b novatorisk\u0101 ier\u012bce ir izstr\u0101d\u0101ta, lai uzlabotu j\u016bsu sp\u0113\u013cu veiktsp\u0113ju, un ir sader\u012bga ar gaid\u0101mo Oculink atbalst\u012bto GPD WIN MAX 2 2023, GPD Mini un atjaunin\u0101to GPD WIN 4 2023. GPD G1 pied\u0101v\u0101 Oculink un USB 4.0 savietojam\u012bbu, un t\u0101 ir daudzpus\u012bga un \u0113rta j\u016bsu sp\u0113\u013cu konfigur\u0101cijai.<\/p>\n\n<h3 class=\"wp-block-heading\">Jaud\u012bgs grafikas procesors<\/h3>\n\n<p>GPD G1 dokstacijas pamat\u0101 ir AMD Radeon RX 7600M XT GPU, kas izmanto jaun\u0101ko RDNA 3.0 arhitekt\u016bru. \u0160is \u0101r\u0113jais GPU ar Oculink savienojam\u012bbu nodro\u0161ina satrieco\u0161u vizu\u0101lo kvalit\u0101ti un izcilu veiktsp\u0113ju. Neatkar\u012bgi no t\u0101, vai p\u0113t\u0101t pla\u0161as pasaules vai atrodaties kaujas karstum\u0101, GPD G1 nodro\u0161ina prec\u012bzu katras deta\u013cas atveidi. GPD G1 ar 1500 MHz b\u0101zes taktu, 2300 MHz sp\u0113les taktu un 2615 MHz palielin\u0101\u0161anas taktu nodro\u0161ina jaudu, kas nepiecie\u0161ama, lai domin\u0113tu jebkur\u0101 sp\u0113l\u0113.<\/p>\n\n<h3 class=\"wp-block-heading\">Vienm\u0113r\u012bga un atsauc\u012bga sp\u0113l\u0113\u0161ana<\/h3>\n\n<p>GPD G1 ir apr\u012bkota ar 8 GB GDDR6 RAM, t\u0101p\u0113c t\u0101 nodro\u0161ina nevainojamu daudzuzdevumu veik\u0161anu un vienm\u0113r\u012bgu sp\u0113l\u0113\u0161anu. 2250 MHz atmi\u0146as takts nodro\u0161ina \u0101tru iel\u0101des laiku un minim\u0101lu kav\u0113\u0161anos. Atvadies no kadru \u0101truma aiz\u0137er\u0161an\u0101s un izbaudi nep\u0101rtrauktas sp\u0113\u013cu sesijas. Ar USB 4.0 atbalstu GPD G1 atbilst j\u016bsu pras\u012bb\u0101m sp\u0113l\u0113s, nodro\u0161inot augst\u0101k\u0101s klases veiktsp\u0113ju j\u016bsu iecien\u012bt\u0101kaj\u0101m sp\u0113l\u0113m.<\/p>\n\n<h3 class=\"wp-block-heading\">Atbr\u012bvojiet savu savienojam\u012bbu<\/h3>\n\n<p>GPD G1 Dock nodro\u0161ina pla\u0161as savienojam\u012bbas iesp\u0113jas ar Oculink (SFF-8612) un USB 4 piesl\u0113gviet\u0101m, nodro\u0161inot sader\u012bbu ar pla\u0161u ier\u012b\u010du kl\u0101stu, tostarp Thunderbolt 3 un Thunderbolt 4. Viegli pievienojiet GPD WIN MAX 2 2023, GPD Mini vai atjaunin\u0101to GPD WIN 4, izmantojot Oculink, un izbaudiet uzlabotas sp\u0113les. GPD G1 atbalsta ar\u012b USB 4, kas \u013cauj uzlabot grafiku da\u017e\u0101d\u0101s sist\u0113m\u0101s.  <\/p>\n\n<h3 class=\"wp-block-heading\">Papla\u0161ini savu vizu\u0101lo redzesloku<\/h3>\n\n<p>Papla\u0161iniet savu vizu\u0101lo iestat\u012bjumu ar GPD G1 pla\u0161o video portu kl\u0101stu. Ar HDMI 2.1 portu un diviem DisplayPort 1.4a portiem var piesl\u0113gt l\u012bdz pat trim \u0101r\u0113jiem ekr\u0101niem, lai nodro\u0161in\u0101tu panor\u0101mas sp\u0113\u013cu pieredzi. Iegremd\u0113 sevi darb\u012bb\u0101 ar GPD G1 eGPU, kas atdz\u012bvina sp\u0113les ar nep\u0101rsp\u0113jamu re\u0101lismu.<\/p>\n\n<h3 class=\"wp-block-heading\">Nevainojama datu p\u0101rs\u016bt\u012b\u0161ana<\/h3>\n\n<p>GPD G1 dokstacija ir apr\u012bkota ar trim USB 3.2 piesl\u0113gviet\u0101m, lai \u0113rti piesl\u0113gtu perif\u0113rijas ier\u012bces, t\u0101d\u0113j\u0101di saglab\u0101jot j\u016bsu sp\u0113\u013cu konfigur\u0101cijas k\u0101rt\u012bbu. SD 4.0 ports \u013cauj \u0101tri p\u0101rs\u016bt\u012bt failus un piek\u013c\u016bt multivides l\u012bdzek\u013ciem. Savienojiet ar USB4 galveno ier\u012bci un palieliniet datu p\u0101rs\u016bt\u012b\u0161anas \u0101trumu.<\/p>\n\n<h3 class=\"wp-block-heading\">Efekt\u012bva dzes\u0113\u0161ana maksim\u0101lai veiktsp\u0113jai<\/h3>\n\n<p>GPD G1 akt\u012bv\u0101 dzes\u0113\u0161anas sist\u0113ma efekt\u012bvi izvada siltumu, nodro\u0161inot stabilu GPU temperat\u016bru intens\u012bvu sp\u0113\u013cu sesiju laik\u0101. Atvadieties no p\u0101rkar\u0161anas un izbaudiet nep\u0101rtrauktu sp\u0113l\u0113\u0161anu, jo gaisa dzes\u0113\u0161anas meh\u0101nisms nodro\u0161ina optim\u0101lu sist\u0113mas veiktsp\u0113ju.<\/p>\n\n<h3 class=\"wp-block-heading\">Bezkompromisa baro\u0161anas avots<\/h3>\n\n<p>GPD G1 dokstacij\u0101 ir ieb\u016bv\u0113ts 240 W GaN baro\u0161anas avots, kas nodro\u0161ina uzticamu ener\u0123ijas padevi GPU. GPD G1 ar kop\u0113jo grafikas jaudu 120 W ir optimiz\u0113ta augstas veiktsp\u0113jas sp\u0113l\u0113m, \u0101tri un prec\u012bzi atveidojot grafiku.<\/p>\n\n<h3 class=\"wp-block-heading\">Kompakts dizains, liela veiktsp\u0113ja<\/h3>\n\n<p>Neraugoties uz kompaktajiem izm\u0113riem (225 \u00d7 111 \u00d7 30 mm) un vieglo konstrukciju (0,92 kg), GPD G1 ir jaud\u012bgs. Neatkar\u012bgi no t\u0101, vai GPD G1 atrodas m\u0101j\u0101s, ce\u013c\u0101 vai sp\u0113\u013cu pas\u0101kumos, tas ir p\u0101rn\u0113s\u0101jams sp\u0113kstacija jebkuram sp\u0113\u013cu entuziastam.<\/p>\n\n<h3 class=\"wp-block-heading\">Secin\u0101jums<\/h3>\n\n<p>GPD G1 eGPU dokstacija ir lab\u0101kais piederums sp\u0113l\u0113t\u0101jiem, kas mekl\u0113 jaudu, daudzpus\u012bbu un \u0113rt\u012bbas. \u0160\u012b dokstacija ir sader\u012bga ar gaid\u0101mo GPD WIN MAX 2 2023, GPD Mini un atjaunin\u0101to GPD WIN 4, k\u0101 ar\u012b ar Oculink un USB 4.0 atbalstu, t\u0101p\u0113c t\u0101 nodro\u0161ina nep\u0101rsp\u0113jamu savienojam\u012bbu. AMD Radeon RX 7600M XT GPU nodro\u0161ina elpu aizraujo\u0161u vizu\u0101lo kvalit\u0101ti un veiktsp\u0113ju, savuk\u0101rt 8 GB GDDR6 RAM nodro\u0161ina vienm\u0113r\u012bgu un atsauc\u012bgu sp\u0113\u013cu darb\u012bbu. Papla\u0161iniet savu vizu\u0101lo iestat\u012bjumu, izbaudiet nevainojamu datu p\u0101rs\u016bt\u012b\u0161anu un g\u016bstiet labumu no efekt\u012bvas dzes\u0113\u0161anas un uzticama baro\u0161anas avota. Uzlabojiet savu sp\u0113\u013cu pieredzi ar GPD G1 dokstaciju.<\/p>\n\n<h3 class=\"wp-block-heading\">Priek\u0161roc\u012bbas un tr\u016bkumi<\/h3>\n\n<p><strong>Priek\u0161roc\u012bbas:<\/strong><\/p>\n\n<ul class=\"wp-block-list\">\n<li><strong>Daudzpus\u012bga savietojam\u012bba:<\/strong> Atbalsta GPD WIN MAX 2 2024, GPD Mini 2024, atjaunin\u0101t\u0101s GPD WIN 4 2023 un Win 4 2024, k\u0101 ar\u012b USB 4 ier\u012bces, pied\u0101v\u0101jot uzlabotu grafiku da\u017e\u0101d\u0101s sist\u0113m\u0101s.<\/li>\n\n\n\n<li><strong>Jaud\u012bga grafikas veiktsp\u0113ja:<\/strong> AMD Radeon RX 7600M XT GPU ar RDNA 3.0 arhitekt\u016bru, kas nodro\u0161ina izcilu grafiku un vienm\u0113r\u012bgu sp\u0113l\u0113\u0161anu.<\/li>\n\n\n\n<li><strong>Izv\u0113r\u0161ama vizu\u0101l\u0101 iestat\u012b\u0161ana:<\/strong> Vair\u0101ki grafikas un video piesl\u0113gvietu porti, tostarp HDMI 2.1 un DP 1.4a, atbalsta l\u012bdz pat trim \u0101r\u0113jiem ekr\u0101niem, kas nodro\u0161ina aizraujo\u0161u sp\u0113\u013cu pieredzi.<\/li>\n\n\n\n<li><strong>Efekt\u012bva dzes\u0113\u0161anas sist\u0113ma:<\/strong> Akt\u012bvs dzes\u0113\u0161anas meh\u0101nisms nov\u0113r\u0161 p\u0101rkar\u0161anu, nodro\u0161inot optim\u0101lu veiktsp\u0113ju ilgsto\u0161u sp\u0113\u013cu sesiju laik\u0101.<\/li>\n\n\n\n<li><strong>P\u0101rn\u0113s\u0101jams un kompakts dizains:<\/strong> Kompakti izm\u0113ri un viegla konstrukcija padara to viegli p\u0101rn\u0113s\u0101jamu, ide\u0101li piem\u0113rotu sp\u0113l\u0113t\u0101jiem, kas dodas ce\u013c\u0101.<\/li>\n<\/ul>\n\n<p><strong>M\u012bnusi :<\/strong><\/p>\n\n<ul class=\"wp-block-list\">\n<li><strong>Ierobe\u017eota z\u012bmola sader\u012bba:<\/strong> Savietojam\u012bba ar ier\u012bc\u0113m, kas nav GPD ier\u012bces, un ier\u012bc\u0113m bez USB 4 piesl\u0113gviet\u0101m var b\u016bt ierobe\u017eota.<\/li>\n\n\n\n<li><strong>Ierobe\u017eotas GPU opcijas:<\/strong> Vien\u012bg\u0101 GPU opcija ir AMD Radeon RX 7600M XT, kas var neapmierin\u0101t lietot\u0101jus, kuri mekl\u0113 citu vai piel\u0101gojamu GPU izv\u0113li..<\/li>\n<\/ul>\n","protected":false},"excerpt":{"rendered":"<ul>\n<li>GPU: AMD Radeon\u2122<strong> RX 7600M XT<\/strong> eGPU<\/li>\n<li>KOMBATIBILIT\u0100TE:<strong> OCuLink, USB 4, Thunderbolt 3 un 4<\/strong><\/li>\n<li>OCULINK:<strong> PCI Express savienojam\u012bba<\/strong><\/li>\n<li>USB 4:<strong> l\u012bdz 40 Gbps<\/strong><\/li>\n<li>GPD OCULINK IER\u012aCES: <strong>WIN 4 2023<\/strong>,<strong> WIN MAX 2 2023<\/strong> un<strong> WIN Mini<\/strong><\/li>\n<\/ul>\n[cg_accordion title=\"INFORM\u0100CIJA PAR MAKS\u0100JUMU\"]<\/p>\n<p>M\u0113s izmantojam jaun\u0101k\u0101s tehnolo\u0123ijas maks\u0101jumu apstr\u0101d\u0113, kas \u013cauj jums \u0101tri un dro\u0161i nor\u0113\u0137in\u0101ties, izmantojot debetkarti\/kred\u012btkarti vai PayPal.[\/cg_accordion]\n[cg_accordion title=\"GARANTIJA\"]<\/p>\n<p>2 gadu garantija no <a href=\"https:\/\/droix.net\/\" target=\"_blank\" rel=\"nofollow noopener\">DROIX Global, lai<\/a> j\u016bs b\u016btu mier\u0101.[\/cg_accordion]\n[cg_accordion title=\"CENAS, NODOK\u013bI UN PIEG\u0100DE\"]<\/p>\n<p><strong><u>Piez\u012bme:<\/u><\/strong><\/p>\n<ul>\n<li>Amerikas Savienot\u0101s Valstis Klienti: Klientiem, kas ieg\u0101d\u0101jas preces, nor\u0101d\u012bt\u0101 cena neietver ne nodokli, ne nodevas. Atbild\u012bba par muito\u0161anu un saist\u012bto nodok\u013cu\/muitas nodok\u013cu nomaksu gulstas uz klientu pleciem. <\/li>\n<li>ES klienti: Atkar\u012bb\u0101 no j\u016bsu valsts, nor\u0101d\u012bt\u0101 cena ietver piem\u0113rojamo nodokli, kas var b\u016bt l\u012bdz 25%.<\/li>\n<li>Kan\u0101das klienti: Atkar\u012bb\u0101 no j\u016bsu provinces nor\u0101d\u012btaj\u0101 cen\u0101 ir iek\u013cauti piem\u0113rojamie nodok\u013ci, kas var ietvert 5% GST un papildu provinces p\u0101rdo\u0161anas nodokli (PST), saska\u0146oto p\u0101rdo\u0161anas nodokli (HST) vai Kvebekas p\u0101rdo\u0161anas nodokli (QST).<\/li>\n<\/ul>\n<p><strong>Tikai ES klientiem:<\/strong> Express DDP (pieg\u0101de ar samaks\u0101tu muitas nodokli). Tas noz\u012bm\u0113: <\/p>\n<ul>\n<li>Visas muitas nodevas un nodok\u013ci ir iek\u013cauti produkta lap\u0101 nor\u0101d\u012btaj\u0101 cen\u0101.<\/li>\n<li>Pieg\u0101des br\u012bd\u012b jums neb\u016bs j\u0101maks\u0101 papildu maksa.<\/li>\n<li>Retos gad\u012bjumos, kad rodas ar muitu saist\u012btas probl\u0113mas, m\u016bsu komanda j\u016bsu v\u0101rd\u0101 veiks muito\u0161anas procesu, lai nodro\u0161in\u0101tu netrauc\u0113tu pieg\u0101di.<\/li>\n<p>Svar\u012bga inform\u0101cija par atgrie\u0161anu:<\/p>\n<li>Ja nolemjat atgriezt pas\u016bt\u012bjumu vai piepras\u012bt atmaksu, l\u016bdzu, \u0146emiet v\u0113r\u0101, ka nodok\u013ci un nodevas, kas samaks\u0101ti j\u016bsu v\u0101rd\u0101 saska\u0146\u0101 ar DDP noteikumiem, nevar tikt atmaks\u0101ti.<\/li>\n<p>S\u012bk\u0101ku inform\u0101ciju skatiet m\u016bsu <a href=\"https:\/\/droix.net\/terms-and-conditions\/\" target=\"_blank\" rel=\"nofollow noopener\">Noteikumos un nosac\u012bjumos<\/a>.\n<\/ul>\n<p>[\/cg_accordion]\n[cg_accordion title=\"KLIENTU ATBALSTS\"]<\/p>\n<p>Jums ir jaut\u0101jums? M\u0113s esam \u012bs\u0101 teksta att\u0101lum\u0101 no j\u016bsu jaut\u0101juma atrisin\u0101\u0161anas! [\/cg_accordion]\n<p>S\u012bk\u0101ku inform\u0101ciju skatiet m\u016bsu <a href=\"https:\/\/gpdstore.net\/lv\/terms-of-service\/\" target=\"_blank\" rel=\"nofollow noopener\">Noteikumos un nosac\u012bjumos<\/a>.\n<\/ul>\n<p>[\/]<\/p>\n[cg_accordion title=\"KAS IEK\u013bAUTS\"]<\/p>\n<ul>\n<li>1x GPD G1 2023<\/li>\n<li>1x baro\u0161anas adapteris<\/li>\n<li>1x C tipa USB kabelis<\/li>\n<li>1x lietot\u0101ja rokasgr\u0101mata<\/li>\n<\/ul>\n<p>[\/cg_accordion]\n","protected":false},"featured_media":69453,"template":"","meta":{"_acf_changed":false},"product_brand":[],"product_cat":[5400],"product_tag":[11881,5824],"woo-feed-brand":[5825],"class_list":{"0":"post-69146","1":"product","2":"type-product","3":"status-publish","4":"has-post-thumbnail","6":"product_cat-aksesuari","7":"product_tag-10bfsale-lv","8":"product_tag-gpd-g1-lv","9":"product_shipping_class-premium","10":"pa_brand-biwin","11":"pa_brand-droix","12":"pa_brand-gpd","13":"pa_brand-gulikit","14":"pa_graphics-gpu-model-radeon-rx-7600m-xt-lv","15":"pa_i-o-video-1x-oculink-lv","16":"pa_i-o-video-izmantojot-1x-usb-4-0-type-c-40gb-s","17":"woo-feed-brand-gpd-lv","19":"first","20":"outofstock","21":"sale","22":"taxable","23":"shipping-taxable","24":"purchasable","25":"product-type-variable","26":"has-default-attributes"},"acf":[],"aioseo_notices":[],"_links":{"self":[{"href":"https:\/\/gpdstore.net\/lv\/wp-json\/wp\/v2\/product\/69146","targetHints":{"allow":["GET"]}}],"collection":[{"href":"https:\/\/gpdstore.net\/lv\/wp-json\/wp\/v2\/product"}],"about":[{"href":"https:\/\/gpdstore.net\/lv\/wp-json\/wp\/v2\/types\/product"}],"wp:featuredmedia":[{"embeddable":true,"href":"https:\/\/gpdstore.net\/lv\/wp-json\/wp\/v2\/media\/69453"}],"wp:attachment":[{"href":"https:\/\/gpdstore.net\/lv\/wp-json\/wp\/v2\/media?parent=69146"}],"wp:term":[{"taxonomy":"product_brand","embeddable":true,"href":"https:\/\/gpdstore.net\/lv\/wp-json\/wp\/v2\/product_brand?post=69146"},{"taxonomy":"product_cat","embeddable":true,"href":"https:\/\/gpdstore.net\/lv\/wp-json\/wp\/v2\/product_cat?post=69146"},{"taxonomy":"product_tag","embeddable":true,"href":"https:\/\/gpdstore.net\/lv\/wp-json\/wp\/v2\/product_tag?post=69146"},{"taxonomy":"woo-feed-brand","embeddable":true,"href":"https:\/\/gpdstore.net\/lv\/wp-json\/wp\/v2\/woo-feed-brand?post=69146"}],"curies":[{"name":"wp","href":"https:\/\/api.w.org\/{rel}","templated":true}]}}