{"id":61717,"date":"2024-07-12T09:49:06","date_gmt":"2024-07-12T09:49:06","guid":{"rendered":"https:\/\/gpdstore.net\/uncategorized\/156%e2%80%b3-4k-portativais-monitors-ar-adobe-rgb\/"},"modified":"2025-12-23T10:15:43","modified_gmt":"2025-12-23T10:15:43","slug":"15-6-4k-portable-monitor-with-adobe-rgb","status":"publish","type":"product","link":"https:\/\/gpdstore.net\/lv\/product\/15-6-4k-portable-monitor-with-adobe-rgb\/","title":{"rendered":"15,6\u2033 4K portat\u012bvais monitors ar Adobe RGB"},"content":{"rendered":"\n<p>Iepaz\u012bstin\u0101m ar 15,6&#8243; 4K portat\u012bvo monitoru S23B-5: jaun\u0101kie \u012bpa\u0161i augstas iz\u0161\u0137irtsp\u0113jas mobilie displeji<\/p>\n\n<p>Vai mekl\u0113jat portat\u012bvo monitoru, kas nodro\u0161ina izcilu vizu\u0101lo kvalit\u0101ti un veiktsp\u0113ju kust\u012bb\u0101? Iepaz\u012bstieties ar 4K portat\u012bvo monitoru S23B-5. \u0160\u012b modern\u0101 ier\u012bce nodro\u0161ina \u012bpa\u0161i augstas iz\u0161\u0137irtsp\u0113jas mobilos displejus j\u016bsu rokai, pied\u0101v\u0101jot satrieco\u0161u 4K UHD skaidr\u012bbu un precizit\u0101ti. Neatkar\u012bgi no t\u0101, vai esat sp\u0113l\u0113t\u0101js, profesion\u0101ls videoklipu redaktors, grafikas dizaineris vai mobil\u0101s produktivit\u0101tes entuziasts, \u0161is augstas iz\u0161\u0137irtsp\u0113jas p\u0101rn\u0113s\u0101jamais monitors ir j\u016bsu ide\u0101ls sabiedrotais.<\/p>\n\n<p>Aizraujo\u0161a vizu\u0101l\u0101 pieredze ar 4K UHD ce\u013cojumu monitoriem Sagatavojieties, lai j\u016bs aizrautu S23B-5 aizraujo\u0161\u0101 vizu\u0101l\u0101 pieredze. \u0160\u012b ier\u012bce ir apr\u012bkota ar 15,6 collu sk\u0101rienekr\u0101na monitoru, un t\u0101 var lepoties ar 4K UHD displeju, kas atdz\u012bvina saturu ar izcil\u0101m deta\u013c\u0101m un spilgt\u0101m kr\u0101s\u0101m. Pateicoties 3840 x 2160 iz\u0161\u0137irtsp\u0113jai un 10 bitu kr\u0101su dzi\u013cumam, ikviens att\u0113ls un video \u0161aj\u0101 4K portat\u012bvaj\u0101 ekr\u0101n\u0101 tiek atveidots p\u0101rsteidzo\u0161i skaidri, un neviena deta\u013ca nepaliek nepaman\u012bta. Neatkar\u012bgi no t\u0101, vai skat\u0101ties filmas, sp\u0113l\u0113jat sp\u0113les vai redi\u0123\u0113jat fotoatt\u0113lus un videoklipus, S23B-5 nodro\u0161ina vizu\u0101lu baud\u012bjumu.<\/p>\n\n<p>Gluds un atsauc\u012bgs 10 punktu kapacitat\u012bvais sk\u0101rienekr\u0101ns Pateicoties 10 punktu kapacitat\u012bvajam sk\u0101rienekr\u0101nam, mijiedarb\u012bba ar S23B-5 ir prieks. \u0160is portat\u012bvais monitors ir apr\u012bkots ar G+G piln\u012bb\u0101 lamin\u0113tu sk\u0101rienekr\u0101nu, kas nodro\u0161ina vienm\u0113r\u012bgu un prec\u012bzu sk\u0101rienreakciju, \u013caujot bez probl\u0113m\u0101m p\u0101rvietoties pa izv\u0113ln\u0113m, p\u0101rvald\u012bt lietojumprogrammas un izpild\u012bt komandas. Neatkar\u012bgi no t\u0101, vai tu palielini fotoatt\u0113lus, ritini t\u012bmek\u013ca lapas vai radi sare\u017e\u0123\u012btus dizainus, S23B-5 sk\u0101rienekr\u0101ns nodro\u0161ina \u0101tru reakciju un precizit\u0101ti, lai palielin\u0101tu produktivit\u0101ti un rado\u0161umu.<\/p>\n\n<p>Atplaukst rado\u0161ums, atrodoties ce\u013c\u0101 Rado\u0161ajiem profesion\u0101\u013ciem izstr\u0101d\u0101tais S23B-5 ir j\u016bsu lab\u0101kais pal\u012bgs video mont\u0101\u017eai, grafiskajam dizainam un fotoatt\u0113lu redi\u0123\u0113\u0161anai. \u0160is portat\u012bvais monitors ar 100% Adobe RGB kr\u0101su telpas p\u0101rkl\u0101jumu nodro\u0161ina re\u0101listiskas kr\u0101sas, lai prec\u012bzi piel\u0101gotu kr\u0101sas un ieg\u016btu satrieco\u0161us rezult\u0101tus. Augstas iz\u0161\u0137irtsp\u0113jas displejs apvienojum\u0101 ar 10 bitu kr\u0101su dzi\u013cumu \u013cauj str\u0101d\u0101t ar sare\u017e\u0123\u012bt\u0101m deta\u013c\u0101m un sasniegt vizu\u0101lo precizit\u0101ti, kas ir \u013coti svar\u012bga profesion\u0101lam rado\u0161am darbam.<\/p>\n\n<p>Nevainojama savienojam\u012bba uzlabotai daudzpus\u012bbai Savienojam\u012bba ar S23B-5 ir vienk\u0101r\u0161a. \u0160im 4K UHD ce\u013cojumu monitoram ir HD Mini ports, C tipa porti video datu p\u0101rs\u016bt\u012b\u0161anai un str\u0101vas padevei, austi\u0146u ports (3,5 mm) un Micro-USB ports perif\u0113rijas ier\u012b\u010du, piem\u0113ram, tastat\u016bras un peles, pievieno\u0161anai. Neatkar\u012bgi no t\u0101, vai piesl\u0113dzat viedt\u0101lruni, kl\u0113pjdatoru, PlayStation, Xbox vai citu sader\u012bgu ier\u012bci, S23B-5 nodro\u0161ina sader\u012bbu, papla\u0161inot ekr\u0101na plat\u012bbu, lai uzlabotu produktivit\u0101ti vai sp\u0113\u013cu pieredzi neatkar\u012bgi no atra\u0161an\u0101s vietas.<\/p>\n\n<p>Ieb\u016bv\u0113ts akumulators nep\u0101rtrauktai lieto\u0161anai S23B-5 ir ne tikai jaud\u012bgs un daudzpus\u012bgs, bet ar\u012b neticami \u0113rts, jo taj\u0101 ir ieb\u016bv\u0113ts 10000 mAh polim\u0113ru akumulators. Nep\u0101rtrauktu lieto\u0161anu, ce\u013cojot, piedaloties san\u0101ksm\u0113s vai str\u0101d\u0101jot att\u0101lin\u0101ti. Ilgsto\u0161i darbojo\u0161ais akumulators nodro\u0161ina iesp\u0113ju br\u012bvi str\u0101d\u0101t, sp\u0113l\u0113ties vai rad\u012bt, neuztraucoties par str\u0101vas padevi. Nodro\u0161iniet produktivit\u0101ti un izklaidi, atrodoties ce\u013c\u0101.<\/p>\n\n<p>Augstas kvalit\u0101tes konstrukcija un p\u0101rn\u0113s\u0101jams dizains S23B-5 ir izgatavots no augstas kvalit\u0101tes alum\u012bnija sakaus\u0113juma, t\u0101p\u0113c ir iztur\u012bgs un izce\u013cas ar augst\u0101k\u0101s kvalit\u0101tes izskatu un saj\u016btu. T\u0101 gludais un pl\u0101nais dizains, kura izm\u0113ri ir tikai 357 x 223 x 9 mm un svars 1300 g, \u013cauj to \u0113rti p\u0101rn\u0113s\u0101t un \u0113rti n\u0113s\u0101t som\u0101 vai mugursom\u0101. S23B-5 ir izstr\u0101d\u0101ts, lai b\u016btu j\u016bsu uzticams sabiedrotais, nodro\u0161inot ne maz\u0101ku produktivit\u0101ti vai izklaidi neatkar\u012bgi no atra\u0161an\u0101s vietas.<\/p>\n\n<p>Iedvesmojo\u0161a audio pieredze S23B-5 nodro\u0161ina ne tikai satrieco\u0161u att\u0113lu, bet ar\u012b aizraujo\u0161u audio pieredzi, izmantojot divus 1,0 W ska\u013cru\u0146us. Izbaudiet skaidru un skaidru ska\u0146u film\u0101s, sp\u0113l\u0113s vai multivides aktivit\u0101t\u0113s. Neatkar\u012bgi no t\u0101, vai piedal\u0101ties videokonferenc\u0113, klaus\u0101ties m\u016bziku vai skat\u0101ties seri\u0101lus, S23B-5 uzlabo j\u016bsu ma\u0146u pieredzi, padarot to saisto\u0161u un aizraujo\u0161u.  <\/p>\n\n<p>Uzlabots skat\u012b\u0161an\u0101s komforts J\u016bsu komforts ir svar\u012bgs, jo \u012bpa\u0161i ilgsto\u0161a ekr\u0101na lieto\u0161anas laik\u0101. S23B-5 nodro\u0161ina optim\u0101lu skat\u012b\u0161an\u0101s komfortu ar pla\u0161u skata le\u0146\u0137i un regul\u0113jamiem iestat\u012bjumiem. 85 gr\u0101du skata le\u0146\u0137is visos virzienos (U\/D\/L\/R) \u013cauj baud\u012bt skaidru att\u0113lu un spilgtas kr\u0101sas no da\u017e\u0101diem skatpunktiem. Neatkar\u012bgi no t\u0101, vai sadarbojaties, kop\u012bgojat saturu vai piel\u0101gojat monitoru v\u0113lamajai skat\u012b\u0161an\u0101s poz\u012bcijai, S23B-5 nodro\u0161ina \u0113rtu un ilgsto\u0161u lieto\u0161anu, neradot acu nogurumu un neapdraudot st\u0101ju.<\/p>\n\n<p>Ide\u0101li piem\u0113rots sp\u0113\u013cu entuziastiem Sp\u0113\u013cu entuziastiem S23B-5 ir j\u016bsu lab\u0101kais 4K portat\u012bvais sp\u0113\u013cu monitors. \u0160is monitors ar 4K UHD iz\u0161\u0137irtsp\u0113ju, prec\u012bzu kr\u0101su precizit\u0101ti un \u0101tru 25 ms reakcijas laiku nodro\u0161ina nep\u0101rsp\u0113jamu sp\u0113\u013cu pieredzi. Iegremd\u0113 sevi re\u0101listisk\u0101 grafik\u0101, bag\u0101t\u012bg\u0101s kr\u0101s\u0101s un as\u0101s deta\u013c\u0101s, kas uzlabos tavus sp\u0113\u013cu piedz\u012bvojumus. S23B-5 nodro\u0161ina, ka katrs kadrs ir skaidrs, \u013caujot \u0101tri rea\u0123\u0113t un g\u016bt konkurences priek\u0161roc\u012bbas \u0101tras darb\u012bbas sp\u0113l\u0113s, aizraujo\u0161\u0101s RPG sp\u0113l\u0113s vai vizu\u0101li iespaid\u012bg\u0101s pasaul\u0113s.<\/p>\n\n<p>Veiciniet produktivit\u0101ti ce\u013c\u0101 S23B-5 ir ne tikai izklaides un sp\u0113\u013cu r\u012bks, bet ar\u012b produktivit\u0101tes dzin\u0113jsp\u0113ks. Neatkar\u012bgi no t\u0101, vai esat digit\u0101lais nomads, students vai profesion\u0101lis, kam nepiecie\u0161ama p\u0101rn\u0113s\u0101jama darba vieta, \u0161is monitors atbilst j\u016bsu vajadz\u012bb\u0101m. Papla\u0161iniet kl\u0113pjdatora vai viedt\u0101lru\u0146a ekr\u0101nu, bez p\u016bl\u0113m veiciet vair\u0101kus uzdevumus un uzlabojiet efektivit\u0101ti un darba pl\u016bsmu. Redi\u0123\u0113jiet dokumentus, veidojiet prezent\u0101cijas vai analiz\u0113jiet datus, izmantojot S23B-5 pied\u0101v\u0101to papildu ekr\u0101na plat\u012bbu. T\u0101 augstas iz\u0161\u0137irtsp\u0113jas displejs un prec\u012bza kr\u0101su atveido\u0161ana nodro\u0161ina darbu ar sare\u017e\u0123\u012bt\u0101m deta\u013c\u0101m un konsekvenci vis\u0101s ier\u012bc\u0113s. S23B-5 ir j\u016bsu p\u0101rn\u0113s\u0101jamais produktivit\u0101tes centrs, kas \u013cauj sasniegt vair\u0101k, pat atrodoties ce\u013c\u0101.<\/p>\n\n<p>Secin\u0101jums Nobeigum\u0101 j\u0101secina, ka S23B-5 4K portat\u012bvais monitors ir izcila ier\u012bce, kas nodro\u0161ina \u012bpa\u0161i augstas iz\u0161\u0137irtsp\u0113jas mobilos displejus j\u016bsu rokai. \u0160is portat\u012bvais monitors ar 4K UHD iz\u0161\u0137irtsp\u0113ju, kapacitat\u012bvo 10 punktu sk\u0101rienj\u016bt\u012bgo ekr\u0101nu un pla\u0161u kr\u0101su gammu nodro\u0161ina satrieco\u0161u vizu\u0101lo kvalit\u0101ti un izcilu veiktsp\u0113ju. Neatkar\u012bgi no t\u0101, vai esat sp\u0113l\u0113t\u0101js, rado\u0161s profesion\u0101lis vai augstu v\u0113rt\u0113jat produktivit\u0101ti ce\u013c\u0101, S23B-5 ir piel\u0101gots j\u016bsu vajadz\u012bb\u0101m. T\u0101 daudzpus\u012bg\u0101s savienojam\u012bbas iesp\u0113jas, ieb\u016bv\u0113tais akumulators un augst\u0101k\u0101s kvalit\u0101tes uzb\u016bve padara to par izcilu izv\u0113li.<\/p>\n\n<p>Priek\u0161roc\u012bbas: satrieco\u0161i vizu\u0101lie risin\u0101jumi: S23B-5 pied\u0101v\u0101 4K UHD displeju ar izcilu kr\u0101su precizit\u0101ti, kas ir ide\u0101li piem\u0113rots sp\u0113l\u0113m, video redi\u0123\u0113\u0161anai, grafiskajam dizainam un fotoatt\u0113lu redi\u0123\u0113\u0161anai. Sk\u0101rienekr\u0101na funkcionalit\u0101te: 10 punktu kapacitat\u012bvais sk\u0101rienekr\u0101ns nodro\u0161ina atsauc\u012bgu un intuit\u012bvu lieto\u0161anas pieredzi, \u013caujot bez piep\u016bles veikt navig\u0101ciju un prec\u012bzu vad\u012bbu. P\u0101rn\u0113s\u0101jam\u012bba: S23B-5 ir pl\u0101ns un viegls, t\u0101p\u0113c ir \u013coti \u0113rti p\u0101rn\u0113s\u0101jams ce\u013cojumiem, komand\u0113jumiem un att\u0101lin\u0101tam darbam. Daudzpus\u012bga savienojam\u012bba: Vair\u0101ki piesl\u0113gumi, tostarp HD Mini, C tipa, austi\u0146u un Micro-USB, nodro\u0161ina savietojam\u012bbu ar viedt\u0101lru\u0146iem, kl\u0113pjdatoriem un sp\u0113\u013cu konsol\u0113m. Ieb\u016bv\u0113ts akumulators: S23B-5 ir apr\u012bkots ar 10000 mAh polim\u0113ra akumulatoru, kas nodro\u0161ina nep\u0101rtrauktu lieto\u0161anu ce\u013c\u0101, bez baro\u0161anas avota.<\/p>\n\n<p>M\u012bnusi: Ierobe\u017eota izm\u0113ra opcijas: Pieejams tikai 15,6 collu izm\u0113rs, kas var neb\u016bt piem\u0113rots lietot\u0101jiem, kuri dod priek\u0161roku liel\u0101kiem vai maz\u0101kiem portat\u012bvajiem monitoriem. Audio izeja: Ieb\u016bv\u0113tie ska\u013cru\u0146i var neatbilst \u0101r\u0113jiem ska\u013cru\u0146iem vai austi\u0146\u0101m tiem, kas v\u0113las baud\u012bt aizraujo\u0161\u0101ku audio pieredzi.<\/p>\n","protected":false},"excerpt":{"rendered":"<ul>\n<li><strong>100% Adobe kr\u0101su<\/strong> gamma <strong>15,6 collu UHD 4K<\/strong> portat\u012bvais monitors<\/li>\n<li>10 punktu kapacitat\u012bvais sk\u0101rienekr\u0101na monitors<\/li>\n<li>Sk\u0101rienj\u016bt\u012bgais ekr\u0101ns Sader\u012bgs ar <strong>MacOS<\/strong><\/li>\n<li>Ieb\u016bv\u0113ts 10000 mAh akumulators<\/li>\n<li><strong>USB baro\u0161ana<\/strong>, atbalsta mini-HDMI, USB Type-C<\/li>\n<\/ul>\n[cg_accordion title=\"INFORM\u0100CIJA PAR MAKS\u0100JUMU\"]<\/p>\n<p>M\u0113s izmantojam jaun\u0101k\u0101s tehnolo\u0123ijas maks\u0101jumu apstr\u0101d\u0113, kas \u013cauj \u0101tri un dro\u0161i nor\u0113\u0137in\u0101ties, izmantojot Apple Pay, Google Pay, debetkarti\/kred\u012btkarti, PayPal vai BNPL metodes, piem\u0113ram, Klarna, Affirm vai AfterPay.[\/cg_accordion]\n[cg_accordion title=\"GARANTIJA\"]<\/p>\n<p>2 gadu garantija no <a href=\"https:\/\/droix.net\/\" target=\"_blank\" rel=\"nofollow noopener\">DROIX Global, lai<\/a> j\u016bs b\u016btu mier\u0101.[\/cg_accordion]\n[cg_accordion title=\"CENAS, NODOK\u013bI UN PIEG\u0100DE\"]<\/p>\n<p><strong><u>Piez\u012bme:<\/u><\/strong><\/p>\n<ul>\n<li>Amerikas Savienot\u0101s Valstis Klienti: Klientiem, kas ieg\u0101d\u0101jas preces, nor\u0101d\u012bt\u0101 cena neietver ne nodokli, ne nodevas. Atbild\u012bba par muito\u0161anu un saist\u012bto nodok\u013cu\/muitas nodok\u013cu nomaksu gulstas uz klientu pleciem. <\/li>\n<li>ES klienti: Atkar\u012bb\u0101 no j\u016bsu valsts, nor\u0101d\u012bt\u0101 cena ietver piem\u0113rojamo nodokli, kas var b\u016bt l\u012bdz 25%.<\/li>\n<li>Kan\u0101das klienti: Atkar\u012bb\u0101 no j\u016bsu provinces nor\u0101d\u012btaj\u0101 cen\u0101 ir iek\u013cauti piem\u0113rojamie nodok\u013ci, kas var ietvert 5% GST un papildu provinces p\u0101rdo\u0161anas nodokli (PST), saska\u0146oto p\u0101rdo\u0161anas nodokli (HST) vai Kvebekas p\u0101rdo\u0161anas nodokli (QST).<\/li>\n<\/ul>\n<p><strong>Tikai ES klientiem:<\/strong> Express DDP (pieg\u0101de ar samaks\u0101tu muitas nodokli). Tas noz\u012bm\u0113: <\/p>\n<ul>\n<li>Visas muitas nodevas un nodok\u013ci ir iek\u013cauti produkta lap\u0101 nor\u0101d\u012btaj\u0101 cen\u0101.<\/li>\n<li>Pieg\u0101des br\u012bd\u012b jums neb\u016bs j\u0101maks\u0101 papildu maksa.<\/li>\n<li>Retos gad\u012bjumos, kad rodas ar muitu saist\u012btas probl\u0113mas, m\u016bsu komanda j\u016bsu v\u0101rd\u0101 veiks muito\u0161anas procesu, lai nodro\u0161in\u0101tu netrauc\u0113tu pieg\u0101di.<\/li>\n<p>Svar\u012bga inform\u0101cija par atgrie\u0161anu:<\/p>\n<li>Ja nolemjat atgriezt pas\u016bt\u012bjumu vai piepras\u012bt atmaksu, l\u016bdzu, \u0146emiet v\u0113r\u0101, ka nodok\u013ci un nodevas, kas samaks\u0101ti j\u016bsu v\u0101rd\u0101 saska\u0146\u0101 ar DDP noteikumiem, nevar tikt atmaks\u0101ti.<\/li>\n<p>S\u012bk\u0101ku inform\u0101ciju skatiet m\u016bsu <a href=\"https:\/\/gpdstore.net\/lv\/terms-of-service\/\" target=\"_blank\" rel=\"nofollow noopener\">Noteikumos un nosac\u012bjumos<\/a>.\n<\/ul>\n<p>[\/cg_accordion]\n[cg_accordion title=\"KLIENTU ATBALSTS\"]<\/p>\n<p>Jums ir jaut\u0101jums? M\u0113s esam \u012bs\u0101 teksta att\u0101lum\u0101 no j\u016bsu jaut\u0101juma atrisin\u0101\u0161anas!<br \/>\n[\/cg_accordion]\n[cg_accordion title=\"KAS IEK\u013bAUTS\"]<\/p>\n<ul>\n<li>1x str\u0101vas kontaktdak\u0161a (ES\/ASV)<\/li>\n<li>1x lietot\u0101ja rokasgr\u0101mata<\/li>\n<\/ul>\n<p>[\/cg_accordion]\n","protected":false},"featured_media":61788,"template":"","meta":{"_acf_changed":false},"product_brand":[],"product_cat":[5461],"product_tag":[5524,18361],"woo-feed-brand":[18164],"class_list":{"0":"post-61717","1":"product","2":"type-product","3":"status-publish","4":"has-post-thumbnail","6":"product_cat-portativie-monitori","7":"product_tag-30gpdsale-lv","8":"product_tag-droix-portable-monitor-lv","9":"product_shipping_class-standard","10":"pa_brand-droix","11":"woo-feed-brand-droix-lv","13":"first","14":"outofstock","15":"sale","16":"taxable","17":"shipping-taxable","18":"purchasable","19":"product-type-variable","20":"has-default-attributes"},"acf":[],"aioseo_notices":[],"_links":{"self":[{"href":"https:\/\/gpdstore.net\/lv\/wp-json\/wp\/v2\/product\/61717","targetHints":{"allow":["GET"]}}],"collection":[{"href":"https:\/\/gpdstore.net\/lv\/wp-json\/wp\/v2\/product"}],"about":[{"href":"https:\/\/gpdstore.net\/lv\/wp-json\/wp\/v2\/types\/product"}],"wp:featuredmedia":[{"embeddable":true,"href":"https:\/\/gpdstore.net\/lv\/wp-json\/wp\/v2\/media\/61788"}],"wp:attachment":[{"href":"https:\/\/gpdstore.net\/lv\/wp-json\/wp\/v2\/media?parent=61717"}],"wp:term":[{"taxonomy":"product_brand","embeddable":true,"href":"https:\/\/gpdstore.net\/lv\/wp-json\/wp\/v2\/product_brand?post=61717"},{"taxonomy":"product_cat","embeddable":true,"href":"https:\/\/gpdstore.net\/lv\/wp-json\/wp\/v2\/product_cat?post=61717"},{"taxonomy":"product_tag","embeddable":true,"href":"https:\/\/gpdstore.net\/lv\/wp-json\/wp\/v2\/product_tag?post=61717"},{"taxonomy":"woo-feed-brand","embeddable":true,"href":"https:\/\/gpdstore.net\/lv\/wp-json\/wp\/v2\/woo-feed-brand?post=61717"}],"curies":[{"name":"wp","href":"https:\/\/api.w.org\/{rel}","templated":true}]}}