{"id":48949,"date":"2024-07-12T08:46:50","date_gmt":"2024-07-12T08:46:50","guid":{"rendered":"https:\/\/gpdstore.net\/uncategorized\/droix-pm13-2k-portativais-monitors\/"},"modified":"2025-09-15T21:33:07","modified_gmt":"2025-09-15T21:33:07","slug":"droix-pm13-2k-portativais-monitors","status":"publish","type":"product","link":"https:\/\/gpdstore.net\/lv\/product\/droix-pm13-2k-portativais-monitors\/","title":{"rendered":"DroiX PM13 2K portat\u012bvais monitors"},"content":{"rendered":"\n<figure class=\"wp-block-video\"><video controls=\"\" muted=\"\" poster=\"https:\/\/droix.net\/wp-content\/uploads\/2024\/03\/1.jpg\" src=\"https:\/\/droix.net\/wp-content\/uploads\/2024\/06\/pm131.mp4\"><\/video><\/figure>\n\n<div class=\"wp-block-columns is-layout-flex wp-container-core-columns-is-layout-28f84493 wp-block-columns-is-layout-flex\">\n<div class=\"wp-block-column is-layout-flow wp-block-column-is-layout-flow\" style=\"flex-basis:33.33%\">\n<figure class=\"wp-block-image size-large\"><a href=\"https:\/\/droix.net\/wp-content\/uploads\/2024\/03\/DROIX-S13-GENERIC-DONE-LISTING-IMAGE-1-1.png\"><img decoding=\"async\" src=\"https:\/\/droix.net\/wp-content\/uploads\/2024\/03\/DROIX-S13-GENERIC-DONE-LISTING-IMAGE-1-1-1024x1024.png\" alt=\"DroiX portat&#x12B;v&#x101; monitora, 13 collu, 2K, &#x12B;pa&#x161;i pl&#x101;ns, viegls un p&#x101;rn&#x113;s&#x101;jams att&#x113;ls\" class=\"wp-image-175965\"\/><\/a><\/figure>\n<\/div>\n\n\n\n<div class=\"wp-block-column is-layout-flow wp-block-column-is-layout-flow\" style=\"flex-basis:66.66%\">\n<h2 class=\"wp-block-heading\"><strong>DroiX PM13 &#8211; 13,0 collu 4K \u012bpa\u0161i pl\u0101ns portat\u012bvais monitors<\/strong><\/h2>\n\n\n\n<p>DroiX PM13 ir elegants un viegls 13&#8243; 2K portat\u012bvais 2K monitors, kura svars ir tikai 494 grami. Tas ir ieb\u016bv\u0113ts pl\u0101n\u0101 alum\u012bnija r\u0101m\u012bt\u012b, ar \u012bpa\u0161i pl\u0101nu 0,11 collas apmali, un taj\u0101 meistar\u012bgi apvienots stils un \u0113rt\u012bbas. Spilgts IPS displejs pied\u0101v\u0101 bag\u0101t\u012bgas kr\u0101sas un pla\u0161u 170 gr\u0101du skata le\u0146\u0137i, nodro\u0161inot aizraujo\u0161u vizu\u0101lo pieredzi. Ar sader\u012bbu ar daudz\u0101m ier\u012bc\u0113m, izmantojot HDMI un USB-C, PM13 ir vispiem\u0113rot\u0101kais univers\u0101lais ekr\u0101ns, lai uzlabotu savu konfigur\u0101ciju, lai kur j\u016bs atrastos.  <\/p>\n<\/div>\n<\/div>\n\n<div class=\"wp-block-columns is-layout-flex wp-container-core-columns-is-layout-28f84493 wp-block-columns-is-layout-flex\">\n<div class=\"wp-block-column is-layout-flow wp-block-column-is-layout-flow\">\n<h3 class=\"wp-block-heading\">Ide\u0101ls portat\u012bvais portat\u012bvais monitors kl\u0113pjdatoriem<br\/><em>bez kompromisiem<\/em><\/h3>\n\n\n\n<p>DroiX PM13 portat\u012bvais monitors pied\u0101v\u0101 izcilas displeja funkcijas. Tam ir augsts spilgtums un HDR atbalsts, un tas nodro\u0161ina skaidru redzam\u012bbu jebkuros apgaismojuma apst\u0101k\u013cos. 100% sRGB p\u0101rkl\u0101jums un 16,7 miljoni kr\u0101su nodro\u0161ina prec\u012bzu kr\u0101su precizit\u0101ti, kas ir b\u016btiska fotoatt\u0113lu redi\u0123\u0113\u0161anai un grafiskajam dizainam. T\u0101 2K iz\u0161\u0137irtsp\u0113ja uz 13 collu ekr\u0101na garant\u0113 augstu pikse\u013cu bl\u012bvumu, nodro\u0161inot asu un spilgtu vizu\u0101lo att\u0113lu gan tekstam, gan multivides materi\u0101liem. Tas padara PM13 par lab\u0101ko izv\u0113li gan profesion\u0101\u013ciem, gan entuziastiem.    <\/p>\n<\/div>\n\n\n\n<div class=\"wp-block-column is-layout-flow wp-block-column-is-layout-flow\">\n<figure class=\"wp-block-image size-full\"><a href=\"https:\/\/droix.net\/wp-content\/uploads\/2024\/03\/2.jpg\"><img decoding=\"async\" src=\"https:\/\/droix.net\/wp-content\/uploads\/2024\/03\/2.jpg\" alt=\"DroiX PM13 augstas kvalit&#x101;tes portat&#x12B;vais displejs ar HDR400 atbalstu, QHD 2160x1350 iz&#x161;&#x137;irtsp&#x113;ju un 100% sRGB p&#x101;rkl&#x101;jumu\" class=\"wp-image-182193\"\/><\/a><\/figure>\n<\/div>\n<\/div>\n\n<div class=\"wp-block-columns is-layout-flex wp-container-core-columns-is-layout-28f84493 wp-block-columns-is-layout-flex\">\n<div class=\"wp-block-column is-layout-flow wp-block-column-is-layout-flow\">\n<figure class=\"wp-block-image size-full\"><a href=\"https:\/\/droix.net\/wp-content\/uploads\/2024\/07\/3-1.jpg\"><img decoding=\"async\" src=\"https:\/\/droix.net\/wp-content\/uploads\/2024\/07\/3-1.jpg\" alt=\"DroiX PM13 portat&#x12B;vais monitors, kas ir izstr&#x101;d&#x101;ts, lai no jauna defin&#x113;tu savietojam&#x12B;bu un savienojam&#x12B;bu ar da&#x17E;&#x101;d&#x101;m ier&#x12B;c&#x113;m. &#x160;is monitors ar stabilu USB un ActiveDP tehnolo&#x123;iju atbalstu ir viegli integr&#x113;jams ar da&#x17E;&#x101;diem m&#x16B;sdien&#x12B;giem s&#x12B;kr&#x12B;kiem, s&#x101;kot no kl&#x113;pjdatoriem l&#x12B;dz viedt&#x101;lru&#x146;iem un citiem. Izstr&#x101;d&#x101;ts &#x113;rtai mijiedarb&#x12B;bai, PM13 darbojas ar ier&#x12B;c&#x113;m, kas atbalsta DisplayPort p&#x101;r USB, kur&#x101;m ir Thunderbolt USB porti vai kuras izmanto USB 4 protokolu video izvades nodro&#x161;in&#x101;&#x161;anai. Neatkar&#x12B;gi no t&#x101;, vai j&#x16B;s sp&#x113;l&#x113;jat sp&#x113;les ce&#x13C;ojum&#x101;, paaugstin&#x101;t produktivit&#x101;ti vai baud&#x101;t multivides saturu, PM13 ir j&#x16B;su lab&#x101;kais pal&#x12B;gs, kas pied&#x101;v&#x101; nep&#x101;rsp&#x113;jamu elast&#x12B;bu un veiktsp&#x113;ju visur, kur tas jums nepiecie&#x161;ams.   \" class=\"wp-image-182203\"\/><\/a><\/figure>\n<\/div>\n\n\n\n<div class=\"wp-block-column is-layout-flow wp-block-column-is-layout-flow\">\n<h3 class=\"wp-block-heading\">P\u0101rn\u0113s\u0101jam\u012bba un jauda<br\/><em>Savietojam\u012bba<\/em><\/h3>\n\n\n\n<p>Izbaudiet DroiX PM13 p\u0101rn\u0113s\u0101jam\u0101 monitora vismodern\u0101ko daudzpus\u012bbu, kas rad\u012bta, lai no jauna noteiktu savietojam\u012bbu un savienojam\u012bbu ar pla\u0161u ier\u012b\u010du kl\u0101stu. \u0160is monitors ar stabilu USB un ActiveDP tehnolo\u0123iju atbalstu ir viegli integr\u0113jams ar da\u017e\u0101diem m\u016bsdien\u012bgiem s\u012bkr\u012bkiem, s\u0101kot no kl\u0113pjdatoriem l\u012bdz viedt\u0101lru\u0146iem un citiem. <\/p>\n\n\n\n<p>PM13 ir izstr\u0101d\u0101ts \u0113rtai mijiedarb\u012bbai un darbojas ar ier\u012bc\u0113m, kas atbalsta DisplayPort p\u0101r USB, kur\u0101m ir Thunderbolt USB porti vai kuras izmanto USB 4 protokolu videoizvades nodro\u0161in\u0101\u0161anai. Neatkar\u012bgi no t\u0101, vai j\u016bs sp\u0113l\u0113jat sp\u0113les ce\u013cojum\u0101, paaugstin\u0101t produktivit\u0101ti vai baud\u0101t multivides saturu, PM13 ir j\u016bsu lab\u0101kais sabiedrotais, kas pied\u0101v\u0101 nep\u0101rsp\u0113jamu elast\u012bbu un veiktsp\u0113ju, lai kur jums tas b\u016btu nepiecie\u0161ams. <\/p>\n<\/div>\n<\/div>\n\n<div class=\"wp-block-columns is-layout-flex wp-container-core-columns-is-layout-28f84493 wp-block-columns-is-layout-flex\">\n<div class=\"wp-block-column is-layout-flow wp-block-column-is-layout-flow\">\n<h3 class=\"wp-block-heading\">Vair\u0101k nek\u0101 tikai portat\u012bvs monitors<br\/><em>Daudzfunkcion\u0101ls<\/em><\/h3>\n\n\n\n<p>DroiX PM13 portat\u012bvais monitors var lepoties ar daudzpus\u012bgu dizainu un 180\u00b0 regul\u0113jamu stat\u012bvu, kas \u013cauj lietot\u0101jiem novietot ekr\u0101nu da\u017e\u0101dos le\u0146\u0137os, lai nodro\u0161in\u0101tu optim\u0101lu skat\u012b\u0161an\u0101s komfortu. Turkl\u0101t taj\u0101 ir integr\u0113ts 75&#215;75 mm VESA stiprin\u0101juma atbalsts, kas \u013cauj to elast\u012bgi uzst\u0101d\u012bt uz sader\u012bgiem stat\u012bviem vai kron\u0161teiniem. Lai nodro\u0161in\u0101tu ska\u0146as kvalit\u0101ti, PM13 ir ieb\u016bv\u0113ti stereo ska\u013cru\u0146i, katrs ar jaudu 1,0 W. Lai gan \u0161ie ska\u013cru\u0146i nav \u012bpa\u0161i jaud\u012bgi, tie pied\u0101v\u0101 \u0113rtu audio risin\u0101jumu, kam nav nepiecie\u0161amas \u0101r\u0113jas ier\u012bces.   <\/p>\n\n\n\n<h3 class=\"wp-block-heading\"><br\/><\/h3>\n<\/div>\n\n\n\n<div class=\"wp-block-column is-layout-flow wp-block-column-is-layout-flow\">\n<figure class=\"wp-block-image size-full\"><a href=\"https:\/\/droix.net\/wp-content\/uploads\/2024\/07\/4.jpg\"><img decoding=\"async\" src=\"https:\/\/droix.net\/wp-content\/uploads\/2024\/07\/4.jpg\" alt=\"DroiX PM13 portat&#x12B;vais monitors ar 180&#xB0; regul&#x113;jamu stat&#x12B;vu, kas &#x13C;auj lietot&#x101;jiem novietot ekr&#x101;nu da&#x17E;&#x101;dos le&#x146;&#x137;os, lai nodro&#x161;in&#x101;tu optim&#x101;lu skat&#x12B;&#x161;an&#x101;s komfortu. Tas ietver integr&#x113;tu 75x75 mm VESA stiprin&#x101;juma atbalstu, lai to var&#x113;tu elast&#x12B;gi uzst&#x101;d&#x12B;t uz sader&#x12B;giem kron&#x161;teiniem vai stat&#x12B;viem. PM13 ir ar&#x12B; ieb&#x16B;v&#x113;ti stereo ska&#x13C;ru&#x146;i, katrs ar jaudu 1,0 W, kas nodro&#x161;ina &#x113;rtu audio risin&#x101;jumu bez &#x101;r&#x113;j&#x101;m ier&#x12B;c&#x113;m.  \" class=\"wp-image-182205\"\/><\/a><\/figure>\n<\/div>\n<\/div>\n\n<div class=\"wp-block-columns is-layout-flex wp-container-core-columns-is-layout-28f84493 wp-block-columns-is-layout-flex\">\n<div class=\"wp-block-column is-layout-flow wp-block-column-is-layout-flow\">\n<figure class=\"wp-block-image size-full\"><a href=\"https:\/\/droix.net\/wp-content\/uploads\/2024\/07\/5.jpg\"><img decoding=\"async\" src=\"https:\/\/droix.net\/wp-content\/uploads\/2024\/07\/5.jpg\" alt=\"DroiX PM13 p&#x101;rn&#x113;s&#x101;jamais monitors ir daudzpus&#x12B;gs piem&#x113;rs ar pla&#x161;u savietojam&#x12B;bu un savienojam&#x12B;bas iesp&#x113;j&#x101;m. Tam ir &#x10D;etri re&#x17E;&#x12B;mi: Duplicated Mode satura dubl&#x113;&#x161;anai, Extend Mode darba vietas papla&#x161;in&#x101;&#x161;anai, Second Screen sp&#x113;&#x13C;u konsol&#x113;m un Portrait Mode vertik&#x101;lai orient&#x101;cijai. Ide&#x101;li piem&#x113;rots profesion&#x101;&#x13C;iem, sp&#x113;l&#x113;t&#x101;jiem un digit&#x101;lajiem nomadiem, uzlabojot produktivit&#x101;ti un izklaidi da&#x17E;&#x101;d&#x101;s vid&#x113;s.  \" class=\"wp-image-182206\"\/><\/a><\/figure>\n<\/div>\n\n\n\n<div class=\"wp-block-column is-layout-flow wp-block-column-is-layout-flow\">\n<h3 class=\"wp-block-heading\">Papla\u0161in\u0101\u0161ana, dubl\u0113\u0161ana, portretu veido\u0161ana un citas funkcijas<br\/><em>\u012asta daudzpus\u012bba<br\/><\/em><\/h3>\n\n\n\n<p>DroiX PM13 portat\u012bvais monitors ir daudzpus\u012bgs, jo tam ir pla\u0161as sader\u012bbas un savienojam\u012bbas iesp\u0113jas. Tas pied\u0101v\u0101 \u010detrus daudzpus\u012bgus re\u017e\u012bmus: Duplicated Mode (dubl\u0113ts re\u017e\u012bms satura dubl\u0113\u0161anai), Extend Mode (papla\u0161in\u0101ts re\u017e\u012bms darba vietas papla\u0161in\u0101\u0161anai), Second Screen (otrais ekr\u0101ns sp\u0113\u013cu konsol\u0113m) un Portrait Mode (vertik\u0101lai orient\u0101cijai). \u0160\u012b piel\u0101gojam\u012bba padara to par ide\u0101lu pal\u012bgu profesion\u0101\u013ciem, sp\u0113l\u0113t\u0101jiem un digit\u0101lajiem nomadiem, uzlabojot produktivit\u0101ti un izklaidi da\u017e\u0101d\u0101s vid\u0113s.  <\/p>\n\n\n\n<p>4o<\/p>\n<\/div>\n<\/div>\n\n<figure class=\"wp-block-image aligncenter size-large\"><a href=\"https:\/\/droix.net\/wp-content\/uploads\/2024\/07\/7.jpg\"><img decoding=\"async\" src=\"https:\/\/droix.net\/wp-content\/uploads\/2024\/07\/7-1024x420.jpg\" alt=\"Savienojiet savu MacBook ar Thunderbolt 3 vai 4 iesp&#x113;jotu Thunderbolt 3 vai 4 savienojumu ar DroiX PM13 portat&#x12B;vo monitoru, izmantojot t&#x101; C tipa portu ar DP ALT-MODE atbalstu. &#x160;&#x12B; uzlabot&#x101; savienojam&#x12B;ba nodro&#x161;ina gan video p&#x101;rraidi, gan str&#x101;vas padevi, izmantojot vienu C tipa kabeli, t&#x101;d&#x113;j&#x101;di palielinot &#x113;rtumu un efektivit&#x101;ti. \" class=\"wp-image-182195\"\/><\/a><\/figure>\n\n<p>Savienojiet savu MacBook ar Thunderbolt 3 vai 4 iesp\u0113jotu Thunderbolt 3 vai 4 savienojumu ar DroiX PM13 portat\u012bvo monitoru, izmantojot t\u0101 C tipa portu ar DP ALT-MODE atbalstu. \u0160\u012b uzlabot\u0101 savienojam\u012bba nodro\u0161ina gan video p\u0101rraidi, gan str\u0101vas padevi, izmantojot vienu C tipa kabeli, t\u0101d\u0113j\u0101di palielinot \u0113rtumu un efektivit\u0101ti. <\/p>\n\n<figure class=\"wp-block-image aligncenter size-large is-resized\"><a href=\"https:\/\/droix.net\/wp-content\/uploads\/2024\/03\/8.jpg\"><img decoding=\"async\" src=\"https:\/\/droix.net\/wp-content\/uploads\/2024\/03\/8-1024x420.jpg\" alt=\"Izmantojiet progres&#x12B;v&#x101;s Thunderbolt 3, 4 vai USB 3.1 DP ALT-MODE iesp&#x113;jas sav&#x101; viedt&#x101;lrun&#x12B;, lai netrauc&#x113;ti izveidotu savienojumu ar DroiX PM13 portat&#x12B;vo monitoru gan video izvadei, gan ener&#x123;ijas padevei. Izmantojiet C tipa piesl&#x113;gvietu ar DP ALT-MODE atbalstu sav&#x101; viedt&#x101;lrun&#x12B;, lai ieg&#x16B;tu vienk&#x101;r&#x161;otu pieredzi ar vienu kabeli, kas nodro&#x161;ina video p&#x101;rraidi un baro&#x161;anas padevi. \" class=\"wp-image-182197\" style=\"width:900px;height:auto\"\/><\/a><\/figure>\n\n<p>Bez piep\u016bles savienojiet savu Windows kl\u0113pjdatoru ar DroiX PM13 portat\u012bvo monitoru, izmantojot HDMI un C tipa piesl\u0113gvietas, lai nodro\u0161in\u0101tu nevainojamu video p\u0101rraidi un str\u0101vas padevi. C tipa ports atbalsta str\u0101vas padevi (PD), savuk\u0101rt HDMI ports nodro\u0161ina augstas iz\u0161\u0137irtsp\u0113jas video izvad\u012b\u0161anu, \u013caujot jums baud\u012bt uzlabotu produktivit\u0101ti un izklaidi bez jebk\u0101d\u0101m gr\u016bt\u012bb\u0101m. <\/p>\n\n<figure class=\"wp-block-image aligncenter size-large\"><a href=\"https:\/\/droix.net\/wp-content\/uploads\/2024\/03\/9.jpg\"><img decoding=\"async\" src=\"https:\/\/droix.net\/wp-content\/uploads\/2024\/03\/9-1024x420.jpg\" alt=\"Izmantojiet progres&#x12B;v&#x101;s Thunderbolt 3, 4 vai USB 3.1 DP ALT-MODE iesp&#x113;jas sav&#x101; viedt&#x101;lrun&#x12B;, lai netrauc&#x113;ti izveidotu savienojumu ar DroiX PM13 portat&#x12B;vo monitoru gan video izvadei, gan ener&#x123;ijas padevei. Izmantojiet C tipa piesl&#x113;gvietu ar DP ALT-MODE atbalstu sav&#x101; viedt&#x101;lrun&#x12B;, lai ieg&#x16B;tu vienk&#x101;r&#x161;otu pieredzi ar vienu kabeli, kas nodro&#x161;ina video p&#x101;rraidi un baro&#x161;anas padevi. \" class=\"wp-image-182198\"\/><\/a><\/figure>\n\n<p>Izmantojiet progres\u012bv\u0101s Thunderbolt 3, 4 vai USB 3.1 DP ALT-MODE iesp\u0113jas sav\u0101 viedt\u0101lrun\u012b, lai netrauc\u0113ti izveidotu savienojumu ar DroiX PM13 portat\u012bvo monitoru gan video izvadei, gan ener\u0123ijas padevei. Izmantojot C tipa piesl\u0113gvietu ar DP ALT-MODE atbalstu viedt\u0101lrun\u012b, varat baud\u012bt racionaliz\u0113tu pieredzi ar vienu kabeli, kas nodro\u0161ina gan video p\u0101rraidi, gan baro\u0161anas padevi. <\/p>\n\n<figure class=\"wp-block-image aligncenter size-large\"><a href=\"https:\/\/droix.net\/wp-content\/uploads\/2024\/03\/11.jpg\"><img decoding=\"async\" src=\"https:\/\/droix.net\/wp-content\/uploads\/2024\/03\/11-1024x420.jpg\" alt=\"DroiX PM13 portat&#x12B;vo monitoru var piesl&#x113;gt da&#x17E;&#x101;dos veidos, tostarp ar USB, ActiveDP, DisplayPort caur USB, Thunderbolt USB piesl&#x113;gviet&#x101;m un USB 4 protokolu videoizvades nodro&#x161;in&#x101;&#x161;anai, t&#x101;d&#x113;j&#x101;di nodro&#x161;inot daudzpus&#x12B;gu savienojam&#x12B;bu.\" class=\"wp-image-182199\"\/><\/a><\/figure>\n\n<figure class=\"wp-block-image aligncenter size-large\"><a href=\"https:\/\/droix.net\/wp-content\/uploads\/2024\/03\/12.jpg\"><img decoding=\"async\" src=\"https:\/\/droix.net\/wp-content\/uploads\/2024\/03\/12-1024x420.jpg\" alt=\"Bie&#x17E;i uzdotie jaut&#x101;jumi par DroiX PM13 portat&#x12B;vo monitoru\" class=\"wp-image-182200\"\/><\/a><\/figure>\n\n<h3 class=\"wp-block-heading\"><strong>Secin\u0101jums<\/strong><\/h3>\n\n<p>DroiX PM13 no jauna defin\u0113 p\u0101rn\u0113s\u0101jamo monitoru b\u016bt\u012bbu, apvienojot augstu iz\u0161\u0137irtsp\u0113ju, izcilu p\u0101rn\u0113s\u0101jam\u012bbu un pla\u0161u savietojam\u012bbu elegant\u0101, lietot\u0101jam draudz\u012bg\u0101 dizain\u0101. Tas ir rad\u012bts tiem, kas atsak\u0101s no kompromisiem attiec\u012bb\u0101 uz kvalit\u0101ti un funkcionalit\u0101ti, pat atrodoties ce\u013c\u0101. Pieskarieties portat\u012bvo monitoru n\u0101kotnei ar DroiX PM13 un izbaudiet perfektu inov\u0101ciju un \u0113rt\u012bbu apvienojumu kl\u0101tien\u0113.  <\/p>\n\n<p>Nepalaidiet gar\u0101m iesp\u0113ju uzlabot savu p\u0101rn\u0113s\u0101jam\u0101 monitora lieto\u0161anas pieredzi ar DroiX PM13. Veiciet iepriek\u0161\u0113ju pas\u016bt\u012bjumu jau tagad, lai nodro\u0161in\u0101tu sev vietu starp pirmajiem, kas var\u0113s baud\u012bt \u0161o revolucion\u0101ro ier\u012bci. T\u0101 k\u0101 pieejam\u012bba ir ierobe\u017eota, \u0161\u012b ir j\u016bsu iesp\u0113ja izvirz\u012bties priek\u0161\u0101 un izbaud\u012bt vislab\u0101ko p\u0101rn\u0113s\u0101jamo displeju tehnolo\u0123iju. Pas\u016btiet DroiX PM13 portat\u012bvo monitoru jau \u0161odien!   <\/p>\n","protected":false},"excerpt":{"rendered":"<ul>\n<li>2K 13&#8243;<strong> IPS<\/strong> displejs<\/li>\n<li>100%<strong> sRGB<\/strong> p\u0101rkl\u0101jums<\/li>\n<li>450 <strong>Nitu<\/strong> spilgtums<\/li>\n<li>75&#215;75 mm<strong> VESA<\/strong> stiprin\u0101jums<\/li>\n<li> <strong> Ieb\u016bv\u0113tie<\/strong> ska\u013cru\u0146i<\/li>\n<\/ul>\n<p> [cg_accordion title=\"INFORM\u0100CIJA PAR MAKS\u0100JUMU\"] M\u0113s izmantojam jaun\u0101k\u0101s tehnolo\u0123ijas maks\u0101jumu apstr\u0101d\u0113, kas \u013cauj jums \u0101tri un dro\u0161i izrakst\u012bties, izmantojot debetkarti\/kred\u012btkarti vai PayPal.[\/cg_accordion] [cg_accordion title=\"GARANTIJA\"] 1 vai 2 gadu* garantija no <a href=\"https:\/\/droix.net\/\" target=\"_blank\" rel=\"nofollow noopener\">DroiX Global<\/a>, lai j\u016bs b\u016btu mier\u012bgs.[\/cg_accordion] [cg_accordion title=\"PIEG\u0100DE UN NODOK\u013bI\"] <strong><u>Piez\u012bme:<\/u><\/strong> Amerikas Savienoto Valstu klienti:  ES klientiem: Atkar\u012bb\u0101 no j\u016bsu valsts nor\u0101d\u012btaj\u0101 cen\u0101 ir iek\u013cauts piem\u0113rojamais nodoklis, kas var b\u016bt l\u012bdz 25 %. Kan\u0101das klientiem: R\u0101d\u012btaj\u0101 cen\u0101 ir iek\u013cauts 5 % nodoklis.   Pieg\u0101de un atgrie\u0161ana tiek veikta <a href=\"https:\/\/droix.net\/\" target=\"_blank\" rel=\"nofollow noopener\">DroiX<\/a>, ofici\u0101lais GPD izplat\u012bt\u0101js. M\u0113s pied\u0101v\u0101jam \u0101tru DHL Express DDP (Delivered Duty Paid) pieg\u0101di. Visas muitas nodevas un nodok\u013ci ir iek\u013cauti nor\u0101d\u012btaj\u0101 cen\u0101 &#8211; p\u0113c pieg\u0101des neb\u016bs j\u0101veic nek\u0101di papildu maks\u0101jumi. Ja rodas muitas probl\u0113mas, m\u016bsu komanda j\u016bsu v\u0101rd\u0101 veiks muito\u0161anas proced\u016bras. Svar\u012bgi: atgrie\u0161anas un p\u0101rdomu mai\u0146as gad\u012bjum\u0101 j\u016bsu v\u0101rd\u0101 samaks\u0101tos nodok\u013cus un nodevas nevar atmaks\u0101t DDP pieg\u0101des noteikumu d\u0113\u013c. L\u016bdzu, skatiet m\u016bsu <a href=\"https:\/\/gpdstore.net\/lv\/terms-of-service\/\" target=\"_blank\" rel=\"nofollow noopener\">noteikumus un nosac\u012bjumus,<\/a> lai ieg\u016btu s\u012bk\u0101ku inform\u0101ciju.     [\/cg_accordion] [cg_accordion title=\"WHAT'S INCLUDED\"]<\/p>\n<ul>\n<li>1x DroiX PM13 portat\u012bvais monitors<\/li>\n<li>1x str\u0101vas kontaktdak\u0161a (ES\/ASV)<\/li>\n<li>1x HDMI kabelis<\/li>\n<li>1x C tipa USB kabelis<\/li>\n<li>1x A tipa USB kabelis uz C tipa kabeli<\/li>\n<li>1x aizsargv\u0101ci\u0146\u0161<\/li>\n<li>1x lietot\u0101ja rokasgr\u0101mata<\/li>\n<\/ul>\n<p>[\/cg_accordion]<\/p>\n","protected":false},"featured_media":818493,"template":"","meta":{"_acf_changed":false},"product_brand":[],"product_cat":[5461],"product_tag":[12482,18361],"woo-feed-brand":[18164],"class_list":{"0":"post-48949","1":"product","2":"type-product","3":"status-publish","4":"has-post-thumbnail","6":"product_cat-portativie-monitori","7":"product_tag-25bfsale-lv","8":"product_tag-droix-portable-monitor-lv","9":"product_shipping_class-low-end","10":"pa_brand-droix","11":"woo-feed-brand-droix-lv","13":"first","14":"instock","15":"sale","16":"taxable","17":"shipping-taxable","18":"purchasable","19":"product-type-variable","20":"has-default-attributes"},"acf":[],"aioseo_notices":[],"_links":{"self":[{"href":"https:\/\/gpdstore.net\/lv\/wp-json\/wp\/v2\/product\/48949","targetHints":{"allow":["GET"]}}],"collection":[{"href":"https:\/\/gpdstore.net\/lv\/wp-json\/wp\/v2\/product"}],"about":[{"href":"https:\/\/gpdstore.net\/lv\/wp-json\/wp\/v2\/types\/product"}],"wp:featuredmedia":[{"embeddable":true,"href":"https:\/\/gpdstore.net\/lv\/wp-json\/wp\/v2\/media\/818493"}],"wp:attachment":[{"href":"https:\/\/gpdstore.net\/lv\/wp-json\/wp\/v2\/media?parent=48949"}],"wp:term":[{"taxonomy":"product_brand","embeddable":true,"href":"https:\/\/gpdstore.net\/lv\/wp-json\/wp\/v2\/product_brand?post=48949"},{"taxonomy":"product_cat","embeddable":true,"href":"https:\/\/gpdstore.net\/lv\/wp-json\/wp\/v2\/product_cat?post=48949"},{"taxonomy":"product_tag","embeddable":true,"href":"https:\/\/gpdstore.net\/lv\/wp-json\/wp\/v2\/product_tag?post=48949"},{"taxonomy":"woo-feed-brand","embeddable":true,"href":"https:\/\/gpdstore.net\/lv\/wp-json\/wp\/v2\/woo-feed-brand?post=48949"}],"curies":[{"name":"wp","href":"https:\/\/api.w.org\/{rel}","templated":true}]}}