{"id":349790,"date":"2024-07-12T13:07:42","date_gmt":"2024-07-12T13:07:42","guid":{"rendered":"https:\/\/gpdstore.net\/uncategorized\/156-4k-portativais-monitors-ar-skarienjutigo-ekranu\/"},"modified":"2025-12-23T10:14:05","modified_gmt":"2025-12-23T10:14:05","slug":"15-6-4k-portable-monitor-with-touchscreen","status":"publish","type":"product","link":"https:\/\/gpdstore.net\/lv\/product\/15-6-4k-portable-monitor-with-touchscreen\/","title":{"rendered":"15,6&#8243; 4K portat\u012bvais monitors ar sk\u0101rienj\u016bt\u012bgo ekr\u0101nu"},"content":{"rendered":"\n<p>Iepaz\u012bstin\u0101m ar S23b-1 4K portat\u012bvo monitoru: Uzlabojiet savu vizu\u0101lo pieredzi jebkur\u0101 viet\u0101<\/p>\n\n<p>Izbaudiet nep\u0101rsp\u0113jamu vizu\u0101lo skaidr\u012bbu un spo\u017eumu ar 4K portat\u012bvo monitoru S23b-1. \u0160is monitors ir paredz\u0113ts tiem, kas pieprasa lab\u0101ko p\u0101rn\u0113s\u0101jamiem displejiem, un nodro\u0161ina satrieco\u0161u 4K UHD iz\u0161\u0137irtsp\u0113ju kompakt\u0101 15,6 collu ekr\u0101n\u0101. Neatkar\u012bgi no t\u0101, vai redi\u0123\u0113jat augstas iz\u0161\u0137irtsp\u0113jas fotoatt\u0113lus, veidojat sare\u017e\u0123\u012btu grafiku vai ienirstat aizraujo\u0161\u0101s sp\u0113\u013cu pasaul\u0113s, S23b-1 nodro\u0161ina, ka katra deta\u013ca atdz\u012bvojas ar izcilu precizit\u0101ti un spilgt\u0101m kr\u0101s\u0101m.  <\/p>\n\n<p>Izstr\u0101d\u0101ts ar TFT IPS LCD paneli, kas nodro\u0161ina izcilu kr\u0101su precizit\u0101ti un pla\u0161us skata le\u0146\u0137us, lieliski piem\u0113rots satura koplieto\u0161anai ar draugiem vai sadarb\u012bbai ar kol\u0113\u0123iem. G+G kapacitat\u012bvais sk\u0101rienekr\u0101ns uzlabo j\u016bsu mijiedarb\u012bbu, pied\u0101v\u0101jot prec\u012bzu vad\u012bbu un nevainojamu navig\u0101ciju izv\u0113ln\u0113s un dokumentos. <\/p>\n\n<p>Savienojam\u012bba ir vienk\u0101r\u0161a, jo HDMI mini ports un divi C tipa porti nodro\u0161ina ener\u0123ijas pieg\u0101di un \u0101trdarb\u012bgu datu p\u0101rs\u016bt\u012b\u0161anu vair\u0101k\u0101m ier\u012bc\u0113m. Papildu \u0113rt\u012bbai ir austi\u0146u ports priv\u0101tai klaus\u012b\u0161an\u0101s iesp\u0113jai un Micro-USB ports t\u0101d\u0101m perif\u0113rijas ier\u012bc\u0113m k\u0101 tastat\u016bras un peles. <\/p>\n\n<p>S23b-1 ir izgatavots no iztur\u012bga alum\u012bnija sakaus\u0113juma, un tas apvieno gl\u012btu, neiesp\u0113jami pl\u0101nu profilu un vieglu p\u0101rn\u0113s\u0101jam\u012bbu, padarot to par ide\u0101lu pal\u012bgu ce\u013co\u0161anai vai p\u0101rvieto\u0161anai starp darba telp\u0101m. Salok\u0101mais korpuss darbojas ar\u012b k\u0101 stat\u012bvs, lai to var\u0113tu stabili novietot uz jebkuras l\u012bdzenas virsmas, nodro\u0161inot daudzpus\u012bbu, lai kurp j\u016bs dotos. <\/p>\n\n<p>Priek\u0161roc\u012bbas:<\/p>\n\n<ul class=\"wp-block-list\">\n<li>Apbr\u012bnojams 4K UHD displejs, kas nodro\u0161ina aizraujo\u0161u vizu\u0101lo baud\u012bjumu<\/li>\n\n\n\n<li>Daudzpus\u012bgas savienojam\u012bbas iesp\u0113jas, tostarp HDMI Mini un C tipa porti<\/li>\n\n\n\n<li>Elegants, viegls dizains, kas izgatavots no augstas kvalit\u0101tes alum\u012bnija sakaus\u0113juma<\/li>\n\n\n\n<li>Rea\u0123\u0113jo\u0161s G+G kapacitat\u012bvais sk\u0101rienekr\u0101ns intuit\u012bvai mijiedarb\u012bbai<\/li>\n<\/ul>\n\n<p>M\u012bnusi:<\/p>\n\n<ul class=\"wp-block-list\">\n<li>Ierobe\u017eots 15,6 collu ekr\u0101na izm\u0113rs<\/li>\n\n\n\n<li>Ieb\u016bv\u0113tie ska\u013cru\u0146i var neatbilst \u0101r\u0113j\u0101s ska\u0146as kvalit\u0101tei<\/li>\n<\/ul>\n\n<p>Neatkar\u012bgi no t\u0101, vai esat rado\u0161s profesion\u0101lis, aizraut\u012bgs sp\u0113l\u0113t\u0101js vai ce\u013cojumu entuziasts, S23b-1 4K portat\u012bvais monitors no jauna defin\u0113 p\u0101rn\u0113s\u0101jamo displeju izcil\u012bbu, nodro\u0161inot izcilu veiktsp\u0113ju kompakt\u0101 iepakojum\u0101.<\/p>\n","protected":false},"excerpt":{"rendered":"<ul>\n<li><strong>15,6&#8243; 4K<\/strong> portat\u012bvais monitors ar sk\u0101rienj\u016bt\u012bgo ekr\u0101nu augstas iz\u0161\u0137irtsp\u0113jas att\u0113lam<\/li>\n<li>Kompakts izm\u0113rs &#8211; 14,17 x 8,4 x 0,43 collas un svars <strong>920 g.<\/strong><\/li>\n<li>Sk\u0101rienj\u016bt\u012bgais ekr\u0101ns Sader\u012bgs ar <strong>MacOS<\/strong><\/li>\n<li>Sk\u0101rienekr\u0101ns <strong>atbalsta<\/strong> sader\u012bgu ier\u012b\u010du <strong>sk\u0101rienvad\u012bbu<\/strong> <\/li>\n<li><strong>USB baro\u0161ana<\/strong>, atbalsta mini-HDMI, USB Type-C<\/li>\n<\/ul>\n[cg_accordion title=\"INFORM\u0100CIJA PAR MAKS\u0100JUMU\"]<\/p>\n<p>M\u0113s izmantojam jaun\u0101k\u0101s tehnolo\u0123ijas maks\u0101jumu apstr\u0101d\u0113, kas \u013cauj jums \u0101tri un dro\u0161i nor\u0113\u0137in\u0101ties, izmantojot debetkarti\/kred\u012btkarti vai PayPal.[\/cg_accordion]\n[cg_accordion title=\"GARANTIJA\"]<\/p>\n<p>2 gadu garantija no <a href=\"https:\/\/droix.net\/\" target=\"_blank\" rel=\"nofollow noopener\">DROIX Global, lai<\/a> j\u016bs b\u016btu mier\u0101.[\/cg_accordion]\n[cg_accordion title=\"CENAS, NODOK\u013bI UN PIEG\u0100DE\"]<\/p>\n<p><strong><u>Piez\u012bme:<\/u><\/strong><\/p>\n<ul>\n<li>Amerikas Savienot\u0101s Valstis Klienti: Klientiem, kas ieg\u0101d\u0101jas preces, nor\u0101d\u012bt\u0101 cena neietver ne nodokli, ne nodevas. Atbild\u012bba par muito\u0161anu un saist\u012bto nodok\u013cu\/muitas nodok\u013cu nomaksu gulstas uz klientu pleciem. <\/li>\n<li>ES klienti: Atkar\u012bb\u0101 no j\u016bsu valsts, nor\u0101d\u012bt\u0101 cena ietver piem\u0113rojamo nodokli, kas var b\u016bt l\u012bdz 25%.<\/li>\n<li>Kan\u0101das klienti: Atkar\u012bb\u0101 no j\u016bsu provinces nor\u0101d\u012btaj\u0101 cen\u0101 ir iek\u013cauti piem\u0113rojamie nodok\u013ci, kas var ietvert 5% GST un papildu provinces p\u0101rdo\u0161anas nodokli (PST), saska\u0146oto p\u0101rdo\u0161anas nodokli (HST) vai Kvebekas p\u0101rdo\u0161anas nodokli (QST).<\/li>\n<\/ul>\n<p><strong>Tikai ES klientiem:<\/strong> Express DDP (pieg\u0101de ar samaks\u0101tu muitas nodokli). Tas noz\u012bm\u0113: <\/p>\n<ul>\n<li>Visas muitas nodevas un nodok\u013ci ir iek\u013cauti produkta lap\u0101 nor\u0101d\u012btaj\u0101 cen\u0101.<\/li>\n<li>Pieg\u0101des br\u012bd\u012b jums neb\u016bs j\u0101maks\u0101 papildu maksa.<\/li>\n<li>Retos gad\u012bjumos, kad rodas ar muitu saist\u012btas probl\u0113mas, m\u016bsu komanda j\u016bsu v\u0101rd\u0101 veiks muito\u0161anas procesu, lai nodro\u0161in\u0101tu netrauc\u0113tu pieg\u0101di.<\/li>\n<p>Svar\u012bga inform\u0101cija par atgrie\u0161anu:<\/p>\n<li>Ja nolemjat atgriezt pas\u016bt\u012bjumu vai piepras\u012bt atmaksu, l\u016bdzu, \u0146emiet v\u0113r\u0101, ka nodok\u013ci un nodevas, kas samaks\u0101ti j\u016bsu v\u0101rd\u0101 saska\u0146\u0101 ar DDP noteikumiem, nevar tikt atmaks\u0101ti.<\/li>\n<p>S\u012bk\u0101ku inform\u0101ciju skatiet m\u016bsu <a href=\"https:\/\/droix.net\/terms-and-conditions\/\" target=\"_blank\" rel=\"nofollow noopener\">Noteikumos un nosac\u012bjumos<\/a>.\n<\/ul>\n<p>[\/cg_accordion]\n[cg_accordion title=\"KLIENTU ATBALSTS\"]<\/p>\n<p>Jums ir jaut\u0101jums? M\u0113s esam \u012bs\u0101 teksta att\u0101lum\u0101 no j\u016bsu jaut\u0101juma atrisin\u0101\u0161anas! <\/p>\n<p>S\u012bk\u0101ku inform\u0101ciju skatiet m\u016bsu <a href=\"https:\/\/gpdstore.net\/lv\/terms-of-service\/\" target=\"_blank\" rel=\"nofollow noopener\">Noteikumos un nosac\u012bjumos<\/a>.\n<\/ul>\n<p>[\/cg_accordion]\n[cg_accordion title=\"KAS IEK\u013bAUTS\"]<\/p>\n<ul>\n<li>1x str\u0101vas kontaktdak\u0161a (ES\/ASV)<\/li>\n<li>1x lietot\u0101ja rokasgr\u0101mata<\/li>\n<\/ul>\n<p>[\/cg_accordion]\n","protected":false},"featured_media":349800,"template":"","meta":{"_acf_changed":false},"product_brand":[],"product_cat":[5461],"product_tag":[5524,18361],"woo-feed-brand":[18164],"class_list":{"0":"post-349790","1":"product","2":"type-product","3":"status-publish","4":"has-post-thumbnail","6":"product_cat-portativie-monitori","7":"product_tag-30gpdsale-lv","8":"product_tag-droix-portable-monitor-lv","9":"product_shipping_class-standard","10":"pa_brand-droix","11":"woo-feed-brand-droix-lv","13":"first","14":"outofstock","15":"sale","16":"taxable","17":"shipping-taxable","18":"purchasable","19":"product-type-variable","20":"has-default-attributes"},"acf":[],"aioseo_notices":[],"_links":{"self":[{"href":"https:\/\/gpdstore.net\/lv\/wp-json\/wp\/v2\/product\/349790","targetHints":{"allow":["GET"]}}],"collection":[{"href":"https:\/\/gpdstore.net\/lv\/wp-json\/wp\/v2\/product"}],"about":[{"href":"https:\/\/gpdstore.net\/lv\/wp-json\/wp\/v2\/types\/product"}],"wp:featuredmedia":[{"embeddable":true,"href":"https:\/\/gpdstore.net\/lv\/wp-json\/wp\/v2\/media\/349800"}],"wp:attachment":[{"href":"https:\/\/gpdstore.net\/lv\/wp-json\/wp\/v2\/media?parent=349790"}],"wp:term":[{"taxonomy":"product_brand","embeddable":true,"href":"https:\/\/gpdstore.net\/lv\/wp-json\/wp\/v2\/product_brand?post=349790"},{"taxonomy":"product_cat","embeddable":true,"href":"https:\/\/gpdstore.net\/lv\/wp-json\/wp\/v2\/product_cat?post=349790"},{"taxonomy":"product_tag","embeddable":true,"href":"https:\/\/gpdstore.net\/lv\/wp-json\/wp\/v2\/product_tag?post=349790"},{"taxonomy":"woo-feed-brand","embeddable":true,"href":"https:\/\/gpdstore.net\/lv\/wp-json\/wp\/v2\/woo-feed-brand?post=349790"}],"curies":[{"name":"wp","href":"https:\/\/api.w.org\/{rel}","templated":true}]}}