{"id":345144,"date":"2024-08-12T15:37:31","date_gmt":"2024-08-12T15:37:31","guid":{"rendered":"https:\/\/gpdstore.net\/uncategorized\/droix-nt8-caurspidigs-usb-koncentrators\/"},"modified":"2025-12-23T10:14:09","modified_gmt":"2025-12-23T10:14:09","slug":"droix-nt8-clear-usb-hub","status":"publish","type":"product","link":"https:\/\/gpdstore.net\/lv\/product\/droix-nt8-clear-usb-hub\/","title":{"rendered":"DroiX NT8 caursp\u012bd\u012bgs USB koncentrators"},"content":{"rendered":"\n<h3 class=\"wp-block-heading\">DroiX NT8 caursp\u012bd\u012bgs USB koncentrators: Krist\u0101ldzidra savienojam\u012bbas n\u0101kotne!  <\/h3>\n\n<h3 class=\"wp-block-heading\">Pieredze Gigabit Ethernet \u0101trums  <\/h3>\n\n<p>Vai esat noguris no l\u0113na interneta, kas j\u016bs kav\u0113? Speriet soli n\u0101kotn\u0113 ar DroiX NT8 caursp\u012bd\u012bgo USB centrmezglu! \u0160is nav parasts koncentrators &#8211; tas ir j\u016bsu v\u0101rti uz 10\/100\/1000M RJ45 Gigabit Ethernet straujo \u0101trumu pasauli. Neatkar\u012bgi no t\u0101, vai straum\u0113jat HD form\u0101t\u0101, sp\u0113l\u0113jat tie\u0161saistes sp\u0113les vai p\u0101rl\u016bkojat, atverot vair\u0101kas cilnes, varat izbaud\u012bt zibens \u0101tru un stabilu savienojumu. Atvadieties no bufer\u0113\u0161anas un kav\u0113\u0161an\u0101s &#8211; viss iel\u0101d\u0113jas ar \u0101trumu, k\u0101ds ir tagad!<\/p>\n\n<h3 class=\"wp-block-heading\">\u0100tra un efekt\u012bva ener\u0123ijas pieg\u0101de  <\/h3>\n\n<p>Pasaul\u0113, kas nekad neapst\u0101jas, j\u016bsu ier\u012bc\u0113m ir j\u0101seko l\u012bdzi. DroiX NT8 ir izstr\u0101d\u0101ts, dom\u0101jot par jaudu, un atbalsta l\u012bdz pat 100 W PD uzl\u0101di. Neatkar\u012bgi no t\u0101, vai uzl\u0101d\u0113jat kl\u0113pjdatoru, portat\u012bvo sp\u0113\u013cu konsoli vai jebkuru C tipa USB ier\u012bci, \u0161is koncentrators nodro\u0161ina \u0101tru, uzticamu un efekt\u012bvu uzl\u0101di. Jums vairs nav j\u0101gaida &#8211; j\u016bsu ier\u012bces b\u016bs iesl\u0113gtas un gatavas, kad vien j\u016bs atrad\u012bsieties.<\/p>\n\n<h3 class=\"wp-block-heading\">Satrieco\u0161i 4K att\u0113li  <\/h3>\n\n<p>V\u0113laties krist\u0101ldzidru att\u0113lu? DroiX NT8 Clear USB centrmezgls nodro\u0161ina kinematogr\u0101fisku pieredzi, kas jums ir pa rokai. Ar HDMI 2.0 video izeju varat baud\u012bt \u012bpa\u0161i asu 4096&#215;2160 4K iz\u0161\u0137irtsp\u0113ju ar 60 Hz frekvenci. Neatkar\u012bgi no t\u0101, vai tas paredz\u0113ts darbam, izklaidei vai sp\u0113l\u0113m, vizu\u0101lais t\u0113ls ir tik skaidrs un aizraujo\u0161s, ka jut\u012bsieties k\u0101 notikuma viet\u0101.<\/p>\n\n<h3 class=\"wp-block-heading\">Nep\u0101rsp\u0113jamas USB savienojam\u012bbas iesp\u0113jas  <\/h3>\n\n<p>K\u0101p\u0113c aprobe\u017eoties tikai ar da\u017eiem savienojumiem? DroiX NT8 caursp\u012bd\u012bgais USB koncentrators pied\u0101v\u0101 tr\u012bs A tipa 3.0 USB piesl\u0113gvietas, lai bez probl\u0113m\u0101m var\u0113tu piesl\u0113gt visas ier\u012bces. P\u0101rs\u016btiet datus zibens \u0101trum\u0101, pievienojiet perif\u0113rijas ier\u012bces vai uzl\u0101d\u0113jiet ier\u012bces &#8211; viss ar nepiecie\u0161amo daudzpus\u012bbu un veiktsp\u0113ju. Ar DroiX NT8 j\u016bs vienm\u0113r esat gatavs piesl\u0113gties un doties ce\u013c\u0101.<\/p>\n\n<h3 class=\"wp-block-heading\">Modern\u0101kais C tipa USB kabelis  <\/h3>\n\n<p>Savienojam\u012bbas n\u0101kotne ir kl\u0101t ar DroiX NT8 USB Type-C kabeli. \u0160is modernais risin\u0101jums ir izstr\u0101d\u0101ts \u0101tr\u0101kai datu p\u0101rs\u016bt\u012b\u0161anai un efekt\u012bvai uzl\u0101dei, nodro\u0161inot racion\u0101lu un univers\u0101lu savienojumu. \u0160is centrmezgls ir sader\u012bgs ar pla\u0161u ier\u012b\u010du kl\u0101stu, t\u0101p\u0113c tas ir patiesi dro\u0161s ieguld\u012bjums n\u0101kotn\u0113, kas nodro\u0161ina \u0113rtu savienojumu.<\/p>\n\n<h3 class=\"wp-block-heading\">\u0112rta piek\u013cuve multivides l\u012bdzek\u013ciem  <\/h3>\n\n<p>Piek\u013c\u016bstiet saviem multivides failiem da\u017eu sekun\u017eu laik\u0101, izmantojot DroiX NT8 dubulto SD kar\u0161u las\u012bt\u0101ju. Neatkar\u012bgi no t\u0101, vai tie ir fotoatt\u0113li, videoklipi vai svar\u012bgi dokumenti, \u0161ie las\u012bt\u0101ji atbalsta gan Micro SD, gan SD kartes, pied\u0101v\u0101jot datu p\u0101rs\u016bt\u012b\u0161anas \u0101trumu l\u012bdz pat 480 Mb\/s. Visi svar\u012bg\u0101kie dati jums b\u016bs pieejami \u0101tri un bez sare\u017e\u0123\u012bjumiem.<\/p>\n\n<h3 class=\"wp-block-heading\">Kompakts dizains, milz\u012bga ietekme  <\/h3>\n\n<p>Lielgabar\u012bta s\u012bkr\u012bku pasaul\u0113 DroiX NT8 izce\u013cas ar elegantu un kompaktu dizainu. T\u0101 izm\u0113ri ir tikai 104 x 43 x 13 mm, t\u0101p\u0113c tas ir ide\u0101ls sabiedrotais tiem, kas ir ce\u013c\u0101. Neatkar\u012bgi no t\u0101, vai atrodaties kafejn\u012bc\u0101, san\u0101ksm\u0113 vai ce\u013cojat, \u0161is centrmezgls ir pietiekami mazs, lai to var\u0113tu n\u0113s\u0101t l\u012bdzi jebkur\u0101 viet\u0101, ta\u010du pietiekami jaud\u012bgs, lai sniegtu lielu ieguld\u012bjumu j\u016bsu savienojam\u012bbas vajadz\u012bb\u0101s.<\/p>\n\n<h3 class=\"wp-block-heading\">Univers\u0101l\u0101 savietojam\u012bba  <\/h3>\n\n<p>DroiX NT8 Clear USB koncentrators ir ne tikai univers\u0101ls &#8211; tas ir univers\u0101li sader\u012bgs. Tas ir izstr\u0101d\u0101ts, lai nevainojami darbotos ar t\u0101d\u0101m USB C tipa ier\u012bc\u0113m k\u0101 person\u0101lie un mini person\u0101lie datori, kl\u0113pjdatori, rokas sp\u0113\u013cu ier\u012bces un citas ier\u012bces, un tas ir univers\u0101ls risin\u0101jums, ko esi mekl\u0113jis. Nevajag vairs \u017eongl\u0113t ar vair\u0101kiem centrmezgliem &#8211; \u0161is ir vien\u012bgais, kas jums jebkad b\u016bs nepiecie\u0161ams.<\/p>\n\n<h3 class=\"wp-block-heading\">Secin\u0101jums: Savienojam\u012bbas revol\u016bcija  <\/h3>\n\n<p>Starp daudzajiem USB centrmezgliem DroiX NT8 Clear USB centrmezgls ir izcils. Ar iespaid\u012bgo funkciju kl\u0101stu, kompakto dizainu un univers\u0101lo savietojam\u012bbu tas ir kas vair\u0101k nek\u0101 tikai koncentrators &#8211; t\u0101 ir revol\u016bcija savienojam\u012bbas jom\u0101. Neatkar\u012bgi no t\u0101, vai esat tehnolo\u0123iju entuziasts, sp\u0113l\u0113t\u0101js vai profesion\u0101lis ce\u013c\u0101, DroiX NT8 ir lielisks r\u012bks, lai uzlabotu j\u016bsu tehnolo\u0123iju lieto\u0161anas pieredzi. Speriet soli n\u0101kotn\u0113 ar DroiX NT8 &#8211; j\u016bsu ier\u012bces b\u016bs pateic\u012bgas!<\/p>\n\n<p>Uzziniet vair\u0101k m\u016bsu rokasgr\u0101mat\u0101 &#8221; <strong>Darba s\u0101k\u0161ana ar Droix NT8 Clear USB koncentratoru<\/strong> &#8220;.<\/p>\n","protected":false},"excerpt":{"rendered":"<ul>\n<li>DroiX<strong> NT8<\/strong> caursp\u012bd\u012bgs USB koncentrators<\/li>\n<li><strong>10\/100\/1000M<\/strong> Gigabit Ethernet<\/li>\n<li>100W PD uzl\u0101de<\/li>\n<li><strong>MicroSD \/ SD kartes slots<\/strong> 480Mbps<\/li>\n<li><strong>HDMI 4K<\/strong> izeja<\/li>\n<\/ul>\n[cg_accordion title=\"INFORM\u0100CIJA PAR MAKS\u0100JUMU\"]<\/p>\n<p>M\u0113s izmantojam jaun\u0101k\u0101s tehnolo\u0123ijas maks\u0101jumu apstr\u0101d\u0113, kas \u013cauj \u0101tri un dro\u0161i nor\u0113\u0137in\u0101ties, izmantojot Apple Pay, Google Pay, debetkarti\/kred\u012btkarti, PayPal vai BNPL metodes, piem\u0113ram, Klarna, Affirm vai AfterPay.[\/cg_accordion]\n[cg_accordion title=\"GARANTIJA\"]<\/p>\n<p>2 gadu garantija no <a href=\"https:\/\/droix.net\/\" target=\"_blank\" rel=\"nofollow noopener\">DROIX Global, lai<\/a> j\u016bs b\u016btu mier\u0101.[\/cg_accordion]\n[cg_accordion title=\"CENAS, NODOK\u013bI UN PIEG\u0100DE\"]<\/p>\n<p><strong><u>Piez\u012bme:<\/u><\/strong><\/p>\n<ul>\n<li>Amerikas Savienot\u0101s Valstis Klienti: Klientiem, kas ieg\u0101d\u0101jas preces, nor\u0101d\u012bt\u0101 cena neietver ne nodokli, ne nodevas. Atbild\u012bba par muito\u0161anu un saist\u012bto nodok\u013cu\/muitas nodok\u013cu nomaksu gulstas uz klientu pleciem. <\/li>\n<li>ES klienti: Atkar\u012bb\u0101 no j\u016bsu valsts, nor\u0101d\u012bt\u0101 cena ietver piem\u0113rojamo nodokli, kas var b\u016bt l\u012bdz 25%.<\/li>\n<li>Kan\u0101das klienti: Atkar\u012bb\u0101 no j\u016bsu provinces nor\u0101d\u012btaj\u0101 cen\u0101 ir iek\u013cauti piem\u0113rojamie nodok\u013ci, kas var ietvert 5% GST un papildu provinces p\u0101rdo\u0161anas nodokli (PST), saska\u0146oto p\u0101rdo\u0161anas nodokli (HST) vai Kvebekas p\u0101rdo\u0161anas nodokli (QST).<\/li>\n<\/ul>\n<p><strong>Tikai ES klientiem:<\/strong> Express DDP (pieg\u0101de ar samaks\u0101tu muitas nodokli). Tas noz\u012bm\u0113: <\/p>\n<ul>\n<li>Visas muitas nodevas un nodok\u013ci ir iek\u013cauti produkta lap\u0101 nor\u0101d\u012btaj\u0101 cen\u0101.<\/li>\n<li>Pieg\u0101des br\u012bd\u012b jums neb\u016bs j\u0101maks\u0101 papildu maksa.<\/li>\n<li>Retos gad\u012bjumos, kad rodas ar muitu saist\u012btas probl\u0113mas, m\u016bsu komanda j\u016bsu v\u0101rd\u0101 veiks muito\u0161anas procesu, lai nodro\u0161in\u0101tu netrauc\u0113tu pieg\u0101di.<\/li>\n<p>Svar\u012bga inform\u0101cija par atgrie\u0161anu:<\/p>\n<li>Ja nolemjat atgriezt pas\u016bt\u012bjumu vai piepras\u012bt atmaksu, l\u016bdzu, \u0146emiet v\u0113r\u0101, ka nodok\u013ci un nodevas, kas samaks\u0101ti j\u016bsu v\u0101rd\u0101 saska\u0146\u0101 ar DDP noteikumiem, nevar tikt atmaks\u0101ti.<\/li>\n<p>S\u012bk\u0101ku inform\u0101ciju skatiet m\u016bsu <a href=\"https:\/\/gpdstore.net\/lv\/terms-of-service\/\" target=\"_blank\" rel=\"nofollow noopener\">Noteikumos un nosac\u012bjumos<\/a>.\n<\/ul>\n<p>[\/cg_accordion]\n[cg_accordion title=\"KLIENTU ATBALSTS\"]<\/p>\n<p>Jums ir jaut\u0101jums? M\u0113s esam \u012bs\u0101 teksta att\u0101lum\u0101 no j\u016bsu jaut\u0101juma atrisin\u0101\u0161anas!<br \/>\n[\/cg_accordion]\n[cg_accordion title=\"KAS IEK\u013bAUTS\"]<\/p>\n<ul>\n<li>1x DroiX NT8 caursp\u012bd\u012bgs USB koncentrators<\/li>\n<\/ul>\n<p>[\/cg_accordion]\n","protected":false},"featured_media":345149,"template":"","meta":{"_acf_changed":false},"product_brand":[],"product_cat":[5400],"product_tag":[5994],"woo-feed-brand":[18164],"class_list":{"0":"post-345144","1":"product","2":"type-product","3":"status-publish","4":"has-post-thumbnail","6":"product_cat-aksesuari","7":"product_tag-droix-hub-lv","8":"product_shipping_class-low-end","9":"pa_i-o-video-1x-hdmi-lv","10":"woo-feed-brand-droix-lv","12":"first","13":"outofstock","14":"sale","15":"taxable","16":"shipping-taxable","17":"purchasable","18":"product-type-simple"},"acf":[],"aioseo_notices":[],"_links":{"self":[{"href":"https:\/\/gpdstore.net\/lv\/wp-json\/wp\/v2\/product\/345144","targetHints":{"allow":["GET"]}}],"collection":[{"href":"https:\/\/gpdstore.net\/lv\/wp-json\/wp\/v2\/product"}],"about":[{"href":"https:\/\/gpdstore.net\/lv\/wp-json\/wp\/v2\/types\/product"}],"wp:featuredmedia":[{"embeddable":true,"href":"https:\/\/gpdstore.net\/lv\/wp-json\/wp\/v2\/media\/345149"}],"wp:attachment":[{"href":"https:\/\/gpdstore.net\/lv\/wp-json\/wp\/v2\/media?parent=345144"}],"wp:term":[{"taxonomy":"product_brand","embeddable":true,"href":"https:\/\/gpdstore.net\/lv\/wp-json\/wp\/v2\/product_brand?post=345144"},{"taxonomy":"product_cat","embeddable":true,"href":"https:\/\/gpdstore.net\/lv\/wp-json\/wp\/v2\/product_cat?post=345144"},{"taxonomy":"product_tag","embeddable":true,"href":"https:\/\/gpdstore.net\/lv\/wp-json\/wp\/v2\/product_tag?post=345144"},{"taxonomy":"woo-feed-brand","embeddable":true,"href":"https:\/\/gpdstore.net\/lv\/wp-json\/wp\/v2\/woo-feed-brand?post=345144"}],"curies":[{"name":"wp","href":"https:\/\/api.w.org\/{rel}","templated":true}]}}