{"id":329909,"date":"2024-07-12T12:39:31","date_gmt":"2024-07-12T12:39:31","guid":{"rendered":"https:\/\/gpdstore.net\/uncategorized\/156-4k-portativais-monitors-ar-spalvas-atbalstu\/"},"modified":"2025-12-23T10:14:18","modified_gmt":"2025-12-23T10:14:18","slug":"15-6-4k-portable-monitor-with-stylus-support","status":"publish","type":"product","link":"https:\/\/gpdstore.net\/lv\/product\/15-6-4k-portable-monitor-with-stylus-support\/","title":{"rendered":"15,6&#8243; 4K portat\u012bvais monitors ar spalvas atbalstu"},"content":{"rendered":"\n<p>Iepaz\u012bstin\u0101m ar 15,6&#8243; 4K portat\u012bvo monitoru: Uzlabojiet savu mobilo skat\u012b\u0161an\u0101s pieredzi<\/p>\n\n<p>Atkl\u0101jiet jaunu portat\u012bvo displeju standartu ar 15,6&#8243; 4K portat\u012bvo monitoru. \u0160is modern\u0101kais ekr\u0101ns ir izstr\u0101d\u0101ts tiem, kam nepiecie\u0161ama vislab\u0101k\u0101 vizu\u0101l\u0101 veiktsp\u0113ja un elast\u012bba, un tas no jauna defin\u0113 datorus, kas lietojami, atrodoties ce\u013c\u0101. Neatkar\u012bgi no t\u0101, vai esi digit\u0101lais ce\u013cot\u0101js, fotogr\u0101fs vai dizaineris, tas ir tavi v\u0101rti uz nevainojamu produktivit\u0101ti un aizraujo\u0161u izklaidi, lai kurp ar\u012b dotos.<\/p>\n\n<p>Iespaid\u012bgs 4K UHD displejs: J\u016bsu mobilais logs uz spo\u017eumu<\/p>\n\n<p>Izbaudiet elpu aizraujo\u0161u skaidr\u012bbu 15,6 collu 4K UHD ekr\u0101n\u0101. T\u0101 G+G piln\u0101s lamin\u0113\u0161anas sk\u0101rienekr\u0101ns un 16:9 platekr\u0101na malu attiec\u012bba nodro\u0161ina spilgtas kr\u0101sas un asus kontrastus, lai saturs uz ekr\u0101na b\u016btu spilgts. T\u0101 3840 x 2160 iz\u0161\u0137irtsp\u0113ja un 10 bitu kr\u0101su dzi\u013cums ir ide\u0101li piem\u0113rots 4K multivides skat\u012b\u0161anai, fotoatt\u0113lu redi\u0123\u0113\u0161anai vai grafisk\u0101 dizaina projektu izstr\u0101dei, nodro\u0161inot nep\u0101rsp\u0113jamu detaliz\u0101ciju.<\/p>\n\n<p>Elegants dizains, intuit\u012bvs sk\u0101rienekr\u0101ns: Izstr\u0101d\u0101ts \u0113rtai mijiedarb\u012bbai<\/p>\n\n<p>Izgatavots no augst\u0101k\u0101s kvalit\u0101tes alum\u012bnija sakaus\u0113juma, monitors apvieno iztur\u012bbu un elegantu profilu. \u0160aur\u0101s malas dizains maksim\u0101li palielina ekr\u0101na telpu, radot aizraujo\u0161u vizu\u0101lo pieredzi. Ar atsauc\u012bgu 10 punktu kapacitat\u012bvo sk\u0101rienekr\u0101nu navig\u0101cija pa izv\u0113ln\u0113m, fotoatt\u0113lu redi\u0123\u0113\u0161ana vai ideju skic\u0113\u0161ana ir dabiska un intuit\u012bva.<\/p>\n\n<p>Uzlabots skat\u012b\u0161an\u0101s prieks: izcili no katra le\u0146\u0137a<\/p>\n\n<p>Pla\u0161ais 15,6 collu panelis ar pla\u0161u 85 gr\u0101du skata le\u0146\u0137i \u013cauj bez p\u016bl\u0113m kop\u012bgot ekr\u0101nu, nezaud\u0113jot att\u0113la kvalit\u0101ti. Augsta kontrasta attiec\u012bba 1500:1 un spilgtums 600 cd\/m2 nodro\u0161ina dzi\u013ci melnus to\u0146us un spilgtas kr\u0101sas pat labi apgaismot\u0101 vid\u0113.<\/p>\n\n<p>Nevainojama savienojam\u012bba, uzlabota daudzpus\u012bba<\/p>\n\n<p>Savienojam\u012bbu nodro\u0161ina HDMI Mini un C tipa piesl\u0113gvietas video un ener\u0123ijas p\u0101rraidei, kas ir sader\u012bgas ar viedt\u0101lru\u0146iem, kl\u0113pjdatoriem un sp\u0113\u013cu konsol\u0113m, piem\u0113ram, PlayStation 5 un Xbox. Ar micro-USB piesl\u0113gvietu to var viegli p\u0101rveidot par darbstaciju.<\/p>\n\n<p>Rado\u0161uma atbr\u012bvo\u0161ana ar precizit\u0101ti<\/p>\n\n<p>Rado\u0161o profesiju p\u0101rst\u0101vjiem monitors atbalsta 4096 spiediena pildspalvu (ieg\u0101d\u0101jama atsevi\u0161\u0137i), kas nodro\u0161ina prec\u012bzu vad\u012bbu skic\u0113\u0161anai, piez\u012bmju rakst\u012b\u0161anai vai fotogr\u0101fiju redi\u0123\u0113\u0161anai ar dabisku vieglumu.<\/p>\n\n<p>P\u0101rn\u0113s\u0101jam\u0101 sp\u0113kstacija: Darbs un izklaide bez ierobe\u017eojumiem<\/p>\n\n<p>Ieb\u016bv\u0113tais 10000 mAh akumulators nodro\u0161ina 4-5 stundu nep\u0101rtrauktu lieto\u0161anu &#8211; ide\u0101li piem\u0113rots darbam ce\u013c\u0101 vai iecien\u012bt\u0101ko seri\u0101lu skat\u012b\u0161anai. Tas ir kompakts un viegls, t\u0101p\u0113c bez piep\u016bles iespraucas som\u0101, nodro\u0161inot, ka augstas iz\u0161\u0137irtsp\u0113jas produktivit\u0101te un izklaide vienm\u0113r ir pa rokai.<\/p>\n\n<p>Palieliniet savu produktivit\u0101ti un izklaidi<\/p>\n\n<p>Nevainojami papla\u0161iniet ekr\u0101na plat\u012bbu, lai veiktu vair\u0101kus uzdevumus, pievienojiet sp\u0113\u013cu konsoles, lai sp\u0113l\u0113\u0161ana b\u016btu aizraujo\u0161a, vai baudiet filmas satrieco\u0161\u0101 4K UHD iz\u0161\u0137irtsp\u0113j\u0101 &#8211; \u0161is monitors ikvienu uzdevumu p\u0101rv\u0113r\u0161 par izcilu pieredzi.<\/p>\n\n<p>Bag\u0101t\u012bgs audio, uzticama savietojam\u012bba<\/p>\n\n<p>Divi ieb\u016bv\u0113tie ska\u013cru\u0146i nodro\u0161ina bag\u0101t\u012bgu ska\u0146as ainavu, uzlabojot skat\u012b\u0161an\u0101s prieku neatkar\u012bgi no t\u0101, vai skat\u0101ties filmas, sp\u0113l\u0113jat sp\u0113les vai klaus\u0101ties m\u016bziku. Tas ir sader\u012bgs ar pla\u0161u HDMI un C tipa ier\u012b\u010du kl\u0101stu, t\u0101p\u0113c viegli piel\u0101gojas j\u016bsu vajadz\u012bb\u0101m.<\/p>\n\n<p>Paredz\u0113ts profesion\u0101\u013ciem: Kur precizit\u0101te atbilst veiktsp\u0113jai<\/p>\n\n<p>T\u0101 4K UHD iz\u0161\u0137irtsp\u0113ja un prec\u012bza kr\u0101su atveido\u0161ana nodro\u0161ina re\u0101listisku att\u0113lu, kas lieliski piem\u0113rots fotogr\u0101fiem un grafikas dizaineriem. Ar 100% sRGB p\u0101rkl\u0101jumu un 10 bitu kr\u0101su dzi\u013cumu tas atbilst pat vispras\u012bg\u0101ko profesion\u0101\u013cu pras\u012bb\u0101m.<\/p>\n\n<p>Viegla uzst\u0101d\u012b\u0161ana, uzticama konstrukcija<\/p>\n\n<p>Vienk\u0101r\u0161i pievienojiet un izmantojiet, uzst\u0101d\u012b\u0161ana notiek da\u017eu sekun\u017eu laik\u0101 &#8211; nav nepiecie\u0161amas sare\u017e\u0123\u012btas instal\u0101cijas. Intuit\u012bvas vad\u012bbas ier\u012bces \u013cauj bez piep\u016bles piel\u0101got t\u0101dus iestat\u012bjumus k\u0101 spilgtums un kontrasts, nodro\u0161inot optim\u0101lu komfortu ilgsto\u0161ai lieto\u0161anai.<\/p>\n\n<p>Iztur\u012bgs, stil\u012bgs un gatavs n\u0101kotnei<\/p>\n\n<p>Izstr\u0101d\u0101ts, lai b\u016btu iztur\u012bgs, ar gl\u012btu alum\u012bnija sakaus\u0113juma korpusu, tas nodro\u0161ina stabilu aizsardz\u012bbu ikdienas lieto\u0161anai un ce\u013co\u0161anai. T\u0101 \u0161aur\u0101s malas dizains apvieno est\u0113tiku un funkcionalit\u0101ti, maksim\u0101li palielinot skat\u012b\u0161an\u0101s prieku bez trauc\u0113jo\u0161iem elementiem.<\/p>\n\n<p>Secin\u0101jums: Ar 15,6&#8243; 4K p\u0101rn\u0113s\u0101jamo monitoru no jauna defin\u0113jiet mobilo skat\u012b\u0161anu<\/p>\n\n<p>Izbaudiet mobilo displeju n\u0101kotni ar 15,6&#8243; 4K portat\u012bvo monitoru &#8211; skaidr\u012bbas, daudzpus\u012bbas un p\u0101rn\u0113s\u0101jam\u012bbas \u0161edevru. Neatkar\u012bgi no t\u0101, vai rad\u0101t, sp\u0113l\u0113jat sp\u0113les vai baud\u0101t izklaidi, tas nodro\u0161ina nep\u0101rsp\u0113jamu veiktsp\u0113ju neatkar\u012bgi no t\u0101, kur j\u016bs dz\u012bve aizved\u012bs.<\/p>\n\n<p>Priek\u0161roc\u012bbas:<\/p>\n\n<ul class=\"wp-block-list\">\n<li>Apbr\u012bnojams 4K UHD displejs<\/li>\n\n\n\n<li>Intuit\u012bv\u0101s sk\u0101rienekr\u0101na funkcijas<\/li>\n\n\n\n<li>Daudzpus\u012bgas savienojam\u012bbas iesp\u0113jas<\/li>\n\n\n\n<li>Viegls un p\u0101rn\u0113s\u0101jams dizains<\/li>\n\n\n\n<li>Iztur\u012bga un stil\u012bga konstrukcija<\/li>\n<\/ul>\n\n<p>M\u012bnusi:<\/p>\n\n<ul class=\"wp-block-list\">\n<li>Sk\u0101rienj\u016bt\u012bgais pildspalva tiek p\u0101rdots atsevi\u0161\u0137i<\/li>\n\n\n\n<li>Ierobe\u017eots akumulatora darb\u012bbas laiks ilgsto\u0161ai lieto\u0161anai<\/li>\n\n\n\n<li>Ieb\u016bv\u0113tie ska\u013cru\u0146i var neatbilst audiofilu standartiem<\/li>\n<\/ul>\n\n\r\n<div class=\"wp-block-jetpack-tiled-gallery aligncenter is-style-rectangular\">\r\n<div class=\"tiled-gallery__gallery\">\r\n<div class=\"tiled-gallery__row\">\r\n<div class=\"tiled-gallery__col\" style=\"flex-basis: 55.49556%;\">\r\n<figure class=\"tiled-gallery__item\"><img decoding=\"async\" src=\"https:\/\/i2.wp.com\/droix.net\/wp-content\/uploads\/2023\/04\/S23B_5-MONITOR-MARKETING-IMAGE-DONE-2.jpg?ssl=1\" alt=\"\" data-height=\"1000\" data-id=\"157015\" data-link=\"https:\/\/droix.net\/?attachment_id=157015\" data-url=\"https:\/\/droix.net\/wp-content\/uploads\/2023\/04\/S23B_5-MONITOR-MARKETING-IMAGE-DONE-2.jpg\" data-width=\"1000\" data-amp-layout=\"responsive\"><\/figure>\r\n<\/div>\r\n<div class=\"tiled-gallery__col\" style=\"flex-basis: 44.50444%;\">\r\n<figure class=\"tiled-gallery__item\"><img decoding=\"async\" src=\"https:\/\/i0.wp.com\/droix.net\/wp-content\/uploads\/2023\/04\/S23B_5-MONITOR-MARKETING-IMAGE-DONE-1.jpg?ssl=1\" alt=\"\" data-height=\"619\" data-id=\"157010\" data-link=\"https:\/\/droix.net\/?attachment_id=157010\" data-url=\"https:\/\/droix.net\/wp-content\/uploads\/2023\/04\/S23B_5-MONITOR-MARKETING-IMAGE-DONE-1.jpg\" data-width=\"1000\" data-amp-layout=\"responsive\"><\/figure>\r\n<figure class=\"tiled-gallery__item\"><img decoding=\"async\" src=\"https:\/\/i2.wp.com\/droix.net\/wp-content\/uploads\/2023\/04\/S23B_5-MONITOR-MARKETING-IMAGE-DONE-3.jpg?ssl=1\" alt=\"\" data-height=\"619\" data-id=\"157020\" data-link=\"https:\/\/droix.net\/?attachment_id=157020\" data-url=\"https:\/\/droix.net\/wp-content\/uploads\/2023\/04\/S23B_5-MONITOR-MARKETING-IMAGE-DONE-3.jpg\" data-width=\"1000\" data-amp-layout=\"responsive\"><\/figure>\r\n<\/div>\r\n<\/div>\r\n<div class=\"tiled-gallery__row\">\r\n<div class=\"tiled-gallery__col\" style=\"flex-basis: 37.61498%;\">\r\n<figure class=\"tiled-gallery__item\"><img decoding=\"async\" src=\"https:\/\/i2.wp.com\/droix.net\/wp-content\/uploads\/2023\/04\/S23B_5-MONITOR-MARKETING-IMAGE-DONE-4.jpg?ssl=1\" alt=\"\" data-height=\"1000\" data-id=\"157025\" data-link=\"https:\/\/droix.net\/?attachment_id=157025\" data-url=\"https:\/\/droix.net\/wp-content\/uploads\/2023\/04\/S23B_5-MONITOR-MARKETING-IMAGE-DONE-4.jpg\" data-width=\"1000\" data-amp-layout=\"responsive\"><\/figure>\r\n<figure class=\"tiled-gallery__item\"><img decoding=\"async\" src=\"https:\/\/i0.wp.com\/droix.net\/wp-content\/uploads\/2023\/04\/S23B_5-MONITOR-MARKETING-IMAGE-DONE-5.jpg?ssl=1\" alt=\"\" data-height=\"619\" data-id=\"157030\" data-link=\"https:\/\/droix.net\/?attachment_id=157030\" data-url=\"https:\/\/droix.net\/wp-content\/uploads\/2023\/04\/S23B_5-MONITOR-MARKETING-IMAGE-DONE-5.jpg\" data-width=\"1000\" data-amp-layout=\"responsive\"><\/figure>\r\n<\/div>\r\n<div class=\"tiled-gallery__col\" style=\"flex-basis: 62.38502%;\">\r\n<figure class=\"tiled-gallery__item\"><img decoding=\"async\" src=\"https:\/\/i0.wp.com\/droix.net\/wp-content\/uploads\/2023\/04\/S23B_5-MONITOR-MARKETING-IMAGE-DONE-6.jpg?ssl=1\" alt=\"\" data-height=\"981\" data-id=\"157035\" data-link=\"https:\/\/droix.net\/?attachment_id=157035\" data-url=\"https:\/\/droix.net\/wp-content\/uploads\/2023\/04\/S23B_5-MONITOR-MARKETING-IMAGE-DONE-6.jpg\" data-width=\"1000\" data-amp-layout=\"responsive\"><\/figure>\r\n<\/div>\r\n<\/div>\r\n<div class=\"tiled-gallery__row\">\r\n<div class=\"tiled-gallery__col\" style=\"flex-basis: 33.33333%;\">\r\n<figure class=\"tiled-gallery__item\"><img decoding=\"async\" src=\"https:\/\/i1.wp.com\/droix.net\/wp-content\/uploads\/2023\/04\/S23B_5-MONITOR-MARKETING-IMAGE-DONE-7.jpg?ssl=1\" alt=\"\" data-height=\"1000\" data-id=\"157040\" data-link=\"https:\/\/droix.net\/?attachment_id=157040\" data-url=\"https:\/\/droix.net\/wp-content\/uploads\/2023\/04\/S23B_5-MONITOR-MARKETING-IMAGE-DONE-7.jpg\" data-width=\"1000\" data-amp-layout=\"responsive\"><\/figure>\r\n<\/div>\r\n<div class=\"tiled-gallery__col\" style=\"flex-basis: 33.33333%;\">\r\n<figure class=\"tiled-gallery__item\"><img decoding=\"async\" src=\"https:\/\/i1.wp.com\/droix.net\/wp-content\/uploads\/2023\/04\/S23B_5-MONITOR-MARKETING-IMAGE-DONE-8.jpg?ssl=1\" alt=\"\" data-height=\"1000\" data-id=\"157045\" data-link=\"https:\/\/droix.net\/?attachment_id=157045\" data-url=\"https:\/\/droix.net\/wp-content\/uploads\/2023\/04\/S23B_5-MONITOR-MARKETING-IMAGE-DONE-8.jpg\" data-width=\"1000\" data-amp-layout=\"responsive\"><\/figure>\r\n<\/div>\r\n<div class=\"tiled-gallery__col\" style=\"flex-basis: 33.33333%;\">\r\n<figure class=\"tiled-gallery__item\"><img decoding=\"async\" src=\"https:\/\/i1.wp.com\/droix.net\/wp-content\/uploads\/2023\/04\/S23B_5-MONITOR-MARKETING-IMAGE-DONE-9.jpg?ssl=1\" alt=\"\" data-height=\"1000\" data-id=\"157050\" data-link=\"https:\/\/droix.net\/?attachment_id=157050\" data-url=\"https:\/\/droix.net\/wp-content\/uploads\/2023\/04\/S23B_5-MONITOR-MARKETING-IMAGE-DONE-9.jpg\" data-width=\"1000\" data-amp-layout=\"responsive\"><\/figure>\r\n<\/div>\r\n<\/div>\r\n<div class=\"tiled-gallery__row\">\r\n<div class=\"tiled-gallery__col\" style=\"flex-basis: 50.00000%;\">\r\n<figure class=\"tiled-gallery__item\"><img decoding=\"async\" src=\"https:\/\/i0.wp.com\/droix.net\/wp-content\/uploads\/2023\/04\/S23B_5-MONITOR-MARKETING-IMAGE-DONE-10.jpg?ssl=1\" alt=\"\" data-height=\"1000\" data-id=\"157055\" data-link=\"https:\/\/droix.net\/?attachment_id=157055\" data-url=\"https:\/\/droix.net\/wp-content\/uploads\/2023\/04\/S23B_5-MONITOR-MARKETING-IMAGE-DONE-10.jpg\" data-width=\"1000\" data-amp-layout=\"responsive\"><\/figure>\r\n<\/div>\r\n<div class=\"tiled-gallery__col\" style=\"flex-basis: 50.00000%;\">\r\n<figure class=\"tiled-gallery__item\"><img decoding=\"async\" src=\"https:\/\/i0.wp.com\/droix.net\/wp-content\/uploads\/2023\/04\/S23B_5-MONITOR-MARKETING-IMAGE-DONE-11.jpg?ssl=1\" alt=\"\" data-height=\"1000\" data-id=\"157060\" data-link=\"https:\/\/droix.net\/?attachment_id=157060\" data-url=\"https:\/\/droix.net\/wp-content\/uploads\/2023\/04\/S23B_5-MONITOR-MARKETING-IMAGE-DONE-11.jpg\" data-width=\"1000\" data-amp-layout=\"responsive\"><\/figure>\r\n<\/div>\r\n<\/div>\r\n<div class=\"tiled-gallery__row\">\r\n<div class=\"tiled-gallery__col\" style=\"flex-basis: 29.89199%;\">\r\n<figure class=\"tiled-gallery__item\"><img decoding=\"async\" src=\"https:\/\/i2.wp.com\/droix.net\/wp-content\/uploads\/2023\/04\/S23B_5-MONITOR-MARKETING-IMAGE-DONE-12.jpg?ssl=1\" alt=\"\" data-height=\"619\" data-id=\"157065\" data-link=\"https:\/\/droix.net\/?attachment_id=157065\" data-url=\"https:\/\/droix.net\/wp-content\/uploads\/2023\/04\/S23B_5-MONITOR-MARKETING-IMAGE-DONE-12.jpg\" data-width=\"1000\" data-amp-layout=\"responsive\"><\/figure>\r\n<figure class=\"tiled-gallery__item\"><img decoding=\"async\" src=\"https:\/\/i1.wp.com\/droix.net\/wp-content\/uploads\/2023\/04\/S23B_5-MONITOR-MARKETING-IMAGE-DONE-13.jpg?ssl=1\" alt=\"\" data-height=\"1000\" data-id=\"157070\" data-link=\"https:\/\/droix.net\/?attachment_id=157070\" data-url=\"https:\/\/droix.net\/wp-content\/uploads\/2023\/04\/S23B_5-MONITOR-MARKETING-IMAGE-DONE-13.jpg\" data-width=\"1000\" data-amp-layout=\"responsive\"><\/figure>\r\n<figure class=\"tiled-gallery__item\"><img decoding=\"async\" src=\"https:\/\/i2.wp.com\/droix.net\/wp-content\/uploads\/2023\/04\/S23B_5-MONITOR-MARKETING-IMAGE-DONE-14.jpg?ssl=1\" alt=\"\" data-height=\"822\" data-id=\"157075\" data-link=\"https:\/\/droix.net\/?attachment_id=157075\" data-url=\"https:\/\/droix.net\/wp-content\/uploads\/2023\/04\/S23B_5-MONITOR-MARKETING-IMAGE-DONE-14.jpg\" data-width=\"1000\" data-amp-layout=\"responsive\"><\/figure>\r\n<\/div>\r\n<div class=\"tiled-gallery__col\" style=\"flex-basis: 70.10801%;\">\r\n<figure class=\"tiled-gallery__item\"><img decoding=\"async\" src=\"https:\/\/i1.wp.com\/droix.net\/wp-content\/uploads\/2023\/04\/S23B_5-MONITOR-MARKETING-IMAGE-DONE-15-977x1024.jpg?ssl=1\" alt=\"\" data-height=\"1048\" data-id=\"157080\" data-link=\"https:\/\/droix.net\/?attachment_id=157080\" data-url=\"https:\/\/droix.net\/wp-content\/uploads\/2023\/04\/S23B_5-MONITOR-MARKETING-IMAGE-DONE-15-977x1024.jpg\" data-width=\"1000\" data-amp-layout=\"responsive\"><\/figure>\r\n<\/div>\r\n<\/div>\r\n<div class=\"tiled-gallery__row\">\r\n<div class=\"tiled-gallery__col\" style=\"flex-basis: 54.96322%;\">\r\n<figure class=\"tiled-gallery__item\"><img decoding=\"async\" src=\"https:\/\/i0.wp.com\/droix.net\/wp-content\/uploads\/2023\/04\/S23B_5-MONITOR-MARKETING-IMAGE-DONE-16.jpg?ssl=1\" alt=\"\" data-height=\"787\" data-id=\"157085\" data-link=\"https:\/\/droix.net\/?attachment_id=157085\" data-url=\"https:\/\/droix.net\/wp-content\/uploads\/2023\/04\/S23B_5-MONITOR-MARKETING-IMAGE-DONE-16.jpg\" data-width=\"1000\" data-amp-layout=\"responsive\"><\/figure>\r\n<\/div>\r\n<div class=\"tiled-gallery__col\" style=\"flex-basis: 45.03678%;\">\r\n<figure class=\"tiled-gallery__item\"><img decoding=\"async\" src=\"https:\/\/i1.wp.com\/droix.net\/wp-content\/uploads\/2023\/04\/S23B_5-MONITOR-MARKETING-IMAGE-DONE-17.jpg?ssl=1\" alt=\"\" data-height=\"961\" data-id=\"157090\" data-link=\"https:\/\/droix.net\/?attachment_id=157090\" data-url=\"https:\/\/droix.net\/wp-content\/uploads\/2023\/04\/S23B_5-MONITOR-MARKETING-IMAGE-DONE-17.jpg\" data-width=\"1000\" data-amp-layout=\"responsive\"><\/figure>\r\n<\/div>\r\n<\/div>\r\n<\/div>\r\n<\/div>\r\n","protected":false},"excerpt":{"rendered":"<ul>\n<li>Sk\u0101rienj\u016bt\u012bgais ekr\u0101ns Sader\u012bgs ar <strong>MacOS<\/strong><\/li>\n<li>Sk\u0101rienj\u016bt\u012bg\u0101 ekr\u0101na funkcija <strong>Iek\u013cauts rakst\u0101mspalva<\/strong><\/li>\n<li>Salok\u0101ms korpuss k\u0101 monitora stat\u012bvs<\/li>\n<li>P\u0101rn\u0113s\u0101jams un viegls<\/li>\n<li><strong>USB baro\u0161ana<\/strong>, atbalsta mini-HDMI, USB Type-C<\/li>\n<\/ul>\n[cg_accordion title=\"INFORM\u0100CIJA PAR MAKS\u0100JUMU\"]<\/p>\n<p>M\u0113s izmantojam jaun\u0101k\u0101s tehnolo\u0123ijas maks\u0101jumu apstr\u0101d\u0113, kas \u013cauj \u0101tri un dro\u0161i nor\u0113\u0137in\u0101ties, izmantojot Apple Pay, Google Pay, debetkarti\/kred\u012btkarti, PayPal vai BNPL metodes, piem\u0113ram, Klarna, Affirm vai AfterPay.[\/cg_accordion]\n[cg_accordion title=\"GARANTIJA\"]<\/p>\n<p>2 gadu garantija no <a href=\"https:\/\/droix.net\/\" target=\"_blank\" rel=\"nofollow noopener\">DROIX Global, lai<\/a> j\u016bs b\u016btu mier\u0101.[\/cg_accordion]\n[cg_accordion title=\"CENAS, NODOK\u013bI UN PIEG\u0100DE\"]<\/p>\n<p><strong><u>Piez\u012bme:<\/u><\/strong><\/p>\n<ul>\n<li>Amerikas Savienot\u0101s Valstis Klienti: Klientiem, kas ieg\u0101d\u0101jas preces, nor\u0101d\u012bt\u0101 cena neietver ne nodokli, ne nodevas. Atbild\u012bba par muito\u0161anu un saist\u012bto nodok\u013cu\/muitas nodok\u013cu nomaksu gulstas uz klientu pleciem. <\/li>\n<li>ES klienti: Atkar\u012bb\u0101 no j\u016bsu valsts, nor\u0101d\u012bt\u0101 cena ietver piem\u0113rojamo nodokli, kas var b\u016bt l\u012bdz 25%.<\/li>\n<li>Kan\u0101das klienti: Atkar\u012bb\u0101 no j\u016bsu provinces nor\u0101d\u012btaj\u0101 cen\u0101 ir iek\u013cauti piem\u0113rojamie nodok\u013ci, kas var ietvert 5% GST un papildu provinces p\u0101rdo\u0161anas nodokli (PST), saska\u0146oto p\u0101rdo\u0161anas nodokli (HST) vai Kvebekas p\u0101rdo\u0161anas nodokli (QST).<\/li>\n<\/ul>\n<p><strong>Tikai ES klientiem:<\/strong> Express DDP (pieg\u0101de ar samaks\u0101tu muitas nodokli). Tas noz\u012bm\u0113: <\/p>\n<ul>\n<li>Visas muitas nodevas un nodok\u013ci ir iek\u013cauti produkta lap\u0101 nor\u0101d\u012btaj\u0101 cen\u0101.<\/li>\n<li>Pieg\u0101des br\u012bd\u012b jums neb\u016bs j\u0101maks\u0101 papildu maksa.<\/li>\n<li>Retos gad\u012bjumos, kad rodas ar muitu saist\u012btas probl\u0113mas, m\u016bsu komanda j\u016bsu v\u0101rd\u0101 veiks muito\u0161anas procesu, lai nodro\u0161in\u0101tu netrauc\u0113tu pieg\u0101di.<\/li>\n<p>Svar\u012bga inform\u0101cija par atgrie\u0161anu:<\/p>\n<li>Ja nolemjat atgriezt pas\u016bt\u012bjumu vai piepras\u012bt atmaksu, l\u016bdzu, \u0146emiet v\u0113r\u0101, ka nodok\u013ci un nodevas, kas samaks\u0101ti j\u016bsu v\u0101rd\u0101 saska\u0146\u0101 ar DDP noteikumiem, nevar tikt atmaks\u0101ti.<\/li>\n<p>S\u012bk\u0101ku inform\u0101ciju skatiet m\u016bsu <a href=\"https:\/\/gpdstore.net\/lv\/terms-of-service\/\" target=\"_blank\" rel=\"nofollow noopener\">Noteikumos un nosac\u012bjumos<\/a>.\n<\/ul>\n<p>[\/cg_accordion]\n[cg_accordion title=\"KLIENTU ATBALSTS\"]<\/p>\n<p>Jums ir jaut\u0101jums? M\u0113s esam \u012bs\u0101 teksta att\u0101lum\u0101 no j\u016bsu jaut\u0101juma atrisin\u0101\u0161anas!<br \/>\n[\/cg_accordion]\n[cg_accordion title=\"KAS IEK\u013bAUTS\"]<\/p>\n<ul>\n<li>1x str\u0101vas kontaktdak\u0161a (ES\/ASV)<\/li>\n<li>1x rakst\u0101mspalva<\/li>\n<li>1x lietot\u0101ja rokasgr\u0101mata<\/li>\n<\/ul>\n<p>[\/cg_accordion]\n","protected":false},"featured_media":330006,"template":"","meta":{"_acf_changed":false},"product_brand":[],"product_cat":[5461],"product_tag":[5524,18361],"woo-feed-brand":[18164],"class_list":{"0":"post-329909","1":"product","2":"type-product","3":"status-publish","4":"has-post-thumbnail","6":"product_cat-portativie-monitori","7":"product_tag-30gpdsale-lv","8":"product_tag-droix-portable-monitor-lv","9":"product_shipping_class-standard","10":"pa_brand-droix","11":"woo-feed-brand-droix-lv","13":"first","14":"outofstock","15":"sale","16":"taxable","17":"shipping-taxable","18":"purchasable","19":"product-type-variable","20":"has-default-attributes"},"acf":[],"aioseo_notices":[],"_links":{"self":[{"href":"https:\/\/gpdstore.net\/lv\/wp-json\/wp\/v2\/product\/329909","targetHints":{"allow":["GET"]}}],"collection":[{"href":"https:\/\/gpdstore.net\/lv\/wp-json\/wp\/v2\/product"}],"about":[{"href":"https:\/\/gpdstore.net\/lv\/wp-json\/wp\/v2\/types\/product"}],"wp:featuredmedia":[{"embeddable":true,"href":"https:\/\/gpdstore.net\/lv\/wp-json\/wp\/v2\/media\/330006"}],"wp:attachment":[{"href":"https:\/\/gpdstore.net\/lv\/wp-json\/wp\/v2\/media?parent=329909"}],"wp:term":[{"taxonomy":"product_brand","embeddable":true,"href":"https:\/\/gpdstore.net\/lv\/wp-json\/wp\/v2\/product_brand?post=329909"},{"taxonomy":"product_cat","embeddable":true,"href":"https:\/\/gpdstore.net\/lv\/wp-json\/wp\/v2\/product_cat?post=329909"},{"taxonomy":"product_tag","embeddable":true,"href":"https:\/\/gpdstore.net\/lv\/wp-json\/wp\/v2\/product_tag?post=329909"},{"taxonomy":"woo-feed-brand","embeddable":true,"href":"https:\/\/gpdstore.net\/lv\/wp-json\/wp\/v2\/woo-feed-brand?post=329909"}],"curies":[{"name":"wp","href":"https:\/\/api.w.org\/{rel}","templated":true}]}}