{"id":295446,"date":"2024-05-17T08:45:56","date_gmt":"2024-05-17T08:45:56","guid":{"rendered":"https:\/\/gpdstore.net\/uncategorized\/gpd-win-3-spelu-rokas-dators\/"},"modified":"2025-12-23T10:19:32","modified_gmt":"2025-12-23T10:19:32","slug":"gpd-win-3","status":"publish","type":"product","link":"https:\/\/gpdstore.net\/lv\/product\/gpd-win-3\/","title":{"rendered":"GPD WIN 3 Sp\u0113\u013cu portat\u012bvais sp\u0113\u013cu dators"},"content":{"rendered":"\n<h3 class=\"wp-block-heading\"><br\/>Iepaz\u012bstin\u0101m ar GPD WIN 3: no jauna defin\u0113jam rokas sp\u0113\u013cu datorus<\/h3>\n\n<p>Laipni l\u016bgti rokas sp\u0113\u013cu priek\u0161pl\u0101n\u0101 ar GPD WIN 3. \u0160\u012b ier\u012bce ir liels l\u0113ciens uz priek\u0161u portat\u012bvo sp\u0113\u013cu tehnolo\u0123iju jom\u0101, nodro\u0161inot nep\u0101rsp\u0113jamu veiktsp\u0113ju, inovat\u012bvu dizainu un maksim\u0101lu mobilit\u0101ti. Izstr\u0101d\u0101ts sp\u0113l\u0113t\u0101jiem, kas pieprasa izcil\u012bbu, GPD WIN 3 apvieno galddatora sp\u0113\u013cu datora jaudu ar rokas ier\u012bces \u0113rt\u012bb\u0101m. Neatkar\u012bgi no t\u0101, vai atrodaties m\u0101j\u0101s, ce\u013cojat vai atrodaties ce\u013c\u0101, GPD WIN 3 nodro\u0161ina, ka j\u016bsu iecien\u012bt\u0101k\u0101s sp\u0113les ir rokas stiepiena att\u0101lum\u0101, tikai ar izvelkam\u0101s tastat\u016bras pal\u012bdz\u012bbu. Izbaudiet \u0113rt\u012bbu un augstas veiktsp\u0113jas apvienojumu un atkl\u0101jiet jaunu sp\u0113\u013cu laikmetu ar GPD WIN 3.    <\/p>\n\n<h3 class=\"wp-block-heading\">Produkta p\u0101rskats: Portat\u012bvo sp\u0113\u013cu sp\u0113\u013cu virsotne<\/h3>\n\n<p>GPD WIN 3 demonstr\u0113 jaun\u0101kos sasniegumus portat\u012bvo sp\u0113\u013cu tehnolo\u0123iju jom\u0101. \u0160is sp\u0113\u013cu dators sver tikai 560 g, un t\u0101 izm\u0113ri ir 198 mm x 92 mm x 27 mm, t\u0101p\u0113c tas ir veidots t\u0101, lai \u0113rti ietilptu j\u016bsu rok\u0101s vai som\u0101. T\u0101s glud\u0101, uz aug\u0161u izvelkam\u0101 tastat\u016bra paver neierobe\u017eotas sp\u0113\u013cu iesp\u0113jas, padarot to ide\u0101li piem\u0113rotu sp\u0113l\u0113\u0161anai gan ce\u013c\u0101, gan m\u0101j\u0101s.<\/p>\n\n<p>GPD WIN 3 ir apr\u012bkots ar Intel Core i7-1195G7 procesoru, un tas ir izstr\u0101d\u0101ts, lai nodro\u0161in\u0101tu izcilu sp\u0113\u013cu pieredzi. T\u0101 kompaktais dizains padara to ne tikai par sp\u0113\u013cu jaud\u012bgu ier\u012bci, bet ar\u012b par daudzpus\u012bgu r\u012bku da\u017e\u0101d\u0101s vid\u0113s &#8211; gan ce\u013cojot, gan atp\u016b\u0161oties m\u0101j\u0101s.<\/p>\n\n<h3 class=\"wp-block-heading\">Detaliz\u0113tas funkcijas: Performance Unleashed<\/h3>\n\n<p><strong>Veiktsp\u0113ja:<\/strong> GPD WIN 3 ir apr\u012bkots ar Intel Core i7-1195G7 procesoru un Intel Iris Xe Graphics, kas ir jauns krit\u0113rijs portat\u012bvo sp\u0113\u013cu veiktsp\u0113jas zi\u0146\u0101. Ar 4 kodoliem un 8 pavedieniem, kas sasniedz l\u012bdz pat 5,00 GHz ar Turbo Boost, \u0161is procesors nodro\u0161ina izcilu veiktsp\u0113ju. Integr\u0113tais GPU ar 96 izpildes vien\u012bb\u0101m nodro\u0161ina sp\u0113c\u012bgas grafisk\u0101s iesp\u0113jas, atbalstot 4K iz\u0161\u0137irtsp\u0113ju ar 60 Hz frekvenci.  <\/p>\n\n<p><strong>Atmi\u0146a un glab\u0101\u0161ana:<\/strong> GPD WIN 3 ir apr\u012bkots ar 16 GB LPDDR4x-4266 RAM, kas nodro\u0161ina \u0101tru sp\u0113\u013cu iel\u0101di un vienm\u0113r\u012bgu daudzuzdevumu veik\u0161anu. T\u0101s 1 TB NVMe SSD pied\u0101v\u0101 pietiekami daudz vietas pla\u0161ai sp\u0113\u013cu bibliot\u0113kai un \u0101tru iel\u0101des laiku, lai j\u016bsu iecien\u012bt\u0101k\u0101s sp\u0113les un programmas b\u016btu gatavas darbam. <\/p>\n\n<h3 class=\"wp-block-heading\">Lietot\u0101ja pieredze: Piel\u0101gota sp\u0113l\u0113t\u0101jiem<\/h3>\n\n<p>GPD WIN 3, kur\u0101 darbojas Windows oper\u0113t\u0101jsist\u0113ma, atbalsta pla\u0161u lietojumprogrammu kl\u0101stu, s\u0101kot ar jaun\u0101kaj\u0101m AAA sp\u0113l\u0113m un beidzot ar klasisk\u0101m sp\u0113l\u0113m un ikdienas lietojumprogramm\u0101m. 5,5 collu H-IPS sk\u0101rienekr\u0101ns ar asu 1280 \u00d7 720 iz\u0161\u0137irtsp\u0113ju un 268 PPI atdz\u012bvina katru deta\u013cu. Savienojam\u012bbas iesp\u0113jas ir visaptvero\u0161as &#8211; Wi-Fi 6, Bluetooth 5.0 un vair\u0101ki USB piesl\u0113gvietu porti nodro\u0161ina savienojumu ar sp\u0113l\u0113m un perif\u0113rijas ier\u012bc\u0113m neatkar\u012bgi no atra\u0161an\u0101s vietas.<\/p>\n\n<h3 class=\"wp-block-heading\">Secin\u0101jums: Sp\u0113\u013cu n\u0101kotne j\u016bsu rok\u0101s<\/h3>\n\n<p>GPD WIN 3 ir kas vair\u0101k nek\u0101 tikai p\u0101rn\u0113s\u0101jama sp\u0113\u013cu ier\u012bce &#8211; tas ir vizion\u0101rs l\u0113ciens uz sp\u0113\u013cu n\u0101kotni. Apvienojot augstas veiktsp\u0113jas aparat\u016bru ar p\u0101rn\u0113s\u0101jamu, inovat\u012bvu dizainu, tas pied\u0101v\u0101 vislab\u0101ko sp\u0113\u013cu pieredzi tiem, kas ir ce\u013c\u0101. \u0160\u012b ier\u012bce nav tikai solis uz priek\u0161u, t\u0101 ir p\u0101rveidojo\u0161s l\u0113ciens sp\u0113\u013cu n\u0101kotn\u0113.<\/p>\n","protected":false},"excerpt":{"rendered":"<ul>\n<li>Intel\u00ae<b> Core\u2122 i5-1135G7\/ i7-1165G7\/ i7-1195G7<\/b> w\/ <b>Intel Iris Xe Graphics<\/b><\/li>\n<li><strong>16 GB divkan\u0101lu<\/strong> LPDDR4x @ 4266 MHz<\/li>\n<li><strong>1 TB<\/strong> \u0101trgaitas PCI-E <strong>NVMe<\/strong> <strong> SSD<\/strong><\/li>\n<li><strong>Thunderbolt 4 ports<\/strong><\/li>\n<li><strong>WiFi 6<\/strong> un <strong>Bluetooth 5.1<\/strong> atbalsts<\/li>\n<li>AAA <strong>sp\u0113\u013cu rokasparots<\/strong><\/li>\n<\/ul>\n[cg_accordion title=\"INFORM\u0100CIJA PAR MAKS\u0100JUMU\"]<\/p>\n<p>M\u0113s izmantojam jaun\u0101k\u0101s tehnolo\u0123ijas maks\u0101jumu apstr\u0101d\u0113, kas \u013cauj \u0101tri un dro\u0161i nor\u0113\u0137in\u0101ties, izmantojot Apple Pay, Google Pay, debetkarti\/kred\u012btkarti, PayPal vai BNPL metodes, piem\u0113ram, Klarna, Affirm vai AfterPay.[\/cg_accordion]\n[cg_accordion title=\"GARANTIJA\"]<\/p>\n<p>2 gadu garantija no <a href=\"https:\/\/droix.net\/\" target=\"_blank\" rel=\"nofollow noopener\">DROIX Global, lai<\/a> j\u016bs b\u016btu mier\u0101.[\/cg_accordion]\n[cg_accordion title=\"CENAS, NODOK\u013bI UN PIEG\u0100DE\"]<\/p>\n<p><strong><u>Piez\u012bme:<\/u><\/strong><\/p>\n<ul>\n<li>Amerikas Savienot\u0101s Valstis Klienti: Klientiem, kas ieg\u0101d\u0101jas preces, nor\u0101d\u012bt\u0101 cena neietver ne nodokli, ne nodevas. Atbild\u012bba par muito\u0161anu un saist\u012bto nodok\u013cu\/muitas nodok\u013cu nomaksu gulstas uz klientu pleciem. <\/li>\n<li>ES klienti: Atkar\u012bb\u0101 no j\u016bsu valsts, nor\u0101d\u012bt\u0101 cena ietver piem\u0113rojamo nodokli, kas var b\u016bt l\u012bdz 25%.<\/li>\n<li>Kan\u0101das klienti: Atkar\u012bb\u0101 no j\u016bsu provinces nor\u0101d\u012btaj\u0101 cen\u0101 ir iek\u013cauti piem\u0113rojamie nodok\u013ci, kas var ietvert 5% GST un papildu provinces p\u0101rdo\u0161anas nodokli (PST), saska\u0146oto p\u0101rdo\u0161anas nodokli (HST) vai Kvebekas p\u0101rdo\u0161anas nodokli (QST).<\/li>\n<\/ul>\n<p><strong>Tikai ES klientiem:<\/strong> Express DDP (pieg\u0101de ar samaks\u0101tu muitas nodokli). Tas noz\u012bm\u0113: <\/p>\n<ul>\n<li>Visas muitas nodevas un nodok\u013ci ir iek\u013cauti produkta lap\u0101 nor\u0101d\u012btaj\u0101 cen\u0101.<\/li>\n<li>Pieg\u0101des br\u012bd\u012b jums neb\u016bs j\u0101maks\u0101 papildu maksa.<\/li>\n<li>Retos gad\u012bjumos, kad rodas ar muitu saist\u012btas probl\u0113mas, m\u016bsu komanda j\u016bsu v\u0101rd\u0101 veiks muito\u0161anas procesu, lai nodro\u0161in\u0101tu netrauc\u0113tu pieg\u0101di.<\/li>\n<p>Svar\u012bga inform\u0101cija par atgrie\u0161anu:<\/p>\n<li>Ja nolemjat atgriezt pas\u016bt\u012bjumu vai piepras\u012bt atmaksu, l\u016bdzu, \u0146emiet v\u0113r\u0101, ka nodok\u013ci un nodevas, kas samaks\u0101ti j\u016bsu v\u0101rd\u0101 saska\u0146\u0101 ar DDP noteikumiem, nevar tikt atmaks\u0101ti.<\/li>\n<p>S\u012bk\u0101ku inform\u0101ciju skatiet m\u016bsu <a href=\"https:\/\/gpdstore.net\/lv\/terms-of-service\/\" target=\"_blank\" rel=\"nofollow noopener\">Noteikumos un nosac\u012bjumos<\/a>.\n<\/ul>\n<p>[\/cg_accordion]\n[cg_accordion title=\"KLIENTU ATBALSTS\"]<\/p>\n<p>Jums ir jaut\u0101jums? M\u0113s esam \u012bs\u0101 teksta att\u0101lum\u0101 no j\u016bsu jaut\u0101juma atrisin\u0101\u0161anas!<br \/>\n[\/cg_accordion]\n[cg_accordion title=\"KAS IEK\u013bAUTS\"]<\/p>\n<ul>\n<li>1x C tipa USB kabelis<\/li>\n<li>1x baro\u0161anas adapteris<\/li>\n<li>1x lietot\u0101ja rokasgr\u0101mata<\/li>\n<\/ul>\n<p>[\/cg_accordion]\n","protected":false},"featured_media":296307,"template":"","meta":{"_acf_changed":false},"product_brand":[],"product_cat":[17626],"product_tag":[9632],"woo-feed-brand":[5825],"class_list":{"0":"post-295446","1":"product","2":"type-product","3":"status-publish","4":"has-post-thumbnail","6":"product_cat-gpd-rokas-dators-spelem","7":"product_tag-gpd-win-3-lv-2","8":"product_shipping_class-premium","9":"pa_bluetooth-5-1-lv","10":"pa_brand-gpd","11":"pa_graphics-gpu-model-intel-iris-xe-grafika-lv","12":"pa_i-o-video-core-i7-1195g7-1x-caur-thunderbolt-4-usb-type-c","13":"pa_memory-ram-capacity-16-gb-lv","14":"pa_memory-ram-technology-lpddr4x-lv","15":"pa_storage-capacity-1-tb-lv","16":"pa_storage-technology-pcie-4-paaudzes","17":"pa_wi-fi-wi-fi-6-lv","18":"woo-feed-brand-gpd-lv","20":"first","21":"outofstock","22":"taxable","23":"shipping-taxable","24":"purchasable","25":"product-type-variable","26":"has-default-attributes"},"acf":[],"aioseo_notices":[],"_links":{"self":[{"href":"https:\/\/gpdstore.net\/lv\/wp-json\/wp\/v2\/product\/295446","targetHints":{"allow":["GET"]}}],"collection":[{"href":"https:\/\/gpdstore.net\/lv\/wp-json\/wp\/v2\/product"}],"about":[{"href":"https:\/\/gpdstore.net\/lv\/wp-json\/wp\/v2\/types\/product"}],"wp:featuredmedia":[{"embeddable":true,"href":"https:\/\/gpdstore.net\/lv\/wp-json\/wp\/v2\/media\/296307"}],"wp:attachment":[{"href":"https:\/\/gpdstore.net\/lv\/wp-json\/wp\/v2\/media?parent=295446"}],"wp:term":[{"taxonomy":"product_brand","embeddable":true,"href":"https:\/\/gpdstore.net\/lv\/wp-json\/wp\/v2\/product_brand?post=295446"},{"taxonomy":"product_cat","embeddable":true,"href":"https:\/\/gpdstore.net\/lv\/wp-json\/wp\/v2\/product_cat?post=295446"},{"taxonomy":"product_tag","embeddable":true,"href":"https:\/\/gpdstore.net\/lv\/wp-json\/wp\/v2\/product_tag?post=295446"},{"taxonomy":"woo-feed-brand","embeddable":true,"href":"https:\/\/gpdstore.net\/lv\/wp-json\/wp\/v2\/woo-feed-brand?post=295446"}],"curies":[{"name":"wp","href":"https:\/\/api.w.org\/{rel}","templated":true}]}}