{"id":276197,"date":"2024-01-23T16:43:06","date_gmt":"2024-01-23T16:43:06","guid":{"rendered":"https:\/\/gpdstore.net\/uncategorized\/gpd-win-4-2024-lte-modulis\/"},"modified":"2025-12-23T10:21:22","modified_gmt":"2025-12-23T10:21:22","slug":"gpd-win-4-lte-module","status":"publish","type":"product","link":"https:\/\/gpdstore.net\/lv\/product\/gpd-win-4-lte-module\/","title":{"rendered":"GPD WIN 4 2024 LTE modulis"},"content":{"rendered":"\n<p>LTE modulis port\u0101lam GPD WIN 4 2024 LTE modulis ir ofici\u0101ls GPD piederums, ko var uzst\u0101d\u012bt port\u0101la GPD WIN 4 2024 aizmugur\u0113. \u013bauj izveidot savienojumu ar visiem mobilajiem t\u012bkliem, lai var\u0113tu sp\u0113l\u0113t sp\u0113les kust\u012bb\u0101. Atbalsta 4G TD-LTE, FDD-LTE un 3G CDMA t\u012bklus, k\u0101 ar\u012b Nano-SIM kartes.  <\/p>\n","protected":false},"excerpt":{"rendered":"<ul>\n<li>Ofici\u0101lais <strong>GPD<\/strong> piederums<strong> GPD WIN 4 2024<\/strong><\/li>\n<li><strong>4G LTE<\/strong> modulis uzlabot\u0101m sp\u0113l\u0113m <strong>kust\u012bb\u0101<\/strong><\/li>\n<li>Atbalsta 4G TD-LTE, FDD-LTE un 3G CDMA t\u012bklus<\/li>\n<li>Nano-SIM kartes slots \u0113rtai savienojam\u012bbai<\/li>\n<li><strong>Viegla piestiprin\u0101\u0161ana<\/strong> pie GPD WIN 4 2024 aizmugur\u0113j\u0101s da\u013cas<\/li>\n<\/ul>\n[cg_accordion title=\"INFORM\u0100CIJA PAR MAKS\u0100JUMU\"]<\/p>\n<p>M\u0113s izmantojam jaun\u0101k\u0101s tehnolo\u0123ijas maks\u0101jumu apstr\u0101d\u0113, kas \u013cauj \u0101tri un dro\u0161i nor\u0113\u0137in\u0101ties, izmantojot Apple Pay, Google Pay, debetkarti\/kred\u012btkarti, PayPal vai BNPL metodes, piem\u0113ram, Klarna, Affirm vai AfterPay.[\/cg_accordion]\n[cg_accordion title=\"GARANTIJA\"]<\/p>\n<p>2 gadu garantija no <a href=\"https:\/\/droix.net\/\" target=\"_blank\" rel=\"nofollow noopener\">DROIX Global, lai<\/a> j\u016bs b\u016btu mier\u0101.[\/cg_accordion]\n[cg_accordion title=\"CENAS, NODOK\u013bI UN PIEG\u0100DE\"]<\/p>\n<p><strong><u>Piez\u012bme:<\/u><\/strong><\/p>\n<ul>\n<li>Amerikas Savienot\u0101s Valstis Klienti: Klientiem, kas ieg\u0101d\u0101jas preces, nor\u0101d\u012bt\u0101 cena neietver ne nodokli, ne nodevas. Atbild\u012bba par muito\u0161anu un saist\u012bto nodok\u013cu\/muitas nodok\u013cu nomaksu gulstas uz klientu pleciem. <\/li>\n<li>ES klienti: Atkar\u012bb\u0101 no j\u016bsu valsts, nor\u0101d\u012bt\u0101 cena ietver piem\u0113rojamo nodokli, kas var b\u016bt l\u012bdz 25%.<\/li>\n<li>Kan\u0101das klienti: Atkar\u012bb\u0101 no j\u016bsu provinces nor\u0101d\u012btaj\u0101 cen\u0101 ir iek\u013cauti piem\u0113rojamie nodok\u013ci, kas var ietvert 5% GST un papildu provinces p\u0101rdo\u0161anas nodokli (PST), saska\u0146oto p\u0101rdo\u0161anas nodokli (HST) vai Kvebekas p\u0101rdo\u0161anas nodokli (QST).<\/li>\n<\/ul>\n<p><strong>Tikai ES klientiem:<\/strong> Express DDP (pieg\u0101de ar samaks\u0101tu muitas nodokli). Tas noz\u012bm\u0113: <\/p>\n<ul>\n<li>Visas muitas nodevas un nodok\u013ci ir iek\u013cauti produkta lap\u0101 nor\u0101d\u012btaj\u0101 cen\u0101.<\/li>\n<li>Pieg\u0101des br\u012bd\u012b jums neb\u016bs j\u0101maks\u0101 papildu maksa.<\/li>\n<li>Retos gad\u012bjumos, kad rodas ar muitu saist\u012btas probl\u0113mas, m\u016bsu komanda j\u016bsu v\u0101rd\u0101 veiks muito\u0161anas procesu, lai nodro\u0161in\u0101tu netrauc\u0113tu pieg\u0101di.<\/li>\n<p>Svar\u012bga inform\u0101cija par atgrie\u0161anu:<\/p>\n<li>Ja nolemjat atgriezt pas\u016bt\u012bjumu vai piepras\u012bt atmaksu, l\u016bdzu, \u0146emiet v\u0113r\u0101, ka nodok\u013ci un nodevas, kas samaks\u0101ti j\u016bsu v\u0101rd\u0101 saska\u0146\u0101 ar DDP noteikumiem, nevar tikt atmaks\u0101ti.<\/li>\n<p>S\u012bk\u0101ku inform\u0101ciju skatiet m\u016bsu <a href=\"https:\/\/gpdstore.net\/lv\/terms-of-service\/\" target=\"_blank\" rel=\"nofollow noopener\">Noteikumos un nosac\u012bjumos<\/a>.\n<\/ul>\n<p>[\/cg_accordion]\n[cg_accordion title=\"KLIENTU ATBALSTS\"]<\/p>\n<p>Jums ir jaut\u0101jums? M\u0113s esam \u012bs\u0101 teksta att\u0101lum\u0101 no j\u016bsu jaut\u0101juma atrisin\u0101\u0161anas!<br \/>\n[\/cg_accordion]\n[cg_accordion title=\"KAS IEK\u013bAUTS\"]<\/p>\n<ul>\n<li>1x GPD WIN 4 LTE modulis<\/li>\n<\/ul>\n<p>[\/cg_accordion]\n","protected":false},"featured_media":276220,"template":"","meta":{"_acf_changed":false},"product_brand":[],"product_cat":[5400],"product_tag":[15819,6126],"woo-feed-brand":[5825],"class_list":{"0":"post-276197","1":"product","2":"type-product","3":"status-publish","4":"has-post-thumbnail","6":"product_cat-aksesuari","7":"product_tag-20xmsale-lv-2","8":"product_tag-gpd-win-4-accessory-lv-2","9":"product_shipping_class-standard","11":"pa_accessory-type-papildinajumi","12":"pa_brand-gpd","13":"woo-feed-brand-gpd-lv","15":"first","16":"outofstock","17":"sale","18":"taxable","19":"shipping-taxable","20":"purchasable","21":"product-type-variable","22":"has-default-attributes"},"acf":[],"aioseo_notices":[],"_links":{"self":[{"href":"https:\/\/gpdstore.net\/lv\/wp-json\/wp\/v2\/product\/276197","targetHints":{"allow":["GET"]}}],"collection":[{"href":"https:\/\/gpdstore.net\/lv\/wp-json\/wp\/v2\/product"}],"about":[{"href":"https:\/\/gpdstore.net\/lv\/wp-json\/wp\/v2\/types\/product"}],"wp:featuredmedia":[{"embeddable":true,"href":"https:\/\/gpdstore.net\/lv\/wp-json\/wp\/v2\/media\/276220"}],"wp:attachment":[{"href":"https:\/\/gpdstore.net\/lv\/wp-json\/wp\/v2\/media?parent=276197"}],"wp:term":[{"taxonomy":"product_brand","embeddable":true,"href":"https:\/\/gpdstore.net\/lv\/wp-json\/wp\/v2\/product_brand?post=276197"},{"taxonomy":"product_cat","embeddable":true,"href":"https:\/\/gpdstore.net\/lv\/wp-json\/wp\/v2\/product_cat?post=276197"},{"taxonomy":"product_tag","embeddable":true,"href":"https:\/\/gpdstore.net\/lv\/wp-json\/wp\/v2\/product_tag?post=276197"},{"taxonomy":"woo-feed-brand","embeddable":true,"href":"https:\/\/gpdstore.net\/lv\/wp-json\/wp\/v2\/woo-feed-brand?post=276197"}],"curies":[{"name":"wp","href":"https:\/\/api.w.org\/{rel}","templated":true}]}}