{"id":274578,"date":"2024-01-23T17:05:50","date_gmt":"2024-01-23T17:05:50","guid":{"rendered":"https:\/\/gpdstore.net\/uncategorized\/gpd-oculink-sff8611-kabelis-un-m-2-8612-adaptera-karte\/"},"modified":"2026-01-06T01:56:09","modified_gmt":"2026-01-06T01:56:09","slug":"gpd-oculink-sff8611-cable","status":"publish","type":"product","link":"https:\/\/gpdstore.net\/lv\/product\/gpd-oculink-sff8611-cable\/","title":{"rendered":"GPD OCuLink SFF8611 kabelis"},"content":{"rendered":"\n<h1 class=\"wp-block-heading\">GPD <strong>OCuLink SFF8611 kabelis: \u0100trdarb\u012bgu grafikas kar\u0161u savienojam\u012bbas virsotne<\/strong><\/h1>\n\n<h4 class=\"wp-block-heading\"><strong>Dodieties \u0101trgaitas datu p\u0101rs\u016bt\u012b\u0161anas ce\u013cojum\u0101 ar Oculink<\/strong><\/h4>\n\n<p>OCuLink SFF8611 kabelis izce\u013cas k\u0101 modern\u0101s tehnolo\u0123ijas br\u012bnums \u0101trgaitas datu p\u0101rraides un grafisko kar\u0161u savienojam\u012bbas jom\u0101. \u0160is progres\u012bvais produkts iemieso Oculink revolucion\u0101r\u0101s pieejas b\u016bt\u012bbu savienojam\u012bbas jom\u0101, izmantojot PCIe tehnolo\u0123ijas jaudu, lai pied\u0101v\u0101tu v\u0113l nebiju\u0161u \u0101trumu un veiktsp\u0113ju. \u0160\u012b kabe\u013cu kombin\u0101cija ir paredz\u0113ta tiem, kas atsak\u0101s samierin\u0101ties ar visu, kas ir maz\u0101k nek\u0101 lab\u0101kais, un t\u0101 ir j\u016bsu bi\u013cete uz datu p\u0101rs\u016bt\u012b\u0161anas \u0101trumu, kas agr\u0101k tika uzskat\u012bts par neiesp\u0113jamu.  <\/p>\n\n<h4 class=\"wp-block-heading\"><strong>Oculink: Revolucion\u0101rs savienojam\u012bbas risin\u0101jums<\/strong><\/h4>\n\n<p>\u0160\u012b produkta pamat\u0101 ir Oculink p\u0101rveidojo\u0161\u0101 tehnolo\u0123ija. Oculink ir \u0101trdarb\u012bgs interfeiss, kas \u012bpa\u0161i izstr\u0101d\u0101ts, lai savienotu grafikas kartes, piem\u0113ram, GPD G1 eGPU dokstaciju, ar galvenaj\u0101m ier\u012bc\u0113m, un ar to tiek aizs\u0101kta jauna savienojam\u012bbas \u0113ra. \u0160\u012b tehnolo\u0123ija atk\u0101pjas no ierastaj\u0101m metod\u0113m, izmantojot PCIe tehnolo\u0123iju, lai nodro\u0161in\u0101tu zibens\u0101tru datu p\u0101rs\u016bt\u012b\u0161anas \u0101trumu. Izmantojot Oculink, j\u016bs sa\u0146emat ne tikai kabeli, bet ar\u012b da\u013cu n\u0101kotnes, kas ir rad\u012bta, lai revolucion\u0101ri main\u012btu j\u016bsu datu mijiedarb\u012bbas pieredzi.<\/p>\n\n<h4 class=\"wp-block-heading\"><strong>Atbr\u012bvojiet nep\u0101rsp\u0113jamu datu p\u0101rs\u016bt\u012b\u0161anas \u0101trumu<\/strong><\/h4>\n\n<p>Iedom\u0101jieties, ka datu p\u0101rs\u016bt\u012b\u0161ana notiek ar \u0101trumu, kas neatbilst j\u016bsu gaid\u012btajam. OCuLink SFF8611 kabelis, izmantojot PCIe 4.0 un 5.0 paaudzes protokolu jaudu, nodro\u0161ina datu p\u0101rs\u016bt\u012b\u0161anas \u0101trumu l\u012bdz 16 GT\/s un 32 GT\/s katr\u0101 josl\u0101. \u0160\u0101ds \u0101trums \u013cauj tam \u0101tri un nevainojami apstr\u0101d\u0101t milz\u012bgus datu apjomus, iev\u0113rojami uzlabojot sist\u0113mas veiktsp\u0113ju un samazinot aizkav\u0113\u0161anos. Neatkar\u012bgi no t\u0101, vai esat profesion\u0101ls video redaktors, sp\u0113\u013cu entuziasts vai m\u0101ksl\u012bg\u0101 intelekta p\u0113tnieks, \u0161is produkts ir j\u016bsu v\u0101rti uz \u0101tras un efekt\u012bvas datu apstr\u0101des pasauli.   <\/p>\n\n<h4 class=\"wp-block-heading\"><strong>Maksim\u0101li palielin\u0101ts joslas platums un m\u0113rogojama veiktsp\u0113ja<\/strong><\/h4>\n\n<p>Viena no izcil\u0101kaj\u0101m OCuLink SFF8611 kabe\u013ca \u012bpa\u0161\u012bb\u0101m ir t\u0101 sp\u0113ja palielin\u0101t joslas platumu un nodro\u0161in\u0101t m\u0113rogojamu veiktsp\u0113ju. Nodro\u0161inot vienlaic\u012bgu datu p\u0101rs\u016bt\u012b\u0161anu pa vair\u0101k\u0101m josl\u0101m, tas nodro\u0161ina pieejam\u0101 joslas platuma efekt\u012bvu izmanto\u0161anu. \u0160\u012b m\u0113rogojam\u012bba ir \u012bpa\u0161i izdev\u012bga augstas klases grafikas lietojumprogramm\u0101m, atbalstot t\u0101das konfigur\u0101cijas k\u0101 SLI vai CrossFire un apmierinot veiktsp\u0113jas zi\u0146\u0101 vispras\u012bg\u0101ko lietot\u0101ju pras\u012bbas.  <\/p>\n\n<h4 class=\"wp-block-heading\"><strong>Kompakts dizains ar izcilu ener\u0123ijas p\u0101rvald\u012bbu<\/strong><\/h4>\n\n<p>Datortehnikas pasaul\u0113, kur vieta bie\u017ei vien ir \u013coti ierobe\u017eota, OCuLink SFF8611 kabe\u013ca kompaktais izm\u0113rs maina sp\u0113les noteikumus. Sal\u012bdzinot ar alternat\u012bv\u0101m savienojam\u012bbas iesp\u0113j\u0101m, piem\u0113ram, USB 4, tas pied\u0101v\u0101 racion\u0101l\u0101ku un m\u0113r\u0137tiec\u012bg\u0101ku savienojumu ar grafikas kart\u0113m, uzlabojot sist\u0113mas gaisa pl\u016bsmu un \u013caujot elast\u012bg\u0101k konfigur\u0113t aparat\u016bru. Turkl\u0101t t\u0101 uzlabot\u0101s ener\u0123ijas p\u0101rvald\u012bbas iesp\u0113jas gudri piel\u0101go ener\u0123ijas pat\u0113ri\u0146u atkar\u012bb\u0101 no darba slodzes, nodro\u0161inot v\u0113s\u0101ku un energoefekt\u012bv\u0101ku sist\u0113mu.  <\/p>\n\n<h4 class=\"wp-block-heading\"><strong>N\u0101kotnes savietojam\u012bba r\u012btdienas izaicin\u0101jumiem<\/strong><\/h4>\n\n<p>Ar OCuLink SFF8611 kabeli izmantojiet n\u0101kotnes pras\u012bb\u0101m atbilsto\u0161u savienojam\u012bbas risin\u0101jumu. T\u0101 atpaka\u013cejo\u0161\u0101 savietojam\u012bba ar iepriek\u0161\u0113j\u0101m PCIe paaudz\u0113m nodro\u0161ina nevainojamu savienojumu ar da\u017e\u0101d\u0101m gan vec\u0101m, gan jaun\u0101m ier\u012bc\u0113m. Tehnolo\u0123iju pasaulei att\u012bstoties, \u0161is izstr\u0101d\u0101jums ir priek\u0161\u0101, nodro\u0161inot, ka j\u016bsu ieguld\u012bjums \u0161odien turpin\u0101s sniegt v\u0113rt\u012bbu ar\u012b turpm\u0101kajos gados.  <\/p>\n\n<h4 class=\"wp-block-heading\"><strong>Secin\u0101jums: Jauna grafisko kar\u0161u savienojam\u012bbas \u0113ra<\/strong><\/h4>\n\n<p>OCuLink SFF8611 kabelis ir kas vair\u0101k nek\u0101 tikai produkts &#8211; tas ir apliecin\u0101jums inov\u0101ciju sp\u0113kam un nemit\u012bgai tiek\u0161an\u0101s p\u0113c izcil\u012bbas. Pied\u0101v\u0101jot neticami lielu datu p\u0101rs\u016bt\u012b\u0161anas \u0101trumu, uzlabotu joslas platumu, kompaktu formu, efekt\u012bvu ener\u0123ijas p\u0101rvald\u012bbu un n\u0101kotnes sader\u012bbu, tas ir izcils risin\u0101jums ikvienam, kas mekl\u0113 visaugst\u0101k\u0101 l\u012bme\u0146a veiktsp\u0113ju un uzticam\u012bbu. Raugoties n\u0101kotn\u0113, \u0161is produkts turpina ie\u0146emt l\u012bderpoz\u012bcijas, p\u0101rveidojot grafikas kar\u0161u savienojam\u012bbas ainavu un nodro\u0161inot neparastu skait\u013co\u0161anas pieredzi.  <\/p>\n\n<p><strong>Izmantojiet savienojam\u012bbas n\u0101kotni ar OCuLink SFF8611 kabeli. Pas\u016btiet tagad un speriet pirmo soli pasaul\u0113, kur \u0101trums, efektivit\u0101te un veiktsp\u0113ja nepaz\u012bst robe\u017eas! <\/strong><\/p>\n\n<h4 class=\"wp-block-heading\"><strong>OCuLink SFF8611 kabe\u013ca plusi:<\/strong><\/h4>\n\n<ul class=\"wp-block-list\">\n<li>Nepieredz\u0113ti \u0101trumi: Izmantojot PCIe 4.0 un 5.0 paaudzes protokolus, tas nodro\u0161ina datu p\u0101rs\u016bt\u012b\u0161anas \u0101trumu l\u012bdz 16 GT\/s un 32 GT\/s katr\u0101 josl\u0101, apsteidzot liel\u0101ko da\u013cu konkurentu.<\/li>\n\n\n\n<li>Uzlabots joslas platums un m\u0113rogojam\u012bba: Atbalsta vienlaic\u012bgu datu p\u0101rs\u016bt\u012b\u0161anu pa vair\u0101k\u0101m josl\u0101m, maksim\u0101li palielinot joslas platumu t\u0101d\u0101m pras\u012bg\u0101m lietojumprogramm\u0101m k\u0101 sp\u0113les vai m\u0101ksl\u012bg\u0101 intelekta p\u0113tniec\u012bba.<\/li>\n\n\n\n<li>Kompakts dizains un efekt\u012bva ener\u0123ijas p\u0101rvald\u012bba: Pied\u0101v\u0101 racionaliz\u0113tu grafikas kar\u0161u savienojumu, uzlabojot sist\u0113mas gaisa pl\u016bsmu un gudri piel\u0101gojot ener\u0123ijas pat\u0113ri\u0146u, lai nodro\u0161in\u0101tu efektivit\u0101ti.<\/li>\n\n\n\n<li>N\u0101kotnes sader\u012bba: Atpaka\u013cejo\u0161\u0101 sader\u012bba ar iepriek\u0161\u0113j\u0101m PCIe paaudz\u0113m, nodro\u0161inot ilgtermi\u0146a lietojam\u012bbu ar da\u017e\u0101d\u0101m ier\u012bc\u0113m.<\/li>\n\n\n\n<li>\u012apa\u0161a uzman\u012bba piev\u0113rsta grafisko kar\u0161u savienojam\u012bbai: At\u0161\u0137ir\u012bb\u0101 no USB 4, kas paredz\u0113ts da\u017e\u0101diem ier\u012b\u010du veidiem, tas nodro\u0161ina specializ\u0113tu, augstas veiktsp\u0113jas savienojam\u012bbu grafiskaj\u0101m kart\u0113m.<\/li>\n<\/ul>\n\n<h4 class=\"wp-block-heading\"><strong>OCuLink SFF8611 kabe\u013ca tr\u016bkumi:<\/strong><\/h4>\n\n<ul class=\"wp-block-list\">\n<li>Ierobe\u017eota univers\u0101l\u0101 daudzpus\u012bba: Tas nav tik univers\u0101ls k\u0101 USB 4, lai piesl\u0113gtu pla\u0161\u0101ku ier\u012b\u010du kl\u0101stu.<\/li>\n\n\n\n<li>Ba\u017eas par savietojam\u012bbu: Lai gan t\u0101s ir savietojamas ar cit\u0101m sist\u0113m\u0101m, ne visas sist\u0113mas var atbalst\u012bt jaun\u0101k\u0101s PCIe paaudzes, kas var ierobe\u017eot veiktsp\u0113ju.<\/li>\n<\/ul>\n","protected":false},"excerpt":{"rendered":"<ul>\n<li>Ofici\u0101lais GPD OCuLink kabelis<\/li>\n<li>Sader\u012bgs ar GPD G1 eGPU<\/li>\n<li>Adapteris ier\u012bc\u0113m bez OCuLink<\/li>\n<li>PCIe 4.0 un 5.0 paaudzes atbalsts<\/li>\n<li>\u0100trums l\u012bdz 16 GT\/s un 32 GT\/s katr\u0101 josl\u0101<\/li>\n<\/ul>\n[cg_accordion title=\"INFORM\u0100CIJA PAR MAKS\u0100JUMU\"]<\/p>\n<p>M\u0113s izmantojam jaun\u0101k\u0101s tehnolo\u0123ijas maks\u0101jumu apstr\u0101d\u0113, kas \u013cauj \u0101tri un dro\u0161i nor\u0113\u0137in\u0101ties, izmantojot Apple Pay, Google Pay, debetkarti\/kred\u012btkarti, PayPal vai BNPL metodes, piem\u0113ram, Klarna, Affirm vai AfterPay.[\/cg_accordion]\n[cg_accordion title=\"GARANTIJA\"]<\/p>\n<p>2 gadu garantija no <a href=\"https:\/\/droix.net\/\" target=\"_blank\" rel=\"nofollow noopener\">DROIX Global, lai<\/a> j\u016bs b\u016btu mier\u0101.[\/cg_accordion]\n[cg_accordion title=\"CENAS, NODOK\u013bI UN PIEG\u0100DE\"]<\/p>\n<p><strong><u>Piez\u012bme:<\/u><\/strong><\/p>\n<ul>\n<li>Amerikas Savienot\u0101s Valstis Klienti: Klientiem, kas ieg\u0101d\u0101jas preces, nor\u0101d\u012bt\u0101 cena neietver ne nodokli, ne nodevas. Atbild\u012bba par muito\u0161anu un saist\u012bto nodok\u013cu\/muitas nodok\u013cu nomaksu gulstas uz klientu pleciem. <\/li>\n<li>ES klienti: Atkar\u012bb\u0101 no j\u016bsu valsts, nor\u0101d\u012bt\u0101 cena ietver piem\u0113rojamo nodokli, kas var b\u016bt l\u012bdz 25%.<\/li>\n<li>Kan\u0101das klienti: Atkar\u012bb\u0101 no j\u016bsu provinces nor\u0101d\u012btaj\u0101 cen\u0101 ir iek\u013cauti piem\u0113rojamie nodok\u013ci, kas var ietvert 5% GST un papildu provinces p\u0101rdo\u0161anas nodokli (PST), saska\u0146oto p\u0101rdo\u0161anas nodokli (HST) vai Kvebekas p\u0101rdo\u0161anas nodokli (QST).<\/li>\n<\/ul>\n<p><strong>Tikai ES klientiem:<\/strong> Express DDP (pieg\u0101de ar samaks\u0101tu muitas nodokli). Tas noz\u012bm\u0113: <\/p>\n<ul>\n<li>Visas muitas nodevas un nodok\u013ci ir iek\u013cauti produkta lap\u0101 nor\u0101d\u012btaj\u0101 cen\u0101.<\/li>\n<li>Pieg\u0101des br\u012bd\u012b jums neb\u016bs j\u0101maks\u0101 papildu maksa.<\/li>\n<li>Retos gad\u012bjumos, kad rodas ar muitu saist\u012btas probl\u0113mas, m\u016bsu komanda j\u016bsu v\u0101rd\u0101 veiks muito\u0161anas procesu, lai nodro\u0161in\u0101tu netrauc\u0113tu pieg\u0101di.<\/li>\n<p>Svar\u012bga inform\u0101cija par atgrie\u0161anu:<\/p>\n<li>Ja nolemjat atgriezt pas\u016bt\u012bjumu vai piepras\u012bt atmaksu, l\u016bdzu, \u0146emiet v\u0113r\u0101, ka nodok\u013ci un nodevas, kas samaks\u0101ti j\u016bsu v\u0101rd\u0101 saska\u0146\u0101 ar DDP noteikumiem, nevar tikt atmaks\u0101ti.<\/li>\n<p>S\u012bk\u0101ku inform\u0101ciju skatiet m\u016bsu <a href=\"https:\/\/gpdstore.net\/lv\/terms-of-service\/\" target=\"_blank\" rel=\"nofollow noopener\">Noteikumos un nosac\u012bjumos<\/a>.\n<\/ul>\n<p>[\/cg_accordion]\n[cg_accordion title=\"KLIENTU ATBALSTS\"]<\/p>\n<p>Jums ir jaut\u0101jums? M\u0113s esam \u012bs\u0101 teksta att\u0101lum\u0101 no j\u016bsu jaut\u0101juma atrisin\u0101\u0161anas!<br \/>\n[\/cg_accordion]\n[cg_accordion title=\"KAS IEK\u013bAUTS\"]<\/p>\n<ul>\n<li>1x GPD OCuLink SFF8611 kabelis<\/li>\n<li>1x M.2 8612 adaptera karte <\/li>\n<\/ul>\n<p>[\/cg_accordion]\n","protected":false},"featured_media":1194143,"template":"","meta":{"_acf_changed":false},"product_brand":[],"product_cat":[5400],"product_tag":[14516,18534],"woo-feed-brand":[5825],"class_list":{"0":"post-274578","1":"product","2":"type-product","3":"status-publish","4":"has-post-thumbnail","6":"product_cat-aksesuari","7":"product_tag-8xmsale-lv","8":"product_tag-gpd-g1-accessory-lv","9":"product_shipping_class-low-end","10":"pa_accessory-type-kabeli","11":"woo-feed-brand-gpd-lv","13":"first","14":"instock","15":"sale","16":"taxable","17":"shipping-taxable","18":"purchasable","19":"product-type-simple"},"acf":[],"aioseo_notices":[],"_links":{"self":[{"href":"https:\/\/gpdstore.net\/lv\/wp-json\/wp\/v2\/product\/274578","targetHints":{"allow":["GET"]}}],"collection":[{"href":"https:\/\/gpdstore.net\/lv\/wp-json\/wp\/v2\/product"}],"about":[{"href":"https:\/\/gpdstore.net\/lv\/wp-json\/wp\/v2\/types\/product"}],"wp:featuredmedia":[{"embeddable":true,"href":"https:\/\/gpdstore.net\/lv\/wp-json\/wp\/v2\/media\/1194143"}],"wp:attachment":[{"href":"https:\/\/gpdstore.net\/lv\/wp-json\/wp\/v2\/media?parent=274578"}],"wp:term":[{"taxonomy":"product_brand","embeddable":true,"href":"https:\/\/gpdstore.net\/lv\/wp-json\/wp\/v2\/product_brand?post=274578"},{"taxonomy":"product_cat","embeddable":true,"href":"https:\/\/gpdstore.net\/lv\/wp-json\/wp\/v2\/product_cat?post=274578"},{"taxonomy":"product_tag","embeddable":true,"href":"https:\/\/gpdstore.net\/lv\/wp-json\/wp\/v2\/product_tag?post=274578"},{"taxonomy":"woo-feed-brand","embeddable":true,"href":"https:\/\/gpdstore.net\/lv\/wp-json\/wp\/v2\/woo-feed-brand?post=274578"}],"curies":[{"name":"wp","href":"https:\/\/api.w.org\/{rel}","templated":true}]}}