{"id":236322,"date":"2023-11-29T11:23:37","date_gmt":"2023-11-29T11:23:37","guid":{"rendered":"https:\/\/gpdstore.net\/uncategorized\/gpd-g1-2024-egpu-dokstacija\/"},"modified":"2026-03-27T11:14:02","modified_gmt":"2026-03-27T11:14:02","slug":"gpd-g1","status":"publish","type":"product","link":"https:\/\/gpdstore.net\/lv\/product\/gpd-g1\/","title":{"rendered":"GPD G1 (2024) eGPU dokstacija"},"content":{"rendered":"\n<figure class=\"wp-block-image aligncenter size-full\"><img decoding=\"async\" src=\"https:\/\/gpdstore.net\/wp-content\/uploads\/\" alt=\"GPD G1 2024 eGPU dokstacijas GPD G1 2024 att&#x113;ls ar AMD Radeon RX 7600M XT GPU, TGP Toggle sl&#x113;dzi un daudzpus&#x12B;gu savienojam&#x12B;bu. Ide&#x101;li piem&#x113;rots sp&#x113;l&#x113;t&#x101;jiem un profesion&#x101;&#x13C;iem. Pas&#x16B;tiet jau tagad, lai ieg&#x16B;tu revolucion&#x101;ras iesp&#x113;jas\" class=\"wp-image-1471\"\/><\/figure>\n\n<h2 class=\"wp-block-heading\"><strong>GPD G1 2024 eGPU dokstacija: Revolucion\u0101rs l\u0113ciens<\/strong><\/h2>\n\n<p>GPD G1 2024 eGPU dokstacija ir iev\u0113rojams solis uz priek\u0161u \u0101r\u0113jo grafikas procesoru pasaul\u0113. \u0160\u012b dokstacija, kas izstr\u0101d\u0101ta lietot\u0101jiem, kuriem nepiecie\u0161ama gan mobilit\u0101te, gan augstas veiktsp\u0113jas skait\u013co\u0161ana, no jauna nosaka eGPU nozares standartus. GPD G1 eGPU dokstacija, kas apr\u012bkota ar jaun\u0101kaj\u0101m tehnolo\u0123ij\u0101m, tostarp AMD Radeon RX 7600M XT grafikas karti, un inovat\u012bv\u0101m funkcij\u0101m, piem\u0113ram, TGP Toggle Switch, ir piem\u0113rota gan sp\u0113l\u0113t\u0101jiem, gan profesion\u0101\u013ciem. T\u0101 gludais un p\u0101rn\u0113s\u0101jamais dizains ne tikai uzlabo j\u016bsu darba vietu, bet ar\u012b nodro\u0161ina jaud\u012bgu veiktsp\u0113ju, lai kur j\u016bs atrastos. Ar GPD G1 izbaudiet izklaides un produktivit\u0101tes n\u0101kotni bez kompromisiem.<\/p>\n\n<figure class=\"wp-block-gallery has-nested-images columns-default is-cropped wp-block-gallery-1 is-layout-flex wp-block-gallery-is-layout-flex\">\n<figure class=\"wp-block-image size-large\"><img decoding=\"async\" data-id=\"1494\" src=\"https:\/\/gpdstore.net\/wp-content\/uploads\/\" alt=\"Att&#x113;l&#x101; redzama GPD G1 rokas ier&#x12B;ce, kas savienota ar WIN Max 2 kl&#x113;pjdatoru, un abas ier&#x12B;ces ir savienotas ar &#x101;r&#x113;jiem monitoriem, lai nodro&#x161;in&#x101;tu papla&#x161;in&#x101;tu displeja konfigur&#x101;ciju.\" class=\"wp-image-1494\"\/><\/figure>\n\n\n\n<figure class=\"wp-block-image size-large\"><img decoding=\"async\" data-id=\"1493\" src=\"https:\/\/gpdstore.net\/wp-content\/uploads\/\" alt=\"Att&#x113;l&#x101; redzama GPD G1 rokas ier&#x12B;ce, kas savienota ar WIN 4 kl&#x113;pjdatoru kop&#x101; ar &#x101;r&#x113;jiem monitoriem, t&#x101;d&#x113;j&#x101;di nodro&#x161;inot vair&#x101;ku displeju konfigur&#x101;ciju.\" class=\"wp-image-1493\"\/><\/figure>\n\n\n\n<figure class=\"wp-block-image size-large\"><img decoding=\"async\" data-id=\"1467\" src=\"https:\/\/gpdstore.net\/wp-content\/uploads\/\" alt=\"Att&#x113;l&#x101; redzama GPD G1 rokas ier&#x12B;ce, kas savienota ar GPD Pocket 3, un abas ier&#x12B;ces ir savienotas ar &#x101;r&#x113;jiem monitoriem vair&#x101;ku displeju konfigur&#x101;cij&#x101;.\" class=\"wp-image-1467\"\/><\/figure>\n\n\n\n<figure class=\"wp-block-image size-large\"><img decoding=\"async\" data-id=\"1464\" src=\"https:\/\/gpdstore.net\/wp-content\/uploads\/\" alt=\"GPD G1 2024 - gl&#x12B;ta rokas sp&#x113;&#x13C;u ier&#x12B;ce ar spilgtu displeju, ergonomisku vad&#x12B;bu un modernu dizainu.\" class=\"wp-image-1464\"\/><\/figure>\n\n\n\n<figure class=\"wp-block-image size-large\"><img fetchpriority=\"high\" decoding=\"async\" width=\"1000\" height=\"1000\" data-id=\"1465\" src=\"https:\/\/gpdstore.net\/wp-content\/uploads\/2024\/05\/GPD-G1_2024-USAGE-IMAGE-5.jpg\" alt=\"GPD G1 rokas ier&#x12B;ces att&#x113;ls, kas savienota ar kl&#x113;pjdatoru.\" class=\"wp-image-1465\" srcset=\"https:\/\/gpdstore.net\/wp-content\/uploads\/2024\/05\/GPD-G1_2024-USAGE-IMAGE-5.jpg 1000w, https:\/\/gpdstore.net\/wp-content\/uploads\/2024\/05\/GPD-G1_2024-USAGE-IMAGE-5-600x600.jpg 600w, https:\/\/gpdstore.net\/wp-content\/uploads\/2024\/05\/GPD-G1_2024-USAGE-IMAGE-5-150x150.jpg 150w, https:\/\/gpdstore.net\/wp-content\/uploads\/2024\/05\/GPD-G1_2024-USAGE-IMAGE-5-768x768.jpg 768w, https:\/\/gpdstore.net\/wp-content\/uploads\/2024\/05\/GPD-G1_2024-USAGE-IMAGE-5-990x990.jpg 990w, https:\/\/gpdstore.net\/wp-content\/uploads\/2024\/05\/GPD-G1_2024-USAGE-IMAGE-5-441x441.jpg 441w, https:\/\/gpdstore.net\/wp-content\/uploads\/2024\/05\/GPD-G1_2024-USAGE-IMAGE-5-100x100.jpg 100w\" sizes=\"(max-width: 1000px) 100vw, 1000px\" \/><\/figure>\n\n\n\n<figure class=\"wp-block-image size-large\"><img decoding=\"async\" data-id=\"1466\" src=\"https:\/\/gpdstore.net\/wp-content\/uploads\/\" alt=\"GPD G1 2024 eGPU dokstacija: AMD Radeon RX 7600M XT GPU, TGP Toggle Switch un daudzpus&#x12B;ga savienojam&#x12B;ba. Ide&#x101;li piem&#x113;rots sp&#x113;l&#x113;t&#x101;jiem un profesion&#x101;&#x13C;iem.\" class=\"wp-image-1466\"\/><\/figure>\n<\/figure>\n\n<div class=\"wp-block-columns is-layout-flex wp-container-core-columns-is-layout-28f84493 wp-block-columns-is-layout-flex\">\n<div class=\"wp-block-column is-layout-flow wp-block-column-is-layout-flow\" style=\"flex-basis:66.66%\">\n<figure class=\"wp-block-image size-full\"><img decoding=\"async\" src=\"https:\/\/gpdstore.net\/wp-content\/uploads\/\" alt=\"Att&#x113;l&#x101; redzama GPD G1 2024 eGPU dokstacija ar AMD Radeon RX 7600M XT GPU, TGP Toggle Switch un daudzveid&#x12B;g&#x101;m savienojam&#x12B;bas iesp&#x113;j&#x101;m. Ide&#x101;li piem&#x113;rots sp&#x113;l&#x113;t&#x101;jiem un profesion&#x101;&#x13C;iem, kas mekl&#x113; nep&#x101;rsp&#x113;jamu veiktsp&#x113;ju un elegantu dizainu.\" class=\"wp-image-995\"\/><\/figure>\n<\/div>\n\n\n\n<div class=\"wp-block-column is-layout-flow wp-block-column-is-layout-flow\" style=\"flex-basis:33.33%\">\n<h2 class=\"wp-block-heading has-text-align-left\"><strong>GPD G1 2024 &#8211;<\/strong> <strong><strong>Maz\u0101k\u0101 grafisko kar\u0161u papla\u0161in\u0101\u0161anas platforma <\/strong><\/strong> <\/h2>\n\n\n\n<p>eGPU dokstacija nosaka jaunus tehnolo\u0123iju standartus, pied\u0101v\u0101jot nep\u0101rsp\u0113jamu veiktsp\u0113ju, dizainu un funkcionalit\u0101ti. Pateicoties jaud\u012bgajam AMD Radeon RX 7600M XT GPU, inovat\u012bvajam TGP Toggle Switch un daudzpus\u012bgaj\u0101m savienojam\u012bbas iesp\u0113j\u0101m, tas ir lab\u0101kais risin\u0101jums sp\u0113l\u0113t\u0101jiem un profesion\u0101\u013ciem. Pas\u016btiet GPD G1 2024 eGPU dokstaciju jau \u0161odien un esiet starp pirmajiem, kas izm\u0113\u0123in\u0101s t\u0101s revolucion\u0101r\u0101s funkcijas. Speriet soli n\u0101kotn\u0113 ar GPD G1 &#8211; kur veiktsp\u0113ja satiekas ar p\u0101rn\u0113s\u0101jam\u012bbu. <\/p>\n<\/div>\n<\/div>\n\n<h2 class=\"wp-block-heading has-text-align-center\">N\u0101kam\u0101s paaudzes veiktsp\u0113jas kontrole: TGP un savienojam\u012bba sp\u0113c\u012bgiem lietot\u0101jiem<\/h2>\n\n<div class=\"wp-block-columns is-layout-flex wp-container-core-columns-is-layout-28f84493 wp-block-columns-is-layout-flex\">\n<div class=\"wp-block-column is-layout-flow wp-block-column-is-layout-flow\">\n<figure class=\"wp-block-image size-full is-resized\"><img decoding=\"async\" src=\"https:\/\/gpdstore.net\/wp-content\/uploads\/\" alt=\"GPD G1 2024 eGPU dokstacijas att&#x113;ls, kur&#x101; ir AMD Radeon RX 7600M XT GPU, TGP Toggle sl&#x113;dzis uzlabotai veiktsp&#x113;jas kontrolei un daudzpus&#x12B;ga savienojam&#x12B;ba. Ide&#x101;li piem&#x113;rots sp&#x113;l&#x113;t&#x101;jiem un profesion&#x101;&#x13C;iem. Pas&#x16B;tiet jau tagad, lai ieg&#x16B;tu revolucion&#x101;ras iesp&#x113;jas.\" class=\"wp-image-1510\" style=\"width:281px;height:auto\"\/><\/figure>\n\n\n\n<h3 class=\"wp-block-heading\"><strong>Klusais re\u017e\u012bms pret uzlabotu veiktsp\u0113ju: TGP p\u0101rsl\u0113dz\u0113js (60 W\/100 W) optimiz\u0113 j\u016bsu pieredzi.<\/strong><\/h3>\n\n\n\n<p>Ekskluz\u012bv\u0101 \u201cTGP p\u0101rsl\u0113g\u0161anas tausti\u0146\u0161\u201d, sp\u0113l\u0113jot sp\u0113les, var br\u012bvi p\u0101rsl\u0113gties starp kluso un veiktsp\u0113jas re\u017e\u012bmiem.<br\/>TGP p\u0101rsl\u0113g\u0161anas tausti\u0146\u0161 \u013cauj lietot\u0101jiem izv\u0113l\u0113ties starp kluso re\u017e\u012bmu (60 W TGP), lai nodro\u0161in\u0101tu maz\u0101ku troksni, un parasto re\u017e\u012bmu (100 W TGP), lai uzlabotu veiktsp\u0113ju, pied\u0101v\u0101jot elast\u012bbu, \u0146emot v\u0113r\u0101 lietot\u0101ju vajadz\u012bbas.<\/p>\n<\/div>\n\n\n\n<div class=\"wp-block-column is-layout-flow wp-block-column-is-layout-flow\">\n<figure class=\"wp-block-image size-full is-resized\"><img decoding=\"async\" src=\"https:\/\/gpdstore.net\/wp-content\/uploads\/\" alt=\"Att&#x113;ls GPD G1 2024 M.2 NVMe protokola Oculink SFF-8612 interfeisa adaptera kartei, kas pied&#x101;v&#x101; kompaktu papla&#x161;in&#x101;jumu grafiskaj&#x101;m kart&#x113;m \" class=\"wp-image-1507\" style=\"width:284px;height:auto\"\/><\/figure>\n\n\n\n<h3 class=\"wp-block-heading\"><strong>Oculink priek\u0161roc\u012bbas: K\u0101p\u0113c SFF-8612 interfeiss nodro\u0161ina lab\u0101ku joslas platumu eGPU procesoriem?<\/strong><\/h3>\n\n\n\n<p>ITX pamatplat\u0113m, piem\u0113ram, Z690I, parasti ir tr\u012bs M.2 interfeisi, no kuriem vienu var izmantot, lai pievienotu adaptera karti. P\u0113c tam var izmantot Oculink SF-8611 divportu kabeli, lai savienotu adaptera kartes Oculink SFF-8612 saskarni ar GPD G1 Oculink SFF-8612 saskarni.<\/p>\n<\/div>\n\n\n\n<div class=\"wp-block-column is-layout-flow wp-block-column-is-layout-flow\">\n<figure class=\"wp-block-image size-full is-resized\"><img decoding=\"async\" src=\"https:\/\/gpdstore.net\/wp-content\/uploads\/\" alt=\"GPD G1 2024 SFF-8612 interfeisa adaptera kartes att&#x113;ls - maz&#x101;k&#x101; grafisk&#x101;s kartes papla&#x161;in&#x101;&#x161;anas doka.\" class=\"wp-image-1508\" style=\"width:227px;height:auto\"\/><\/figure>\n\n\n\n<h3 class=\"wp-block-heading\"><strong>Pusaugstuma probl\u0113mas risin\u0101\u0161ana: gar\u0101 un \u012bs\u0101 kron\u0161teina izmanto\u0161ana grafisk\u0101s kartes uzst\u0101d\u012b\u0161anai<\/strong><\/h3>\n\n\n\n<p>ITX korpusiem piem\u0113rotas pusaugstuma grafikas kartes ir retums, un augstas veiktsp\u0113jas pusaugstuma grafikas kartes gandr\u012bz nepast\u0101v. T\u0101p\u0113c GPD G1 piesl\u0113g\u0161anai var uzst\u0101d\u012bt PCIe 3.0 x4 uz Oculink SFF-8612 saskarnes adaptera karti. Ilgo un \u012bso kron\u0161teinu var viegli nomain\u012bt.<\/p>\n\n\n\n<h3 class=\"wp-block-heading\"><strong><br\/><\/strong><\/h3>\n<\/div>\n<\/div>\n\n<h2 class=\"wp-block-heading\"><strong>Produkta p\u0101rskats<\/strong><\/h2>\n\n<p>GPD G1 2024 eGPU dokstacija iemieso tehnolo\u0123isko progresu un ergonomisku dizainu. AMD Radeon RX 7600M XT GPU un RDNA 3.0 arhitekt\u016bra nodro\u0161ina nep\u0101rsp\u0113jamu grafikas veiktsp\u0113ju, kas piem\u0113rota AAA sp\u0113l\u0113m l\u012bdz pat 4K iz\u0161\u0137irtsp\u0113j\u0101. \u0160\u012b ier\u012bce ir paredz\u0113ta da\u017e\u0101diem lietot\u0101jiem &#8211; no sp\u0113\u013cu entuziastiem, kas mekl\u0113 augstas klases veiktsp\u0113ju, l\u012bdz profesion\u0101\u013ciem, kuriem nepiecie\u0161ama skait\u013co\u0161anas jauda, atrodoties ce\u013c\u0101.<\/p>\n\n<figure class=\"wp-block-image size-full\"><img decoding=\"async\" src=\"https:\/\/gpdstore.net\/wp-content\/uploads\/\" alt=\"GPD G1 2024 eGPU dokstacijas stacijas ar AMD Radeon RX 7600M XT GPU, TGP p&#x101;rsl&#x113;dz&#x113;ju un  \" class=\"wp-image-1511\"\/><\/figure>\n\n<p>GPD G1 2024 eGPU dokstacija ar OcuLink un USB 4 savienojam\u012bbas iesp\u0113j\u0101m nodro\u0161ina izcilu daudzpus\u012bbu, atbalstot pla\u0161u portat\u012bvo sp\u0113\u013cu datoru un ier\u012b\u010du kl\u0101stu. T\u0101 kompakt\u0101 un viegl\u0101 konstrukcija, kuras izm\u0113ri ir tikai 22,5 \u00d7 11,1 \u00d7 3,0 cm un svars 920 g, nodro\u0161ina p\u0101rn\u0113s\u0101jam\u012bbu, nezaud\u0113jot veiktsp\u0113ju. Neatkar\u012bgi no t\u0101, vai atrodaties m\u0101j\u0101s vai ce\u013c\u0101, GPD G1 eGPU dokstacija atvieglo gan sp\u0113\u013cu sesijas, gan produktivit\u0101tes uzdevumus. Turkl\u0101t t\u0101s sader\u012bba ar ROG ALLY X papla\u0161ina t\u0101s lietojam\u012bbu vair\u0101k\u0101s sp\u0113\u013cu sist\u0113m\u0101s.<\/p>\n\n<figure class=\"wp-block-image aligncenter size-full\"><img decoding=\"async\" width=\"900\" height=\"559\" src=\"https:\/\/gpdstore.net\/wp-content\/uploads\/2024\/05\/3-1.png\" alt=\"GPD G1 eGPU izm&#x113;ri: Kompakts un ietilp&#x12B;gs, lai nodro&#x161;in&#x101;tu nevainojamu integr&#x101;ciju.\" class=\"wp-image-1512\" srcset=\"https:\/\/gpdstore.net\/wp-content\/uploads\/2024\/05\/3-1.png 900w, https:\/\/gpdstore.net\/wp-content\/uploads\/2024\/05\/3-1-600x373.png 600w, https:\/\/gpdstore.net\/wp-content\/uploads\/2024\/05\/3-1-768x477.png 768w, https:\/\/gpdstore.net\/wp-content\/uploads\/2024\/05\/3-1-320x200.png 320w, https:\/\/gpdstore.net\/wp-content\/uploads\/2024\/05\/3-1-360x224.png 360w, https:\/\/gpdstore.net\/wp-content\/uploads\/2024\/05\/3-1-441x274.png 441w, https:\/\/gpdstore.net\/wp-content\/uploads\/2024\/05\/3-1-150x93.png 150w\" sizes=\"(max-width: 900px) 100vw, 900px\" \/><\/figure>\n\n<h2 class=\"wp-block-heading\"><strong>Detaliz\u0113tas funkcijas<\/strong><\/h2>\n\n<p><strong>Veiktsp\u0113ja:<\/strong> GPD G1 2024 dokstacija ir apr\u012bkota ar AMD Radeon RX 7600M XT GPU ar 32 skait\u013co\u0161anas blokiem ar takt\u0113jumu l\u012bdz 2300 MHz un 8 GB GDDR6 atmi\u0146as. Ier\u012bc\u0113 ieb\u016bv\u0113tais 240 W GaN l\u0101d\u0113t\u0101js nodro\u0161ina pietiekamu jaudu ilgsto\u0161ai veiktsp\u0113jai. <\/p>\n\n<p><strong>Grafikas veiktsp\u0113ja:<\/strong> GPD G1 izcil\u0101s veiktsp\u0113jas pamat\u0101 ir t\u0101 GPU. Tas sp\u0113j darbin\u0101t sp\u0113les un lietojumprogrammas l\u012bdz pat 4K iz\u0161\u0137irtsp\u0113j\u0101, nodro\u0161inot spilgtu vizu\u0101lo t\u0113lu un pl\u016bsto\u0161u sp\u0113l\u0113\u0161anu, kas ir ide\u0101li piem\u0113rots AAA sada\u013c\u0101m. <\/p>\n\n<figure class=\"wp-block-image aligncenter size-full\"><img decoding=\"async\" src=\"https:\/\/gpdstore.net\/wp-content\/uploads\/\" alt=\"GPD G1 2024 eGPU dokstacijas GPD G1 2024 att&#x113;ls ar AMD Radeon RX 7600M XT GPU, TGP Toggle Switch un daudzpus&#x12B;g&#x101;m savienojam&#x12B;bas iesp&#x113;j&#x101;m. Ide&#x101;li piem&#x113;rots sp&#x113;l&#x113;t&#x101;jiem un profesion&#x101;&#x13C;iem. Pas&#x16B;tiet jau tagad, lai ieg&#x16B;tu revolucion&#x101;ras iesp&#x113;jas.\" class=\"wp-image-1505\"\/><\/figure>\n\n<h2 class=\"wp-block-heading\"><strong>Atjaunin\u0101ti HDMI un USB porti<\/strong><\/h2>\n\n<p>GPD G1 2024 eGPU modelis ir apr\u012bkots ar atjaunin\u0101tu HDMI 2.1 portu, kas atbalsta 4K 120 Hz iz\u0161\u0137irtsp\u0113ju, un USB 4 portu ar 65 W jaudu, kas uzlabo vizu\u0101lo kvalit\u0101ti un ier\u012b\u010du sader\u012bbu.<\/p>\n\n<h2 class=\"wp-block-heading\"><strong>Lietot\u0101ja pieredze<\/strong><\/h2>\n\n<p>GPD G1 no jauna defin\u0113 lietot\u0101ja pieredzi, pied\u0101v\u0101jot darbvirsmas l\u012bme\u0146a sp\u0113\u013cu veiktsp\u0113ju portat\u012bv\u0101 form\u0101t\u0101. Ar vair\u0101kiem USB portiem un HDMI un div\u0101m DisplayPort izej\u0101m lietot\u0101ji var izveidot aizraujo\u0161as sp\u0113\u013cu konfigur\u0101cijas vai produkt\u012bvas daudzuzdevumu vides. Ier\u012bces ergonomiskais dizains un vienk\u0101r\u0161ais iestat\u012b\u0161anas process nodro\u0161ina, ka lietot\u0101ji var s\u0101kt sp\u0113l\u0113t vai str\u0101d\u0101t da\u017eu min\u016b\u0161u laik\u0101.<\/p>\n\n<div class=\"wp-block-columns is-layout-flex wp-container-core-columns-is-layout-28f84493 wp-block-columns-is-layout-flex\">\n<div class=\"wp-block-column is-layout-flow wp-block-column-is-layout-flow\" style=\"flex-basis:100%\">\n<h2 class=\"wp-block-heading\"><strong>Secin\u0101jums<\/strong><\/h2>\n<\/div>\n<\/div>\n\n<p>GPD G1 2024 eGPU dokstacija ir tehnolo\u0123isko inov\u0101ciju l\u012bderis, apvienojot izcilu veiktsp\u0113ju, elegantu dizainu un izcilu funkcionalit\u0101ti. Apr\u012bkota ar iespaid\u012bgo AMD Radeon RX 7600M XT GPU un novatorisko TGP Toggle Switch, t\u0101 nodro\u0161ina daudzpus\u012bgas savienojam\u012bbas iesp\u0113jas un ir sader\u012bga ar ROG Ally. GPD G1 eGPU dokstacija ir iz\u0161\u0137iro\u0161\u0101 izv\u0113le tiem, kas tiecas sasniegt visaugst\u0101ko sp\u0113\u013cu un produktivit\u0101tes l\u012bmeni.  Ien\u0101ciet izklaides n\u0101kotn\u0113 ar ier\u012bci, kas atbr\u012bvo no parasto datoru ierobe\u017eojumiem.<\/p>\n\n<h2 class=\"wp-block-heading has-text-align-center\">Lab\u0101k\u0101s GPD G1 datorsp\u0113\u013cu rokas ier\u012bces GPD G1 sp\u0113l\u0113\u0161anai<\/h2>\n\n<p>GPD G1 2024 ir m\u016bsdien\u012bgs eGPU, kas iev\u0113rojami uzlabo sp\u0113\u013cu veiktsp\u0113ju da\u017e\u0101dos portat\u012bvajos datoros, padarot to par ide\u0101lu GPD Win Max 2 2024, Win 4 2024 un Win Mini 2024 piederumu. GPD Win Max 2 2024 var lepoties ar lielu 10,1 collu ekr\u0101nu, jaud\u012bgu Intel 12. paaudzes procesoru un pilna izm\u0113ra tastat\u016bru, pied\u0101v\u0101jot daudzpus\u012bgu risin\u0101jumu gan sp\u0113l\u0113m, gan produktivit\u0101tei. GPD Win 4 2024 ir kompakts dizains ar izvelkamu tastat\u016bru, un to darbina AMD Ryzen 7 7840U procesors, kas nodro\u0161ina perfektu l\u012bdzsvaru starp portativit\u0101ti un jaudu. GPD Win Mini 2024, jaun\u0101kais un maz\u0101kais no \u0161\u012bs l\u012bnijas, nodro\u0161ina iespaid\u012bgu veiktsp\u0113ju, pateicoties efekt\u012bvai konstrukcijai un augstas klases iek\u0161\u0113jiem komponentiem, padarot to par ide\u0101lu izv\u0113li sp\u0113l\u0113t\u0101jiem, kas dodas ce\u013c\u0101. Savienojum\u0101 ar GPD G1 2024 \u0161\u012bs ier\u012bces p\u0101rv\u0113r\u0161as par portat\u012bv\u0101m sp\u0113\u013cu jaud\u012bgaj\u0101m ier\u012bc\u0113m, kas sp\u0113j viegli apstr\u0101d\u0101t jaun\u0101kos AAA sp\u0113les un nodro\u0161in\u0101t nevainojamu, aizraujo\u0161u sp\u0113\u013cu pieredzi..    <\/p>\n","protected":false},"excerpt":{"rendered":"<ul>\n<li>GPU: AMD Radeon\u2122<strong> RX 7600M XT<\/strong> eGPU  <\/li>\n<li>KOMBATIBILIT\u0100TE:<strong> OCuLink, USB 4, Thunderbolt 3 un 4<\/strong><\/li>\n<li>OCULINK:<strong> PCI Express savienojam\u012bba<\/strong><\/li>\n<li>USB 4:<strong> l\u012bdz 40 Gbps<\/strong><\/li>\n<li>Paredz\u0113ts: <strong>GPD WIN<\/strong> MAX 2, WIN 4, WIN Mini, ROG Ally X  <\/li>\n<\/ul>\n[cg_accordion title=\"INFORM\u0100CIJA PAR MAKS\u0100JUMU\"]<\/p>\n<p>M\u0113s izmantojam jaun\u0101k\u0101s tehnolo\u0123ijas maks\u0101jumu apstr\u0101d\u0113, kas \u013cauj jums \u0101tri un dro\u0161i nor\u0113\u0137in\u0101ties, izmantojot debetkarti\/kred\u012btkarti vai PayPal.[\/cg_accordion]\n[cg_accordion title=\"GARANTIJA\"]<\/p>\n<p>2 gadu garantija no <a href=\"https:\/\/droix.net\/\" target=\"_blank\" rel=\"nofollow noopener\">DROIX Global, lai<\/a> j\u016bs b\u016btu mier\u0101.[\/cg_accordion]\n[cg_accordion title=\"KVALIT\u0100TES NODRO\u0160IN\u0100\u0160ANA UN PIRMSNOS\u016aT\u012a\u0160ANAS TEST\u0112\u0160ANA\"]<\/p>\n<p>Klientu apmierin\u0101t\u012bbas nodro\u0161in\u0101\u0161ana augst\u0101kaj\u0101 l\u012bmen\u012b: Katra ier\u012bce pirms nos\u016bt\u012b\u0161anas tiek r\u016bp\u012bgi test\u0113ta un p\u0101rbaud\u012bta vair\u0101kos kvalit\u0101tes nodro\u0161in\u0101\u0161anas punktos. M\u016bsu komanda p\u0101rbauda veiktsp\u0113ju, funkcionalit\u0101ti un komponentu integrit\u0101ti, lai garant\u0113tu, ka j\u016bsu GPD ier\u012bce ir ide\u0101l\u0101 darba k\u0101rt\u012bb\u0101, kad t\u0101 tiek pieg\u0101d\u0101ta, nodro\u0161inot jums p\u0101rliec\u012bbu un sirdsmieru. [\/cg_accordion]\n[cg_accordion title=\"CENAS, NODOK\u013bI UN PIEG\u0100DE\"]<\/p>\n<p><strong><u>Piez\u012bme:<\/u><\/strong><\/p>\n<ul>\n<li>Amerikas Savienot\u0101s Valstis Klienti: Klientiem, kas ieg\u0101d\u0101jas preces, nor\u0101d\u012bt\u0101 cena neietver ne nodokli, ne nodevas. Atbild\u012bba par muito\u0161anu un saist\u012bto nodok\u013cu\/muitas nodok\u013cu nomaksu gulstas uz klientu pleciem. <\/li>\n<li>ES klienti: Atkar\u012bb\u0101 no j\u016bsu valsts, nor\u0101d\u012bt\u0101 cena ietver piem\u0113rojamo nodokli, kas var b\u016bt l\u012bdz 25%.<\/li>\n<li>Kan\u0101das klienti: Atkar\u012bb\u0101 no j\u016bsu provinces nor\u0101d\u012btaj\u0101 cen\u0101 ir iek\u013cauti piem\u0113rojamie nodok\u013ci, kas var ietvert 5% GST un papildu provinces p\u0101rdo\u0161anas nodokli (PST), saska\u0146oto p\u0101rdo\u0161anas nodokli (HST) vai Kvebekas p\u0101rdo\u0161anas nodokli (QST).<\/li>\n<\/ul>\n<p><strong>Tikai ES klientiem:<\/strong> Express DDP (pieg\u0101de ar samaks\u0101tu muitas nodokli). Tas noz\u012bm\u0113: <\/p>\n<ul>\n<li>Visas muitas nodevas un nodok\u013ci ir iek\u013cauti produkta lap\u0101 nor\u0101d\u012btaj\u0101 cen\u0101.<\/li>\n<li>Pieg\u0101des br\u012bd\u012b jums neb\u016bs j\u0101maks\u0101 papildu maksa.<\/li>\n<li>Retos gad\u012bjumos, kad rodas ar muitu saist\u012btas probl\u0113mas, m\u016bsu komanda j\u016bsu v\u0101rd\u0101 veiks muito\u0161anas procesu, lai nodro\u0161in\u0101tu netrauc\u0113tu pieg\u0101di.<\/li>\n<p>Svar\u012bga inform\u0101cija par atgrie\u0161anu:<\/p>\n<li>Ja nolemjat atgriezt pas\u016bt\u012bjumu vai piepras\u012bt atmaksu, l\u016bdzu, \u0146emiet v\u0113r\u0101, ka nodok\u013ci un nodevas, kas samaks\u0101ti j\u016bsu v\u0101rd\u0101 saska\u0146\u0101 ar DDP noteikumiem, nevar tikt atmaks\u0101ti.<\/li>\n<p>S\u012bk\u0101ku inform\u0101ciju skatiet m\u016bsu <a href=\"https:\/\/droix.net\/terms-and-conditions\/\" target=\"_blank\" rel=\"nofollow noopener\">Noteikumos un nosac\u012bjumos<\/a>.\n<\/ul>\n<p>[\/cg_accordion]\n[cg_accordion title=\"KLIENTU ATBALSTS\"]<\/p>\n<p>Jums ir jaut\u0101jums? M\u0113s esam \u012bs\u0101 teksta att\u0101lum\u0101 no j\u016bsu jaut\u0101juma atrisin\u0101\u0161anas! <\/p>\n<p>S\u012bk\u0101ku inform\u0101ciju skatiet m\u016bsu <a href=\"https:\/\/gpdstore.net\/lv\/terms-of-service\/\" target=\"_blank\" rel=\"nofollow noopener\">Noteikumos un nosac\u012bjumos<\/a>.\n<\/ul>\n<p>[\/cg_accordion]\n[cg_accordion title=\"KAS IEK\u013bAUTS\"]<\/p>\n<ul>\n<li>1x GPD G1 2024<\/li>\n<li>1x baro\u0161anas adapteris<\/li>\n<li>1x C tipa USB kabelis<\/li>\n<li>1x lietot\u0101ja rokasgr\u0101mata<\/li>\n<\/ul>\n<p>[\/cg_accordion]\n","protected":false},"featured_media":238504,"template":"","meta":{"_acf_changed":false},"product_brand":[],"product_cat":[5400],"product_tag":[16300,5824],"woo-feed-brand":[5825],"class_list":{"0":"post-236322","1":"product","2":"type-product","3":"status-publish","4":"has-post-thumbnail","6":"product_cat-aksesuari","7":"product_tag-10xmsale-lv","8":"product_tag-gpd-g1-lv","9":"product_shipping_class-premium","10":"pa_brand-gpd","11":"pa_graphics-gpu-model-radeon-rx-7600m-xt-lv","12":"pa_i-o-video-1x-oculink-lv","13":"pa_i-o-video-izmantojot-1x-usb-4-0-type-c-40gb-s","14":"woo-feed-brand-gpd-lv","16":"first","17":"outofstock","18":"taxable","19":"shipping-taxable","20":"purchasable","21":"product-type-variable","22":"has-default-attributes"},"acf":[],"aioseo_notices":[],"_links":{"self":[{"href":"https:\/\/gpdstore.net\/lv\/wp-json\/wp\/v2\/product\/236322","targetHints":{"allow":["GET"]}}],"collection":[{"href":"https:\/\/gpdstore.net\/lv\/wp-json\/wp\/v2\/product"}],"about":[{"href":"https:\/\/gpdstore.net\/lv\/wp-json\/wp\/v2\/types\/product"}],"wp:featuredmedia":[{"embeddable":true,"href":"https:\/\/gpdstore.net\/lv\/wp-json\/wp\/v2\/media\/238504"}],"wp:attachment":[{"href":"https:\/\/gpdstore.net\/lv\/wp-json\/wp\/v2\/media?parent=236322"}],"wp:term":[{"taxonomy":"product_brand","embeddable":true,"href":"https:\/\/gpdstore.net\/lv\/wp-json\/wp\/v2\/product_brand?post=236322"},{"taxonomy":"product_cat","embeddable":true,"href":"https:\/\/gpdstore.net\/lv\/wp-json\/wp\/v2\/product_cat?post=236322"},{"taxonomy":"product_tag","embeddable":true,"href":"https:\/\/gpdstore.net\/lv\/wp-json\/wp\/v2\/product_tag?post=236322"},{"taxonomy":"woo-feed-brand","embeddable":true,"href":"https:\/\/gpdstore.net\/lv\/wp-json\/wp\/v2\/woo-feed-brand?post=236322"}],"curies":[{"name":"wp","href":"https:\/\/api.w.org\/{rel}","templated":true}]}}