{"id":218516,"date":"2023-03-24T15:25:19","date_gmt":"2023-03-24T15:25:19","guid":{"rendered":"https:\/\/gpdstore.net\/uncategorized\/gpd-win-4-ekrana-aizsargs\/"},"modified":"2025-12-23T10:34:06","modified_gmt":"2025-12-23T10:34:06","slug":"gpd-win-4-screen-protector","status":"publish","type":"product","link":"https:\/\/gpdstore.net\/lv\/product\/gpd-win-4-screen-protector\/","title":{"rendered":"GPD WIN 4 ekr\u0101na aizsargs"},"content":{"rendered":"\n<p>Iepaz\u012bstin\u0101m ar GPD Win 4 ekr\u0101na aizsargu &#8211; lielisku papildin\u0101jumu j\u016bsu rokas sp\u0113\u013cu datoram. Izgatavots no augstas kvalit\u0101tes materi\u0101liem, m\u016bsu ekr\u0101na aizsargs nodro\u0161ina izcilu aizsardz\u012bbu pret skr\u0101p\u0113jumiem, putek\u013ciem un citiem izplat\u012btiem apdraud\u0113jumiem, kas var saboj\u0101t j\u016bsu GPD Win 4. Ar prec\u012bziem izgriezumiem un perfektu piegulumu m\u016bsu ekr\u0101na aizsargpl\u0101ksne netrauc\u0113s j\u016bsu ier\u012bces sk\u0101rienu jut\u012bbu vai skaidr\u012bbu. T\u0101 \u012bpa\u0161i pl\u0101n\u0101 konstrukcija saglab\u0101 j\u016bsu p\u0101rn\u0113s\u0101jam\u0101 sp\u0113\u013cu datora ori\u0123in\u0101lo izskatu un saj\u016btu. Viegli uzst\u0101d\u0101ms un no\u0146emams, m\u016bsu ekr\u0101na aizsargs nodro\u0161ina, ka j\u016bsu GPD Win 4 paliek nevainojam\u0101 st\u0101vokl\u012b. Pas\u016btiet savu tagad!     <\/p>\n","protected":false},"excerpt":{"rendered":"<ul>\n<li>Izstr\u0101d\u0101ts <strong>GPD<\/strong><\/li>\n<li><strong>Sader\u012bgs ar<\/strong> <strong>GPD WIN 4<\/strong><\/li>\n<li>Aizsarg\u0101 pret skr\u0101p\u0113jumiem un putek\u013ciem<\/li>\n<li>Viegli uzst\u0101d\u0101ms un no\u0146emams<\/li>\n<li><strong>Augstas kvalit\u0101tes<\/strong> materi\u0101ls<\/li>\n<\/ul>\n[cg_accordion title=\"INFORM\u0100CIJA PAR MAKS\u0100JUMU\"]<\/p>\n<p>M\u0113s izmantojam jaun\u0101k\u0101s tehnolo\u0123ijas maks\u0101jumu apstr\u0101d\u0113, kas \u013cauj \u0101tri un dro\u0161i nor\u0113\u0137in\u0101ties, izmantojot Apple Pay, Google Pay, debetkarti\/kred\u012btkarti, PayPal vai BNPL metodes, piem\u0113ram, Klarna, Affirm vai AfterPay.[\/cg_accordion]\n[cg_accordion title=\"GARANTIJA\"]<\/p>\n<p>2 gadu garantija no <a href=\"https:\/\/droix.net\/\" target=\"_blank\" rel=\"nofollow noopener\">DROIX Global, lai<\/a> j\u016bs b\u016btu mier\u0101.[\/cg_accordion]\n[cg_accordion title=\"CENAS, NODOK\u013bI UN PIEG\u0100DE\"]<\/p>\n<p><strong><u>Piez\u012bme:<\/u><\/strong><\/p>\n<ul>\n<li>Amerikas Savienot\u0101s Valstis Klienti: Klientiem, kas ieg\u0101d\u0101jas preces, nor\u0101d\u012bt\u0101 cena neietver ne nodokli, ne nodevas. Atbild\u012bba par muito\u0161anu un saist\u012bto nodok\u013cu\/muitas nodok\u013cu nomaksu gulstas uz klientu pleciem. <\/li>\n<li>ES klienti: Atkar\u012bb\u0101 no j\u016bsu valsts, nor\u0101d\u012bt\u0101 cena ietver piem\u0113rojamo nodokli, kas var b\u016bt l\u012bdz 25%.<\/li>\n<li>Kan\u0101das klienti: Atkar\u012bb\u0101 no j\u016bsu provinces nor\u0101d\u012btaj\u0101 cen\u0101 ir iek\u013cauti piem\u0113rojamie nodok\u013ci, kas var ietvert 5% GST un papildu provinces p\u0101rdo\u0161anas nodokli (PST), saska\u0146oto p\u0101rdo\u0161anas nodokli (HST) vai Kvebekas p\u0101rdo\u0161anas nodokli (QST).<\/li>\n<\/ul>\n<p><strong>Tikai ES klientiem:<\/strong> Express DDP (pieg\u0101de ar samaks\u0101tu muitas nodokli). Tas noz\u012bm\u0113: <\/p>\n<ul>\n<li>Visas muitas nodevas un nodok\u013ci ir iek\u013cauti produkta lap\u0101 nor\u0101d\u012btaj\u0101 cen\u0101.<\/li>\n<li>Pieg\u0101des br\u012bd\u012b jums neb\u016bs j\u0101maks\u0101 papildu maksa.<\/li>\n<li>Retos gad\u012bjumos, kad rodas ar muitu saist\u012btas probl\u0113mas, m\u016bsu komanda j\u016bsu v\u0101rd\u0101 veiks muito\u0161anas procesu, lai nodro\u0161in\u0101tu netrauc\u0113tu pieg\u0101di.<\/li>\n<p>Svar\u012bga inform\u0101cija par atgrie\u0161anu:<\/p>\n<li>Ja nolemjat atgriezt pas\u016bt\u012bjumu vai piepras\u012bt atmaksu, l\u016bdzu, \u0146emiet v\u0113r\u0101, ka nodok\u013ci un nodevas, kas samaks\u0101ti j\u016bsu v\u0101rd\u0101 saska\u0146\u0101 ar DDP noteikumiem, nevar tikt atmaks\u0101ti.<\/li>\n<p>S\u012bk\u0101ku inform\u0101ciju skatiet m\u016bsu <a href=\"https:\/\/gpdstore.net\/lv\/terms-of-service\/\" target=\"_blank\" rel=\"nofollow noopener\">Noteikumos un nosac\u012bjumos<\/a>.\n<\/ul>\n<p>[\/cg_accordion]\n[cg_accordion title=\"KLIENTU ATBALSTS\"]<\/p>\n<p>Jums ir jaut\u0101jums? M\u0113s esam \u012bs\u0101 teksta att\u0101lum\u0101 no j\u016bsu jaut\u0101juma atrisin\u0101\u0161anas!<br \/>\n[\/cg_accordion]\n[cg_accordion title=\"KAS IEK\u013bAUTS\"]<\/p>\n<ul>\n<li>1x GPD WIN 4 ekr\u0101na aizsargs<\/li>\n<\/ul>\n<p>[\/cg_accordion]\n","protected":false},"featured_media":218554,"template":"","meta":{"_acf_changed":false},"product_brand":[],"product_cat":[5400],"product_tag":[6126],"woo-feed-brand":[5825],"class_list":{"0":"post-218516","1":"product","2":"type-product","3":"status-publish","4":"has-post-thumbnail","6":"product_cat-aksesuari","7":"product_tag-gpd-win-4-accessory-lv-2","8":"product_shipping_class-low-end","9":"pa_accessory-type-ekrana-aizsargs","10":"woo-feed-brand-gpd-lv","12":"first","13":"outofstock","14":"taxable","15":"shipping-taxable","16":"purchasable","17":"product-type-simple"},"acf":[],"aioseo_notices":[],"_links":{"self":[{"href":"https:\/\/gpdstore.net\/lv\/wp-json\/wp\/v2\/product\/218516","targetHints":{"allow":["GET"]}}],"collection":[{"href":"https:\/\/gpdstore.net\/lv\/wp-json\/wp\/v2\/product"}],"about":[{"href":"https:\/\/gpdstore.net\/lv\/wp-json\/wp\/v2\/types\/product"}],"wp:featuredmedia":[{"embeddable":true,"href":"https:\/\/gpdstore.net\/lv\/wp-json\/wp\/v2\/media\/218554"}],"wp:attachment":[{"href":"https:\/\/gpdstore.net\/lv\/wp-json\/wp\/v2\/media?parent=218516"}],"wp:term":[{"taxonomy":"product_brand","embeddable":true,"href":"https:\/\/gpdstore.net\/lv\/wp-json\/wp\/v2\/product_brand?post=218516"},{"taxonomy":"product_cat","embeddable":true,"href":"https:\/\/gpdstore.net\/lv\/wp-json\/wp\/v2\/product_cat?post=218516"},{"taxonomy":"product_tag","embeddable":true,"href":"https:\/\/gpdstore.net\/lv\/wp-json\/wp\/v2\/product_tag?post=218516"},{"taxonomy":"woo-feed-brand","embeddable":true,"href":"https:\/\/gpdstore.net\/lv\/wp-json\/wp\/v2\/woo-feed-brand?post=218516"}],"curies":[{"name":"wp","href":"https:\/\/api.w.org\/{rel}","templated":true}]}}