{"id":207705,"date":"2023-03-26T17:56:24","date_gmt":"2023-03-26T17:56:24","guid":{"rendered":"https:\/\/gpdstore.net\/uncategorized\/gpd-win-max-2021-spelu-rokas-dators\/"},"modified":"2025-12-23T10:33:14","modified_gmt":"2025-12-23T10:33:14","slug":"gpd-win-max-2021","status":"publish","type":"product","link":"https:\/\/gpdstore.net\/lv\/product\/gpd-win-max-2021\/","title":{"rendered":"GPD WIN MAX 2021 sp\u0113\u013cu rokas dators"},"content":{"rendered":"\n<p>GPD WIN MAX 2021 ir sp\u0113\u013cu ultragr\u0101mata, kas izstr\u0101d\u0101ta datorsp\u0113\u013cu sp\u0113l\u0113\u0161anai kust\u012bb\u0101. \u0160\u012b jaud\u012bg\u0101 ier\u012bce ir pieejama div\u0101s versij\u0101s &#8211; viena ar Intel\u00ae Core\u2122 i7-1195G7 procesoru un otra ar AMD Ryzen\u2122 7 4800U procesoru. Iz\u0146emot at\u0161\u0137ir\u012bg\u0101s procesora iesp\u0113jas, abas ier\u012bces versijas ir piln\u012bgi vien\u0101das.  <\/p>\n\n<p>GPD veikal\u0101 m\u0113s ar lepnumu pied\u0101v\u0101jam GPD WIN MAX 2021 tiem sp\u0113l\u0113t\u0101jiem, kuri v\u0113las augstas veiktsp\u0113jas datorsp\u0113\u013cu portat\u012bvo datoru, ko var \u0146emt l\u012bdzi jebkur. \u0160is ultrabook ir ide\u0101li piem\u0113rots sp\u0113l\u0113t\u0101jiem, kuri v\u0113las baud\u012bt savas iecien\u012bt\u0101k\u0101s sp\u0113les, atrodoties ce\u013c\u0101, nezaud\u0113jot veiktsp\u0113ju vai kvalit\u0101ti. <\/p>\n\n<p>GPD WIN MAX 2021 ir jaud\u012bgs sp\u0113\u013cu ultrabook, kas apr\u012bkots ar 8,0 collu IPS sk\u0101rienj\u016bt\u012bgo ekr\u0101nu ar 1280 x 800 pikse\u013cu iz\u0161\u0137irtsp\u0113ju. Ier\u012bcei ir integr\u0113ta Intel\u00ae Iris\u00ae Xe Graphics vai AMD Radeon\u2122 Graphics, t\u0101p\u0113c t\u0101 ir ide\u0101li piem\u0113rota darbam ar sare\u017e\u0123\u012bt\u0101m sp\u0113l\u0113m un lietojumprogramm\u0101m. <\/p>\n\n<p>Apstr\u0101des jaudas zi\u0146\u0101 GPD WIN MAX 2021 ir pieejams ar Intel\u00ae Core\u2122 i7-1195G7 procesoru vai AMD Ryzen\u2122 7 4800U procesoru. \u0160ie jaud\u012bgie procesori nodro\u0161ina, ka ier\u012bce bez gr\u016bt\u012bb\u0101m var apstr\u0101d\u0101t pat vispras\u012bg\u0101k\u0101s sp\u0113les un lietojumprogrammas. <\/p>\n\n<p>GPD WIN MAX 2021 ir ar\u012b apr\u012bkots ar 16 GB LPDDR4X 4266 MT\/s RAM un 1 TB M.2 NVMe SSD atmi\u0146u, kas nodro\u0161ina pietiekami daudz vietas sp\u0113\u013cu un citu datu glab\u0101\u0161anai. Ier\u012bcei ir ar\u012b da\u017e\u0101das porti, tostarp C tipa USB ports, USB 3.0 ports, HDMI ports un 3,5 mm austi\u0146u ligzda.  <\/p>\n\n<p>Viena no GPD WIN MAX 2021 izcil\u0101kaj\u0101m \u012bpa\u0161\u012bb\u0101m ir t\u0101 kompaktais izm\u0113rs. Neskatoties uz to, ka ier\u012bce ir jaud\u012bgs ultrabook, t\u0101s izm\u0113ri ir tikai 8,5 x 5,7 x 1,1 collas, un t\u0101 sver tikai 1,5 kg. Tas \u013cauj to \u0113rti pa\u0146emt l\u012bdzi, lai kurp j\u016bs dotos, neatkar\u012bgi no t\u0101, vai ce\u013cojat vai vienk\u0101r\u0161i v\u0113laties baud\u012bt savas iecien\u012bt\u0101k\u0101s sp\u0113les, s\u0113\u017eot uz d\u012bv\u0101na.  <\/p>\n\n<p>GPD WIN MAX 2021 ir ar\u012b ieb\u016bv\u0113ts sp\u0113\u013cu kontrolieris ar D-pad, analogaj\u0101m st\u012bp\u0101m un sl\u0113d\u017ea pog\u0101m. Tas atvieglo iecien\u012bt\u0101ko sp\u0113\u013cu sp\u0113l\u0113\u0161anu, nepievienojot \u0101r\u0113jo kontrolieri. Ier\u012bcei ir ar\u012b pilna QWERTY tastat\u016bra, kas atvieglo rakst\u012b\u0161anu un navig\u0101ciju izv\u0113ln\u0113s.  <\/p>\n\n<p>M\u0113s uzskat\u0101m, ka GPD veikal\u0101 GPD WIN MAX 2021 ir ide\u0101ls ultrabook dators sp\u0113l\u0113t\u0101jiem, kuri v\u0113las augstas veiktsp\u0113jas sp\u0113\u013cu datoru, ko var \u0146emt l\u012bdzi jebkur. \u0160\u012b jaud\u012bg\u0101 ier\u012bce ir ide\u0101li piem\u0113rota sp\u0113l\u0113t\u0101jiem, kuri v\u0113las baud\u012bt savas iecien\u012bt\u0101k\u0101s sp\u0113les, atrodoties ce\u013c\u0101, nezaud\u0113jot veiktsp\u0113ju vai kvalit\u0101ti. <\/p>\n\n<p>Neatkar\u012bgi no t\u0101, vai esat parasts sp\u0113l\u0113t\u0101js, vai hardcore sp\u0113l\u0113t\u0101js, GPD WIN MAX 2021 ir ide\u0101li piem\u0113rota ier\u012bce jums. Pateicoties jaud\u012bgajam procesoram, augstas kvalit\u0101tes grafikai un kompaktajam izm\u0113ram, tas ir ide\u0101ls ultrabook dators datorsp\u0113\u013cu sp\u0113l\u0113\u0161anai ce\u013c\u0101. Tad k\u0101p\u0113c gaid\u012bt? Apmekl\u0113jiet GPD veikalu jau \u0161odien un ieg\u0101d\u0101jieties GPD WIN MAX 2021.   <\/p>\n","protected":false},"excerpt":{"rendered":"<ul>\n<li>AMD <strong>Ryzen 7 6800U<\/strong> @2.7GHz TDP 15-28W<\/li>\n<li>AMD Radeon 680M <strong>12 CU @2200 MHz<\/strong><\/li>\n<li><strong>l\u012bdz 32 GB LPDDR5-6400 MT\/s<\/strong><\/li>\n<li><strong>l\u012bdz 2 TB<\/strong> \u0101trgaitas PCI-E <strong>NVMe<\/strong> SSD<\/li>\n<li>WiFi 6 un Bluetooth <strong>5.2<\/strong> atbalsts  <\/li>\n<\/ul>\n<p> [cg_accordion title=\"INFORM\u0100CIJA PAR MAKS\u0100JUMU\"] M\u0113s izmantojam jaun\u0101k\u0101s tehnolo\u0123ijas maks\u0101jumu apstr\u0101d\u0113, kas \u013cauj \u0101tri un dro\u0161i nor\u0113\u0137in\u0101ties, izmantojot Apple Pay, Google Pay, debetkarti\/kred\u012btkarti, PayPal vai BNPL metodes, piem\u0113ram, Klarna, Affirm vai AfterPay.[\/cg_accordion] [cg_accordion title=\"GARANTIJA\"] 2 gadu garantija no <a href=\"https:\/\/droix.net\/\" target=\"_blank\" rel=\"nofollow noopener\">DROIX Global<\/a> j\u016bsu sirdsmieram.[\/cg_accordion] [cg_accordion title=\"PRICING, TAXES AND SHIPPING\"] <strong><br \/>\n  <u>Piez\u012bme:<\/u><br \/>\n<\/strong><\/p>\n<ul>\n<li>Amerikas Savienot\u0101s Valstis Klienti: Klientiem, kas ieg\u0101d\u0101jas preces, nor\u0101d\u012bt\u0101 cena neietver ne nodokli, ne nodevas. Atbild\u012bba par muito\u0161anu un saist\u012bto nodok\u013cu\/muitas nodok\u013cu nomaksu gulstas uz klientu pleciem. <\/li>\n<li>ES klienti: Atkar\u012bb\u0101 no j\u016bsu valsts, nor\u0101d\u012bt\u0101 cena ietver piem\u0113rojamo nodokli, kas var b\u016bt l\u012bdz 25%.<\/li>\n<li>Kan\u0101das klienti: Atkar\u012bb\u0101 no j\u016bsu provinces nor\u0101d\u012btaj\u0101 cen\u0101 ir iek\u013cauti piem\u0113rojamie nodok\u013ci, kas var ietvert 5% GST un papildu provinces p\u0101rdo\u0161anas nodokli (PST), saska\u0146oto p\u0101rdo\u0161anas nodokli (HST) vai Kvebekas p\u0101rdo\u0161anas nodokli (QST).<\/li>\n<\/ul>\n<p><strong>Tikai ES klientiem:<\/strong> Express DDP (pieg\u0101de ar samaks\u0101tu muitas nodokli). Tas noz\u012bm\u0113: <\/p>\n<ul>\n<li style=\"list-style-type: none;\">\n<ul>\n<li>Visas muitas nodevas un nodok\u013ci ir iek\u013cauti produkta lap\u0101 nor\u0101d\u012btaj\u0101 cen\u0101.<\/li>\n<li>Pieg\u0101des br\u012bd\u012b jums neb\u016bs j\u0101maks\u0101 papildu maksa.<\/li>\n<li>Retos gad\u012bjumos, kad rodas ar muitu saist\u012btas probl\u0113mas, m\u016bsu komanda j\u016bsu v\u0101rd\u0101 veiks muito\u0161anas procesu, lai nodro\u0161in\u0101tu netrauc\u0113tu pieg\u0101di.<\/li>\n<p>Svar\u012bga inform\u0101cija par atgrie\u0161anu:<\/p>\n<li>Ja nolemjat atgriezt pas\u016bt\u012bjumu vai piepras\u012bt atmaksu, l\u016bdzu, \u0146emiet v\u0113r\u0101, ka nodok\u013ci un nodevas, kas samaks\u0101ti j\u016bsu v\u0101rd\u0101 saska\u0146\u0101 ar DDP noteikumiem, nevar tikt atmaks\u0101ti.<\/li>\n<p>L\u016bdzu, skatiet m\u016bsu<\/ul>\n<\/li>\n<\/ul>\n<p><a href=\"https:\/\/gpdstore.net\/lv\/terms-of-service\/\" target=\"_blank\" rel=\"nofollow noopener\">Noteikumi un nosac\u012bjumi<\/a><\/p>\n<ul>s\u012bk\u0101ku inform\u0101ciju.<\/ul>\n<p>[\/cg_accordion] [cg_accordion title=\"KLIENTU ATBALSTS\"]  Jums ir jaut\u0101jums? M\u0113s esam \u012bs\u0101 teksta att\u0101lum\u0101 no j\u016bsu jaut\u0101juma atrisin\u0101\u0161anas!   [\/cg_accordion] [cg_accordion title=\"WHAT'S INCLUDED\"]<\/p>\n<ul>\n<li>1x GPD WIN MAX 2021<\/li>\n<li>1x baro\u0161anas adapteris<\/li>\n<li>1x C tipa USB kabelis<\/li>\n<li>1x lietot\u0101ja rokasgr\u0101mata<\/li>\n<\/ul>\n<p>[\/cg_accordion]<\/p>\n","protected":false},"featured_media":207706,"template":"","meta":{"_acf_changed":false},"product_brand":[],"product_cat":[17626],"product_tag":[9173],"woo-feed-brand":[5825],"class_list":{"0":"post-207705","1":"product","2":"type-product","3":"status-publish","4":"has-post-thumbnail","6":"product_cat-gpd-rokas-dators-spelem","7":"product_tag-gpd-win-max-lv","8":"product_shipping_class-premium","9":"pa_bluetooth-5-lv","10":"pa_bluetooth-5-2-lv","11":"pa_display-type-h-ips-lv","12":"pa_graphics-gpu-model-intel-iris-xe-grafika-lv","13":"pa_graphics-gpu-model-radeon-graphics-lv","14":"pa_i-o-video-1x-hdmi-2-0b-lv","15":"pa_memory-ram-capacity-16-gb-lv","16":"pa_memory-ram-technology-lpddr4x-lv","17":"pa_processor-cpu-model-amd-ryzen-7-4800u","18":"pa_processor-cpu-model-intel-core-i7-1195g7","19":"pa_storage-capacity-1-tb-lv","20":"pa_wi-fi-wi-fi-6-lv","21":"woo-feed-brand-gpd-lv","23":"first","24":"outofstock","25":"sale","26":"taxable","27":"shipping-taxable","28":"purchasable","29":"product-type-variable","30":"has-default-attributes"},"acf":[],"aioseo_notices":[],"_links":{"self":[{"href":"https:\/\/gpdstore.net\/lv\/wp-json\/wp\/v2\/product\/207705","targetHints":{"allow":["GET"]}}],"collection":[{"href":"https:\/\/gpdstore.net\/lv\/wp-json\/wp\/v2\/product"}],"about":[{"href":"https:\/\/gpdstore.net\/lv\/wp-json\/wp\/v2\/types\/product"}],"wp:featuredmedia":[{"embeddable":true,"href":"https:\/\/gpdstore.net\/lv\/wp-json\/wp\/v2\/media\/207706"}],"wp:attachment":[{"href":"https:\/\/gpdstore.net\/lv\/wp-json\/wp\/v2\/media?parent=207705"}],"wp:term":[{"taxonomy":"product_brand","embeddable":true,"href":"https:\/\/gpdstore.net\/lv\/wp-json\/wp\/v2\/product_brand?post=207705"},{"taxonomy":"product_cat","embeddable":true,"href":"https:\/\/gpdstore.net\/lv\/wp-json\/wp\/v2\/product_cat?post=207705"},{"taxonomy":"product_tag","embeddable":true,"href":"https:\/\/gpdstore.net\/lv\/wp-json\/wp\/v2\/product_tag?post=207705"},{"taxonomy":"woo-feed-brand","embeddable":true,"href":"https:\/\/gpdstore.net\/lv\/wp-json\/wp\/v2\/woo-feed-brand?post=207705"}],"curies":[{"name":"wp","href":"https:\/\/api.w.org\/{rel}","templated":true}]}}