{"id":206319,"date":"2023-03-26T17:49:20","date_gmt":"2023-03-26T17:49:20","guid":{"rendered":"https:\/\/gpdstore.net\/uncategorized\/biwin-2230-nvme-kratuve\/"},"modified":"2025-12-23T10:31:08","modified_gmt":"2025-12-23T10:31:08","slug":"biwin-2230-nvme-storage","status":"publish","type":"product","link":"https:\/\/gpdstore.net\/lv\/product\/biwin-2230-nvme-storage\/","title":{"rendered":"BiWin 2230 NVMe kr\u0101tuve"},"content":{"rendered":"\n<p>Vai mekl\u0113jat augstas veiktsp\u0113jas kr\u0101tuves atjaunin\u0101jumu savam GPD WIN MAX 2 vai Valve Steam Deck? Mekl\u0113jiet tikai BiWin 22*30 PCI-e NVMe SSD! \u0160is kompaktais, bet jaud\u012bgais SSD ir izstr\u0101d\u0101ts, lai nodro\u0161in\u0101tu zibens\u0101tru las\u012b\u0161anas un rakst\u012b\u0161anas \u0101trumu, nodro\u0161inot, ka j\u016bsu iecien\u012bt\u0101k\u0101s sp\u0113les un lietojumprogrammas iel\u0101d\u0113jas \u0101tri un darbojas bez trauc\u0113jumiem.  <\/p>\n\n<p>BiWin 22*30 ir viens no maz\u0101kajiem NVMe SSD diskdzi\u0146iem tirg\u016b, kura izm\u0113ri ir tikai 22 mm x 30 mm. Ta\u010du ne\u013caujiet t\u0101 kompaktajam izm\u0113ram j\u016bs maldin\u0101t &#8211; \u0161is SSD ir nopietns sp\u0113ks! T\u0101 las\u012b\u0161anas \u0101trums ir l\u012bdz 3500 MB\/s un rakst\u012b\u0161anas \u0101trums &#8211; l\u012bdz 3000 MB\/s, t\u0101p\u0113c tas ir vair\u0101k nek\u0101 sp\u0113j\u012bgs tikt gal\u0101 pat ar vispras\u012bg\u0101kaj\u0101m sp\u0113l\u0113m un lietojumprogramm\u0101m.  <\/p>\n\n<p>Viena no liel\u0101kaj\u0101m BiWin<em>2230<\/em>priek\u0161roc\u012bb\u0101m<em>ir t\u0101 sader\u012bba gan ar GPD WIN MAX 2, gan ar Valve Steam Deck. Ja v\u0113laties uzlabot jebkuras no \u0161\u012bm ier\u012bc\u0113m atmi\u0146u, BiWin 2230 ir lieliska izv\u0113le<\/em>. Vienk\u0101r\u0161i uzst\u0101diet SSD ier\u012bc\u0113 NVMe slot\u0101, un viss ir gatavs darbam! <\/p>\n\n<p>V\u0113l viena BiWin 22*30 priek\u0161roc\u012bba ir t\u0101 savietojam\u012bba ar da\u017e\u0101d\u0101m oper\u0113t\u0101jsist\u0113m\u0101m, tostarp Windows, Linux un macOS. Tas padara to par daudzpus\u012bgu izv\u0113li ikvienam, kas v\u0113las atjaunin\u0101t savu kr\u0101tuvi neatkar\u012bgi no izmantot\u0101s sist\u0113mas. <\/p>\n\n<p>Protams, viena no lab\u0101kaj\u0101m viet\u0101m, kur ieg\u0101d\u0101ties BiWin 22*30, ir GPD veikals. GPD veikals ir vado\u0161ais GPD produktu mazumtirgot\u0101js, t\u0101p\u0113c tas ir ide\u0101la vieta, kur atrast visus nepiecie\u0161amos piederumus un uzlabojumus, lai GPD WIN MAX 2 vai Steam Deck izmantotu maksim\u0101li efekt\u012bvi. Pateicoties \u0101trai pieg\u0101dei, lielisk\u0101m cen\u0101m un augst\u0101k\u0101s klases klientu apkalpo\u0161anai, j\u016bs varat dro\u0161i iepirkties, zinot, ka sa\u0146emat vislab\u0101ko iesp\u0113jamo pied\u0101v\u0101jumu.  <\/p>\n\n<p>T\u0101tad, ja jums ir nepiecie\u0161ams augstas veiktsp\u0113jas NVMe SSD jaunin\u0101jums GPD WIN MAX 2 vai Steam Deck, mekl\u0113jiet tikai BiWin 22*30. T\u0101 kompaktie izm\u0113ri, zibens\u0101trums un pla\u0161\u0101 sader\u012bba ir ide\u0101la izv\u0113le ikvienam, kas v\u0113las pacelt savu sp\u0113\u013cu un datora lieto\u0161anas pieredzi jaun\u0101 l\u012bmen\u012b. Un ar GPD veikalu, kas atrodas tikai viena klik\u0161\u0137a att\u0101lum\u0101, v\u0113l nekad nav bijis viegl\u0101k ieg\u0101d\u0101ties produktus, kas jums nepiecie\u0161ami pan\u0101kumu g\u016b\u0161anai!  <\/p>\n","protected":false},"excerpt":{"rendered":"<ul>\n<li>Sader\u012bgs ar v\u0101rstu Steam Deck, GPD WIN Max 2, GPD WIN 4.<\/li>\n<li>L\u012bdz 3200 MB\/s las\u012b\u0161anai | 2600 MB\/s rakst\u012b\u0161anai<\/li>\n<li>0,107 ms las\u012b\u0161anas aizture | 0,109 ms rakst\u012b\u0161anas aizture<\/li>\n<li>Atkritumu sav\u0101k\u0161anas, TRIM un Modern Standby atbalsts<\/li>\n<\/ul>\n[cg_accordion title=\"INFORM\u0100CIJA PAR MAKS\u0100JUMU\"]<\/p>\n<p>M\u0113s izmantojam jaun\u0101k\u0101s tehnolo\u0123ijas maks\u0101jumu apstr\u0101d\u0113, kas \u013cauj \u0101tri un dro\u0161i nor\u0113\u0137in\u0101ties, izmantojot Apple Pay, Google Pay, debetkarti\/kred\u012btkarti, PayPal vai BNPL metodes, piem\u0113ram, Klarna, Affirm vai AfterPay.[\/cg_accordion]\n[cg_accordion title=\"GARANTIJA\"]<\/p>\n<p>2 gadu garantija no <a href=\"https:\/\/droix.net\/\" target=\"_blank\" rel=\"nofollow noopener\">DROIX Global, lai<\/a> j\u016bs b\u016btu mier\u0101.[\/cg_accordion]\n[cg_accordion title=\"CENAS, NODOK\u013bI UN PIEG\u0100DE\"]<\/p>\n<p><strong><u>Piez\u012bme:<\/u><\/strong><\/p>\n<ul>\n<li>Amerikas Savienot\u0101s Valstis Klienti: Klientiem, kas ieg\u0101d\u0101jas preces, nor\u0101d\u012bt\u0101 cena neietver ne nodokli, ne nodevas. Atbild\u012bba par muito\u0161anu un saist\u012bto nodok\u013cu\/muitas nodok\u013cu nomaksu gulstas uz klientu pleciem. <\/li>\n<li>ES klienti: Atkar\u012bb\u0101 no j\u016bsu valsts, nor\u0101d\u012bt\u0101 cena ietver piem\u0113rojamo nodokli, kas var b\u016bt l\u012bdz 25%.<\/li>\n<li>Kan\u0101das klienti: Atkar\u012bb\u0101 no j\u016bsu provinces nor\u0101d\u012btaj\u0101 cen\u0101 ir iek\u013cauti piem\u0113rojamie nodok\u013ci, kas var ietvert 5% GST un papildu provinces p\u0101rdo\u0161anas nodokli (PST), saska\u0146oto p\u0101rdo\u0161anas nodokli (HST) vai Kvebekas p\u0101rdo\u0161anas nodokli (QST).<\/li>\n<\/ul>\n<p><strong>Tikai ES klientiem:<\/strong> Express DDP (pieg\u0101de ar samaks\u0101tu muitas nodokli). Tas noz\u012bm\u0113: <\/p>\n<ul>\n<li>Visas muitas nodevas un nodok\u013ci ir iek\u013cauti produkta lap\u0101 nor\u0101d\u012btaj\u0101 cen\u0101.<\/li>\n<li>Pieg\u0101des br\u012bd\u012b jums neb\u016bs j\u0101maks\u0101 papildu maksa.<\/li>\n<li>Retos gad\u012bjumos, kad rodas ar muitu saist\u012btas probl\u0113mas, m\u016bsu komanda j\u016bsu v\u0101rd\u0101 veiks muito\u0161anas procesu, lai nodro\u0161in\u0101tu netrauc\u0113tu pieg\u0101di.<\/li>\n<p>Svar\u012bga inform\u0101cija par atgrie\u0161anu:<\/p>\n<li>Ja nolemjat atgriezt pas\u016bt\u012bjumu vai piepras\u012bt atmaksu, l\u016bdzu, \u0146emiet v\u0113r\u0101, ka nodok\u013ci un nodevas, kas samaks\u0101ti j\u016bsu v\u0101rd\u0101 saska\u0146\u0101 ar DDP noteikumiem, nevar tikt atmaks\u0101ti.<\/li>\n<p>S\u012bk\u0101ku inform\u0101ciju skatiet m\u016bsu <a href=\"https:\/\/gpdstore.net\/lv\/terms-of-service\/\" target=\"_blank\" rel=\"nofollow noopener\">Noteikumos un nosac\u012bjumos<\/a>.\n<\/ul>\n<p>[\/cg_accordion]\n[cg_accordion title=\"KLIENTU ATBALSTS\"]<\/p>\n<p>Jums ir jaut\u0101jums? M\u0113s esam \u012bs\u0101 teksta att\u0101lum\u0101 no j\u016bsu jaut\u0101juma atrisin\u0101\u0161anas!<br \/>\n[\/cg_accordion]\n[cg_accordion title=\"KAS IEK\u013bAUTS\"]<\/p>\n<ul>\n<li>1x BiWIN 2230 NVMe<\/li>\n<\/ul>\n<p>[\/cg_accordion]\n","protected":false},"featured_media":206321,"template":"","meta":{"_acf_changed":false},"product_brand":[],"product_cat":[5400],"product_tag":[9061],"woo-feed-brand":[],"class_list":{"0":"post-206319","1":"product","2":"type-product","3":"status-publish","4":"has-post-thumbnail","6":"product_cat-aksesuari","7":"product_tag-hardware-lv","8":"product_shipping_class-low-end","9":"pa_accessory-type-papildinajumi","11":"first","12":"outofstock","13":"sold-individually","14":"taxable","15":"shipping-taxable","16":"purchasable","17":"product-type-simple"},"acf":[],"aioseo_notices":[],"_links":{"self":[{"href":"https:\/\/gpdstore.net\/lv\/wp-json\/wp\/v2\/product\/206319","targetHints":{"allow":["GET"]}}],"collection":[{"href":"https:\/\/gpdstore.net\/lv\/wp-json\/wp\/v2\/product"}],"about":[{"href":"https:\/\/gpdstore.net\/lv\/wp-json\/wp\/v2\/types\/product"}],"wp:featuredmedia":[{"embeddable":true,"href":"https:\/\/gpdstore.net\/lv\/wp-json\/wp\/v2\/media\/206321"}],"wp:attachment":[{"href":"https:\/\/gpdstore.net\/lv\/wp-json\/wp\/v2\/media?parent=206319"}],"wp:term":[{"taxonomy":"product_brand","embeddable":true,"href":"https:\/\/gpdstore.net\/lv\/wp-json\/wp\/v2\/product_brand?post=206319"},{"taxonomy":"product_cat","embeddable":true,"href":"https:\/\/gpdstore.net\/lv\/wp-json\/wp\/v2\/product_cat?post=206319"},{"taxonomy":"product_tag","embeddable":true,"href":"https:\/\/gpdstore.net\/lv\/wp-json\/wp\/v2\/product_tag?post=206319"},{"taxonomy":"woo-feed-brand","embeddable":true,"href":"https:\/\/gpdstore.net\/lv\/wp-json\/wp\/v2\/woo-feed-brand?post=206319"}],"curies":[{"name":"wp","href":"https:\/\/api.w.org\/{rel}","templated":true}]}}