{"id":202079,"date":"2023-03-26T17:20:14","date_gmt":"2023-03-26T17:20:14","guid":{"rendered":"https:\/\/gpdstore.net\/uncategorized\/gpd-win-max-2-spelu-rokas-dators\/"},"modified":"2026-04-02T03:46:42","modified_gmt":"2026-04-02T03:46:42","slug":"gpd-win-max-2","status":"publish","type":"product","link":"https:\/\/gpdstore.net\/lv\/product\/gpd-win-max-2\/","title":{"rendered":"GPD WIN MAX 2 sp\u0113\u013cu rokas dators"},"content":{"rendered":"\n<p>GPD WIN MAX 2, kas pieejams GPD veikal\u0101, ir iespaid\u012bgs ultrabook, kas apvieno darbu un izklaidi vien\u0101 ier\u012bc\u0113. \u0160is rokas sp\u0113\u013cu dators var lepoties ar augstas veiktsp\u0113jas AMD Ryzen 7 6800U procesoru ar asto\u0146iem kodoliem un se\u0161padsmit pavedieniem, kas sp\u0113j sasniegt l\u012bdz pat 4,7 GHz un konfigur\u0113jamu 15 W-28 W TDP. AMD Radeon 680M nodro\u0161ina l\u012bdz 2,2 GHz jaudu, nodro\u0161inot vienm\u0113r\u012bgu vizu\u0101lo darb\u012bbu 10,1&#8243; IPS sk\u0101rienj\u016bt\u012bgaj\u0101 ekr\u0101n\u0101.  <\/p>\n\n<p>GPD WIN MAX 2 ir kompakts, 8,9 \u00d7 6,2 \u00d7 0,9 collas (22,7 \u00d7 16,0 \u00d7 2,3 cm) un sver nedaudz vair\u0101k par kilogramu, t\u0101p\u0113c ir \u013coti viegli p\u0101rn\u0113s\u0101jams un viegli ietilpst kl\u0113pjdatora som\u0101 vai futr\u0101l\u012b. \u0160is portat\u012bvais sp\u0113\u013cu dators atbalsta l\u012bdz 32 GB LPDDR5-6400 MT\/s RAM un l\u012bdz 2 TB SSD, turkl\u0101t aizmugur\u0113 ir papildu slots l\u012bdz 2 TB m.2. PCIe 3.0 SSD.<\/p>\n\n<p>GPD WIN MAX 2 ir apr\u012bkota ar\u012b ar pilnv\u0113rt\u012bg\u0101m sp\u0113\u013cu vad\u012bbas ier\u012bc\u0113m, tostarp dubult\u0101m Hall efekta sensora analogaj\u0101m st\u016brij\u0101m, sp\u0113\u013cu D-Pad un Hall efekta sl\u0113d\u017eiem. Aizmugur\u0113 ir pat divas papildu pogas, kuras var konfigur\u0113t p\u0113c sav\u0101m v\u0113lm\u0113m. \u0160im ultrabookam ir ar\u012b \u0101trdarb\u012bgs WiFi 6 un Bluetooth 5.2, k\u0101 ar\u012b 4G LTE atbalsts mobilo datu p\u0101rraidei.<\/p>\n\n<p>GPD WIN MAX 2 darbina 67Wh li-polim\u0113ra akumulators, kas nodro\u0161ina l\u012bdz 14 stund\u0101m vieglas lieto\u0161anas, 6-8 stund\u0101m m\u0113renas lieto\u0161anas un 3 stund\u0101m intens\u012bvas lieto\u0161anas. Turkl\u0101t, izmantojot Thunderbolt 4 piesl\u0113gvietu, vari piesl\u0113gt \u0101r\u0113jo grafikas karti (eGPU), lai nodro\u0161in\u0101tu v\u0113l \u0101tr\u0101ku darb\u012bbu. Ir pat ieb\u016bv\u0113ts HDMI 2.1 savienojums divu monitoru displejam.<\/p>\n\n<p>Kopum\u0101 GPD WIN MAX 2 ir izcils portat\u012bvais sp\u0113\u013cu dators, kas nevainojami p\u0101rorient\u0113jas starp darbu un izklaidi, un tam ir lielisks akumulatora darb\u012bbas laiks. Neatkar\u012bgi no t\u0101, vai str\u0101d\u0101jat ar sare\u017e\u0123\u012btiem biroja dokumentiem vai sp\u0113l\u0113jat savas iecien\u012bt\u0101k\u0101s AAA klases sp\u0113les, \u0161is ultrabooks j\u016bs ar to nodro\u0161in\u0101s.<\/p>\n\n<p><\/p>\n","protected":false},"excerpt":{"rendered":"<ul>\n<li>AMD <strong>Ryzen 7 6800U<\/strong> @2.7GHz TDP 15-28W<\/li>\n<li>AMD Radeon 680M <strong>12 CU @2200 MHz<\/strong><\/li>\n<li><strong>l\u012bdz 32 GB LPDDR5-6400 MT\/s<\/strong><\/li>\n<li><strong>l\u012bdz 2 TB<\/strong> \u0101trgaitas PCI-E <strong>NVMe<\/strong> SSD<\/li>\n<li>WiFi 6 un Bluetooth <strong>5.2<\/strong> atbalsts  <\/li>\n<\/ul>\n[cg_accordion title=\"INFORM\u0100CIJA PAR MAKS\u0100JUMU\"]<\/p>\n<p>M\u0113s izmantojam jaun\u0101k\u0101s tehnolo\u0123ijas maks\u0101jumu apstr\u0101d\u0113, kas \u013cauj jums \u0101tri un dro\u0161i nor\u0113\u0137in\u0101ties, izmantojot debetkarti\/kred\u012btkarti vai PayPal.[\/cg_accordion]\n[cg_accordion title=\"GARANTIJA\"]<\/p>\n<p>2 gadu garantija no <a href=\"https:\/\/droix.net\/\" target=\"_blank\" rel=\"nofollow noopener\">DROIX Global, lai<\/a> j\u016bs b\u016btu mier\u0101.[\/cg_accordion]\n[cg_accordion title=\"CENAS, NODOK\u013bI UN PIEG\u0100DE\"]<\/p>\n<p><strong><u>Piez\u012bme:<\/u><\/strong><\/p>\n<ul>\n<li>Amerikas Savienot\u0101s Valstis Klienti: Klientiem, kas ieg\u0101d\u0101jas preces, nor\u0101d\u012bt\u0101 cena neietver ne nodokli, ne nodevas. Atbild\u012bba par muito\u0161anu un saist\u012bto nodok\u013cu\/muitas nodok\u013cu nomaksu gulstas uz klientu pleciem. <\/li>\n<li>ES klienti: Atkar\u012bb\u0101 no j\u016bsu valsts, nor\u0101d\u012bt\u0101 cena ietver piem\u0113rojamo nodokli, kas var b\u016bt l\u012bdz 25%.<\/li>\n<li>Kan\u0101das klienti: Atkar\u012bb\u0101 no j\u016bsu provinces nor\u0101d\u012btaj\u0101 cen\u0101 ir iek\u013cauti piem\u0113rojamie nodok\u013ci, kas var ietvert 5% GST un papildu provinces p\u0101rdo\u0161anas nodokli (PST), saska\u0146oto p\u0101rdo\u0161anas nodokli (HST) vai Kvebekas p\u0101rdo\u0161anas nodokli (QST).<\/li>\n<\/ul>\n<p><strong>Tikai ES klientiem:<\/strong> Express DDP (pieg\u0101de ar samaks\u0101tu muitas nodokli). Tas noz\u012bm\u0113: <\/p>\n<ul>\n<li>Visas muitas nodevas un nodok\u013ci ir iek\u013cauti produkta lap\u0101 nor\u0101d\u012btaj\u0101 cen\u0101.<\/li>\n<li>Pieg\u0101des br\u012bd\u012b jums neb\u016bs j\u0101maks\u0101 papildu maksa.<\/li>\n<li>Retos gad\u012bjumos, kad rodas ar muitu saist\u012btas probl\u0113mas, m\u016bsu komanda j\u016bsu v\u0101rd\u0101 veiks muito\u0161anas procesu, lai nodro\u0161in\u0101tu netrauc\u0113tu pieg\u0101di.<\/li>\n<p>Svar\u012bga inform\u0101cija par atgrie\u0161anu:<\/p>\n<li>Ja nolemjat atgriezt pas\u016bt\u012bjumu vai piepras\u012bt atmaksu, l\u016bdzu, \u0146emiet v\u0113r\u0101, ka nodok\u013ci un nodevas, kas samaks\u0101ti j\u016bsu v\u0101rd\u0101 saska\u0146\u0101 ar DDP noteikumiem, nevar tikt atmaks\u0101ti.<\/li>\n<p>S\u012bk\u0101ku inform\u0101ciju skatiet m\u016bsu <a href=\"https:\/\/droix.net\/terms-and-conditions\/\" target=\"_blank\" rel=\"nofollow noopener\">Noteikumos un nosac\u012bjumos<\/a>.\n<\/ul>\n<p>[\/cg_accordion]\n[cg_accordion title=\"KLIENTU ATBALSTS\"]<\/p>\n<p>Jums ir jaut\u0101jums? M\u0113s esam \u012bs\u0101 teksta att\u0101lum\u0101 no j\u016bsu jaut\u0101juma atrisin\u0101\u0161anas! <\/p>\n<p>S\u012bk\u0101ku inform\u0101ciju skatiet m\u016bsu <a href=\"https:\/\/gpdstore.net\/lv\/terms-of-service\/\" target=\"_blank\" rel=\"nofollow noopener\">Noteikumos un nosac\u012bjumos<\/a>.\n<\/ul>\n<p>[\/cg_accordion]\n[cg_accordion title=\"KAS IEK\u013bAUTS\"]<\/p>\n<ul>\n<li>1x GPD WIN MAX 2<\/li>\n<li>1x baro\u0161anas adapteris<\/li>\n<li>1x C tipa USB kabelis<\/li>\n<li>1x lietot\u0101ja rokasgr\u0101mata<\/li>\n<\/ul>\n<p>[\/cg_accordion]\n","protected":false},"featured_media":202080,"template":"","meta":{"_acf_changed":false},"product_brand":[],"product_cat":[17626],"product_tag":[8152],"woo-feed-brand":[5825],"class_list":{"0":"post-202079","1":"product","2":"type-product","3":"status-publish","4":"has-post-thumbnail","6":"product_cat-gpd-rokas-dators-spelem","7":"product_tag-gpd-win-max-2-lv","8":"product_shipping_class-premium","9":"pa_bluetooth-5-2-lv","10":"pa_display-type-h-ips-lv","11":"pa_graphics-gpu-model-radeon-680m-lv","12":"pa_i-o-video-1x-hdmi-2-1-lv-2","13":"pa_i-o-video-izmantojot-1x-usb-4-0-type-c-40gb-s","14":"pa_memory-ram-capacity-16-gb-lv","15":"pa_memory-ram-capacity-32-gb-lv-2","16":"pa_memory-ram-technology-lpddr5-lv","17":"pa_storage-capacity-1-tb-lv","18":"pa_storage-capacity-2-tb-lv","19":"pa_wi-fi-wi-fi-6-lv","20":"woo-feed-brand-gpd-lv","22":"first","23":"outofstock","24":"taxable","25":"shipping-taxable","26":"purchasable","27":"product-type-variable","28":"has-default-attributes"},"acf":[],"aioseo_notices":[],"_links":{"self":[{"href":"https:\/\/gpdstore.net\/lv\/wp-json\/wp\/v2\/product\/202079","targetHints":{"allow":["GET"]}}],"collection":[{"href":"https:\/\/gpdstore.net\/lv\/wp-json\/wp\/v2\/product"}],"about":[{"href":"https:\/\/gpdstore.net\/lv\/wp-json\/wp\/v2\/types\/product"}],"wp:featuredmedia":[{"embeddable":true,"href":"https:\/\/gpdstore.net\/lv\/wp-json\/wp\/v2\/media\/202080"}],"wp:attachment":[{"href":"https:\/\/gpdstore.net\/lv\/wp-json\/wp\/v2\/media?parent=202079"}],"wp:term":[{"taxonomy":"product_brand","embeddable":true,"href":"https:\/\/gpdstore.net\/lv\/wp-json\/wp\/v2\/product_brand?post=202079"},{"taxonomy":"product_cat","embeddable":true,"href":"https:\/\/gpdstore.net\/lv\/wp-json\/wp\/v2\/product_cat?post=202079"},{"taxonomy":"product_tag","embeddable":true,"href":"https:\/\/gpdstore.net\/lv\/wp-json\/wp\/v2\/product_tag?post=202079"},{"taxonomy":"woo-feed-brand","embeddable":true,"href":"https:\/\/gpdstore.net\/lv\/wp-json\/wp\/v2\/woo-feed-brand?post=202079"}],"curies":[{"name":"wp","href":"https:\/\/api.w.org\/{rel}","templated":true}]}}