{"id":194843,"date":"2023-03-26T13:55:57","date_gmt":"2023-03-26T13:55:57","guid":{"rendered":"https:\/\/gpdstore.net\/uncategorized\/gpd-pocket-3-mini-klepjdators\/"},"modified":"2026-01-07T00:10:07","modified_gmt":"2026-01-07T00:10:07","slug":"gpd-pocket-3","status":"publish","type":"product","link":"https:\/\/gpdstore.net\/lv\/product\/gpd-pocket-3\/","title":{"rendered":"GPD Pocket 3 Mini kl\u0113pjdators"},"content":{"rendered":"\n<figure class=\"wp-block-video\"><video controls=\"\" poster=\"https:\/\/gpdstore.net\/wp-content\/uploads\/2023\/03\/s-l1600-2025-11-11T121147209.webp\" src=\"https:\/\/gpdstore.net\/wp-content\/uploads\/2023\/03\/kaezXFcAdRaf7bFG0dm_1100204901809_mp4_265_hd-1.mp4\"><\/video><\/figure>\n\n<div class=\"wp-block-columns is-layout-flex wp-container-core-columns-is-layout-28f84493 wp-block-columns-is-layout-flex\">\n<div class=\"wp-block-column is-layout-flow wp-block-column-is-layout-flow\" style=\"flex-basis:33.33%\">\n<figure class=\"wp-block-image size-full\"><a href=\"https:\/\/gpdstore.net\/wp-content\/uploads\/2023\/03\/Wholesale-Price-GPD-Pocket-3-Mini-Laptop-16GB-1TB-i7-GPD-Pocket-3jpg_.webp\"><img fetchpriority=\"high\" decoding=\"async\" width=\"800\" height=\"800\" src=\"https:\/\/gpdstore.net\/wp-content\/uploads\/2023\/03\/Wholesale-Price-GPD-Pocket-3-Mini-Laptop-16GB-1TB-i7-GPD-Pocket-3jpg_.webp\" alt=\"GPD Pocket 3 - kompakts un jaud&#x12B;gs mini kl&#x113;pjdators, kas paredz&#x113;ts daudzpus&#x12B;gai skait&#x13C;o&#x161;anai un p&#x101;rn&#x113;s&#x101;jam&#x12B;bai.\" class=\"wp-image-1263941\" srcset=\"https:\/\/gpdstore.net\/wp-content\/uploads\/2023\/03\/Wholesale-Price-GPD-Pocket-3-Mini-Laptop-16GB-1TB-i7-GPD-Pocket-3jpg_.webp 800w, https:\/\/gpdstore.net\/wp-content\/uploads\/2023\/03\/Wholesale-Price-GPD-Pocket-3-Mini-Laptop-16GB-1TB-i7-GPD-Pocket-3jpg_-600x600.webp 600w, https:\/\/gpdstore.net\/wp-content\/uploads\/2023\/03\/Wholesale-Price-GPD-Pocket-3-Mini-Laptop-16GB-1TB-i7-GPD-Pocket-3jpg_-150x150.webp 150w, https:\/\/gpdstore.net\/wp-content\/uploads\/2023\/03\/Wholesale-Price-GPD-Pocket-3-Mini-Laptop-16GB-1TB-i7-GPD-Pocket-3jpg_-768x768.webp 768w, https:\/\/gpdstore.net\/wp-content\/uploads\/2023\/03\/Wholesale-Price-GPD-Pocket-3-Mini-Laptop-16GB-1TB-i7-GPD-Pocket-3jpg_-65x65.webp 65w, https:\/\/gpdstore.net\/wp-content\/uploads\/2023\/03\/Wholesale-Price-GPD-Pocket-3-Mini-Laptop-16GB-1TB-i7-GPD-Pocket-3jpg_-360x360.webp 360w, https:\/\/gpdstore.net\/wp-content\/uploads\/2023\/03\/Wholesale-Price-GPD-Pocket-3-Mini-Laptop-16GB-1TB-i7-GPD-Pocket-3jpg_-441x441.webp 441w, https:\/\/gpdstore.net\/wp-content\/uploads\/2023\/03\/Wholesale-Price-GPD-Pocket-3-Mini-Laptop-16GB-1TB-i7-GPD-Pocket-3jpg_-100x100.webp 100w\" sizes=\"(max-width: 800px) 100vw, 800px\" \/><\/a><\/figure>\n<\/div>\n\n\n\n<div class=\"wp-block-column is-layout-flow wp-block-column-is-layout-flow\" style=\"flex-basis:66.66%\">\n<h2 class=\"wp-block-heading\"><strong><br\/><\/strong><strong>GPD Pocket 3: kompakts sp\u0113kstacija ar<br\/>Intel Pentium Gold 7505 veiktsp\u0113ju<\/strong><\/h2>\n\n\n\n<p><strong>GPD Pocket 3<\/strong> tagad ir pieejams vienk\u0101r\u0161ot\u0101 konfigur\u0101cij\u0101 ar <a href=\"https:\/\/www.intel.com\/content\/www\/us\/en\/products\/sku\/208667\/intel-pentium-gold-7505-processor-4m-cache-up-to-3-50-ghz-with-ipu\/specifications.html\" target=\"_blank\" rel=\"noopener nofollow\" title=\"\">Intel Pentium Gold 7505 procesoru<\/a>. \u0160is procesors ar \u010detriem kodoliem un asto\u0146iem pavedieniem, k\u0101 ar\u012b palielin\u0101\u0161anas \u0101trumu l\u012bdz 3,5 GHz nodro\u0161ina stabilu veiktsp\u0113ju ikdienas produktivit\u0101tei un daudzuzdevumu veik\u0161anai. <\/p>\n\n\n\n<p>Apvienojum\u0101 ar 16 GB LPDDR4x RAM, kas darbojas ar 3733 MHz frekvenci, un \u0101tru M.2 <a href=\"https:\/\/droix.net\/product\/ayn-odin-2-super-dock\/\" target=\"_blank\" rel=\"noopener nofollow\" title=\"\">NVMe<\/a> SSD, Pocket 3 nodro\u0161ina vienm\u0113r\u012bgu darbu, piem\u0113ram, dokumentu redi\u0123\u0113\u0161anu, t\u012bmek\u013ca p\u0101rl\u016bko\u0161anu, video straum\u0113\u0161anu un vieglu rado\u0161o darbu. T\u0101 kompakt\u0101 konstrukcija un modul\u0101r\u0101 portu sist\u0113ma padara to ide\u0101li piem\u0113rotu profesion\u0101\u013ciem un entuziastiem, kuriem nepiecie\u0161ama jaud\u012bga, bet p\u0101rn\u0113s\u0101jama Windows ier\u012bce. <\/p>\n\n\n\n<p>Neatkar\u012bgi no t\u0101, vai str\u0101d\u0101jat att\u0101lin\u0101ti, ce\u013cojat vai jums ir nepiecie\u0161ams univers\u0101ls \u012bpa\u0161i p\u0101rn\u0113s\u0101jams dators, GPD Pocket 3 ar Intel Pentium Gold nodro\u0161ina perfektu l\u012bdzsvaru starp veiktsp\u0113ju un p\u0101rn\u0113s\u0101jam\u012bbu.<\/p>\n<\/div>\n<\/div>\n\n<h2 class=\"wp-block-heading has-text-align-center\">Izstr\u0101d\u0101ts profesion\u0101\u013ciem: Daudzpus\u012bba, kontrole un dizaina izcil\u012bba<\/h2>\n\n<div class=\"wp-block-columns is-layout-flex wp-container-core-columns-is-layout-28f84493 wp-block-columns-is-layout-flex\">\n<div class=\"wp-block-column is-layout-flow wp-block-column-is-layout-flow\">\n<figure class=\"wp-block-image size-full\"><img decoding=\"async\" width=\"300\" height=\"300\" src=\"https:\/\/gpdstore.net\/wp-content\/uploads\/2023\/03\/87affa8a-19ce-4c6d-891b-43840ae1d1f6__CR00300300_PT0_SX300_V1___.jpg\" alt=\"GPD Pocket 3 mini kl&#x113;pjdators ar 180 gr&#x101;du rot&#x101;cijas ekr&#x101;nu un 180 gr&#x101;du apgrie&#x161;anas iesp&#x113;ju, kas nodro&#x161;ina elast&#x12B;gas skat&#x12B;&#x161;an&#x101;s un lieto&#x161;anas iesp&#x113;jas.\" class=\"wp-image-1263942\" srcset=\"https:\/\/gpdstore.net\/wp-content\/uploads\/2023\/03\/87affa8a-19ce-4c6d-891b-43840ae1d1f6__CR00300300_PT0_SX300_V1___.jpg 300w, https:\/\/gpdstore.net\/wp-content\/uploads\/2023\/03\/87affa8a-19ce-4c6d-891b-43840ae1d1f6__CR00300300_PT0_SX300_V1___-150x150.jpg 150w, https:\/\/gpdstore.net\/wp-content\/uploads\/2023\/03\/87affa8a-19ce-4c6d-891b-43840ae1d1f6__CR00300300_PT0_SX300_V1___-65x65.jpg 65w, https:\/\/gpdstore.net\/wp-content\/uploads\/2023\/03\/87affa8a-19ce-4c6d-891b-43840ae1d1f6__CR00300300_PT0_SX300_V1___-100x100.jpg 100w\" sizes=\"(max-width: 300px) 100vw, 300px\" \/><\/figure>\n\n\n\n<h3 class=\"wp-block-heading\"><strong><strong>Displejs, kas piel\u0101gojas:<\/strong> 180\u00b0 pagrie\u017eamais ekr\u0101ns ar pulvermetalur\u0123ijas iztur\u012bbu.<\/strong><\/h3>\n\n\n\n<p>M\u016bsu novatoriski izstr\u0101d\u0101tais groz\u0101mais siets, kas izgatavots, izmantojot modernu pulvermetalur\u0123ijas tehnolo\u0123iju, nodro\u0161ina vienm\u0113r\u012bgu 180 gr\u0101du rot\u0101ciju ap Y asi ar vienu roku. Tas ir sekm\u012bgi iztur\u0113jis stingrus iztur\u012bbas testus un iztur\u0113jis 100 000 nep\u0101rtrauktu robotiz\u0113tu darb\u012bbu (tostarp rot\u0101ciju, atv\u0113r\u0161anu un aizv\u0113r\u0161anu) ar iespaid\u012bgu 99,3 % darbsp\u0113jas r\u0101d\u012bt\u0101ju. <\/p>\n<\/div>\n\n\n\n<div class=\"wp-block-column is-layout-flow wp-block-column-is-layout-flow\">\n<figure class=\"wp-block-image size-full\"><img decoding=\"async\" width=\"300\" height=\"300\" src=\"https:\/\/gpdstore.net\/wp-content\/uploads\/2023\/03\/9728f488-7c9a-4702-8194-6d4228a0fa83__CR00300300_PT0_SX300_V1___.jpg\" alt=\"GPD Pocket 3 mini kl&#x113;pjdators ar pildspalvas atbalstu, kas &#x13C;auj prec&#x12B;zi ievad&#x12B;t datus un uzlabot produktivit&#x101;ti.\" class=\"wp-image-1263943\" srcset=\"https:\/\/gpdstore.net\/wp-content\/uploads\/2023\/03\/9728f488-7c9a-4702-8194-6d4228a0fa83__CR00300300_PT0_SX300_V1___.jpg 300w, https:\/\/gpdstore.net\/wp-content\/uploads\/2023\/03\/9728f488-7c9a-4702-8194-6d4228a0fa83__CR00300300_PT0_SX300_V1___-150x150.jpg 150w, https:\/\/gpdstore.net\/wp-content\/uploads\/2023\/03\/9728f488-7c9a-4702-8194-6d4228a0fa83__CR00300300_PT0_SX300_V1___-65x65.jpg 65w, https:\/\/gpdstore.net\/wp-content\/uploads\/2023\/03\/9728f488-7c9a-4702-8194-6d4228a0fa83__CR00300300_PT0_SX300_V1___-100x100.jpg 100w\" sizes=\"(max-width: 300px) 100vw, 300px\" \/><\/figure>\n\n\n\n<h3 class=\"wp-block-heading\"><strong><strong><strong>Prec\u012bza ievade:<\/strong> Izmantojot QWERTY tastat\u016bru, kas apbalvota ar Red Dot balvu, un 4096 l\u012bme\u0146u pildspalvu.<\/strong><\/strong><\/h3>\n\n\n\n<p>Pocket 3 ir akt\u012bv\u0101 pildspalvas atbalsts ar 4096 spiediena jut\u012bbas l\u012bme\u0146iem, kas nodro\u0161ina ori\u0123in\u0101lu rokraksta precizit\u0101ti. Tas ir sader\u012bgs ar Surface Pen, izmantojot Microsoft MPP 2.0 protokolu, un \u013cauj \u0113rti veikt piez\u012bmes, anot\u0101cijas un parakstus, \u013caujot jebkur\u0101 laik\u0101 rad\u012bt prec\u012bzu un rado\u0161u saturu. <\/p>\n<\/div>\n\n\n\n<div class=\"wp-block-column is-layout-flow wp-block-column-is-layout-flow\">\n<figure class=\"wp-block-image size-full\"><img loading=\"lazy\" decoding=\"async\" width=\"300\" height=\"300\" src=\"https:\/\/gpdstore.net\/wp-content\/uploads\/2023\/03\/a2d68f01-c1f4-4886-afb1-90dae8b01b16__CR00300300_PT0_SX300_V1___.jpg\" alt=\"GPD Pocket 3 mini kl&#x113;pjdators ar 1080P &#x12B;pa&#x161;i pl&#x101;nu kameru, kas nodro&#x161;ina augstas iz&#x161;&#x137;irtsp&#x113;jas video kvalit&#x101;ti skaidriem un asiem video zvaniem.\" class=\"wp-image-1263944\" srcset=\"https:\/\/gpdstore.net\/wp-content\/uploads\/2023\/03\/a2d68f01-c1f4-4886-afb1-90dae8b01b16__CR00300300_PT0_SX300_V1___.jpg 300w, https:\/\/gpdstore.net\/wp-content\/uploads\/2023\/03\/a2d68f01-c1f4-4886-afb1-90dae8b01b16__CR00300300_PT0_SX300_V1___-150x150.jpg 150w, https:\/\/gpdstore.net\/wp-content\/uploads\/2023\/03\/a2d68f01-c1f4-4886-afb1-90dae8b01b16__CR00300300_PT0_SX300_V1___-65x65.jpg 65w, https:\/\/gpdstore.net\/wp-content\/uploads\/2023\/03\/a2d68f01-c1f4-4886-afb1-90dae8b01b16__CR00300300_PT0_SX300_V1___-100x100.jpg 100w\" sizes=\"(max-width: 300px) 100vw, 300px\" \/><\/figure>\n\n\n\n<h3 class=\"wp-block-heading\"><strong><strong><strong>Skaidra sazi\u0146a:<\/strong> 1080P \u012bpa\u0161i pl\u0101n\u0101 platle\u0146\u0137a 1080P kamer\u0101: savienojums jebkur\u0101 viet\u0101.<\/strong><\/strong><\/h3>\n\n\n\n<p>1080P augstas iz\u0161\u0137irtsp\u0113jas \u012bpa\u0161i pl\u0101na mini kamera ar 2 miljoniem pikse\u013cu un pla\u0161u 77\u00b0 skata lauku. Tas \u013cauj sazin\u0101ties ar \u0123imeni, izmantojot tie\u0161raidi, vai r\u012bkot videokonferences ar kol\u0113\u0123iem jebkur\u0101 laik\u0101 un viet\u0101. <\/p>\n<\/div>\n<\/div>\n\n<div class=\"wp-block-columns is-layout-flex wp-container-core-columns-is-layout-28f84493 wp-block-columns-is-layout-flex\">\n<div class=\"wp-block-column is-layout-flow wp-block-column-is-layout-flow\">\n<figure class=\"wp-block-image size-full\"><img loading=\"lazy\" decoding=\"async\" width=\"300\" height=\"400\" src=\"https:\/\/gpdstore.net\/wp-content\/uploads\/2023\/03\/dfaad9ca-c981-4178-9f69-19a4a5cf5f38__CR00300400_PT0_SX300_V1___.jpg\" alt=\"GPD Pocket 3 mini kl&#x113;pjdators ar KVM vad&#x12B;bu, kas nodro&#x161;ina vienotu vair&#x101;ku ier&#x12B;&#x10D;u integr&#x101;ciju un p&#x101;rvald&#x12B;bu no viena interfeisa.\" class=\"wp-image-1263945\" srcset=\"https:\/\/gpdstore.net\/wp-content\/uploads\/2023\/03\/dfaad9ca-c981-4178-9f69-19a4a5cf5f38__CR00300400_PT0_SX300_V1___.jpg 300w, https:\/\/gpdstore.net\/wp-content\/uploads\/2023\/03\/dfaad9ca-c981-4178-9f69-19a4a5cf5f38__CR00300400_PT0_SX300_V1___-150x200.jpg 150w\" sizes=\"(max-width: 300px) 100vw, 300px\" \/><\/figure>\n<\/div>\n\n\n\n<div class=\"wp-block-column is-layout-flow wp-block-column-is-layout-flow\">\n<h3 class=\"wp-block-heading\"><strong>IT administr\u0113\u0161anas iesp\u0113jas:<\/strong> piek\u013cuve servera aparat\u016bras l\u012bmenim, izmantojot karsti main\u0101mu KVM moduli.<\/h3>\n\n\n\n<p>At\u0161\u0137ir\u012bb\u0101 no att\u0101lin\u0101t\u0101s darbvirsmas KVM vad\u012bbas modulis tiek izmantots aparat\u016bras l\u012bme\u0146a piek\u013cuves kontrolei, kas aptver visu m\u0113r\u0137servera lieto\u0161anas procesu, s\u0101kot no palai\u0161anas, BIOS iestat\u012bjumiem l\u012bdz oper\u0101cij\u0101m oper\u0113t\u0101jsist\u0113m\u0101.<\/p>\n\n\n\n<p>Tas ir karsti nomain\u0101ms, bet tam nav IP KVM, t\u0101p\u0113c tas neatbalsta att\u0101lo p\u0101rvald\u012bbu un ir piem\u0113rots lok\u0101l\u0101 t\u012bkla iek\u0101rtu p\u0101rvald\u012bbai, kur\u0101m nav tastat\u016bras, peles un displeja.<\/p>\n\n\n\n<p>*KVM modulis\/RS-232 modulis\/Stylus tiek p\u0101rdots atsevi\u0161\u0137i<\/p>\n<\/div>\n\n\n\n<div class=\"wp-block-column is-layout-flow wp-block-column-is-layout-flow\">\n<figure class=\"wp-block-image size-full\"><img loading=\"lazy\" decoding=\"async\" width=\"350\" height=\"175\" src=\"https:\/\/gpdstore.net\/wp-content\/uploads\/2023\/03\/c011901a-1c49-4ed6-b6e2-a74a6089bf57__CR00350175_PT0_SX350_V1___-1.jpg\" alt=\"GPD Pocket 3 mini kl&#x113;pjdators ar QWERTY tastat&#x16B;ru, kas paredz&#x113;ta &#x113;rtai un efekt&#x12B;vai rakst&#x12B;&#x161;anai kompakt&#x101; form&#x101;t&#x101;.\" class=\"wp-image-1263946\" srcset=\"https:\/\/gpdstore.net\/wp-content\/uploads\/2023\/03\/c011901a-1c49-4ed6-b6e2-a74a6089bf57__CR00350175_PT0_SX350_V1___-1.jpg 350w, https:\/\/gpdstore.net\/wp-content\/uploads\/2023\/03\/c011901a-1c49-4ed6-b6e2-a74a6089bf57__CR00350175_PT0_SX350_V1___-1-150x75.jpg 150w\" sizes=\"(max-width: 350px) 100vw, 350px\" \/><\/figure>\n\n\n\n<h3 class=\"wp-block-heading\"><strong>&#8220;QWERTY&#8221; tastat\u016bra<\/strong><\/h3>\n\n\n\n<p>M\u016bsu pla\u0161i atz\u012bt\u0101 \u0161okol\u0101des \u0161okol\u0101des stila &#8220;QWERTY&#8221; tastat\u016bra, kas ir sa\u0146\u0113musi V\u0101cijas Red Dot balvu, ir optimiz\u0113ta rakst\u012b\u0161anai ar ab\u0101m rok\u0101m, koncentr\u0113jot svar\u012bg\u0101kos tausti\u0146us centr\u0101, t\u0101p\u0113c \u0161aj\u0101 ier\u012bc\u0113 ir \u013coti \u0113rti sp\u0113l\u0113t ar tastat\u016bru un peli vad\u0101mas sp\u0113les!<\/p>\n<\/div>\n<\/div>\n\n<h2 class=\"wp-block-heading has-text-align-center\">Profesion\u0101las klases ievadi: Aparat\u016bras vad\u012bba un ergonomiska rakst\u012b\u0161ana<\/h2>\n\n<figure class=\"wp-block-image aligncenter size-full\"><img loading=\"lazy\" decoding=\"async\" width=\"1024\" height=\"678\" src=\"https:\/\/gpdstore.net\/wp-content\/uploads\/2023\/03\/GPD-POCKET-3-MARKETING-IMAGE-2-1024x678-1.jpg\" alt=\"GPD Pocket 3 mini kl&#x113;pjdators ar iesp&#x113;ju piesl&#x113;gt vair&#x101;kus displejus uzlabotai produktivit&#x101;tei un daudzuzdevumu darb&#x12B;bai\" class=\"wp-image-1263947\" srcset=\"https:\/\/gpdstore.net\/wp-content\/uploads\/2023\/03\/GPD-POCKET-3-MARKETING-IMAGE-2-1024x678-1.jpg 1024w, https:\/\/gpdstore.net\/wp-content\/uploads\/2023\/03\/GPD-POCKET-3-MARKETING-IMAGE-2-1024x678-1-600x397.jpg 600w, https:\/\/gpdstore.net\/wp-content\/uploads\/2023\/03\/GPD-POCKET-3-MARKETING-IMAGE-2-1024x678-1-768x509.jpg 768w, https:\/\/gpdstore.net\/wp-content\/uploads\/2023\/03\/GPD-POCKET-3-MARKETING-IMAGE-2-1024x678-1-360x238.jpg 360w, https:\/\/gpdstore.net\/wp-content\/uploads\/2023\/03\/GPD-POCKET-3-MARKETING-IMAGE-2-1024x678-1-990x655.jpg 990w, https:\/\/gpdstore.net\/wp-content\/uploads\/2023\/03\/GPD-POCKET-3-MARKETING-IMAGE-2-1024x678-1-441x292.jpg 441w, https:\/\/gpdstore.net\/wp-content\/uploads\/2023\/03\/GPD-POCKET-3-MARKETING-IMAGE-2-1024x678-1-150x99.jpg 150w\" sizes=\"(max-width: 1024px) 100vw, 1024px\" \/><\/figure>\n\n<p>GPD ir atpaka\u013c ar tre\u0161o iter\u0101ciju sav\u0101 popul\u0101raj\u0101 mini kl\u0113pjdatoru l\u012bnij\u0101, ar tr\u0101p\u012bgi nosaukto <strong>GPD Pocket 3<\/strong>! \u0160is funkcij\u0101m bag\u0101tais neliela izm\u0113ra kl\u0113pjdators ir piln\u012bb\u0101 apr\u012bkots un pietiekami elast\u012bgs, lai ar vieglumu apmierin\u0101tu visas j\u016bsu ikdienas vajadz\u012bbas p\u0113c datora.<\/p>\n\n<p>Papildus daudzaj\u0101m saskarn\u0113m, kas ier\u012bcei jau ir (USB, Thunderbolt, RJ45 utt.), GPD Pocket 3 ir ar\u012b &#8220;modul\u0101ra savienojuma saskarne&#8221;. Tas \u013cauj br\u012bvi piel\u0101got <strong>GPD Pocket 3<\/strong> porti atbilsto\u0161i sav\u0101m vajadz\u012bb\u0101m. V\u0113laties papildu USB portu citai ier\u012bcei? Nav probl\u0113mu. Nepiecie\u0161ama saskarne ar serveri? Tas ir vienk\u0101r\u0161i, izmantojot \u012bpa\u0161i \u0161im nol\u016bkam paredz\u0113to KVM moduli!*     <\/p>\n\n<p>Galu gal\u0101 <strong>GPD Pocket 3<\/strong> ir apr\u012bkots ar noder\u012bg\u0101m funkcij\u0101m un \u012bpa\u0161\u012bb\u0101m. Ieb\u016bv\u0113ts mikrofons? Tas ir j\u016bsu r\u012bc\u012bb\u0101. 360 gr\u0101du rot\u0113jo\u0161s displejs? Protams! HDMI ports? Jau ir!      <\/p>\n\n<p>Neatkar\u012bgi no t\u0101, vai j\u016bs interes\u0113 augst\u0101k\u0101s klases vai b\u0101zes modelis, j\u016bs ieg\u016bsiet kl\u0113pjdatoru, kas ir \u013coti \u0113rti p\u0101rn\u0113s\u0101jams un piel\u0101gojams, lai jums perfekti atbilstu.<\/p>\n\n<figure class=\"wp-block-image aligncenter size-full\"><img loading=\"lazy\" decoding=\"async\" width=\"970\" height=\"600\" src=\"https:\/\/gpdstore.net\/wp-content\/uploads\/2023\/03\/28ee65cf-aa50-4535-b107-c1d20069d506__CR00970600_PT0_SX970_V1___.jpg\" alt=\"GPD Pocket 3 mini kl&#x113;pjdatora sist&#x113;mas parametri, tostarp procesora, atmi&#x146;as, atmi&#x146;as, atmi&#x146;as un displeja specifik&#x101;cijas optim&#x101;lai veiktsp&#x113;jai.\" class=\"wp-image-1263948\" srcset=\"https:\/\/gpdstore.net\/wp-content\/uploads\/2023\/03\/28ee65cf-aa50-4535-b107-c1d20069d506__CR00970600_PT0_SX970_V1___.jpg 970w, https:\/\/gpdstore.net\/wp-content\/uploads\/2023\/03\/28ee65cf-aa50-4535-b107-c1d20069d506__CR00970600_PT0_SX970_V1___-600x371.jpg 600w, https:\/\/gpdstore.net\/wp-content\/uploads\/2023\/03\/28ee65cf-aa50-4535-b107-c1d20069d506__CR00970600_PT0_SX970_V1___-768x475.jpg 768w, https:\/\/gpdstore.net\/wp-content\/uploads\/2023\/03\/28ee65cf-aa50-4535-b107-c1d20069d506__CR00970600_PT0_SX970_V1___-360x223.jpg 360w, https:\/\/gpdstore.net\/wp-content\/uploads\/2023\/03\/28ee65cf-aa50-4535-b107-c1d20069d506__CR00970600_PT0_SX970_V1___-441x273.jpg 441w, https:\/\/gpdstore.net\/wp-content\/uploads\/2023\/03\/28ee65cf-aa50-4535-b107-c1d20069d506__CR00970600_PT0_SX970_V1___-150x93.jpg 150w\" sizes=\"(max-width: 970px) 100vw, 970px\" \/><\/figure>\n","protected":false},"excerpt":{"rendered":"<ul>\n<li>Intel\u00ae Pentium\u00ae Gold 7505 l\u012bdz 3,50 GHz ; 4 kodi\/8 pavedieni<\/li>\n<li><strong>16 GB LPDDR4x RAM<\/strong> @373333Mhz<\/li>\n<li><strong>Thunderbolt 4 \/ 8&#8243; sk\u0101rienj\u016bt\u012bgais ekr\u0101ns \/ pirkstu nospiedumu skeneris<\/strong><\/li>\n<li><strong>L\u012bdz 4 TB<\/strong> PCI-E NVMe SSD<\/li>\n<li>Modul\u0101ra ar <strong>KVM\/RS-232 piesl\u0113gviet\u0101m <\/strong>(nop\u0113rkama atsevi\u0161\u0137i)<\/li>\n<\/ul>\n<p><img loading=\"lazy\" decoding=\"async\" src=\"https:\/\/gpdstore.net\/wp-content\/uploads\/2024\/08\/POCKET-4-FREEBIE-LONG.jpg\" alt=\"GPD Pocket 4 rekl\u0101mas baneris ar bezmaksas aizsargv\u0101ci\u0146u. Tekst\u0101 ir rakst\u012bts \"BEZMAKSAS D\u0100VANA - AIZSARDZ\u012aBAS AIZSARDZ\u012aBA - AUTOM\u0100TISKI PIEVIENOTA KART\u0100\", un tam pievienots gl\u012bta melna aizsargv\u0101ci\u0146a att\u0113ls.\" width=\"1000\" height=\"140\" class=\"alignnone size-full wp-image-973719\" srcset=\"https:\/\/gpdstore.net\/wp-content\/uploads\/2024\/08\/POCKET-4-FREEBIE-LONG.jpg 1000w, https:\/\/gpdstore.net\/wp-content\/uploads\/2024\/08\/POCKET-4-FREEBIE-LONG-600x84.jpg 600w, https:\/\/gpdstore.net\/wp-content\/uploads\/2024\/08\/POCKET-4-FREEBIE-LONG-768x108.jpg 768w, https:\/\/gpdstore.net\/wp-content\/uploads\/2024\/08\/POCKET-4-FREEBIE-LONG-360x50.jpg 360w, https:\/\/gpdstore.net\/wp-content\/uploads\/2024\/08\/POCKET-4-FREEBIE-LONG-990x139.jpg 990w, https:\/\/gpdstore.net\/wp-content\/uploads\/2024\/08\/POCKET-4-FREEBIE-LONG-441x62.jpg 441w, https:\/\/gpdstore.net\/wp-content\/uploads\/2024\/08\/POCKET-4-FREEBIE-LONG-150x21.jpg 150w\" sizes=\"(max-width: 1000px) 100vw, 1000px\" \/><\/p>\n<p> [cg_accordion title=\"INFORM\u0100CIJA PAR MAKS\u0100JUMU\"] M\u0113s izmantojam jaun\u0101k\u0101s tehnolo\u0123ijas maks\u0101jumu apstr\u0101d\u0113, kas \u013cauj jums \u0101tri un dro\u0161i nor\u0113\u0137in\u0101ties, izmantojot debetkarti\/kred\u012btkarti vai PayPal.[\/cg_accordion] [cg_accordion title=\"GARANTIJA\"] 2 gadu garantija no <a href=\"https:\/\/droix.net\/\" target=\"_blank\" rel=\"nofollow noopener\">DROIX Global<\/a>, lai j\u016bs b\u016btu mier\u012bgs.[\/cg_accordion] [cg_accordion title=\"KVALIT\u0100TES NODRO\u0160IN\u0100\u0160ANA UN PIRMSNOS\u016aT\u012a\u0160ANAS TEST\u0112\u0160ANA\"] Klientu apmierin\u0101t\u012bbas nodro\u0161in\u0101\u0161ana p\u0113c visaugst\u0101k\u0101 standarta: Katra ier\u012bce pirms nos\u016bt\u012b\u0161anas tiek pak\u013cauta stingrai test\u0113\u0161anai un daudzpunktu kvalit\u0101tes nodro\u0161in\u0101\u0161anas p\u0101rbaudei. M\u016bsu specializ\u0113t\u0101 komanda p\u0101rbauda veiktsp\u0113ju, funkcionalit\u0101ti un komponentu integrit\u0101ti, lai garant\u0113tu, ka j\u016bsu GPD ier\u012bce, to sa\u0146emot, ir ide\u0101l\u0101 darba k\u0101rt\u012bb\u0101, nodro\u0161inot jums p\u0101rliec\u012bbu un sirdsmieru.[\/cg_accordion] [cg_accordion title=\"CENAS, NODOK\u013bI UN PIEG\u0100DE\"] <strong><u>Piez\u012bme:<\/u><\/strong><\/p>\n<ul>\n<li>Amerikas Savienot\u0101s Valstis Klienti: Klientiem, kas ieg\u0101d\u0101jas preces, nor\u0101d\u012bt\u0101 cena neietver ne nodokli, ne nodevas. Atbild\u012bba par muito\u0161anu un saist\u012bto nodok\u013cu\/muitas nodok\u013cu nomaksu gulstas uz klientu pleciem. <\/li>\n<li>ES klienti: Atkar\u012bb\u0101 no j\u016bsu valsts, nor\u0101d\u012bt\u0101 cena ietver piem\u0113rojamo nodokli, kas var b\u016bt l\u012bdz 25%.<\/li>\n<li>Kan\u0101das klienti: Atkar\u012bb\u0101 no j\u016bsu provinces nor\u0101d\u012btaj\u0101 cen\u0101 ir iek\u013cauti piem\u0113rojamie nodok\u013ci, kas var ietvert 5% GST un papildu provinces p\u0101rdo\u0161anas nodokli (PST), saska\u0146oto p\u0101rdo\u0161anas nodokli (HST) vai Kvebekas p\u0101rdo\u0161anas nodokli (QST).<\/li>\n<\/ul>\n<p><strong>Tikai ES klientiem:<\/strong> Express DDP (pieg\u0101de ar samaks\u0101tu muitas nodokli). Tas noz\u012bm\u0113: <\/p>\n<ul>\n<li style=\"list-style-type: none;\">\n<ul>\n<li>Visas muitas nodevas un nodok\u013ci ir iek\u013cauti produkta lap\u0101 nor\u0101d\u012btaj\u0101 cen\u0101.<\/li>\n<li>Pieg\u0101des br\u012bd\u012b jums neb\u016bs j\u0101maks\u0101 papildu maksa.<\/li>\n<li>Retos gad\u012bjumos, kad rodas ar muitu saist\u012btas probl\u0113mas, m\u016bsu komanda j\u016bsu v\u0101rd\u0101 veiks muito\u0161anas procesu, lai nodro\u0161in\u0101tu netrauc\u0113tu pieg\u0101di.<\/li>\n<p>Svar\u012bga inform\u0101cija par atgrie\u0161anu:<\/p>\n<li>Ja nolemjat atgriezt pas\u016bt\u012bjumu vai piepras\u012bt atmaksu, l\u016bdzu, \u0146emiet v\u0113r\u0101, ka nodok\u013ci un nodevas, kas samaks\u0101ti j\u016bsu v\u0101rd\u0101 saska\u0146\u0101 ar DDP noteikumiem, nevar tikt atmaks\u0101ti.<\/li>\n<p>L\u016bdzu, skatiet m\u016bsu<\/ul>\n<\/li>\n<\/ul>\n<p><a href=\"https:\/\/droix.net\/terms-and-conditions\/\" target=\"_blank\" rel=\"nofollow noopener\">Noteikumi un nosac\u012bjumi<\/a><\/p>\n<ul>s\u012bk\u0101ku inform\u0101ciju.<\/ul>\n<p>[\/cg_accordion] [cg_accordion title=\"KLIENTU ATBALSTS\"]  Jums ir jaut\u0101jums? M\u0113s esam \u012bs\u0101 teksta att\u0101lum\u0101 no j\u016bsu jaut\u0101juma atrisin\u0101\u0161anas!  S\u012bk\u0101ku inform\u0101ciju skatiet m\u016bsu <a href=\"https:\/\/gpdstore.net\/en-gb\/terms-of-service\/\" target=\"_blank\" rel=\"nofollow noopener\">Noteikumos un nosac\u012bjumos<\/a>.  [\/cg_accordion] [cg_accordion title=\"KAS IEK\u013bAUTS\"]<\/p>\n<ul>\n<li>1x GPD Pocket 3<\/li>\n<li>1x baro\u0161anas adapteris<\/li>\n<li>1x C tipa USB kabelis<\/li>\n<li>1x lietot\u0101ja rokasgr\u0101mata<\/li>\n<li>1x GPD Stylus<\/li>\n<\/ul>\n<p>[\/cg_accordion]<\/p>\n","protected":false},"featured_media":31449,"template":"","meta":{"_acf_changed":false},"product_brand":[],"product_cat":[7106,8732,7107],"product_tag":[14516,18074],"woo-feed-brand":[5825],"class_list":{"0":"post-194843","1":"product","2":"type-product","3":"status-publish","4":"has-post-thumbnail","6":"product_cat-gpd-mini-klepjdatori","7":"product_cat-plansetdators-klepjdators","8":"product_cat-portativie-datori","9":"product_tag-8xmsale-lv","10":"product_tag-gpd-pocket-3-lv","11":"product_shipping_class-premium","12":"pa_bluetooth-5-lv","13":"pa_brand-gpd","14":"pa_display-type-h-ips-lv","15":"pa_graphics-gpu-model-core-i3-1125g4-uhd-grafika","16":"pa_graphics-gpu-model-core-i7-1195g7-iris-xe-grafika","17":"pa_graphics-gpu-model-pentium-gold-7505-uhd-grafika","18":"pa_i-o-video-1x-hdmi-2-0b-lv","19":"pa_i-o-video-izmantojot-1x-usb-4-0-type-c-40gb-s","20":"pa_memory-ram-capacity-16-gb-lv","21":"pa_memory-ram-capacity-8-gb-lv","22":"pa_memory-ram-technology-lpddr4x-lv","23":"pa_processor-cpu-model-intel-core-i3-1125g4","24":"pa_processor-cpu-model-intel-core-i7-1195g7","25":"pa_processor-cpu-model-intel-pentium-gold-7505","26":"pa_processor-cpu-model-pentium-silver-n6000","27":"pa_storage-capacity-1-tb-lv","28":"pa_storage-capacity-512-gb-lv","29":"pa_wi-fi-wi-fi-6-lv","30":"woo-feed-brand-gpd-lv","32":"first","33":"instock","34":"sale","35":"taxable","36":"shipping-taxable","37":"purchasable","38":"product-type-variable","39":"has-default-attributes"},"acf":[],"aioseo_notices":[],"_links":{"self":[{"href":"https:\/\/gpdstore.net\/lv\/wp-json\/wp\/v2\/product\/194843","targetHints":{"allow":["GET"]}}],"collection":[{"href":"https:\/\/gpdstore.net\/lv\/wp-json\/wp\/v2\/product"}],"about":[{"href":"https:\/\/gpdstore.net\/lv\/wp-json\/wp\/v2\/types\/product"}],"wp:featuredmedia":[{"embeddable":true,"href":"https:\/\/gpdstore.net\/lv\/wp-json\/wp\/v2\/media\/31449"}],"wp:attachment":[{"href":"https:\/\/gpdstore.net\/lv\/wp-json\/wp\/v2\/media?parent=194843"}],"wp:term":[{"taxonomy":"product_brand","embeddable":true,"href":"https:\/\/gpdstore.net\/lv\/wp-json\/wp\/v2\/product_brand?post=194843"},{"taxonomy":"product_cat","embeddable":true,"href":"https:\/\/gpdstore.net\/lv\/wp-json\/wp\/v2\/product_cat?post=194843"},{"taxonomy":"product_tag","embeddable":true,"href":"https:\/\/gpdstore.net\/lv\/wp-json\/wp\/v2\/product_tag?post=194843"},{"taxonomy":"woo-feed-brand","embeddable":true,"href":"https:\/\/gpdstore.net\/lv\/wp-json\/wp\/v2\/woo-feed-brand?post=194843"}],"curies":[{"name":"wp","href":"https:\/\/api.w.org\/{rel}","templated":true}]}}