{"id":191508,"date":"2023-03-24T18:47:23","date_gmt":"2023-03-24T18:47:23","guid":{"rendered":"https:\/\/gpdstore.net\/uncategorized\/gpd-win-4-spelu-rokas-dators\/"},"modified":"2025-12-23T10:36:13","modified_gmt":"2025-12-23T10:36:13","slug":"gpd-win-4","status":"publish","type":"product","link":"https:\/\/gpdstore.net\/lv\/product\/gpd-win-4\/","title":{"rendered":"GPD WIN 4 sp\u0113\u013cu rokas dators"},"content":{"rendered":"\n<p>Ja esat aizraut\u012bgs sp\u0113l\u0113t\u0101js, kur\u0161 labpr\u0101t dodas ar sp\u0113l\u0113m ce\u013c\u0101, j\u016bs noteikti priec\u0101sieties uzzin\u0101t par GPD jaun\u0101ko portat\u012bvo sp\u0113\u013cu datoru GPD WIN 4. \u0160\u012b ier\u012bce ar t\u0101s kompaktajiem izm\u0113riem un jaud\u012bgaj\u0101m specifik\u0101cij\u0101m noteikti p\u0101rsteigs pat vispras\u012bg\u0101kos sp\u0113l\u0113t\u0101jus. <\/p>\n\n<p>Tikai 8,6 \u00d7 3,6 \u00d7 1,10 collas (22,0 \u00d7 9,2 \u00d7 2,8 cm) un tikai aptuveni 570 g smagais GPD WIN 4 ir neticami p\u0101rn\u0113s\u0101jams. Tas ir v\u0113l maz\u0101ks nek\u0101 t\u0101 priek\u0161g\u0101j\u0113js GPD WIN 3, t\u0101p\u0113c to ir viegli ieb\u0101zt neliel\u0101 som\u0101 vai jakas kabat\u0101 un pa\u0146emt l\u012bdzi, lai kurp j\u016bs dotos. <\/p>\n\n<p>Viena no GPD WIN 4 izcil\u0101kaj\u0101m iez\u012bm\u0113m ir AMD Ryzen 7 6800U procesors ar asto\u0146iem kodoliem un se\u0161padsmit pavedieniem, kas darbojas l\u012bdz 4,7 GHz un 28 W TDP. Tas apvienojum\u0101 ar Radeon 680M l\u012bdz 2,2 GHz frekvenci \u013cauj \u0161aj\u0101 rokas sp\u0113\u013cu dator\u0101 ar atska\u0146ojamiem iestat\u012bjumiem raiti sp\u0113l\u0113t jaun\u0101k\u0101s AAA Windows sp\u0113les. Neatkar\u012bgi no t\u0101, vai j\u016bs aizraujas ar pirm\u0101s personas \u0161au\u0161anas sp\u0113l\u0113m, lomu sp\u0113l\u0113m vai sporta simul\u0101cij\u0101m, ar GPD WIN 4 j\u016bs var\u0113siet darboties.  <\/p>\n\n<p>Run\u0101jot par atmi\u0146u un datu glab\u0101\u0161anu, GPD WIN 4 pied\u0101v\u0101 16 GB vai 32 GB LPDDR5-6400 MT&#8217;s RAM un l\u012bdz 2 TB \u0101tras SSD atmi\u0146as, kas atbalsta l\u012bdz pat M.2 PCIe 4.0 NVMe 2280 SSD. Tas noz\u012bm\u0113, ka jums b\u016bs pietiekami daudz vietas sp\u0113\u013cu un citu failu glab\u0101\u0161anai, un, pateicoties zibens\u0101trajai las\u012b\u0161anas un rakst\u012b\u0161anas \u0101trdarb\u012bbai SSD, jums neb\u016bs ilgi j\u0101gaida, l\u012bdz sp\u0113les tiks iel\u0101d\u0113tas.  <\/p>\n\n<p>GPD WIN 4 pied\u0101v\u0101 ar\u012b \u0101tru bezvadu savienojumu ar 802.11 a\/b\/g\/n\/ac\/ax WiFi 6 un Bluetooth 5.2. Un, ja esat ce\u013c\u0101 un nepiecie\u0161ama piek\u013cuve internetam, varat ieg\u0101d\u0101ties atsevi\u0161\u0137i nop\u0113rkamu pievienojamu moduli, kas atbalsta 4G LTE nano-sim kartes mobilo datu p\u0101rraidei. <\/p>\n\n<p>Ier\u012bcei ir 6 collu H-IPS sk\u0101rienekr\u0101ns ar 1920&#215;1080 iz\u0161\u0137irtsp\u0113ju, kas atbalsta gan 40 Hz, gan 60 Hz konfigur\u0113jamu kadru uz\u0146em\u0161anas \u0101trumu. Tas nodro\u0161ina, ka vec\u0101kas sp\u0113les uz GPD WIN 4 darbosies vienm\u0113r\u012bgi, neradot ekr\u0101na rot\u0101cijas probl\u0113mas, kas var rasties ar cit\u0101m rokas ier\u012bc\u0113m. <\/p>\n\n<p>GPD WIN 4 pied\u0101v\u0101 ar\u012b iespaid\u012bgu vad\u012bbas un dizaina sh\u0113mu, kas atg\u0101dina Sony PSP, ar dubultiem hall sensora d\u017eojistikiem, klasisk\u0101 stila D-pad un line\u0101r\u0101m analogaj\u0101m spr\u016bda pog\u0101m ar LED apgaismojumu. Turkl\u0101t ier\u012bces aizmugur\u0113 ir divas piel\u0101gojamas pogas, kas \u013cauj iestat\u012bt vad\u012bbas ier\u012bces, k\u0101 vien v\u0113laties. <\/p>\n\n<p>Ja v\u0113laties v\u0113l vair\u0101k palielin\u0101t GPD WIN 4 veiktsp\u0113ju, varat piesl\u0113gt \u0101r\u0113jo grafikas karti (eGPU), izmantojot \u0101trgaitas USB 4 piesl\u0113gvietu, kas atbalsta l\u012bdz pat 40 Gbps. Ier\u012bcei ir ar\u012b USB 3.2 Gen 2 ports datu p\u0101rraidei un uzl\u0101dei, k\u0101 ar\u012b USB Type-A ports papildu perif\u0113rijas ier\u012bc\u0113m. <\/p>\n\n<p>Ar 45,62Wh li-polim\u0113ra akumulatoru GPD WIN 4 var darboties l\u012bdz pat 10 stund\u0101m, lietojot to viegli, 3-6 stund\u0101m, lietojot m\u0113reni, un aptuveni 2 stund\u0101m, lietojot to intens\u012bvi. Tas noz\u012bm\u0113, ka varat sp\u0113l\u0113t savas iecien\u012bt\u0101k\u0101s sp\u0113les, atrodoties ce\u013c\u0101, neuztraucoties par ener\u0123ijas izs\u012bk\u0161anu. <\/p>\n\n<p>Nobeigum\u0101 j\u0101secina, ka GPD WIN 4 ir \u013coti p\u0101rn\u0113s\u0101jams sp\u0113\u013cu sp\u0113krats, kas ir ide\u0101li piem\u0113rots sp\u0113l\u0113\u0161anai ce\u013c\u0101. Neatkar\u012bgi no t\u0101, vai braucat uz darbu, ce\u013cojat vai vienk\u0101r\u0161i atp\u016b\u0161aties m\u0101j\u0101s, \u0161is portat\u012bvais sp\u0113\u013cu dators noteikti nodro\u0161in\u0101s jums izklaides stundas. T\u0101tad, k\u0101p\u0113c gan neizv\u0113l\u0113ties to ieg\u0101d\u0101ties jau \u0161odien un izbaud\u012bt augst\u0101k\u0101s klases AAA sp\u0113les?  <\/p>\n","protected":false},"excerpt":{"rendered":"<ul>\n<li><strong>AMD Ryzen 7 6800U<\/strong> \/ AMD Radeon 680M<\/li>\n<li><strong>l\u012bdz 32 GB<\/strong> LPDDR5 @ 6400 MT\/s<\/li>\n<li><strong>l\u012bdz 2 TB \u0101trgaitas<\/strong> PCI-E M <strong>.2 2280 SSD diskdzi\u0146\u0161<\/strong> <\/li>\n<li><strong>6&#8243; H-IPS tehnolo\u0123ijas sk\u0101rienekr\u0101ns<\/strong> <\/li>\n<li><strong>WiFi 6<\/strong> un <strong>Bluetooth 5.2<\/strong> atbalsts  <\/li>\n<\/ul>\n<p><img fetchpriority=\"high\" decoding=\"async\" src=\"https:\/\/gpdstore.net\/wp-content\/uploads\/2024\/03\/WIN-4-FREE-GIFTS.jpg\" alt=\"\" width=\"2000\" height=\"500\" class=\"alignnone size-full wp-image-4175\" srcset=\"https:\/\/gpdstore.net\/wp-content\/uploads\/2024\/03\/WIN-4-FREE-GIFTS.jpg 2000w, https:\/\/gpdstore.net\/wp-content\/uploads\/2024\/03\/WIN-4-FREE-GIFTS-600x150.jpg 600w, https:\/\/gpdstore.net\/wp-content\/uploads\/2024\/03\/WIN-4-FREE-GIFTS-1200x300.jpg 1200w, https:\/\/gpdstore.net\/wp-content\/uploads\/2024\/03\/WIN-4-FREE-GIFTS-768x192.jpg 768w, https:\/\/gpdstore.net\/wp-content\/uploads\/2024\/03\/WIN-4-FREE-GIFTS-1536x384.jpg 1536w, https:\/\/gpdstore.net\/wp-content\/uploads\/2024\/03\/WIN-4-FREE-GIFTS-360x90.jpg 360w, https:\/\/gpdstore.net\/wp-content\/uploads\/2024\/03\/WIN-4-FREE-GIFTS-990x248.jpg 990w, https:\/\/gpdstore.net\/wp-content\/uploads\/2024\/03\/WIN-4-FREE-GIFTS-441x110.jpg 441w, https:\/\/gpdstore.net\/wp-content\/uploads\/2024\/03\/WIN-4-FREE-GIFTS-150x38.jpg 150w\" sizes=\"(max-width: 2000px) 100vw, 2000px\" \/><\/p>\n[cg_accordion title=\"INFORM\u0100CIJA PAR MAKS\u0100JUMU\"]<\/p>\n<p>M\u0113s izmantojam jaun\u0101k\u0101s tehnolo\u0123ijas maks\u0101jumu apstr\u0101d\u0113, kas \u013cauj jums \u0101tri un dro\u0161i nor\u0113\u0137in\u0101ties, izmantojot debetkarti\/kred\u012btkarti vai PayPal.[\/cg_accordion]\n[cg_accordion title=\"GARANTIJA\"]<\/p>\n<p>2 gadu garantija no <a href=\"https:\/\/droix.net\/\" target=\"_blank\" rel=\"nofollow noopener\">DROIX Global, lai<\/a> j\u016bs b\u016btu mier\u0101.[\/cg_accordion]\n[cg_accordion title=\"KVALIT\u0100TES NODRO\u0160IN\u0100\u0160ANA UN PIRMSNOS\u016aT\u012a\u0160ANAS TEST\u0112\u0160ANA\"]<\/p>\n<p>Klientu apmierin\u0101t\u012bbas nodro\u0161in\u0101\u0161ana augst\u0101kaj\u0101 l\u012bmen\u012b: Katra ier\u012bce pirms nos\u016bt\u012b\u0161anas tiek r\u016bp\u012bgi test\u0113ta un p\u0101rbaud\u012bta vair\u0101kos kvalit\u0101tes nodro\u0161in\u0101\u0161anas punktos. M\u016bsu komanda p\u0101rbauda veiktsp\u0113ju, funkcionalit\u0101ti un komponentu integrit\u0101ti, lai garant\u0113tu, ka j\u016bsu GPD ier\u012bce ir ide\u0101l\u0101 darba k\u0101rt\u012bb\u0101, kad t\u0101 tiek pieg\u0101d\u0101ta, nodro\u0161inot jums p\u0101rliec\u012bbu un sirdsmieru. [\/cg_accordion]\n[cg_accordion title=\"CENAS, NODOK\u013bI UN PIEG\u0100DE\"]<\/p>\n<p><strong><u>Piez\u012bme:<\/u><\/strong><\/p>\n<ul>\n<li>Amerikas Savienot\u0101s Valstis Klienti: Klientiem, kas ieg\u0101d\u0101jas preces, nor\u0101d\u012bt\u0101 cena neietver ne nodokli, ne nodevas. Atbild\u012bba par muito\u0161anu un saist\u012bto nodok\u013cu\/muitas nodok\u013cu nomaksu gulstas uz klientu pleciem. <\/li>\n<li>ES klienti: Atkar\u012bb\u0101 no j\u016bsu valsts, nor\u0101d\u012bt\u0101 cena ietver piem\u0113rojamo nodokli, kas var b\u016bt l\u012bdz 25%.<\/li>\n<li>Kan\u0101das klienti: Atkar\u012bb\u0101 no j\u016bsu provinces nor\u0101d\u012btaj\u0101 cen\u0101 ir iek\u013cauti piem\u0113rojamie nodok\u013ci, kas var ietvert 5% GST un papildu provinces p\u0101rdo\u0161anas nodokli (PST), saska\u0146oto p\u0101rdo\u0161anas nodokli (HST) vai Kvebekas p\u0101rdo\u0161anas nodokli (QST).<\/li>\n<\/ul>\n<p><strong>Tikai ES klientiem:<\/strong> Express DDP (pieg\u0101de ar samaks\u0101tu muitas nodokli). Tas noz\u012bm\u0113: <\/p>\n<ul>\n<li>Visas muitas nodevas un nodok\u013ci ir iek\u013cauti produkta lap\u0101 nor\u0101d\u012btaj\u0101 cen\u0101.<\/li>\n<li>Pieg\u0101des br\u012bd\u012b jums neb\u016bs j\u0101maks\u0101 papildu maksa.<\/li>\n<li>Retos gad\u012bjumos, kad rodas ar muitu saist\u012btas probl\u0113mas, m\u016bsu komanda j\u016bsu v\u0101rd\u0101 veiks muito\u0161anas procesu, lai nodro\u0161in\u0101tu netrauc\u0113tu pieg\u0101di.<\/li>\n<p>Svar\u012bga inform\u0101cija par atgrie\u0161anu:<\/p>\n<li>Ja nolemjat atgriezt pas\u016bt\u012bjumu vai piepras\u012bt atmaksu, l\u016bdzu, \u0146emiet v\u0113r\u0101, ka nodok\u013ci un nodevas, kas samaks\u0101ti j\u016bsu v\u0101rd\u0101 saska\u0146\u0101 ar DDP noteikumiem, nevar tikt atmaks\u0101ti.<\/li>\n<p>S\u012bk\u0101ku inform\u0101ciju skatiet m\u016bsu <a href=\"https:\/\/droix.net\/terms-and-conditions\/\" target=\"_blank\" rel=\"nofollow noopener\">Noteikumos un nosac\u012bjumos<\/a>.\n<\/ul>\n<p>[\/cg_accordion]\n[cg_accordion title=\"KLIENTU ATBALSTS\"]<\/p>\n<p>Jums ir jaut\u0101jums? M\u0113s esam \u012bs\u0101 teksta att\u0101lum\u0101 no j\u016bsu jaut\u0101juma atrisin\u0101\u0161anas! <\/p>\n<p>S\u012bk\u0101ku inform\u0101ciju skatiet m\u016bsu <a href=\"https:\/\/gpdstore.net\/lv\/terms-of-service\/\" target=\"_blank\" rel=\"nofollow noopener\">Noteikumos un nosac\u012bjumos<\/a>.\n<\/ul>\n<p>[\/cg_accordion]\n[cg_accordion title=\"KAS IEK\u013bAUTS\"]<\/p>\n<ul>\n<li>1x GPD WIN 4<\/li>\n<li>1x baro\u0161anas adapteris<\/li>\n<li>1x C tipa USB kabelis<\/li>\n<li>1x lietot\u0101ja rokasgr\u0101mata<\/li>\n<\/ul>\n<p>[\/cg_accordion]\n","protected":false},"featured_media":191511,"template":"","meta":{"_acf_changed":false},"product_brand":[],"product_cat":[17626],"product_tag":[18283,6500],"woo-feed-brand":[5825],"class_list":{"0":"post-191508","1":"product","2":"type-product","3":"status-publish","4":"has-post-thumbnail","6":"product_cat-gpd-rokas-dators-spelem","7":"product_tag-10gpdsale-lv","8":"product_tag-gpd-win-4-lv","9":"product_shipping_class-premium","10":"pa_bluetooth-5-2-lv","11":"pa_display-type-h-ips-lv","12":"pa_graphics-gpu-model-radeon-680m-lv","13":"pa_i-o-video-izmantojot-1x-usb-4-0-type-c-40gb-s","14":"pa_memory-ram-capacity-16-gb-lv","15":"pa_memory-ram-capacity-32-gb-lv-2","16":"pa_memory-ram-technology-lpddr5-lv","17":"pa_processor-cpu-model-ryzen-7-6800u","18":"pa_storage-capacity-1-tb-lv","19":"pa_storage-capacity-2-tb-lv","20":"pa_storage-capacity-512-gb-lv","21":"pa_wi-fi-wi-fi-6-lv","22":"woo-feed-brand-gpd-lv","24":"first","25":"outofstock","26":"sale","27":"taxable","28":"shipping-taxable","29":"purchasable","30":"product-type-variable","31":"has-default-attributes"},"acf":[],"aioseo_notices":[],"_links":{"self":[{"href":"https:\/\/gpdstore.net\/lv\/wp-json\/wp\/v2\/product\/191508","targetHints":{"allow":["GET"]}}],"collection":[{"href":"https:\/\/gpdstore.net\/lv\/wp-json\/wp\/v2\/product"}],"about":[{"href":"https:\/\/gpdstore.net\/lv\/wp-json\/wp\/v2\/types\/product"}],"wp:featuredmedia":[{"embeddable":true,"href":"https:\/\/gpdstore.net\/lv\/wp-json\/wp\/v2\/media\/191511"}],"wp:attachment":[{"href":"https:\/\/gpdstore.net\/lv\/wp-json\/wp\/v2\/media?parent=191508"}],"wp:term":[{"taxonomy":"product_brand","embeddable":true,"href":"https:\/\/gpdstore.net\/lv\/wp-json\/wp\/v2\/product_brand?post=191508"},{"taxonomy":"product_cat","embeddable":true,"href":"https:\/\/gpdstore.net\/lv\/wp-json\/wp\/v2\/product_cat?post=191508"},{"taxonomy":"product_tag","embeddable":true,"href":"https:\/\/gpdstore.net\/lv\/wp-json\/wp\/v2\/product_tag?post=191508"},{"taxonomy":"woo-feed-brand","embeddable":true,"href":"https:\/\/gpdstore.net\/lv\/wp-json\/wp\/v2\/woo-feed-brand?post=191508"}],"curies":[{"name":"wp","href":"https:\/\/api.w.org\/{rel}","templated":true}]}}