{"id":187584,"date":"2023-03-24T15:50:53","date_gmt":"2023-03-24T15:50:53","guid":{"rendered":"https:\/\/gpdstore.net\/uncategorized\/gpd-stylus-4096-pp\/"},"modified":"2025-12-23T10:33:45","modified_gmt":"2025-12-23T10:33:45","slug":"gpd-stylus-4096-pp","status":"publish","type":"product","link":"https:\/\/gpdstore.net\/lv\/product\/gpd-stylus-4096-pp\/","title":{"rendered":"GPD Stylus 4096 PP"},"content":{"rendered":"\n<p>Uzlabojiet savu sp\u0113\u013cu sp\u0113l\u0113\u0161anu un produktivit\u0101ti, atrodoties ce\u013c\u0101, ar m\u016bsu Ultrabook Stylus &#8211; \u012bpa\u0161i izstr\u0101d\u0101tu GPD ier\u012bc\u0113m. GPD Stylus ir apr\u012bkots ar 4096 spiediena punktiem prec\u012bzai un dabiskai ievad\u012b\u0161anai, savuk\u0101rt t\u0101 gl\u012bt\u0101 pel\u0113k\u0101 kr\u0101sa un iek\u0161\u0113jais akumulators nodro\u0161ina augst\u0101k\u0101s kvalit\u0101tes lieto\u0161anas pieredzi. Ide\u0101li sader\u012bgs ar GPD Pocket 3 un WIN Max 2, m\u016bsu rakst\u0101mspalva nodro\u0161ina lab\u0101ku kontroli un precizit\u0101ti j\u016bsu iecien\u012bt\u0101kaj\u0101s sp\u0113l\u0113s un lietotn\u0113s. Neatkar\u012bgi no t\u0101, vai z\u012bm\u0113jat, rakst\u0101t piez\u012bmes vai p\u0101rvietojaties ar ier\u012bci, m\u016bsu GPD stylus ir ide\u0101ls ultrabook piederums. Pas\u016btiet tagad, lai paceltu savu produktivit\u0101ti un rado\u0161umu jaun\u0101 l\u012bmen\u012b!<\/p>\n","protected":false},"excerpt":{"rendered":"<ul>\n<li>Sader\u012bgs ar <strong>GPD Pocket 3 un<\/strong> <strong>GPD WIN MAX 2<\/strong><\/li>\n<li><strong>4096 l\u012bme\u0146u<\/strong> pildspalvas spiediena jut\u012bba<\/li>\n<li><strong>Elegants<\/strong>, ergonomisks dizains<\/li>\n<li><strong>Uzl\u0101d\u0113jams akumulators<\/strong> ar l\u012bdz pat 10 stund\u0101m ilgu darb\u012bbas laiku<\/li>\n<li>Piez\u012bmju rakst\u012b\u0161ana un rakstz\u012bmju ievad\u012b\u0161ana<\/li>\n<\/ul>\n[cg_accordion title=\"INFORM\u0100CIJA PAR MAKS\u0100JUMU\"]<\/p>\n<p>M\u0113s izmantojam jaun\u0101k\u0101s tehnolo\u0123ijas maks\u0101jumu apstr\u0101d\u0113, kas \u013cauj \u0101tri un dro\u0161i nor\u0113\u0137in\u0101ties, izmantojot Apple Pay, Google Pay, debetkarti\/kred\u012btkarti, PayPal vai BNPL metodes, piem\u0113ram, Klarna, Affirm vai AfterPay.[\/cg_accordion]\n[cg_accordion title=\"GARANTIJA\"]<\/p>\n<p>2 gadu garantija no <a href=\"https:\/\/droix.net\/\" target=\"_blank\" rel=\"nofollow noopener\">DROIX Global, lai<\/a> j\u016bs b\u016btu mier\u0101.[\/cg_accordion]\n[cg_accordion title=\"CENAS, NODOK\u013bI UN PIEG\u0100DE\"]<\/p>\n<p><strong><u>Piez\u012bme:<\/u><\/strong><\/p>\n<ul>\n<li>Amerikas Savienot\u0101s Valstis Klienti: Klientiem, kas ieg\u0101d\u0101jas preces, nor\u0101d\u012bt\u0101 cena neietver ne nodokli, ne nodevas. Atbild\u012bba par muito\u0161anu un saist\u012bto nodok\u013cu\/muitas nodok\u013cu nomaksu gulstas uz klientu pleciem. <\/li>\n<li>ES klienti: Atkar\u012bb\u0101 no j\u016bsu valsts, nor\u0101d\u012bt\u0101 cena ietver piem\u0113rojamo nodokli, kas var b\u016bt l\u012bdz 25%.<\/li>\n<li>Kan\u0101das klienti: Atkar\u012bb\u0101 no j\u016bsu provinces nor\u0101d\u012btaj\u0101 cen\u0101 ir iek\u013cauti piem\u0113rojamie nodok\u013ci, kas var ietvert 5% GST un papildu provinces p\u0101rdo\u0161anas nodokli (PST), saska\u0146oto p\u0101rdo\u0161anas nodokli (HST) vai Kvebekas p\u0101rdo\u0161anas nodokli (QST).<\/li>\n<\/ul>\n<p><strong>Tikai ES klientiem:<\/strong> Express DDP (pieg\u0101de ar samaks\u0101tu muitas nodokli). Tas noz\u012bm\u0113: <\/p>\n<ul>\n<li>Visas muitas nodevas un nodok\u013ci ir iek\u013cauti produkta lap\u0101 nor\u0101d\u012btaj\u0101 cen\u0101.<\/li>\n<li>Pieg\u0101des br\u012bd\u012b jums neb\u016bs j\u0101maks\u0101 papildu maksa.<\/li>\n<li>Retos gad\u012bjumos, kad rodas ar muitu saist\u012btas probl\u0113mas, m\u016bsu komanda j\u016bsu v\u0101rd\u0101 veiks muito\u0161anas procesu, lai nodro\u0161in\u0101tu netrauc\u0113tu pieg\u0101di.<\/li>\n<p>Svar\u012bga inform\u0101cija par atgrie\u0161anu:<\/p>\n<li>Ja nolemjat atgriezt pas\u016bt\u012bjumu vai piepras\u012bt atmaksu, l\u016bdzu, \u0146emiet v\u0113r\u0101, ka nodok\u013ci un nodevas, kas samaks\u0101ti j\u016bsu v\u0101rd\u0101 saska\u0146\u0101 ar DDP noteikumiem, nevar tikt atmaks\u0101ti.<\/li>\n<p>S\u012bk\u0101ku inform\u0101ciju skatiet m\u016bsu <a href=\"https:\/\/gpdstore.net\/lv\/terms-of-service\/\" target=\"_blank\" rel=\"nofollow noopener\">Noteikumos un nosac\u012bjumos<\/a>.\n<\/ul>\n<p>[\/cg_accordion]\n[cg_accordion title=\"KLIENTU ATBALSTS\"]<\/p>\n<p>Jums ir jaut\u0101jums? M\u0113s esam \u012bs\u0101 teksta att\u0101lum\u0101 no j\u016bsu jaut\u0101juma atrisin\u0101\u0161anas!<br \/>\n[\/cg_accordion]\n[cg_accordion title=\"KAS IEK\u013bAUTS\"]<\/p>\n<ul>\n<li>1x GPD Stylus<\/li>\n<\/ul>\n<p>[\/cg_accordion]\n","protected":false},"featured_media":187586,"template":"","meta":{"_acf_changed":false},"product_brand":[],"product_cat":[5400],"product_tag":[6086],"woo-feed-brand":[5825],"class_list":{"0":"post-187584","1":"product","2":"type-product","3":"status-publish","4":"has-post-thumbnail","6":"product_cat-aksesuari","7":"product_tag-gpd-wm2-piederums","8":"product_shipping_class-low-end","9":"pa_accessory-type-stylus-lv","10":"woo-feed-brand-gpd-lv","12":"first","13":"outofstock","14":"sale","15":"taxable","16":"shipping-taxable","17":"purchasable","18":"product-type-simple"},"acf":[],"aioseo_notices":[],"_links":{"self":[{"href":"https:\/\/gpdstore.net\/lv\/wp-json\/wp\/v2\/product\/187584","targetHints":{"allow":["GET"]}}],"collection":[{"href":"https:\/\/gpdstore.net\/lv\/wp-json\/wp\/v2\/product"}],"about":[{"href":"https:\/\/gpdstore.net\/lv\/wp-json\/wp\/v2\/types\/product"}],"wp:featuredmedia":[{"embeddable":true,"href":"https:\/\/gpdstore.net\/lv\/wp-json\/wp\/v2\/media\/187586"}],"wp:attachment":[{"href":"https:\/\/gpdstore.net\/lv\/wp-json\/wp\/v2\/media?parent=187584"}],"wp:term":[{"taxonomy":"product_brand","embeddable":true,"href":"https:\/\/gpdstore.net\/lv\/wp-json\/wp\/v2\/product_brand?post=187584"},{"taxonomy":"product_cat","embeddable":true,"href":"https:\/\/gpdstore.net\/lv\/wp-json\/wp\/v2\/product_cat?post=187584"},{"taxonomy":"product_tag","embeddable":true,"href":"https:\/\/gpdstore.net\/lv\/wp-json\/wp\/v2\/product_tag?post=187584"},{"taxonomy":"woo-feed-brand","embeddable":true,"href":"https:\/\/gpdstore.net\/lv\/wp-json\/wp\/v2\/woo-feed-brand?post=187584"}],"curies":[{"name":"wp","href":"https:\/\/api.w.org\/{rel}","templated":true}]}}