{"id":184845,"date":"2023-03-24T16:14:32","date_gmt":"2023-03-24T16:14:32","guid":{"rendered":"https:\/\/gpdstore.net\/uncategorized\/gpd-win-3-4-cieto-korpusu-futralis\/"},"modified":"2025-12-23T10:33:15","modified_gmt":"2025-12-23T10:33:15","slug":"gpd-win-3-4-hardshell-case","status":"publish","type":"product","link":"https:\/\/gpdstore.net\/lv\/product\/gpd-win-3-4-hardshell-case\/","title":{"rendered":"GPD WIN 3\/4 cieto korpusu futr\u0101lis"},"content":{"rendered":"\n<p>Aizsarg\u0101jiet savu GPD WIN 3 un GPD WIN 4 sp\u0113\u013cu portat\u012bvo datoru ar m\u016bsu iztur\u012bgo, vieglo un stil\u012bgo cieto korpusu aizsargv\u0101ci\u0146u. Izgatavots no augstas kvalit\u0101tes materi\u0101liem, \u0161is futr\u0101lis nodro\u0161ina izcilu aizsardz\u012bbu pret triecieniem, skr\u0101p\u0113jumiem un \u0101r\u0113jiem boj\u0101jumiem. T\u0101 ir ar m\u012bkstu iek\u0161pusi un dro\u0161u r\u0101v\u0113jsl\u0113dz\u0113ja aizdari, un tas ir ide\u0101ls piederums j\u016bsu datorsp\u0113\u013cu portat\u012bvajam datoram.<\/p>\n","protected":false},"excerpt":{"rendered":"<ul>\n<li><strong>Ofici\u0101lais<\/strong> GPD aizsargv\u0101ci\u0146\u0161 GPD Win 3\/4<\/li>\n<li><strong>Iztur\u012bgs<\/strong> \u0101r\u0113jais sint\u0113tisk\u0101 polim\u0113ra apvalks<\/li>\n<li>M\u012bksta auduma oder\u0113jums <strong>papildu aizsardz\u012bbai<\/strong>.<\/li>\n<li><strong>Atsevi\u0161\u0137s t\u012bklveida nodal\u012bjums<\/strong> perif\u0113rijas ier\u012bc\u0113m.<\/li>\n<li>Elegants dizains ar dro\u0161u r\u0101v\u0113jsl\u0113dz\u0113ja aizdari.<\/li>\n<\/ul>\n[cg_accordion title=\"INFORM\u0100CIJA PAR MAKS\u0100JUMU\"]<\/p>\n<p>M\u0113s izmantojam jaun\u0101k\u0101s tehnolo\u0123ijas maks\u0101jumu apstr\u0101d\u0113, kas \u013cauj \u0101tri un dro\u0161i nor\u0113\u0137in\u0101ties, izmantojot Apple Pay, Google Pay, debetkarti\/kred\u012btkarti, PayPal vai BNPL metodes, piem\u0113ram, Klarna, Affirm vai AfterPay.[\/cg_accordion]\n[cg_accordion title=\"GARANTIJA\"]<\/p>\n<p>2 gadu garantija no <a href=\"https:\/\/droix.net\/\" target=\"_blank\" rel=\"nofollow noopener\">DROIX Global, lai<\/a> j\u016bs b\u016btu mier\u0101.[\/cg_accordion]\n[cg_accordion title=\"CENAS, NODOK\u013bI UN PIEG\u0100DE\"]<\/p>\n<p><strong><u>Piez\u012bme:<\/u><\/strong><\/p>\n<ul>\n<li>Amerikas Savienot\u0101s Valstis Klienti: Klientiem, kas ieg\u0101d\u0101jas preces, nor\u0101d\u012bt\u0101 cena neietver ne nodokli, ne nodevas. Atbild\u012bba par muito\u0161anu un saist\u012bto nodok\u013cu\/muitas nodok\u013cu nomaksu gulstas uz klientu pleciem. <\/li>\n<li>ES klienti: Atkar\u012bb\u0101 no j\u016bsu valsts, nor\u0101d\u012bt\u0101 cena ietver piem\u0113rojamo nodokli, kas var b\u016bt l\u012bdz 25%.<\/li>\n<li>Kan\u0101das klienti: Atkar\u012bb\u0101 no j\u016bsu provinces nor\u0101d\u012btaj\u0101 cen\u0101 ir iek\u013cauti piem\u0113rojamie nodok\u013ci, kas var ietvert 5% GST un papildu provinces p\u0101rdo\u0161anas nodokli (PST), saska\u0146oto p\u0101rdo\u0161anas nodokli (HST) vai Kvebekas p\u0101rdo\u0161anas nodokli (QST).<\/li>\n<\/ul>\n<p><strong>Tikai ES klientiem:<\/strong> Express DDP (pieg\u0101de ar samaks\u0101tu muitas nodokli). Tas noz\u012bm\u0113: <\/p>\n<ul>\n<li>Visas muitas nodevas un nodok\u013ci ir iek\u013cauti produkta lap\u0101 nor\u0101d\u012btaj\u0101 cen\u0101.<\/li>\n<li>Pieg\u0101des br\u012bd\u012b jums neb\u016bs j\u0101maks\u0101 papildu maksa.<\/li>\n<li>Retos gad\u012bjumos, kad rodas ar muitu saist\u012btas probl\u0113mas, m\u016bsu komanda j\u016bsu v\u0101rd\u0101 veiks muito\u0161anas procesu, lai nodro\u0161in\u0101tu netrauc\u0113tu pieg\u0101di.<\/li>\n<p>Svar\u012bga inform\u0101cija par atgrie\u0161anu:<\/p>\n<li>Ja nolemjat atgriezt pas\u016bt\u012bjumu vai piepras\u012bt atmaksu, l\u016bdzu, \u0146emiet v\u0113r\u0101, ka nodok\u013ci un nodevas, kas samaks\u0101ti j\u016bsu v\u0101rd\u0101 saska\u0146\u0101 ar DDP noteikumiem, nevar tikt atmaks\u0101ti.<\/li>\n<p>S\u012bk\u0101ku inform\u0101ciju skatiet m\u016bsu <a href=\"https:\/\/gpdstore.net\/lv\/terms-of-service\/\" target=\"_blank\" rel=\"nofollow noopener\">Noteikumos un nosac\u012bjumos<\/a>.\n<\/ul>\n<p>[\/cg_accordion]\n[cg_accordion title=\"KLIENTU ATBALSTS\"]<\/p>\n<p>Jums ir jaut\u0101jums? M\u0113s esam \u012bs\u0101 teksta att\u0101lum\u0101 no j\u016bsu jaut\u0101juma atrisin\u0101\u0161anas!<br \/>\n[\/cg_accordion]\n[cg_accordion title=\"KAS IEK\u013bAUTS\"]<\/p>\n<ul>\n<li>1x GPD WIN 3\/4 futr\u0101lis<\/li>\n<\/ul>\n<p>[\/cg_accordion]\n","protected":false},"featured_media":184847,"template":"","meta":{"_acf_changed":false},"product_brand":[],"product_cat":[5400],"product_tag":[8311],"woo-feed-brand":[5825],"class_list":{"0":"post-184845","1":"product","2":"type-product","3":"status-publish","4":"has-post-thumbnail","6":"product_cat-aksesuari","7":"product_tag-gpd-win-3-accessory-lv","8":"product_shipping_class-low-end","9":"pa_accessory-type-aizsargvacins","10":"woo-feed-brand-gpd-lv","12":"first","13":"outofstock","14":"taxable","15":"shipping-taxable","16":"purchasable","17":"product-type-simple"},"acf":[],"aioseo_notices":[],"_links":{"self":[{"href":"https:\/\/gpdstore.net\/lv\/wp-json\/wp\/v2\/product\/184845","targetHints":{"allow":["GET"]}}],"collection":[{"href":"https:\/\/gpdstore.net\/lv\/wp-json\/wp\/v2\/product"}],"about":[{"href":"https:\/\/gpdstore.net\/lv\/wp-json\/wp\/v2\/types\/product"}],"wp:featuredmedia":[{"embeddable":true,"href":"https:\/\/gpdstore.net\/lv\/wp-json\/wp\/v2\/media\/184847"}],"wp:attachment":[{"href":"https:\/\/gpdstore.net\/lv\/wp-json\/wp\/v2\/media?parent=184845"}],"wp:term":[{"taxonomy":"product_brand","embeddable":true,"href":"https:\/\/gpdstore.net\/lv\/wp-json\/wp\/v2\/product_brand?post=184845"},{"taxonomy":"product_cat","embeddable":true,"href":"https:\/\/gpdstore.net\/lv\/wp-json\/wp\/v2\/product_cat?post=184845"},{"taxonomy":"product_tag","embeddable":true,"href":"https:\/\/gpdstore.net\/lv\/wp-json\/wp\/v2\/product_tag?post=184845"},{"taxonomy":"woo-feed-brand","embeddable":true,"href":"https:\/\/gpdstore.net\/lv\/wp-json\/wp\/v2\/woo-feed-brand?post=184845"}],"curies":[{"name":"wp","href":"https:\/\/api.w.org\/{rel}","templated":true}]}}