{"id":174347,"date":"2023-11-17T16:30:05","date_gmt":"2023-11-17T16:30:05","guid":{"rendered":"https:\/\/gpdstore.net\/uncategorized\/gpd-win-max-2-2023-spelu-rokas-dators\/"},"modified":"2025-12-19T16:32:52","modified_gmt":"2025-12-19T16:32:52","slug":"gpd-win-max-2-2023","status":"publish","type":"product","link":"https:\/\/gpdstore.net\/lv\/product\/gpd-win-max-2-2023\/","title":{"rendered":"GPD WIN MAX 2 2023 sp\u0113\u013cu rokas dators"},"content":{"rendered":"\n<figure class=\"wp-block-video\"><video controls=\"\" muted=\"\" poster=\"https:\/\/gpdstore.net\/wp-content\/uploads\/2024\/03\/q2hzxpbiybborpwbpolh-ezgif.com-webp-to-png-converter.png\" src=\"https:\/\/gpdstore.net\/wp-content\/uploads\/2024\/05\/gpd-win-max-2.mp4\"><\/video><\/figure>\n\n<div class=\"wp-block-columns is-layout-flex wp-container-core-columns-is-layout-28f84493 wp-block-columns-is-layout-flex\">\n<div class=\"wp-block-column is-layout-flow wp-block-column-is-layout-flow\" style=\"flex-basis:33.33%\">\n<figure class=\"wp-block-image size-full\"><img fetchpriority=\"high\" decoding=\"async\" width=\"669\" height=\"582\" src=\"https:\/\/gpdstore.net\/wp-content\/uploads\/2024\/05\/7044098-1.png\" alt=\"gpd win max 2\" class=\"wp-image-1642\" srcset=\"https:\/\/gpdstore.net\/wp-content\/uploads\/2024\/05\/7044098-1.png 669w, https:\/\/gpdstore.net\/wp-content\/uploads\/2024\/05\/7044098-1-150x130.png 150w, https:\/\/gpdstore.net\/wp-content\/uploads\/2024\/05\/7044098-1-600x522.png 600w, https:\/\/gpdstore.net\/wp-content\/uploads\/2024\/05\/7044098-1-441x384.png 441w\" sizes=\"(max-width: 669px) 100vw, 669px\" \/><\/figure>\n<\/div>\n\n\n\n<div class=\"wp-block-column is-layout-flow wp-block-column-is-layout-flow\" style=\"flex-basis:66.66%\">\n<h2 class=\"wp-block-heading\"><strong>GPD WIN MAX 2 2023 Handheld Gaming PC &#8211; AMD Ryzen 7 7840U (Zen 4), 10.1&#8243; 2.5K Display, 64GB RAM, OcuLink Support<\/strong><\/h2>\n\n\n\n<p>Why pay 2025 flagship prices when the GPD WIN MAX 2 2023 remains a top-tier contender? Powered by the legendary AMD Ryzen 7 7840U, this device is the ultimate &#8220;Silicon Sweet Spot&#8221; for gamers and professionals who demand 2.5K resolution and desktop-grade multitasking without the 2025 premium.<\/p>\n<\/div>\n<\/div>\n\n<h2 class=\"wp-block-heading has-text-align-center\">Izcil\u012bbas nodro\u0161in\u0101\u0161anai: Prec\u012bza vad\u012bba, profesion\u0101la daudzpus\u012bba un inteli\u0123enta dzes\u0113\u0161ana.<\/h2>\n\n<div class=\"wp-block-columns is-layout-flex wp-container-core-columns-is-layout-28f84493 wp-block-columns-is-layout-flex\">\n<div class=\"wp-block-column is-layout-flow wp-block-column-is-layout-flow\">\n<figure class=\"wp-block-image size-full\"><img decoding=\"async\" width=\"300\" height=\"300\" src=\"https:\/\/gpdstore.net\/wp-content\/uploads\/2024\/05\/074b1b41-54da-4de3-8a68-9035e22feb91.__CR880899899_PT0_SX300_V1___-1.jpg\" alt=\"pogas no&#x146;em&#x161;ana gpd win max 2\" class=\"wp-image-1643\" srcset=\"https:\/\/gpdstore.net\/wp-content\/uploads\/2024\/05\/074b1b41-54da-4de3-8a68-9035e22feb91.__CR880899899_PT0_SX300_V1___-1.jpg 300w, https:\/\/gpdstore.net\/wp-content\/uploads\/2024\/05\/074b1b41-54da-4de3-8a68-9035e22feb91.__CR880899899_PT0_SX300_V1___-1-150x150.jpg 150w, https:\/\/gpdstore.net\/wp-content\/uploads\/2024\/05\/074b1b41-54da-4de3-8a68-9035e22feb91.__CR880899899_PT0_SX300_V1___-1-100x100.jpg 100w\" sizes=\"(max-width: 300px) 100vw, 300px\" \/><\/figure>\n\n\n\n<h3 class=\"wp-block-heading\"><strong><strong><strong>Hola sensora priek\u0161roc\u012bba:<\/strong> k\u0101 magn\u0113tisk\u0101 indukcija nov\u0113r\u0161 &#8220;stick drift&#8221; un fizisko nolietojumu.<\/strong><\/strong><\/h3>\n\n\n\n<p>Tradicion\u0101lajai potenciometra n\u016bji\u0146ai, kas sprieguma sign\u0101la \u0123ener\u0113\u0161anai izmanto pretest\u012bbas suku, ir tendence uz \u201cdreifa\u201d probl\u0113m\u0101m, ko izraisa nolieto\u0161an\u0101s un nolietojums ilgsto\u0161as lieto\u0161anas laik\u0101. Ar WIN Max 2 2023 m\u0113s pirmo reizi esam ieviesu\u0161i Hola sensora n\u016bji\u0146as ar ieb\u016bv\u0113t\u0101m induktivit\u0101tes spol\u0113m. Magn\u0113tisk\u0101s indukcijas darb\u012bbas princips (n\u016bji\u0146ai rot\u0113jot da\u017e\u0101d\u0101s poz\u012bcij\u0101s, tiek \u0123ener\u0113tas da\u017e\u0101das magn\u0113tisk\u0101s pl\u016bsmas, kas savuk\u0101rt \u0123ener\u0113 da\u017e\u0101dus sprieguma sign\u0101lus) nosaka, ka Hola sensoru n\u016bji\u0146\u0101m nav nolietojuma, un t\u0101p\u0113c t\u0101m nav n\u016bji\u0146as dreifa probl\u0113mas.<\/p>\n<\/div>\n\n\n\n<div class=\"wp-block-column is-layout-flow wp-block-column-is-layout-flow\">\n<figure class=\"wp-block-image size-full\"><img decoding=\"async\" src=\"https:\/\/gpdstore.net\/wp-content\/uploads\/\" alt=\"magn&#x113;tiskie v&#x101;ki gpd\" class=\"wp-image-1645\"\/><\/figure>\n\n\n\n<h3 class=\"wp-block-heading\"><strong><strong><strong><strong>Magnetic Stealth Covers:<\/strong> Hide the joysticks for a clean, professional look in meetings.<\/strong><\/strong><\/strong><\/h3>\n\n\n\n<p>Rokas sp\u0113\u013cu dator\u0101 ieb\u016bv\u0113tais sp\u0113\u013cu kontrolieris var padar\u012bt to nepiem\u0113rotu darbavietai! Lai atrisin\u0101tu \u0161o probl\u0113mu, m\u0113s pievienoj\u0101m divus WIN Max 2 2023 spie\u0137u v\u0101ci\u0146us. Magn\u0113tiskais dizains nodro\u0161ina, ka abi v\u0101ci\u0146i nenokr\u012bt, lietojot ier\u012bci. Sp\u0113l\u0113jot sp\u0113les, v\u0101ci\u0146us var ar\u012b ievietot aizmugur\u0113j\u0101 nodal\u012bjum\u0101, kas pal\u012bdz nov\u0113rst nejau\u0161u nozaud\u0113\u0161anu!<\/p>\n<\/div>\n\n\n\n<div class=\"wp-block-column is-layout-flow wp-block-column-is-layout-flow\">\n<figure class=\"wp-block-image size-full\"><img decoding=\"async\" width=\"300\" height=\"300\" src=\"https:\/\/gpdstore.net\/wp-content\/uploads\/2024\/05\/5f397565-522a-44f6-910c-e7d2cec4ed88.__CR107012291229_PT0_SX300_V1___-1.jpg\" alt=\"dzes&#x113;&#x161;anas win max 2\" class=\"wp-image-1646\" srcset=\"https:\/\/gpdstore.net\/wp-content\/uploads\/2024\/05\/5f397565-522a-44f6-910c-e7d2cec4ed88.__CR107012291229_PT0_SX300_V1___-1.jpg 300w, https:\/\/gpdstore.net\/wp-content\/uploads\/2024\/05\/5f397565-522a-44f6-910c-e7d2cec4ed88.__CR107012291229_PT0_SX300_V1___-1-150x150.jpg 150w, https:\/\/gpdstore.net\/wp-content\/uploads\/2024\/05\/5f397565-522a-44f6-910c-e7d2cec4ed88.__CR107012291229_PT0_SX300_V1___-1-100x100.jpg 100w\" sizes=\"(max-width: 300px) 100vw, 300px\" \/><\/figure>\n\n\n\n<h3 class=\"wp-block-heading\"><strong><strong>Uzlabot\u0101 aparat\u016bra:<\/strong> Augstas veiktsp\u0113jas turboventilatora un dubulto siltumcauru\u013cu izmanto\u0161ana, lai nodro\u0161in\u0101tu stabilu gaisa pl\u016bsmu.<\/strong><\/h3>\n\n\n\n<p>GPD WIN MAX 2 2023 ir apr\u012bkots ar uzlabotu PC klases dzes\u0113\u0161anas sist\u0113mu ar lielu turboventilatoru + dubult\u0101m siltuma caurul\u0113m, kas var lepoties ar liela tilpuma s\u0101nu gaisa izp\u016b\u0161anu un \u013coti inteli\u0123entu \u0101truma regul\u0113\u0161anu. Ja iek\u0161\u0113j\u0101 temperat\u016bra ir zem\u0101ka par 40\u00b0C, ventilatora \u0101trums nep\u0101rsniedz 20% no maksim\u0101l\u0101s jaudas. Kad iek\u0161\u0113j\u0101 temperat\u016bra sasniedz augst\u0101ku par 40\u00b0C, ventilatora \u0101trums palielin\u0101s ar 2% PWM soli, l\u012bdz sasniedz maksim\u0101lo slieksni (100%).<\/p>\n<\/div>\n<\/div>\n\n<h3 class=\"wp-block-heading\"><strong>VIZU\u0100LS BAUD\u012aJUMS: 10,1&#8243; SK\u0100RIENVAD\u012aBAS SK\u0100RIENEKR\u0100NS<\/strong><\/h3>\n\n<figure class=\"wp-block-image size-large\"><img loading=\"lazy\" decoding=\"async\" width=\"1200\" height=\"782\" src=\"https:\/\/gpdstore.net\/wp-content\/uploads\/2024\/05\/7044066-1-1200x782.png\" alt=\"GPD win max ar datoru\" class=\"wp-image-1648\" srcset=\"https:\/\/gpdstore.net\/wp-content\/uploads\/2024\/05\/7044066-1-1200x782.png 1200w, https:\/\/gpdstore.net\/wp-content\/uploads\/2024\/05\/7044066-1-150x98.png 150w, https:\/\/gpdstore.net\/wp-content\/uploads\/2024\/05\/7044066-1-600x391.png 600w, https:\/\/gpdstore.net\/wp-content\/uploads\/2024\/05\/7044066-1-768x501.png 768w, https:\/\/gpdstore.net\/wp-content\/uploads\/2024\/05\/7044066-1-990x645.png 990w, https:\/\/gpdstore.net\/wp-content\/uploads\/2024\/05\/7044066-1-441x287.png 441w, https:\/\/gpdstore.net\/wp-content\/uploads\/2024\/05\/7044066-1.png 1442w\" sizes=\"(max-width: 1200px) 100vw, 1200px\" \/><\/figure>\n\n<p>Gatavojieties, ka j\u016bs p\u0101rsteigs GPD WIN MAX 2 2023 10,1&#8243; 10 punktu sk\u0101rienekr\u0101na Touch Control sk\u0101rienekr\u0101ns. Ar 16:10 malu attiec\u012bbu un 1920&#215;1200 iz\u0161\u0137irtsp\u0113ju \u0161is spilgtais ekr\u0101ns nodro\u0161ina satrieco\u0161u vizu\u0101lo kvalit\u0101ti. Atbalstot iz\u0161\u0137irtsp\u0113ju l\u012bdz 2560&#215;1600 un pikse\u013cu bl\u012bvumu 299 <a href=\"https:\/\/www.displayninja.com\/what-is-pixel-density\/\">PPI,<\/a> ikviena deta\u013ca ir skaidra un skaidra, nodro\u0161inot aizraujo\u0161u sp\u0113\u013cu pieredzi.  <\/p>\n\n<h2 class=\"wp-block-heading\"><strong><strong>Zen 4 Performance: The Emulation King<\/strong><\/strong><\/h2>\n\n<p>The 7840U Phoenix architecture remains a fan favorite in 2025 for its incredible efficiency.<\/p>\n\n<p>Native OcuLink: Skip the USB4 bottlenecks. Connect directly to the GPD G1 eGPU for a 4K desktop experience.<\/p>\n\n<p>Pro-Grade Emulation: Native AVX-512 support allows for superior PS3 (RPCS3) and Xbox 360 (Xenia) performance compared to many newer, more expensive handhelds.<\/p>\n\n<p>Software Boosted: Fully compatible with AMD AFMF 2 and FSR 3.1, allowing you to play AAA titles at smooth frame rates on the 10.1&#8243; screen.<\/p>\n\n<h2 class=\"wp-block-heading\"><strong>GRAFIKA, KAS P\u0100RSTEIDZ: AMD RADEON 780M GPU<\/strong><\/h2>\n\n<p>\u013baujieties GPD WIN MAX 2 2023 satrieco\u0161ajam vizu\u0101lajam sniegumam, pateicoties AMD <a href=\"https:\/\/www.notebookcheck.net\/AMD-Radeon-780M-GPU-Benchmarks-and-Specs.680539.0.html\" target=\"_blank\" rel=\"noreferrer noopener nofollow\">Radeon 780M GPU.<\/a> \u0160\u012b jaud\u012bg\u0101 grafisk\u0101 karte nodro\u0161ina vienm\u0113r\u012bgu kadru uz\u0146em\u0161anas \u0101trumu un elpu aizraujo\u0161u grafiku, lai nodro\u0161in\u0101tu vizu\u0101li satrieco\u0161u sp\u0113\u013cu pieredzi.<\/p>\n\n<h2 class=\"wp-block-heading\"><strong>NEP\u0100RSP\u0112JAMA ATMI\u0145A: L\u012aDZ 64 GB LPDDR5 RAM<\/strong><\/h2>\n\n<p>GPD WIN MAX 2 2023 ir apr\u012bkots ar zibens\u0101tru 6400 MT\/s <a href=\"https:\/\/en.wikipedia.org\/wiki\/LPDDR\">LPDDR5 operat\u012bvo atmi\u0146u<\/a>, kas nodro\u0161ina \u0101tru iel\u0101des laiku, nevainojamu daudzuzdevumu izpildi un vienm\u0113r\u012bgu sp\u0113l\u0113\u0161anu sare\u017e\u0123\u012btos scen\u0101rijos.<\/p>\n\n<h2 class=\"wp-block-heading\"><strong>PILN\u012aGA GLAB\u0100JUMS: M.2 NVME 2280 SSD 4TB <\/strong><\/h2>\n\n<p>Aizmirstiet par to, ka jums pietr\u016bks glab\u0101\u0161anas vietas, pateicoties ietilp\u012bgajam M.2 NVME 2280 <a href=\"https:\/\/en.wikipedia.org\/wiki\/NVM_Express#:~:text=NVM%20Express%20(NVMe)%20or%20Non,via%20the%20PCI%20Express%20bus.\">SSD<\/a> diskam, kas var lepoties ar milz\u012bgu 4 TB ietilp\u012bbu. Atvadieties no sp\u0113\u013cu dz\u0113\u0161anas, lai atbr\u012bvotu vietu; ar GPD WIN MAX 2 2023 iesp\u0113jas ir bezgal\u012bgas.<\/p>\n\n<h2 class=\"wp-block-heading\"><strong>UZTUR\u0112T SAVIENOJUMU: WI-FI 6 UN BLUETOOTH 5.2<\/strong><\/h2>\n\n<p>Savienojam\u012bbai ir b\u016btiska noz\u012bme, jo <a href=\"https:\/\/www.theverge.com\/2019\/2\/21\/18232026\/wi-fi-6-speed-explained-router-wifi-how-does-work\">WiFi 6<\/a> nodro\u0161ina zibens\u0101tru un stabilu interneta savienojumu, kas nodro\u0161ina netrauc\u0113tu tie\u0161saistes sp\u0113\u013cu sp\u0113l\u0113\u0161anu. <a href=\"https:\/\/www.bluetooth.com\/bluetooth-resources\/whats-new-in-core-spec-version-5-2\/\">Bluetooth 5.2<\/a> \u013cauj piesl\u0113gt bezvadu perif\u0113rijas ier\u012bces patiesi aizraujo\u0161ai sp\u0113\u013cu pieredzei.<\/p>\n\n<h2 class=\"wp-block-heading\"><strong>NEVAINOJAMA SAVIENOJAM\u012aBA: DAUDZPUS\u012aGI PORTI<\/strong><\/h2>\n\n<p>GPD WIN MAX 2 2023 ir apr\u012bkots ar virkni piesl\u0113gvietu vis\u0101m sp\u0113\u013cu un perif\u0113rijas ier\u012b\u010du vajadz\u012bb\u0101m. Ar 1x USB 4, 1x USB 3.2 Gen 2 Type-C, 2x USB 3.2 Gen 2 Type-A un OCuLink(SFF-8612) portu, viegli <a href=\"https:\/\/blog.fosketts.net\/2017\/06\/22\/what-is-oculink\/\" target=\"_blank\" rel=\"noreferrer noopener nofollow\">piesl\u0113dziet \u0101r\u0113j\u0101s<\/a> ier\u012bces. <\/p>\n\n<h2 class=\"wp-block-heading\"><strong>UZLABOTAS FUNKCIJAS NEP\u0100RSP\u0112JAMAI \u0112RT\u012aBAI<\/strong><\/h2>\n\n<p>GPD WIN MAX 2 2023 nodro\u0161ina nevainojamu sp\u0113\u013cu pieredzi ar pirkstu nospiedumu sensoru \u0101trai un dro\u0161ai ier\u012bces atblo\u0137\u0113\u0161anai. Microsoft Precision Touchpad (PTP) nodro\u0161ina vienm\u0113r\u012bgu un prec\u012bzu kursora vad\u012bbu, bet tastat\u016bra ar aizmugur\u0113jo apgaismojumu \u013cauj sp\u0113l\u0113t sp\u0113les v\u0101j\u0101 apgaismojum\u0101. <\/p>\n\n<h2 class=\"wp-block-heading\"><strong>ILGSTO\u0160A JAUDA: ILGSTO\u0160S AKUMULATORA DARB\u012aBAS LAIKS<\/strong><\/h2>\n\n<p>GPD WIN MAX 2 2023 67Wh li-polim\u0113ra akumulators nodro\u0161ina l\u012bdz 3 stund\u0101m intens\u012bvas lieto\u0161anas, 6-8 stund\u0101m vid\u0113jas lieto\u0161anas un iespaid\u012bg\u0101m 14 stund\u0101m vieglas lieto\u0161anas, nodro\u0161inot dro\u0161u un ilgsto\u0161u ener\u0123ijas avotu sp\u0113l\u0113t\u0101jiem.<\/p>\n\n<h2 class=\"wp-block-heading\"><strong>KOMPAKTS UN VIEGLS DIZAINS<\/strong><\/h2>\n\n<p>GPD WIN MAX 2 2023 nodro\u0161ina jaud\u012bgu veiktsp\u0113ju kompakt\u0101 un viegl\u0101 dizain\u0101, kura izm\u0113ri ir tikai 8,9 x 6,2 x 0,9 collas un svars tikai 1005 g. Izgatavota no augstas kvalit\u0101tes materi\u0101liem, t\u0101 nodro\u0161ina iztur\u012bbu un uzb\u016bves kvalit\u0101ti, lai var\u0113tu sp\u0113l\u0113t sp\u0113les ar\u012b atrodoties ce\u013c\u0101. <\/p>\n\n<h2 class=\"wp-block-heading\"><strong>IEPRIEK\u0160 INSTAL\u0112TA OPER\u0112T\u0100JSIST\u0112MA WINDOWS 11 HOME<\/strong><\/h2>\n\n<p>GPD WIN MAX 2 2023 ir iepriek\u0161 instal\u0113ta oper\u0113t\u0101jsist\u0113ma <a href=\"https:\/\/www.microsoft.com\/en-gb\/windows\/windows-11\" target=\"_blank\" rel=\"noreferrer noopener nofollow\">Windows 11 Home,<\/a> kas pied\u0101v\u0101 optimiz\u0113tu sp\u0113\u013cu pieredzi ar intuit\u012bvu saskarni un uzlabot\u0101m sp\u0113\u013cu funkcij\u0101m.<\/p>\n\n<h2 class=\"wp-block-heading\"><strong>SECIN\u0100JUMS<\/strong><\/h2>\n\n<p>GPD WIN MAX 2 2023 ir lab\u0101kais p\u0101rn\u0113s\u0101jamais sp\u0113\u013cu dators, kas nodro\u0161ina augstas klases sp\u0113\u013cu veiktsp\u0113ju kompakt\u0101 form\u0101t\u0101. Ar AMD Ryzen 7 7840U vai Ryzen 5 7640U CPU, AMD Radeon 780M GPU un l\u012bdz 64 GB RAM tas nodro\u0161ina izcilu veiktsp\u0113ju pras\u012bg\u0101m sp\u0113l\u0113m. 10,1&#8243; sk\u0101rienvad\u012bbas sk\u0101rienekr\u0101ns, daudzpus\u012bgas savienojam\u012bbas iesp\u0113jas un \u0113rtas funkcijas padara sp\u0113l\u0113\u0161anu, atrodoties ce\u013c\u0101, pavisam vienk\u0101r\u0161u. Ilgsto\u0161s akumulatora darb\u012bbas laiks un kompakts dizains \u013cauj izbaud\u012bt sp\u0113l\u0113\u0161anu bez ierobe\u017eojumiem.   <\/p>\n\n<h3 class=\"wp-block-heading\"><strong>GPD WIN MAX 2 2023 plusi:<\/strong><\/h3>\n\n<ol class=\"wp-block-list\">\n<li>Powerful Performance: AMD Ryzen 7 7840U CPU and Ryzen 5 7640U with AMD Radeon 780M GPU deliver impressive performance for demanding games.<\/li>\n\n\n\n<li>Compact and Portable: The GPD WIN MAX 2 2023 offers unparalleled portability, making it easy to game on the go.<\/li>\n\n\n\n<li>Stunning Display: The 10.1&#8243; touch control display provides vibrant visuals and a high-resolution experience.<\/li>\n\n\n\n<li>Versatile Connectivity: The GPD WIN MAX 2 2023 offers a range of ports and wireless connectivity options, ensuring seamless integration with peripherals and online gaming experiences.<\/li>\n\n\n\n<li>Ample Storage: The spacious 4TB SSD eliminates the need to constantly delete and reinstall games.<\/li>\n<\/ol>\n\n<h3 class=\"wp-block-heading\">Order Your GPD WIN MAX 2 \u2013 In Stock &amp; Ready to Ship<\/h3>\n\n<p>Get the industry\u2019s most versatile work-and-play hybrid with a full 12-month official warranty.<\/p>\n\n<ul class=\"wp-block-list\">\n<li>Status: In Stock (Ships within 24 hours).<\/li>\n\n\n\n<li>Shipping: Insured worldwide express delivery.<\/li>\n\n\n\n<li>Support: Authorized GPD technical assistance included.<\/li>\n<\/ul>\n\n<p>M\u016bsu pilno GPD WIN MAX 2 2023 p\u0101rskatu lasiet <a href=\"https:\/\/droix.net\/blogs\/gpd-win-max-2-2023-review\/\">\u0161eit, lai uzzin\u0101tu<\/a> detaliz\u0113tu inform\u0101ciju par funkcij\u0101m, sal\u012bdzino\u0161ajiem r\u0101d\u012bt\u0101jiem, sp\u0113l\u0113\u0161anu un emul\u0101cijas veiktsp\u0113ju.<\/p>\n","protected":false},"excerpt":{"rendered":"<ul>\n<li>PROCESORS: AMD Ryzen 5 \/ 7<strong> 7640U \/ 7840U <\/strong> <\/li>\n<li>GPU: AMD Radeon<strong> 760M \/ 780M<\/strong><\/li>\n<li>RAM: l\u012bdz<strong> 64 GB LPDDR5X @ 6400 MT\/s<\/strong><\/li>\n<li>GLAB\u0100DE: l\u012bdz 4 TB<strong> Gen 3<\/strong> <strong>PCI-E<\/strong> NVMe SSD<\/li>\n<li>Savienojam\u012bba: Wi-Fi<strong> 6<\/strong> un Bluetooth <strong>5.2<\/strong> atbalsts<\/li>\n<\/ul>\n[cg_accordion title=\"INFORM\u0100CIJA PAR MAKS\u0100JUMU\"]<\/p>\n<p>M\u0113s izmantojam jaun\u0101k\u0101s tehnolo\u0123ijas maks\u0101jumu apstr\u0101d\u0113, kas \u013cauj jums \u0101tri un dro\u0161i nor\u0113\u0137in\u0101ties, izmantojot debetkarti\/kred\u012btkarti vai PayPal.[\/cg_accordion]\n[cg_accordion title=\"GARANTIJA\"]<\/p>\n<p>2 gadu garantija no <a href=\"https:\/\/droix.net\/\" target=\"_blank\" rel=\"nofollow noopener\">DROIX Global, lai<\/a> j\u016bs b\u016btu mier\u0101.[\/cg_accordion]\n[cg_accordion title=\"KVALIT\u0100TES NODRO\u0160IN\u0100\u0160ANA UN PIRMSNOS\u016aT\u012a\u0160ANAS TEST\u0112\u0160ANA\"]<\/p>\n<p>Klientu apmierin\u0101t\u012bbas nodro\u0161in\u0101\u0161ana augst\u0101kaj\u0101 l\u012bmen\u012b: Katra ier\u012bce pirms nos\u016bt\u012b\u0161anas tiek r\u016bp\u012bgi test\u0113ta un p\u0101rbaud\u012bta vair\u0101kos kvalit\u0101tes nodro\u0161in\u0101\u0161anas punktos. M\u016bsu komanda p\u0101rbauda veiktsp\u0113ju, funkcionalit\u0101ti un komponentu integrit\u0101ti, lai garant\u0113tu, ka j\u016bsu GPD ier\u012bce ir ide\u0101l\u0101 darba k\u0101rt\u012bb\u0101, kad t\u0101 tiek pieg\u0101d\u0101ta, nodro\u0161inot jums p\u0101rliec\u012bbu un sirdsmieru. [\/cg_accordion]\n[cg_accordion title=\"CENAS, NODOK\u013bI UN PIEG\u0100DE\"]<\/p>\n<p><strong><u>Piez\u012bme:<\/u><\/strong><\/p>\n<ul>\n<li>Amerikas Savienot\u0101s Valstis Klienti: Klientiem, kas ieg\u0101d\u0101jas preces, nor\u0101d\u012bt\u0101 cena neietver ne nodokli, ne nodevas. Atbild\u012bba par muito\u0161anu un saist\u012bto nodok\u013cu\/muitas nodok\u013cu nomaksu gulstas uz klientu pleciem. <\/li>\n<li>ES klienti: Atkar\u012bb\u0101 no j\u016bsu valsts, nor\u0101d\u012bt\u0101 cena ietver piem\u0113rojamo nodokli, kas var b\u016bt l\u012bdz 25%.<\/li>\n<li>Kan\u0101das klienti: Atkar\u012bb\u0101 no j\u016bsu provinces nor\u0101d\u012btaj\u0101 cen\u0101 ir iek\u013cauti piem\u0113rojamie nodok\u013ci, kas var ietvert 5% GST un papildu provinces p\u0101rdo\u0161anas nodokli (PST), saska\u0146oto p\u0101rdo\u0161anas nodokli (HST) vai Kvebekas p\u0101rdo\u0161anas nodokli (QST).<\/li>\n<\/ul>\n<p><strong>Tikai ES klientiem:<\/strong> Express DDP (pieg\u0101de ar samaks\u0101tu muitas nodokli). Tas noz\u012bm\u0113: <\/p>\n<ul>\n<li>Visas muitas nodevas un nodok\u013ci ir iek\u013cauti produkta lap\u0101 nor\u0101d\u012btaj\u0101 cen\u0101.<\/li>\n<li>Pieg\u0101des br\u012bd\u012b jums neb\u016bs j\u0101maks\u0101 papildu maksa.<\/li>\n<li>Retos gad\u012bjumos, kad rodas ar muitu saist\u012btas probl\u0113mas, m\u016bsu komanda j\u016bsu v\u0101rd\u0101 veiks muito\u0161anas procesu, lai nodro\u0161in\u0101tu netrauc\u0113tu pieg\u0101di.<\/li>\n<p>Svar\u012bga inform\u0101cija par atgrie\u0161anu:<\/p>\n<li>Ja nolemjat atgriezt pas\u016bt\u012bjumu vai piepras\u012bt atmaksu, l\u016bdzu, \u0146emiet v\u0113r\u0101, ka nodok\u013ci un nodevas, kas samaks\u0101ti j\u016bsu v\u0101rd\u0101 saska\u0146\u0101 ar DDP noteikumiem, nevar tikt atmaks\u0101ti.<\/li>\n<p>S\u012bk\u0101ku inform\u0101ciju skatiet m\u016bsu <a href=\"https:\/\/droix.net\/terms-and-conditions\/\" target=\"_blank\" rel=\"nofollow noopener\">Noteikumos un nosac\u012bjumos<\/a>.\n<\/ul>\n<p>[\/cg_accordion]\n[cg_accordion title=\"KLIENTU ATBALSTS\"]<\/p>\n<p>Jums ir jaut\u0101jums? M\u0113s esam \u012bs\u0101 teksta att\u0101lum\u0101 no j\u016bsu jaut\u0101juma atrisin\u0101\u0161anas! <\/p>\n<p>S\u012bk\u0101ku inform\u0101ciju skatiet m\u016bsu <a href=\"https:\/\/gpdstore.net\/lv\/terms-of-service\/\" target=\"_blank\" rel=\"nofollow noopener\">Noteikumos un nosac\u012bjumos<\/a>.\n<\/ul>\n<p>[\/cg_accordion]\n[cg_accordion title=\"KAS IEK\u013bAUTS\"]<\/p>\n<ul>\n<li>1x GPD WIN MAX 2 2023<\/li>\n<li>1x baro\u0161anas adapteris<\/li>\n<li>1x C tipa USB kabelis<\/li>\n<li>1x lietot\u0101ja rokasgr\u0101mata<\/li>\n<\/ul>\n<p>[\/cg_accordion]\n","protected":false},"featured_media":174555,"template":"","meta":{"_acf_changed":false},"product_brand":[],"product_cat":[17626],"product_tag":[15876,8152],"woo-feed-brand":[5825],"class_list":{"0":"post-174347","1":"product","2":"type-product","3":"status-publish","4":"has-post-thumbnail","6":"product_cat-gpd-rokas-dators-spelem","7":"product_tag-15xmsale-lv","8":"product_tag-gpd-win-max-2-lv","9":"product_shipping_class-premium","10":"pa_bluetooth-5-2-lv","11":"pa_brand-gpd","12":"pa_graphics-gpu-model-radeon-760m-lv","13":"pa_graphics-gpu-model-intel-iris-xe-grafika-lv","14":"pa_i-o-video-1x-hdmi-2-1-lv-2","15":"pa_i-o-video-1x-oculink-lv","16":"pa_i-o-video-izmantojot-1x-usb-4-0-type-c-40gb-s","17":"pa_memory-ram-capacity-16-gb-lv","18":"pa_memory-ram-capacity-32-gb-lv-2","19":"pa_memory-ram-capacity-64-gb-lv","20":"pa_memory-ram-technology-lpddr5x-lv","21":"pa_processor-cpu-model-amd-ryzen-5-7640u","22":"pa_processor-cpu-model-amd-ryzen-7-7840u","23":"pa_storage-capacity-1-tb-lv","24":"pa_storage-capacity-2-tb-lv","25":"pa_storage-capacity-4-tb-lv","26":"pa_storage-technology-pcie-gen-3-lv","27":"pa_wi-fi-wi-fi-6-lv","28":"woo-feed-brand-gpd-lv","30":"first","31":"outofstock","32":"sale","33":"taxable","34":"shipping-taxable","35":"purchasable","36":"product-type-variable","37":"has-default-attributes"},"acf":[],"aioseo_notices":[],"_links":{"self":[{"href":"https:\/\/gpdstore.net\/lv\/wp-json\/wp\/v2\/product\/174347","targetHints":{"allow":["GET"]}}],"collection":[{"href":"https:\/\/gpdstore.net\/lv\/wp-json\/wp\/v2\/product"}],"about":[{"href":"https:\/\/gpdstore.net\/lv\/wp-json\/wp\/v2\/types\/product"}],"wp:featuredmedia":[{"embeddable":true,"href":"https:\/\/gpdstore.net\/lv\/wp-json\/wp\/v2\/media\/174555"}],"wp:attachment":[{"href":"https:\/\/gpdstore.net\/lv\/wp-json\/wp\/v2\/media?parent=174347"}],"wp:term":[{"taxonomy":"product_brand","embeddable":true,"href":"https:\/\/gpdstore.net\/lv\/wp-json\/wp\/v2\/product_brand?post=174347"},{"taxonomy":"product_cat","embeddable":true,"href":"https:\/\/gpdstore.net\/lv\/wp-json\/wp\/v2\/product_cat?post=174347"},{"taxonomy":"product_tag","embeddable":true,"href":"https:\/\/gpdstore.net\/lv\/wp-json\/wp\/v2\/product_tag?post=174347"},{"taxonomy":"woo-feed-brand","embeddable":true,"href":"https:\/\/gpdstore.net\/lv\/wp-json\/wp\/v2\/woo-feed-brand?post=174347"}],"curies":[{"name":"wp","href":"https:\/\/api.w.org\/{rel}","templated":true}]}}