{"id":144828,"date":"2024-01-23T13:57:51","date_gmt":"2024-01-23T13:57:51","guid":{"rendered":"https:\/\/gpdstore.net\/uncategorized\/usb-4-0-c-tipa-kabelis\/"},"modified":"2025-12-23T10:23:05","modified_gmt":"2025-12-23T10:23:05","slug":"usb-4-0-type-c-cable","status":"publish","type":"product","link":"https:\/\/gpdstore.net\/lv\/product\/usb-4-0-type-c-cable\/","title":{"rendered":"USB 4.0 C tipa kabelis"},"content":{"rendered":"\n<h3 class=\"wp-block-heading\"><strong>Uzlabojiet savienojam\u012bbu ar m\u016bsu modern\u0101ko USB 4.0 C tipa kabeli<\/strong><br\/><strong>Izp\u0113tiet bez\u0161uvju savienojam\u012bbas iesp\u0113jas<\/strong><\/h3>\n\n<h4 class=\"wp-block-heading\"><strong>Datu potenci\u0101la atrais\u012b\u0161ana<\/strong><\/h4>\n\n<p>Atbr\u012bvo datu potenci\u0101lu ar m\u016bsu revolucion\u0101ro USB 4.0 C tipa kabeli. Ar iespaid\u012bgu 40 Gbps datu p\u0101rraides \u0101trumu tas nodro\u0161ina \u0101tru failu p\u0101rs\u016bt\u012b\u0161anu, nov\u0113r\u0161ot kav\u0113jo\u0161as p\u0101rraides probl\u0113mas. <\/p>\n\n<h4 class=\"wp-block-heading\"><strong>N\u0101kotnei gatava savietojam\u012bba<\/strong><\/h4>\n\n<p>Esiet tehnolo\u0123iju avangard\u0101, pateicoties m\u016bsu kabe\u013ca sader\u012bbai ar Thunderbolt 3 un 4. Tas garant\u0113 vienm\u0113r\u012bgu integr\u0101ciju ar jaun\u0101kaj\u0101m ier\u012bc\u0113m, nodro\u0161inot, ka j\u016bsu savienojam\u012bbas risin\u0101jums b\u016bs aktu\u0101ls ar\u012b n\u0101kotn\u0113. <\/p>\n\n<h4 class=\"wp-block-heading\"><strong>Nep\u0101rsp\u0113jama ener\u0123ijas pieg\u0101de<\/strong><\/h4>\n\n<p>Izbaudiet augst\u0101k\u0101 l\u012bme\u0146a baro\u0161anas iesp\u0113jas ar m\u016bsu USB 4.0 C tipa kabeli, kas nodro\u0161ina izcilu 240 W jaudu. Tas noz\u012bm\u0113 \u0101tr\u0101ku uzl\u0101di un ilg\u0101ku ier\u012bces darb\u012bbas laiku, nodro\u0161inot nep\u0101rtrauktu savienojam\u012bbu. <\/p>\n\n<h4 class=\"wp-block-heading\"><strong>Iegremd\u0113jiet izcilu vizu\u0101lo precizit\u0101ti<\/strong><\/h4>\n\n<p>Iegremd\u0113 sevi satrieco\u0161as skaidr\u012bbas pasaul\u0113 ar atbalstu l\u012bdz pat 8K ar 60 Hz frekvenci. Katra deta\u013ca atdz\u012bvojas ar iev\u0113rojamu precizit\u0101ti, nodro\u0161inot augstas iz\u0161\u0137irtsp\u0113jas satura veidot\u0101jus, sp\u0113l\u0113t\u0101jus un izklaides entuziastus. <\/p>\n\n<h4 class=\"wp-block-heading\"><strong>Inovat\u012bvs ener\u0123ijas izmanto\u0161anas ekr\u0101ns<\/strong><\/h4>\n\n<p>Esiet inform\u0113ts par ener\u0123ijas pat\u0113ri\u0146u, izmantojot USB savienot\u0101j\u0101 integr\u0113to ekr\u0101nu, kas nodro\u0161ina re\u0101llaika inform\u0101ciju par ener\u0123ijas pat\u0113ri\u0146u. Uzraugiet savu ier\u012b\u010du ener\u0123ijas pat\u0113ri\u0146u, lai nodro\u0161in\u0101tu efekt\u012bv\u0101ku un kontrol\u0113t\u0101ku uzl\u0101di. <\/p>\n\n<h4 class=\"wp-block-heading\"><strong>J\u016bsu pras\u012bb\u0101m piel\u0101goti risin\u0101jumi<\/strong><\/h4>\n\n<p>Izv\u0113lieties garumu, kas vislab\u0101k atbilst j\u016bsu konfigur\u0101cijai, izv\u0113loties standarta kabeli 0,8 m un 1,5 m garum\u0101 vai L formas kabeli, kas ar\u012b pieejams 0,8 m un 1,5 m garum\u0101. Neatkar\u012bgi no t\u0101, vai j\u016bsu priorit\u0101te ir elast\u012bgums vai jums ir nepiecie\u0161ams vietas taup\u012b\u0161anas risin\u0101jums, m\u016bsu USB 4.0 C tipa kabelis atbilst j\u016bsu savienojam\u012bbas vajadz\u012bb\u0101m. <\/p>\n\n<h4 class=\"wp-block-heading\"><strong>Izbaudiet savienojam\u012bbu bez kompromisiem<\/strong><\/h4>\n\n<p>M\u016bsu USB 4.0 C tipa kabelis ir prec\u012bzi un prasm\u012bgi izstr\u0101d\u0101ts, un tas ir lielisks pal\u012bgs tehnolo\u0123iju entuziastiem, rado\u0161iem profesion\u0101\u013ciem un ikdienas lietot\u0101jiem, kuri pieprasa izcilus savienojam\u012bbas risin\u0101jumus. Ar USB 4.0 Type-C kabeli paveriet neierobe\u017eotu iesp\u0113ju pasauli. <\/p>\n","protected":false},"excerpt":{"rendered":"<ul>\n<li><strong>40 Gbps<\/strong> datu p\u0101rs\u016bt\u012b\u0161anas \u0101trums<\/li>\n<li>Thunderbolt <strong>3<\/strong> un <strong>4<\/strong><\/li>\n<li>L\u012bdz <strong>240 W<\/strong> baro\u0161anas <strong>jauda<\/strong> <\/li>\n<li>Atbalsta l\u012bdz <strong>8K @ 60 Hz<\/strong> video izvad\u012b\u0161anu<\/li>\n<li>Ieb\u016bv\u0113ts <strong>jaudas displejs<\/strong><\/li>\n<\/ul>\n[cg_accordion title=\"INFORM\u0100CIJA PAR MAKS\u0100JUMU\"]<\/p>\n<p>M\u0113s izmantojam jaun\u0101k\u0101s tehnolo\u0123ijas maks\u0101jumu apstr\u0101d\u0113, kas \u013cauj jums \u0101tri un dro\u0161i nor\u0113\u0137in\u0101ties, izmantojot debetkarti\/kred\u012btkarti vai PayPal.[\/cg_accordion]\n[cg_accordion title=\"GARANTIJA\"]<\/p>\n<p>2 gadu garantija no <a href=\"https:\/\/droix.net\/\" target=\"_blank\" rel=\"nofollow noopener\">DROIX Global, lai<\/a> j\u016bs b\u016btu mier\u0101.[\/cg_accordion]\n[cg_accordion title=\"CENAS, NODOK\u013bI UN PIEG\u0100DE\"]<\/p>\n<p><strong><u>Piez\u012bme:<\/u><\/strong><\/p>\n<ul>\n<li>Amerikas Savienot\u0101s Valstis Klienti: Klientiem, kas ieg\u0101d\u0101jas preces, nor\u0101d\u012bt\u0101 cena neietver ne nodokli, ne nodevas. Atbild\u012bba par muito\u0161anu un saist\u012bto nodok\u013cu\/muitas nodok\u013cu nomaksu gulstas uz klientu pleciem. <\/li>\n<li>ES klienti: Atkar\u012bb\u0101 no j\u016bsu valsts, nor\u0101d\u012bt\u0101 cena ietver piem\u0113rojamo nodokli, kas var b\u016bt l\u012bdz 25%.<\/li>\n<li>Kan\u0101das klienti: Atkar\u012bb\u0101 no j\u016bsu provinces nor\u0101d\u012btaj\u0101 cen\u0101 ir iek\u013cauti piem\u0113rojamie nodok\u013ci, kas var ietvert 5% GST un papildu provinces p\u0101rdo\u0161anas nodokli (PST), saska\u0146oto p\u0101rdo\u0161anas nodokli (HST) vai Kvebekas p\u0101rdo\u0161anas nodokli (QST).<\/li>\n<\/ul>\n<p><strong>Tikai ES klientiem:<\/strong> Express DDP (pieg\u0101de ar samaks\u0101tu muitas nodokli). Tas noz\u012bm\u0113: <\/p>\n<ul>\n<li>Visas muitas nodevas un nodok\u013ci ir iek\u013cauti produkta lap\u0101 nor\u0101d\u012btaj\u0101 cen\u0101.<\/li>\n<li>Pieg\u0101des br\u012bd\u012b jums neb\u016bs j\u0101maks\u0101 papildu maksa.<\/li>\n<li>Retos gad\u012bjumos, kad rodas ar muitu saist\u012btas probl\u0113mas, m\u016bsu komanda j\u016bsu v\u0101rd\u0101 veiks muito\u0161anas procesu, lai nodro\u0161in\u0101tu netrauc\u0113tu pieg\u0101di.<\/li>\n<p>Svar\u012bga inform\u0101cija par atgrie\u0161anu:<\/p>\n<li>Ja nolemjat atgriezt pas\u016bt\u012bjumu vai piepras\u012bt atmaksu, l\u016bdzu, \u0146emiet v\u0113r\u0101, ka nodok\u013ci un nodevas, kas samaks\u0101ti j\u016bsu v\u0101rd\u0101 saska\u0146\u0101 ar DDP noteikumiem, nevar tikt atmaks\u0101ti.<\/li>\n<p>S\u012bk\u0101ku inform\u0101ciju skatiet m\u016bsu <a href=\"https:\/\/droix.net\/terms-and-conditions\/\" target=\"_blank\" rel=\"nofollow noopener\">Noteikumos un nosac\u012bjumos<\/a>.\n<\/ul>\n<p>[\/cg_accordion]\n[cg_accordion title=\"KLIENTU ATBALSTS\"]<\/p>\n<p>Jums ir jaut\u0101jums? M\u0113s esam \u012bs\u0101 teksta att\u0101lum\u0101 no j\u016bsu jaut\u0101juma atrisin\u0101\u0161anas! <\/p>\n<p>S\u012bk\u0101ku inform\u0101ciju skatiet m\u016bsu <a href=\"https:\/\/gpdstore.net\/lv\/terms-of-service\/\" target=\"_blank\" rel=\"nofollow noopener\">Noteikumos un nosac\u012bjumos<\/a>.\n<\/ul>\n<p>[\/cg_accordion]\n[cg_accordion title=\"KAS IEK\u013bAUTS\"]<\/p>\n<ul>\n<li>1x USB 4.0 C tipa kabelis<\/li>\n<\/ul>\n<p>[\/cg_accordion]\n","protected":false},"featured_media":145398,"template":"","meta":{"_acf_changed":false},"product_brand":[],"product_cat":[5400],"product_tag":[12627,18313],"woo-feed-brand":[18164],"class_list":{"0":"post-144828","1":"product","2":"type-product","3":"status-publish","4":"has-post-thumbnail","6":"product_cat-aksesuari","7":"product_tag-40bfsale-lv","8":"product_tag-vispariga-rakstura-piederumi","9":"product_shipping_class-low-end","10":"pa_accessory-type-kabeli","11":"pa_i-o-video-1x-caur-usb-4-0-type-c-dp-8k60hz","12":"woo-feed-brand-droix-lv","14":"first","15":"outofstock","16":"sale","17":"taxable","18":"shipping-taxable","19":"purchasable","20":"product-type-variable","21":"has-default-attributes"},"acf":[],"aioseo_notices":[],"_links":{"self":[{"href":"https:\/\/gpdstore.net\/lv\/wp-json\/wp\/v2\/product\/144828","targetHints":{"allow":["GET"]}}],"collection":[{"href":"https:\/\/gpdstore.net\/lv\/wp-json\/wp\/v2\/product"}],"about":[{"href":"https:\/\/gpdstore.net\/lv\/wp-json\/wp\/v2\/types\/product"}],"wp:featuredmedia":[{"embeddable":true,"href":"https:\/\/gpdstore.net\/lv\/wp-json\/wp\/v2\/media\/145398"}],"wp:attachment":[{"href":"https:\/\/gpdstore.net\/lv\/wp-json\/wp\/v2\/media?parent=144828"}],"wp:term":[{"taxonomy":"product_brand","embeddable":true,"href":"https:\/\/gpdstore.net\/lv\/wp-json\/wp\/v2\/product_brand?post=144828"},{"taxonomy":"product_cat","embeddable":true,"href":"https:\/\/gpdstore.net\/lv\/wp-json\/wp\/v2\/product_cat?post=144828"},{"taxonomy":"product_tag","embeddable":true,"href":"https:\/\/gpdstore.net\/lv\/wp-json\/wp\/v2\/product_tag?post=144828"},{"taxonomy":"woo-feed-brand","embeddable":true,"href":"https:\/\/gpdstore.net\/lv\/wp-json\/wp\/v2\/woo-feed-brand?post=144828"}],"curies":[{"name":"wp","href":"https:\/\/api.w.org\/{rel}","templated":true}]}}