{"id":138010,"date":"2024-01-23T12:16:16","date_gmt":"2024-01-23T12:16:16","guid":{"rendered":"https:\/\/gpdstore.net\/uncategorized\/gpd-micro-pc\/"},"modified":"2025-12-23T10:24:54","modified_gmt":"2025-12-23T10:24:54","slug":"gpd-micro-pc","status":"publish","type":"product","link":"https:\/\/gpdstore.net\/lv\/product\/gpd-micro-pc\/","title":{"rendered":"GPD Micro PC UMPC"},"content":{"rendered":"\n<figure class=\"wp-block-video\"><video controls=\"\" muted=\"\" poster=\"https:\/\/gpdstore.net\/wp-content\/uploads\/2024\/01\/gpd-hero.jpg\" src=\"https:\/\/gpdstore.net\/wp-content\/uploads\/2024\/01\/Video-Project-22.mp4\"><\/video><\/figure>\n\n<div class=\"wp-block-columns is-layout-flex wp-container-core-columns-is-layout-28f84493 wp-block-columns-is-layout-flex\">\n<div class=\"wp-block-column is-layout-flow wp-block-column-is-layout-flow\" style=\"flex-basis:33.33%\">\n<figure class=\"wp-block-image size-full\"><img fetchpriority=\"high\" decoding=\"async\" width=\"1200\" height=\"929\" src=\"https:\/\/gpdstore.net\/wp-content\/uploads\/2024\/05\/1271643.jpg\" alt=\"GPD Micro PC - kompakts un univers&#x101;ls mini dators, kas paredz&#x113;ts darbam ce&#x13C;&#x101; un produktivit&#x101;tei.\" class=\"wp-image-1670\" srcset=\"https:\/\/gpdstore.net\/wp-content\/uploads\/2024\/05\/1271643.jpg 1200w, https:\/\/gpdstore.net\/wp-content\/uploads\/2024\/05\/1271643-150x116.jpg 150w, https:\/\/gpdstore.net\/wp-content\/uploads\/2024\/05\/1271643-600x465.jpg 600w, https:\/\/gpdstore.net\/wp-content\/uploads\/2024\/05\/1271643-768x595.jpg 768w, https:\/\/gpdstore.net\/wp-content\/uploads\/2024\/05\/1271643-990x766.jpg 990w, https:\/\/gpdstore.net\/wp-content\/uploads\/2024\/05\/1271643-441x341.jpg 441w\" sizes=\"(max-width: 1200px) 100vw, 1200px\" \/><\/figure>\n<\/div>\n\n\n\n<div class=\"wp-block-column is-layout-flow wp-block-column-is-layout-flow\" style=\"flex-basis:66.66%\">\n<h2 class=\"wp-block-heading\">Daudzas saskarnes mobilais produktivit\u0101tes r\u012bks: 6&#8243; MicroPC!<\/h2>\n\n\n\n<p>Lai gan Microsoft Surface Go ir nov\u0113rt\u0113ts k\u0101 kompakts, viegls un pieejams jaud\u012bgs plan\u0161etdators, 6&#8243; MicroPC to padara v\u0113l modern\u0101ku. T\u0101 ir ne tikai maz\u0101ka par Surface Go, bet tai ir ar\u012b vair\u0101k saskar\u0146u, padarot to par neticami daudzpus\u012bgu ier\u012bci. \u0160is plaukstas izm\u0113ra br\u012bnums, kura pl\u0101n\u0101kais punkts ir tikai 15 mm liels un sver tikai 440 g, ir izstr\u0101d\u0101ts \u012bpa\u0161i viegli p\u0101rn\u0113s\u0101jams, nemazinot veiktsp\u0113ju. Ar termisk\u0101s konstrukcijas ener\u0123ijas pat\u0113ri\u0146u tikai 10 W MicroPC nodro\u0161ina t\u0101du pa\u0161u veiktsp\u0113ju k\u0101 Surface Go, turkl\u0101t par izdev\u012bg\u0101ku cenu. MicroPC ir ide\u0101li piem\u0113rots visu nozaru profesion\u0101\u013ciem &#8211; tas ir ide\u0101ls mobilais produktivit\u0101tes r\u012bks!<\/p>\n<\/div>\n<\/div>\n\n<h2 class=\"wp-block-heading has-text-align-center\">Ekstr\u0113ma p\u0101rn\u0113s\u0101jam\u012bba un praktisks dizains: GPD Micro PC specifik\u0101cijas un formas faktors<\/h2>\n\n<div class=\"wp-block-columns is-layout-flex wp-container-core-columns-is-layout-28f84493 wp-block-columns-is-layout-flex\">\n<div class=\"wp-block-column is-layout-flow wp-block-column-is-layout-flow\">\n<figure class=\"wp-block-image size-full is-resized\"><img decoding=\"async\" width=\"1000\" height=\"899\" src=\"https:\/\/gpdstore.net\/wp-content\/uploads\/2024\/05\/714PPtewL._AC_UF10001000_QL80_.jpg\" alt=\"GPD Micro PC ar 6 collu IPS displeju, kas ir ide&#x101;li piem&#x113;rots p&#x101;rn&#x113;s&#x101;jamiem datoriem un multivides uzdevumiem.\" class=\"wp-image-1675\" style=\"width:299px;height:auto\" srcset=\"https:\/\/gpdstore.net\/wp-content\/uploads\/2024\/05\/714PPtewL._AC_UF10001000_QL80_.jpg 1000w, https:\/\/gpdstore.net\/wp-content\/uploads\/2024\/05\/714PPtewL._AC_UF10001000_QL80_-150x135.jpg 150w, https:\/\/gpdstore.net\/wp-content\/uploads\/2024\/05\/714PPtewL._AC_UF10001000_QL80_-600x539.jpg 600w, https:\/\/gpdstore.net\/wp-content\/uploads\/2024\/05\/714PPtewL._AC_UF10001000_QL80_-768x690.jpg 768w, https:\/\/gpdstore.net\/wp-content\/uploads\/2024\/05\/714PPtewL._AC_UF10001000_QL80_-990x890.jpg 990w, https:\/\/gpdstore.net\/wp-content\/uploads\/2024\/05\/714PPtewL._AC_UF10001000_QL80_-441x396.jpg 441w\" sizes=\"(max-width: 1000px) 100vw, 1000px\" \/><\/figure>\n\n\n\n<h3 class=\"wp-block-heading\">Gal\u012bgais kabatas dators: K\u0101p\u0113c 6 collu form\u0101ts ir ide\u0101li piem\u0113rots digit\u0101lajiem nomadiem?<\/h3>\n\n\n\n<p>\u0160is mini dators, kura izm\u0113ri ir tikai 6 x 4 collas un svars &#8211; tikai 440 grami, ir ide\u0101li piem\u0113rots profesion\u0101\u013ciem, studentiem un digit\u0101lajiem nomadiem, kas vienm\u0113r ir ce\u013c\u0101. \u010cetrkodolu Intel procesors, 8 <a href=\"https:\/\/gpdstore.net\/lv\/product-attribute\/memory-ram-capacity\/8-gb-lv\/\" target=\"_blank\" rel=\"noreferrer noopener\">GB RAM<\/a> un 256 GB, <a href=\"https:\/\/gpdstore.net\/lv\/product-attribute\/storage-capacity\/256-gb-lv\/\" target=\"_blank\" data-type=\"link\" data-id=\"https:\/\/gpdstore.net\/product-attribute\/storage-capacity\/256gb\/\" rel=\"noreferrer noopener\">512 GB vai<\/a> 1 TB <a href=\"https:\/\/gpdstore.net\/lv\/product-attribute\/storage-capacity\/512-gb-lv\/\" target=\"_blank\" rel=\"noreferrer noopener\">kr\u0101tuve<\/a> <a href=\"https:\/\/gpdstore.net\/lv\/product-attribute\/storage-capacity\/1-tb-lv\/\" target=\"_blank\" rel=\"noreferrer noopener\">nodro\u0161ina<\/a> \u0101tru veiktsp\u0113ju daudzuzdevumu darbam un izklaidei uz augstas iz\u0161\u0137irtsp\u0113jas displeja.<\/p>\n<\/div>\n\n\n\n<div class=\"wp-block-column is-layout-flow wp-block-column-is-layout-flow\">\n<figure class=\"wp-block-image size-full\"><img decoding=\"async\" width=\"300\" height=\"300\" src=\"https:\/\/gpdstore.net\/wp-content\/uploads\/2024\/05\/078e6b89-8d78-4318-bf09-8caf8fecef63.__CR1800840840_PT0_SX300_V1___.jpg\" alt=\"GPD Micro PC, kas ir iztur&#x12B;gs pret triecieniem, lai nodro&#x161;in&#x101;tu iztur&#x12B;bu da&#x17E;&#x101;d&#x101;s vid&#x113;s.\" class=\"wp-image-1672\" srcset=\"https:\/\/gpdstore.net\/wp-content\/uploads\/2024\/05\/078e6b89-8d78-4318-bf09-8caf8fecef63.__CR1800840840_PT0_SX300_V1___.jpg 300w, https:\/\/gpdstore.net\/wp-content\/uploads\/2024\/05\/078e6b89-8d78-4318-bf09-8caf8fecef63.__CR1800840840_PT0_SX300_V1___-150x150.jpg 150w, https:\/\/gpdstore.net\/wp-content\/uploads\/2024\/05\/078e6b89-8d78-4318-bf09-8caf8fecef63.__CR1800840840_PT0_SX300_V1___-100x100.jpg 100w\" sizes=\"(max-width: 300px) 100vw, 300px\" \/><\/figure>\n\n\n\n<h3 class=\"wp-block-heading\"><strong>Avi\u0101cijas klases ABS apvalks: GPD Micro PC iztur\u012bbas un aizsardz\u012bbas p\u0101rskats<\/strong><\/h3>\n\n\n\n<p>Izgatavots no augst\u0101k\u0101 l\u012bme\u0146a pret triecieniem aizsarg\u0101ta avi\u0101cijas klases ABS sint\u0113tisk\u0101 sve\u0137u materi\u0101la LG-DOW 121H, kas import\u0113ts no Dienvidkorejas, un \u0161is materi\u0101ls nodro\u0161ina izcilu iztur\u012bbu un aizsardz\u012bbu. T\u0101 biezums ir 1 mm, un t\u0101 ir ugunsdro\u0161a, iztur\u012bga pret karstumu un ar V-0 ugunsdro\u0161\u012bbas sertifik\u0101tu. T\u0101s iespaid\u012bg\u0101 Rockwell ciet\u012bba l\u012bdz 109 R un lieces iztur\u012bba 26000 kg\/cm\u00b2.<\/p>\n<\/div>\n\n\n\n<div class=\"wp-block-column is-layout-flow wp-block-column-is-layout-flow\">\n<figure class=\"wp-block-image size-full\"><img loading=\"lazy\" decoding=\"async\" width=\"300\" height=\"300\" src=\"https:\/\/gpdstore.net\/wp-content\/uploads\/2024\/05\/84908091-c530-4179-9369-d0a566b13ce8.__CR1260949949_PT0_SX300_V1___.jpg\" alt=\"GPD Micro PC ar papla&#x161;in&#x101;tu perif&#x113;rijas ier&#x12B;&#x10D;u atbalstu, kas nodro&#x161;ina daudzpus&#x12B;gu savienojam&#x12B;bu un funkcionalit&#x101;ti kompakt&#x101; form&#x101;.\" class=\"wp-image-1674\" srcset=\"https:\/\/gpdstore.net\/wp-content\/uploads\/2024\/05\/84908091-c530-4179-9369-d0a566b13ce8.__CR1260949949_PT0_SX300_V1___.jpg 300w, https:\/\/gpdstore.net\/wp-content\/uploads\/2024\/05\/84908091-c530-4179-9369-d0a566b13ce8.__CR1260949949_PT0_SX300_V1___-150x150.jpg 150w, https:\/\/gpdstore.net\/wp-content\/uploads\/2024\/05\/84908091-c530-4179-9369-d0a566b13ce8.__CR1260949949_PT0_SX300_V1___-100x100.jpg 100w\" sizes=\"(max-width: 300px) 100vw, 300px\" \/><\/figure>\n\n\n\n<h3 class=\"wp-block-heading\"><strong>Uzglab\u0101\u0161anas un funkcionalit\u0101tes papla\u0161in\u0101\u0161ana: USB 3.0 un Micro SD slota izmanto\u0161ana<\/strong><\/h3>\n\n\n\n<p>\u0160\u012b ier\u012bce ir apr\u012bkota ar trim USB 3.0 interfeisiem un Micro SD slotu, un taj\u0101 var ievietot l\u012bdz pat \u010detr\u0101m \u0101r\u0113j\u0101m atmi\u0146as ier\u012bc\u0113m, pied\u0101v\u0101jot praktiski neierobe\u017eotu atmi\u0146as ietilp\u012bbu. Ta\u010du ar to daudzpus\u012bba nebeidzas. Izmantojot iesp\u0113ju savienot papildu perif\u0113rijas ier\u012bces, izmantojot centrmezglu, varat piel\u0101got iestat\u012bjumus atbilsto\u0161i sav\u0101m vajadz\u012bb\u0101m, lai uzlabotu produktivit\u0101ti vai papla\u0161in\u0101tu funkcionalit\u0101ti.<\/p>\n<\/div>\n<\/div>\n\n<figure class=\"wp-block-image size-large\"><img loading=\"lazy\" decoding=\"async\" width=\"1200\" height=\"563\" src=\"https:\/\/gpdstore.net\/wp-content\/uploads\/2024\/05\/1068053-1200x563.jpg\" alt=\"GPD Micro PC - kompakts un jaud&#x12B;gs mini dators, kas ir ide&#x101;li piem&#x113;rots mobilajiem datoriem un produktivit&#x101;tei ce&#x13C;&#x101;.\" class=\"wp-image-1678\" srcset=\"https:\/\/gpdstore.net\/wp-content\/uploads\/2024\/05\/1068053-1200x563.jpg 1200w, https:\/\/gpdstore.net\/wp-content\/uploads\/2024\/05\/1068053-150x70.jpg 150w, https:\/\/gpdstore.net\/wp-content\/uploads\/2024\/05\/1068053-600x281.jpg 600w, https:\/\/gpdstore.net\/wp-content\/uploads\/2024\/05\/1068053-768x360.jpg 768w, https:\/\/gpdstore.net\/wp-content\/uploads\/2024\/05\/1068053-1536x720.jpg 1536w, https:\/\/gpdstore.net\/wp-content\/uploads\/2024\/05\/1068053-990x464.jpg 990w, https:\/\/gpdstore.net\/wp-content\/uploads\/2024\/05\/1068053-441x207.jpg 441w, https:\/\/gpdstore.net\/wp-content\/uploads\/2024\/05\/1068053.jpg 1920w\" sizes=\"(max-width: 1200px) 100vw, 1200px\" \/><\/figure>\n\n<p><br\/>Izbaudiet augst\u0101k\u0101 l\u012bme\u0146a veiktsp\u0113ju kompakt\u0101 iepakojum\u0101 ar GPD Micro PC. \u0160is Windows 10 PRO mini kl\u0113pjdators ir piel\u0101gots tiem, kas mekl\u0113 \u0101tru un efekt\u012bvu industri\u0101lo datoru ar stabil\u0101m sakaru piesl\u0113gviet\u0101m.<\/p>\n\n<figure class=\"wp-block-image size-large\"><img loading=\"lazy\" decoding=\"async\" width=\"1200\" height=\"600\" src=\"https:\/\/gpdstore.net\/wp-content\/uploads\/2024\/05\/MicroPC-1200x600.jpg\" alt=\"GPD Micro PC - mazs, bet jaud&#x12B;gs portat&#x12B;vais dators, kas paredz&#x113;ts daudzveid&#x12B;giem skait&#x13C;o&#x161;anas uzdevumiem.\" class=\"wp-image-1677\" srcset=\"https:\/\/gpdstore.net\/wp-content\/uploads\/2024\/05\/MicroPC-1200x600.jpg 1200w, https:\/\/gpdstore.net\/wp-content\/uploads\/2024\/05\/MicroPC-150x75.jpg 150w, https:\/\/gpdstore.net\/wp-content\/uploads\/2024\/05\/MicroPC-600x300.jpg 600w, https:\/\/gpdstore.net\/wp-content\/uploads\/2024\/05\/MicroPC-768x384.jpg 768w, https:\/\/gpdstore.net\/wp-content\/uploads\/2024\/05\/MicroPC-1536x768.jpg 1536w, https:\/\/gpdstore.net\/wp-content\/uploads\/2024\/05\/MicroPC-990x495.jpg 990w, https:\/\/gpdstore.net\/wp-content\/uploads\/2024\/05\/MicroPC-441x221.jpg 441w, https:\/\/gpdstore.net\/wp-content\/uploads\/2024\/05\/MicroPC.jpg 1920w\" sizes=\"(max-width: 1200px) 100vw, 1200px\" \/><\/figure>\n\n<p>Micro PC darbojas ar \u0101trdarb\u012bgu Intel\u00ae Celeron\u00ae N4120 \u010detrkodolu procesoru, kura turbofrekvence sasniedz 2,6 GHz, un tam ir <a href=\"https:\/\/gpdstore.net\/lv\/product-attribute\/memory-ram-capacity\/8-gb-lv\/\" target=\"_blank\" rel=\"noreferrer noopener\">8 GB<\/a> \u0101trdarb\u012bgas <a href=\"https:\/\/gpdstore.net\/lv\/product-attribute\/memory-ram-technology\/lpddr4-lv\/\" target=\"_blank\" rel=\"noreferrer noopener\">LPDDR4<\/a> RAM, t\u0101p\u0113c tas nodro\u0161ina iespaid\u012bgu veiktsp\u0113ju. Izv\u0113lieties vienu no trim glab\u0101\u0161anas iesp\u0113j\u0101m: <a href=\"https:\/\/gpdstore.net\/lv\/product-attribute\/storage-capacity\/256-gb-lv\/\" target=\"_blank\" rel=\"noreferrer noopener\">256 GB<\/a>, <a href=\"https:\/\/gpdstore.net\/lv\/product-attribute\/storage-capacity\/512-gb-lv\/\" target=\"_blank\" rel=\"noreferrer noopener\">512 GB<\/a> vai <a href=\"https:\/\/gpdstore.net\/lv\/product-attribute\/storage-capacity\/1-tb-lv\/\" target=\"_blank\" rel=\"noreferrer noopener\">1 TB<\/a> NGFF M.2. SATA SSD ar iesp\u0113ju v\u0113l\u0101k to uzlabot.<\/p>\n\n<p>Savienojam\u012bba ir izcils risin\u0101jums, kas var sacensties pat ar pilna izm\u0113ra industri\u0101lajiem datoriem &#8211; tr\u012bs USB 3.0 A tipa porti, viens USB C tipa ports, RS232 s\u0113rijas ports, RJ45 1 GB\/s Ethernet ports, HDMI ports un MicroSD kar\u0161u las\u012bt\u0101js. Bezvadu savienojumu opcijas ir 802.11b\/g\/n\/ac, 2.4G\/5G divjoslu Wi-Fi un Bluetooth 4.2.<\/p>\n\n<p>Micro PC 6 collu displeja iz\u0161\u0137irtsp\u0113ja ir 1280&#215;720, un to aizsarg\u0101 pret skr\u0101p\u0113jumiem iztur\u012bgs Corning Gorilla Glass 4 stikls. Neraugoties uz jaud\u012bgo aparat\u016bru, \u0161\u012b ier\u012bce ir kompakta &#8211; t\u0101s izm\u0113ri ir tikai 6&#8243; x 4,4&#8243; x 0,9&#8243;, kad t\u0101 ir aizv\u0113rta &#8211; pietiekami maza, lai ietilptu kabat\u0101 vai maz\u0101 som\u0101.<\/p>\n\n<p>GPD Micro pied\u0101v\u0101 izcilu p\u0101rn\u0113s\u0101jam\u012bbu, pla\u0161as savienojam\u012bbas iesp\u0113jas un augstas veiktsp\u0113jas iesp\u0113jas, padarot to par ide\u0101lu izv\u0113li Windows 10 mikrodatoru entuziastiem.<\/p>\n\n<figure class=\"wp-block-image size-large\"><img loading=\"lazy\" decoding=\"async\" width=\"1200\" height=\"500\" src=\"https:\/\/gpdstore.net\/wp-content\/uploads\/2024\/05\/1068559-1200x500.jpg\" alt=\"GPD Micro PC - kompakts un iztur&#x12B;gs mini dators, kas lieliski piem&#x113;rots mobilajiem datoriem un produktivit&#x101;tei.\" class=\"wp-image-1676\" srcset=\"https:\/\/gpdstore.net\/wp-content\/uploads\/2024\/05\/1068559-1200x500.jpg 1200w, https:\/\/gpdstore.net\/wp-content\/uploads\/2024\/05\/1068559-150x63.jpg 150w, https:\/\/gpdstore.net\/wp-content\/uploads\/2024\/05\/1068559-600x250.jpg 600w, https:\/\/gpdstore.net\/wp-content\/uploads\/2024\/05\/1068559-768x320.jpg 768w, https:\/\/gpdstore.net\/wp-content\/uploads\/2024\/05\/1068559-1536x640.jpg 1536w, https:\/\/gpdstore.net\/wp-content\/uploads\/2024\/05\/1068559-990x413.jpg 990w, https:\/\/gpdstore.net\/wp-content\/uploads\/2024\/05\/1068559-441x184.jpg 441w, https:\/\/gpdstore.net\/wp-content\/uploads\/2024\/05\/1068559.jpg 1920w\" sizes=\"(max-width: 1200px) 100vw, 1200px\" \/><\/figure>\n","protected":false},"excerpt":{"rendered":"<ul>\n<li>Piel\u0101gots IT speci\u0101listiem<\/li>\n<li>Intel mikrosh\u0113mas kopa N4120<\/li>\n<li>Windows 10 <strong>Pro<\/strong><\/li>\n<li>RS-232 s\u0113rijveida ports<\/li>\n<li>Divjoslu Wi-Fi un 1 gigabitu RJ45 ports<\/li>\n<\/ul>\n<p>[cg_accordion title=\"INFORM\u0100CIJA PAR MAKS\u0100JUMU\"]  M\u0113s izmantojam jaun\u0101k\u0101s tehnolo\u0123ijas maks\u0101jumu apstr\u0101d\u0113, kas \u013cauj jums \u0101tri un dro\u0161i nor\u0113\u0137in\u0101ties, izmantojot debetkarti\/kred\u012btkarti vai PayPal.[\/cg_accordion] [cg_accordion title=\"GARANTIJA\"]  2 gadu garantija no <a href=\"https:\/\/droix.net\/\" target=\"_blank\" rel=\"nofollow noopener\">DROIX Global, lai<\/a> j\u016bs b\u016btu mier\u0101.[\/cg_accordion] [cg_accordion title=\"KVALIT\u0100TES NODRO\u0160IN\u0100\u0160ANA UN PIRMSNOS\u016aT\u012a\u0160ANAS TEST\u0112\u0160ANA\"]  Klientu apmierin\u0101t\u012bbas nodro\u0161in\u0101\u0161ana augst\u0101kaj\u0101 l\u012bmen\u012b: Katra ier\u012bce pirms nos\u016bt\u012b\u0161anas tiek r\u016bp\u012bgi test\u0113ta un p\u0101rbaud\u012bta vair\u0101kos kvalit\u0101tes nodro\u0161in\u0101\u0161anas punktos. M\u016bsu komanda p\u0101rbauda veiktsp\u0113ju, funkcionalit\u0101ti un komponentu integrit\u0101ti, lai garant\u0113tu, ka j\u016bsu GPD ier\u012bce, to sa\u0146emot, ir ide\u0101l\u0101 darba k\u0101rt\u012bb\u0101, nodro\u0161inot jums p\u0101rliec\u012bbu un sirdsmieru. [\/cg_accordion] [cg_accordion title=\"PRICING, TAXES AND SHIPPING\"] <strong><u>Piez\u012bme:<\/u><\/strong><\/p>\n<ul>\n<li>Amerikas Savienot\u0101s Valstis Klienti: Klientiem, kas ieg\u0101d\u0101jas preces, nor\u0101d\u012bt\u0101 cena neietver ne nodokli, ne nodevas. Atbild\u012bba par muito\u0161anu un saist\u012bto nodok\u013cu\/muitas nodok\u013cu nomaksu gulstas uz klientu pleciem. <\/li>\n<li>ES klienti: Atkar\u012bb\u0101 no j\u016bsu valsts, nor\u0101d\u012bt\u0101 cena ietver piem\u0113rojamo nodokli, kas var b\u016bt l\u012bdz 25%.<\/li>\n<li>Kan\u0101das klienti: Atkar\u012bb\u0101 no j\u016bsu provinces nor\u0101d\u012btaj\u0101 cen\u0101 ir iek\u013cauti piem\u0113rojamie nodok\u013ci, kas var ietvert 5% GST un papildu provinces p\u0101rdo\u0161anas nodokli (PST), saska\u0146oto p\u0101rdo\u0161anas nodokli (HST) vai Kvebekas p\u0101rdo\u0161anas nodokli (QST).<\/li>\n<\/ul>\n<p><strong>Tikai ES klientiem:<\/strong> Express DDP (pieg\u0101de ar samaks\u0101tu muitas nodokli). Tas noz\u012bm\u0113: <\/p>\n<ul>\n<li style=\"list-style-type: none;\">\n<ul>\n<li>Visas muitas nodevas un nodok\u013ci ir iek\u013cauti produkta lap\u0101 nor\u0101d\u012btaj\u0101 cen\u0101.<\/li>\n<li>Pieg\u0101des br\u012bd\u012b jums neb\u016bs j\u0101maks\u0101 papildu maksa.<\/li>\n<li>Retos gad\u012bjumos, kad rodas ar muitu saist\u012btas probl\u0113mas, m\u016bsu komanda j\u016bsu v\u0101rd\u0101 veiks muito\u0161anas procesu, lai nodro\u0161in\u0101tu netrauc\u0113tu pieg\u0101di.<\/li>\n<p>Svar\u012bga inform\u0101cija par atgrie\u0161anu:<\/p>\n<li>Ja nolemjat atgriezt pas\u016bt\u012bjumu vai piepras\u012bt atmaksu, l\u016bdzu, \u0146emiet v\u0113r\u0101, ka nodok\u013ci un nodevas, kas samaks\u0101ti j\u016bsu v\u0101rd\u0101 saska\u0146\u0101 ar DDP noteikumiem, nevar tikt atmaks\u0101ti.<\/li>\n<p>L\u016bdzu, skatiet m\u016bsu<\/ul>\n<\/li>\n<\/ul>\n<p><a href=\"https:\/\/droix.net\/terms-and-conditions\/\" target=\"_blank\" rel=\"nofollow noopener\">Noteikumi un nosac\u012bjumi<\/a><\/p>\n<ul>s\u012bk\u0101ku inform\u0101ciju.<\/ul>\n<p>[\/cg_accordion] [cg_accordion title=\"KLIENTU ATBALSTS\"]  Jums ir jaut\u0101jums? M\u0113s esam \u012bs\u0101 teksta att\u0101lum\u0101 no j\u016bsu jaut\u0101juma atrisin\u0101\u0161anas!  S\u012bk\u0101ku inform\u0101ciju skatiet m\u016bsu <a href=\"https:\/\/gpdstore.net\/lv\/terms-of-service\/\" target=\"_blank\" rel=\"nofollow noopener\">Noteikumos un nosac\u012bjumos<\/a>.  [\/cg_accordion] [cg_accordion title=\"WHAT'S INCLUDED\"]<\/p>\n<ul>\n<li>1x GPD Micro PC<\/li>\n<li>1x baro\u0161anas adapteris<\/li>\n<li>1x C tipa USB kabelis<\/li>\n<li>1x lietot\u0101ja rokasgr\u0101mata<\/li>\n<\/ul>\n<p>[\/cg_accordion]<\/p>\n","protected":false},"featured_media":139388,"template":"","meta":{"_acf_changed":false},"product_brand":[],"product_cat":[7106],"product_tag":[16300,7426],"woo-feed-brand":[5825],"class_list":{"0":"post-138010","1":"product","2":"type-product","3":"status-publish","4":"has-post-thumbnail","6":"product_cat-gpd-mini-klepjdatori","7":"product_tag-10xmsale-lv","8":"product_tag-gpd-micro-pc-lv","9":"product_shipping_class-premium","10":"product_shipping_class-standard","11":"pa_bluetooth-4-2-lv","12":"pa_brand-gpd","13":"pa_graphics-gpu-model-uhd-graphics-600-lv","14":"pa_i-o-video-1x-hdmi-2-0-a-tipa","15":"pa_memory-ram-capacity-8-gb-lv","16":"pa_memory-ram-technology-lpddr4-lv","17":"pa_processor-cpu-model-celeron-n4120-processor","18":"pa_storage-capacity-256-gb-lv","19":"pa_storage-capacity-256gb","20":"pa_storage-capacity-512-gb-lv","21":"pa_storage-capacity-512gb","22":"pa_storage-capacity-1-tb-lv","23":"pa_storage-capacity-1tb","24":"pa_storage-technology-m-2-2242-ssd-lv","25":"pa_wi-fi-2-4g-5g-divjoslu-2-4g-5g","26":"woo-feed-brand-gpd-lv","28":"first","29":"outofstock","30":"sale","31":"taxable","32":"shipping-taxable","33":"purchasable","34":"product-type-variable","35":"has-default-attributes"},"acf":[],"aioseo_notices":[],"_links":{"self":[{"href":"https:\/\/gpdstore.net\/lv\/wp-json\/wp\/v2\/product\/138010","targetHints":{"allow":["GET"]}}],"collection":[{"href":"https:\/\/gpdstore.net\/lv\/wp-json\/wp\/v2\/product"}],"about":[{"href":"https:\/\/gpdstore.net\/lv\/wp-json\/wp\/v2\/types\/product"}],"wp:featuredmedia":[{"embeddable":true,"href":"https:\/\/gpdstore.net\/lv\/wp-json\/wp\/v2\/media\/139388"}],"wp:attachment":[{"href":"https:\/\/gpdstore.net\/lv\/wp-json\/wp\/v2\/media?parent=138010"}],"wp:term":[{"taxonomy":"product_brand","embeddable":true,"href":"https:\/\/gpdstore.net\/lv\/wp-json\/wp\/v2\/product_brand?post=138010"},{"taxonomy":"product_cat","embeddable":true,"href":"https:\/\/gpdstore.net\/lv\/wp-json\/wp\/v2\/product_cat?post=138010"},{"taxonomy":"product_tag","embeddable":true,"href":"https:\/\/gpdstore.net\/lv\/wp-json\/wp\/v2\/product_tag?post=138010"},{"taxonomy":"woo-feed-brand","embeddable":true,"href":"https:\/\/gpdstore.net\/lv\/wp-json\/wp\/v2\/woo-feed-brand?post=138010"}],"curies":[{"name":"wp","href":"https:\/\/api.w.org\/{rel}","templated":true}]}}