{"id":128312,"date":"2024-08-22T08:22:33","date_gmt":"2024-08-22T08:22:33","guid":{"rendered":"https:\/\/gpdstore.net\/uncategorized\/gpd-p2-max-2022-mini-klepjdators\/"},"modified":"2025-12-23T10:07:12","modified_gmt":"2025-12-23T10:07:12","slug":"gpd-p2-max-2022-mini-laptop","status":"publish","type":"product","link":"https:\/\/gpdstore.net\/lv\/product\/gpd-p2-max-2022-mini-laptop\/","title":{"rendered":"GPD P2 Max 2022 Mini kl\u0113pjdators"},"content":{"rendered":"\n<figure class=\"wp-block-image aligncenter\"><a href=\"https:\/\/droix.net\/wp-content\/uploads\/2022\/01\/GPD-P2-MAX-2022-MARKETING-IMAGE-1.png\"><img decoding=\"async\" src=\"https:\/\/droix.net\/wp-content\/uploads\/2022\/01\/GPD-P2-MAX-2022-MARKETING-IMAGE-1.png\" alt=\"GPD P2 Max 2022 Ultrabook, kur&#x101; redzams pildspalva\" class=\"wp-image-10581\"\/><\/a><\/figure>\n\n<figure class=\"wp-block-image aligncenter\"><a href=\"https:\/\/droix.net\/wp-content\/uploads\/2022\/01\/GPD-P2-MAX-2022-MARKETING-IMAGE-2.png\"><img decoding=\"async\" src=\"https:\/\/droix.net\/wp-content\/uploads\/2022\/01\/GPD-P2-MAX-2022-MARKETING-IMAGE-2.png\" alt=\"GPD P2 Max 2022 Ultrabook, kur&#x101; redzama tastat&#x16B;ra\" class=\"wp-image-10582\"\/><\/a><\/figure>\n\n<figure class=\"wp-block-image aligncenter\"><a href=\"https:\/\/droix.net\/wp-content\/uploads\/2022\/01\/GPD-P2-MAX-2022-MARKETING-IMAGE-3.png\"><img decoding=\"async\" src=\"https:\/\/droix.net\/wp-content\/uploads\/2022\/01\/GPD-P2-MAX-2022-MARKETING-IMAGE-3.png\" alt=\"GPD P2 Max 2022 Ultrabook ar pirkstu nospiedumu sensoru\" class=\"wp-image-10583\"\/><\/a><\/figure>\n\n<figure class=\"wp-block-image aligncenter\"><a href=\"https:\/\/droix.net\/wp-content\/uploads\/2022\/01\/GPD-P2-MAX-2022-MARKETING-IMAGE-4.png\"><img decoding=\"async\" src=\"https:\/\/droix.net\/wp-content\/uploads\/2022\/01\/GPD-P2-MAX-2022-MARKETING-IMAGE-4.png\" alt=\"GPD P2 Max 2022 Ultrabook, kur&#x101; redzams procesors\" class=\"wp-image-10584\"\/><\/a><\/figure>\n\n<figure class=\"wp-block-image aligncenter\"><a href=\"https:\/\/droix.net\/wp-content\/uploads\/2022\/01\/GPD-P2-MAX-2022-MARKETING-IMAGE-5.png\"><img decoding=\"async\" src=\"https:\/\/droix.net\/wp-content\/uploads\/2022\/01\/GPD-P2-MAX-2022-MARKETING-IMAGE-5.png\" alt=\"GPD P2 Max 2022 Ultrabook, kas par&#x101;da usb c\" class=\"wp-image-10585\"\/><\/a><\/figure>\n\n<p><span data-contrast=\"none\">Popul\u0101r\u0101 ultrabook atjaunin\u0101jums ir kl\u0101t! <strong>GPD P2 Max 2022<\/strong> uz skatuves par\u0101d\u0101s ar vair\u0101kiem uzlabojumiem, lai saglab\u0101tu t\u0101 aktualit\u0101ti un atbilst\u012bbu m\u016bsdienu laikmetam! Tas ir ide\u0101ls sabiedrotais gariem p\u0101rbraucieniem uz darbu, ce\u013cojo\u0161iem rakstniekiem un vis\u0101s cit\u0101s iesp\u0113jam\u0101s situ\u0101cij\u0101s.  <\/span><\/p>\n\n<p><span data-contrast=\"none\"><strong>P2 Max 2022<\/strong> pamat\u0101 ir Intel Pentium N6000. \u0160is \u010detrkodolu procesors apvieno energoefektivit\u0101ti un iev\u0113rojamu veiktsp\u0113ju. Tas \u0113rti tiek gal\u0101 ar jebkuriem ikdienas uzdevumiem.  <\/span><\/p>\n\n<p><span data-contrast=\"none\"><strong>16 GB LPDDR4x RAM<\/strong> nodro\u0161ina stabilu un uzticamu veiktsp\u0113ju daudzuzdevumu re\u017e\u012bm\u0101 un satura veido\u0161an\u0101\/redi\u0123\u0113\u0161an\u0101. Apvienojot to ar <strong>1 TB \u0101tru NVMe<\/strong> datu glab\u0101\u0161anas vietu, ieg\u016bstiet lieliski piel\u0101gojamu, ta\u010du \u013coti p\u0101rn\u0113s\u0101jamu darbstaciju. <\/span><\/p>\n\n<p><span data-contrast=\"none\">Lielais <strong>8,9 collu displejs<\/strong> var lepoties ar iespaid\u012bgu 2560x1600p iz\u0161\u0137irtsp\u0113ju, kas nodro\u0161ina skaidru un skaidru att\u0113lu visiem j\u016bsu \u0161oviem, fotoatt\u0113liem, videoklipiem un citiem materi\u0101liem. \u0160is displejs ir ar\u012b <strong>sk\u0101rienjut\u012bgs<\/strong>, un to var izmantot pat ar rakst\u0101mspalvu! <\/span><\/p>\n\n<p><span data-contrast=\"none\">Savienojam\u012bbas zi\u0146\u0101 \u0161im <strong>mini kl\u0113pjdatoram<\/strong> ir pietiekami daudz iesp\u0113ju, lai tas nek\u013c\u016btu p\u0101r\u0101k apjom\u012bgs. Divas A tipa USB piesl\u0113gvietas, C tipa USB piesl\u0113gvieta, 3,5 mm audio ligzda.   <\/span><strong><span data-contrast=\"none\">un<\/span><\/strong><span data-contrast=\"none\">  ar Micro HDMI piesl\u0113gvietu, P2 Max 2022 ir tikpat \u0113rti novietots kl\u0113p\u012b, k\u0101 ar\u012b piestiprin\u0101ts pie dokstacijas! Tiem, kas dod priek\u0161roku bezvadu savienojam\u012bbai, <strong>GPD P2 Max 2022<\/strong> ir Wi-Fi 6, kas nodro\u0161ina maksim\u0101lu t\u012bkla \u0101trumu un stabilit\u0101ti. <\/span>.<\/p>\n\n<p><\/p>\n","protected":false},"excerpt":{"rendered":"<ul>\n<li>Intel\u00ae Pentium\u00ae Silver N6000 procesors<\/li>\n<li><strong>16 GB LPDDR4x RAM<\/strong> @2933Mhz<\/li>\n<li><strong>8,9&#8243; sk\u0101rienekr\u0101ns \/ pirkstu nospiedumu skeneris<\/strong><\/li>\n<li><strong>1 TB<\/strong> PCI-E NVMe SSD<\/li>\n<li>Sader\u012bgs ar <strong>Windows 11<\/strong><\/li>\n<\/ul>\n<p> [cg_accordion title=\"INFORM\u0100CIJA PAR MAKS\u0100JUMU\"] M\u0113s izmantojam jaun\u0101k\u0101s tehnolo\u0123ijas maks\u0101jumu apstr\u0101d\u0113, kas \u013cauj \u0101tri un dro\u0161i nor\u0113\u0137in\u0101ties, izmantojot Apple Pay, Google Pay, debetkarti\/kred\u012btkarti, PayPal vai BNPL metodes, piem\u0113ram, Klarna, Affirm vai AfterPay.[\/cg_accordion] [cg_accordion title=\"GARANTIJA\"] 2 gadu garantija no <a href=\"https:\/\/droix.net\/\" target=\"_blank\" rel=\"nofollow noopener\">DROIX Global<\/a> j\u016bsu sirdsmieram.[\/cg_accordion] [cg_accordion title=\"PRICING, TAXES AND SHIPPING\"] <strong><u>Piez\u012bme:<\/u><\/strong><\/p>\n<ul>\n<li>Amerikas Savienot\u0101s Valstis Klienti: Klientiem, kas ieg\u0101d\u0101jas preces, nor\u0101d\u012bt\u0101 cena neietver ne nodokli, ne nodevas. Atbild\u012bba par muito\u0161anu un saist\u012bto nodok\u013cu\/muitas nodok\u013cu nomaksu gulstas uz klientu pleciem. <\/li>\n<li>ES klienti: Atkar\u012bb\u0101 no j\u016bsu valsts, nor\u0101d\u012bt\u0101 cena ietver piem\u0113rojamo nodokli, kas var b\u016bt l\u012bdz 25%.<\/li>\n<li>Kan\u0101das klienti: Atkar\u012bb\u0101 no j\u016bsu provinces nor\u0101d\u012btaj\u0101 cen\u0101 ir iek\u013cauti piem\u0113rojamie nodok\u013ci, kas var ietvert 5% GST un papildu provinces p\u0101rdo\u0161anas nodokli (PST), saska\u0146oto p\u0101rdo\u0161anas nodokli (HST) vai Kvebekas p\u0101rdo\u0161anas nodokli (QST).<\/li>\n<\/ul>\n<p><strong>Tikai ES klientiem:<\/strong> Express DDP (pieg\u0101de ar samaks\u0101tu muitas nodokli). Tas noz\u012bm\u0113: <\/p>\n<ul>\n<li style=\"list-style-type: none;\">\n<ul>\n<li>Visas muitas nodevas un nodok\u013ci ir iek\u013cauti produkta lap\u0101 nor\u0101d\u012btaj\u0101 cen\u0101.<\/li>\n<li>Pieg\u0101des br\u012bd\u012b jums neb\u016bs j\u0101maks\u0101 papildu maksa.<\/li>\n<li>Retos gad\u012bjumos, kad rodas ar muitu saist\u012btas probl\u0113mas, m\u016bsu komanda j\u016bsu v\u0101rd\u0101 veiks muito\u0161anas procesu, lai nodro\u0161in\u0101tu netrauc\u0113tu pieg\u0101di.<\/li>\n<p>Svar\u012bga inform\u0101cija par atgrie\u0161anu:<\/p>\n<li>Ja nolemjat atgriezt pas\u016bt\u012bjumu vai piepras\u012bt atmaksu, l\u016bdzu, \u0146emiet v\u0113r\u0101, ka nodok\u013ci un nodevas, kas samaks\u0101ti j\u016bsu v\u0101rd\u0101 saska\u0146\u0101 ar DDP noteikumiem, nevar tikt atmaks\u0101ti.<\/li>\n<p>L\u016bdzu, skatiet m\u016bsu<\/ul>\n<\/li>\n<\/ul>\n<p><a href=\"https:\/\/gpdstore.net\/lv\/terms-of-service\/\" target=\"_blank\" rel=\"nofollow noopener\">Noteikumi un nosac\u012bjumi<\/a><\/p>\n<ul>s\u012bk\u0101ku inform\u0101ciju.<\/ul>\n<p>[\/cg_accordion] [cg_accordion title=\"KLIENTU ATBALSTS\"]  Jums ir jaut\u0101jums? M\u0113s esam \u012bs\u0101 teksta att\u0101lum\u0101 no j\u016bsu jaut\u0101juma atrisin\u0101\u0161anas!   [\/cg_accordion] [cg_accordion title=\"WHAT'S INCLUDED\"]<\/p>\n<ul>\n<li>1x C tipa USB kabelis<\/li>\n<li>1x baro\u0161anas adapteris<\/li>\n<li>1x lietot\u0101ja rokasgr\u0101mata<\/li>\n<\/ul>\n<p>[\/cg_accordion]<\/p>\n","protected":false},"featured_media":128313,"template":"","meta":{"_acf_changed":false},"product_brand":[],"product_cat":[7106,7107],"product_tag":[7108],"woo-feed-brand":[5825],"class_list":{"0":"post-128312","1":"product","2":"type-product","3":"status-publish","4":"has-post-thumbnail","6":"product_cat-gpd-mini-klepjdatori","7":"product_cat-portativie-datori","8":"product_tag-gpd-p2-max-lv-2","9":"product_shipping_class-premium","10":"pa_bluetooth-5-lv","11":"pa_brand-gpd","12":"pa_display-type-h-ips-lv","13":"pa_graphics-gpu-model-intel-uhd-graphics-lv","14":"pa_i-o-video-caur-1x-usb-3-2-gen-2-type-c","15":"pa_memory-ram-capacity-16-gb-lv","16":"pa_memory-ram-technology-lpddr4x-lv","17":"pa_storage-capacity-1-tb-lv","18":"pa_wi-fi-wi-fi-6-lv","19":"woo-feed-brand-gpd-lv","21":"first","22":"outofstock","23":"sale","24":"taxable","25":"shipping-taxable","26":"purchasable","27":"product-type-variable","28":"has-default-attributes"},"acf":[],"aioseo_notices":[],"_links":{"self":[{"href":"https:\/\/gpdstore.net\/lv\/wp-json\/wp\/v2\/product\/128312","targetHints":{"allow":["GET"]}}],"collection":[{"href":"https:\/\/gpdstore.net\/lv\/wp-json\/wp\/v2\/product"}],"about":[{"href":"https:\/\/gpdstore.net\/lv\/wp-json\/wp\/v2\/types\/product"}],"wp:featuredmedia":[{"embeddable":true,"href":"https:\/\/gpdstore.net\/lv\/wp-json\/wp\/v2\/media\/128313"}],"wp:attachment":[{"href":"https:\/\/gpdstore.net\/lv\/wp-json\/wp\/v2\/media?parent=128312"}],"wp:term":[{"taxonomy":"product_brand","embeddable":true,"href":"https:\/\/gpdstore.net\/lv\/wp-json\/wp\/v2\/product_brand?post=128312"},{"taxonomy":"product_cat","embeddable":true,"href":"https:\/\/gpdstore.net\/lv\/wp-json\/wp\/v2\/product_cat?post=128312"},{"taxonomy":"product_tag","embeddable":true,"href":"https:\/\/gpdstore.net\/lv\/wp-json\/wp\/v2\/product_tag?post=128312"},{"taxonomy":"woo-feed-brand","embeddable":true,"href":"https:\/\/gpdstore.net\/lv\/wp-json\/wp\/v2\/woo-feed-brand?post=128312"}],"curies":[{"name":"wp","href":"https:\/\/api.w.org\/{rel}","templated":true}]}}