{"id":1275919,"date":"2026-01-22T10:18:28","date_gmt":"2026-01-22T10:18:28","guid":{"rendered":"https:\/\/gpdstore.net\/product\/biwin-rd510-mini-ssd-lasitajs\/"},"modified":"2026-03-29T00:46:43","modified_gmt":"2026-03-29T00:46:43","slug":"biwin-rd510-mini-ssd-reader","status":"publish","type":"product","link":"https:\/\/gpdstore.net\/lv\/product\/biwin-rd510-mini-ssd-reader\/","title":{"rendered":"Biwin RD510 Mini SSD las\u012bt\u0101js"},"content":{"rendered":"\n<h2 class=\"wp-block-heading\">Biwin Mini SSD las\u012bt\u0101js: USB 4.0 datu glab\u0101\u0161anas risin\u0101jums profesion\u0101\u013ciem<\/h2>\n\n<p><strong>Biwin RD510 Mini SSD las\u012bt\u0101js ir<\/strong> izr\u0101viens p\u0101rn\u0113s\u0101jamo datu glab\u0101\u0161anas tehnolo\u0123iju jom\u0101. \u0160is augstas veiktsp\u0113jas las\u012bt\u0101js ir pirmais \u0161\u0101da veida las\u012bt\u0101js, kas \u012bpa\u0161i izstr\u0101d\u0101ts \u012bpa\u0161i kompaktajai &#8220;Mini SSD&#8221; formai. \u0160iem mazajiem diskdzi\u0146iem, kuru izm\u0113ri ir tikai 15,0 mm \u00d7 17,0 mm \u00d7 1,4 mm, ir nepiecie\u0161ams prec\u012bzs korpuss, lai tie darbotos maksim\u0101li efekt\u012bvi.2 T\u0101 k\u0101 \u0161is biwin SSD risin\u0101jums ir<sup>piel\u0101gots<\/sup> tik <strong>maziem izm\u0113riem<\/strong>, tas pied\u0101v\u0101 l\u012bdz \u0161im profesion\u0101l\u0101s aparat\u016bras tirg\u016b nebiju\u0161u p\u0101rn\u0113s\u0101jam\u012bbas l\u012bmeni.  <\/p>\n\n<h2 class=\"wp-block-heading\">Milz\u012bgs \u0101trums ar Biwin RD510 Mini SSD las\u012bt\u0101ju<\/h2>\n\n<p>\u0160is <strong>biwinn mini SSD las\u012bt\u0101js patiesi<\/strong> sp\u012bd. Tas izmanto modernu USB 4.0 protokolu, lai nodro\u0161in\u0101tu satrieco\u0161u datu p\u0101rs\u016bt\u012b\u0161anas \u0101trumu l\u012bdz pat 40 Gb\/s.3<sup>L\u012bdz ar to<\/sup> Biwin RD510 Mini SSD <strong>las\u012bt\u0101js sasniedz sec\u012bg\u0101s las\u012b\u0161anas<\/strong> \u0101trumu 3300 MB\/s un rakst\u012b\u0161anas \u0101trumu 3000 MB\/s.4 \u0160ie r\u0101d\u012bt\u0101ji ir<sup>ide\u0101li piem\u0113roti<\/sup> lietot\u0101jiem<sup>,<\/sup> kas bie\u017ei str\u0101d\u0101 ar 8K video failiem vai apjom\u012bg\u0101m programmat\u016bras kr\u0101tuv\u0113m. <\/p>\n\n<p>Turkl\u0101t biwin <strong>SSD draivera arhitekt\u016bra<\/strong> ir optimiz\u0113ta m\u016bsdienu oper\u0113t\u0101jsist\u0113m\u0101m, lai nodro\u0161in\u0101tu vienk\u0101r\u0161u &#8220;plug-and-play&#8221; lieto\u0161anu. J\u016bs redz\u0113siet, ka liela apjoma datu dubl\u0113\u0161ana tiek veikta da\u017eu sekun\u017eu, nevis min\u016b\u0161u laik\u0101. T\u0101 k\u0101 saskarne ir tik efekt\u012bva, intens\u012bvu profesion\u0101lu lietojumprogrammu laik\u0101 aizkav\u0113\u0161an\u0101s ir samazin\u0101ta l\u012bdz absol\u016btam minimumam.  <\/p>\n\n<h2 class=\"wp-block-heading\">Akt\u012bv\u0101 dzes\u0113\u0161ana ilgsto\u0161ai Biwin SSD veiktsp\u0113jai<\/h2>\n\n<p>Augsta \u0101truma uztur\u0113\u0161ana bie\u017ei vien rada siltuma probl\u0113mas. T\u0101p\u0113c Biwin <strong>RD510 Mini SSD las\u012bt\u0101js ir apr\u012bkots<\/strong> ar ieb\u016bv\u0113tu dzes\u0113\u0161anas ventilatoru akt\u012bvai siltuma p\u0101rvald\u012bbai. \u0160is termiskais risin\u0101jums nov\u0113r\u0161 veiktsp\u0113jas kritumu, kas saist\u012bts ar p\u0101rkar\u0161anu. L\u012bdz ar to j\u016bsu biwin <strong>SSD saglab\u0101s<\/strong> maksim\u0101lo \u0101trumu pat stundu ilgas datu migr\u0101cijas laik\u0101.   <\/p>\n\n<p><strong>Biwin RD510 Mini SSD las\u012bt\u0101ja<\/strong> iztur\u012bg\u0101 konstrukcija <strong>nodro\u0161ina<\/strong>, ka tas var izdz\u012bvot ikdienas gait\u0101s. Lai gan \u0101r\u0113jais izskats ir gl\u012bts un profesion\u0101ls, iek\u0161\u0113jie komponenti ir aizsarg\u0101ti pret fiziskiem triecieniem. Priorit\u0101te ir stabila un nep\u0101rtraukta darb\u012bba, kas galu gal\u0101 pal\u012bdz pagarin\u0101t atmi\u0146as nes\u0113ja kalpo\u0161anas ilgumu.  <\/p>\n\n<h2 class=\"wp-block-heading\">Biwinn Mini SSD las\u012bt\u0101ja daudzplatformu savienojam\u012bba<\/h2>\n\n<p>\u0160\u012b <strong>biwinn mini SSD las\u012bt\u0101ja<\/strong> galven\u0101 priek\u0161roc\u012bba ir daudzpus\u012bba <strong>.<\/strong> Tam ir pievienots augstas kvalit\u0101tes USB 4.0 no C tipa uz C tipa kabeli, lai piln\u012bb\u0101 atrais\u012btu j\u016bsu aparat\u016bras potenci\u0101lu.5 Tas<sup>nodro\u0161ina, ka<\/sup> Biwin RD510 Mini <strong>SSD las\u012bt\u0101js ir sader\u012bgs ar<\/strong> pla\u0161u m\u016bsdienu ekosist\u0113mu kl\u0101stu. <\/p>\n\n<figure class=\"wp-block-table\"><table class=\"has-fixed-layout\"><thead><tr><td><strong>Sist\u0113mas kategorija<\/strong><\/td><td><strong>Atbalst\u012bt\u0101s platformas<\/strong><\/td><\/tr><\/thead><tbody><tr><td><strong>Datori<\/strong><\/td><td>Windows 10\/11, macOS 11.0+<\/td><\/tr><tr><td><strong>Mobilais<\/strong><\/td><td>iOS 17.0+, Android 11.0+<\/td><\/tr><tr><td><strong>Sp\u0113\u013cu<\/strong><\/td><td>PlayStation 5 (Sist\u0113ma 08+)<\/td><\/tr><tr><td><strong>Oper\u0113t\u0101jsist\u0113mas<\/strong><\/td><td>HyperOS 1.0+, HarmonyOS 3.0+<\/td><\/tr><\/tbody><\/table><\/figure>\n","protected":false},"excerpt":{"rendered":"<ul>\n<li><strong>Biwin RD510 USB<\/strong> 4.0 mini SSD las\u012bt\u0101js<\/li>\n<li><strong>USB 4.0 saskarne &#8211; \u0101trdarb\u012bga<\/strong> datu p\u0101rraide l\u012bdz 40 Gbps<\/li>\n<li><strong>3300MB\/s las\u012b\u0161ana un 3000MB\/s rakst\u012b\u0161ana &#8211;<\/strong> optimiz\u0113ts 8K video un lieliem failiem<\/li>\n<li><strong>Akt\u012bv\u0101 dzes\u0113\u0161anas sist\u0113ma &#8211;<\/strong> ieb\u016bv\u0113ts ventilators ilgsto\u0161ai maksim\u0101lai veiktsp\u0113jai<\/li>\n<li><strong>\u012apa\u0161i p\u0101rn\u0113s\u0101jams dizains &#8211;<\/strong> \u012bpa\u0161i izstr\u0101d\u0101ts Mini SSD form faktoram.<\/li>\n<\/ul>\n[cg_accordion title=\"INFORM\u0100CIJA PAR MAKS\u0100JUMU\"]<\/p>\n<p>M\u0113s izmantojam jaun\u0101k\u0101s tehnolo\u0123ijas maks\u0101jumu apstr\u0101d\u0113, kas \u013cauj jums \u0101tri un dro\u0161i nor\u0113\u0137in\u0101ties, izmantojot debetkarti\/kred\u012btkarti vai PayPal.[\/cg_accordion]\n[cg_accordion title=\"GARANTIJA\"]<\/p>\n<p>2 gadu garantija no <a href=\"https:\/\/droix.net\/\" target=\"_blank\" rel=\"nofollow noopener\">DROIX Global, lai<\/a> j\u016bs b\u016btu mier\u0101.[\/cg_accordion]\n[cg_accordion title=\"KVALIT\u0100TES NODRO\u0160IN\u0100\u0160ANA UN PIRMSNOS\u016aT\u012a\u0160ANAS TEST\u0112\u0160ANA\"]<\/p>\n<p>Klientu apmierin\u0101t\u012bbas nodro\u0161in\u0101\u0161ana augst\u0101kaj\u0101 l\u012bmen\u012b: Katra ier\u012bce pirms nos\u016bt\u012b\u0161anas tiek r\u016bp\u012bgi test\u0113ta un p\u0101rbaud\u012bta vair\u0101kos kvalit\u0101tes nodro\u0161in\u0101\u0161anas punktos. M\u016bsu komanda p\u0101rbauda veiktsp\u0113ju, funkcionalit\u0101ti un komponentu integrit\u0101ti, lai garant\u0113tu, ka j\u016bsu GPD ier\u012bce ir ide\u0101l\u0101 darba k\u0101rt\u012bb\u0101, kad t\u0101 tiek pieg\u0101d\u0101ta, nodro\u0161inot jums p\u0101rliec\u012bbu un sirdsmieru. [\/cg_accordion]\n[cg_accordion title=\"CENAS, NODOK\u013bI UN PIEG\u0100DE\"]<\/p>\n<p><strong><u>Piez\u012bme:<\/u><\/strong><\/p>\n<ul>\n<li>Amerikas Savienot\u0101s Valstis Klienti: Klientiem, kas ieg\u0101d\u0101jas preces, nor\u0101d\u012bt\u0101 cena neietver ne nodokli, ne nodevas. Atbild\u012bba par muito\u0161anu un saist\u012bto nodok\u013cu\/muitas nodok\u013cu nomaksu gulstas uz klientu pleciem. <\/li>\n<li>ES klienti: Atkar\u012bb\u0101 no j\u016bsu valsts, nor\u0101d\u012bt\u0101 cena ietver piem\u0113rojamo nodokli, kas var b\u016bt l\u012bdz 25%.<\/li>\n<li>Kan\u0101das klienti: Atkar\u012bb\u0101 no j\u016bsu provinces nor\u0101d\u012btaj\u0101 cen\u0101 ir iek\u013cauti piem\u0113rojamie nodok\u013ci, kas var ietvert 5% GST un papildu provinces p\u0101rdo\u0161anas nodokli (PST), saska\u0146oto p\u0101rdo\u0161anas nodokli (HST) vai Kvebekas p\u0101rdo\u0161anas nodokli (QST).<\/li>\n<\/ul>\n<p>M\u016bsu ASV klientiem: Pas\u016bt\u012bjumi tiek nos\u016bt\u012bti DAP (Delivered At Place). Lai gan klienti ir atbild\u012bgi par visu piem\u0113rojamo tarifu samaksu, m\u0113s izmantojam savu pla\u0161o pieredzi s\u016bt\u012bjumos no Apvienot\u0101s Karalistes, lai nodro\u0161in\u0101tu, ka maks\u0101jat p\u0113c iesp\u0113jas maz\u0101k.  Pamatojoties uz m\u016bsu uzskaites datiem, \u0161\u012bs izmaksas parasti nep\u0101rsniedz 10 % no preces v\u0113rt\u012bbas.<\/p>\n<p><strong>Tikai ES klientiem:<\/strong> Express DDP (pieg\u0101de ar samaks\u0101tu muitas nodokli). Tas noz\u012bm\u0113: <\/p>\n<ul>\n<li>Visas muitas nodevas un nodok\u013ci ir iek\u013cauti produkta lap\u0101 nor\u0101d\u012btaj\u0101 cen\u0101.<\/li>\n<li>Pieg\u0101des br\u012bd\u012b jums neb\u016bs j\u0101maks\u0101 papildu maksa.<\/li>\n<li>Retos gad\u012bjumos, kad rodas ar muitu saist\u012btas probl\u0113mas, m\u016bsu komanda j\u016bsu v\u0101rd\u0101 veiks muito\u0161anas procesu, lai nodro\u0161in\u0101tu netrauc\u0113tu pieg\u0101di.<\/li>\n<p>Svar\u012bga inform\u0101cija par atgrie\u0161anu:<\/p>\n<li>Ja nolemjat atgriezt pas\u016bt\u012bjumu vai piepras\u012bt atmaksu, l\u016bdzu, \u0146emiet v\u0113r\u0101, ka nodok\u013ci un nodevas, kas samaks\u0101ti j\u016bsu v\u0101rd\u0101 saska\u0146\u0101 ar DDP noteikumiem, nevar tikt atmaks\u0101ti.<\/li>\n<p>S\u012bk\u0101ku inform\u0101ciju skatiet m\u016bsu <a href=\"https:\/\/droix.net\/terms-and-conditions\/\" target=\"_blank\" rel=\"nofollow noopener\">Noteikumos un nosac\u012bjumos<\/a>.\n<\/ul>\n<p>[\/cg_accordion]\n[cg_accordion title=\"KLIENTU ATBALSTS\"]<\/p>\n<p>Jums ir jaut\u0101jums? M\u0113s esam \u012bs\u0101 teksta att\u0101lum\u0101 no j\u016bsu jaut\u0101juma atrisin\u0101\u0161anas! <\/p>\n<p>S\u012bk\u0101ku inform\u0101ciju skatiet m\u016bsu <a href=\"https:\/\/gpdstore.net\/terms-of-service\/\" target=\"_blank\" rel=\"nofollow noopener\">Noteikumos un nosac\u012bjumos<\/a>.\n<\/ul>\n<p>[\/cg_accordion]\n[cg_accordion title=\"KAS IEK\u013bAUTS\"]<\/p>\n<ul>\n<li>1x Biwin RD510 Mini SSD las\u012bt\u0101js<\/li>\n<\/ul>\n<p>[\/cg_accordion]\n","protected":false},"featured_media":1275926,"template":"","meta":{"_acf_changed":false},"product_brand":[],"product_cat":[5400],"product_tag":[],"woo-feed-brand":[],"class_list":{"0":"post-1275919","1":"product","2":"type-product","3":"status-publish","4":"has-post-thumbnail","6":"product_cat-aksesuari","7":"product_shipping_class-low-end","9":"pa_brand-biwin","11":"first","12":"outofstock","13":"sale","14":"taxable","15":"shipping-taxable","16":"purchasable","17":"product-type-simple"},"acf":[],"aioseo_notices":[],"_links":{"self":[{"href":"https:\/\/gpdstore.net\/lv\/wp-json\/wp\/v2\/product\/1275919","targetHints":{"allow":["GET"]}}],"collection":[{"href":"https:\/\/gpdstore.net\/lv\/wp-json\/wp\/v2\/product"}],"about":[{"href":"https:\/\/gpdstore.net\/lv\/wp-json\/wp\/v2\/types\/product"}],"wp:featuredmedia":[{"embeddable":true,"href":"https:\/\/gpdstore.net\/lv\/wp-json\/wp\/v2\/media\/1275926"}],"wp:attachment":[{"href":"https:\/\/gpdstore.net\/lv\/wp-json\/wp\/v2\/media?parent=1275919"}],"wp:term":[{"taxonomy":"product_brand","embeddable":true,"href":"https:\/\/gpdstore.net\/lv\/wp-json\/wp\/v2\/product_brand?post=1275919"},{"taxonomy":"product_cat","embeddable":true,"href":"https:\/\/gpdstore.net\/lv\/wp-json\/wp\/v2\/product_cat?post=1275919"},{"taxonomy":"product_tag","embeddable":true,"href":"https:\/\/gpdstore.net\/lv\/wp-json\/wp\/v2\/product_tag?post=1275919"},{"taxonomy":"woo-feed-brand","embeddable":true,"href":"https:\/\/gpdstore.net\/lv\/wp-json\/wp\/v2\/woo-feed-brand?post=1275919"}],"curies":[{"name":"wp","href":"https:\/\/api.w.org\/{rel}","templated":true}]}}