{"id":1261170,"date":"2025-10-23T08:14:29","date_gmt":"2025-10-23T08:14:29","guid":{"rendered":"https:\/\/gpdstore.net\/?post_type=product&#038;p=1261170"},"modified":"2026-01-19T15:06:03","modified_gmt":"2026-01-19T15:06:03","slug":"gpd-win-5-battery","status":"publish","type":"product","link":"https:\/\/gpdstore.net\/lv\/product\/gpd-win-5-battery\/","title":{"rendered":"GPD WIN 5 akumulators"},"content":{"rendered":"\n<p><strong>GPD WIN 5 uzl\u0101d\u0113jamais litija jonu akumulatoru komplekts ir<\/strong> b\u016btisks piederums, kas paredz\u0113ts, lai maksim\u0101li pagarin\u0101tu GPD WIN 5 portat\u012bv\u0101 sp\u0113\u013cu datora sp\u0113l\u0113\u0161anas laiku. \u0160is ori\u0123in\u0101lais 80Wh \u0101r\u0113jais akumulators ir izstr\u0101d\u0101ts, lai nodro\u0161in\u0101tu augstu veiktsp\u0113ju un nevainojamu integr\u0101ciju, un \u013cauj atsl\u0113gties no sienas un izbaud\u012bt augstas klases datorsp\u0113les, atrodoties ce\u013c\u0101.<\/p>\n\n<hr class=\"wp-block-separator has-alpha-channel-opacity\"\/>\n\n<h3 class=\"wp-block-heading\">Galven\u0101s funkcijas:<\/h3>\n\n<p>\ud83d\udd0b Papla\u0161in\u0101ta 80,04Wh ietilp\u012bba<\/p>\n\n<p>\u0160\u012b baterija ar lielu nomin\u0101lo ener\u0123iju 80,04 Wh un nomin\u0101lo ietilp\u012bbu 5170 mAh nodro\u0161ina iev\u0113rojamu darb\u012bbas laiku, \u013caujot jums izbaud\u012bt ilgsto\u0161as sp\u0113\u013cu sesijas t\u0101lu no str\u0101vas kontaktligzdas.<\/p>\n\n<p>\u26a1 Augstas jaudas pieg\u0101de<\/p>\n\n<p>Ar 15,48 V nomin\u0101lo spriegumu un 17,80 V ierobe\u017eoto uzl\u0101des spriegumu \u0161\u012b 4 \u0161\u016bnu litija jonu baterija ir veidota t\u0101, lai iztur\u0113tu GPD WIN 5 jaud\u012bg\u0101 AMD Strix Halo APU ener\u0123ijas pat\u0113ri\u0146u.<\/p>\n\n<p>\ud83d\udd04 \u0100tri pievienojams modul\u0101rais dizains<\/p>\n\n<p>Akumulatoram ir patent\u0113ts \u0101tr\u0101s savieno\u0161anas meh\u0101nisms, kas viegli un dro\u0161i piestiprin\u0101ms GPD WIN 5 rokas ier\u012bces aizmugur\u0113 (k\u0101 par\u0101d\u012bts att\u0113l\u0101), padarot to modul\u0101ru un nomain\u0101mu ar rezerves akumulatoru.<\/p>\n\n<p>\ud83d\udcaa Ergonomisks un integr\u0113ts<\/p>\n\n<p>Akumulatora bloks ir izstr\u0101d\u0101ts t\u0101, lai to var\u0113tu ide\u0101li integr\u0113t GPD WIN 5 \u0161asij\u0101, un tas saglab\u0101 ier\u012bces plaukstdatora formu, vienlaikus nodro\u0161inot ergonomisku satv\u0113rienu un ener\u0123ijas avotu.<\/p>\n\n<p>\ud83d\udd0c Ori\u0123in\u0101ls GPD piederums<\/p>\n\n<p>\u0160is ir ofici\u0101lais GPD li-jonu akumulatora komplekts (modelis: 5.054BAG, modelis: 4ICP 77\/48\/100), kas nodro\u0161ina piln\u012bgu sader\u012bbu, dro\u0161\u012bbu un optim\u0101lu veiktsp\u0113ju ar GPD WIN 5.<\/p>\n\n<hr class=\"wp-block-separator has-alpha-channel-opacity\"\/>\n\n<h3 class=\"wp-block-heading\">Specifik\u0101cijas:<\/h3>\n\n<figure class=\"wp-block-table\"><table class=\"has-fixed-layout\"><thead><tr><td><strong>Detaliz\u0113ta inform\u0101cija<\/strong><\/td><td><strong>Specifik\u0101cija<\/strong><\/td><\/tr><\/thead><tbody><tr><td><strong>Modelis<\/strong><\/td><td>5.054BAG (4ICP 77\/48\/100)<\/td><\/tr><tr><td><strong>Akumulatora tips<\/strong><\/td><td>Uzl\u0101d\u0113jams litija jonu akumulators<\/td><\/tr><tr><td><strong>Nomin\u0101l\u0101 ener\u0123ija<\/strong><\/td><td>80,04 Wh<\/td><\/tr><tr><td><strong>Nomin\u0101l\u0101 jauda<\/strong><\/td><td>5170 mAh<\/td><\/tr><tr><td><strong>Nomin\u0101lais spriegums<\/strong><\/td><td>15.48 V<\/td><\/tr><tr><td><strong>Ierobe\u017eots uzl\u0101des spriegums<\/strong><\/td><td>17.80 V<\/td><\/tr><tr><td><strong>Savietojam\u012bba<\/strong><\/td><td>GPD WIN 5 rokas sp\u0113\u013cu dators<\/td><\/tr><\/tbody><\/table><\/figure>\n","protected":false},"excerpt":{"rendered":"<ul>\n<li><strong>80,04Wh Jauda:<\/strong> Nodro\u0161ina pagarin\u0101tu, jaud\u012bgu portat\u012bvo sp\u0113\u013cu laiku.<\/li>\n<li><strong>5170 mAh nomin\u0101l\u0101 ietilp\u012bba:<\/strong> Nodro\u0161ina ilgsto\u0161u un uzticamu lieto\u0161anu ce\u013c\u0101.<\/li>\n<li><strong>Modul\u0101rais dizains:<\/strong> \u0100tr\u0101s pievieno\u0161anas meh\u0101nisms \u0113rtai nomai\u0146ai un no\u0146em\u0161anai.<\/li>\n<li><strong>Augstsprieguma baro\u0161anas avots: izstr\u0101d\u0101ts<\/strong>, lai atbalst\u012btu GPD WIN 5 jaud\u012bgo APU.<\/li>\n<li><strong>Ofici\u0101lais GPD piederums:<\/strong> Garant\u0113 perfektu atbilst\u012bbu, sader\u012bbu un dro\u0161\u012bbu.<\/li>\n<\/ul>\n<pre><b>Priek\u0161mets iepriek\u0161\u0113ja pas\u016bt\u012bjuma<\/b>\nizn\u0101k\u0161anas datums ETA:\n<ul>\n<li>2026. gada 2. febru\u0101ris<\/li><\/pre>\n<\/ul>\n[cg_accordion title=\"INFORM\u0100CIJA PAR MAKS\u0100JUMU\"]<\/p>\n<p>M\u0113s izmantojam jaun\u0101k\u0101s tehnolo\u0123ijas maks\u0101jumu apstr\u0101d\u0113, kas \u013cauj jums \u0101tri un dro\u0161i nor\u0113\u0137in\u0101ties, izmantojot debetkarti\/kred\u012btkarti vai PayPal.[\/cg_accordion]\n[cg_accordion title=\"GARANTIJA\"]<\/p>\n<p>2 gadu garantija no <a href=\"https:\/\/droix.net\/\" target=\"_blank\" rel=\"nofollow noopener\">DROIX Global, lai<\/a> j\u016bs b\u016btu mier\u0101.[\/cg_accordion]\n[cg_accordion title=\"KVALIT\u0100TES NODRO\u0160IN\u0100\u0160ANA UN PIRMSNOS\u016aT\u012a\u0160ANAS TEST\u0112\u0160ANA\"]<\/p>\n<p>Klientu apmierin\u0101t\u012bbas nodro\u0161in\u0101\u0161ana augst\u0101kaj\u0101 l\u012bmen\u012b: Katra ier\u012bce pirms nos\u016bt\u012b\u0161anas tiek r\u016bp\u012bgi test\u0113ta un p\u0101rbaud\u012bta vair\u0101kos kvalit\u0101tes nodro\u0161in\u0101\u0161anas punktos. M\u016bsu komanda p\u0101rbauda veiktsp\u0113ju, funkcionalit\u0101ti un komponentu integrit\u0101ti, lai garant\u0113tu, ka j\u016bsu GPD ier\u012bce ir ide\u0101l\u0101 darba k\u0101rt\u012bb\u0101, kad t\u0101 tiek pieg\u0101d\u0101ta, nodro\u0161inot jums p\u0101rliec\u012bbu un sirdsmieru. [\/cg_accordion]\n[cg_accordion title=\"CENAS, NODOK\u013bI UN PIEG\u0100DE\"]<\/p>\n<p><strong><u>Piez\u012bme:<\/u><\/strong><\/p>\n<ul>\n<li>Amerikas Savienot\u0101s Valstis Klienti: Klientiem, kas ieg\u0101d\u0101jas preces, nor\u0101d\u012bt\u0101 cena neietver ne nodokli, ne nodevas. Atbild\u012bba par muito\u0161anu un saist\u012bto nodok\u013cu\/muitas nodok\u013cu nomaksu gulstas uz klientu pleciem. <\/li>\n<li>ES klienti: Atkar\u012bb\u0101 no j\u016bsu valsts, nor\u0101d\u012bt\u0101 cena ietver piem\u0113rojamo nodokli, kas var b\u016bt l\u012bdz 25%.<\/li>\n<li>Kan\u0101das klienti: Atkar\u012bb\u0101 no j\u016bsu provinces nor\u0101d\u012btaj\u0101 cen\u0101 ir iek\u013cauti piem\u0113rojamie nodok\u013ci, kas var ietvert 5% GST un papildu provinces p\u0101rdo\u0161anas nodokli (PST), saska\u0146oto p\u0101rdo\u0161anas nodokli (HST) vai Kvebekas p\u0101rdo\u0161anas nodokli (QST).<\/li>\n<\/ul>\n<p>M\u016bsu ASV klientiem: Pas\u016bt\u012bjumi tiek nos\u016bt\u012bti DAP (Delivered At Place). Lai gan klienti ir atbild\u012bgi par visu piem\u0113rojamo tarifu samaksu, m\u0113s izmantojam savu pla\u0161o pieredzi s\u016bt\u012bjumos no Apvienot\u0101s Karalistes, lai nodro\u0161in\u0101tu, ka maks\u0101jat p\u0113c iesp\u0113jas maz\u0101k. Pamatojoties uz m\u016bsu uzskaites datiem, \u0161ie maks\u0101jumi parasti nep\u0101rsniedz 10 % no preces v\u0113rt\u012bbas.  <\/p>\n<p><strong>Tikai ES klientiem:<\/strong> Express DDP (pieg\u0101de ar samaks\u0101tu muitas nodokli). Tas noz\u012bm\u0113: <\/p>\n<ul>\n<li>Visas muitas nodevas un nodok\u013ci ir iek\u013cauti produkta lap\u0101 nor\u0101d\u012btaj\u0101 cen\u0101.<\/li>\n<li>Pieg\u0101des br\u012bd\u012b jums neb\u016bs j\u0101maks\u0101 papildu maksa.<\/li>\n<li>Retos gad\u012bjumos, kad rodas ar muitu saist\u012btas probl\u0113mas, m\u016bsu komanda j\u016bsu v\u0101rd\u0101 veiks muito\u0161anas procesu, lai nodro\u0161in\u0101tu netrauc\u0113tu pieg\u0101di.<\/li>\n<p>Svar\u012bga inform\u0101cija par atgrie\u0161anu:<\/p>\n<li>Ja nolemjat atgriezt pas\u016bt\u012bjumu vai piepras\u012bt atmaksu, l\u016bdzu, \u0146emiet v\u0113r\u0101, ka nodok\u013ci un nodevas, kas samaks\u0101ti j\u016bsu v\u0101rd\u0101 saska\u0146\u0101 ar DDP noteikumiem, nevar tikt atmaks\u0101ti.<\/li>\n<p>S\u012bk\u0101ku inform\u0101ciju skatiet m\u016bsu <a href=\"https:\/\/droix.net\/terms-and-conditions\/\" target=\"_blank\" rel=\"nofollow noopener\">Noteikumos un nosac\u012bjumos<\/a>.\n<\/ul>\n<p>[\/cg_accordion]\n[cg_accordion title=\"KLIENTU ATBALSTS\"]<\/p>\n<p>Jums ir jaut\u0101jums? M\u0113s esam \u012bs\u0101 teksta att\u0101lum\u0101 no j\u016bsu jaut\u0101juma atrisin\u0101\u0161anas! <\/p>\n<p>S\u012bk\u0101ku inform\u0101ciju skatiet m\u016bsu <a href=\"https:\/\/gpdstore.net\/lv\/terms-of-service\/\" target=\"_blank\" rel=\"nofollow noopener\">Noteikumos un nosac\u012bjumos<\/a>.\n<\/ul>\n<p>[\/cg_accordion]\n[cg_accordion title=\"KAS IEK\u013bAUTS\"]<\/p>\n<ul>\n<li>1x GPD WIN 5 akumulators<\/li>\n<\/ul>\n<p>[\/cg_accordion]\n","protected":false},"featured_media":1261184,"template":"","meta":{"_acf_changed":false},"product_brand":[],"product_cat":[5400],"product_tag":[],"woo-feed-brand":[5825],"class_list":{"0":"post-1261170","1":"product","2":"type-product","3":"status-publish","4":"has-post-thumbnail","6":"product_cat-aksesuari","7":"product_shipping_class-low-end","8":"pa_accessory-type-papildinajumi","9":"pa_brand-gpd","10":"woo-feed-brand-gpd-lv","12":"first","13":"instock","14":"taxable","15":"shipping-taxable","16":"purchasable","17":"product-type-variable","18":"has-default-attributes"},"acf":[],"aioseo_notices":[],"_links":{"self":[{"href":"https:\/\/gpdstore.net\/lv\/wp-json\/wp\/v2\/product\/1261170","targetHints":{"allow":["GET"]}}],"collection":[{"href":"https:\/\/gpdstore.net\/lv\/wp-json\/wp\/v2\/product"}],"about":[{"href":"https:\/\/gpdstore.net\/lv\/wp-json\/wp\/v2\/types\/product"}],"wp:featuredmedia":[{"embeddable":true,"href":"https:\/\/gpdstore.net\/lv\/wp-json\/wp\/v2\/media\/1261184"}],"wp:attachment":[{"href":"https:\/\/gpdstore.net\/lv\/wp-json\/wp\/v2\/media?parent=1261170"}],"wp:term":[{"taxonomy":"product_brand","embeddable":true,"href":"https:\/\/gpdstore.net\/lv\/wp-json\/wp\/v2\/product_brand?post=1261170"},{"taxonomy":"product_cat","embeddable":true,"href":"https:\/\/gpdstore.net\/lv\/wp-json\/wp\/v2\/product_cat?post=1261170"},{"taxonomy":"product_tag","embeddable":true,"href":"https:\/\/gpdstore.net\/lv\/wp-json\/wp\/v2\/product_tag?post=1261170"},{"taxonomy":"woo-feed-brand","embeddable":true,"href":"https:\/\/gpdstore.net\/lv\/wp-json\/wp\/v2\/woo-feed-brand?post=1261170"}],"curies":[{"name":"wp","href":"https:\/\/api.w.org\/{rel}","templated":true}]}}