{"id":1258229,"date":"2025-10-21T14:46:01","date_gmt":"2025-10-21T14:46:01","guid":{"rendered":"https:\/\/gpdstore.net\/product\/gpd-win-5-dokstacija\/"},"modified":"2026-01-19T14:05:32","modified_gmt":"2026-01-19T14:05:32","slug":"gpd-win-5-docking-station","status":"publish","type":"product","link":"https:\/\/gpdstore.net\/lv\/product\/gpd-win-5-docking-station\/","title":{"rendered":"GPD WIN 5 dokstacija"},"content":{"rendered":"\n<p><strong>GPD WIN 5 dokstacija (<\/strong> bie\u017ei d\u0113v\u0113ta par Smart Dock) ir svar\u012bgs darbvirsmas mezgls, kas izstr\u0101d\u0101ts, lai piln\u012bb\u0101 atrais\u012btu GPD WIN 5 <a href=\"https:\/\/gpdstore.net\/lv\/product\/gpd-win-5\/\" target=\"_blank\" rel=\"noopener\" title=\"\">portat\u012bv\u0101 sp\u0113\u013cu datora potenci\u0101lu .<\/a> P\u0101rveidojiet savu portat\u012bvo sp\u0113kstaciju par pilnv\u0113rt\u012bgu galddatora sp\u0113\u013cu un produktivit\u0101tes konfigur\u0101ciju ar vienu vienk\u0101r\u0161u savienojumu, nodro\u0161inot maksim\u0101lu jaudu un netrauc\u0113tu perif\u0113rijas ier\u012b\u010du integr\u0101ciju.<\/p>\n\n<hr class=\"wp-block-separator has-alpha-channel-opacity\"\/>\n\n<h2 class=\"wp-block-heading\">Galven\u0101s funkcijas:<\/h2>\n\n<p>\u26a1 Maksim\u0101la <strong>ener\u0123ijas padeve maksim\u0101lai veiktsp\u0113jai Dok\u0161\u013c\u0101v\u0113js ir<\/strong> paredz\u0113ts savieno\u0161anai ar GPD WIN 5 \u012bpa\u0161o str\u0101vas piesl\u0113gvietu, \u013caujot ier\u012bcei darboties ar pilnu 100 W jaudu no l\u0101d\u0113t\u0101ja. Tas \u013cauj augstas veiktsp\u0113jas Strix Halo APU uztur\u0113t maksim\u0101lo TDP, lai nodro\u0161in\u0101tu darbvirsmas klases kadru uz\u0146em\u0161anas \u0101trumu bez termisk\u0101s droseles. <\/p>\n\n<p>\ud83d\udcbb T\u016bl\u012bt\u0113ja <strong>darbvirsmas p\u0101rveido\u0161ana Viegli piesl\u0113dziet<\/strong> GPD WIN 5, lai uzreiz izveidotu savienojumu ar vis\u0101m darbvirsmas perif\u0113rijas ier\u012bc\u0113m.<sup><\/sup> P\u0101rveidojiet savu rokas konsoli par pilnv\u0113rt\u012bgu Windows 11 datoru, kas ir gatavs konkur\u0113tsp\u0113j\u012bg\u0101m sp\u0113l\u0113m, darbam vai multivides l\u012bdzek\u013cu lieto\u0161anai.<sup><\/sup><\/p>\n\n<p>\ud83d\udda5\ufe0f <strong>\u0100trdarb\u012bga 4K displeja izeja<\/strong> <strong>Smart Dock<\/strong> <strong>ir apr\u012bkota<\/strong> ar \u012bpa\u0161u <strong>HDMI 2.1 portu, un t\u0101<\/strong> var p\u0101rraid\u012bt l\u012bdz pat 4K iz\u0161\u0137irtsp\u0113ju <strong>ar <sup><\/sup>144<\/strong> Hz frekvenci uz \u0101r\u0113jo sp\u0113\u013cu monitoru vai televizoru, nodro\u0161inot sviestaini gludu, augstas precizit\u0101tes pieredzi, kas konkur\u0113 ar tradicion\u0101lajiem galddatoriem.<sup><\/sup><\/p>\n\n<p><strong>\ud83d\udd0c Visaptvero\u0161a I\/O papla\u0161in\u0101\u0161ana Iev\u0113rojami<\/strong> papla\u0161ini savienojam\u012bbas iesp\u0113jas, lai piel\u0101gotu visu sp\u0113\u013cu un darba apr\u012bkojumu:<\/p>\n\n<ul class=\"wp-block-list\">\n<li><strong>1x HDMI 2.1 ports:<\/strong> Augstas iz\u0161\u0137irtsp\u0113jas, augstas atsvaidzin\u0101\u0161anas \u0101truma displeja izvadei.<\/li>\n\n\n\n<li><strong>3x A tipa USB porti:<\/strong> Pievienojiet \u0101r\u0113j\u0101s tastat\u016bras, peles, zibatmi\u0146as diskus un citas perif\u0113rijas ier\u012bces.<\/li>\n\n\n\n<li><strong>1x Ethernet ports (RJ45):<\/strong> Nodro\u0161ina stabilu vadu savienojumu ar zemu latentuma l\u012bmeni, lai var\u0113tu sp\u0113l\u0113t tie\u0161saistes sp\u0113les.<\/li>\n\n\n\n<li><strong>1x C tipa USB ports:<\/strong> Datu vai papildu perif\u0113rijas piesl\u0113gumiem.<\/li>\n<\/ul>\n\n<p>\ud83d\udd0b &#8220;Viss vien\u0101&#8221; <strong>vied\u0101 \u0161\u016bpu\u013ca unik\u0101lais dizains<\/strong> kalpo gan k\u0101 dro\u0161s stat\u012bvs, gan k\u0101 baro\u0161anas mezgls. Tas nodro\u0161ina GPD WIN 5 stabilu, vertik\u0101lu atbalsta vietu, vienlaikus akt\u012bvi uzl\u0101d\u0113jot sist\u0113mu un nodro\u0161inot nepiecie\u0161amo jaudu ilgsto\u0161am augstas veiktsp\u0113jas sp\u0113\u013cu sp\u0113l\u0113\u0161anai. <\/p>\n\n<h2 class=\"wp-block-heading\">K\u0101p\u0113c izv\u0113l\u0113ties GPD WIN 5 dokstaciju?<\/h2>\n\n<p>GPD WIN 5 ir veidots k\u0101 darbvirsmas aizst\u0101j\u0113js, un \u0161\u012b vied\u0101 doka platforma ir tilts. Tas nov\u0113r\u0161 kabe\u013cu jucekli, vienlaikus nodro\u0161inot, ka tavs jaud\u012bgais Strix Halo mikrosh\u0113ma sa\u0146em pilnu 100 W jaudu, kas tai nepiecie\u0161ama, lai nodro\u0161in\u0101tu RTX 4060 klases veiktsp\u0113ju uz liel\u0101 ekr\u0101na. Tas ir b\u016btisks piederums, lai nodro\u0161in\u0101tu maksim\u0101lu &#8220;plug-and-play&#8221; galddatora sp\u0113\u013cu pieredzi. <\/p>\n\n<hr class=\"wp-block-separator has-alpha-channel-opacity\"\/>\n\n<h3 class=\"wp-block-heading\">Specifik\u0101cijas:<\/h3>\n\n<figure class=\"wp-block-table\"><table class=\"has-fixed-layout\"><thead><tr><td>Detaliz\u0113ta inform\u0101cija<\/td><td>Specifik\u0101cija<\/td><\/tr><\/thead><tbody><tr><td><strong>Savietojam\u012bba<\/strong><\/td><td>GPD WIN 5 rokas sp\u0113\u013cu dators<\/td><\/tr><tr><td><strong>Video izeja<\/strong><\/td><td>1 \u00d7 HDMI 2.1 (l\u012bdz 4K @144 Hz)<\/td><\/tr><tr><td><strong>USB porti<\/strong><\/td><td>3 \u00d7 A tipa USB, 1 \u00d7 C tipa USB<\/td><\/tr><tr><td><strong>T\u012bkls<\/strong><\/td><td>1\u00d7 Ethernet ports (RJ45)<\/td><\/tr><tr><td><strong>Ievades jauda<\/strong><\/td><td>Stobru domkrats (paredz\u0113ts 100 W GPD WIN 5 l\u0101d\u0113t\u0101jam)<\/td><\/tr><tr><td><strong>Funkcija<\/strong><\/td><td>Docking, uzl\u0101de, displejs \u0101r\u0101, stat\u012bvs<\/td><\/tr><\/tbody><\/table><\/figure>\n\n<p><\/p>\n","protected":false},"excerpt":{"rendered":"<ul>\n<li><strong>180 W Jaudas caurlaid\u012bba:<\/strong> Nodro\u0161ina maksim\u0101lu jaudu maksim\u0101lai veiktsp\u0113jai.<\/li>\n<li><strong>Darbvirsmas re\u017e\u012bms:<\/strong> T\u016bl\u012bt p\u0101rveido portat\u012bvo datoru par pilnv\u0113rt\u012bgu galddatoru.<\/li>\n<li><strong>4K displeja izeja:<\/strong> HDMI 2.1 augstas iz\u0161\u0137irtsp\u0113jas \u0101r\u0113jiem monitoriem.<\/li>\n<li><strong>Wired Gaming:<\/strong> Ietver Ethernet piesl\u0113gvietu stabilai tie\u0161saistes sp\u0113lei bez kav\u0113\u0161an\u0101s.<\/li>\n<li><strong>Ofici\u0101li piem\u0113rots:<\/strong> P\u0113c pas\u016bt\u012bjuma izstr\u0101d\u0101ts GPD piederums WIN 5.<\/li>\n<\/ul>\n[cg_accordion title=\"INFORM\u0100CIJA PAR MAKS\u0100JUMU\"]<\/p>\n<p>M\u0113s izmantojam jaun\u0101k\u0101s tehnolo\u0123ijas maks\u0101jumu apstr\u0101d\u0113, kas \u013cauj jums \u0101tri un dro\u0161i nor\u0113\u0137in\u0101ties, izmantojot debetkarti\/kred\u012btkarti vai PayPal.[\/cg_accordion]\n[cg_accordion title=\"GARANTIJA\"]<\/p>\n<p>2 gadu garantija no <a href=\"https:\/\/droix.net\/\" target=\"_blank\" rel=\"nofollow noopener\">DROIX Global, lai<\/a> j\u016bs b\u016btu mier\u0101.[\/cg_accordion]\n[cg_accordion title=\"KVALIT\u0100TES NODRO\u0160IN\u0100\u0160ANA UN PIRMSNOS\u016aT\u012a\u0160ANAS TEST\u0112\u0160ANA\"]<\/p>\n<p>Klientu apmierin\u0101t\u012bbas nodro\u0161in\u0101\u0161ana augst\u0101kaj\u0101 l\u012bmen\u012b: Katra ier\u012bce pirms nos\u016bt\u012b\u0161anas tiek r\u016bp\u012bgi test\u0113ta un p\u0101rbaud\u012bta vair\u0101kos kvalit\u0101tes nodro\u0161in\u0101\u0161anas punktos. M\u016bsu komanda p\u0101rbauda veiktsp\u0113ju, funkcionalit\u0101ti un komponentu integrit\u0101ti, lai garant\u0113tu, ka j\u016bsu GPD ier\u012bce ir ide\u0101l\u0101 darba k\u0101rt\u012bb\u0101, kad t\u0101 tiek pieg\u0101d\u0101ta, nodro\u0161inot jums p\u0101rliec\u012bbu un sirdsmieru. [\/cg_accordion]\n[cg_accordion title=\"CENAS, NODOK\u013bI UN PIEG\u0100DE\"]<\/p>\n<p><strong><u>Piez\u012bme:<\/u><\/strong><\/p>\n<ul>\n<li>Amerikas Savienot\u0101s Valstis Klienti: Klientiem, kas ieg\u0101d\u0101jas preces, nor\u0101d\u012bt\u0101 cena neietver ne nodokli, ne nodevas. Atbild\u012bba par muito\u0161anu un saist\u012bto nodok\u013cu\/muitas nodok\u013cu nomaksu gulstas uz klientu pleciem. <\/li>\n<li>ES klienti: Atkar\u012bb\u0101 no j\u016bsu valsts, nor\u0101d\u012bt\u0101 cena ietver piem\u0113rojamo nodokli, kas var b\u016bt l\u012bdz 25%.<\/li>\n<li>Kan\u0101das klienti: Atkar\u012bb\u0101 no j\u016bsu provinces nor\u0101d\u012btaj\u0101 cen\u0101 ir iek\u013cauti piem\u0113rojamie nodok\u013ci, kas var ietvert 5% GST un papildu provinces p\u0101rdo\u0161anas nodokli (PST), saska\u0146oto p\u0101rdo\u0161anas nodokli (HST) vai Kvebekas p\u0101rdo\u0161anas nodokli (QST).<\/li>\n<\/ul>\n<p>M\u016bsu ASV klientiem: Pas\u016bt\u012bjumi tiek nos\u016bt\u012bti DAP (Delivered At Place). Lai gan klienti ir atbild\u012bgi par visu piem\u0113rojamo tarifu samaksu, m\u0113s izmantojam savu pla\u0161o pieredzi s\u016bt\u012bjumos no Apvienot\u0101s Karalistes, lai nodro\u0161in\u0101tu, ka maks\u0101jat p\u0113c iesp\u0113jas maz\u0101k. Pamatojoties uz m\u016bsu uzskaites datiem, \u0161ie maks\u0101jumi parasti nep\u0101rsniedz 10 % no preces v\u0113rt\u012bbas.  <\/p>\n<p><strong>Tikai ES klientiem:<\/strong> Express DDP (pieg\u0101de ar samaks\u0101tu muitas nodokli). Tas noz\u012bm\u0113: <\/p>\n<ul>\n<li>Visas muitas nodevas un nodok\u013ci ir iek\u013cauti produkta lap\u0101 nor\u0101d\u012btaj\u0101 cen\u0101.<\/li>\n<li>Pieg\u0101des br\u012bd\u012b jums neb\u016bs j\u0101maks\u0101 papildu maksa.<\/li>\n<li>Retos gad\u012bjumos, kad rodas ar muitu saist\u012btas probl\u0113mas, m\u016bsu komanda j\u016bsu v\u0101rd\u0101 veiks muito\u0161anas procesu, lai nodro\u0161in\u0101tu netrauc\u0113tu pieg\u0101di.<\/li>\n<p>Svar\u012bga inform\u0101cija par atgrie\u0161anu:<\/p>\n<li>Ja nolemjat atgriezt pas\u016bt\u012bjumu vai piepras\u012bt atmaksu, l\u016bdzu, \u0146emiet v\u0113r\u0101, ka nodok\u013ci un nodevas, kas samaks\u0101ti j\u016bsu v\u0101rd\u0101 saska\u0146\u0101 ar DDP noteikumiem, nevar tikt atmaks\u0101ti.<\/li>\n<p>S\u012bk\u0101ku inform\u0101ciju skatiet m\u016bsu <a href=\"https:\/\/droix.net\/terms-and-conditions\/\" target=\"_blank\" rel=\"nofollow noopener\">Noteikumos un nosac\u012bjumos<\/a>.\n<\/ul>\n<p>[\/cg_accordion]\n[cg_accordion title=\"KLIENTU ATBALSTS\"]<\/p>\n<p>Jums ir jaut\u0101jums? M\u0113s esam \u012bs\u0101 teksta att\u0101lum\u0101 no j\u016bsu jaut\u0101juma atrisin\u0101\u0161anas! <\/p>\n<p>S\u012bk\u0101ku inform\u0101ciju skatiet m\u016bsu <a href=\"https:\/\/gpdstore.net\/lv\/terms-of-service\/\" target=\"_blank\" rel=\"nofollow noopener\">Noteikumos un nosac\u012bjumos<\/a>.\n<\/ul>\n<p>[\/cg_accordion]\n[cg_accordion title=\"KAS IEK\u013bAUTS\"]<\/p>\n<ul>\n<li>1x ofici\u0101l\u0101 GPD WIN 5 dokstacija<\/li>\n<\/ul>\n<p>[\/cg_accordion]\n","protected":false},"featured_media":1261026,"template":"","meta":{"_acf_changed":false},"product_brand":[],"product_cat":[5400],"product_tag":[],"woo-feed-brand":[],"class_list":{"0":"post-1258229","1":"product","2":"type-product","3":"status-publish","4":"has-post-thumbnail","6":"product_cat-aksesuari","7":"product_shipping_class-low-end","8":"product_shipping_class-premium","9":"pa_accessory-type-dokesanas-stacija","10":"pa_brand-gpd","12":"first","13":"instock","14":"taxable","15":"shipping-taxable","16":"purchasable","17":"product-type-variable","18":"has-default-attributes"},"acf":[],"aioseo_notices":[],"_links":{"self":[{"href":"https:\/\/gpdstore.net\/lv\/wp-json\/wp\/v2\/product\/1258229","targetHints":{"allow":["GET"]}}],"collection":[{"href":"https:\/\/gpdstore.net\/lv\/wp-json\/wp\/v2\/product"}],"about":[{"href":"https:\/\/gpdstore.net\/lv\/wp-json\/wp\/v2\/types\/product"}],"wp:featuredmedia":[{"embeddable":true,"href":"https:\/\/gpdstore.net\/lv\/wp-json\/wp\/v2\/media\/1261026"}],"wp:attachment":[{"href":"https:\/\/gpdstore.net\/lv\/wp-json\/wp\/v2\/media?parent=1258229"}],"wp:term":[{"taxonomy":"product_brand","embeddable":true,"href":"https:\/\/gpdstore.net\/lv\/wp-json\/wp\/v2\/product_brand?post=1258229"},{"taxonomy":"product_cat","embeddable":true,"href":"https:\/\/gpdstore.net\/lv\/wp-json\/wp\/v2\/product_cat?post=1258229"},{"taxonomy":"product_tag","embeddable":true,"href":"https:\/\/gpdstore.net\/lv\/wp-json\/wp\/v2\/product_tag?post=1258229"},{"taxonomy":"woo-feed-brand","embeddable":true,"href":"https:\/\/gpdstore.net\/lv\/wp-json\/wp\/v2\/woo-feed-brand?post=1258229"}],"curies":[{"name":"wp","href":"https:\/\/api.w.org\/{rel}","templated":true}]}}