{"id":121009,"date":"2024-01-24T17:32:18","date_gmt":"2024-01-24T17:32:18","guid":{"rendered":"https:\/\/gpdstore.net\/uncategorized\/sd1-dokstacija\/"},"modified":"2025-12-23T10:21:23","modified_gmt":"2025-12-23T10:21:23","slug":"sd1-docking-station","status":"publish","type":"product","link":"https:\/\/gpdstore.net\/lv\/product\/sd1-docking-station\/","title":{"rendered":"SD1 dokstacija"},"content":{"rendered":"\n<h1 class=\"wp-block-heading\"><strong>Atkl\u0101jiet pilnu plaukstas sp\u0113\u013cu potenci\u0101lu ar SD1 dokstaciju!<\/strong><\/h1>\n\n<h3 class=\"wp-block-heading\">Viengabalaina sp\u0113\u013cu integr\u0101cija tavos pirkstos!<\/h3>\n\n<p>Laipni l\u016bgti gal\u012bgaj\u0101 sp\u0113\u013cu p\u0101rn\u0113s\u0101jamo sp\u0113\u013cu datoru piederumu mai\u0146as ier\u012bc\u0113! Prezent\u0113jam SD1 dokstaciju, kas ir \u012bpa\u0161i izstr\u0101d\u0101ta kaisl\u012bgiem sp\u0113l\u0113t\u0101jiem, kuri v\u0113las netrauc\u0113tu un nep\u0101rtrauktu sp\u0113\u013cu sp\u0113l\u0113\u0161anu. Izmantojot \u0161o modern\u0101ko dokstaciju, sp\u0113l\u0113t\u0101ji var uzlabot savu portat\u012bvo sp\u0113\u013cu datoru iesp\u0113jas k\u0101 v\u0113l nekad agr\u0101k. No popul\u0101r\u0101 Steam Deck l\u012bdz izsmalcin\u0101tajam AYA NEO Geek 1S &#8211; SD1 ir daudzpus\u012bgs, nodro\u0161inot j\u016bsu iecien\u012bt\u0101kajai rokas ier\u012bcei nepiecie\u0161amo impulsu. Vienk\u0101r\u0161i pietauvojiet to, pievienojiet ar C tipa USB kabeli un v\u0113rojiet, k\u0101 burv\u012bba izpau\u017eas.<\/p>\n\n<h3 class=\"wp-block-heading\"><strong>\u012apa\u0161i \u0101trs un vienm\u0113r\u012bgs interneta savienojums<\/strong><\/h3>\n\n<p>Vair\u0101k nav kav\u0113\u0161an\u0101s. Nek\u0101du p\u0101rtraukumu. Iegremd\u0113jieties sp\u0113\u013cu visum\u0101 ar SD1 RJ45 Gigabit Ethernet. \u0160\u012b dokstacija nodro\u0161ina l\u012bdz pat 1000M lielu \u0101trumu un sniedz priek\u0161roc\u012bbas vair\u0101ku sp\u0113l\u0113t\u0101ju sp\u0113l\u0113s, nodro\u0161inot \u012bpa\u0161i \u0101tras un rea\u0123\u0113jo\u0161as sp\u0113\u013cu sesijas. Atvadieties no nom\u0101co\u0161\u0101 kav\u0113\u0161an\u0101s un sagaidiet vienm\u0113r\u012bgu, re\u0101llaika sp\u0113\u013cu mijiedarb\u012bbu. Kad ir svar\u012bga katra milisekunde, SD1 nodro\u0161ina, ka vienm\u0113r esat soli priek\u0161\u0101.<\/p>\n\n<h3 class=\"wp-block-heading\"><strong>Spilgta un skaidra displeja pieredze<\/strong><\/h3>\n\n<p>Uzlabojiet savu vizu\u0101lo sp\u0113\u013cu pieredzi! SD1 dokstacija ir apr\u012bkota ar HDMI 2.0 izeju, kas \u013cauj sp\u0113l\u0113t\u0101jiem izbaud\u012bt bag\u0101t\u012bgu 4K att\u0113lu ar z\u012bdaini gludu 60 Hz frekvenci. Pateicoties iz\u0161\u0137irtsp\u0113jas iesp\u0113j\u0101m l\u012bdz pat 4096&#215;2160, katrs pikse\u013catt\u0113ls atdz\u012bvojas, \u013caujot jums iejusties notikumu epicentr\u0101. Izbaudiet sp\u0113les vis\u0101 to kr\u0101\u0161\u0146um\u0101 ar nevainojamu detaliz\u0101ciju, spilgt\u0101m kr\u0101s\u0101m un nep\u0101rsp\u0113jamu skaidr\u012bbu.<\/p>\n\n<h3 class=\"wp-block-heading\"><strong>\u0100tra un efekt\u012bva ener\u0123ijas pieg\u0101de<\/strong><\/h3>\n\n<p>Sp\u0113\u013cu sp\u0113ks bezgal\u012bgi! SD1 dokstacija nodro\u0161ina ne tikai savienojam\u012bbu un vizu\u0101lo kvalit\u0101ti, bet ar\u012b to, ka j\u016bsu sp\u0113\u013cu ier\u012bcei tiek nodro\u0161in\u0101ta str\u0101vas padeve. Ar neticamo 100 W PD uzl\u0101des iesp\u0113ju tas \u0101tri uzl\u0101d\u0113 ier\u012bci, nodro\u0161inot, ka jums nekad neizs\u012bks akumulators c\u012b\u0146as karstum\u0101. Sp\u0113l\u0113jiet t\u0101l\u0101k, b\u016bdami p\u0101rliecin\u0101ti, ka ier\u012bci nep\u0101rtraukti darbina uzticama un \u0101tra uzl\u0101des sist\u0113ma.<\/p>\n\n<h3 class=\"wp-block-heading\"><strong>Vair\u0101ku ostu pieejam\u012bba uzlabotai lietojam\u012bbai<\/strong><\/h3>\n\n<p>Vislab\u0101k\u0101 daudzpus\u012bba! SD1 ir apr\u012bkots ar trim A tipa 3.0 USB 3.0 piesl\u0113gviet\u0101m, kas sp\u0113l\u0113t\u0101jiem nodro\u0161ina iesp\u0113ju piesl\u0113gt vair\u0101kas perif\u0113rijas ier\u012bces. Neatkar\u012bgi no t\u0101, vai tas ir papildu kontrolieris, austi\u0146as vai jebkur\u0161 cits USB piederums, SD1 dokstacija nodro\u0161ina, ka esat gatavs jebkuram sp\u0113\u013cu scen\u0101rijam. Izmantojiet \u0101tr\u0101ku datu p\u0101rs\u016bt\u012b\u0161anas \u0101trumu un izbaudiet netrauc\u0113tu sp\u0113\u013cu vidi.<\/p>\n\n<h3 class=\"wp-block-heading\"><strong>Dro\u0161a un efekt\u012bva savienojam\u012bba<\/strong><\/h3>\n\n<p>Ar vienu kabeli paveras pla\u0161\u0101kas sp\u0113\u013cu iesp\u0113jas. SD1 izmanto C tipa USB jaudu, nodro\u0161inot stabilu un efekt\u012bvu savienojumu starp dokstaciju un portat\u012bvo sp\u0113\u013cu ier\u012bci. \u0160is inovat\u012bvais savienojam\u012bbas risin\u0101jums ne tikai nodro\u0161ina \u0101tr\u0101ku datu p\u0101rs\u016bt\u012b\u0161anas \u0101trumu, bet ar\u012b univers\u0101lu savietojam\u012bbu ar jaun\u0101kaj\u0101m sp\u0113\u013cu ier\u012bc\u0113m.<\/p>\n\n<h3 class=\"wp-block-heading\"><strong>Iztur\u012bga konstrukcija ar elegantu est\u0113tiku<\/strong><\/h3>\n\n<p>SD1 ir ne tikai tehniski izcils, bet ar\u012b eleganta dizaina un iztur\u012bgas konstrukcijas apliecin\u0101jums. Izgatavots no pel\u0113ka alum\u012bnija, tas izstaro augst\u0101k\u0101s kvalit\u0101tes saj\u016btu, vienlaikus nodro\u0161inot ilgm\u016b\u017e\u012bbu. Lai nodro\u0161in\u0101tu, ka j\u016bsu v\u0113rt\u012bg\u0101s sp\u0113\u013cu ier\u012bces vienm\u0113r ir aizsarg\u0101tas, tas ir apr\u012bkots ar melniem silikona spilventi\u0146iem, kas nodro\u0161ina papildu dro\u0161\u012bbas l\u012bmeni pret skr\u0101p\u0113jumiem un net\u012b\u0161u pasl\u012bd\u0113\u0161anu.<\/p>\n\n<h3 class=\"wp-block-heading\"><strong>Univers\u0101la sader\u012bba: Gameru prieks!<\/strong><\/h3>\n\n<p>Lieliska piederuma paz\u012bme ir t\u0101 piel\u0101go\u0161an\u0101s sp\u0113jas, un \u0161aj\u0101 zi\u0146\u0101 SD1 ir izcils. T\u0101 ir izstr\u0101d\u0101ta, lai piel\u0101gotu pla\u0161u portat\u012bvo sp\u0113\u013cu datoru kl\u0101stu, un nodro\u0161ina, ka neviens sp\u0113l\u0113t\u0101js netiek atst\u0101ts nov\u0101rt\u0101. Neatkar\u012bgi no t\u0101, vai jums pieder jaun\u0101kais GPD WIN 4 2023 vai ONEXPLAYER 2, \u0161\u012b dokstacija ir vienots risin\u0101jums uzlabot\u0101m sp\u0113\u013cu iesp\u0113j\u0101m. Test\u0113ts ar Steam Deck, ROG Ally, GPD WIN 4, GPD WIN 4 2023, ONEXPLAYER 2, AYA NEO 2S, AYA NEO Geek un AYA NEO Geek 1S.<\/p>\n\n<h3 class=\"wp-block-heading\"><strong>Secin\u0101jums<\/strong><\/h3>\n\n<p>Ar SD1 dokstaciju speriet soli uz k\u0101jdatoru sp\u0113\u013cu n\u0101kotni. T\u0101 nav tikai dokstacija, t\u0101 ir pieredze, ce\u013cojums, jauns sp\u0113les veids. Uzlabojiet savas sp\u0113\u013cu sesijas un izbaudiet jauno rokas sp\u0113\u013cu laikmetu ar SD1 dokstaciju.<\/p>\n\n<p><\/p>\n","protected":false},"excerpt":{"rendered":"<ul>\n<li><strong>SD1 <\/strong>dokstacija<\/li>\n<li>Gigabit Ethernet<\/li>\n<li>100W PD USB-C<\/li>\n<li>HDMI izeja<\/li>\n<li><strong>Sader\u012bgs ar<\/strong> GPD WIN 4 2024 un daudziem citiem <strong>r\u012bkiem<\/strong>.<\/li>\n<\/ul>\n[cg_accordion title=\"INFORM\u0100CIJA PAR MAKS\u0100JUMU\"]<\/p>\n<p>M\u0113s izmantojam jaun\u0101k\u0101s tehnolo\u0123ijas maks\u0101jumu apstr\u0101d\u0113, kas \u013cauj \u0101tri un dro\u0161i nor\u0113\u0137in\u0101ties, izmantojot Apple Pay, Google Pay, debetkarti\/kred\u012btkarti, PayPal vai BNPL metodes, piem\u0113ram, Klarna, Affirm vai AfterPay.[\/cg_accordion]\n[cg_accordion title=\"GARANTIJA\"]<\/p>\n<p>2 gadu garantija no <a href=\"https:\/\/droix.net\/\" target=\"_blank\" rel=\"nofollow noopener\">DROIX Global, lai<\/a> j\u016bs b\u016btu mier\u0101.[\/cg_accordion]\n[cg_accordion title=\"CENAS, NODOK\u013bI UN PIEG\u0100DE\"]<\/p>\n<p><strong><u>Piez\u012bme:<\/u><\/strong><\/p>\n<ul>\n<li>Amerikas Savienot\u0101s Valstis Klienti: Klientiem, kas ieg\u0101d\u0101jas preces, nor\u0101d\u012bt\u0101 cena neietver ne nodokli, ne nodevas. Atbild\u012bba par muito\u0161anu un saist\u012bto nodok\u013cu\/muitas nodok\u013cu nomaksu gulstas uz klientu pleciem. <\/li>\n<li>ES klienti: Atkar\u012bb\u0101 no j\u016bsu valsts, nor\u0101d\u012bt\u0101 cena ietver piem\u0113rojamo nodokli, kas var b\u016bt l\u012bdz 25%.<\/li>\n<li>Kan\u0101das klienti: Atkar\u012bb\u0101 no j\u016bsu provinces nor\u0101d\u012btaj\u0101 cen\u0101 ir iek\u013cauti piem\u0113rojamie nodok\u013ci, kas var ietvert 5% GST un papildu provinces p\u0101rdo\u0161anas nodokli (PST), saska\u0146oto p\u0101rdo\u0161anas nodokli (HST) vai Kvebekas p\u0101rdo\u0161anas nodokli (QST).<\/li>\n<\/ul>\n<p><strong>Tikai ES klientiem:<\/strong> Express DDP (pieg\u0101de ar samaks\u0101tu muitas nodokli). Tas noz\u012bm\u0113: <\/p>\n<ul>\n<li>Visas muitas nodevas un nodok\u013ci ir iek\u013cauti produkta lap\u0101 nor\u0101d\u012btaj\u0101 cen\u0101.<\/li>\n<li>Pieg\u0101des br\u012bd\u012b jums neb\u016bs j\u0101maks\u0101 papildu maksa.<\/li>\n<li>Retos gad\u012bjumos, kad rodas ar muitu saist\u012btas probl\u0113mas, m\u016bsu komanda j\u016bsu v\u0101rd\u0101 veiks muito\u0161anas procesu, lai nodro\u0161in\u0101tu netrauc\u0113tu pieg\u0101di.<\/li>\n<p>Svar\u012bga inform\u0101cija par atgrie\u0161anu:<\/p>\n<li>Ja nolemjat atgriezt pas\u016bt\u012bjumu vai piepras\u012bt atmaksu, l\u016bdzu, \u0146emiet v\u0113r\u0101, ka nodok\u013ci un nodevas, kas samaks\u0101ti j\u016bsu v\u0101rd\u0101 saska\u0146\u0101 ar DDP noteikumiem, nevar tikt atmaks\u0101ti.<\/li>\n<p>S\u012bk\u0101ku inform\u0101ciju skatiet m\u016bsu <a href=\"https:\/\/gpdstore.net\/lv\/terms-of-service\/\" target=\"_blank\" rel=\"nofollow noopener\">Noteikumos un nosac\u012bjumos<\/a>.\n<\/ul>\n<p>[\/cg_accordion]\n[cg_accordion title=\"KLIENTU ATBALSTS\"]<\/p>\n<p>Jums ir jaut\u0101jums? M\u0113s esam \u012bs\u0101 teksta att\u0101lum\u0101 no j\u016bsu jaut\u0101juma atrisin\u0101\u0161anas!<br \/>\n[\/cg_accordion]\n[cg_accordion title=\"KAS IEK\u013bAUTS\"]<\/p>\n<ul>\n<li>1x SD1 dokstacija<\/li>\n<\/ul>\n<p>[\/cg_accordion]\n","protected":false},"featured_media":121320,"template":"","meta":{"_acf_changed":false},"product_brand":[],"product_cat":[5400],"product_tag":[14808,5994],"woo-feed-brand":[18164],"class_list":{"0":"post-121009","1":"product","2":"type-product","3":"status-publish","4":"has-post-thumbnail","6":"product_cat-aksesuari","7":"product_tag-40xmsale-lv","8":"product_tag-droix-hub-lv","9":"product_shipping_class-standard","11":"pa_accessory-type-dokesanas-stacija","12":"pa_i-o-video-1x-hdmi-lv","13":"woo-feed-brand-droix-lv","15":"first","16":"outofstock","17":"sale","18":"taxable","19":"shipping-taxable","20":"purchasable","21":"product-type-simple"},"acf":[],"aioseo_notices":[],"_links":{"self":[{"href":"https:\/\/gpdstore.net\/lv\/wp-json\/wp\/v2\/product\/121009","targetHints":{"allow":["GET"]}}],"collection":[{"href":"https:\/\/gpdstore.net\/lv\/wp-json\/wp\/v2\/product"}],"about":[{"href":"https:\/\/gpdstore.net\/lv\/wp-json\/wp\/v2\/types\/product"}],"wp:featuredmedia":[{"embeddable":true,"href":"https:\/\/gpdstore.net\/lv\/wp-json\/wp\/v2\/media\/121320"}],"wp:attachment":[{"href":"https:\/\/gpdstore.net\/lv\/wp-json\/wp\/v2\/media?parent=121009"}],"wp:term":[{"taxonomy":"product_brand","embeddable":true,"href":"https:\/\/gpdstore.net\/lv\/wp-json\/wp\/v2\/product_brand?post=121009"},{"taxonomy":"product_cat","embeddable":true,"href":"https:\/\/gpdstore.net\/lv\/wp-json\/wp\/v2\/product_cat?post=121009"},{"taxonomy":"product_tag","embeddable":true,"href":"https:\/\/gpdstore.net\/lv\/wp-json\/wp\/v2\/product_tag?post=121009"},{"taxonomy":"woo-feed-brand","embeddable":true,"href":"https:\/\/gpdstore.net\/lv\/wp-json\/wp\/v2\/woo-feed-brand?post=121009"}],"curies":[{"name":"wp","href":"https:\/\/api.w.org\/{rel}","templated":true}]}}