{"id":1199327,"date":"2025-10-08T14:34:02","date_gmt":"2025-10-08T14:34:02","guid":{"rendered":"https:\/\/gpdstore.net\/product\/biwin-mini-ssd\/"},"modified":"2026-01-19T15:04:03","modified_gmt":"2026-01-19T15:04:03","slug":"biwin-mini-ssd","status":"publish","type":"product","link":"https:\/\/gpdstore.net\/lv\/product\/biwin-mini-ssd\/","title":{"rendered":"BIWIN Mini SSD"},"content":{"rendered":"\n<h2 class=\"wp-block-heading\"><strong>Atkl\u0101jiet ier\u012bces patieso potenci\u0101lu<\/strong><\/h2>\n\n<p>Elites tehnolo\u0123iju pasaul\u0113 \u0101trums ir vissvar\u012bg\u0101kais. BIWIN Mini SSD diskdzi\u0146\u0161 ir bezkompromisa jaudas apliecin\u0101jums, kas ir izstr\u0101d\u0101ts, izmantojot PCIe Gen4x2 tehnolo\u0123iju, lai sasniegtu satrieco\u0161u teor\u0113tisko \u0101trumu 3700 <strong>MB\/s.<\/strong><sup><\/sup> Tas nav tikai jaunin\u0101jums, t\u0101 ir revol\u016bcija iepakojum\u0101, kas ir maz\u0101ks par pastmarku. <\/p>\n\n<p>BIWIN Mini SSD ir atsl\u0113ga, lai atrais\u012btu ier\u012bces maksim\u0101lo glab\u0101\u0161anas \u0101trumu, kas nepiecie\u0161ams n\u0101kam\u0101s paaudzes portat\u012bvo datoru, piem\u0113ram, <a href=\"https:\/\/gpdstore.net\/lv\/product\/gpd-win-5\/\" target=\"_blank\" rel=\"noopener\" title=\"\">GPD WIN 5,<\/a> lietot\u0101jiem. Lai gan \u0161aj\u0101s ier\u012bc\u0113s tiek izmantots PCIe 4&#215;1 slots, m\u016bsu Mini SSD joproj\u0101m nodro\u0161ina elpu aizraujo\u0161u ~ <strong> 1700 MB\/s re\u0101lo veiktsp\u0113ju<\/strong> &#8211; t\u0101 p\u0101rsp\u0113j jebkuras microSD kartes \u0101trumu un nodro\u0161ina, ka j\u016bsu sp\u0113les iel\u0101d\u0113jas zibspuldz\u0113.<\/p>\n\n<p>T\u0101 IP68 <strong>\u016bdensiztur\u012bba un<\/strong> <strong>3 metru kritiena iztur\u012bba<\/strong> noz\u012bm\u0113, ka \u0161\u012b jauda ir apvienota ar le\u0123end\u0101ro iztur\u012bbu.<sup><\/sup> BIWIN Mini SSD ir l\u012bdz <strong>2 TB ietilp\u012bbas<\/strong>, un tas ir lab\u0101kais bezkompromisu datu glab\u0101\u0161anas risin\u0101jums tiem, kas pieprasa vislab\u0101ko.<\/p>\n","protected":false},"excerpt":{"rendered":"<ul>\n<li>Saskarne: <strong>PCIe Gen4x2 ar<\/strong> **NVMe 1.4** protokolu.<\/li>\n<li>Veidnes faktors: <strong>\u012apa\u0161i kompakta LGA iepakojums (<\/strong> 15,0 mm \u00d7 17,0 mm \u00d7 1,4 mm).<\/li>\n<li>Veiktsp\u0113ja: L\u012bdz **3 700 MB\/s nolas\u012b\u0161anai** \/ l\u012bdz **3 400 MB\/s ierakst\u012b\u0161anai**<\/li>\n<li>Kapacit\u0101te: 512 GB, 1 TB vai 2 TB 3D TLC NAND.<\/li>\n<li>Iztur\u012bba: Iztur\u012bba: <strong>IP68<\/strong> iztur\u012bba pret <strong>putek\u013ciem<\/strong> un \u016bdeni \/ **3 metru kritiens**.<\/li>\n<li>Tehnolo\u0123ija: Dinamisk\u0101 **SLC ke\u0161atmi\u0146a** un **Nolietojuma izl\u012bdzin\u0101\u0161ana**<\/li>\n<\/ul>\n[cg_accordion title=\"INFORM\u0100CIJA PAR MAKS\u0100JUMU\"]<\/p>\n<p>M\u0113s izmantojam jaun\u0101k\u0101s tehnolo\u0123ijas maks\u0101jumu apstr\u0101d\u0113, kas \u013cauj jums \u0101tri un dro\u0161i nor\u0113\u0137in\u0101ties, izmantojot debetkarti\/kred\u012btkarti vai PayPal.[\/cg_accordion]\n[cg_accordion title=\"GARANTIJA\"]<\/p>\n<p>2 gadu garantija no <a href=\"https:\/\/droix.net\/\" target=\"_blank\" rel=\"nofollow noopener\">DROIX Global, lai<\/a> j\u016bs b\u016btu mier\u0101.[\/cg_accordion]\n[cg_accordion title=\"KVALIT\u0100TES NODRO\u0160IN\u0100\u0160ANA UN PIRMSNOS\u016aT\u012a\u0160ANAS TEST\u0112\u0160ANA\"]<\/p>\n<p>Klientu apmierin\u0101t\u012bbas nodro\u0161in\u0101\u0161ana augst\u0101kaj\u0101 l\u012bmen\u012b: Katra ier\u012bce pirms nos\u016bt\u012b\u0161anas tiek r\u016bp\u012bgi test\u0113ta un p\u0101rbaud\u012bta vair\u0101kos kvalit\u0101tes nodro\u0161in\u0101\u0161anas punktos. M\u016bsu komanda p\u0101rbauda veiktsp\u0113ju, funkcionalit\u0101ti un komponentu integrit\u0101ti, lai garant\u0113tu, ka j\u016bsu GPD ier\u012bce ir ide\u0101l\u0101 darba k\u0101rt\u012bb\u0101, kad t\u0101 tiek pieg\u0101d\u0101ta, nodro\u0161inot jums p\u0101rliec\u012bbu un sirdsmieru. [\/cg_accordion]\n[cg_accordion title=\"CENAS, NODOK\u013bI UN PIEG\u0100DE\"]<\/p>\n<p><strong><u>Piez\u012bme:<\/u><\/strong><\/p>\n<ul>\n<li>Amerikas Savienot\u0101s Valstis Klienti: Klientiem, kas ieg\u0101d\u0101jas preces, nor\u0101d\u012bt\u0101 cena neietver ne nodokli, ne nodevas. Atbild\u012bba par muito\u0161anu un saist\u012bto nodok\u013cu\/muitas nodok\u013cu nomaksu gulstas uz klientu pleciem. <\/li>\n<li>ES klienti: Atkar\u012bb\u0101 no j\u016bsu valsts, nor\u0101d\u012bt\u0101 cena ietver piem\u0113rojamo nodokli, kas var b\u016bt l\u012bdz 25%.<\/li>\n<li>Kan\u0101das klienti: Atkar\u012bb\u0101 no j\u016bsu provinces nor\u0101d\u012btaj\u0101 cen\u0101 ir iek\u013cauti piem\u0113rojamie nodok\u013ci, kas var ietvert 5% GST un papildu provinces p\u0101rdo\u0161anas nodokli (PST), saska\u0146oto p\u0101rdo\u0161anas nodokli (HST) vai Kvebekas p\u0101rdo\u0161anas nodokli (QST).<\/li>\n<\/ul>\n<p>M\u016bsu ASV klientiem: Pas\u016bt\u012bjumi tiek nos\u016bt\u012bti DAP (Delivered At Place). Lai gan klienti ir atbild\u012bgi par visu piem\u0113rojamo tarifu samaksu, m\u0113s izmantojam savu pla\u0161o pieredzi s\u016bt\u012bjumos no Apvienot\u0101s Karalistes, lai nodro\u0161in\u0101tu, ka maks\u0101jat p\u0113c iesp\u0113jas maz\u0101k. Pamatojoties uz m\u016bsu uzskaites datiem, \u0161ie maks\u0101jumi parasti nep\u0101rsniedz 10 % no preces v\u0113rt\u012bbas.  <\/p>\n<p><strong>Tikai ES klientiem:<\/strong> Express DDP (pieg\u0101de ar samaks\u0101tu muitas nodokli). Tas noz\u012bm\u0113: <\/p>\n<ul>\n<li>Visas muitas nodevas un nodok\u013ci ir iek\u013cauti produkta lap\u0101 nor\u0101d\u012btaj\u0101 cen\u0101.<\/li>\n<li>Pieg\u0101des br\u012bd\u012b jums neb\u016bs j\u0101maks\u0101 papildu maksa.<\/li>\n<li>Retos gad\u012bjumos, kad rodas ar muitu saist\u012btas probl\u0113mas, m\u016bsu komanda j\u016bsu v\u0101rd\u0101 veiks muito\u0161anas procesu, lai nodro\u0161in\u0101tu netrauc\u0113tu pieg\u0101di.<\/li>\n<p>Svar\u012bga inform\u0101cija par atgrie\u0161anu:<\/p>\n<li>Ja nolemjat atgriezt pas\u016bt\u012bjumu vai piepras\u012bt atmaksu, l\u016bdzu, \u0146emiet v\u0113r\u0101, ka nodok\u013ci un nodevas, kas samaks\u0101ti j\u016bsu v\u0101rd\u0101 saska\u0146\u0101 ar DDP noteikumiem, nevar tikt atmaks\u0101ti.<\/li>\n<p>S\u012bk\u0101ku inform\u0101ciju skatiet m\u016bsu <a href=\"https:\/\/droix.net\/terms-and-conditions\/\" target=\"_blank\" rel=\"nofollow noopener\">Noteikumos un nosac\u012bjumos<\/a>.\n<\/ul>\n<p>[\/cg_accordion]\n[cg_accordion title=\"KLIENTU ATBALSTS\"]<\/p>\n<p>Jums ir jaut\u0101jums? M\u0113s esam \u012bs\u0101 teksta att\u0101lum\u0101 no j\u016bsu jaut\u0101juma atrisin\u0101\u0161anas! <\/p>\n<p>S\u012bk\u0101ku inform\u0101ciju skatiet m\u016bsu <a href=\"https:\/\/gpdstore.net\/lv\/terms-of-service\/\" target=\"_blank\" rel=\"nofollow noopener\">Noteikumos un nosac\u012bjumos<\/a>.\n<\/ul>\n<p>[\/cg_accordion]\n[cg_accordion title=\"KAS IEK\u013bAUTS\"]<\/p>\n<ul>\n<li>1x BIWIN Mini SSD<\/li>\n<\/ul>\n<p>[\/cg_accordion]\n","protected":false},"featured_media":1196751,"template":"","meta":{"_acf_changed":false},"product_brand":[],"product_cat":[5400],"product_tag":[],"woo-feed-brand":[],"class_list":{"0":"post-1199327","1":"product","2":"type-product","3":"status-publish","4":"has-post-thumbnail","6":"product_cat-aksesuari","7":"product_shipping_class-premium","8":"pa_brand-biwin","9":"pa_storage-capacity-1-tb-lv","10":"pa_storage-capacity-1tb-fr","11":"pa_storage-capacity-1tb","12":"pa_storage-capacity-2-tb-lv","13":"pa_storage-capacity-2tb-fr","14":"pa_storage-capacity-2tb","15":"pa_storage-capacity-512-gb-lv","16":"pa_storage-capacity-512gb-fr","17":"pa_storage-capacity-512gb","19":"first","20":"instock","21":"taxable","22":"shipping-taxable","23":"purchasable","24":"product-type-variable","25":"has-default-attributes"},"acf":[],"aioseo_notices":[],"_links":{"self":[{"href":"https:\/\/gpdstore.net\/lv\/wp-json\/wp\/v2\/product\/1199327","targetHints":{"allow":["GET"]}}],"collection":[{"href":"https:\/\/gpdstore.net\/lv\/wp-json\/wp\/v2\/product"}],"about":[{"href":"https:\/\/gpdstore.net\/lv\/wp-json\/wp\/v2\/types\/product"}],"wp:featuredmedia":[{"embeddable":true,"href":"https:\/\/gpdstore.net\/lv\/wp-json\/wp\/v2\/media\/1196751"}],"wp:attachment":[{"href":"https:\/\/gpdstore.net\/lv\/wp-json\/wp\/v2\/media?parent=1199327"}],"wp:term":[{"taxonomy":"product_brand","embeddable":true,"href":"https:\/\/gpdstore.net\/lv\/wp-json\/wp\/v2\/product_brand?post=1199327"},{"taxonomy":"product_cat","embeddable":true,"href":"https:\/\/gpdstore.net\/lv\/wp-json\/wp\/v2\/product_cat?post=1199327"},{"taxonomy":"product_tag","embeddable":true,"href":"https:\/\/gpdstore.net\/lv\/wp-json\/wp\/v2\/product_tag?post=1199327"},{"taxonomy":"woo-feed-brand","embeddable":true,"href":"https:\/\/gpdstore.net\/lv\/wp-json\/wp\/v2\/woo-feed-brand?post=1199327"}],"curies":[{"name":"wp","href":"https:\/\/api.w.org\/{rel}","templated":true}]}}