{"id":1069310,"date":"2025-01-27T10:09:41","date_gmt":"2025-01-27T10:09:41","guid":{"rendered":"https:\/\/gpdstore.net\/?post_type=product&#038;p=1069310"},"modified":"2026-03-29T00:52:00","modified_gmt":"2026-03-29T00:52:00","slug":"gpd-win-mini-grips-2025","status":"publish","type":"product","link":"https:\/\/gpdstore.net\/lv\/product\/gpd-win-mini-grips-2025\/","title":{"rendered":"GPD WIN Mini rokturi 2025"},"content":{"rendered":"\n<h2 class=\"wp-block-heading\">Produkta p\u0101rskats:<\/h2>\n\n<p><strong>GPD Win Mini Grips 2025<\/strong> ir izstr\u0101d\u0101tas, lai nodro\u0161in\u0101tu liel\u0101ku komfortu un kontroli sp\u0113\u013cu sesij\u0101s. \u0160ie ergonomiskie rokturi bez probl\u0113m\u0101m piestiprin\u0101s pie GPD Win Mini, nodro\u0161inot dro\u0161u un \u0113rtu satv\u0113rienu, samazinot nogurumu un nodro\u0161inot prec\u012bzu kontroli ilgsto\u0161as sp\u0113l\u0113\u0161anas laik\u0101. <\/p>\n\n<ol class=\"wp-block-list\">\n<li><strong>Ergonomisks dizains<\/strong> maksim\u0101lam komfortam sp\u0113les laik\u0101.<\/li>\n\n\n\n<li><strong>Ide\u0101li piem\u0113rots<\/strong> GPD Win Mini konsolei.<\/li>\n\n\n\n<li>Iztur\u012bgs materi\u0101ls <strong>ilgsto\u0161ai lieto\u0161anai<\/strong>.<\/li>\n\n\n\n<li>Viegli piestiprin\u0101ms un no\u0146emams <strong>\u0101trai uzst\u0101d\u012b\u0161anai<\/strong>.<\/li>\n\n\n\n<li>Uzlabots satv\u0113riens <strong>lab\u0101kai kontrolei un precizit\u0101tei<\/strong>.<\/li>\n<\/ol>\n\n<hr class=\"wp-block-separator has-alpha-channel-opacity\"\/>\n\n<h2 class=\"wp-block-heading\">K\u0101p\u0113c izv\u0113l\u0113ties GPD Win Mini Grips 2025?<\/h2>\n\n<p>Neatkar\u012bgi no t\u0101, vai c\u012bn\u0101ties intens\u012bv\u0101s vair\u0101ku sp\u0113l\u0113t\u0101ju sp\u0113l\u0113s vai izbaud\u0101t garas viena sp\u0113l\u0113t\u0101ja kampa\u0146as, GPD Win Mini Grips 2025 nodro\u0161ina aizraujo\u0161\u0101ku un \u0113rt\u0101ku sp\u0113l\u0113\u0161anas pieredzi. To ergonomiskais dizains un dro\u0161a piegu\u013c\u0161ana nodro\u0161ina, ka varat sp\u0113l\u0113t stund\u0101m ilgi, neizj\u016btot diskomfortu un nesl\u012bdot.<\/p>\n\n<hr class=\"wp-block-separator has-alpha-channel-opacity\"\/>\n\n<h2 class=\"wp-block-heading\">Specifik\u0101cijas:<\/h2>\n\n<ul class=\"wp-block-list\">\n<li><strong>Materi\u0101ls:<\/strong> Iztur\u012bga plastmasa ar ergonomisku tekstur\u0113tu virsmu<\/li>\n\n\n\n<li><strong>Savietojam\u012bba:<\/strong> GPD Win Mini 2025 konsole<\/li>\n\n\n\n<li><strong>Funkcijas:<\/strong> Viegls, iztur\u012bgs un viegli piestiprin\u0101ms<\/li>\n<\/ul>\n\n<p>Uzlabojiet savu GPD Win Mini ar \u0161iem rokturiem, lai sp\u0113l\u0113\u0161ana b\u016btu \u0113rta un prec\u012bza &#8211; jo katrs g\u0101jiens ir svar\u012bgs!<\/p>\n\n<p><\/p>\n","protected":false},"excerpt":{"rendered":"<ul>\n<li><strong>Ergonomisks dizains<\/strong> maksim\u0101lam komfortam sp\u0113les laik\u0101.<\/li>\n<li><strong>Ide\u0101li piem\u0113rots<\/strong> GPD Win Mini konsolei.<\/li>\n<li>Iztur\u012bgs materi\u0101ls <strong>ilgsto\u0161ai lieto\u0161anai<\/strong>.<\/li>\n<li>Viegli piestiprin\u0101ms un no\u0146emams <strong>\u0101trai uzst\u0101d\u012b\u0161anai<\/strong>.<\/li>\n<li>Uzlabots satv\u0113riens <strong>lab\u0101kai kontrolei un precizit\u0101tei<\/strong>.<\/li>\n<\/ul>\n[cg_accordion title=\"INFORM\u0100CIJA PAR MAKS\u0100JUMU\"]<\/p>\n<p>M\u0113s izmantojam jaun\u0101k\u0101s tehnolo\u0123ijas maks\u0101jumu apstr\u0101d\u0113, kas \u013cauj jums \u0101tri un dro\u0161i nor\u0113\u0137in\u0101ties, izmantojot debetkarti\/kred\u012btkarti vai PayPal.[\/cg_accordion]\n[cg_accordion title=\"GARANTIJA\"]<\/p>\n<p>2 gadu garantija no <a href=\"https:\/\/droix.net\/\" target=\"_blank\" rel=\"nofollow noopener\">DROIX Global, lai<\/a> j\u016bs b\u016btu mier\u0101.[\/cg_accordion]\n[cg_accordion title=\"KVALIT\u0100TES NODRO\u0160IN\u0100\u0160ANA UN PIRMSNOS\u016aT\u012a\u0160ANAS TEST\u0112\u0160ANA\"]<\/p>\n<p>Klientu apmierin\u0101t\u012bbas nodro\u0161in\u0101\u0161ana augst\u0101kaj\u0101 l\u012bmen\u012b: Katra ier\u012bce pirms nos\u016bt\u012b\u0161anas tiek r\u016bp\u012bgi test\u0113ta un p\u0101rbaud\u012bta vair\u0101kos kvalit\u0101tes nodro\u0161in\u0101\u0161anas punktos. M\u016bsu komanda p\u0101rbauda veiktsp\u0113ju, funkcionalit\u0101ti un komponentu integrit\u0101ti, lai garant\u0113tu, ka j\u016bsu GPD ier\u012bce ir ide\u0101l\u0101 darba k\u0101rt\u012bb\u0101, kad t\u0101 tiek pieg\u0101d\u0101ta, nodro\u0161inot jums p\u0101rliec\u012bbu un sirdsmieru. [\/cg_accordion]\n[cg_accordion title=\"CENAS, NODOK\u013bI UN PIEG\u0100DE\"]<\/p>\n<p><strong><u>Piez\u012bme:<\/u><\/strong><\/p>\n<ul>\n<li>Amerikas Savienot\u0101s Valstis Klienti: Klientiem, kas ieg\u0101d\u0101jas preces, nor\u0101d\u012bt\u0101 cena neietver ne nodokli, ne nodevas. Atbild\u012bba par muito\u0161anu un saist\u012bto nodok\u013cu\/muitas nodok\u013cu nomaksu gulstas uz klientu pleciem. <\/li>\n<li>ES klienti: Atkar\u012bb\u0101 no j\u016bsu valsts, nor\u0101d\u012bt\u0101 cena ietver piem\u0113rojamo nodokli, kas var b\u016bt l\u012bdz 25%.<\/li>\n<li>Kan\u0101das klienti: Atkar\u012bb\u0101 no j\u016bsu provinces nor\u0101d\u012btaj\u0101 cen\u0101 ir iek\u013cauti piem\u0113rojamie nodok\u013ci, kas var ietvert 5% GST un papildu provinces p\u0101rdo\u0161anas nodokli (PST), saska\u0146oto p\u0101rdo\u0161anas nodokli (HST) vai Kvebekas p\u0101rdo\u0161anas nodokli (QST).<\/li>\n<\/ul>\n<p>M\u016bsu ASV klientiem: Pas\u016bt\u012bjumi tiek nos\u016bt\u012bti DAP (Delivered At Place). Lai gan klienti ir atbild\u012bgi par visu piem\u0113rojamo tarifu samaksu, m\u0113s izmantojam savu pla\u0161o pieredzi s\u016bt\u012bjumos no Apvienot\u0101s Karalistes, lai nodro\u0161in\u0101tu, ka maks\u0101jat p\u0113c iesp\u0113jas maz\u0101k. Pamatojoties uz m\u016bsu uzskaites datiem, \u0161ie maks\u0101jumi parasti nep\u0101rsniedz 10 % no preces v\u0113rt\u012bbas.  <\/p>\n<p><strong>Tikai ES klientiem:<\/strong> Express DDP (pieg\u0101de ar samaks\u0101tu muitas nodokli). Tas noz\u012bm\u0113: <\/p>\n<ul>\n<li>Visas muitas nodevas un nodok\u013ci ir iek\u013cauti produkta lap\u0101 nor\u0101d\u012btaj\u0101 cen\u0101.<\/li>\n<li>Pieg\u0101des br\u012bd\u012b jums neb\u016bs j\u0101maks\u0101 papildu maksa.<\/li>\n<li>Retos gad\u012bjumos, kad rodas ar muitu saist\u012btas probl\u0113mas, m\u016bsu komanda j\u016bsu v\u0101rd\u0101 veiks muito\u0161anas procesu, lai nodro\u0161in\u0101tu netrauc\u0113tu pieg\u0101di.<\/li>\n<p>Svar\u012bga inform\u0101cija par atgrie\u0161anu:<\/p>\n<li>Ja nolemjat atgriezt pas\u016bt\u012bjumu vai piepras\u012bt atmaksu, l\u016bdzu, \u0146emiet v\u0113r\u0101, ka nodok\u013ci un nodevas, kas samaks\u0101ti j\u016bsu v\u0101rd\u0101 saska\u0146\u0101 ar DDP noteikumiem, nevar tikt atmaks\u0101ti.<\/li>\n<p>S\u012bk\u0101ku inform\u0101ciju skatiet m\u016bsu <a href=\"https:\/\/droix.net\/terms-and-conditions\/\" target=\"_blank\" rel=\"nofollow noopener\">Noteikumos un nosac\u012bjumos<\/a>.\n<\/ul>\n<p>[\/cg_accordion]\n[cg_accordion title=\"KLIENTU ATBALSTS\"]<\/p>\n<p>Jums ir jaut\u0101jums? M\u0113s esam \u012bs\u0101 teksta att\u0101lum\u0101 no j\u016bsu jaut\u0101juma atrisin\u0101\u0161anas! <\/p>\n<p>S\u012bk\u0101ku inform\u0101ciju skatiet m\u016bsu <a href=\"https:\/\/gpdstore.net\/lv\/terms-of-service\/\" target=\"_blank\" rel=\"nofollow noopener\">Noteikumos un nosac\u012bjumos<\/a>.\n<\/ul>\n<p>[\/cg_accordion]\n[cg_accordion title=\"KAS IEK\u013bAUTS\"]<\/p>\n<ul>\n<li>1x GPD WIN Mini Grips 2025<\/li>\n<\/ul>\n<p>[\/cg_accordion]\n","protected":false},"featured_media":1069347,"template":"","meta":{"_acf_changed":false},"product_brand":[],"product_cat":[5400],"product_tag":[],"woo-feed-brand":[5825],"class_list":{"0":"post-1069310","1":"product","2":"type-product","3":"status-publish","4":"has-post-thumbnail","6":"product_cat-aksesuari","7":"product_shipping_class-low-end","8":"pa_accessory-type-rokturis","9":"pa_brand-gpd","10":"woo-feed-brand-gpd-lv","12":"first","13":"instock","14":"sale","15":"taxable","16":"shipping-taxable","17":"purchasable","18":"product-type-simple"},"acf":[],"aioseo_notices":[],"_links":{"self":[{"href":"https:\/\/gpdstore.net\/lv\/wp-json\/wp\/v2\/product\/1069310","targetHints":{"allow":["GET"]}}],"collection":[{"href":"https:\/\/gpdstore.net\/lv\/wp-json\/wp\/v2\/product"}],"about":[{"href":"https:\/\/gpdstore.net\/lv\/wp-json\/wp\/v2\/types\/product"}],"wp:featuredmedia":[{"embeddable":true,"href":"https:\/\/gpdstore.net\/lv\/wp-json\/wp\/v2\/media\/1069347"}],"wp:attachment":[{"href":"https:\/\/gpdstore.net\/lv\/wp-json\/wp\/v2\/media?parent=1069310"}],"wp:term":[{"taxonomy":"product_brand","embeddable":true,"href":"https:\/\/gpdstore.net\/lv\/wp-json\/wp\/v2\/product_brand?post=1069310"},{"taxonomy":"product_cat","embeddable":true,"href":"https:\/\/gpdstore.net\/lv\/wp-json\/wp\/v2\/product_cat?post=1069310"},{"taxonomy":"product_tag","embeddable":true,"href":"https:\/\/gpdstore.net\/lv\/wp-json\/wp\/v2\/product_tag?post=1069310"},{"taxonomy":"woo-feed-brand","embeddable":true,"href":"https:\/\/gpdstore.net\/lv\/wp-json\/wp\/v2\/woo-feed-brand?post=1069310"}],"curies":[{"name":"wp","href":"https:\/\/api.w.org\/{rel}","templated":true}]}}