{"id":1062076,"date":"2025-01-09T09:45:24","date_gmt":"2025-01-09T09:45:24","guid":{"rendered":"https:\/\/gpdstore.net\/?post_type=product&#038;p=1062076"},"modified":"2026-03-29T00:40:18","modified_gmt":"2026-03-29T00:40:18","slug":"gpd-win-max-2-2025-4g-lte-add-on","status":"publish","type":"product","link":"https:\/\/gpdstore.net\/lv\/product\/gpd-win-max-2-2025-4g-lte-add-on\/","title":{"rendered":"GPD WIN MAX 2025 4G LTE papildin\u0101jums"},"content":{"rendered":"\n<h2 class=\"wp-block-heading\">Izbaudiet patiesu p\u0101rn\u0113s\u0101jam\u012bbu ar 4G LTE modu\u013ca papildin\u0101jumu GPD WIN MAX 2 (2025)<\/h2>\n\n<p>P\u0101rveidojiet savu <a href=\"https:\/\/gpdstore.net\/gpd-win-max-2-2025-review\/gpd-win-max-2-2025\/\" target=\"_blank\" rel=\"noreferrer noopener\">GPD WIN MAX 2 (2025) par<\/a> lielisku portat\u012bvo sp\u0113\u013cu un produktivit\u0101tes ier\u012bci, izmantojot papildu 4G LTE moduli. Izstr\u0101d\u0101ts tikai \u0161ai ier\u012bcei, modulis nodro\u0161ina nevainojamu savienojam\u012bbu, \u013caujot jums b\u016bt tie\u0161saist\u0113 jebkur\u0101 laik\u0101 un jebkur\u0101 viet\u0101. <\/p>\n\n<p>\u0160is modulis, kas izstr\u0101d\u0101ts, dom\u0101jot par precizit\u0101ti un lieto\u0161anas \u0113rtumu, atbalsta pla\u0161u t\u012bklu kl\u0101stu, tostarp <strong>4G TD-LTE, FDD-LTE un 3G CDMA<\/strong>, nodro\u0161inot nep\u0101rsp\u0113jamu univers\u0101lumu un glob\u0101lo savietojam\u012bbu. Nav nepiecie\u0161ama demont\u0101\u017ea vai sare\u017e\u0123\u012bta uzst\u0101d\u012b\u0161ana &#8211; aizmugur\u0113 novietot\u0101 4G modu\u013ca ligzda \u013cauj veikt \u0101tru un vienk\u0101r\u0161u uzst\u0101d\u012b\u0161anu. <\/p>\n\n<p>Neatkar\u012bgi no t\u0101, vai sp\u0113l\u0113jat sp\u0113les, str\u0101d\u0101jat vai straum\u0113jat, 4G LTE modulis nodro\u0161ina stabilu, \u0101trdarb\u012bgu veiktsp\u0113ju, kas ir l\u012bdzv\u0113rt\u012bga parastajiem kl\u0113pjdatoriem. Ar \u0161o b\u016btisko piederumu varat baud\u012bt nep\u0101rtrauktu sp\u0113l\u0113\u0161anu un produktivit\u0101ti pat sare\u017e\u0123\u012btos scen\u0101rijos vai atrodoties ce\u013c\u0101.<\/p>\n\n<h4 class=\"wp-block-heading\">Funkcijas:<\/h4>\n\n<ul class=\"wp-block-list\">\n<li><strong>M\u0113r\u0137tiec\u012bgi veidots dizains:<\/strong> Izstr\u0101d\u0101ts tikai GPD WIN MAX 2 (2025), lai nodro\u0161in\u0101tu perfektu piegulumu un nevainojamu funkcionalit\u0101ti.<\/li>\n\n\n\n<li><strong>Dro\u0161a savienojam\u012bba<\/strong>: Tas nodro\u0161ina \u0101trdarb\u012bgu 4G LTE piek\u013cuvi, t\u0101p\u0113c ir ide\u0101li piem\u0113rots sp\u0113l\u0113m, straum\u0113\u0161anai un darbam.<\/li>\n\n\n\n<li><strong>Glob\u0101lais t\u012bkla atbalsts<\/strong>: Sader\u012bgs ar 4G TD-LTE, FDD-LTE un 3G CDMA, lai to var\u0113tu izmantot vis\u0101 pasaul\u0113.<\/li>\n\n\n\n<li><strong>Viegla uzst\u0101d\u012b\u0161ana<\/strong>: \u0100tra un dro\u0161a uzst\u0101d\u012b\u0161ana, izmantojot aizmugur\u0113 novietoto 4G modu\u013ca slotu.<\/li>\n<\/ul>\n\n<h4 class=\"wp-block-heading\">Pazi\u0146ojumi:<\/h4>\n\n<ol class=\"wp-block-list\">\n<li>\u0160is piederums <strong>nav sader\u012bgs<\/strong> ar iepriek\u0161\u0113jiem GPD WIN Max s\u0113rijas mode\u013ciem, tostarp <strong>2024, 2023 un 2021 versiju<\/strong>. Tas ir paredz\u0113ts tikai modelim <strong>GPD WIN Max 2 (2025<\/strong>). <\/li>\n\n\n\n<li>L\u016bdzu, pirms ieg\u0101des p\u0101rbaudiet ier\u012bces mode\u013ca gadu, lai p\u0101rliecin\u0101tos par sader\u012bbu.<\/li>\n<\/ol>\n","protected":false},"excerpt":{"rendered":"<ul>\n<li>Speci\u0101li izstr\u0101d\u0101ts GPD WIN MAX 2 (2025)<\/li>\n<li>Atbalsta &#8211; 4G TD-LTE, FDD-LTE, 3G CDMA.<\/li>\n<li>4G TD-LTE, FDD-LTE un 3G CDMA atbalsts<\/li>\n<li>Nano-SIM slots \u0113rtai lieto\u0161anai<\/li>\n<li>Quectel EG25-G modelis<\/li>\n<\/ul>\n<pre><b>SVAR\u012aGI<\/b>\nUZST\u0100D\u012a\u0160ANAI NEPIECIE\u0160AMA IER\u012aCES ATV\u0112R\u0160ANA\nKOMPONENTI IR MAZI UN DELIK\u0100TI.\nM\u0112S NEESAM ATBILD\u012aGI PAR JEBK\u0100DIEM KLIENTA BOJ\u0100JUMIEM<\/pre>\n[cg_accordion title=\"INFORM\u0100CIJA PAR MAKS\u0100JUMU\"]<\/p>\n<p>M\u0113s izmantojam jaun\u0101k\u0101s tehnolo\u0123ijas maks\u0101jumu apstr\u0101d\u0113, kas \u013cauj jums \u0101tri un dro\u0161i nor\u0113\u0137in\u0101ties, izmantojot debetkarti\/kred\u012btkarti vai PayPal.[\/cg_accordion]\n[cg_accordion title=\"GARANTIJA\"]<\/p>\n<p>2 gadu garantija no <a href=\"https:\/\/droix.net\/\" target=\"_blank\" rel=\"nofollow noopener\">DROIX Global, lai<\/a> j\u016bs b\u016btu mier\u0101.[\/cg_accordion]\n[cg_accordion title=\"KVALIT\u0100TES NODRO\u0160IN\u0100\u0160ANA UN PIRMSNOS\u016aT\u012a\u0160ANAS TEST\u0112\u0160ANA\"]<\/p>\n<p>Klientu apmierin\u0101t\u012bbas nodro\u0161in\u0101\u0161ana augst\u0101kaj\u0101 l\u012bmen\u012b: Katra ier\u012bce pirms nos\u016bt\u012b\u0161anas tiek r\u016bp\u012bgi test\u0113ta un p\u0101rbaud\u012bta vair\u0101kos kvalit\u0101tes nodro\u0161in\u0101\u0161anas punktos. M\u016bsu komanda p\u0101rbauda veiktsp\u0113ju, funkcionalit\u0101ti un komponentu integrit\u0101ti, lai garant\u0113tu, ka j\u016bsu GPD ier\u012bce ir ide\u0101l\u0101 darba k\u0101rt\u012bb\u0101, kad t\u0101 tiek pieg\u0101d\u0101ta, nodro\u0161inot jums p\u0101rliec\u012bbu un sirdsmieru. [\/cg_accordion]\n[cg_accordion title=\"CENAS, NODOK\u013bI UN PIEG\u0100DE\"]<\/p>\n<p><strong><u>Piez\u012bme:<\/u><\/strong><\/p>\n<ul>\n<li>Amerikas Savienot\u0101s Valstis Klienti: Klientiem, kas ieg\u0101d\u0101jas preces, nor\u0101d\u012bt\u0101 cena neietver ne nodokli, ne nodevas. Atbild\u012bba par muito\u0161anu un saist\u012bto nodok\u013cu\/muitas nodok\u013cu nomaksu gulstas uz klientu pleciem. <\/li>\n<li>ES klienti: Atkar\u012bb\u0101 no j\u016bsu valsts, nor\u0101d\u012bt\u0101 cena ietver piem\u0113rojamo nodokli, kas var b\u016bt l\u012bdz 25%.<\/li>\n<li>Kan\u0101das klienti: Atkar\u012bb\u0101 no j\u016bsu provinces nor\u0101d\u012btaj\u0101 cen\u0101 ir iek\u013cauti piem\u0113rojamie nodok\u013ci, kas var ietvert 5% GST un papildu provinces p\u0101rdo\u0161anas nodokli (PST), saska\u0146oto p\u0101rdo\u0161anas nodokli (HST) vai Kvebekas p\u0101rdo\u0161anas nodokli (QST).<\/li>\n<\/ul>\n<p>M\u016bsu ASV klientiem: Pas\u016bt\u012bjumi tiek nos\u016bt\u012bti DAP (Delivered At Place). Lai gan klienti ir atbild\u012bgi par visu piem\u0113rojamo tarifu samaksu, m\u0113s izmantojam savu pla\u0161o pieredzi s\u016bt\u012bjumos no Apvienot\u0101s Karalistes, lai nodro\u0161in\u0101tu, ka maks\u0101jat p\u0113c iesp\u0113jas maz\u0101k. Pamatojoties uz m\u016bsu uzskaites datiem, \u0161ie maks\u0101jumi parasti nep\u0101rsniedz 10 % no preces v\u0113rt\u012bbas.  <\/p>\n<p><strong>Tikai ES klientiem:<\/strong> Express DDP (pieg\u0101de ar samaks\u0101tu muitas nodokli). Tas noz\u012bm\u0113: <\/p>\n<ul>\n<li>Visas muitas nodevas un nodok\u013ci ir iek\u013cauti produkta lap\u0101 nor\u0101d\u012btaj\u0101 cen\u0101.<\/li>\n<li>Pieg\u0101des br\u012bd\u012b jums neb\u016bs j\u0101maks\u0101 papildu maksa.<\/li>\n<li>Retos gad\u012bjumos, kad rodas ar muitu saist\u012btas probl\u0113mas, m\u016bsu komanda j\u016bsu v\u0101rd\u0101 veiks muito\u0161anas procesu, lai nodro\u0161in\u0101tu netrauc\u0113tu pieg\u0101di.<\/li>\n<p>Svar\u012bga inform\u0101cija par atgrie\u0161anu:<\/p>\n<li>Ja nolemjat atgriezt pas\u016bt\u012bjumu vai piepras\u012bt atmaksu, l\u016bdzu, \u0146emiet v\u0113r\u0101, ka nodok\u013ci un nodevas, kas samaks\u0101ti j\u016bsu v\u0101rd\u0101 saska\u0146\u0101 ar DDP noteikumiem, nevar tikt atmaks\u0101ti.<\/li>\n<p>S\u012bk\u0101ku inform\u0101ciju skatiet m\u016bsu <a href=\"https:\/\/droix.net\/terms-and-conditions\/\" target=\"_blank\" rel=\"nofollow noopener\">Noteikumos un nosac\u012bjumos<\/a>.\n<\/ul>\n<p>[\/cg_accordion]\n[cg_accordion title=\"KLIENTU ATBALSTS\"]<\/p>\n<p>Jums ir jaut\u0101jums? M\u0113s esam \u012bs\u0101 teksta att\u0101lum\u0101 no j\u016bsu jaut\u0101juma atrisin\u0101\u0161anas! <\/p>\n<p>S\u012bk\u0101ku inform\u0101ciju skatiet m\u016bsu <a href=\"https:\/\/gpdstore.net\/lv\/terms-of-service\/\" target=\"_blank\" rel=\"nofollow noopener\">Noteikumos un nosac\u012bjumos<\/a>.\n<\/ul>\n<p>[\/cg_accordion]\n[cg_accordion title=\"KAS IEK\u013bAUTS\"]<\/p>\n<ul>\n<li>1x GPD WIN MAX 2 2025 LTE modulis<\/li>\n<\/ul>\n<p>[\/cg_accordion]\n","protected":false},"featured_media":109784,"template":"","meta":{"_acf_changed":false},"product_brand":[],"product_cat":[5400],"product_tag":[15819,6086],"woo-feed-brand":[],"class_list":{"0":"post-1062076","1":"product","2":"type-product","3":"status-publish","4":"has-post-thumbnail","6":"product_cat-aksesuari","7":"product_tag-20xmsale-lv-2","8":"product_tag-gpd-wm2-piederums","9":"product_shipping_class-low-end","10":"pa_accessory-type-papildinajumi","11":"pa_brand-gpd","13":"first","14":"instock","15":"sale","16":"taxable","17":"shipping-taxable","18":"purchasable","19":"product-type-simple"},"acf":[],"aioseo_notices":[],"_links":{"self":[{"href":"https:\/\/gpdstore.net\/lv\/wp-json\/wp\/v2\/product\/1062076","targetHints":{"allow":["GET"]}}],"collection":[{"href":"https:\/\/gpdstore.net\/lv\/wp-json\/wp\/v2\/product"}],"about":[{"href":"https:\/\/gpdstore.net\/lv\/wp-json\/wp\/v2\/types\/product"}],"wp:featuredmedia":[{"embeddable":true,"href":"https:\/\/gpdstore.net\/lv\/wp-json\/wp\/v2\/media\/109784"}],"wp:attachment":[{"href":"https:\/\/gpdstore.net\/lv\/wp-json\/wp\/v2\/media?parent=1062076"}],"wp:term":[{"taxonomy":"product_brand","embeddable":true,"href":"https:\/\/gpdstore.net\/lv\/wp-json\/wp\/v2\/product_brand?post=1062076"},{"taxonomy":"product_cat","embeddable":true,"href":"https:\/\/gpdstore.net\/lv\/wp-json\/wp\/v2\/product_cat?post=1062076"},{"taxonomy":"product_tag","embeddable":true,"href":"https:\/\/gpdstore.net\/lv\/wp-json\/wp\/v2\/product_tag?post=1062076"},{"taxonomy":"woo-feed-brand","embeddable":true,"href":"https:\/\/gpdstore.net\/lv\/wp-json\/wp\/v2\/woo-feed-brand?post=1062076"}],"curies":[{"name":"wp","href":"https:\/\/api.w.org\/{rel}","templated":true}]}}